{"id":17565,"date":"2025-11-26T07:02:08","date_gmt":"2025-11-26T08:02:08","guid":{"rendered":"https:\/\/autobarbosa.com\/produto\/kit-de-tubos-travoes-maia-goodrigde-rodas-frt-e-tras-peugeot-106-citroen-saxo\/"},"modified":"2026-04-15T19:01:59","modified_gmt":"2026-04-15T19:01:59","slug":"kit-de-tubos-travoes-maia-goodrigde-rodas-frt-e-tras-peugeot-106-citroen-saxo","status":"publish","type":"product","link":"https:\/\/autobarbosa.com\/fr\/produto\/kit-de-tubos-travoes-maia-goodrigde-rodas-frt-e-tras-peugeot-106-citroen-saxo\/","title":{"rendered":"KIT DE TUBOS TRAVOES MAIA  GOODRIGDE &#8211; RODAS FRT E TRAS &#8211; PEUGEOT 106 &#8211; CITROEN SAXO"},"content":{"rendered":"<p>Kit de tubos de trav\u00f5es GOODRIDGE para CITROEN Saxo<br \/>\nKits de tubos de trav\u00f5es GOODRIDGE de alta qualidade, montados e prontos para instala\u00e7\u00e3o no seu ve\u00edculo.<br \/>\nA instala\u00e7\u00e3o de mangueiras de avia\u00e7\u00e3o tran\u00e7adas em a\u00e7o inoxid\u00e1vel garante uma frenagem mais eficiente e dur\u00e1vel.<br \/>\n\u00d3tima resist\u00eancia ao calor causado por frenagens potentes e repetidas. Essas mangueiras de avia\u00e7\u00e3o tran\u00e7adas proporcionam melhor sensa\u00e7\u00e3o do pedal, mesmo em condi\u00e7\u00f5es extremas.<br \/>\nResistente a choques e desgastes, este kit homologado contribuir\u00e1 para a seguran\u00e7a e efici\u00eancia do seu sistema de frenagem.<br \/>\nN\u00famero de mangueiras: 4<br \/>\nAdequado para:<br \/>\n&#8211; CITROEN Saxo todos os modelos de 1996 a 2003.<br \/>\n&#8211; PEUGEOT 106 1.6 Rallye<br \/>\n&#8211; PEUGEOT 106 1.6 S16<\/p>\n","protected":false},"excerpt":{"rendered":"<p>Kit de tubos de trav\u00f5es GOODRIDGE para CITROEN Saxo<br \/>\nKits de tubos de trav\u00f5es GOODRIDGE de alta qualidade, montados e prontos para instala\u00e7\u00e3o no seu ve\u00edculo.<br \/>\nA instala\u00e7\u00e3o de mangueiras de avia\u00e7\u00e3o tran\u00e7adas em a\u00e7o inoxid\u00e1vel garante uma frenagem mais eficiente e dur\u00e1vel.<br \/>\n\u00d3tima resist\u00eancia ao calor causado por frenagens potentes e repetidas. Essas mangueiras de avia\u00e7\u00e3o tran\u00e7adas proporcionam melhor sensa\u00e7\u00e3o do pedal, mesmo em condi\u00e7\u00f5es extremas.<br \/>\nResistente a choques e desgastes, este kit homologado contribuir\u00e1 para a seguran\u00e7a e efici\u00eancia do seu sistema de frenagem.<br \/>\nN\u00famero de mangueiras: 4<br \/>\nAdequado para:<br \/>\n&#8211; CITROEN Saxo todos os modelos de 1996 a 2003.<br \/>\n&#8211; PEUGEOT 106 1.6 Rallye<br \/>\n&#8211; PEUGEOT 106 1.6 S16<\/p>\n","protected":false},"featured_media":17561,"template":"","meta":[],"product_cat":[971,479,484],"product_tag":[],"marca":[140],"class_list":["post-17565","product","type-product","status-publish","has-post-thumbnail","hentry","product_cat-kit-tubos-travoes","product_cat-viatura","product_cat-sistema-travagem","marca-goodridge"],"yoast_head":"<!-- This site is optimized with the Yoast SEO plugin v20.5 - https:\/\/yoast.com\/wordpress\/plugins\/seo\/ -->\n<title>KIT DE TUBOS TRAVOES MAIA GOODRIGDE - RODAS FRT E TRAS - PEUGEOT 106 - CITROEN SAXO - Oficina de manuten\u00e7\u00e3o e repara\u00e7\u00e3o de veiculos automoveis em S. Miguel, A\u00e7ores - Auto Barbosa<\/title>\n<meta name=\"robots\" content=\"index, follow, max-snippet:-1, max-image-preview:large, max-video-preview:-1\" \/>\n<link rel=\"canonical\" href=\"https:\/\/autobarbosa.com\/fr\/produto\/kit-de-tubos-travoes-maia-goodrigde-rodas-frt-e-tras-peugeot-106-citroen-saxo\/\" \/>\n<meta property=\"og:locale\" content=\"fr_FR\" \/>\n<meta property=\"og:type\" content=\"article\" \/>\n<meta property=\"og:title\" content=\"KIT DE TUBOS TRAVOES MAIA GOODRIGDE - RODAS FRT E TRAS - PEUGEOT 106 - CITROEN SAXO - Oficina de manuten\u00e7\u00e3o e repara\u00e7\u00e3o de veiculos automoveis em S. Miguel, A\u00e7ores - Auto Barbosa\" \/>\n<meta property=\"og:description\" content=\"Kit de tubos de trav\u00f5es GOODRIDGE para CITROEN Saxo Kits de tubos de trav\u00f5es GOODRIDGE de alta qualidade, montados e prontos para instala\u00e7\u00e3o no seu ve\u00edculo. A instala\u00e7\u00e3o de mangueiras de avia\u00e7\u00e3o tran\u00e7adas em a\u00e7o inoxid\u00e1vel garante uma frenagem mais eficiente e dur\u00e1vel. \u00d3tima resist\u00eancia ao calor causado por frenagens potentes e repetidas. Essas mangueiras de avia\u00e7\u00e3o tran\u00e7adas proporcionam melhor sensa\u00e7\u00e3o do pedal, mesmo em condi\u00e7\u00f5es extremas. Resistente a choques e desgastes, este kit homologado contribuir\u00e1 para a seguran\u00e7a e efici\u00eancia do seu sistema de frenagem. N\u00famero de mangueiras: 4 Adequado para: - CITROEN Saxo todos os modelos de 1996 a 2003. - PEUGEOT 106 1.6 Rallye - PEUGEOT 106 1.6 S16\" \/>\n<meta property=\"og:url\" content=\"https:\/\/autobarbosa.com\/fr\/produto\/kit-de-tubos-travoes-maia-goodrigde-rodas-frt-e-tras-peugeot-106-citroen-saxo\/\" \/>\n<meta property=\"og:site_name\" content=\"Oficina de manuten\u00e7\u00e3o e repara\u00e7\u00e3o de veiculos automoveis em S. Miguel, A\u00e7ores - Auto Barbosa\" \/>\n<meta property=\"article:publisher\" content=\"https:\/\/www.facebook.com\/autobarbosaoficina\" \/>\n<meta property=\"article:modified_time\" content=\"2026-04-15T19:01:59+00:00\" \/>\n<meta property=\"og:image\" content=\"https:\/\/autobarbosa.com\/wp-content\/uploads\/2025\/11\/1fl9260k.png\" \/>\n\t<meta property=\"og:image:width\" content=\"800\" \/>\n\t<meta property=\"og:image:height\" content=\"800\" \/>\n\t<meta property=\"og:image:type\" content=\"image\/png\" \/>\n<meta name=\"twitter:card\" content=\"summary_large_image\" \/>\n<meta name=\"twitter:label1\" content=\"Dur\u00e9e de lecture estim\u00e9e\" \/>\n\t<meta name=\"twitter:data1\" content=\"1 minute\" \/>\n<script type=\"application\/ld+json\" class=\"yoast-schema-graph\">{\"@context\":\"https:\/\/schema.org\",\"@graph\":[{\"@type\":\"WebPage\",\"@id\":\"https:\/\/autobarbosa.com\/fr\/produto\/kit-de-tubos-travoes-maia-goodrigde-rodas-frt-e-tras-peugeot-106-citroen-saxo\/\",\"url\":\"https:\/\/autobarbosa.com\/fr\/produto\/kit-de-tubos-travoes-maia-goodrigde-rodas-frt-e-tras-peugeot-106-citroen-saxo\/\",\"name\":\"KIT DE TUBOS TRAVOES MAIA GOODRIGDE - RODAS FRT E TRAS - PEUGEOT 106 - CITROEN SAXO - Oficina de manuten\u00e7\u00e3o e repara\u00e7\u00e3o de veiculos automoveis em S. Miguel, A\u00e7ores - Auto Barbosa\",\"isPartOf\":{\"@id\":\"https:\/\/autobarbosa.com\/fr\/#website\"},\"datePublished\":\"2025-11-26T08:02:08+00:00\",\"dateModified\":\"2026-04-15T19:01:59+00:00\",\"breadcrumb\":{\"@id\":\"https:\/\/autobarbosa.com\/fr\/produto\/kit-de-tubos-travoes-maia-goodrigde-rodas-frt-e-tras-peugeot-106-citroen-saxo\/#breadcrumb\"},\"inLanguage\":\"fr-FR\",\"potentialAction\":[{\"@type\":\"ReadAction\",\"target\":[\"https:\/\/autobarbosa.com\/fr\/produto\/kit-de-tubos-travoes-maia-goodrigde-rodas-frt-e-tras-peugeot-106-citroen-saxo\/\"]}]},{\"@type\":\"BreadcrumbList\",\"@id\":\"https:\/\/autobarbosa.com\/fr\/produto\/kit-de-tubos-travoes-maia-goodrigde-rodas-frt-e-tras-peugeot-106-citroen-saxo\/#breadcrumb\",\"itemListElement\":[{\"@type\":\"ListItem\",\"position\":1,\"name\":\"In\u00edcio\",\"item\":\"https:\/\/autobarbosa.com\/fr\/\"},{\"@type\":\"ListItem\",\"position\":2,\"name\":\"Loja\",\"item\":\"https:\/\/autobarbosa.com\/\"},{\"@type\":\"ListItem\",\"position\":3,\"name\":\"KIT DE TUBOS TRAVOES MAIA GOODRIGDE &#8211; RODAS FRT E TRAS &#8211; PEUGEOT 106 &#8211; CITROEN SAXO\"}]},{\"@type\":\"WebSite\",\"@id\":\"https:\/\/autobarbosa.com\/fr\/#website\",\"url\":\"https:\/\/autobarbosa.com\/fr\/\",\"name\":\"Oficina de manuten\u00e7\u00e3o e repara\u00e7\u00e3o de veiculos automoveis em S. Miguel, A\u00e7ores - Auto Barbosa\",\"description\":\"Auto Barbosa\",\"publisher\":{\"@id\":\"https:\/\/autobarbosa.com\/fr\/#organization\"},\"potentialAction\":[{\"@type\":\"SearchAction\",\"target\":{\"@type\":\"EntryPoint\",\"urlTemplate\":\"https:\/\/autobarbosa.com\/fr\/?s={search_term_string}\"},\"query-input\":\"required name=search_term_string\"}],\"inLanguage\":\"fr-FR\"},{\"@type\":\"Organization\",\"@id\":\"https:\/\/autobarbosa.com\/fr\/#organization\",\"name\":\"Oficina de manuten\u00e7\u00e3o e repara\u00e7\u00e3o de veiculos automoveis em S. Miguel, A\u00e7ores - Auto Barbosa\",\"url\":\"https:\/\/autobarbosa.com\/fr\/\",\"logo\":{\"@type\":\"ImageObject\",\"inLanguage\":\"fr-FR\",\"@id\":\"https:\/\/autobarbosa.com\/fr\/#\/schema\/logo\/image\/\",\"url\":\"https:\/\/autobarbosa.com\/wp-content\/uploads\/2023\/03\/AUTO-BARBOSA-LOGO-1-e1678715539111.png\",\"contentUrl\":\"https:\/\/autobarbosa.com\/wp-content\/uploads\/2023\/03\/AUTO-BARBOSA-LOGO-1-e1678715539111.png\",\"width\":3233,\"height\":3233,\"caption\":\"Oficina de manuten\u00e7\u00e3o e repara\u00e7\u00e3o de veiculos automoveis em S. Miguel, A\u00e7ores - Auto Barbosa\"},\"image\":{\"@id\":\"https:\/\/autobarbosa.com\/fr\/#\/schema\/logo\/image\/\"},\"sameAs\":[\"https:\/\/www.facebook.com\/autobarbosaoficina\",\"https:\/\/www.instagram.com\/autobarbosa.oficina\/\"]}]}<\/script>\n<!-- \/ Yoast SEO plugin. -->","yoast_head_json":{"title":"KIT DE TUBOS TRAVOES MAIA GOODRIGDE - RODAS FRT E TRAS - PEUGEOT 106 - CITROEN SAXO - Oficina de manuten\u00e7\u00e3o e repara\u00e7\u00e3o de veiculos automoveis em S. Miguel, A\u00e7ores - Auto Barbosa","robots":{"index":"index","follow":"follow","max-snippet":"max-snippet:-1","max-image-preview":"max-image-preview:large","max-video-preview":"max-video-preview:-1"},"canonical":"https:\/\/autobarbosa.com\/fr\/produto\/kit-de-tubos-travoes-maia-goodrigde-rodas-frt-e-tras-peugeot-106-citroen-saxo\/","og_locale":"fr_FR","og_type":"article","og_title":"KIT DE TUBOS TRAVOES MAIA GOODRIGDE - RODAS FRT E TRAS - PEUGEOT 106 - CITROEN SAXO - Oficina de manuten\u00e7\u00e3o e repara\u00e7\u00e3o de veiculos automoveis em S. Miguel, A\u00e7ores - Auto Barbosa","og_description":"Kit de tubos de trav\u00f5es GOODRIDGE para CITROEN Saxo Kits de tubos de trav\u00f5es GOODRIDGE de alta qualidade, montados e prontos para instala\u00e7\u00e3o no seu ve\u00edculo. A instala\u00e7\u00e3o de mangueiras de avia\u00e7\u00e3o tran\u00e7adas em a\u00e7o inoxid\u00e1vel garante uma frenagem mais eficiente e dur\u00e1vel. \u00d3tima resist\u00eancia ao calor causado por frenagens potentes e repetidas. Essas mangueiras de avia\u00e7\u00e3o tran\u00e7adas proporcionam melhor sensa\u00e7\u00e3o do pedal, mesmo em condi\u00e7\u00f5es extremas. Resistente a choques e desgastes, este kit homologado contribuir\u00e1 para a seguran\u00e7a e efici\u00eancia do seu sistema de frenagem. N\u00famero de mangueiras: 4 Adequado para: - CITROEN Saxo todos os modelos de 1996 a 2003. - PEUGEOT 106 1.6 Rallye - PEUGEOT 106 1.6 S16","og_url":"https:\/\/autobarbosa.com\/fr\/produto\/kit-de-tubos-travoes-maia-goodrigde-rodas-frt-e-tras-peugeot-106-citroen-saxo\/","og_site_name":"Oficina de manuten\u00e7\u00e3o e repara\u00e7\u00e3o de veiculos automoveis em S. Miguel, A\u00e7ores - Auto Barbosa","article_publisher":"https:\/\/www.facebook.com\/autobarbosaoficina","article_modified_time":"2026-04-15T19:01:59+00:00","og_image":[{"width":800,"height":800,"url":"https:\/\/autobarbosa.com\/wp-content\/uploads\/2025\/11\/1fl9260k.png","type":"image\/png"}],"twitter_card":"summary_large_image","twitter_misc":{"Dur\u00e9e de lecture estim\u00e9e":"1 minute"},"schema":{"@context":"https:\/\/schema.org","@graph":[{"@type":"WebPage","@id":"https:\/\/autobarbosa.com\/fr\/produto\/kit-de-tubos-travoes-maia-goodrigde-rodas-frt-e-tras-peugeot-106-citroen-saxo\/","url":"https:\/\/autobarbosa.com\/fr\/produto\/kit-de-tubos-travoes-maia-goodrigde-rodas-frt-e-tras-peugeot-106-citroen-saxo\/","name":"KIT DE TUBOS TRAVOES MAIA GOODRIGDE - RODAS FRT E TRAS - PEUGEOT 106 - CITROEN SAXO - Oficina de manuten\u00e7\u00e3o e repara\u00e7\u00e3o de veiculos automoveis em S. Miguel, A\u00e7ores - Auto Barbosa","isPartOf":{"@id":"https:\/\/autobarbosa.com\/fr\/#website"},"datePublished":"2025-11-26T08:02:08+00:00","dateModified":"2026-04-15T19:01:59+00:00","breadcrumb":{"@id":"https:\/\/autobarbosa.com\/fr\/produto\/kit-de-tubos-travoes-maia-goodrigde-rodas-frt-e-tras-peugeot-106-citroen-saxo\/#breadcrumb"},"inLanguage":"fr-FR","potentialAction":[{"@type":"ReadAction","target":["https:\/\/autobarbosa.com\/fr\/produto\/kit-de-tubos-travoes-maia-goodrigde-rodas-frt-e-tras-peugeot-106-citroen-saxo\/"]}]},{"@type":"BreadcrumbList","@id":"https:\/\/autobarbosa.com\/fr\/produto\/kit-de-tubos-travoes-maia-goodrigde-rodas-frt-e-tras-peugeot-106-citroen-saxo\/#breadcrumb","itemListElement":[{"@type":"ListItem","position":1,"name":"In\u00edcio","item":"https:\/\/autobarbosa.com\/fr\/"},{"@type":"ListItem","position":2,"name":"Loja","item":"https:\/\/autobarbosa.com\/"},{"@type":"ListItem","position":3,"name":"KIT DE TUBOS TRAVOES MAIA GOODRIGDE &#8211; RODAS FRT E TRAS &#8211; PEUGEOT 106 &#8211; CITROEN SAXO"}]},{"@type":"WebSite","@id":"https:\/\/autobarbosa.com\/fr\/#website","url":"https:\/\/autobarbosa.com\/fr\/","name":"Oficina de manuten\u00e7\u00e3o e repara\u00e7\u00e3o de veiculos automoveis em S. Miguel, A\u00e7ores - Auto Barbosa","description":"Auto Barbosa","publisher":{"@id":"https:\/\/autobarbosa.com\/fr\/#organization"},"potentialAction":[{"@type":"SearchAction","target":{"@type":"EntryPoint","urlTemplate":"https:\/\/autobarbosa.com\/fr\/?s={search_term_string}"},"query-input":"required name=search_term_string"}],"inLanguage":"fr-FR"},{"@type":"Organization","@id":"https:\/\/autobarbosa.com\/fr\/#organization","name":"Oficina de manuten\u00e7\u00e3o e repara\u00e7\u00e3o de veiculos automoveis em S. Miguel, A\u00e7ores - Auto Barbosa","url":"https:\/\/autobarbosa.com\/fr\/","logo":{"@type":"ImageObject","inLanguage":"fr-FR","@id":"https:\/\/autobarbosa.com\/fr\/#\/schema\/logo\/image\/","url":"https:\/\/autobarbosa.com\/wp-content\/uploads\/2023\/03\/AUTO-BARBOSA-LOGO-1-e1678715539111.png","contentUrl":"https:\/\/autobarbosa.com\/wp-content\/uploads\/2023\/03\/AUTO-BARBOSA-LOGO-1-e1678715539111.png","width":3233,"height":3233,"caption":"Oficina de manuten\u00e7\u00e3o e repara\u00e7\u00e3o de veiculos automoveis em S. Miguel, A\u00e7ores - Auto Barbosa"},"image":{"@id":"https:\/\/autobarbosa.com\/fr\/#\/schema\/logo\/image\/"},"sameAs":["https:\/\/www.facebook.com\/autobarbosaoficina","https:\/\/www.instagram.com\/autobarbosa.oficina\/"]}]}},"_links":{"self":[{"href":"https:\/\/autobarbosa.com\/fr\/wp-json\/wp\/v3\/product\/17565","targetHints":{"allow":["GET"]}}],"collection":[{"href":"https:\/\/autobarbosa.com\/fr\/wp-json\/wp\/v3\/product"}],"about":[{"href":"https:\/\/autobarbosa.com\/fr\/wp-json\/wp\/v2\/types\/product"}],"wp:featuredmedia":[{"embeddable":true,"href":"https:\/\/autobarbosa.com\/fr\/wp-json\/wp\/v2\/media\/17561"}],"wp:attachment":[{"href":"https:\/\/autobarbosa.com\/fr\/wp-json\/wp\/v2\/media?parent=17565"}],"wp:term":[{"taxonomy":"product_cat","embeddable":true,"href":"https:\/\/autobarbosa.com\/fr\/wp-json\/wp\/v2\/product_cat?post=17565"},{"taxonomy":"product_tag","embeddable":true,"href":"https:\/\/autobarbosa.com\/fr\/wp-json\/wp\/v2\/product_tag?post=17565"},{"taxonomy":"marca","embeddable":true,"href":"https:\/\/autobarbosa.com\/fr\/wp-json\/wp\/v2\/marca?post=17565"}],"curies":[{"name":"wp","href":"https:\/\/api.w.org\/{rel}","templated":true}]}}