{"id":17597,"date":"2025-11-26T07:02:16","date_gmt":"2025-11-26T08:02:16","guid":{"rendered":"https:\/\/autobarbosa.com\/produto\/jogo-calcos-travoes-cl-rc6-alcon-cp5100-peugeot-206s1600-207-rc1-6-saxo-5007w43t16\/"},"modified":"2026-04-20T07:02:20","modified_gmt":"2026-04-20T07:02:20","slug":"jogo-calcos-travoes-cl-rc6-alcon-cp5100-peugeot-206s1600-207-rc1-6-saxo-5007w43t16","status":"publish","type":"product","link":"https:\/\/autobarbosa.com\/fr\/produto\/jogo-calcos-travoes-cl-rc6-alcon-cp5100-peugeot-206s1600-207-rc1-6-saxo-5007w43t16\/","title":{"rendered":"JOGO CAL\u00c7OS TRAVOES CL RC6 ALCON CP5100 &#8211; PEUGEOT 206S1600 \/207 RC1.6 \/ SAXO (5007W43T16)"},"content":{"rendered":"<p>Pastilhas de trav\u00e3o 5007W43T16 RC6E<\/p>\n<p>CL BRAKES apoia muitos pilotos todos os anos, profissionais ou n\u00e3o, a todos os n\u00edveis, ganhando a experi\u00eancia necess\u00e1ria para o desenvolvimento dos materiais de travagem mais eficientes.<br \/>\nGra\u00e7as \u00e0 concorr\u00eancia, o desenvolvimento de novos produtos \u00e9 sempre feito com o mais alto n\u00edvel de desempenho.<br \/>\nToda a gama \u00e9 caracterizada por um franco \u201cataque\u201d de travagem.<br \/>\nO composto RC6 Endurance j\u00e1 oferece um alto n\u00edvel de atrito combinado com um n\u00edvel muito baixo de desgaste do disco\/pastilha.<br \/>\nCoeficiente de atrito m\u00e9dio de 0,46.<br \/>\nEle salva as mudan\u00e7as de almofada durante as corridas de 6 a 24 horas. Quebra-se com muita facilidade e mant\u00e9m uma grande estabilidade tanto a quente como a frio.<\/p>\n<p>Procedimento de arrombamento:<br \/>\nN\u00e3o \u00e9 necess\u00e1rio arrombamento espec\u00edfico.<br \/>\nEm discos novos: Aque\u00e7a o sistema gradualmente.<br \/>\nEm discos lapidados: Alguma travagem m\u00e9dia.<br \/>\nUse com fluido de freio de alta qualidade.<br \/>\nSangre os freios frequentemente.<br \/>\nMaterial de fric\u00e7\u00e3o de metal sinterizado.<br \/>\nComponentes principais: Grafite, cer\u00e2mica, ferro, cobre e bronze.<br \/>\nEsta placa n\u00e3o utiliza chumbo, nem amianto, nem n\u00edquel (tecnologia NoNiTech) para a preserva\u00e7\u00e3o do meio ambiente.<\/p>\n<p>Pastilhas de freio dianteiras para:<br \/>\nCITRO\u00cbN Saxo T4 (Gravel) &#8211; de 2002<br \/>\nPEUGEOT 106 Kit Car &#8211; de 1994 a 2003<br \/>\nPEUGEOT 106 Maxi &#8211; de 1994 a 2003<br \/>\nPEUGEOT 106 S16 Gr. A &#8211; de 1995 a 2003<br \/>\nPEUGEOT 206 1.6 Super 1600 &#8211; de 2002<br \/>\nPEUGEOT 206 1.6 XS Volant Rallye &#8211; de 1998 a 2010<br \/>\nPEUGEOT 207 RC Rallye (Gravel)<\/p>\n","protected":false},"excerpt":{"rendered":"<p>Pastilhas de trav\u00e3o 5007W43T16 RC6E<\/p>\n<p>CL BRAKES apoia muitos pilotos todos os anos, profissionais ou n\u00e3o, a todos os n\u00edveis, ganhando a experi\u00eancia necess\u00e1ria para o desenvolvimento dos materiais de travagem mais eficientes.<br \/>\nGra\u00e7as \u00e0 concorr\u00eancia, o desenvolvimento de novos produtos \u00e9 sempre feito com o mais alto n\u00edvel de desempenho.<br \/>\nToda a gama \u00e9 caracterizada por um franco \u201cataque\u201d de travagem.<br \/>\nO composto RC6 Endurance j\u00e1 oferece um alto n\u00edvel de atrito combinado com um n\u00edvel muito baixo de desgaste do disco\/pastilha.<br \/>\nCoeficiente de atrito m\u00e9dio de 0,46.<br \/>\nEle salva as mudan\u00e7as de almofada durante as corridas de 6 a 24 horas. Quebra-se com muita facilidade e mant\u00e9m uma grande estabilidade tanto a quente como a frio.<\/p>\n<p>Procedimento de arrombamento:<br \/>\nN\u00e3o \u00e9 necess\u00e1rio arrombamento espec\u00edfico.<br \/>\nEm discos novos: Aque\u00e7a o sistema gradualmente.<br \/>\nEm discos lapidados: Alguma travagem m\u00e9dia.<br \/>\nUse com fluido de freio de alta qualidade.<br \/>\nSangre os freios frequentemente.<br \/>\nMaterial de fric\u00e7\u00e3o de metal sinterizado.<br \/>\nComponentes principais: Grafite, cer\u00e2mica, ferro, cobre e bronze.<br \/>\nEsta placa n\u00e3o utiliza chumbo, nem amianto, nem n\u00edquel (tecnologia NoNiTech) para a preserva\u00e7\u00e3o do meio ambiente.<\/p>\n<p>Pastilhas de freio dianteiras para:<br \/>\nCITRO\u00cbN Saxo T4 (Gravel) &#8211; de 2002<br \/>\nPEUGEOT 106 Kit Car &#8211; de 1994 a 2003<br \/>\nPEUGEOT 106 Maxi &#8211; de 1994 a 2003<br \/>\nPEUGEOT 106 S16 Gr. A &#8211; de 1995 a 2003<br \/>\nPEUGEOT 206 1.6 Super 1600 &#8211; de 2002<br \/>\nPEUGEOT 206 1.6 XS Volant Rallye &#8211; de 1998 a 2010<br \/>\nPEUGEOT 207 RC Rallye (Gravel)<\/p>\n","protected":false},"featured_media":17593,"template":"","meta":[],"product_cat":[479,484,509],"product_tag":[],"marca":[148],"class_list":["post-17597","product","type-product","status-publish","has-post-thumbnail","hentry","product_cat-viatura","product_cat-sistema-travagem","product_cat-pastilhas-travoes","marca-carbone-lorraine"],"yoast_head":"<!-- This site is optimized with the Yoast SEO plugin v20.5 - https:\/\/yoast.com\/wordpress\/plugins\/seo\/ -->\n<title>JOGO CAL\u00c7OS TRAVOES CL RC6 ALCON CP5100 - PEUGEOT 206S1600 \/207 RC1.6 \/ SAXO (5007W43T16) - Oficina de manuten\u00e7\u00e3o e repara\u00e7\u00e3o de veiculos automoveis em S. Miguel, A\u00e7ores - Auto Barbosa<\/title>\n<meta name=\"robots\" content=\"index, follow, max-snippet:-1, max-image-preview:large, max-video-preview:-1\" \/>\n<link rel=\"canonical\" href=\"https:\/\/autobarbosa.com\/fr\/produto\/jogo-calcos-travoes-cl-rc6-alcon-cp5100-peugeot-206s1600-207-rc1-6-saxo-5007w43t16\/\" \/>\n<meta property=\"og:locale\" content=\"fr_FR\" \/>\n<meta property=\"og:type\" content=\"article\" \/>\n<meta property=\"og:title\" content=\"JOGO CAL\u00c7OS TRAVOES CL RC6 ALCON CP5100 - PEUGEOT 206S1600 \/207 RC1.6 \/ SAXO (5007W43T16) - Oficina de manuten\u00e7\u00e3o e repara\u00e7\u00e3o de veiculos automoveis em S. Miguel, A\u00e7ores - Auto Barbosa\" \/>\n<meta property=\"og:description\" content=\"Pastilhas de trav\u00e3o 5007W43T16 RC6E  CL BRAKES apoia muitos pilotos todos os anos, profissionais ou n\u00e3o, a todos os n\u00edveis, ganhando a experi\u00eancia necess\u00e1ria para o desenvolvimento dos materiais de travagem mais eficientes. Gra\u00e7as \u00e0 concorr\u00eancia, o desenvolvimento de novos produtos \u00e9 sempre feito com o mais alto n\u00edvel de desempenho. Toda a gama \u00e9 caracterizada por um franco \u201cataque\u201d de travagem. O composto RC6 Endurance j\u00e1 oferece um alto n\u00edvel de atrito combinado com um n\u00edvel muito baixo de desgaste do disco\/pastilha. Coeficiente de atrito m\u00e9dio de 0,46. Ele salva as mudan\u00e7as de almofada durante as corridas de 6 a 24 horas. Quebra-se com muita facilidade e mant\u00e9m uma grande estabilidade tanto a quente como a frio.  Procedimento de arrombamento: N\u00e3o \u00e9 necess\u00e1rio arrombamento espec\u00edfico. Em discos novos: Aque\u00e7a o sistema gradualmente. Em discos lapidados: Alguma travagem m\u00e9dia. Use com fluido de freio de alta qualidade. Sangre os freios frequentemente. Material de fric\u00e7\u00e3o de metal sinterizado. Componentes principais: Grafite, cer\u00e2mica, ferro, cobre e bronze. Esta placa n\u00e3o utiliza chumbo, nem amianto, nem n\u00edquel (tecnologia NoNiTech) para a preserva\u00e7\u00e3o do meio ambiente.  Pastilhas de freio dianteiras para: CITRO\u00cbN Saxo T4 (Gravel) - de 2002 PEUGEOT 106 Kit Car - de 1994 a 2003 PEUGEOT 106 Maxi - de 1994 a 2003 PEUGEOT 106 S16 Gr. A - de 1995 a 2003 PEUGEOT 206 1.6 Super 1600 - de 2002 PEUGEOT 206 1.6 XS Volant Rallye - de 1998 a 2010 PEUGEOT 207 RC Rallye (Gravel)\" \/>\n<meta property=\"og:url\" content=\"https:\/\/autobarbosa.com\/fr\/produto\/jogo-calcos-travoes-cl-rc6-alcon-cp5100-peugeot-206s1600-207-rc1-6-saxo-5007w43t16\/\" \/>\n<meta property=\"og:site_name\" content=\"Oficina de manuten\u00e7\u00e3o e repara\u00e7\u00e3o de veiculos automoveis em S. Miguel, A\u00e7ores - Auto Barbosa\" \/>\n<meta property=\"article:publisher\" content=\"https:\/\/www.facebook.com\/autobarbosaoficina\" \/>\n<meta property=\"article:modified_time\" content=\"2026-04-20T07:02:20+00:00\" \/>\n<meta property=\"og:image\" content=\"https:\/\/autobarbosa.com\/wp-content\/uploads\/2025\/11\/1pfcl3345rc6e.png\" \/>\n\t<meta property=\"og:image:width\" content=\"800\" \/>\n\t<meta property=\"og:image:height\" content=\"800\" \/>\n\t<meta property=\"og:image:type\" content=\"image\/png\" \/>\n<meta name=\"twitter:card\" content=\"summary_large_image\" \/>\n<meta name=\"twitter:label1\" content=\"Dur\u00e9e de lecture estim\u00e9e\" \/>\n\t<meta name=\"twitter:data1\" content=\"1 minute\" \/>\n<script type=\"application\/ld+json\" class=\"yoast-schema-graph\">{\"@context\":\"https:\/\/schema.org\",\"@graph\":[{\"@type\":\"WebPage\",\"@id\":\"https:\/\/autobarbosa.com\/fr\/produto\/jogo-calcos-travoes-cl-rc6-alcon-cp5100-peugeot-206s1600-207-rc1-6-saxo-5007w43t16\/\",\"url\":\"https:\/\/autobarbosa.com\/fr\/produto\/jogo-calcos-travoes-cl-rc6-alcon-cp5100-peugeot-206s1600-207-rc1-6-saxo-5007w43t16\/\",\"name\":\"JOGO CAL\u00c7OS TRAVOES CL RC6 ALCON CP5100 - PEUGEOT 206S1600 \/207 RC1.6 \/ SAXO (5007W43T16) - Oficina de manuten\u00e7\u00e3o e repara\u00e7\u00e3o de veiculos automoveis em S. Miguel, A\u00e7ores - Auto Barbosa\",\"isPartOf\":{\"@id\":\"https:\/\/autobarbosa.com\/fr\/#website\"},\"datePublished\":\"2025-11-26T08:02:16+00:00\",\"dateModified\":\"2026-04-20T07:02:20+00:00\",\"breadcrumb\":{\"@id\":\"https:\/\/autobarbosa.com\/fr\/produto\/jogo-calcos-travoes-cl-rc6-alcon-cp5100-peugeot-206s1600-207-rc1-6-saxo-5007w43t16\/#breadcrumb\"},\"inLanguage\":\"fr-FR\",\"potentialAction\":[{\"@type\":\"ReadAction\",\"target\":[\"https:\/\/autobarbosa.com\/fr\/produto\/jogo-calcos-travoes-cl-rc6-alcon-cp5100-peugeot-206s1600-207-rc1-6-saxo-5007w43t16\/\"]}]},{\"@type\":\"BreadcrumbList\",\"@id\":\"https:\/\/autobarbosa.com\/fr\/produto\/jogo-calcos-travoes-cl-rc6-alcon-cp5100-peugeot-206s1600-207-rc1-6-saxo-5007w43t16\/#breadcrumb\",\"itemListElement\":[{\"@type\":\"ListItem\",\"position\":1,\"name\":\"In\u00edcio\",\"item\":\"https:\/\/autobarbosa.com\/fr\/\"},{\"@type\":\"ListItem\",\"position\":2,\"name\":\"Loja\",\"item\":\"https:\/\/autobarbosa.com\/\"},{\"@type\":\"ListItem\",\"position\":3,\"name\":\"JOGO CAL\u00c7OS TRAVOES CL RC6 ALCON CP5100 &#8211; PEUGEOT 206S1600 \/207 RC1.6 \/ SAXO (5007W43T16)\"}]},{\"@type\":\"WebSite\",\"@id\":\"https:\/\/autobarbosa.com\/fr\/#website\",\"url\":\"https:\/\/autobarbosa.com\/fr\/\",\"name\":\"Oficina de manuten\u00e7\u00e3o e repara\u00e7\u00e3o de veiculos automoveis em S. Miguel, A\u00e7ores - Auto Barbosa\",\"description\":\"Auto Barbosa\",\"publisher\":{\"@id\":\"https:\/\/autobarbosa.com\/fr\/#organization\"},\"potentialAction\":[{\"@type\":\"SearchAction\",\"target\":{\"@type\":\"EntryPoint\",\"urlTemplate\":\"https:\/\/autobarbosa.com\/fr\/?s={search_term_string}\"},\"query-input\":\"required name=search_term_string\"}],\"inLanguage\":\"fr-FR\"},{\"@type\":\"Organization\",\"@id\":\"https:\/\/autobarbosa.com\/fr\/#organization\",\"name\":\"Oficina de manuten\u00e7\u00e3o e repara\u00e7\u00e3o de veiculos automoveis em S. Miguel, A\u00e7ores - Auto Barbosa\",\"url\":\"https:\/\/autobarbosa.com\/fr\/\",\"logo\":{\"@type\":\"ImageObject\",\"inLanguage\":\"fr-FR\",\"@id\":\"https:\/\/autobarbosa.com\/fr\/#\/schema\/logo\/image\/\",\"url\":\"https:\/\/autobarbosa.com\/wp-content\/uploads\/2023\/03\/AUTO-BARBOSA-LOGO-1-e1678715539111.png\",\"contentUrl\":\"https:\/\/autobarbosa.com\/wp-content\/uploads\/2023\/03\/AUTO-BARBOSA-LOGO-1-e1678715539111.png\",\"width\":3233,\"height\":3233,\"caption\":\"Oficina de manuten\u00e7\u00e3o e repara\u00e7\u00e3o de veiculos automoveis em S. Miguel, A\u00e7ores - Auto Barbosa\"},\"image\":{\"@id\":\"https:\/\/autobarbosa.com\/fr\/#\/schema\/logo\/image\/\"},\"sameAs\":[\"https:\/\/www.facebook.com\/autobarbosaoficina\",\"https:\/\/www.instagram.com\/autobarbosa.oficina\/\"]}]}<\/script>\n<!-- \/ Yoast SEO plugin. -->","yoast_head_json":{"title":"JOGO CAL\u00c7OS TRAVOES CL RC6 ALCON CP5100 - PEUGEOT 206S1600 \/207 RC1.6 \/ SAXO (5007W43T16) - Oficina de manuten\u00e7\u00e3o e repara\u00e7\u00e3o de veiculos automoveis em S. Miguel, A\u00e7ores - Auto Barbosa","robots":{"index":"index","follow":"follow","max-snippet":"max-snippet:-1","max-image-preview":"max-image-preview:large","max-video-preview":"max-video-preview:-1"},"canonical":"https:\/\/autobarbosa.com\/fr\/produto\/jogo-calcos-travoes-cl-rc6-alcon-cp5100-peugeot-206s1600-207-rc1-6-saxo-5007w43t16\/","og_locale":"fr_FR","og_type":"article","og_title":"JOGO CAL\u00c7OS TRAVOES CL RC6 ALCON CP5100 - PEUGEOT 206S1600 \/207 RC1.6 \/ SAXO (5007W43T16) - Oficina de manuten\u00e7\u00e3o e repara\u00e7\u00e3o de veiculos automoveis em S. Miguel, A\u00e7ores - Auto Barbosa","og_description":"Pastilhas de trav\u00e3o 5007W43T16 RC6E  CL BRAKES apoia muitos pilotos todos os anos, profissionais ou n\u00e3o, a todos os n\u00edveis, ganhando a experi\u00eancia necess\u00e1ria para o desenvolvimento dos materiais de travagem mais eficientes. Gra\u00e7as \u00e0 concorr\u00eancia, o desenvolvimento de novos produtos \u00e9 sempre feito com o mais alto n\u00edvel de desempenho. Toda a gama \u00e9 caracterizada por um franco \u201cataque\u201d de travagem. O composto RC6 Endurance j\u00e1 oferece um alto n\u00edvel de atrito combinado com um n\u00edvel muito baixo de desgaste do disco\/pastilha. Coeficiente de atrito m\u00e9dio de 0,46. Ele salva as mudan\u00e7as de almofada durante as corridas de 6 a 24 horas. Quebra-se com muita facilidade e mant\u00e9m uma grande estabilidade tanto a quente como a frio.  Procedimento de arrombamento: N\u00e3o \u00e9 necess\u00e1rio arrombamento espec\u00edfico. Em discos novos: Aque\u00e7a o sistema gradualmente. Em discos lapidados: Alguma travagem m\u00e9dia. Use com fluido de freio de alta qualidade. Sangre os freios frequentemente. Material de fric\u00e7\u00e3o de metal sinterizado. Componentes principais: Grafite, cer\u00e2mica, ferro, cobre e bronze. Esta placa n\u00e3o utiliza chumbo, nem amianto, nem n\u00edquel (tecnologia NoNiTech) para a preserva\u00e7\u00e3o do meio ambiente.  Pastilhas de freio dianteiras para: CITRO\u00cbN Saxo T4 (Gravel) - de 2002 PEUGEOT 106 Kit Car - de 1994 a 2003 PEUGEOT 106 Maxi - de 1994 a 2003 PEUGEOT 106 S16 Gr. A - de 1995 a 2003 PEUGEOT 206 1.6 Super 1600 - de 2002 PEUGEOT 206 1.6 XS Volant Rallye - de 1998 a 2010 PEUGEOT 207 RC Rallye (Gravel)","og_url":"https:\/\/autobarbosa.com\/fr\/produto\/jogo-calcos-travoes-cl-rc6-alcon-cp5100-peugeot-206s1600-207-rc1-6-saxo-5007w43t16\/","og_site_name":"Oficina de manuten\u00e7\u00e3o e repara\u00e7\u00e3o de veiculos automoveis em S. Miguel, A\u00e7ores - Auto Barbosa","article_publisher":"https:\/\/www.facebook.com\/autobarbosaoficina","article_modified_time":"2026-04-20T07:02:20+00:00","og_image":[{"width":800,"height":800,"url":"https:\/\/autobarbosa.com\/wp-content\/uploads\/2025\/11\/1pfcl3345rc6e.png","type":"image\/png"}],"twitter_card":"summary_large_image","twitter_misc":{"Dur\u00e9e de lecture estim\u00e9e":"1 minute"},"schema":{"@context":"https:\/\/schema.org","@graph":[{"@type":"WebPage","@id":"https:\/\/autobarbosa.com\/fr\/produto\/jogo-calcos-travoes-cl-rc6-alcon-cp5100-peugeot-206s1600-207-rc1-6-saxo-5007w43t16\/","url":"https:\/\/autobarbosa.com\/fr\/produto\/jogo-calcos-travoes-cl-rc6-alcon-cp5100-peugeot-206s1600-207-rc1-6-saxo-5007w43t16\/","name":"JOGO CAL\u00c7OS TRAVOES CL RC6 ALCON CP5100 - PEUGEOT 206S1600 \/207 RC1.6 \/ SAXO (5007W43T16) - Oficina de manuten\u00e7\u00e3o e repara\u00e7\u00e3o de veiculos automoveis em S. Miguel, A\u00e7ores - Auto Barbosa","isPartOf":{"@id":"https:\/\/autobarbosa.com\/fr\/#website"},"datePublished":"2025-11-26T08:02:16+00:00","dateModified":"2026-04-20T07:02:20+00:00","breadcrumb":{"@id":"https:\/\/autobarbosa.com\/fr\/produto\/jogo-calcos-travoes-cl-rc6-alcon-cp5100-peugeot-206s1600-207-rc1-6-saxo-5007w43t16\/#breadcrumb"},"inLanguage":"fr-FR","potentialAction":[{"@type":"ReadAction","target":["https:\/\/autobarbosa.com\/fr\/produto\/jogo-calcos-travoes-cl-rc6-alcon-cp5100-peugeot-206s1600-207-rc1-6-saxo-5007w43t16\/"]}]},{"@type":"BreadcrumbList","@id":"https:\/\/autobarbosa.com\/fr\/produto\/jogo-calcos-travoes-cl-rc6-alcon-cp5100-peugeot-206s1600-207-rc1-6-saxo-5007w43t16\/#breadcrumb","itemListElement":[{"@type":"ListItem","position":1,"name":"In\u00edcio","item":"https:\/\/autobarbosa.com\/fr\/"},{"@type":"ListItem","position":2,"name":"Loja","item":"https:\/\/autobarbosa.com\/"},{"@type":"ListItem","position":3,"name":"JOGO CAL\u00c7OS TRAVOES CL RC6 ALCON CP5100 &#8211; PEUGEOT 206S1600 \/207 RC1.6 \/ SAXO (5007W43T16)"}]},{"@type":"WebSite","@id":"https:\/\/autobarbosa.com\/fr\/#website","url":"https:\/\/autobarbosa.com\/fr\/","name":"Oficina de manuten\u00e7\u00e3o e repara\u00e7\u00e3o de veiculos automoveis em S. Miguel, A\u00e7ores - Auto Barbosa","description":"Auto Barbosa","publisher":{"@id":"https:\/\/autobarbosa.com\/fr\/#organization"},"potentialAction":[{"@type":"SearchAction","target":{"@type":"EntryPoint","urlTemplate":"https:\/\/autobarbosa.com\/fr\/?s={search_term_string}"},"query-input":"required name=search_term_string"}],"inLanguage":"fr-FR"},{"@type":"Organization","@id":"https:\/\/autobarbosa.com\/fr\/#organization","name":"Oficina de manuten\u00e7\u00e3o e repara\u00e7\u00e3o de veiculos automoveis em S. Miguel, A\u00e7ores - Auto Barbosa","url":"https:\/\/autobarbosa.com\/fr\/","logo":{"@type":"ImageObject","inLanguage":"fr-FR","@id":"https:\/\/autobarbosa.com\/fr\/#\/schema\/logo\/image\/","url":"https:\/\/autobarbosa.com\/wp-content\/uploads\/2023\/03\/AUTO-BARBOSA-LOGO-1-e1678715539111.png","contentUrl":"https:\/\/autobarbosa.com\/wp-content\/uploads\/2023\/03\/AUTO-BARBOSA-LOGO-1-e1678715539111.png","width":3233,"height":3233,"caption":"Oficina de manuten\u00e7\u00e3o e repara\u00e7\u00e3o de veiculos automoveis em S. Miguel, A\u00e7ores - Auto Barbosa"},"image":{"@id":"https:\/\/autobarbosa.com\/fr\/#\/schema\/logo\/image\/"},"sameAs":["https:\/\/www.facebook.com\/autobarbosaoficina","https:\/\/www.instagram.com\/autobarbosa.oficina\/"]}]}},"_links":{"self":[{"href":"https:\/\/autobarbosa.com\/fr\/wp-json\/wp\/v3\/product\/17597","targetHints":{"allow":["GET"]}}],"collection":[{"href":"https:\/\/autobarbosa.com\/fr\/wp-json\/wp\/v3\/product"}],"about":[{"href":"https:\/\/autobarbosa.com\/fr\/wp-json\/wp\/v2\/types\/product"}],"wp:featuredmedia":[{"embeddable":true,"href":"https:\/\/autobarbosa.com\/fr\/wp-json\/wp\/v2\/media\/17593"}],"wp:attachment":[{"href":"https:\/\/autobarbosa.com\/fr\/wp-json\/wp\/v2\/media?parent=17597"}],"wp:term":[{"taxonomy":"product_cat","embeddable":true,"href":"https:\/\/autobarbosa.com\/fr\/wp-json\/wp\/v2\/product_cat?post=17597"},{"taxonomy":"product_tag","embeddable":true,"href":"https:\/\/autobarbosa.com\/fr\/wp-json\/wp\/v2\/product_tag?post=17597"},{"taxonomy":"marca","embeddable":true,"href":"https:\/\/autobarbosa.com\/fr\/wp-json\/wp\/v2\/marca?post=17597"}],"curies":[{"name":"wp","href":"https:\/\/api.w.org\/{rel}","templated":true}]}}