{"id":17709,"date":"2025-11-26T07:02:47","date_gmt":"2025-11-26T08:02:47","guid":{"rendered":"https:\/\/autobarbosa.com\/produto\/jogo-calcos-travoes-clrc5-tras-mitsubishi-evo-6-7-fabricante-brembo\/"},"modified":"2026-04-20T07:02:47","modified_gmt":"2026-04-20T07:02:47","slug":"jogo-calcos-travoes-clrc5-tras-mitsubishi-evo-6-7-fabricante-brembo","status":"publish","type":"product","link":"https:\/\/autobarbosa.com\/fr\/produto\/jogo-calcos-travoes-clrc5-tras-mitsubishi-evo-6-7-fabricante-brembo\/","title":{"rendered":"JOGO CAL\u00c7OS TRAV\u00d5ES  CLRC5+ TR\u00c1S &#8211; MITSUBISHI EVO 6\/7 FABRICANTE BREMBO"},"content":{"rendered":"<p>Pastilhas de Trav\u00f5es CL BRAKES RC5+ para LOTUS Elise Esprit Exige dianteiro e MITSUBISHI Lancer EVO 5 a 9 2.0L traseiro<\/p>\n<p>A CL BRAKES d\u00e1 suporte a muitos motoristas, profissionais e n\u00e3o profissionais, em todos os n\u00edveis, todos os anos, ganhando a experi\u00eancia necess\u00e1ria para desenvolver os materiais de frenagem mais eficientes.<br \/>\nGra\u00e7as \u00e0 competi\u00e7\u00e3o, o desenvolvimento de novos produtos \u00e9 sempre realizado no mais alto n\u00edvel de desempenho.<br \/>\nToda a gama \u00e9 caracterizada por um franco \u201cataque\u201d de travagem.<br \/>\nEste material oferece uma gama muito ampla de aplica\u00e7\u00f5es poss\u00edveis, tanto em ralis como em circuitos.<br \/>\nCoeficiente de atrito m\u00e9dio de 0,4.<br \/>\nEle vem vencendo corridas h\u00e1 6 anos gra\u00e7as \u00e0 sua imbat\u00edvel rela\u00e7\u00e3o efici\u00eancia\/facilidade de uso.<br \/>\nOferece consist\u00eancia de atrito muito alta em alto n\u00edvel. Sua utiliza\u00e7\u00e3o requer fluido de freio de muito boa qualidade.<\/p>\n<p>Procedimento de arrombamento:<br \/>\nN\u00e3o \u00e9 necess\u00e1rio nenhum procedimento espec\u00edfico de arrombamento.<br \/>\nEm discos novos: Aque\u00e7a o sistema gradualmente.<br \/>\nEm discos de rodagem: Frenagem m\u00e9dia.<br \/>\nUse com fluido de freio de alta qualidade.<br \/>\nSangre os freios com frequ\u00eancia.<br \/>\nMaterial de fric\u00e7\u00e3o de metal sinterizado.<br \/>\nPrincipais componentes: Grafite, cer\u00e2mica, ferro, cobre e bronze.<br \/>\nEsta placa n\u00e3o utiliza chumbo, amianto ou n\u00edquel (tecnologia NoNiTech) para preservar o meio ambiente.<\/p>\n<p>Pastilhas de Trav\u00f5es dianteiras para:<br \/>\n&#8211; Caterham R300<br \/>\n&#8211; Lotus 2-Eleven<br \/>\n&#8211; Lotus 340 R 1.8<br \/>\n&#8211; Lotus Elise 1.8 16V de 1995 a 2000<br \/>\n&#8211; Lotus Elise 111 R \/ S \/ Sc de 1999 a 2000<br \/>\n&#8211; Lotus Elise 340R 1.8 de 2000 a 2001<br \/>\n&#8211; Lotus Elise Mk1 \/ Mk2 de 1996<br \/>\n&#8211; Lotus Elise Mk2 Cup \/ Sc de 2007<br \/>\n&#8211; Lotus Elise S \/ S1 \/ S2 de 2006<br \/>\n&#8211; Lotus Esprit S1 2.2 \/ S2 \/ S3 Turbo 16V de 1975 a 1987<br \/>\n&#8211; Lotus Exige 1.8 de 1998<br \/>\n&#8211; Lotus Exige 1.8 16V de 2001<br \/>\n&#8211; Lotus Exige 1.8 Cup 240 de 2006<br \/>\n&#8211; Lotus Exige Cup 260 de 2009<br \/>\n&#8211; Lotus Exige S \/ S1 \/ S2<br \/>\n&#8211; Opel Speedster 2.2 de 2003<br \/>\n&#8211; Opel Speedster 2.0 Turbo de 2000<br \/>\n&#8211; Vauxhall VX220 2.0L Turbo<br \/>\n&#8211; Vauxhall VX220 2.2L<\/p>\n<p>Pastilhas de freio traseiras para:<br \/>\n&#8211; Maserati Quattroporte 2.8 Twin Turbo \/ 3.2 V8 de 1996 a 2001<br \/>\n&#8211; Mitsubishi Lancer 2.0L Turbo Evo 5 \/ 6 \/ 7 \/ 8 \/ 9<br \/>\n&#8211; Mitsubishi Lancer 2.0L Evo 8<br \/>\n&#8211; Mitsubishi Lancer 2.0L Evo 9 MR \/ RS \/ SE<br \/>\n&#8211; Nissan 350 Z Z33 de 2003 a 2009<br \/>\n&#8211; Nissan Skyline GTR R32 de 1992 a 1995<br \/>\n&#8211; Nissan Skyline GTR R33 de 1995 a 1998<br \/>\n&#8211; Nissan Skyline GTR R34 2.6 Twin Turbo de 1997 a 2003<br \/>\n&#8211; Subaru Impreza 2 WRX Sti 2.5 Turbo de 2005 a 2007<br \/>\n&#8211; Subaru Impreza 3 WRX Sti 2.5 2010<br \/>\n&#8211; Subaru WRX Sti 2.5 1015<\/p>\n","protected":false},"excerpt":{"rendered":"<p>Pastilhas de Trav\u00f5es CL BRAKES RC5+ para LOTUS Elise Esprit Exige dianteiro e MITSUBISHI Lancer EVO 5 a 9 2.0L traseiro<\/p>\n<p>A CL BRAKES d\u00e1 suporte a muitos motoristas, profissionais e n\u00e3o profissionais, em todos os n\u00edveis, todos os anos, ganhando a experi\u00eancia necess\u00e1ria para desenvolver os materiais de frenagem mais eficientes.<br \/>\nGra\u00e7as \u00e0 competi\u00e7\u00e3o, o desenvolvimento de novos produtos \u00e9 sempre realizado no mais alto n\u00edvel de desempenho.<br \/>\nToda a gama \u00e9 caracterizada por um franco \u201cataque\u201d de travagem.<br \/>\nEste material oferece uma gama muito ampla de aplica\u00e7\u00f5es poss\u00edveis, tanto em ralis como em circuitos.<br \/>\nCoeficiente de atrito m\u00e9dio de 0,4.<br \/>\nEle vem vencendo corridas h\u00e1 6 anos gra\u00e7as \u00e0 sua imbat\u00edvel rela\u00e7\u00e3o efici\u00eancia\/facilidade de uso.<br \/>\nOferece consist\u00eancia de atrito muito alta em alto n\u00edvel. Sua utiliza\u00e7\u00e3o requer fluido de freio de muito boa qualidade.<\/p>\n<p>Procedimento de arrombamento:<br \/>\nN\u00e3o \u00e9 necess\u00e1rio nenhum procedimento espec\u00edfico de arrombamento.<br \/>\nEm discos novos: Aque\u00e7a o sistema gradualmente.<br \/>\nEm discos de rodagem: Frenagem m\u00e9dia.<br \/>\nUse com fluido de freio de alta qualidade.<br \/>\nSangre os freios com frequ\u00eancia.<br \/>\nMaterial de fric\u00e7\u00e3o de metal sinterizado.<br \/>\nPrincipais componentes: Grafite, cer\u00e2mica, ferro, cobre e bronze.<br \/>\nEsta placa n\u00e3o utiliza chumbo, amianto ou n\u00edquel (tecnologia NoNiTech) para preservar o meio ambiente.<\/p>\n<p>Pastilhas de Trav\u00f5es dianteiras para:<br \/>\n&#8211; Caterham R300<br \/>\n&#8211; Lotus 2-Eleven<br \/>\n&#8211; Lotus 340 R 1.8<br \/>\n&#8211; Lotus Elise 1.8 16V de 1995 a 2000<br \/>\n&#8211; Lotus Elise 111 R \/ S \/ Sc de 1999 a 2000<br \/>\n&#8211; Lotus Elise 340R 1.8 de 2000 a 2001<br \/>\n&#8211; Lotus Elise Mk1 \/ Mk2 de 1996<br \/>\n&#8211; Lotus Elise Mk2 Cup \/ Sc de 2007<br \/>\n&#8211; Lotus Elise S \/ S1 \/ S2 de 2006<br \/>\n&#8211; Lotus Esprit S1 2.2 \/ S2 \/ S3 Turbo 16V de 1975 a 1987<br \/>\n&#8211; Lotus Exige 1.8 de 1998<br \/>\n&#8211; Lotus Exige 1.8 16V de 2001<br \/>\n&#8211; Lotus Exige 1.8 Cup 240 de 2006<br \/>\n&#8211; Lotus Exige Cup 260 de 2009<br \/>\n&#8211; Lotus Exige S \/ S1 \/ S2<br \/>\n&#8211; Opel Speedster 2.2 de 2003<br \/>\n&#8211; Opel Speedster 2.0 Turbo de 2000<br \/>\n&#8211; Vauxhall VX220 2.0L Turbo<br \/>\n&#8211; Vauxhall VX220 2.2L<\/p>\n<p>Pastilhas de freio traseiras para:<br \/>\n&#8211; Maserati Quattroporte 2.8 Twin Turbo \/ 3.2 V8 de 1996 a 2001<br \/>\n&#8211; Mitsubishi Lancer 2.0L Turbo Evo 5 \/ 6 \/ 7 \/ 8 \/ 9<br \/>\n&#8211; Mitsubishi Lancer 2.0L Evo 8<br \/>\n&#8211; Mitsubishi Lancer 2.0L Evo 9 MR \/ RS \/ SE<br \/>\n&#8211; Nissan 350 Z Z33 de 2003 a 2009<br \/>\n&#8211; Nissan Skyline GTR R32 de 1992 a 1995<br \/>\n&#8211; Nissan Skyline GTR R33 de 1995 a 1998<br \/>\n&#8211; Nissan Skyline GTR R34 2.6 Twin Turbo de 1997 a 2003<br \/>\n&#8211; Subaru Impreza 2 WRX Sti 2.5 Turbo de 2005 a 2007<br \/>\n&#8211; Subaru Impreza 3 WRX Sti 2.5 2010<br \/>\n&#8211; Subaru WRX Sti 2.5 1015<\/p>\n","protected":false},"featured_media":17705,"template":"","meta":[],"product_cat":[479,484,509],"product_tag":[],"marca":[148],"class_list":["post-17709","product","type-product","status-publish","has-post-thumbnail","hentry","product_cat-viatura","product_cat-sistema-travagem","product_cat-pastilhas-travoes","marca-carbone-lorraine"],"yoast_head":"<!-- This site is optimized with the Yoast SEO plugin v20.5 - https:\/\/yoast.com\/wordpress\/plugins\/seo\/ -->\n<title>JOGO CAL\u00c7OS TRAV\u00d5ES CLRC5+ TR\u00c1S - MITSUBISHI EVO 6\/7 FABRICANTE BREMBO - Oficina de manuten\u00e7\u00e3o e repara\u00e7\u00e3o de veiculos automoveis em S. Miguel, A\u00e7ores - Auto Barbosa<\/title>\n<meta name=\"robots\" content=\"index, follow, max-snippet:-1, max-image-preview:large, max-video-preview:-1\" \/>\n<link rel=\"canonical\" href=\"https:\/\/autobarbosa.com\/fr\/produto\/jogo-calcos-travoes-clrc5-tras-mitsubishi-evo-6-7-fabricante-brembo\/\" \/>\n<meta property=\"og:locale\" content=\"fr_FR\" \/>\n<meta property=\"og:type\" content=\"article\" \/>\n<meta property=\"og:title\" content=\"JOGO CAL\u00c7OS TRAV\u00d5ES CLRC5+ TR\u00c1S - MITSUBISHI EVO 6\/7 FABRICANTE BREMBO - Oficina de manuten\u00e7\u00e3o e repara\u00e7\u00e3o de veiculos automoveis em S. Miguel, A\u00e7ores - Auto Barbosa\" \/>\n<meta property=\"og:description\" content=\"Pastilhas de Trav\u00f5es CL BRAKES RC5+ para LOTUS Elise Esprit Exige dianteiro e MITSUBISHI Lancer EVO 5 a 9 2.0L traseiro  A CL BRAKES d\u00e1 suporte a muitos motoristas, profissionais e n\u00e3o profissionais, em todos os n\u00edveis, todos os anos, ganhando a experi\u00eancia necess\u00e1ria para desenvolver os materiais de frenagem mais eficientes. Gra\u00e7as \u00e0 competi\u00e7\u00e3o, o desenvolvimento de novos produtos \u00e9 sempre realizado no mais alto n\u00edvel de desempenho. Toda a gama \u00e9 caracterizada por um franco \u201cataque\u201d de travagem. Este material oferece uma gama muito ampla de aplica\u00e7\u00f5es poss\u00edveis, tanto em ralis como em circuitos. Coeficiente de atrito m\u00e9dio de 0,4. Ele vem vencendo corridas h\u00e1 6 anos gra\u00e7as \u00e0 sua imbat\u00edvel rela\u00e7\u00e3o efici\u00eancia\/facilidade de uso. Oferece consist\u00eancia de atrito muito alta em alto n\u00edvel. Sua utiliza\u00e7\u00e3o requer fluido de freio de muito boa qualidade.  Procedimento de arrombamento: N\u00e3o \u00e9 necess\u00e1rio nenhum procedimento espec\u00edfico de arrombamento. Em discos novos: Aque\u00e7a o sistema gradualmente. Em discos de rodagem: Frenagem m\u00e9dia. Use com fluido de freio de alta qualidade. Sangre os freios com frequ\u00eancia. Material de fric\u00e7\u00e3o de metal sinterizado. Principais componentes: Grafite, cer\u00e2mica, ferro, cobre e bronze. Esta placa n\u00e3o utiliza chumbo, amianto ou n\u00edquel (tecnologia NoNiTech) para preservar o meio ambiente.  Pastilhas de Trav\u00f5es dianteiras para: - Caterham R300 - Lotus 2-Eleven - Lotus 340 R 1.8 - Lotus Elise 1.8 16V de 1995 a 2000 - Lotus Elise 111 R \/ S \/ Sc de 1999 a 2000 - Lotus Elise 340R 1.8 de 2000 a 2001 - Lotus Elise Mk1 \/ Mk2 de 1996 - Lotus Elise Mk2 Cup \/ Sc de 2007 - Lotus Elise S \/ S1 \/ S2 de 2006 - Lotus Esprit S1 2.2 \/ S2 \/ S3 Turbo 16V de 1975 a 1987 - Lotus Exige 1.8 de 1998 - Lotus Exige 1.8 16V de 2001 - Lotus Exige 1.8 Cup 240 de 2006 - Lotus Exige Cup 260 de 2009 - Lotus Exige S \/ S1 \/ S2 - Opel Speedster 2.2 de 2003 - Opel Speedster 2.0 Turbo de 2000 - Vauxhall VX220 2.0L Turbo - Vauxhall VX220 2.2L  Pastilhas de freio traseiras para: - Maserati Quattroporte 2.8 Twin Turbo \/ 3.2 V8 de 1996 a 2001 - Mitsubishi Lancer 2.0L Turbo Evo 5 \/ 6 \/ 7 \/ 8 \/ 9 - Mitsubishi Lancer 2.0L Evo 8 - Mitsubishi Lancer 2.0L Evo 9 MR \/ RS \/ SE - Nissan 350 Z Z33 de 2003 a 2009 - Nissan Skyline GTR R32 de 1992 a 1995 - Nissan Skyline GTR R33 de 1995 a 1998 - Nissan Skyline GTR R34 2.6 Twin Turbo de 1997 a 2003 - Subaru Impreza 2 WRX Sti 2.5 Turbo de 2005 a 2007 - Subaru Impreza 3 WRX Sti 2.5 2010 - Subaru WRX Sti 2.5 1015\" \/>\n<meta property=\"og:url\" content=\"https:\/\/autobarbosa.com\/fr\/produto\/jogo-calcos-travoes-clrc5-tras-mitsubishi-evo-6-7-fabricante-brembo\/\" \/>\n<meta property=\"og:site_name\" content=\"Oficina de manuten\u00e7\u00e3o e repara\u00e7\u00e3o de veiculos automoveis em S. Miguel, A\u00e7ores - Auto Barbosa\" \/>\n<meta property=\"article:publisher\" content=\"https:\/\/www.facebook.com\/autobarbosaoficina\" \/>\n<meta property=\"article:modified_time\" content=\"2026-04-20T07:02:47+00:00\" \/>\n<meta property=\"og:image\" content=\"https:\/\/autobarbosa.com\/wp-content\/uploads\/2025\/11\/1pfcl4060t14rc5.png\" \/>\n\t<meta property=\"og:image:width\" content=\"800\" \/>\n\t<meta property=\"og:image:height\" content=\"800\" \/>\n\t<meta property=\"og:image:type\" content=\"image\/png\" \/>\n<meta name=\"twitter:card\" content=\"summary_large_image\" \/>\n<meta name=\"twitter:label1\" content=\"Dur\u00e9e de lecture estim\u00e9e\" \/>\n\t<meta name=\"twitter:data1\" content=\"2 minutes\" \/>\n<script type=\"application\/ld+json\" class=\"yoast-schema-graph\">{\"@context\":\"https:\/\/schema.org\",\"@graph\":[{\"@type\":\"WebPage\",\"@id\":\"https:\/\/autobarbosa.com\/fr\/produto\/jogo-calcos-travoes-clrc5-tras-mitsubishi-evo-6-7-fabricante-brembo\/\",\"url\":\"https:\/\/autobarbosa.com\/fr\/produto\/jogo-calcos-travoes-clrc5-tras-mitsubishi-evo-6-7-fabricante-brembo\/\",\"name\":\"JOGO CAL\u00c7OS TRAV\u00d5ES CLRC5+ TR\u00c1S - MITSUBISHI EVO 6\/7 FABRICANTE BREMBO - Oficina de manuten\u00e7\u00e3o e repara\u00e7\u00e3o de veiculos automoveis em S. Miguel, A\u00e7ores - Auto Barbosa\",\"isPartOf\":{\"@id\":\"https:\/\/autobarbosa.com\/fr\/#website\"},\"datePublished\":\"2025-11-26T08:02:47+00:00\",\"dateModified\":\"2026-04-20T07:02:47+00:00\",\"breadcrumb\":{\"@id\":\"https:\/\/autobarbosa.com\/fr\/produto\/jogo-calcos-travoes-clrc5-tras-mitsubishi-evo-6-7-fabricante-brembo\/#breadcrumb\"},\"inLanguage\":\"fr-FR\",\"potentialAction\":[{\"@type\":\"ReadAction\",\"target\":[\"https:\/\/autobarbosa.com\/fr\/produto\/jogo-calcos-travoes-clrc5-tras-mitsubishi-evo-6-7-fabricante-brembo\/\"]}]},{\"@type\":\"BreadcrumbList\",\"@id\":\"https:\/\/autobarbosa.com\/fr\/produto\/jogo-calcos-travoes-clrc5-tras-mitsubishi-evo-6-7-fabricante-brembo\/#breadcrumb\",\"itemListElement\":[{\"@type\":\"ListItem\",\"position\":1,\"name\":\"In\u00edcio\",\"item\":\"https:\/\/autobarbosa.com\/fr\/\"},{\"@type\":\"ListItem\",\"position\":2,\"name\":\"Loja\",\"item\":\"https:\/\/autobarbosa.com\/\"},{\"@type\":\"ListItem\",\"position\":3,\"name\":\"JOGO CAL\u00c7OS TRAV\u00d5ES CLRC5+ TR\u00c1S &#8211; MITSUBISHI EVO 6\/7 FABRICANTE BREMBO\"}]},{\"@type\":\"WebSite\",\"@id\":\"https:\/\/autobarbosa.com\/fr\/#website\",\"url\":\"https:\/\/autobarbosa.com\/fr\/\",\"name\":\"Oficina de manuten\u00e7\u00e3o e repara\u00e7\u00e3o de veiculos automoveis em S. Miguel, A\u00e7ores - Auto Barbosa\",\"description\":\"Auto Barbosa\",\"publisher\":{\"@id\":\"https:\/\/autobarbosa.com\/fr\/#organization\"},\"potentialAction\":[{\"@type\":\"SearchAction\",\"target\":{\"@type\":\"EntryPoint\",\"urlTemplate\":\"https:\/\/autobarbosa.com\/fr\/?s={search_term_string}\"},\"query-input\":\"required name=search_term_string\"}],\"inLanguage\":\"fr-FR\"},{\"@type\":\"Organization\",\"@id\":\"https:\/\/autobarbosa.com\/fr\/#organization\",\"name\":\"Oficina de manuten\u00e7\u00e3o e repara\u00e7\u00e3o de veiculos automoveis em S. Miguel, A\u00e7ores - Auto Barbosa\",\"url\":\"https:\/\/autobarbosa.com\/fr\/\",\"logo\":{\"@type\":\"ImageObject\",\"inLanguage\":\"fr-FR\",\"@id\":\"https:\/\/autobarbosa.com\/fr\/#\/schema\/logo\/image\/\",\"url\":\"https:\/\/autobarbosa.com\/wp-content\/uploads\/2023\/03\/AUTO-BARBOSA-LOGO-1-e1678715539111.png\",\"contentUrl\":\"https:\/\/autobarbosa.com\/wp-content\/uploads\/2023\/03\/AUTO-BARBOSA-LOGO-1-e1678715539111.png\",\"width\":3233,\"height\":3233,\"caption\":\"Oficina de manuten\u00e7\u00e3o e repara\u00e7\u00e3o de veiculos automoveis em S. Miguel, A\u00e7ores - Auto Barbosa\"},\"image\":{\"@id\":\"https:\/\/autobarbosa.com\/fr\/#\/schema\/logo\/image\/\"},\"sameAs\":[\"https:\/\/www.facebook.com\/autobarbosaoficina\",\"https:\/\/www.instagram.com\/autobarbosa.oficina\/\"]}]}<\/script>\n<!-- \/ Yoast SEO plugin. -->","yoast_head_json":{"title":"JOGO CAL\u00c7OS TRAV\u00d5ES CLRC5+ TR\u00c1S - MITSUBISHI EVO 6\/7 FABRICANTE BREMBO - Oficina de manuten\u00e7\u00e3o e repara\u00e7\u00e3o de veiculos automoveis em S. Miguel, A\u00e7ores - Auto Barbosa","robots":{"index":"index","follow":"follow","max-snippet":"max-snippet:-1","max-image-preview":"max-image-preview:large","max-video-preview":"max-video-preview:-1"},"canonical":"https:\/\/autobarbosa.com\/fr\/produto\/jogo-calcos-travoes-clrc5-tras-mitsubishi-evo-6-7-fabricante-brembo\/","og_locale":"fr_FR","og_type":"article","og_title":"JOGO CAL\u00c7OS TRAV\u00d5ES CLRC5+ TR\u00c1S - MITSUBISHI EVO 6\/7 FABRICANTE BREMBO - Oficina de manuten\u00e7\u00e3o e repara\u00e7\u00e3o de veiculos automoveis em S. Miguel, A\u00e7ores - Auto Barbosa","og_description":"Pastilhas de Trav\u00f5es CL BRAKES RC5+ para LOTUS Elise Esprit Exige dianteiro e MITSUBISHI Lancer EVO 5 a 9 2.0L traseiro  A CL BRAKES d\u00e1 suporte a muitos motoristas, profissionais e n\u00e3o profissionais, em todos os n\u00edveis, todos os anos, ganhando a experi\u00eancia necess\u00e1ria para desenvolver os materiais de frenagem mais eficientes. Gra\u00e7as \u00e0 competi\u00e7\u00e3o, o desenvolvimento de novos produtos \u00e9 sempre realizado no mais alto n\u00edvel de desempenho. Toda a gama \u00e9 caracterizada por um franco \u201cataque\u201d de travagem. Este material oferece uma gama muito ampla de aplica\u00e7\u00f5es poss\u00edveis, tanto em ralis como em circuitos. Coeficiente de atrito m\u00e9dio de 0,4. Ele vem vencendo corridas h\u00e1 6 anos gra\u00e7as \u00e0 sua imbat\u00edvel rela\u00e7\u00e3o efici\u00eancia\/facilidade de uso. Oferece consist\u00eancia de atrito muito alta em alto n\u00edvel. Sua utiliza\u00e7\u00e3o requer fluido de freio de muito boa qualidade.  Procedimento de arrombamento: N\u00e3o \u00e9 necess\u00e1rio nenhum procedimento espec\u00edfico de arrombamento. Em discos novos: Aque\u00e7a o sistema gradualmente. Em discos de rodagem: Frenagem m\u00e9dia. Use com fluido de freio de alta qualidade. Sangre os freios com frequ\u00eancia. Material de fric\u00e7\u00e3o de metal sinterizado. Principais componentes: Grafite, cer\u00e2mica, ferro, cobre e bronze. Esta placa n\u00e3o utiliza chumbo, amianto ou n\u00edquel (tecnologia NoNiTech) para preservar o meio ambiente.  Pastilhas de Trav\u00f5es dianteiras para: - Caterham R300 - Lotus 2-Eleven - Lotus 340 R 1.8 - Lotus Elise 1.8 16V de 1995 a 2000 - Lotus Elise 111 R \/ S \/ Sc de 1999 a 2000 - Lotus Elise 340R 1.8 de 2000 a 2001 - Lotus Elise Mk1 \/ Mk2 de 1996 - Lotus Elise Mk2 Cup \/ Sc de 2007 - Lotus Elise S \/ S1 \/ S2 de 2006 - Lotus Esprit S1 2.2 \/ S2 \/ S3 Turbo 16V de 1975 a 1987 - Lotus Exige 1.8 de 1998 - Lotus Exige 1.8 16V de 2001 - Lotus Exige 1.8 Cup 240 de 2006 - Lotus Exige Cup 260 de 2009 - Lotus Exige S \/ S1 \/ S2 - Opel Speedster 2.2 de 2003 - Opel Speedster 2.0 Turbo de 2000 - Vauxhall VX220 2.0L Turbo - Vauxhall VX220 2.2L  Pastilhas de freio traseiras para: - Maserati Quattroporte 2.8 Twin Turbo \/ 3.2 V8 de 1996 a 2001 - Mitsubishi Lancer 2.0L Turbo Evo 5 \/ 6 \/ 7 \/ 8 \/ 9 - Mitsubishi Lancer 2.0L Evo 8 - Mitsubishi Lancer 2.0L Evo 9 MR \/ RS \/ SE - Nissan 350 Z Z33 de 2003 a 2009 - Nissan Skyline GTR R32 de 1992 a 1995 - Nissan Skyline GTR R33 de 1995 a 1998 - Nissan Skyline GTR R34 2.6 Twin Turbo de 1997 a 2003 - Subaru Impreza 2 WRX Sti 2.5 Turbo de 2005 a 2007 - Subaru Impreza 3 WRX Sti 2.5 2010 - Subaru WRX Sti 2.5 1015","og_url":"https:\/\/autobarbosa.com\/fr\/produto\/jogo-calcos-travoes-clrc5-tras-mitsubishi-evo-6-7-fabricante-brembo\/","og_site_name":"Oficina de manuten\u00e7\u00e3o e repara\u00e7\u00e3o de veiculos automoveis em S. Miguel, A\u00e7ores - Auto Barbosa","article_publisher":"https:\/\/www.facebook.com\/autobarbosaoficina","article_modified_time":"2026-04-20T07:02:47+00:00","og_image":[{"width":800,"height":800,"url":"https:\/\/autobarbosa.com\/wp-content\/uploads\/2025\/11\/1pfcl4060t14rc5.png","type":"image\/png"}],"twitter_card":"summary_large_image","twitter_misc":{"Dur\u00e9e de lecture estim\u00e9e":"2 minutes"},"schema":{"@context":"https:\/\/schema.org","@graph":[{"@type":"WebPage","@id":"https:\/\/autobarbosa.com\/fr\/produto\/jogo-calcos-travoes-clrc5-tras-mitsubishi-evo-6-7-fabricante-brembo\/","url":"https:\/\/autobarbosa.com\/fr\/produto\/jogo-calcos-travoes-clrc5-tras-mitsubishi-evo-6-7-fabricante-brembo\/","name":"JOGO CAL\u00c7OS TRAV\u00d5ES CLRC5+ TR\u00c1S - MITSUBISHI EVO 6\/7 FABRICANTE BREMBO - Oficina de manuten\u00e7\u00e3o e repara\u00e7\u00e3o de veiculos automoveis em S. Miguel, A\u00e7ores - Auto Barbosa","isPartOf":{"@id":"https:\/\/autobarbosa.com\/fr\/#website"},"datePublished":"2025-11-26T08:02:47+00:00","dateModified":"2026-04-20T07:02:47+00:00","breadcrumb":{"@id":"https:\/\/autobarbosa.com\/fr\/produto\/jogo-calcos-travoes-clrc5-tras-mitsubishi-evo-6-7-fabricante-brembo\/#breadcrumb"},"inLanguage":"fr-FR","potentialAction":[{"@type":"ReadAction","target":["https:\/\/autobarbosa.com\/fr\/produto\/jogo-calcos-travoes-clrc5-tras-mitsubishi-evo-6-7-fabricante-brembo\/"]}]},{"@type":"BreadcrumbList","@id":"https:\/\/autobarbosa.com\/fr\/produto\/jogo-calcos-travoes-clrc5-tras-mitsubishi-evo-6-7-fabricante-brembo\/#breadcrumb","itemListElement":[{"@type":"ListItem","position":1,"name":"In\u00edcio","item":"https:\/\/autobarbosa.com\/fr\/"},{"@type":"ListItem","position":2,"name":"Loja","item":"https:\/\/autobarbosa.com\/"},{"@type":"ListItem","position":3,"name":"JOGO CAL\u00c7OS TRAV\u00d5ES CLRC5+ TR\u00c1S &#8211; MITSUBISHI EVO 6\/7 FABRICANTE BREMBO"}]},{"@type":"WebSite","@id":"https:\/\/autobarbosa.com\/fr\/#website","url":"https:\/\/autobarbosa.com\/fr\/","name":"Oficina de manuten\u00e7\u00e3o e repara\u00e7\u00e3o de veiculos automoveis em S. Miguel, A\u00e7ores - Auto Barbosa","description":"Auto Barbosa","publisher":{"@id":"https:\/\/autobarbosa.com\/fr\/#organization"},"potentialAction":[{"@type":"SearchAction","target":{"@type":"EntryPoint","urlTemplate":"https:\/\/autobarbosa.com\/fr\/?s={search_term_string}"},"query-input":"required name=search_term_string"}],"inLanguage":"fr-FR"},{"@type":"Organization","@id":"https:\/\/autobarbosa.com\/fr\/#organization","name":"Oficina de manuten\u00e7\u00e3o e repara\u00e7\u00e3o de veiculos automoveis em S. Miguel, A\u00e7ores - Auto Barbosa","url":"https:\/\/autobarbosa.com\/fr\/","logo":{"@type":"ImageObject","inLanguage":"fr-FR","@id":"https:\/\/autobarbosa.com\/fr\/#\/schema\/logo\/image\/","url":"https:\/\/autobarbosa.com\/wp-content\/uploads\/2023\/03\/AUTO-BARBOSA-LOGO-1-e1678715539111.png","contentUrl":"https:\/\/autobarbosa.com\/wp-content\/uploads\/2023\/03\/AUTO-BARBOSA-LOGO-1-e1678715539111.png","width":3233,"height":3233,"caption":"Oficina de manuten\u00e7\u00e3o e repara\u00e7\u00e3o de veiculos automoveis em S. Miguel, A\u00e7ores - Auto Barbosa"},"image":{"@id":"https:\/\/autobarbosa.com\/fr\/#\/schema\/logo\/image\/"},"sameAs":["https:\/\/www.facebook.com\/autobarbosaoficina","https:\/\/www.instagram.com\/autobarbosa.oficina\/"]}]}},"_links":{"self":[{"href":"https:\/\/autobarbosa.com\/fr\/wp-json\/wp\/v3\/product\/17709","targetHints":{"allow":["GET"]}}],"collection":[{"href":"https:\/\/autobarbosa.com\/fr\/wp-json\/wp\/v3\/product"}],"about":[{"href":"https:\/\/autobarbosa.com\/fr\/wp-json\/wp\/v2\/types\/product"}],"wp:featuredmedia":[{"embeddable":true,"href":"https:\/\/autobarbosa.com\/fr\/wp-json\/wp\/v2\/media\/17705"}],"wp:attachment":[{"href":"https:\/\/autobarbosa.com\/fr\/wp-json\/wp\/v2\/media?parent=17709"}],"wp:term":[{"taxonomy":"product_cat","embeddable":true,"href":"https:\/\/autobarbosa.com\/fr\/wp-json\/wp\/v2\/product_cat?post=17709"},{"taxonomy":"product_tag","embeddable":true,"href":"https:\/\/autobarbosa.com\/fr\/wp-json\/wp\/v2\/product_tag?post=17709"},{"taxonomy":"marca","embeddable":true,"href":"https:\/\/autobarbosa.com\/fr\/wp-json\/wp\/v2\/marca?post=17709"}],"curies":[{"name":"wp","href":"https:\/\/api.w.org\/{rel}","templated":true}]}}