{"id":17717,"date":"2025-11-26T07:02:49","date_gmt":"2025-11-26T08:02:49","guid":{"rendered":"https:\/\/autobarbosa.com\/produto\/jogo-calcos-travoes-cl-rc6-evo-9-c2r2-megane-rs-frt\/"},"modified":"2026-04-20T07:02:49","modified_gmt":"2026-04-20T07:02:49","slug":"jogo-calcos-travoes-cl-rc6-evo-9-c2r2-megane-rs-frt","status":"publish","type":"product","link":"https:\/\/autobarbosa.com\/fr\/produto\/jogo-calcos-travoes-cl-rc6-evo-9-c2r2-megane-rs-frt\/","title":{"rendered":"JOGO CAL\u00c7OS TRAVOES CL RC6 EVO 9\/C2R2\/MEGANE RS FRT"},"content":{"rendered":"<p>Pastilhas de freio CL BRAKES RC6 para MITSUBISHI Lancer Evo ou RENAULT Megane III RS front<br \/>\nCL BRAKES ap\u00f3ia muitos pilotos todos os anos, profissionais ou n\u00e3o, em todos os n\u00edveis, ganhando a experi\u00eancia necess\u00e1ria para o desenvolvimento dos materiais de frenagem mais eficientes.<br \/>\nGra\u00e7as \u00e0 concorr\u00eancia, o desenvolvimento de novos produtos \u00e9 sempre feito com o mais alto n\u00edvel de desempenho.<br \/>\nToda a gama \u00e9 caracterizada por um franco \u201cataque\u201d de travagem.<br \/>\nEste material oferece uma gama muito ampla de aplica\u00e7\u00f5es poss\u00edveis, em ralis ou em circuitos.<br \/>\nCoeficiente de atrito m\u00e9dio de 0,5.<br \/>\nJ\u00e1 ganha corridas h\u00e1 6 anos gra\u00e7as \u00e0 sua rela\u00e7\u00e3o efici\u00eancia \/ facilidade de uso imbat\u00edvel.<br \/>\nOferece consist\u00eancia de fric\u00e7\u00e3o muito alta em alto n\u00edvel. Seu uso requer um fluido de freio de muito boa qualidade.<\/p>\n<p>Procedimento de arrombamento:<br \/>\nN\u00e3o \u00e9 necess\u00e1rio arrombamento espec\u00edfico.<br \/>\nEm discos novos: Aque\u00e7a o sistema gradualmente.<br \/>\nEm discos lapidados: Alguma travagem m\u00e9dia.<br \/>\nUse com fluido de freio de alta qualidade.<br \/>\nSangre os freios frequentemente.<br \/>\nMaterial de fric\u00e7\u00e3o de metal sinterizado.<br \/>\nComponentes principais: Grafite, cer\u00e2mica, ferro, cobre e bronze.<br \/>\nEsta placa n\u00e3o utiliza chumbo, nem amianto, nem n\u00edquel (tecnologia NoNiTech) para a preserva\u00e7\u00e3o do meio ambiente.<\/p>\n<p>Pastilhas de freio dianteiras para:<br \/>\n&#8211; ALFA ROMEO 147 3.2 GTA V6 24V (250CV) de 2002 a 2006<br \/>\n&#8211; ALFA ROMEO 156 3.2 GTA de 2003 a 2005<br \/>\n&#8211; ALFA ROMEO 166 2.0 V6 \/ 2.5 24V \/ 3.0 24V de 1998 a 2000<br \/>\n&#8211; ALFA ROMEO .<br \/>\n_<br \/>\n_<br \/>\n_<br \/>\n_<br \/>\n_ 2.5 TFSI Quattro de 2009 a 2013<br \/>\n&#8211; CHEVROLET Camaro Coupe 1SS &amp; 2SS de 2010<br \/>\n&#8211; CITROEN C2 1.6i 16V Challenge de 2003 Lucas caliper<br \/>\n&#8211; CITROEN C2 Challenge Asphalt Lucas caliper<br \/>\n&#8211; CITROEN C2 R2 \/ R2 Max Asphalt de 2003 Lucas caliper<br \/>\n&#8211; CITROEN C2 R2 1.6 16V Asphalt de 2009 a 2011 Lucas caliper &#8211;<br \/>\nCITROEN C2 Sport de 2003<br \/>\n&#8211; HOMMELL Berlinette RS2 GT Rallye Asphalt de 2001 Bendix caliper<br \/>\n&#8211; MASERATI Quattroporte III 4.2 de 2004<br \/>\n&#8211; MITSUBISHI Lancer Evo IX 2.0 Turbo de 2004 a 2006 pin\u00e7a Brembo<br \/>\n&#8211; MITSUBISHI Lancer Evo V 2.0 Turbo de 1996 a 2001 pin\u00e7a Brembo &#8211; MITSUBISHI<br \/>\nLancer Evo VI 2.0 Turbo de 1999 pin\u00e7a Brembo<br \/>\n&#8211; MITSUBISHI Lancer Evo VII 2.0 Turbo de 1999 pin\u00e7a Brembo<br \/>\n&#8211; MITSUBISHI Lancer Evo VIII 2.0 Turbo de 2002 a 2011 pin\u00e7a Brembo<br \/>\n&#8211; MITSUBISHI Lancer Evo X 2.0 Turbo de 2007 pin\u00e7a Brembo<br \/>\n&#8211; MITSUBISHI Lancer Evo X de 2008<br \/>\n&#8211; RENAULT Megane (3) RS (250CV) de 2009 Lucas caliper<br \/>\n&#8211; RENAULT Megane (3) RS X95 de 2009<\/p>\n<p>&#8211; RENAULT Megane (4) RS (280CV) de 2018<br \/>\n&#8211; SUBARU Impreza (2) WRX STI 2.0 16V Turbo 4WD (265CV) de 2001 a 2005<br \/>\n&#8211; SUBARU Impreza (2) WRX STI 2.0 16V Turbo 4WD (320CV) de 2002 a 2005<br \/>\n&#8211; SUBARU Impreza STI \/ WRX GRN Rallye Asphalt de 2006<br \/>\n&#8211; SUBARU Impreza WRX STI S (300CV) de 2008<br \/>\n&#8211; VOLKSWAGEN Touareg (7LA \/ 7L6 \/ 7L7) 3.2 V6 de 2002 a 2006<br \/>\n&#8211; VOLKSWAGEN Touareg (7LA) 3.6 V6 FSI de 2006 Brembo paqu\u00edmetro<\/p>\n","protected":false},"excerpt":{"rendered":"<p>Pastilhas de freio CL BRAKES RC6 para MITSUBISHI Lancer Evo ou RENAULT Megane III RS front<br \/>\nCL BRAKES ap\u00f3ia muitos pilotos todos os anos, profissionais ou n\u00e3o, em todos os n\u00edveis, ganhando a experi\u00eancia necess\u00e1ria para o desenvolvimento dos materiais de frenagem mais eficientes.<br \/>\nGra\u00e7as \u00e0 concorr\u00eancia, o desenvolvimento de novos produtos \u00e9 sempre feito com o mais alto n\u00edvel de desempenho.<br \/>\nToda a gama \u00e9 caracterizada por um franco \u201cataque\u201d de travagem.<br \/>\nEste material oferece uma gama muito ampla de aplica\u00e7\u00f5es poss\u00edveis, em ralis ou em circuitos.<br \/>\nCoeficiente de atrito m\u00e9dio de 0,5.<br \/>\nJ\u00e1 ganha corridas h\u00e1 6 anos gra\u00e7as \u00e0 sua rela\u00e7\u00e3o efici\u00eancia \/ facilidade de uso imbat\u00edvel.<br \/>\nOferece consist\u00eancia de fric\u00e7\u00e3o muito alta em alto n\u00edvel. Seu uso requer um fluido de freio de muito boa qualidade.<\/p>\n<p>Procedimento de arrombamento:<br \/>\nN\u00e3o \u00e9 necess\u00e1rio arrombamento espec\u00edfico.<br \/>\nEm discos novos: Aque\u00e7a o sistema gradualmente.<br \/>\nEm discos lapidados: Alguma travagem m\u00e9dia.<br \/>\nUse com fluido de freio de alta qualidade.<br \/>\nSangre os freios frequentemente.<br \/>\nMaterial de fric\u00e7\u00e3o de metal sinterizado.<br \/>\nComponentes principais: Grafite, cer\u00e2mica, ferro, cobre e bronze.<br \/>\nEsta placa n\u00e3o utiliza chumbo, nem amianto, nem n\u00edquel (tecnologia NoNiTech) para a preserva\u00e7\u00e3o do meio ambiente.<\/p>\n<p>Pastilhas de freio dianteiras para:<br \/>\n&#8211; ALFA ROMEO 147 3.2 GTA V6 24V (250CV) de 2002 a 2006<br \/>\n&#8211; ALFA ROMEO 156 3.2 GTA de 2003 a 2005<br \/>\n&#8211; ALFA ROMEO 166 2.0 V6 \/ 2.5 24V \/ 3.0 24V de 1998 a 2000<br \/>\n&#8211; ALFA ROMEO .<br \/>\n_<br \/>\n_<br \/>\n_<br \/>\n_<br \/>\n_ 2.5 TFSI Quattro de 2009 a 2013<br \/>\n&#8211; CHEVROLET Camaro Coupe 1SS &amp; 2SS de 2010<br \/>\n&#8211; CITROEN C2 1.6i 16V Challenge de 2003 Lucas caliper<br \/>\n&#8211; CITROEN C2 Challenge Asphalt Lucas caliper<br \/>\n&#8211; CITROEN C2 R2 \/ R2 Max Asphalt de 2003 Lucas caliper<br \/>\n&#8211; CITROEN C2 R2 1.6 16V Asphalt de 2009 a 2011 Lucas caliper &#8211;<br \/>\nCITROEN C2 Sport de 2003<br \/>\n&#8211; HOMMELL Berlinette RS2 GT Rallye Asphalt de 2001 Bendix caliper<br \/>\n&#8211; MASERATI Quattroporte III 4.2 de 2004<br \/>\n&#8211; MITSUBISHI Lancer Evo IX 2.0 Turbo de 2004 a 2006 pin\u00e7a Brembo<br \/>\n&#8211; MITSUBISHI Lancer Evo V 2.0 Turbo de 1996 a 2001 pin\u00e7a Brembo &#8211; MITSUBISHI<br \/>\nLancer Evo VI 2.0 Turbo de 1999 pin\u00e7a Brembo<br \/>\n&#8211; MITSUBISHI Lancer Evo VII 2.0 Turbo de 1999 pin\u00e7a Brembo<br \/>\n&#8211; MITSUBISHI Lancer Evo VIII 2.0 Turbo de 2002 a 2011 pin\u00e7a Brembo<br \/>\n&#8211; MITSUBISHI Lancer Evo X 2.0 Turbo de 2007 pin\u00e7a Brembo<br \/>\n&#8211; MITSUBISHI Lancer Evo X de 2008<br \/>\n&#8211; RENAULT Megane (3) RS (250CV) de 2009 Lucas caliper<br \/>\n&#8211; RENAULT Megane (3) RS X95 de 2009<\/p>\n<p>&#8211; RENAULT Megane (4) RS (280CV) de 2018<br \/>\n&#8211; SUBARU Impreza (2) WRX STI 2.0 16V Turbo 4WD (265CV) de 2001 a 2005<br \/>\n&#8211; SUBARU Impreza (2) WRX STI 2.0 16V Turbo 4WD (320CV) de 2002 a 2005<br \/>\n&#8211; SUBARU Impreza STI \/ WRX GRN Rallye Asphalt de 2006<br \/>\n&#8211; SUBARU Impreza WRX STI S (300CV) de 2008<br \/>\n&#8211; VOLKSWAGEN Touareg (7LA \/ 7L6 \/ 7L7) 3.2 V6 de 2002 a 2006<br \/>\n&#8211; VOLKSWAGEN Touareg (7LA) 3.6 V6 FSI de 2006 Brembo paqu\u00edmetro<\/p>\n","protected":false},"featured_media":17713,"template":"","meta":[],"product_cat":[479,484,509],"product_tag":[],"marca":[148],"class_list":["post-17717","product","type-product","status-publish","has-post-thumbnail","hentry","product_cat-viatura","product_cat-sistema-travagem","product_cat-pastilhas-travoes","marca-carbone-lorraine"],"yoast_head":"<!-- This site is optimized with the Yoast SEO plugin v20.5 - https:\/\/yoast.com\/wordpress\/plugins\/seo\/ -->\n<title>JOGO CAL\u00c7OS TRAVOES CL RC6 EVO 9\/C2R2\/MEGANE RS FRT - Oficina de manuten\u00e7\u00e3o e repara\u00e7\u00e3o de veiculos automoveis em S. Miguel, A\u00e7ores - Auto Barbosa<\/title>\n<meta name=\"robots\" content=\"index, follow, max-snippet:-1, max-image-preview:large, max-video-preview:-1\" \/>\n<link rel=\"canonical\" href=\"https:\/\/autobarbosa.com\/fr\/produto\/jogo-calcos-travoes-cl-rc6-evo-9-c2r2-megane-rs-frt\/\" \/>\n<meta property=\"og:locale\" content=\"fr_FR\" \/>\n<meta property=\"og:type\" content=\"article\" \/>\n<meta property=\"og:title\" content=\"JOGO CAL\u00c7OS TRAVOES CL RC6 EVO 9\/C2R2\/MEGANE RS FRT - Oficina de manuten\u00e7\u00e3o e repara\u00e7\u00e3o de veiculos automoveis em S. Miguel, A\u00e7ores - Auto Barbosa\" \/>\n<meta property=\"og:description\" content=\"Pastilhas de freio CL BRAKES RC6 para MITSUBISHI Lancer Evo ou RENAULT Megane III RS front CL BRAKES ap\u00f3ia muitos pilotos todos os anos, profissionais ou n\u00e3o, em todos os n\u00edveis, ganhando a experi\u00eancia necess\u00e1ria para o desenvolvimento dos materiais de frenagem mais eficientes. Gra\u00e7as \u00e0 concorr\u00eancia, o desenvolvimento de novos produtos \u00e9 sempre feito com o mais alto n\u00edvel de desempenho. Toda a gama \u00e9 caracterizada por um franco \u201cataque\u201d de travagem. Este material oferece uma gama muito ampla de aplica\u00e7\u00f5es poss\u00edveis, em ralis ou em circuitos. Coeficiente de atrito m\u00e9dio de 0,5. J\u00e1 ganha corridas h\u00e1 6 anos gra\u00e7as \u00e0 sua rela\u00e7\u00e3o efici\u00eancia \/ facilidade de uso imbat\u00edvel. Oferece consist\u00eancia de fric\u00e7\u00e3o muito alta em alto n\u00edvel. Seu uso requer um fluido de freio de muito boa qualidade.   Procedimento de arrombamento: N\u00e3o \u00e9 necess\u00e1rio arrombamento espec\u00edfico. Em discos novos: Aque\u00e7a o sistema gradualmente. Em discos lapidados: Alguma travagem m\u00e9dia. Use com fluido de freio de alta qualidade. Sangre os freios frequentemente. Material de fric\u00e7\u00e3o de metal sinterizado. Componentes principais: Grafite, cer\u00e2mica, ferro, cobre e bronze. Esta placa n\u00e3o utiliza chumbo, nem amianto, nem n\u00edquel (tecnologia NoNiTech) para a preserva\u00e7\u00e3o do meio ambiente.   Pastilhas de freio dianteiras para: - ALFA ROMEO 147 3.2 GTA V6 24V (250CV) de 2002 a 2006 - ALFA ROMEO 156 3.2 GTA de 2003 a 2005 - ALFA ROMEO 166 2.0 V6 \/ 2.5 24V \/ 3.0 24V de 1998 a 2000 - ALFA ROMEO . _ _ _ _ _ 2.5 TFSI Quattro de 2009 a 2013 - CHEVROLET Camaro Coupe 1SS &amp; 2SS de 2010 - CITROEN C2 1.6i 16V Challenge de 2003 Lucas caliper - CITROEN C2 Challenge Asphalt Lucas caliper - CITROEN C2 R2 \/ R2 Max Asphalt de 2003 Lucas caliper - CITROEN C2 R2 1.6 16V Asphalt de 2009 a 2011 Lucas caliper - CITROEN C2 Sport de 2003 - HOMMELL Berlinette RS2 GT Rallye Asphalt de 2001 Bendix caliper - MASERATI Quattroporte III 4.2 de 2004 - MITSUBISHI Lancer Evo IX 2.0 Turbo de 2004 a 2006 pin\u00e7a Brembo - MITSUBISHI Lancer Evo V 2.0 Turbo de 1996 a 2001 pin\u00e7a Brembo - MITSUBISHI Lancer Evo VI 2.0 Turbo de 1999 pin\u00e7a Brembo - MITSUBISHI Lancer Evo VII 2.0 Turbo de 1999 pin\u00e7a Brembo - MITSUBISHI Lancer Evo VIII 2.0 Turbo de 2002 a 2011 pin\u00e7a Brembo - MITSUBISHI Lancer Evo X 2.0 Turbo de 2007 pin\u00e7a Brembo - MITSUBISHI Lancer Evo X de 2008 - RENAULT Megane (3) RS (250CV) de 2009 Lucas caliper - RENAULT Megane (3) RS X95 de 2009   - RENAULT Megane (4) RS (280CV) de 2018 - SUBARU Impreza (2) WRX STI 2.0 16V Turbo 4WD (265CV) de 2001 a 2005 - SUBARU Impreza (2) WRX STI 2.0 16V Turbo 4WD (320CV) de 2002 a 2005 - SUBARU Impreza STI \/ WRX GRN Rallye Asphalt de 2006 - SUBARU Impreza WRX STI S (300CV) de 2008 - VOLKSWAGEN Touareg (7LA \/ 7L6 \/ 7L7) 3.2 V6 de 2002 a 2006 - VOLKSWAGEN Touareg (7LA) 3.6 V6 FSI de 2006 Brembo paqu\u00edmetro\" \/>\n<meta property=\"og:url\" content=\"https:\/\/autobarbosa.com\/fr\/produto\/jogo-calcos-travoes-cl-rc6-evo-9-c2r2-megane-rs-frt\/\" \/>\n<meta property=\"og:site_name\" content=\"Oficina de manuten\u00e7\u00e3o e repara\u00e7\u00e3o de veiculos automoveis em S. Miguel, A\u00e7ores - Auto Barbosa\" \/>\n<meta property=\"article:publisher\" content=\"https:\/\/www.facebook.com\/autobarbosaoficina\" \/>\n<meta property=\"article:modified_time\" content=\"2026-04-20T07:02:49+00:00\" \/>\n<meta property=\"og:image\" content=\"https:\/\/autobarbosa.com\/wp-content\/uploads\/2025\/11\/1pfcl4066.png\" \/>\n\t<meta property=\"og:image:width\" content=\"800\" \/>\n\t<meta property=\"og:image:height\" content=\"800\" \/>\n\t<meta property=\"og:image:type\" content=\"image\/png\" \/>\n<meta name=\"twitter:card\" content=\"summary_large_image\" \/>\n<meta name=\"twitter:label1\" content=\"Dur\u00e9e de lecture estim\u00e9e\" \/>\n\t<meta name=\"twitter:data1\" content=\"2 minutes\" \/>\n<script type=\"application\/ld+json\" class=\"yoast-schema-graph\">{\"@context\":\"https:\/\/schema.org\",\"@graph\":[{\"@type\":\"WebPage\",\"@id\":\"https:\/\/autobarbosa.com\/fr\/produto\/jogo-calcos-travoes-cl-rc6-evo-9-c2r2-megane-rs-frt\/\",\"url\":\"https:\/\/autobarbosa.com\/fr\/produto\/jogo-calcos-travoes-cl-rc6-evo-9-c2r2-megane-rs-frt\/\",\"name\":\"JOGO CAL\u00c7OS TRAVOES CL RC6 EVO 9\/C2R2\/MEGANE RS FRT - Oficina de manuten\u00e7\u00e3o e repara\u00e7\u00e3o de veiculos automoveis em S. Miguel, A\u00e7ores - Auto Barbosa\",\"isPartOf\":{\"@id\":\"https:\/\/autobarbosa.com\/fr\/#website\"},\"datePublished\":\"2025-11-26T08:02:49+00:00\",\"dateModified\":\"2026-04-20T07:02:49+00:00\",\"breadcrumb\":{\"@id\":\"https:\/\/autobarbosa.com\/fr\/produto\/jogo-calcos-travoes-cl-rc6-evo-9-c2r2-megane-rs-frt\/#breadcrumb\"},\"inLanguage\":\"fr-FR\",\"potentialAction\":[{\"@type\":\"ReadAction\",\"target\":[\"https:\/\/autobarbosa.com\/fr\/produto\/jogo-calcos-travoes-cl-rc6-evo-9-c2r2-megane-rs-frt\/\"]}]},{\"@type\":\"BreadcrumbList\",\"@id\":\"https:\/\/autobarbosa.com\/fr\/produto\/jogo-calcos-travoes-cl-rc6-evo-9-c2r2-megane-rs-frt\/#breadcrumb\",\"itemListElement\":[{\"@type\":\"ListItem\",\"position\":1,\"name\":\"In\u00edcio\",\"item\":\"https:\/\/autobarbosa.com\/fr\/\"},{\"@type\":\"ListItem\",\"position\":2,\"name\":\"Loja\",\"item\":\"https:\/\/autobarbosa.com\/\"},{\"@type\":\"ListItem\",\"position\":3,\"name\":\"JOGO CAL\u00c7OS TRAVOES CL RC6 EVO 9\/C2R2\/MEGANE RS FRT\"}]},{\"@type\":\"WebSite\",\"@id\":\"https:\/\/autobarbosa.com\/fr\/#website\",\"url\":\"https:\/\/autobarbosa.com\/fr\/\",\"name\":\"Oficina de manuten\u00e7\u00e3o e repara\u00e7\u00e3o de veiculos automoveis em S. Miguel, A\u00e7ores - Auto Barbosa\",\"description\":\"Auto Barbosa\",\"publisher\":{\"@id\":\"https:\/\/autobarbosa.com\/fr\/#organization\"},\"potentialAction\":[{\"@type\":\"SearchAction\",\"target\":{\"@type\":\"EntryPoint\",\"urlTemplate\":\"https:\/\/autobarbosa.com\/fr\/?s={search_term_string}\"},\"query-input\":\"required name=search_term_string\"}],\"inLanguage\":\"fr-FR\"},{\"@type\":\"Organization\",\"@id\":\"https:\/\/autobarbosa.com\/fr\/#organization\",\"name\":\"Oficina de manuten\u00e7\u00e3o e repara\u00e7\u00e3o de veiculos automoveis em S. Miguel, A\u00e7ores - Auto Barbosa\",\"url\":\"https:\/\/autobarbosa.com\/fr\/\",\"logo\":{\"@type\":\"ImageObject\",\"inLanguage\":\"fr-FR\",\"@id\":\"https:\/\/autobarbosa.com\/fr\/#\/schema\/logo\/image\/\",\"url\":\"https:\/\/autobarbosa.com\/wp-content\/uploads\/2023\/03\/AUTO-BARBOSA-LOGO-1-e1678715539111.png\",\"contentUrl\":\"https:\/\/autobarbosa.com\/wp-content\/uploads\/2023\/03\/AUTO-BARBOSA-LOGO-1-e1678715539111.png\",\"width\":3233,\"height\":3233,\"caption\":\"Oficina de manuten\u00e7\u00e3o e repara\u00e7\u00e3o de veiculos automoveis em S. Miguel, A\u00e7ores - Auto Barbosa\"},\"image\":{\"@id\":\"https:\/\/autobarbosa.com\/fr\/#\/schema\/logo\/image\/\"},\"sameAs\":[\"https:\/\/www.facebook.com\/autobarbosaoficina\",\"https:\/\/www.instagram.com\/autobarbosa.oficina\/\"]}]}<\/script>\n<!-- \/ Yoast SEO plugin. -->","yoast_head_json":{"title":"JOGO CAL\u00c7OS TRAVOES CL RC6 EVO 9\/C2R2\/MEGANE RS FRT - Oficina de manuten\u00e7\u00e3o e repara\u00e7\u00e3o de veiculos automoveis em S. Miguel, A\u00e7ores - Auto Barbosa","robots":{"index":"index","follow":"follow","max-snippet":"max-snippet:-1","max-image-preview":"max-image-preview:large","max-video-preview":"max-video-preview:-1"},"canonical":"https:\/\/autobarbosa.com\/fr\/produto\/jogo-calcos-travoes-cl-rc6-evo-9-c2r2-megane-rs-frt\/","og_locale":"fr_FR","og_type":"article","og_title":"JOGO CAL\u00c7OS TRAVOES CL RC6 EVO 9\/C2R2\/MEGANE RS FRT - Oficina de manuten\u00e7\u00e3o e repara\u00e7\u00e3o de veiculos automoveis em S. Miguel, A\u00e7ores - Auto Barbosa","og_description":"Pastilhas de freio CL BRAKES RC6 para MITSUBISHI Lancer Evo ou RENAULT Megane III RS front CL BRAKES ap\u00f3ia muitos pilotos todos os anos, profissionais ou n\u00e3o, em todos os n\u00edveis, ganhando a experi\u00eancia necess\u00e1ria para o desenvolvimento dos materiais de frenagem mais eficientes. Gra\u00e7as \u00e0 concorr\u00eancia, o desenvolvimento de novos produtos \u00e9 sempre feito com o mais alto n\u00edvel de desempenho. Toda a gama \u00e9 caracterizada por um franco \u201cataque\u201d de travagem. Este material oferece uma gama muito ampla de aplica\u00e7\u00f5es poss\u00edveis, em ralis ou em circuitos. Coeficiente de atrito m\u00e9dio de 0,5. J\u00e1 ganha corridas h\u00e1 6 anos gra\u00e7as \u00e0 sua rela\u00e7\u00e3o efici\u00eancia \/ facilidade de uso imbat\u00edvel. Oferece consist\u00eancia de fric\u00e7\u00e3o muito alta em alto n\u00edvel. Seu uso requer um fluido de freio de muito boa qualidade.   Procedimento de arrombamento: N\u00e3o \u00e9 necess\u00e1rio arrombamento espec\u00edfico. Em discos novos: Aque\u00e7a o sistema gradualmente. Em discos lapidados: Alguma travagem m\u00e9dia. Use com fluido de freio de alta qualidade. Sangre os freios frequentemente. Material de fric\u00e7\u00e3o de metal sinterizado. Componentes principais: Grafite, cer\u00e2mica, ferro, cobre e bronze. Esta placa n\u00e3o utiliza chumbo, nem amianto, nem n\u00edquel (tecnologia NoNiTech) para a preserva\u00e7\u00e3o do meio ambiente.   Pastilhas de freio dianteiras para: - ALFA ROMEO 147 3.2 GTA V6 24V (250CV) de 2002 a 2006 - ALFA ROMEO 156 3.2 GTA de 2003 a 2005 - ALFA ROMEO 166 2.0 V6 \/ 2.5 24V \/ 3.0 24V de 1998 a 2000 - ALFA ROMEO . _ _ _ _ _ 2.5 TFSI Quattro de 2009 a 2013 - CHEVROLET Camaro Coupe 1SS &amp; 2SS de 2010 - CITROEN C2 1.6i 16V Challenge de 2003 Lucas caliper - CITROEN C2 Challenge Asphalt Lucas caliper - CITROEN C2 R2 \/ R2 Max Asphalt de 2003 Lucas caliper - CITROEN C2 R2 1.6 16V Asphalt de 2009 a 2011 Lucas caliper - CITROEN C2 Sport de 2003 - HOMMELL Berlinette RS2 GT Rallye Asphalt de 2001 Bendix caliper - MASERATI Quattroporte III 4.2 de 2004 - MITSUBISHI Lancer Evo IX 2.0 Turbo de 2004 a 2006 pin\u00e7a Brembo - MITSUBISHI Lancer Evo V 2.0 Turbo de 1996 a 2001 pin\u00e7a Brembo - MITSUBISHI Lancer Evo VI 2.0 Turbo de 1999 pin\u00e7a Brembo - MITSUBISHI Lancer Evo VII 2.0 Turbo de 1999 pin\u00e7a Brembo - MITSUBISHI Lancer Evo VIII 2.0 Turbo de 2002 a 2011 pin\u00e7a Brembo - MITSUBISHI Lancer Evo X 2.0 Turbo de 2007 pin\u00e7a Brembo - MITSUBISHI Lancer Evo X de 2008 - RENAULT Megane (3) RS (250CV) de 2009 Lucas caliper - RENAULT Megane (3) RS X95 de 2009   - RENAULT Megane (4) RS (280CV) de 2018 - SUBARU Impreza (2) WRX STI 2.0 16V Turbo 4WD (265CV) de 2001 a 2005 - SUBARU Impreza (2) WRX STI 2.0 16V Turbo 4WD (320CV) de 2002 a 2005 - SUBARU Impreza STI \/ WRX GRN Rallye Asphalt de 2006 - SUBARU Impreza WRX STI S (300CV) de 2008 - VOLKSWAGEN Touareg (7LA \/ 7L6 \/ 7L7) 3.2 V6 de 2002 a 2006 - VOLKSWAGEN Touareg (7LA) 3.6 V6 FSI de 2006 Brembo paqu\u00edmetro","og_url":"https:\/\/autobarbosa.com\/fr\/produto\/jogo-calcos-travoes-cl-rc6-evo-9-c2r2-megane-rs-frt\/","og_site_name":"Oficina de manuten\u00e7\u00e3o e repara\u00e7\u00e3o de veiculos automoveis em S. Miguel, A\u00e7ores - Auto Barbosa","article_publisher":"https:\/\/www.facebook.com\/autobarbosaoficina","article_modified_time":"2026-04-20T07:02:49+00:00","og_image":[{"width":800,"height":800,"url":"https:\/\/autobarbosa.com\/wp-content\/uploads\/2025\/11\/1pfcl4066.png","type":"image\/png"}],"twitter_card":"summary_large_image","twitter_misc":{"Dur\u00e9e de lecture estim\u00e9e":"2 minutes"},"schema":{"@context":"https:\/\/schema.org","@graph":[{"@type":"WebPage","@id":"https:\/\/autobarbosa.com\/fr\/produto\/jogo-calcos-travoes-cl-rc6-evo-9-c2r2-megane-rs-frt\/","url":"https:\/\/autobarbosa.com\/fr\/produto\/jogo-calcos-travoes-cl-rc6-evo-9-c2r2-megane-rs-frt\/","name":"JOGO CAL\u00c7OS TRAVOES CL RC6 EVO 9\/C2R2\/MEGANE RS FRT - Oficina de manuten\u00e7\u00e3o e repara\u00e7\u00e3o de veiculos automoveis em S. Miguel, A\u00e7ores - Auto Barbosa","isPartOf":{"@id":"https:\/\/autobarbosa.com\/fr\/#website"},"datePublished":"2025-11-26T08:02:49+00:00","dateModified":"2026-04-20T07:02:49+00:00","breadcrumb":{"@id":"https:\/\/autobarbosa.com\/fr\/produto\/jogo-calcos-travoes-cl-rc6-evo-9-c2r2-megane-rs-frt\/#breadcrumb"},"inLanguage":"fr-FR","potentialAction":[{"@type":"ReadAction","target":["https:\/\/autobarbosa.com\/fr\/produto\/jogo-calcos-travoes-cl-rc6-evo-9-c2r2-megane-rs-frt\/"]}]},{"@type":"BreadcrumbList","@id":"https:\/\/autobarbosa.com\/fr\/produto\/jogo-calcos-travoes-cl-rc6-evo-9-c2r2-megane-rs-frt\/#breadcrumb","itemListElement":[{"@type":"ListItem","position":1,"name":"In\u00edcio","item":"https:\/\/autobarbosa.com\/fr\/"},{"@type":"ListItem","position":2,"name":"Loja","item":"https:\/\/autobarbosa.com\/"},{"@type":"ListItem","position":3,"name":"JOGO CAL\u00c7OS TRAVOES CL RC6 EVO 9\/C2R2\/MEGANE RS FRT"}]},{"@type":"WebSite","@id":"https:\/\/autobarbosa.com\/fr\/#website","url":"https:\/\/autobarbosa.com\/fr\/","name":"Oficina de manuten\u00e7\u00e3o e repara\u00e7\u00e3o de veiculos automoveis em S. Miguel, A\u00e7ores - Auto Barbosa","description":"Auto Barbosa","publisher":{"@id":"https:\/\/autobarbosa.com\/fr\/#organization"},"potentialAction":[{"@type":"SearchAction","target":{"@type":"EntryPoint","urlTemplate":"https:\/\/autobarbosa.com\/fr\/?s={search_term_string}"},"query-input":"required name=search_term_string"}],"inLanguage":"fr-FR"},{"@type":"Organization","@id":"https:\/\/autobarbosa.com\/fr\/#organization","name":"Oficina de manuten\u00e7\u00e3o e repara\u00e7\u00e3o de veiculos automoveis em S. Miguel, A\u00e7ores - Auto Barbosa","url":"https:\/\/autobarbosa.com\/fr\/","logo":{"@type":"ImageObject","inLanguage":"fr-FR","@id":"https:\/\/autobarbosa.com\/fr\/#\/schema\/logo\/image\/","url":"https:\/\/autobarbosa.com\/wp-content\/uploads\/2023\/03\/AUTO-BARBOSA-LOGO-1-e1678715539111.png","contentUrl":"https:\/\/autobarbosa.com\/wp-content\/uploads\/2023\/03\/AUTO-BARBOSA-LOGO-1-e1678715539111.png","width":3233,"height":3233,"caption":"Oficina de manuten\u00e7\u00e3o e repara\u00e7\u00e3o de veiculos automoveis em S. Miguel, A\u00e7ores - Auto Barbosa"},"image":{"@id":"https:\/\/autobarbosa.com\/fr\/#\/schema\/logo\/image\/"},"sameAs":["https:\/\/www.facebook.com\/autobarbosaoficina","https:\/\/www.instagram.com\/autobarbosa.oficina\/"]}]}},"_links":{"self":[{"href":"https:\/\/autobarbosa.com\/fr\/wp-json\/wp\/v3\/product\/17717","targetHints":{"allow":["GET"]}}],"collection":[{"href":"https:\/\/autobarbosa.com\/fr\/wp-json\/wp\/v3\/product"}],"about":[{"href":"https:\/\/autobarbosa.com\/fr\/wp-json\/wp\/v2\/types\/product"}],"wp:featuredmedia":[{"embeddable":true,"href":"https:\/\/autobarbosa.com\/fr\/wp-json\/wp\/v2\/media\/17713"}],"wp:attachment":[{"href":"https:\/\/autobarbosa.com\/fr\/wp-json\/wp\/v2\/media?parent=17717"}],"wp:term":[{"taxonomy":"product_cat","embeddable":true,"href":"https:\/\/autobarbosa.com\/fr\/wp-json\/wp\/v2\/product_cat?post=17717"},{"taxonomy":"product_tag","embeddable":true,"href":"https:\/\/autobarbosa.com\/fr\/wp-json\/wp\/v2\/product_tag?post=17717"},{"taxonomy":"marca","embeddable":true,"href":"https:\/\/autobarbosa.com\/fr\/wp-json\/wp\/v2\/marca?post=17717"}],"curies":[{"name":"wp","href":"https:\/\/api.w.org\/{rel}","templated":true}]}}