{"id":17749,"date":"2025-11-26T07:02:57","date_gmt":"2025-11-26T08:02:57","guid":{"rendered":"https:\/\/autobarbosa.com\/produto\/jogo-calcos-travoes-frt-rc8r-renault-clio-r3-fiat-grande-punto-ou-renault-clio-iii-iv\/"},"modified":"2026-05-01T19:02:26","modified_gmt":"2026-05-01T19:02:26","slug":"jogo-calcos-travoes-frt-rc8r-renault-clio-r3-fiat-grande-punto-ou-renault-clio-iii-iv","status":"publish","type":"product","link":"https:\/\/autobarbosa.com\/fr\/produto\/jogo-calcos-travoes-frt-rc8r-renault-clio-r3-fiat-grande-punto-ou-renault-clio-iii-iv\/","title":{"rendered":"JOGO CAL\u00c7OS TRAVOES FRT RC8R &#8211; RENAULT CLIO R3 &#8211; FIAT Grande Punto ou RENAULT Clio III\/IV"},"content":{"rendered":"<p>Jogo de Pastilhas Trav\u00f5es  RC8R para FIAT Grande Punto ou RENAULT Clio III\/IV dianteiro<\/p>\n<p>Este material atende \u00e0s condi\u00e7\u00f5es de corrida mais exigentes. Pode ser encontrada em carros de competi\u00e7\u00e3o de alto n\u00edvel (WRC, R5, WTCC, ZA V8, GT, etc.). Sua resist\u00eancia ao desgaste \u00e9 aumentada. O RC8R possui sistema de radiador em forma de ranhuras na parte traseira das pastilhas, que proporciona melhor dissipa\u00e7\u00e3o de calor. O efeito radiador e uma superf\u00edcie de contato menor entre a pastilha e o pist\u00e3o da pin\u00e7a reduzem, portanto, a temperatura do fluido de freio. Seu uso requer fluido de freio de alto desempenho.<br \/>\nCoeficiente de atrito m\u00e9dio de 0,6.<br \/>\nJ\u00e1 vence corridas h\u00e1 6 anos gra\u00e7as \u00e0 sua imbat\u00edvel rela\u00e7\u00e3o efici\u00eancia\/facilidade de utiliza\u00e7\u00e3o.<br \/>\nOferece consist\u00eancia de fric\u00e7\u00e3o muito alta em alto n\u00edvel. Seu uso requer fluido de freio de muito boa qualidade.<\/p>\n<p>Procedimento de arrombamento:<br \/>\nN\u00e3o \u00e9 necess\u00e1rio arrombamento espec\u00edfico.<br \/>\nEm novos discos: Aque\u00e7a gradualmente o sistema.<br \/>\nEm discos desgastados: Alguma travagem m\u00e9dia.<br \/>\nUse com fluido de freio de alta qualidade.<br \/>\nSangre os freios com frequ\u00eancia.<br \/>\nMaterial de fric\u00e7\u00e3o de metal sinterizado.<br \/>\nComponentes principais: Grafite, cer\u00e2mica, ferro, cobre e bronze.<br \/>\nEsta placa n\u00e3o utiliza chumbo, nem amianto, nem n\u00edquel (tecnologia NoNiTech) para preservar o meio ambiente.<\/p>\n<p>Pastilhas de freio de montagem dianteira para:<br \/>\n&#8211; ALFA ROMEO Mito 1.4 TB Quadrifoglio de 2009<br \/>\n&#8211; pin\u00e7a FIAT 500 Abarth Brembo<br \/>\n&#8211; pin\u00e7a FIAT Grande Punto 1.4 Abarth Turbo de 2007 pin\u00e7a Brembo<br \/>\n&#8211; pin\u00e7a FIAT Punto Evo Brembo<br \/>\n&#8211; OPEL Corsa (D) 1.6 16V Turbo N\u00fcrburgring Edition de 2011 Pin\u00e7a Brembo<br \/>\n&#8211; RENAULT Clio (3) 192 de 2004 Pin\u00e7a Brembo<br \/>\n&#8211; RENAULT Clio (3) 2.0 16V RS (200CV) de 2006 Pin\u00e7a Brembo<br \/>\n&#8211; RENAULT Clio (3) 2.0i RS de 2006 Brembo pin\u00e7a<br \/>\n&#8211; RENAULT Clio (3) R3 Rallye Acesso ao Asfalto de Pin\u00e7a Brembo 2008<br \/>\n&#8211; RENAULT Clio (3) R3 Rallye Asphalt Full de 2009 Pin\u00e7a Brembo<br \/>\n&#8211; RENAULT Clio (3) RS (ph.1) (197CV) de 2006 pin\u00e7a Brembo<br \/>\n&#8211; RENAULT Clio (3) RS (ph. 2) (200CV) ) de pin\u00e7a Brembo 2006<br \/>\n&#8211; RENAULT Clio (4) Cup at\u00e9 de 2013 pin\u00e7a Brembo<br \/>\n&#8211; RENAULT Megane (2) 2.0 20i Sport 16V Turbo de 2004 pin\u00e7a Brembo<br \/>\n&#8211; RENAULT Megane (2) RS de 2002 pin\u00e7a Brembo<br \/>\n&#8211; RENAULT Megane (3) RS (250CV) de 2009 pin\u00e7a Brembo<\/p>\n","protected":false},"excerpt":{"rendered":"<p>Jogo de Pastilhas Trav\u00f5es  RC8R para FIAT Grande Punto ou RENAULT Clio III\/IV dianteiro<\/p>\n<p>Este material atende \u00e0s condi\u00e7\u00f5es de corrida mais exigentes. Pode ser encontrada em carros de competi\u00e7\u00e3o de alto n\u00edvel (WRC, R5, WTCC, ZA V8, GT, etc.). Sua resist\u00eancia ao desgaste \u00e9 aumentada. O RC8R possui sistema de radiador em forma de ranhuras na parte traseira das pastilhas, que proporciona melhor dissipa\u00e7\u00e3o de calor. O efeito radiador e uma superf\u00edcie de contato menor entre a pastilha e o pist\u00e3o da pin\u00e7a reduzem, portanto, a temperatura do fluido de freio. Seu uso requer fluido de freio de alto desempenho.<br \/>\nCoeficiente de atrito m\u00e9dio de 0,6.<br \/>\nJ\u00e1 vence corridas h\u00e1 6 anos gra\u00e7as \u00e0 sua imbat\u00edvel rela\u00e7\u00e3o efici\u00eancia\/facilidade de utiliza\u00e7\u00e3o.<br \/>\nOferece consist\u00eancia de fric\u00e7\u00e3o muito alta em alto n\u00edvel. Seu uso requer fluido de freio de muito boa qualidade.<\/p>\n<p>Procedimento de arrombamento:<br \/>\nN\u00e3o \u00e9 necess\u00e1rio arrombamento espec\u00edfico.<br \/>\nEm novos discos: Aque\u00e7a gradualmente o sistema.<br \/>\nEm discos desgastados: Alguma travagem m\u00e9dia.<br \/>\nUse com fluido de freio de alta qualidade.<br \/>\nSangre os freios com frequ\u00eancia.<br \/>\nMaterial de fric\u00e7\u00e3o de metal sinterizado.<br \/>\nComponentes principais: Grafite, cer\u00e2mica, ferro, cobre e bronze.<br \/>\nEsta placa n\u00e3o utiliza chumbo, nem amianto, nem n\u00edquel (tecnologia NoNiTech) para preservar o meio ambiente.<\/p>\n<p>Pastilhas de freio de montagem dianteira para:<br \/>\n&#8211; ALFA ROMEO Mito 1.4 TB Quadrifoglio de 2009<br \/>\n&#8211; pin\u00e7a FIAT 500 Abarth Brembo<br \/>\n&#8211; pin\u00e7a FIAT Grande Punto 1.4 Abarth Turbo de 2007 pin\u00e7a Brembo<br \/>\n&#8211; pin\u00e7a FIAT Punto Evo Brembo<br \/>\n&#8211; OPEL Corsa (D) 1.6 16V Turbo N\u00fcrburgring Edition de 2011 Pin\u00e7a Brembo<br \/>\n&#8211; RENAULT Clio (3) 192 de 2004 Pin\u00e7a Brembo<br \/>\n&#8211; RENAULT Clio (3) 2.0 16V RS (200CV) de 2006 Pin\u00e7a Brembo<br \/>\n&#8211; RENAULT Clio (3) 2.0i RS de 2006 Brembo pin\u00e7a<br \/>\n&#8211; RENAULT Clio (3) R3 Rallye Acesso ao Asfalto de Pin\u00e7a Brembo 2008<br \/>\n&#8211; RENAULT Clio (3) R3 Rallye Asphalt Full de 2009 Pin\u00e7a Brembo<br \/>\n&#8211; RENAULT Clio (3) RS (ph.1) (197CV) de 2006 pin\u00e7a Brembo<br \/>\n&#8211; RENAULT Clio (3) RS (ph. 2) (200CV) ) de pin\u00e7a Brembo 2006<br \/>\n&#8211; RENAULT Clio (4) Cup at\u00e9 de 2013 pin\u00e7a Brembo<br \/>\n&#8211; RENAULT Megane (2) 2.0 20i Sport 16V Turbo de 2004 pin\u00e7a Brembo<br \/>\n&#8211; RENAULT Megane (2) RS de 2002 pin\u00e7a Brembo<br \/>\n&#8211; RENAULT Megane (3) RS (250CV) de 2009 pin\u00e7a Brembo<\/p>\n","protected":false},"featured_media":17745,"template":"","meta":[],"product_cat":[479,484,509],"product_tag":[],"marca":[148],"class_list":["post-17749","product","type-product","status-publish","has-post-thumbnail","hentry","product_cat-viatura","product_cat-sistema-travagem","product_cat-pastilhas-travoes","marca-carbone-lorraine"],"yoast_head":"<!-- This site is optimized with the Yoast SEO plugin v20.5 - https:\/\/yoast.com\/wordpress\/plugins\/seo\/ -->\n<title>JOGO CAL\u00c7OS TRAVOES FRT RC8R - RENAULT CLIO R3 - FIAT Grande Punto ou RENAULT Clio III\/IV - Oficina de manuten\u00e7\u00e3o e repara\u00e7\u00e3o de veiculos automoveis em S. Miguel, A\u00e7ores - Auto Barbosa<\/title>\n<meta name=\"robots\" content=\"index, follow, max-snippet:-1, max-image-preview:large, max-video-preview:-1\" \/>\n<link rel=\"canonical\" href=\"https:\/\/autobarbosa.com\/fr\/produto\/jogo-calcos-travoes-frt-rc8r-renault-clio-r3-fiat-grande-punto-ou-renault-clio-iii-iv\/\" \/>\n<meta property=\"og:locale\" content=\"fr_FR\" \/>\n<meta property=\"og:type\" content=\"article\" \/>\n<meta property=\"og:title\" content=\"JOGO CAL\u00c7OS TRAVOES FRT RC8R - RENAULT CLIO R3 - FIAT Grande Punto ou RENAULT Clio III\/IV - Oficina de manuten\u00e7\u00e3o e repara\u00e7\u00e3o de veiculos automoveis em S. Miguel, A\u00e7ores - Auto Barbosa\" \/>\n<meta property=\"og:description\" content=\"Jogo de Pastilhas Trav\u00f5es RC8R para FIAT Grande Punto ou RENAULT Clio III\/IV dianteiro  Este material atende \u00e0s condi\u00e7\u00f5es de corrida mais exigentes. Pode ser encontrada em carros de competi\u00e7\u00e3o de alto n\u00edvel (WRC, R5, WTCC, ZA V8, GT, etc.). Sua resist\u00eancia ao desgaste \u00e9 aumentada. O RC8R possui sistema de radiador em forma de ranhuras na parte traseira das pastilhas, que proporciona melhor dissipa\u00e7\u00e3o de calor. O efeito radiador e uma superf\u00edcie de contato menor entre a pastilha e o pist\u00e3o da pin\u00e7a reduzem, portanto, a temperatura do fluido de freio. Seu uso requer fluido de freio de alto desempenho. Coeficiente de atrito m\u00e9dio de 0,6. J\u00e1 vence corridas h\u00e1 6 anos gra\u00e7as \u00e0 sua imbat\u00edvel rela\u00e7\u00e3o efici\u00eancia\/facilidade de utiliza\u00e7\u00e3o. Oferece consist\u00eancia de fric\u00e7\u00e3o muito alta em alto n\u00edvel. Seu uso requer fluido de freio de muito boa qualidade.  Procedimento de arrombamento: N\u00e3o \u00e9 necess\u00e1rio arrombamento espec\u00edfico. Em novos discos: Aque\u00e7a gradualmente o sistema. Em discos desgastados: Alguma travagem m\u00e9dia. Use com fluido de freio de alta qualidade. Sangre os freios com frequ\u00eancia. Material de fric\u00e7\u00e3o de metal sinterizado. Componentes principais: Grafite, cer\u00e2mica, ferro, cobre e bronze. Esta placa n\u00e3o utiliza chumbo, nem amianto, nem n\u00edquel (tecnologia NoNiTech) para preservar o meio ambiente.  Pastilhas de freio de montagem dianteira para: - ALFA ROMEO Mito 1.4 TB Quadrifoglio de 2009 - pin\u00e7a FIAT 500 Abarth Brembo - pin\u00e7a FIAT Grande Punto 1.4 Abarth Turbo de 2007 pin\u00e7a Brembo - pin\u00e7a FIAT Punto Evo Brembo - OPEL Corsa (D) 1.6 16V Turbo N\u00fcrburgring Edition de 2011 Pin\u00e7a Brembo - RENAULT Clio (3) 192 de 2004 Pin\u00e7a Brembo - RENAULT Clio (3) 2.0 16V RS (200CV) de 2006 Pin\u00e7a Brembo - RENAULT Clio (3) 2.0i RS de 2006 Brembo pin\u00e7a - RENAULT Clio (3) R3 Rallye Acesso ao Asfalto de Pin\u00e7a Brembo 2008 - RENAULT Clio (3) R3 Rallye Asphalt Full de 2009 Pin\u00e7a Brembo - RENAULT Clio (3) RS (ph.1) (197CV) de 2006 pin\u00e7a Brembo - RENAULT Clio (3) RS (ph. 2) (200CV) ) de pin\u00e7a Brembo 2006 - RENAULT Clio (4) Cup at\u00e9 de 2013 pin\u00e7a Brembo - RENAULT Megane (2) 2.0 20i Sport 16V Turbo de 2004 pin\u00e7a Brembo - RENAULT Megane (2) RS de 2002 pin\u00e7a Brembo - RENAULT Megane (3) RS (250CV) de 2009 pin\u00e7a Brembo\" \/>\n<meta property=\"og:url\" content=\"https:\/\/autobarbosa.com\/fr\/produto\/jogo-calcos-travoes-frt-rc8r-renault-clio-r3-fiat-grande-punto-ou-renault-clio-iii-iv\/\" \/>\n<meta property=\"og:site_name\" content=\"Oficina de manuten\u00e7\u00e3o e repara\u00e7\u00e3o de veiculos automoveis em S. Miguel, A\u00e7ores - Auto Barbosa\" \/>\n<meta property=\"article:publisher\" content=\"https:\/\/www.facebook.com\/autobarbosaoficina\" \/>\n<meta property=\"article:modified_time\" content=\"2026-05-01T19:02:26+00:00\" \/>\n<meta property=\"og:image\" content=\"https:\/\/autobarbosa.com\/wp-content\/uploads\/2025\/11\/1pfcl4098rc8r.png\" \/>\n\t<meta property=\"og:image:width\" content=\"800\" \/>\n\t<meta property=\"og:image:height\" content=\"800\" \/>\n\t<meta property=\"og:image:type\" content=\"image\/png\" \/>\n<meta name=\"twitter:card\" content=\"summary_large_image\" \/>\n<meta name=\"twitter:label1\" content=\"Dur\u00e9e de lecture estim\u00e9e\" \/>\n\t<meta name=\"twitter:data1\" content=\"2 minutes\" \/>\n<script type=\"application\/ld+json\" class=\"yoast-schema-graph\">{\"@context\":\"https:\/\/schema.org\",\"@graph\":[{\"@type\":\"WebPage\",\"@id\":\"https:\/\/autobarbosa.com\/fr\/produto\/jogo-calcos-travoes-frt-rc8r-renault-clio-r3-fiat-grande-punto-ou-renault-clio-iii-iv\/\",\"url\":\"https:\/\/autobarbosa.com\/fr\/produto\/jogo-calcos-travoes-frt-rc8r-renault-clio-r3-fiat-grande-punto-ou-renault-clio-iii-iv\/\",\"name\":\"JOGO CAL\u00c7OS TRAVOES FRT RC8R - RENAULT CLIO R3 - FIAT Grande Punto ou RENAULT Clio III\/IV - Oficina de manuten\u00e7\u00e3o e repara\u00e7\u00e3o de veiculos automoveis em S. Miguel, A\u00e7ores - Auto Barbosa\",\"isPartOf\":{\"@id\":\"https:\/\/autobarbosa.com\/fr\/#website\"},\"datePublished\":\"2025-11-26T08:02:57+00:00\",\"dateModified\":\"2026-05-01T19:02:26+00:00\",\"breadcrumb\":{\"@id\":\"https:\/\/autobarbosa.com\/fr\/produto\/jogo-calcos-travoes-frt-rc8r-renault-clio-r3-fiat-grande-punto-ou-renault-clio-iii-iv\/#breadcrumb\"},\"inLanguage\":\"fr-FR\",\"potentialAction\":[{\"@type\":\"ReadAction\",\"target\":[\"https:\/\/autobarbosa.com\/fr\/produto\/jogo-calcos-travoes-frt-rc8r-renault-clio-r3-fiat-grande-punto-ou-renault-clio-iii-iv\/\"]}]},{\"@type\":\"BreadcrumbList\",\"@id\":\"https:\/\/autobarbosa.com\/fr\/produto\/jogo-calcos-travoes-frt-rc8r-renault-clio-r3-fiat-grande-punto-ou-renault-clio-iii-iv\/#breadcrumb\",\"itemListElement\":[{\"@type\":\"ListItem\",\"position\":1,\"name\":\"In\u00edcio\",\"item\":\"https:\/\/autobarbosa.com\/fr\/\"},{\"@type\":\"ListItem\",\"position\":2,\"name\":\"Loja\",\"item\":\"https:\/\/autobarbosa.com\/\"},{\"@type\":\"ListItem\",\"position\":3,\"name\":\"JOGO CAL\u00c7OS TRAVOES FRT RC8R &#8211; RENAULT CLIO R3 &#8211; FIAT Grande Punto ou RENAULT Clio III\/IV\"}]},{\"@type\":\"WebSite\",\"@id\":\"https:\/\/autobarbosa.com\/fr\/#website\",\"url\":\"https:\/\/autobarbosa.com\/fr\/\",\"name\":\"Oficina de manuten\u00e7\u00e3o e repara\u00e7\u00e3o de veiculos automoveis em S. Miguel, A\u00e7ores - Auto Barbosa\",\"description\":\"Auto Barbosa\",\"publisher\":{\"@id\":\"https:\/\/autobarbosa.com\/fr\/#organization\"},\"potentialAction\":[{\"@type\":\"SearchAction\",\"target\":{\"@type\":\"EntryPoint\",\"urlTemplate\":\"https:\/\/autobarbosa.com\/fr\/?s={search_term_string}\"},\"query-input\":\"required name=search_term_string\"}],\"inLanguage\":\"fr-FR\"},{\"@type\":\"Organization\",\"@id\":\"https:\/\/autobarbosa.com\/fr\/#organization\",\"name\":\"Oficina de manuten\u00e7\u00e3o e repara\u00e7\u00e3o de veiculos automoveis em S. Miguel, A\u00e7ores - Auto Barbosa\",\"url\":\"https:\/\/autobarbosa.com\/fr\/\",\"logo\":{\"@type\":\"ImageObject\",\"inLanguage\":\"fr-FR\",\"@id\":\"https:\/\/autobarbosa.com\/fr\/#\/schema\/logo\/image\/\",\"url\":\"https:\/\/autobarbosa.com\/wp-content\/uploads\/2023\/03\/AUTO-BARBOSA-LOGO-1-e1678715539111.png\",\"contentUrl\":\"https:\/\/autobarbosa.com\/wp-content\/uploads\/2023\/03\/AUTO-BARBOSA-LOGO-1-e1678715539111.png\",\"width\":3233,\"height\":3233,\"caption\":\"Oficina de manuten\u00e7\u00e3o e repara\u00e7\u00e3o de veiculos automoveis em S. Miguel, A\u00e7ores - Auto Barbosa\"},\"image\":{\"@id\":\"https:\/\/autobarbosa.com\/fr\/#\/schema\/logo\/image\/\"},\"sameAs\":[\"https:\/\/www.facebook.com\/autobarbosaoficina\",\"https:\/\/www.instagram.com\/autobarbosa.oficina\/\"]}]}<\/script>\n<!-- \/ Yoast SEO plugin. -->","yoast_head_json":{"title":"JOGO CAL\u00c7OS TRAVOES FRT RC8R - RENAULT CLIO R3 - FIAT Grande Punto ou RENAULT Clio III\/IV - Oficina de manuten\u00e7\u00e3o e repara\u00e7\u00e3o de veiculos automoveis em S. Miguel, A\u00e7ores - Auto Barbosa","robots":{"index":"index","follow":"follow","max-snippet":"max-snippet:-1","max-image-preview":"max-image-preview:large","max-video-preview":"max-video-preview:-1"},"canonical":"https:\/\/autobarbosa.com\/fr\/produto\/jogo-calcos-travoes-frt-rc8r-renault-clio-r3-fiat-grande-punto-ou-renault-clio-iii-iv\/","og_locale":"fr_FR","og_type":"article","og_title":"JOGO CAL\u00c7OS TRAVOES FRT RC8R - RENAULT CLIO R3 - FIAT Grande Punto ou RENAULT Clio III\/IV - Oficina de manuten\u00e7\u00e3o e repara\u00e7\u00e3o de veiculos automoveis em S. Miguel, A\u00e7ores - Auto Barbosa","og_description":"Jogo de Pastilhas Trav\u00f5es RC8R para FIAT Grande Punto ou RENAULT Clio III\/IV dianteiro  Este material atende \u00e0s condi\u00e7\u00f5es de corrida mais exigentes. Pode ser encontrada em carros de competi\u00e7\u00e3o de alto n\u00edvel (WRC, R5, WTCC, ZA V8, GT, etc.). Sua resist\u00eancia ao desgaste \u00e9 aumentada. O RC8R possui sistema de radiador em forma de ranhuras na parte traseira das pastilhas, que proporciona melhor dissipa\u00e7\u00e3o de calor. O efeito radiador e uma superf\u00edcie de contato menor entre a pastilha e o pist\u00e3o da pin\u00e7a reduzem, portanto, a temperatura do fluido de freio. Seu uso requer fluido de freio de alto desempenho. Coeficiente de atrito m\u00e9dio de 0,6. J\u00e1 vence corridas h\u00e1 6 anos gra\u00e7as \u00e0 sua imbat\u00edvel rela\u00e7\u00e3o efici\u00eancia\/facilidade de utiliza\u00e7\u00e3o. Oferece consist\u00eancia de fric\u00e7\u00e3o muito alta em alto n\u00edvel. Seu uso requer fluido de freio de muito boa qualidade.  Procedimento de arrombamento: N\u00e3o \u00e9 necess\u00e1rio arrombamento espec\u00edfico. Em novos discos: Aque\u00e7a gradualmente o sistema. Em discos desgastados: Alguma travagem m\u00e9dia. Use com fluido de freio de alta qualidade. Sangre os freios com frequ\u00eancia. Material de fric\u00e7\u00e3o de metal sinterizado. Componentes principais: Grafite, cer\u00e2mica, ferro, cobre e bronze. Esta placa n\u00e3o utiliza chumbo, nem amianto, nem n\u00edquel (tecnologia NoNiTech) para preservar o meio ambiente.  Pastilhas de freio de montagem dianteira para: - ALFA ROMEO Mito 1.4 TB Quadrifoglio de 2009 - pin\u00e7a FIAT 500 Abarth Brembo - pin\u00e7a FIAT Grande Punto 1.4 Abarth Turbo de 2007 pin\u00e7a Brembo - pin\u00e7a FIAT Punto Evo Brembo - OPEL Corsa (D) 1.6 16V Turbo N\u00fcrburgring Edition de 2011 Pin\u00e7a Brembo - RENAULT Clio (3) 192 de 2004 Pin\u00e7a Brembo - RENAULT Clio (3) 2.0 16V RS (200CV) de 2006 Pin\u00e7a Brembo - RENAULT Clio (3) 2.0i RS de 2006 Brembo pin\u00e7a - RENAULT Clio (3) R3 Rallye Acesso ao Asfalto de Pin\u00e7a Brembo 2008 - RENAULT Clio (3) R3 Rallye Asphalt Full de 2009 Pin\u00e7a Brembo - RENAULT Clio (3) RS (ph.1) (197CV) de 2006 pin\u00e7a Brembo - RENAULT Clio (3) RS (ph. 2) (200CV) ) de pin\u00e7a Brembo 2006 - RENAULT Clio (4) Cup at\u00e9 de 2013 pin\u00e7a Brembo - RENAULT Megane (2) 2.0 20i Sport 16V Turbo de 2004 pin\u00e7a Brembo - RENAULT Megane (2) RS de 2002 pin\u00e7a Brembo - RENAULT Megane (3) RS (250CV) de 2009 pin\u00e7a Brembo","og_url":"https:\/\/autobarbosa.com\/fr\/produto\/jogo-calcos-travoes-frt-rc8r-renault-clio-r3-fiat-grande-punto-ou-renault-clio-iii-iv\/","og_site_name":"Oficina de manuten\u00e7\u00e3o e repara\u00e7\u00e3o de veiculos automoveis em S. Miguel, A\u00e7ores - Auto Barbosa","article_publisher":"https:\/\/www.facebook.com\/autobarbosaoficina","article_modified_time":"2026-05-01T19:02:26+00:00","og_image":[{"width":800,"height":800,"url":"https:\/\/autobarbosa.com\/wp-content\/uploads\/2025\/11\/1pfcl4098rc8r.png","type":"image\/png"}],"twitter_card":"summary_large_image","twitter_misc":{"Dur\u00e9e de lecture estim\u00e9e":"2 minutes"},"schema":{"@context":"https:\/\/schema.org","@graph":[{"@type":"WebPage","@id":"https:\/\/autobarbosa.com\/fr\/produto\/jogo-calcos-travoes-frt-rc8r-renault-clio-r3-fiat-grande-punto-ou-renault-clio-iii-iv\/","url":"https:\/\/autobarbosa.com\/fr\/produto\/jogo-calcos-travoes-frt-rc8r-renault-clio-r3-fiat-grande-punto-ou-renault-clio-iii-iv\/","name":"JOGO CAL\u00c7OS TRAVOES FRT RC8R - RENAULT CLIO R3 - FIAT Grande Punto ou RENAULT Clio III\/IV - Oficina de manuten\u00e7\u00e3o e repara\u00e7\u00e3o de veiculos automoveis em S. Miguel, A\u00e7ores - Auto Barbosa","isPartOf":{"@id":"https:\/\/autobarbosa.com\/fr\/#website"},"datePublished":"2025-11-26T08:02:57+00:00","dateModified":"2026-05-01T19:02:26+00:00","breadcrumb":{"@id":"https:\/\/autobarbosa.com\/fr\/produto\/jogo-calcos-travoes-frt-rc8r-renault-clio-r3-fiat-grande-punto-ou-renault-clio-iii-iv\/#breadcrumb"},"inLanguage":"fr-FR","potentialAction":[{"@type":"ReadAction","target":["https:\/\/autobarbosa.com\/fr\/produto\/jogo-calcos-travoes-frt-rc8r-renault-clio-r3-fiat-grande-punto-ou-renault-clio-iii-iv\/"]}]},{"@type":"BreadcrumbList","@id":"https:\/\/autobarbosa.com\/fr\/produto\/jogo-calcos-travoes-frt-rc8r-renault-clio-r3-fiat-grande-punto-ou-renault-clio-iii-iv\/#breadcrumb","itemListElement":[{"@type":"ListItem","position":1,"name":"In\u00edcio","item":"https:\/\/autobarbosa.com\/fr\/"},{"@type":"ListItem","position":2,"name":"Loja","item":"https:\/\/autobarbosa.com\/"},{"@type":"ListItem","position":3,"name":"JOGO CAL\u00c7OS TRAVOES FRT RC8R &#8211; RENAULT CLIO R3 &#8211; FIAT Grande Punto ou RENAULT Clio III\/IV"}]},{"@type":"WebSite","@id":"https:\/\/autobarbosa.com\/fr\/#website","url":"https:\/\/autobarbosa.com\/fr\/","name":"Oficina de manuten\u00e7\u00e3o e repara\u00e7\u00e3o de veiculos automoveis em S. Miguel, A\u00e7ores - Auto Barbosa","description":"Auto Barbosa","publisher":{"@id":"https:\/\/autobarbosa.com\/fr\/#organization"},"potentialAction":[{"@type":"SearchAction","target":{"@type":"EntryPoint","urlTemplate":"https:\/\/autobarbosa.com\/fr\/?s={search_term_string}"},"query-input":"required name=search_term_string"}],"inLanguage":"fr-FR"},{"@type":"Organization","@id":"https:\/\/autobarbosa.com\/fr\/#organization","name":"Oficina de manuten\u00e7\u00e3o e repara\u00e7\u00e3o de veiculos automoveis em S. Miguel, A\u00e7ores - Auto Barbosa","url":"https:\/\/autobarbosa.com\/fr\/","logo":{"@type":"ImageObject","inLanguage":"fr-FR","@id":"https:\/\/autobarbosa.com\/fr\/#\/schema\/logo\/image\/","url":"https:\/\/autobarbosa.com\/wp-content\/uploads\/2023\/03\/AUTO-BARBOSA-LOGO-1-e1678715539111.png","contentUrl":"https:\/\/autobarbosa.com\/wp-content\/uploads\/2023\/03\/AUTO-BARBOSA-LOGO-1-e1678715539111.png","width":3233,"height":3233,"caption":"Oficina de manuten\u00e7\u00e3o e repara\u00e7\u00e3o de veiculos automoveis em S. Miguel, A\u00e7ores - Auto Barbosa"},"image":{"@id":"https:\/\/autobarbosa.com\/fr\/#\/schema\/logo\/image\/"},"sameAs":["https:\/\/www.facebook.com\/autobarbosaoficina","https:\/\/www.instagram.com\/autobarbosa.oficina\/"]}]}},"_links":{"self":[{"href":"https:\/\/autobarbosa.com\/fr\/wp-json\/wp\/v3\/product\/17749","targetHints":{"allow":["GET"]}}],"collection":[{"href":"https:\/\/autobarbosa.com\/fr\/wp-json\/wp\/v3\/product"}],"about":[{"href":"https:\/\/autobarbosa.com\/fr\/wp-json\/wp\/v2\/types\/product"}],"wp:featuredmedia":[{"embeddable":true,"href":"https:\/\/autobarbosa.com\/fr\/wp-json\/wp\/v2\/media\/17745"}],"wp:attachment":[{"href":"https:\/\/autobarbosa.com\/fr\/wp-json\/wp\/v2\/media?parent=17749"}],"wp:term":[{"taxonomy":"product_cat","embeddable":true,"href":"https:\/\/autobarbosa.com\/fr\/wp-json\/wp\/v2\/product_cat?post=17749"},{"taxonomy":"product_tag","embeddable":true,"href":"https:\/\/autobarbosa.com\/fr\/wp-json\/wp\/v2\/product_tag?post=17749"},{"taxonomy":"marca","embeddable":true,"href":"https:\/\/autobarbosa.com\/fr\/wp-json\/wp\/v2\/marca?post=17749"}],"curies":[{"name":"wp","href":"https:\/\/api.w.org\/{rel}","templated":true}]}}