{"id":18165,"date":"2025-11-26T07:04:53","date_gmt":"2025-11-26T08:04:53","guid":{"rendered":"https:\/\/autobarbosa.com\/produto\/racord-goodrige-9-16-10x100-aluminio\/"},"modified":"2026-04-21T19:04:39","modified_gmt":"2026-04-21T19:04:39","slug":"racord-goodrige-9-16-10x100-aluminio","status":"publish","type":"product","link":"https:\/\/autobarbosa.com\/fr\/produto\/racord-goodrige-9-16-10x100-aluminio\/","title":{"rendered":"RACORD GOODRIGE 9\/16 &#8211; 10X100 &#8211; ALUMINIO"},"content":{"rendered":"<p>Adaptador de alum\u00ednio c\u00f4ncavo m\u00e9trico UNF macho-macho convexo GOODRIDGE 306 JIC 9\/16&#215;18.<\/p>\n<p>V\u00e1rias roscas est\u00e3o dispon\u00edveis:<br \/>\n&#8211; Rosca A: 9\/16&#215;18 UNF convexo. Rosca B: 10&#215;100 c\u00f4ncava<br \/>\n&#8211; Rosca A: 9\/16&#215;18 UNF convexa. Rosca B: 12&#215;100 c\u00f4ncava<br \/>\n&#8211; Rosca A: 9\/16&#215;18 UNF convexa. Rosca B: 12&#215;150 c\u00f4ncava<br \/>\n&#8211; Rosca A: 9\/16&#215;18 UNF convexa. Rosca B: 14&#215;150 c\u00f4ncava<br \/>\n&#8211; Rosca A: 9\/16&#215;18 UNF convexa. Rosca B: 16&#215;150 c\u00f4ncava<br \/>\n&#8211; Rosca A: 9\/16&#215;18 UNF convexa. Rosca B: 18&#215;150 c\u00f4ncava<br \/>\n&#8211; Rosca A: 9\/16&#215;18 UNF convexa. Rosca B: 20&#215;150 c\u00f4ncava<br \/>\n&#8211; Rosca A: 9\/16&#215;18 UNF convexa. Rosca B: 22&#215;150 c\u00f4ncava<\/p>\n<p>Material: alum\u00ednio<\/p>\n","protected":false},"excerpt":{"rendered":"<p>Adaptador de alum\u00ednio c\u00f4ncavo m\u00e9trico UNF macho-macho convexo GOODRIDGE 306 JIC 9\/16&#215;18.<\/p>\n<p>V\u00e1rias roscas est\u00e3o dispon\u00edveis:<br \/>\n&#8211; Rosca A: 9\/16&#215;18 UNF convexo. Rosca B: 10&#215;100 c\u00f4ncava<br \/>\n&#8211; Rosca A: 9\/16&#215;18 UNF convexa. Rosca B: 12&#215;100 c\u00f4ncava<br \/>\n&#8211; Rosca A: 9\/16&#215;18 UNF convexa. Rosca B: 12&#215;150 c\u00f4ncava<br \/>\n&#8211; Rosca A: 9\/16&#215;18 UNF convexa. Rosca B: 14&#215;150 c\u00f4ncava<br \/>\n&#8211; Rosca A: 9\/16&#215;18 UNF convexa. Rosca B: 16&#215;150 c\u00f4ncava<br \/>\n&#8211; Rosca A: 9\/16&#215;18 UNF convexa. Rosca B: 18&#215;150 c\u00f4ncava<br \/>\n&#8211; Rosca A: 9\/16&#215;18 UNF convexa. Rosca B: 20&#215;150 c\u00f4ncava<br \/>\n&#8211; Rosca A: 9\/16&#215;18 UNF convexa. Rosca B: 22&#215;150 c\u00f4ncava<\/p>\n<p>Material: alum\u00ednio<\/p>\n","protected":false},"featured_media":18161,"template":"","meta":[],"product_cat":[479,514,515,543],"product_tag":[],"marca":[140],"class_list":["post-18165","product","type-product","status-publish","has-post-thumbnail","hentry","product_cat-viatura","product_cat-motor","product_cat-circuito-combustivel","product_cat-bombas-gasolina-acessorios","marca-goodridge"],"yoast_head":"<!-- This site is optimized with the Yoast SEO plugin v20.5 - https:\/\/yoast.com\/wordpress\/plugins\/seo\/ -->\n<title>RACORD GOODRIGE 9\/16 - 10X100 - ALUMINIO - Oficina de manuten\u00e7\u00e3o e repara\u00e7\u00e3o de veiculos automoveis em S. Miguel, A\u00e7ores - Auto Barbosa<\/title>\n<meta name=\"robots\" content=\"index, follow, max-snippet:-1, max-image-preview:large, max-video-preview:-1\" \/>\n<link rel=\"canonical\" href=\"https:\/\/autobarbosa.com\/fr\/produto\/racord-goodrige-9-16-10x100-aluminio\/\" \/>\n<meta property=\"og:locale\" content=\"fr_FR\" \/>\n<meta property=\"og:type\" content=\"article\" \/>\n<meta property=\"og:title\" content=\"RACORD GOODRIGE 9\/16 - 10X100 - ALUMINIO - Oficina de manuten\u00e7\u00e3o e repara\u00e7\u00e3o de veiculos automoveis em S. Miguel, A\u00e7ores - Auto Barbosa\" \/>\n<meta property=\"og:description\" content=\"Adaptador de alum\u00ednio c\u00f4ncavo m\u00e9trico UNF macho-macho convexo GOODRIDGE 306 JIC 9\/16x18.  V\u00e1rias roscas est\u00e3o dispon\u00edveis: - Rosca A: 9\/16x18 UNF convexo. Rosca B: 10x100 c\u00f4ncava - Rosca A: 9\/16x18 UNF convexa. Rosca B: 12x100 c\u00f4ncava - Rosca A: 9\/16x18 UNF convexa. Rosca B: 12x150 c\u00f4ncava - Rosca A: 9\/16x18 UNF convexa. Rosca B: 14x150 c\u00f4ncava - Rosca A: 9\/16x18 UNF convexa. Rosca B: 16x150 c\u00f4ncava - Rosca A: 9\/16x18 UNF convexa. Rosca B: 18x150 c\u00f4ncava - Rosca A: 9\/16x18 UNF convexa. Rosca B: 20x150 c\u00f4ncava - Rosca A: 9\/16x18 UNF convexa. Rosca B: 22x150 c\u00f4ncava  Material: alum\u00ednio\" \/>\n<meta property=\"og:url\" content=\"https:\/\/autobarbosa.com\/fr\/produto\/racord-goodrige-9-16-10x100-aluminio\/\" \/>\n<meta property=\"og:site_name\" content=\"Oficina de manuten\u00e7\u00e3o e repara\u00e7\u00e3o de veiculos automoveis em S. Miguel, A\u00e7ores - Auto Barbosa\" \/>\n<meta property=\"article:publisher\" content=\"https:\/\/www.facebook.com\/autobarbosaoficina\" \/>\n<meta property=\"article:modified_time\" content=\"2026-04-21T19:04:39+00:00\" \/>\n<meta property=\"og:image\" content=\"https:\/\/autobarbosa.com\/wp-content\/uploads\/2025\/11\/306631d.png\" \/>\n\t<meta property=\"og:image:width\" content=\"600\" \/>\n\t<meta property=\"og:image:height\" content=\"600\" \/>\n\t<meta property=\"og:image:type\" content=\"image\/png\" \/>\n<meta name=\"twitter:card\" content=\"summary_large_image\" \/>\n<meta name=\"twitter:label1\" content=\"Dur\u00e9e de lecture estim\u00e9e\" \/>\n\t<meta name=\"twitter:data1\" content=\"1 minute\" \/>\n<script type=\"application\/ld+json\" class=\"yoast-schema-graph\">{\"@context\":\"https:\/\/schema.org\",\"@graph\":[{\"@type\":\"WebPage\",\"@id\":\"https:\/\/autobarbosa.com\/fr\/produto\/racord-goodrige-9-16-10x100-aluminio\/\",\"url\":\"https:\/\/autobarbosa.com\/fr\/produto\/racord-goodrige-9-16-10x100-aluminio\/\",\"name\":\"RACORD GOODRIGE 9\/16 - 10X100 - ALUMINIO - Oficina de manuten\u00e7\u00e3o e repara\u00e7\u00e3o de veiculos automoveis em S. Miguel, A\u00e7ores - Auto Barbosa\",\"isPartOf\":{\"@id\":\"https:\/\/autobarbosa.com\/fr\/#website\"},\"datePublished\":\"2025-11-26T08:04:53+00:00\",\"dateModified\":\"2026-04-21T19:04:39+00:00\",\"breadcrumb\":{\"@id\":\"https:\/\/autobarbosa.com\/fr\/produto\/racord-goodrige-9-16-10x100-aluminio\/#breadcrumb\"},\"inLanguage\":\"fr-FR\",\"potentialAction\":[{\"@type\":\"ReadAction\",\"target\":[\"https:\/\/autobarbosa.com\/fr\/produto\/racord-goodrige-9-16-10x100-aluminio\/\"]}]},{\"@type\":\"BreadcrumbList\",\"@id\":\"https:\/\/autobarbosa.com\/fr\/produto\/racord-goodrige-9-16-10x100-aluminio\/#breadcrumb\",\"itemListElement\":[{\"@type\":\"ListItem\",\"position\":1,\"name\":\"In\u00edcio\",\"item\":\"https:\/\/autobarbosa.com\/fr\/\"},{\"@type\":\"ListItem\",\"position\":2,\"name\":\"Loja\",\"item\":\"https:\/\/autobarbosa.com\/\"},{\"@type\":\"ListItem\",\"position\":3,\"name\":\"RACORD GOODRIGE 9\/16 &#8211; 10X100 &#8211; ALUMINIO\"}]},{\"@type\":\"WebSite\",\"@id\":\"https:\/\/autobarbosa.com\/fr\/#website\",\"url\":\"https:\/\/autobarbosa.com\/fr\/\",\"name\":\"Oficina de manuten\u00e7\u00e3o e repara\u00e7\u00e3o de veiculos automoveis em S. Miguel, A\u00e7ores - Auto Barbosa\",\"description\":\"Auto Barbosa\",\"publisher\":{\"@id\":\"https:\/\/autobarbosa.com\/fr\/#organization\"},\"potentialAction\":[{\"@type\":\"SearchAction\",\"target\":{\"@type\":\"EntryPoint\",\"urlTemplate\":\"https:\/\/autobarbosa.com\/fr\/?s={search_term_string}\"},\"query-input\":\"required name=search_term_string\"}],\"inLanguage\":\"fr-FR\"},{\"@type\":\"Organization\",\"@id\":\"https:\/\/autobarbosa.com\/fr\/#organization\",\"name\":\"Oficina de manuten\u00e7\u00e3o e repara\u00e7\u00e3o de veiculos automoveis em S. Miguel, A\u00e7ores - Auto Barbosa\",\"url\":\"https:\/\/autobarbosa.com\/fr\/\",\"logo\":{\"@type\":\"ImageObject\",\"inLanguage\":\"fr-FR\",\"@id\":\"https:\/\/autobarbosa.com\/fr\/#\/schema\/logo\/image\/\",\"url\":\"https:\/\/autobarbosa.com\/wp-content\/uploads\/2023\/03\/AUTO-BARBOSA-LOGO-1-e1678715539111.png\",\"contentUrl\":\"https:\/\/autobarbosa.com\/wp-content\/uploads\/2023\/03\/AUTO-BARBOSA-LOGO-1-e1678715539111.png\",\"width\":3233,\"height\":3233,\"caption\":\"Oficina de manuten\u00e7\u00e3o e repara\u00e7\u00e3o de veiculos automoveis em S. Miguel, A\u00e7ores - Auto Barbosa\"},\"image\":{\"@id\":\"https:\/\/autobarbosa.com\/fr\/#\/schema\/logo\/image\/\"},\"sameAs\":[\"https:\/\/www.facebook.com\/autobarbosaoficina\",\"https:\/\/www.instagram.com\/autobarbosa.oficina\/\"]}]}<\/script>\n<!-- \/ Yoast SEO plugin. -->","yoast_head_json":{"title":"RACORD GOODRIGE 9\/16 - 10X100 - ALUMINIO - Oficina de manuten\u00e7\u00e3o e repara\u00e7\u00e3o de veiculos automoveis em S. Miguel, A\u00e7ores - Auto Barbosa","robots":{"index":"index","follow":"follow","max-snippet":"max-snippet:-1","max-image-preview":"max-image-preview:large","max-video-preview":"max-video-preview:-1"},"canonical":"https:\/\/autobarbosa.com\/fr\/produto\/racord-goodrige-9-16-10x100-aluminio\/","og_locale":"fr_FR","og_type":"article","og_title":"RACORD GOODRIGE 9\/16 - 10X100 - ALUMINIO - Oficina de manuten\u00e7\u00e3o e repara\u00e7\u00e3o de veiculos automoveis em S. Miguel, A\u00e7ores - Auto Barbosa","og_description":"Adaptador de alum\u00ednio c\u00f4ncavo m\u00e9trico UNF macho-macho convexo GOODRIDGE 306 JIC 9\/16x18.  V\u00e1rias roscas est\u00e3o dispon\u00edveis: - Rosca A: 9\/16x18 UNF convexo. Rosca B: 10x100 c\u00f4ncava - Rosca A: 9\/16x18 UNF convexa. Rosca B: 12x100 c\u00f4ncava - Rosca A: 9\/16x18 UNF convexa. Rosca B: 12x150 c\u00f4ncava - Rosca A: 9\/16x18 UNF convexa. Rosca B: 14x150 c\u00f4ncava - Rosca A: 9\/16x18 UNF convexa. Rosca B: 16x150 c\u00f4ncava - Rosca A: 9\/16x18 UNF convexa. Rosca B: 18x150 c\u00f4ncava - Rosca A: 9\/16x18 UNF convexa. Rosca B: 20x150 c\u00f4ncava - Rosca A: 9\/16x18 UNF convexa. Rosca B: 22x150 c\u00f4ncava  Material: alum\u00ednio","og_url":"https:\/\/autobarbosa.com\/fr\/produto\/racord-goodrige-9-16-10x100-aluminio\/","og_site_name":"Oficina de manuten\u00e7\u00e3o e repara\u00e7\u00e3o de veiculos automoveis em S. Miguel, A\u00e7ores - Auto Barbosa","article_publisher":"https:\/\/www.facebook.com\/autobarbosaoficina","article_modified_time":"2026-04-21T19:04:39+00:00","og_image":[{"width":600,"height":600,"url":"https:\/\/autobarbosa.com\/wp-content\/uploads\/2025\/11\/306631d.png","type":"image\/png"}],"twitter_card":"summary_large_image","twitter_misc":{"Dur\u00e9e de lecture estim\u00e9e":"1 minute"},"schema":{"@context":"https:\/\/schema.org","@graph":[{"@type":"WebPage","@id":"https:\/\/autobarbosa.com\/fr\/produto\/racord-goodrige-9-16-10x100-aluminio\/","url":"https:\/\/autobarbosa.com\/fr\/produto\/racord-goodrige-9-16-10x100-aluminio\/","name":"RACORD GOODRIGE 9\/16 - 10X100 - ALUMINIO - Oficina de manuten\u00e7\u00e3o e repara\u00e7\u00e3o de veiculos automoveis em S. Miguel, A\u00e7ores - Auto Barbosa","isPartOf":{"@id":"https:\/\/autobarbosa.com\/fr\/#website"},"datePublished":"2025-11-26T08:04:53+00:00","dateModified":"2026-04-21T19:04:39+00:00","breadcrumb":{"@id":"https:\/\/autobarbosa.com\/fr\/produto\/racord-goodrige-9-16-10x100-aluminio\/#breadcrumb"},"inLanguage":"fr-FR","potentialAction":[{"@type":"ReadAction","target":["https:\/\/autobarbosa.com\/fr\/produto\/racord-goodrige-9-16-10x100-aluminio\/"]}]},{"@type":"BreadcrumbList","@id":"https:\/\/autobarbosa.com\/fr\/produto\/racord-goodrige-9-16-10x100-aluminio\/#breadcrumb","itemListElement":[{"@type":"ListItem","position":1,"name":"In\u00edcio","item":"https:\/\/autobarbosa.com\/fr\/"},{"@type":"ListItem","position":2,"name":"Loja","item":"https:\/\/autobarbosa.com\/"},{"@type":"ListItem","position":3,"name":"RACORD GOODRIGE 9\/16 &#8211; 10X100 &#8211; ALUMINIO"}]},{"@type":"WebSite","@id":"https:\/\/autobarbosa.com\/fr\/#website","url":"https:\/\/autobarbosa.com\/fr\/","name":"Oficina de manuten\u00e7\u00e3o e repara\u00e7\u00e3o de veiculos automoveis em S. Miguel, A\u00e7ores - Auto Barbosa","description":"Auto Barbosa","publisher":{"@id":"https:\/\/autobarbosa.com\/fr\/#organization"},"potentialAction":[{"@type":"SearchAction","target":{"@type":"EntryPoint","urlTemplate":"https:\/\/autobarbosa.com\/fr\/?s={search_term_string}"},"query-input":"required name=search_term_string"}],"inLanguage":"fr-FR"},{"@type":"Organization","@id":"https:\/\/autobarbosa.com\/fr\/#organization","name":"Oficina de manuten\u00e7\u00e3o e repara\u00e7\u00e3o de veiculos automoveis em S. Miguel, A\u00e7ores - Auto Barbosa","url":"https:\/\/autobarbosa.com\/fr\/","logo":{"@type":"ImageObject","inLanguage":"fr-FR","@id":"https:\/\/autobarbosa.com\/fr\/#\/schema\/logo\/image\/","url":"https:\/\/autobarbosa.com\/wp-content\/uploads\/2023\/03\/AUTO-BARBOSA-LOGO-1-e1678715539111.png","contentUrl":"https:\/\/autobarbosa.com\/wp-content\/uploads\/2023\/03\/AUTO-BARBOSA-LOGO-1-e1678715539111.png","width":3233,"height":3233,"caption":"Oficina de manuten\u00e7\u00e3o e repara\u00e7\u00e3o de veiculos automoveis em S. Miguel, A\u00e7ores - Auto Barbosa"},"image":{"@id":"https:\/\/autobarbosa.com\/fr\/#\/schema\/logo\/image\/"},"sameAs":["https:\/\/www.facebook.com\/autobarbosaoficina","https:\/\/www.instagram.com\/autobarbosa.oficina\/"]}]}},"_links":{"self":[{"href":"https:\/\/autobarbosa.com\/fr\/wp-json\/wp\/v3\/product\/18165","targetHints":{"allow":["GET"]}}],"collection":[{"href":"https:\/\/autobarbosa.com\/fr\/wp-json\/wp\/v3\/product"}],"about":[{"href":"https:\/\/autobarbosa.com\/fr\/wp-json\/wp\/v2\/types\/product"}],"wp:featuredmedia":[{"embeddable":true,"href":"https:\/\/autobarbosa.com\/fr\/wp-json\/wp\/v2\/media\/18161"}],"wp:attachment":[{"href":"https:\/\/autobarbosa.com\/fr\/wp-json\/wp\/v2\/media?parent=18165"}],"wp:term":[{"taxonomy":"product_cat","embeddable":true,"href":"https:\/\/autobarbosa.com\/fr\/wp-json\/wp\/v2\/product_cat?post=18165"},{"taxonomy":"product_tag","embeddable":true,"href":"https:\/\/autobarbosa.com\/fr\/wp-json\/wp\/v2\/product_tag?post=18165"},{"taxonomy":"marca","embeddable":true,"href":"https:\/\/autobarbosa.com\/fr\/wp-json\/wp\/v2\/marca?post=18165"}],"curies":[{"name":"wp","href":"https:\/\/api.w.org\/{rel}","templated":true}]}}