{"id":18437,"date":"2025-11-26T07:06:05","date_gmt":"2025-11-26T08:06:05","guid":{"rendered":"https:\/\/autobarbosa.com\/produto\/regulador-pressao-de-gasolina-sytec-9-16-unf\/"},"modified":"2026-05-02T19:05:45","modified_gmt":"2026-05-02T19:05:45","slug":"regulador-pressao-de-gasolina-sytec-9-16-unf","status":"publish","type":"product","link":"https:\/\/autobarbosa.com\/fr\/produto\/regulador-pressao-de-gasolina-sytec-9-16-unf\/","title":{"rendered":"REGULADOR PRESSAO DE GASOLINA SYTEC  9\/16 UNF"},"content":{"rendered":"<p>Regulador de press\u00e3o de combust\u00edvel 9\/16 UNF<br \/>\nRegulador regul\u00e1vel de 1,5 a 6 Bars. Grande fluxo especial (at\u00e9 5L\/min). 1 entrada, 1 sa\u00edda, 1 depress\u00e3o.<br \/>\nFornecido com adaptador 1\/8 NPT \/ 9\/16 UNF, suporte padr\u00e3o e parafusos.<br \/>\nOp\u00e7\u00f5es: acess\u00f3rios para abeto (ref. 479804 e 41199), man\u00f3metro (ref. 440002) e suporte de competi\u00e7\u00e3o (ref. MRB001).<\/p>\n","protected":false},"excerpt":{"rendered":"<p>Regulador de press\u00e3o de combust\u00edvel 9\/16 UNF<br \/>\nRegulador regul\u00e1vel de 1,5 a 6 Bars. Grande fluxo especial (at\u00e9 5L\/min). 1 entrada, 1 sa\u00edda, 1 depress\u00e3o.<br \/>\nFornecido com adaptador 1\/8 NPT \/ 9\/16 UNF, suporte padr\u00e3o e parafusos.<br \/>\nOp\u00e7\u00f5es: acess\u00f3rios para abeto (ref. 479804 e 41199), man\u00f3metro (ref. 440002) e suporte de competi\u00e7\u00e3o (ref. MRB001).<\/p>\n","protected":false},"featured_media":18433,"template":"","meta":[],"product_cat":[479,514,515,524],"product_tag":[],"marca":[157],"class_list":["post-18437","product","type-product","status-publish","has-post-thumbnail","hentry","product_cat-viatura","product_cat-motor","product_cat-circuito-combustivel","product_cat-regulador-pressao","marca-sytec"],"yoast_head":"<!-- This site is optimized with the Yoast SEO plugin v20.5 - https:\/\/yoast.com\/wordpress\/plugins\/seo\/ -->\n<title>REGULADOR PRESSAO DE GASOLINA SYTEC 9\/16 UNF - Oficina de manuten\u00e7\u00e3o e repara\u00e7\u00e3o de veiculos automoveis em S. Miguel, A\u00e7ores - Auto Barbosa<\/title>\n<meta name=\"robots\" content=\"index, follow, max-snippet:-1, max-image-preview:large, max-video-preview:-1\" \/>\n<link rel=\"canonical\" href=\"https:\/\/autobarbosa.com\/fr\/produto\/regulador-pressao-de-gasolina-sytec-9-16-unf\/\" \/>\n<meta property=\"og:locale\" content=\"fr_FR\" \/>\n<meta property=\"og:type\" content=\"article\" \/>\n<meta property=\"og:title\" content=\"REGULADOR PRESSAO DE GASOLINA SYTEC 9\/16 UNF - Oficina de manuten\u00e7\u00e3o e repara\u00e7\u00e3o de veiculos automoveis em S. Miguel, A\u00e7ores - Auto Barbosa\" \/>\n<meta property=\"og:description\" content=\"Regulador de press\u00e3o de combust\u00edvel 9\/16 UNF Regulador regul\u00e1vel de 1,5 a 6 Bars. Grande fluxo especial (at\u00e9 5L\/min). 1 entrada, 1 sa\u00edda, 1 depress\u00e3o. Fornecido com adaptador 1\/8 NPT \/ 9\/16 UNF, suporte padr\u00e3o e parafusos. Op\u00e7\u00f5es: acess\u00f3rios para abeto (ref. 479804 e 41199), man\u00f3metro (ref. 440002) e suporte de competi\u00e7\u00e3o (ref. MRB001).\" \/>\n<meta property=\"og:url\" content=\"https:\/\/autobarbosa.com\/fr\/produto\/regulador-pressao-de-gasolina-sytec-9-16-unf\/\" \/>\n<meta property=\"og:site_name\" content=\"Oficina de manuten\u00e7\u00e3o e repara\u00e7\u00e3o de veiculos automoveis em S. Miguel, A\u00e7ores - Auto Barbosa\" \/>\n<meta property=\"article:publisher\" content=\"https:\/\/www.facebook.com\/autobarbosaoficina\" \/>\n<meta property=\"article:modified_time\" content=\"2026-05-02T19:05:45+00:00\" \/>\n<meta property=\"og:image\" content=\"https:\/\/autobarbosa.com\/wp-content\/uploads\/2025\/11\/442msv003.png\" \/>\n\t<meta property=\"og:image:width\" content=\"800\" \/>\n\t<meta property=\"og:image:height\" content=\"800\" \/>\n\t<meta property=\"og:image:type\" content=\"image\/png\" \/>\n<meta name=\"twitter:card\" content=\"summary_large_image\" \/>\n<script type=\"application\/ld+json\" class=\"yoast-schema-graph\">{\"@context\":\"https:\/\/schema.org\",\"@graph\":[{\"@type\":\"WebPage\",\"@id\":\"https:\/\/autobarbosa.com\/fr\/produto\/regulador-pressao-de-gasolina-sytec-9-16-unf\/\",\"url\":\"https:\/\/autobarbosa.com\/fr\/produto\/regulador-pressao-de-gasolina-sytec-9-16-unf\/\",\"name\":\"REGULADOR PRESSAO DE GASOLINA SYTEC 9\/16 UNF - Oficina de manuten\u00e7\u00e3o e repara\u00e7\u00e3o de veiculos automoveis em S. Miguel, A\u00e7ores - Auto Barbosa\",\"isPartOf\":{\"@id\":\"https:\/\/autobarbosa.com\/fr\/#website\"},\"datePublished\":\"2025-11-26T08:06:05+00:00\",\"dateModified\":\"2026-05-02T19:05:45+00:00\",\"breadcrumb\":{\"@id\":\"https:\/\/autobarbosa.com\/fr\/produto\/regulador-pressao-de-gasolina-sytec-9-16-unf\/#breadcrumb\"},\"inLanguage\":\"fr-FR\",\"potentialAction\":[{\"@type\":\"ReadAction\",\"target\":[\"https:\/\/autobarbosa.com\/fr\/produto\/regulador-pressao-de-gasolina-sytec-9-16-unf\/\"]}]},{\"@type\":\"BreadcrumbList\",\"@id\":\"https:\/\/autobarbosa.com\/fr\/produto\/regulador-pressao-de-gasolina-sytec-9-16-unf\/#breadcrumb\",\"itemListElement\":[{\"@type\":\"ListItem\",\"position\":1,\"name\":\"In\u00edcio\",\"item\":\"https:\/\/autobarbosa.com\/fr\/\"},{\"@type\":\"ListItem\",\"position\":2,\"name\":\"Loja\",\"item\":\"https:\/\/autobarbosa.com\/\"},{\"@type\":\"ListItem\",\"position\":3,\"name\":\"REGULADOR PRESSAO DE GASOLINA SYTEC 9\/16 UNF\"}]},{\"@type\":\"WebSite\",\"@id\":\"https:\/\/autobarbosa.com\/fr\/#website\",\"url\":\"https:\/\/autobarbosa.com\/fr\/\",\"name\":\"Oficina de manuten\u00e7\u00e3o e repara\u00e7\u00e3o de veiculos automoveis em S. Miguel, A\u00e7ores - Auto Barbosa\",\"description\":\"Auto Barbosa\",\"publisher\":{\"@id\":\"https:\/\/autobarbosa.com\/fr\/#organization\"},\"potentialAction\":[{\"@type\":\"SearchAction\",\"target\":{\"@type\":\"EntryPoint\",\"urlTemplate\":\"https:\/\/autobarbosa.com\/fr\/?s={search_term_string}\"},\"query-input\":\"required name=search_term_string\"}],\"inLanguage\":\"fr-FR\"},{\"@type\":\"Organization\",\"@id\":\"https:\/\/autobarbosa.com\/fr\/#organization\",\"name\":\"Oficina de manuten\u00e7\u00e3o e repara\u00e7\u00e3o de veiculos automoveis em S. Miguel, A\u00e7ores - Auto Barbosa\",\"url\":\"https:\/\/autobarbosa.com\/fr\/\",\"logo\":{\"@type\":\"ImageObject\",\"inLanguage\":\"fr-FR\",\"@id\":\"https:\/\/autobarbosa.com\/fr\/#\/schema\/logo\/image\/\",\"url\":\"https:\/\/autobarbosa.com\/wp-content\/uploads\/2023\/03\/AUTO-BARBOSA-LOGO-1-e1678715539111.png\",\"contentUrl\":\"https:\/\/autobarbosa.com\/wp-content\/uploads\/2023\/03\/AUTO-BARBOSA-LOGO-1-e1678715539111.png\",\"width\":3233,\"height\":3233,\"caption\":\"Oficina de manuten\u00e7\u00e3o e repara\u00e7\u00e3o de veiculos automoveis em S. Miguel, A\u00e7ores - Auto Barbosa\"},\"image\":{\"@id\":\"https:\/\/autobarbosa.com\/fr\/#\/schema\/logo\/image\/\"},\"sameAs\":[\"https:\/\/www.facebook.com\/autobarbosaoficina\",\"https:\/\/www.instagram.com\/autobarbosa.oficina\/\"]}]}<\/script>\n<!-- \/ Yoast SEO plugin. -->","yoast_head_json":{"title":"REGULADOR PRESSAO DE GASOLINA SYTEC 9\/16 UNF - Oficina de manuten\u00e7\u00e3o e repara\u00e7\u00e3o de veiculos automoveis em S. Miguel, A\u00e7ores - Auto Barbosa","robots":{"index":"index","follow":"follow","max-snippet":"max-snippet:-1","max-image-preview":"max-image-preview:large","max-video-preview":"max-video-preview:-1"},"canonical":"https:\/\/autobarbosa.com\/fr\/produto\/regulador-pressao-de-gasolina-sytec-9-16-unf\/","og_locale":"fr_FR","og_type":"article","og_title":"REGULADOR PRESSAO DE GASOLINA SYTEC 9\/16 UNF - Oficina de manuten\u00e7\u00e3o e repara\u00e7\u00e3o de veiculos automoveis em S. Miguel, A\u00e7ores - Auto Barbosa","og_description":"Regulador de press\u00e3o de combust\u00edvel 9\/16 UNF Regulador regul\u00e1vel de 1,5 a 6 Bars. Grande fluxo especial (at\u00e9 5L\/min). 1 entrada, 1 sa\u00edda, 1 depress\u00e3o. Fornecido com adaptador 1\/8 NPT \/ 9\/16 UNF, suporte padr\u00e3o e parafusos. Op\u00e7\u00f5es: acess\u00f3rios para abeto (ref. 479804 e 41199), man\u00f3metro (ref. 440002) e suporte de competi\u00e7\u00e3o (ref. MRB001).","og_url":"https:\/\/autobarbosa.com\/fr\/produto\/regulador-pressao-de-gasolina-sytec-9-16-unf\/","og_site_name":"Oficina de manuten\u00e7\u00e3o e repara\u00e7\u00e3o de veiculos automoveis em S. Miguel, A\u00e7ores - Auto Barbosa","article_publisher":"https:\/\/www.facebook.com\/autobarbosaoficina","article_modified_time":"2026-05-02T19:05:45+00:00","og_image":[{"width":800,"height":800,"url":"https:\/\/autobarbosa.com\/wp-content\/uploads\/2025\/11\/442msv003.png","type":"image\/png"}],"twitter_card":"summary_large_image","schema":{"@context":"https:\/\/schema.org","@graph":[{"@type":"WebPage","@id":"https:\/\/autobarbosa.com\/fr\/produto\/regulador-pressao-de-gasolina-sytec-9-16-unf\/","url":"https:\/\/autobarbosa.com\/fr\/produto\/regulador-pressao-de-gasolina-sytec-9-16-unf\/","name":"REGULADOR PRESSAO DE GASOLINA SYTEC 9\/16 UNF - Oficina de manuten\u00e7\u00e3o e repara\u00e7\u00e3o de veiculos automoveis em S. Miguel, A\u00e7ores - Auto Barbosa","isPartOf":{"@id":"https:\/\/autobarbosa.com\/fr\/#website"},"datePublished":"2025-11-26T08:06:05+00:00","dateModified":"2026-05-02T19:05:45+00:00","breadcrumb":{"@id":"https:\/\/autobarbosa.com\/fr\/produto\/regulador-pressao-de-gasolina-sytec-9-16-unf\/#breadcrumb"},"inLanguage":"fr-FR","potentialAction":[{"@type":"ReadAction","target":["https:\/\/autobarbosa.com\/fr\/produto\/regulador-pressao-de-gasolina-sytec-9-16-unf\/"]}]},{"@type":"BreadcrumbList","@id":"https:\/\/autobarbosa.com\/fr\/produto\/regulador-pressao-de-gasolina-sytec-9-16-unf\/#breadcrumb","itemListElement":[{"@type":"ListItem","position":1,"name":"In\u00edcio","item":"https:\/\/autobarbosa.com\/fr\/"},{"@type":"ListItem","position":2,"name":"Loja","item":"https:\/\/autobarbosa.com\/"},{"@type":"ListItem","position":3,"name":"REGULADOR PRESSAO DE GASOLINA SYTEC 9\/16 UNF"}]},{"@type":"WebSite","@id":"https:\/\/autobarbosa.com\/fr\/#website","url":"https:\/\/autobarbosa.com\/fr\/","name":"Oficina de manuten\u00e7\u00e3o e repara\u00e7\u00e3o de veiculos automoveis em S. Miguel, A\u00e7ores - Auto Barbosa","description":"Auto Barbosa","publisher":{"@id":"https:\/\/autobarbosa.com\/fr\/#organization"},"potentialAction":[{"@type":"SearchAction","target":{"@type":"EntryPoint","urlTemplate":"https:\/\/autobarbosa.com\/fr\/?s={search_term_string}"},"query-input":"required name=search_term_string"}],"inLanguage":"fr-FR"},{"@type":"Organization","@id":"https:\/\/autobarbosa.com\/fr\/#organization","name":"Oficina de manuten\u00e7\u00e3o e repara\u00e7\u00e3o de veiculos automoveis em S. Miguel, A\u00e7ores - Auto Barbosa","url":"https:\/\/autobarbosa.com\/fr\/","logo":{"@type":"ImageObject","inLanguage":"fr-FR","@id":"https:\/\/autobarbosa.com\/fr\/#\/schema\/logo\/image\/","url":"https:\/\/autobarbosa.com\/wp-content\/uploads\/2023\/03\/AUTO-BARBOSA-LOGO-1-e1678715539111.png","contentUrl":"https:\/\/autobarbosa.com\/wp-content\/uploads\/2023\/03\/AUTO-BARBOSA-LOGO-1-e1678715539111.png","width":3233,"height":3233,"caption":"Oficina de manuten\u00e7\u00e3o e repara\u00e7\u00e3o de veiculos automoveis em S. Miguel, A\u00e7ores - Auto Barbosa"},"image":{"@id":"https:\/\/autobarbosa.com\/fr\/#\/schema\/logo\/image\/"},"sameAs":["https:\/\/www.facebook.com\/autobarbosaoficina","https:\/\/www.instagram.com\/autobarbosa.oficina\/"]}]}},"_links":{"self":[{"href":"https:\/\/autobarbosa.com\/fr\/wp-json\/wp\/v3\/product\/18437","targetHints":{"allow":["GET"]}}],"collection":[{"href":"https:\/\/autobarbosa.com\/fr\/wp-json\/wp\/v3\/product"}],"about":[{"href":"https:\/\/autobarbosa.com\/fr\/wp-json\/wp\/v2\/types\/product"}],"wp:featuredmedia":[{"embeddable":true,"href":"https:\/\/autobarbosa.com\/fr\/wp-json\/wp\/v2\/media\/18433"}],"wp:attachment":[{"href":"https:\/\/autobarbosa.com\/fr\/wp-json\/wp\/v2\/media?parent=18437"}],"wp:term":[{"taxonomy":"product_cat","embeddable":true,"href":"https:\/\/autobarbosa.com\/fr\/wp-json\/wp\/v2\/product_cat?post=18437"},{"taxonomy":"product_tag","embeddable":true,"href":"https:\/\/autobarbosa.com\/fr\/wp-json\/wp\/v2\/product_tag?post=18437"},{"taxonomy":"marca","embeddable":true,"href":"https:\/\/autobarbosa.com\/fr\/wp-json\/wp\/v2\/marca?post=18437"}],"curies":[{"name":"wp","href":"https:\/\/api.w.org\/{rel}","templated":true}]}}