{"id":18573,"date":"2025-11-26T07:06:40","date_gmt":"2025-11-26T08:06:40","guid":{"rendered":"https:\/\/autobarbosa.com\/produto\/kit-limpeza-green-detergente-oleo-spray-300ml\/"},"modified":"2026-04-30T19:06:26","modified_gmt":"2026-04-30T19:06:26","slug":"kit-limpeza-green-detergente-oleo-spray-300ml","status":"publish","type":"product","link":"https:\/\/autobarbosa.com\/fr\/produto\/kit-limpeza-green-detergente-oleo-spray-300ml\/","title":{"rendered":"KIT LIMPEZA GREEN DETERGENTE + OLEO SPRAY 300ML"},"content":{"rendered":"<p>Kit de limpeza GREEN FILTER para filtros de ar 300 ml<\/p>\n<p>Kit de limpeza recomendado para limpar seus filtros de ar GREEN FILTER.<br \/>\nEste kit cont\u00e9m um frasco de limpador de 500ml e um spray de \u00f3leo de 300ml.<br \/>\nO \u00f3leo penetra no filtro de algod\u00e3o para proteger o motor de part\u00edculas finas (poeira, mofo, etc.).<br \/>\nEsta graxa \u00e9 aplicada ap\u00f3s a limpeza do filtro para impregn\u00e1-lo de \u00f3leo para que recupere toda a sua funcionalidade.<\/p>\n<p>Recomendamos a limpeza do seu filtro de ar Green, dependendo da utiliza\u00e7\u00e3o, a cada 7 a 10.000 km ou a cada 6 meses para obter os melhores resultados.<br \/>\nSe voc\u00ea dirigir em condi\u00e7\u00f5es muito sujas ou empoeiradas, precisar\u00e1 limpar o filtro com mais frequ\u00eancia.<br \/>\nO funcionamento do seu motor est\u00e1 diretamente ligado \u00e0 manuten\u00e7\u00e3o do seu filtro de ar. A frequ\u00eancia de limpeza est\u00e1 diretamente ligada ao ambiente em que voc\u00ea viaja.<\/p>\n","protected":false},"excerpt":{"rendered":"<p>Kit de limpeza GREEN FILTER para filtros de ar 300 ml<\/p>\n<p>Kit de limpeza recomendado para limpar seus filtros de ar GREEN FILTER.<br \/>\nEste kit cont\u00e9m um frasco de limpador de 500ml e um spray de \u00f3leo de 300ml.<br \/>\nO \u00f3leo penetra no filtro de algod\u00e3o para proteger o motor de part\u00edculas finas (poeira, mofo, etc.).<br \/>\nEsta graxa \u00e9 aplicada ap\u00f3s a limpeza do filtro para impregn\u00e1-lo de \u00f3leo para que recupere toda a sua funcionalidade.<\/p>\n<p>Recomendamos a limpeza do seu filtro de ar Green, dependendo da utiliza\u00e7\u00e3o, a cada 7 a 10.000 km ou a cada 6 meses para obter os melhores resultados.<br \/>\nSe voc\u00ea dirigir em condi\u00e7\u00f5es muito sujas ou empoeiradas, precisar\u00e1 limpar o filtro com mais frequ\u00eancia.<br \/>\nO funcionamento do seu motor est\u00e1 diretamente ligado \u00e0 manuten\u00e7\u00e3o do seu filtro de ar. A frequ\u00eancia de limpeza est\u00e1 diretamente ligada ao ambiente em que voc\u00ea viaja.<\/p>\n","protected":false},"featured_media":18569,"template":"","meta":[],"product_cat":[479,514,525],"product_tag":[],"marca":[158],"class_list":["post-18573","product","type-product","status-publish","has-post-thumbnail","hentry","product_cat-viatura","product_cat-motor","product_cat-filtro-ar-acessorios","marca-green"],"yoast_head":"<!-- This site is optimized with the Yoast SEO plugin v20.5 - https:\/\/yoast.com\/wordpress\/plugins\/seo\/ -->\n<title>KIT LIMPEZA GREEN DETERGENTE + OLEO SPRAY 300ML - Oficina de manuten\u00e7\u00e3o e repara\u00e7\u00e3o de veiculos automoveis em S. Miguel, A\u00e7ores - Auto Barbosa<\/title>\n<meta name=\"robots\" content=\"index, follow, max-snippet:-1, max-image-preview:large, max-video-preview:-1\" \/>\n<link rel=\"canonical\" href=\"https:\/\/autobarbosa.com\/fr\/produto\/kit-limpeza-green-detergente-oleo-spray-300ml\/\" \/>\n<meta property=\"og:locale\" content=\"fr_FR\" \/>\n<meta property=\"og:type\" content=\"article\" \/>\n<meta property=\"og:title\" content=\"KIT LIMPEZA GREEN DETERGENTE + OLEO SPRAY 300ML - Oficina de manuten\u00e7\u00e3o e repara\u00e7\u00e3o de veiculos automoveis em S. Miguel, A\u00e7ores - Auto Barbosa\" \/>\n<meta property=\"og:description\" content=\"Kit de limpeza GREEN FILTER para filtros de ar 300 ml  Kit de limpeza recomendado para limpar seus filtros de ar GREEN FILTER. Este kit cont\u00e9m um frasco de limpador de 500ml e um spray de \u00f3leo de 300ml. O \u00f3leo penetra no filtro de algod\u00e3o para proteger o motor de part\u00edculas finas (poeira, mofo, etc.). Esta graxa \u00e9 aplicada ap\u00f3s a limpeza do filtro para impregn\u00e1-lo de \u00f3leo para que recupere toda a sua funcionalidade.  Recomendamos a limpeza do seu filtro de ar Green, dependendo da utiliza\u00e7\u00e3o, a cada 7 a 10.000 km ou a cada 6 meses para obter os melhores resultados. Se voc\u00ea dirigir em condi\u00e7\u00f5es muito sujas ou empoeiradas, precisar\u00e1 limpar o filtro com mais frequ\u00eancia. O funcionamento do seu motor est\u00e1 diretamente ligado \u00e0 manuten\u00e7\u00e3o do seu filtro de ar. A frequ\u00eancia de limpeza est\u00e1 diretamente ligada ao ambiente em que voc\u00ea viaja.\" \/>\n<meta property=\"og:url\" content=\"https:\/\/autobarbosa.com\/fr\/produto\/kit-limpeza-green-detergente-oleo-spray-300ml\/\" \/>\n<meta property=\"og:site_name\" content=\"Oficina de manuten\u00e7\u00e3o e repara\u00e7\u00e3o de veiculos automoveis em S. Miguel, A\u00e7ores - Auto Barbosa\" \/>\n<meta property=\"article:publisher\" content=\"https:\/\/www.facebook.com\/autobarbosaoficina\" \/>\n<meta property=\"article:modified_time\" content=\"2026-04-30T19:06:26+00:00\" \/>\n<meta property=\"og:image\" content=\"https:\/\/autobarbosa.com\/wp-content\/uploads\/2025\/11\/451nh01.png\" \/>\n\t<meta property=\"og:image:width\" content=\"800\" \/>\n\t<meta property=\"og:image:height\" content=\"800\" \/>\n\t<meta property=\"og:image:type\" content=\"image\/png\" \/>\n<meta name=\"twitter:card\" content=\"summary_large_image\" \/>\n<meta name=\"twitter:label1\" content=\"Dur\u00e9e de lecture estim\u00e9e\" \/>\n\t<meta name=\"twitter:data1\" content=\"1 minute\" \/>\n<script type=\"application\/ld+json\" class=\"yoast-schema-graph\">{\"@context\":\"https:\/\/schema.org\",\"@graph\":[{\"@type\":\"WebPage\",\"@id\":\"https:\/\/autobarbosa.com\/fr\/produto\/kit-limpeza-green-detergente-oleo-spray-300ml\/\",\"url\":\"https:\/\/autobarbosa.com\/fr\/produto\/kit-limpeza-green-detergente-oleo-spray-300ml\/\",\"name\":\"KIT LIMPEZA GREEN DETERGENTE + OLEO SPRAY 300ML - Oficina de manuten\u00e7\u00e3o e repara\u00e7\u00e3o de veiculos automoveis em S. Miguel, A\u00e7ores - Auto Barbosa\",\"isPartOf\":{\"@id\":\"https:\/\/autobarbosa.com\/fr\/#website\"},\"datePublished\":\"2025-11-26T08:06:40+00:00\",\"dateModified\":\"2026-04-30T19:06:26+00:00\",\"breadcrumb\":{\"@id\":\"https:\/\/autobarbosa.com\/fr\/produto\/kit-limpeza-green-detergente-oleo-spray-300ml\/#breadcrumb\"},\"inLanguage\":\"fr-FR\",\"potentialAction\":[{\"@type\":\"ReadAction\",\"target\":[\"https:\/\/autobarbosa.com\/fr\/produto\/kit-limpeza-green-detergente-oleo-spray-300ml\/\"]}]},{\"@type\":\"BreadcrumbList\",\"@id\":\"https:\/\/autobarbosa.com\/fr\/produto\/kit-limpeza-green-detergente-oleo-spray-300ml\/#breadcrumb\",\"itemListElement\":[{\"@type\":\"ListItem\",\"position\":1,\"name\":\"In\u00edcio\",\"item\":\"https:\/\/autobarbosa.com\/fr\/\"},{\"@type\":\"ListItem\",\"position\":2,\"name\":\"Loja\",\"item\":\"https:\/\/autobarbosa.com\/\"},{\"@type\":\"ListItem\",\"position\":3,\"name\":\"KIT LIMPEZA GREEN DETERGENTE + OLEO SPRAY 300ML\"}]},{\"@type\":\"WebSite\",\"@id\":\"https:\/\/autobarbosa.com\/fr\/#website\",\"url\":\"https:\/\/autobarbosa.com\/fr\/\",\"name\":\"Oficina de manuten\u00e7\u00e3o e repara\u00e7\u00e3o de veiculos automoveis em S. Miguel, A\u00e7ores - Auto Barbosa\",\"description\":\"Auto Barbosa\",\"publisher\":{\"@id\":\"https:\/\/autobarbosa.com\/fr\/#organization\"},\"potentialAction\":[{\"@type\":\"SearchAction\",\"target\":{\"@type\":\"EntryPoint\",\"urlTemplate\":\"https:\/\/autobarbosa.com\/fr\/?s={search_term_string}\"},\"query-input\":\"required name=search_term_string\"}],\"inLanguage\":\"fr-FR\"},{\"@type\":\"Organization\",\"@id\":\"https:\/\/autobarbosa.com\/fr\/#organization\",\"name\":\"Oficina de manuten\u00e7\u00e3o e repara\u00e7\u00e3o de veiculos automoveis em S. Miguel, A\u00e7ores - Auto Barbosa\",\"url\":\"https:\/\/autobarbosa.com\/fr\/\",\"logo\":{\"@type\":\"ImageObject\",\"inLanguage\":\"fr-FR\",\"@id\":\"https:\/\/autobarbosa.com\/fr\/#\/schema\/logo\/image\/\",\"url\":\"https:\/\/autobarbosa.com\/wp-content\/uploads\/2023\/03\/AUTO-BARBOSA-LOGO-1-e1678715539111.png\",\"contentUrl\":\"https:\/\/autobarbosa.com\/wp-content\/uploads\/2023\/03\/AUTO-BARBOSA-LOGO-1-e1678715539111.png\",\"width\":3233,\"height\":3233,\"caption\":\"Oficina de manuten\u00e7\u00e3o e repara\u00e7\u00e3o de veiculos automoveis em S. Miguel, A\u00e7ores - Auto Barbosa\"},\"image\":{\"@id\":\"https:\/\/autobarbosa.com\/fr\/#\/schema\/logo\/image\/\"},\"sameAs\":[\"https:\/\/www.facebook.com\/autobarbosaoficina\",\"https:\/\/www.instagram.com\/autobarbosa.oficina\/\"]}]}<\/script>\n<!-- \/ Yoast SEO plugin. -->","yoast_head_json":{"title":"KIT LIMPEZA GREEN DETERGENTE + OLEO SPRAY 300ML - Oficina de manuten\u00e7\u00e3o e repara\u00e7\u00e3o de veiculos automoveis em S. Miguel, A\u00e7ores - Auto Barbosa","robots":{"index":"index","follow":"follow","max-snippet":"max-snippet:-1","max-image-preview":"max-image-preview:large","max-video-preview":"max-video-preview:-1"},"canonical":"https:\/\/autobarbosa.com\/fr\/produto\/kit-limpeza-green-detergente-oleo-spray-300ml\/","og_locale":"fr_FR","og_type":"article","og_title":"KIT LIMPEZA GREEN DETERGENTE + OLEO SPRAY 300ML - Oficina de manuten\u00e7\u00e3o e repara\u00e7\u00e3o de veiculos automoveis em S. Miguel, A\u00e7ores - Auto Barbosa","og_description":"Kit de limpeza GREEN FILTER para filtros de ar 300 ml  Kit de limpeza recomendado para limpar seus filtros de ar GREEN FILTER. Este kit cont\u00e9m um frasco de limpador de 500ml e um spray de \u00f3leo de 300ml. O \u00f3leo penetra no filtro de algod\u00e3o para proteger o motor de part\u00edculas finas (poeira, mofo, etc.). Esta graxa \u00e9 aplicada ap\u00f3s a limpeza do filtro para impregn\u00e1-lo de \u00f3leo para que recupere toda a sua funcionalidade.  Recomendamos a limpeza do seu filtro de ar Green, dependendo da utiliza\u00e7\u00e3o, a cada 7 a 10.000 km ou a cada 6 meses para obter os melhores resultados. Se voc\u00ea dirigir em condi\u00e7\u00f5es muito sujas ou empoeiradas, precisar\u00e1 limpar o filtro com mais frequ\u00eancia. O funcionamento do seu motor est\u00e1 diretamente ligado \u00e0 manuten\u00e7\u00e3o do seu filtro de ar. A frequ\u00eancia de limpeza est\u00e1 diretamente ligada ao ambiente em que voc\u00ea viaja.","og_url":"https:\/\/autobarbosa.com\/fr\/produto\/kit-limpeza-green-detergente-oleo-spray-300ml\/","og_site_name":"Oficina de manuten\u00e7\u00e3o e repara\u00e7\u00e3o de veiculos automoveis em S. Miguel, A\u00e7ores - Auto Barbosa","article_publisher":"https:\/\/www.facebook.com\/autobarbosaoficina","article_modified_time":"2026-04-30T19:06:26+00:00","og_image":[{"width":800,"height":800,"url":"https:\/\/autobarbosa.com\/wp-content\/uploads\/2025\/11\/451nh01.png","type":"image\/png"}],"twitter_card":"summary_large_image","twitter_misc":{"Dur\u00e9e de lecture estim\u00e9e":"1 minute"},"schema":{"@context":"https:\/\/schema.org","@graph":[{"@type":"WebPage","@id":"https:\/\/autobarbosa.com\/fr\/produto\/kit-limpeza-green-detergente-oleo-spray-300ml\/","url":"https:\/\/autobarbosa.com\/fr\/produto\/kit-limpeza-green-detergente-oleo-spray-300ml\/","name":"KIT LIMPEZA GREEN DETERGENTE + OLEO SPRAY 300ML - Oficina de manuten\u00e7\u00e3o e repara\u00e7\u00e3o de veiculos automoveis em S. Miguel, A\u00e7ores - Auto Barbosa","isPartOf":{"@id":"https:\/\/autobarbosa.com\/fr\/#website"},"datePublished":"2025-11-26T08:06:40+00:00","dateModified":"2026-04-30T19:06:26+00:00","breadcrumb":{"@id":"https:\/\/autobarbosa.com\/fr\/produto\/kit-limpeza-green-detergente-oleo-spray-300ml\/#breadcrumb"},"inLanguage":"fr-FR","potentialAction":[{"@type":"ReadAction","target":["https:\/\/autobarbosa.com\/fr\/produto\/kit-limpeza-green-detergente-oleo-spray-300ml\/"]}]},{"@type":"BreadcrumbList","@id":"https:\/\/autobarbosa.com\/fr\/produto\/kit-limpeza-green-detergente-oleo-spray-300ml\/#breadcrumb","itemListElement":[{"@type":"ListItem","position":1,"name":"In\u00edcio","item":"https:\/\/autobarbosa.com\/fr\/"},{"@type":"ListItem","position":2,"name":"Loja","item":"https:\/\/autobarbosa.com\/"},{"@type":"ListItem","position":3,"name":"KIT LIMPEZA GREEN DETERGENTE + OLEO SPRAY 300ML"}]},{"@type":"WebSite","@id":"https:\/\/autobarbosa.com\/fr\/#website","url":"https:\/\/autobarbosa.com\/fr\/","name":"Oficina de manuten\u00e7\u00e3o e repara\u00e7\u00e3o de veiculos automoveis em S. Miguel, A\u00e7ores - Auto Barbosa","description":"Auto Barbosa","publisher":{"@id":"https:\/\/autobarbosa.com\/fr\/#organization"},"potentialAction":[{"@type":"SearchAction","target":{"@type":"EntryPoint","urlTemplate":"https:\/\/autobarbosa.com\/fr\/?s={search_term_string}"},"query-input":"required name=search_term_string"}],"inLanguage":"fr-FR"},{"@type":"Organization","@id":"https:\/\/autobarbosa.com\/fr\/#organization","name":"Oficina de manuten\u00e7\u00e3o e repara\u00e7\u00e3o de veiculos automoveis em S. Miguel, A\u00e7ores - Auto Barbosa","url":"https:\/\/autobarbosa.com\/fr\/","logo":{"@type":"ImageObject","inLanguage":"fr-FR","@id":"https:\/\/autobarbosa.com\/fr\/#\/schema\/logo\/image\/","url":"https:\/\/autobarbosa.com\/wp-content\/uploads\/2023\/03\/AUTO-BARBOSA-LOGO-1-e1678715539111.png","contentUrl":"https:\/\/autobarbosa.com\/wp-content\/uploads\/2023\/03\/AUTO-BARBOSA-LOGO-1-e1678715539111.png","width":3233,"height":3233,"caption":"Oficina de manuten\u00e7\u00e3o e repara\u00e7\u00e3o de veiculos automoveis em S. Miguel, A\u00e7ores - Auto Barbosa"},"image":{"@id":"https:\/\/autobarbosa.com\/fr\/#\/schema\/logo\/image\/"},"sameAs":["https:\/\/www.facebook.com\/autobarbosaoficina","https:\/\/www.instagram.com\/autobarbosa.oficina\/"]}]}},"_links":{"self":[{"href":"https:\/\/autobarbosa.com\/fr\/wp-json\/wp\/v3\/product\/18573","targetHints":{"allow":["GET"]}}],"collection":[{"href":"https:\/\/autobarbosa.com\/fr\/wp-json\/wp\/v3\/product"}],"about":[{"href":"https:\/\/autobarbosa.com\/fr\/wp-json\/wp\/v2\/types\/product"}],"wp:featuredmedia":[{"embeddable":true,"href":"https:\/\/autobarbosa.com\/fr\/wp-json\/wp\/v2\/media\/18569"}],"wp:attachment":[{"href":"https:\/\/autobarbosa.com\/fr\/wp-json\/wp\/v2\/media?parent=18573"}],"wp:term":[{"taxonomy":"product_cat","embeddable":true,"href":"https:\/\/autobarbosa.com\/fr\/wp-json\/wp\/v2\/product_cat?post=18573"},{"taxonomy":"product_tag","embeddable":true,"href":"https:\/\/autobarbosa.com\/fr\/wp-json\/wp\/v2\/product_tag?post=18573"},{"taxonomy":"marca","embeddable":true,"href":"https:\/\/autobarbosa.com\/fr\/wp-json\/wp\/v2\/marca?post=18573"}],"curies":[{"name":"wp","href":"https:\/\/api.w.org\/{rel}","templated":true}]}}