{"id":18781,"date":"2025-11-26T07:07:39","date_gmt":"2025-11-26T08:07:39","guid":{"rendered":"https:\/\/autobarbosa.com\/produto\/amortecedor-frente-bilstein-b6-citroen-saxo-ax-peugeot-106\/"},"modified":"2026-04-21T07:06:42","modified_gmt":"2026-04-21T07:06:42","slug":"amortecedor-frente-bilstein-b6-citroen-saxo-ax-peugeot-106","status":"publish","type":"product","link":"https:\/\/autobarbosa.com\/fr\/produto\/amortecedor-frente-bilstein-b6-citroen-saxo-ax-peugeot-106\/","title":{"rendered":"AMORTECEDOR FRENTE BILSTEIN B6 CITROEN SAXO \/ AX &#8211; PEUGEOT 106"},"content":{"rendered":"<p>Amortecedor dianteiro BILSTEIN B6 Sport para CITROEN AX ou Saxo ou PEUGEOT 106 calibra\u00e7\u00e3o espec\u00edfica<br \/>\nO B6 \u00e9 o amortecedor para motoristas esportivos que preferem discri\u00e7\u00e3o.<br \/>\nCaracter\u00edsticas:<br \/>\n&#8211; Excelente dire\u00e7\u00e3o dos eixos e efici\u00eancia constante mesmo nas piores condi\u00e7\u00f5es.<br \/>\n&#8211; Esportivo e seguro, garantindo m\u00e1xima ader\u00eancia ao solo.<br \/>\n&#8211; T\u00e9cnica de fabrica\u00e7\u00e3o de amortecedores e cartuchos para absorver for\u00e7as laterais e facilitar os movimentos verticais.<br \/>\n&#8211; Uso de amortecedores monotubos BILSTEIN mais leves, para reduzir as massas n\u00e3o suspensas e fornecer melhor ader\u00eancia ao solo.<br \/>\n&#8211; Ader\u00eancia e estabilidade ideais tanto na condu\u00e7\u00e3o di\u00e1ria quanto em treinos extremos.<br \/>\n&#8211; Tecnologia de press\u00e3o de g\u00e1s BILSTEIN<br \/>\n&#8211; Melhoria significativa em termos de seguran\u00e7a e desempenho sem trocar as molas (as molas originais podem ser mantidas).<br \/>\n&#8211; Adequado para carros que rebocam cargas pesadas.<br \/>\n&#8211; Fabricado na Alemanha.<br \/>\n&#8211; Testado na pista e na estrada pela BILSTEIN para ajuste preciso.<br \/>\nAdequado para:<br \/>\n&#8211; CITROEN AX GT, GTi, Sport de 1987 a 1994,<br \/>\n&#8211; CITROEN Saxo 1.4, 1.5D, 1.6, 1.6 16S de 04\/1996,<br \/>\n&#8211; PEUGEOT 106 fase I Rallye, 1.4, 1.6 XSi de 09\/91 a 03\/96,<br \/>\n&#8211; PEUGEOT 106 fase II 1.4i, 1.6i, Rallye, 1.6 S16 com ABS (calibra\u00e7\u00e3o espec\u00edfica) de 04\/1996.<br \/>\nVendido individualmente .<\/p>\n","protected":false},"excerpt":{"rendered":"<p>Amortecedor dianteiro BILSTEIN B6 Sport para CITROEN AX ou Saxo ou PEUGEOT 106 calibra\u00e7\u00e3o espec\u00edfica<br \/>\nO B6 \u00e9 o amortecedor para motoristas esportivos que preferem discri\u00e7\u00e3o.<br \/>\nCaracter\u00edsticas:<br \/>\n&#8211; Excelente dire\u00e7\u00e3o dos eixos e efici\u00eancia constante mesmo nas piores condi\u00e7\u00f5es.<br \/>\n&#8211; Esportivo e seguro, garantindo m\u00e1xima ader\u00eancia ao solo.<br \/>\n&#8211; T\u00e9cnica de fabrica\u00e7\u00e3o de amortecedores e cartuchos para absorver for\u00e7as laterais e facilitar os movimentos verticais.<br \/>\n&#8211; Uso de amortecedores monotubos BILSTEIN mais leves, para reduzir as massas n\u00e3o suspensas e fornecer melhor ader\u00eancia ao solo.<br \/>\n&#8211; Ader\u00eancia e estabilidade ideais tanto na condu\u00e7\u00e3o di\u00e1ria quanto em treinos extremos.<br \/>\n&#8211; Tecnologia de press\u00e3o de g\u00e1s BILSTEIN<br \/>\n&#8211; Melhoria significativa em termos de seguran\u00e7a e desempenho sem trocar as molas (as molas originais podem ser mantidas).<br \/>\n&#8211; Adequado para carros que rebocam cargas pesadas.<br \/>\n&#8211; Fabricado na Alemanha.<br \/>\n&#8211; Testado na pista e na estrada pela BILSTEIN para ajuste preciso.<br \/>\nAdequado para:<br \/>\n&#8211; CITROEN AX GT, GTi, Sport de 1987 a 1994,<br \/>\n&#8211; CITROEN Saxo 1.4, 1.5D, 1.6, 1.6 16S de 04\/1996,<br \/>\n&#8211; PEUGEOT 106 fase I Rallye, 1.4, 1.6 XSi de 09\/91 a 03\/96,<br \/>\n&#8211; PEUGEOT 106 fase II 1.4i, 1.6i, Rallye, 1.6 S16 com ABS (calibra\u00e7\u00e3o espec\u00edfica) de 04\/1996.<br \/>\nVendido individualmente .<\/p>\n","protected":false},"featured_media":18777,"template":"","meta":[],"product_cat":[479,507,508],"product_tag":[],"marca":[892],"class_list":["post-18781","product","type-product","status-publish","has-post-thumbnail","hentry","product_cat-viatura","product_cat-suspensoes","product_cat-amortecedores","marca-bilstein"],"yoast_head":"<!-- This site is optimized with the Yoast SEO plugin v20.5 - https:\/\/yoast.com\/wordpress\/plugins\/seo\/ -->\n<title>AMORTECEDOR FRENTE BILSTEIN B6 CITROEN SAXO \/ AX - PEUGEOT 106 - Oficina de manuten\u00e7\u00e3o e repara\u00e7\u00e3o de veiculos automoveis em S. Miguel, A\u00e7ores - Auto Barbosa<\/title>\n<meta name=\"robots\" content=\"index, follow, max-snippet:-1, max-image-preview:large, max-video-preview:-1\" \/>\n<link rel=\"canonical\" href=\"https:\/\/autobarbosa.com\/fr\/produto\/amortecedor-frente-bilstein-b6-citroen-saxo-ax-peugeot-106\/\" \/>\n<meta property=\"og:locale\" content=\"fr_FR\" \/>\n<meta property=\"og:type\" content=\"article\" \/>\n<meta property=\"og:title\" content=\"AMORTECEDOR FRENTE BILSTEIN B6 CITROEN SAXO \/ AX - PEUGEOT 106 - Oficina de manuten\u00e7\u00e3o e repara\u00e7\u00e3o de veiculos automoveis em S. Miguel, A\u00e7ores - Auto Barbosa\" \/>\n<meta property=\"og:description\" content=\"Amortecedor dianteiro BILSTEIN B6 Sport para CITROEN AX ou Saxo ou PEUGEOT 106 calibra\u00e7\u00e3o espec\u00edfica O B6 \u00e9 o amortecedor para motoristas esportivos que preferem discri\u00e7\u00e3o. Caracter\u00edsticas: - Excelente dire\u00e7\u00e3o dos eixos e efici\u00eancia constante mesmo nas piores condi\u00e7\u00f5es. - Esportivo e seguro, garantindo m\u00e1xima ader\u00eancia ao solo. - T\u00e9cnica de fabrica\u00e7\u00e3o de amortecedores e cartuchos para absorver for\u00e7as laterais e facilitar os movimentos verticais. - Uso de amortecedores monotubos BILSTEIN mais leves, para reduzir as massas n\u00e3o suspensas e fornecer melhor ader\u00eancia ao solo. - Ader\u00eancia e estabilidade ideais tanto na condu\u00e7\u00e3o di\u00e1ria quanto em treinos extremos. - Tecnologia de press\u00e3o de g\u00e1s BILSTEIN - Melhoria significativa em termos de seguran\u00e7a e desempenho sem trocar as molas (as molas originais podem ser mantidas). - Adequado para carros que rebocam cargas pesadas. - Fabricado na Alemanha. - Testado na pista e na estrada pela BILSTEIN para ajuste preciso. Adequado para: - CITROEN AX GT, GTi, Sport de 1987 a 1994, - CITROEN Saxo 1.4, 1.5D, 1.6, 1.6 16S de 04\/1996, - PEUGEOT 106 fase I Rallye, 1.4, 1.6 XSi de 09\/91 a 03\/96, - PEUGEOT 106 fase II 1.4i, 1.6i, Rallye, 1.6 S16 com ABS (calibra\u00e7\u00e3o espec\u00edfica) de 04\/1996. Vendido individualmente .\" \/>\n<meta property=\"og:url\" content=\"https:\/\/autobarbosa.com\/fr\/produto\/amortecedor-frente-bilstein-b6-citroen-saxo-ax-peugeot-106\/\" \/>\n<meta property=\"og:site_name\" content=\"Oficina de manuten\u00e7\u00e3o e repara\u00e7\u00e3o de veiculos automoveis em S. Miguel, A\u00e7ores - Auto Barbosa\" \/>\n<meta property=\"article:publisher\" content=\"https:\/\/www.facebook.com\/autobarbosaoficina\" \/>\n<meta property=\"article:modified_time\" content=\"2026-04-21T07:06:42+00:00\" \/>\n<meta property=\"og:image\" content=\"https:\/\/autobarbosa.com\/wp-content\/uploads\/2025\/11\/53000351.png\" \/>\n\t<meta property=\"og:image:width\" content=\"800\" \/>\n\t<meta property=\"og:image:height\" content=\"800\" \/>\n\t<meta property=\"og:image:type\" content=\"image\/png\" \/>\n<meta name=\"twitter:card\" content=\"summary_large_image\" \/>\n<meta name=\"twitter:label1\" content=\"Dur\u00e9e de lecture estim\u00e9e\" \/>\n\t<meta name=\"twitter:data1\" content=\"1 minute\" \/>\n<script type=\"application\/ld+json\" class=\"yoast-schema-graph\">{\"@context\":\"https:\/\/schema.org\",\"@graph\":[{\"@type\":\"WebPage\",\"@id\":\"https:\/\/autobarbosa.com\/fr\/produto\/amortecedor-frente-bilstein-b6-citroen-saxo-ax-peugeot-106\/\",\"url\":\"https:\/\/autobarbosa.com\/fr\/produto\/amortecedor-frente-bilstein-b6-citroen-saxo-ax-peugeot-106\/\",\"name\":\"AMORTECEDOR FRENTE BILSTEIN B6 CITROEN SAXO \/ AX - PEUGEOT 106 - Oficina de manuten\u00e7\u00e3o e repara\u00e7\u00e3o de veiculos automoveis em S. Miguel, A\u00e7ores - Auto Barbosa\",\"isPartOf\":{\"@id\":\"https:\/\/autobarbosa.com\/fr\/#website\"},\"datePublished\":\"2025-11-26T08:07:39+00:00\",\"dateModified\":\"2026-04-21T07:06:42+00:00\",\"breadcrumb\":{\"@id\":\"https:\/\/autobarbosa.com\/fr\/produto\/amortecedor-frente-bilstein-b6-citroen-saxo-ax-peugeot-106\/#breadcrumb\"},\"inLanguage\":\"fr-FR\",\"potentialAction\":[{\"@type\":\"ReadAction\",\"target\":[\"https:\/\/autobarbosa.com\/fr\/produto\/amortecedor-frente-bilstein-b6-citroen-saxo-ax-peugeot-106\/\"]}]},{\"@type\":\"BreadcrumbList\",\"@id\":\"https:\/\/autobarbosa.com\/fr\/produto\/amortecedor-frente-bilstein-b6-citroen-saxo-ax-peugeot-106\/#breadcrumb\",\"itemListElement\":[{\"@type\":\"ListItem\",\"position\":1,\"name\":\"In\u00edcio\",\"item\":\"https:\/\/autobarbosa.com\/fr\/\"},{\"@type\":\"ListItem\",\"position\":2,\"name\":\"Loja\",\"item\":\"https:\/\/autobarbosa.com\/\"},{\"@type\":\"ListItem\",\"position\":3,\"name\":\"AMORTECEDOR FRENTE BILSTEIN B6 CITROEN SAXO \/ AX &#8211; PEUGEOT 106\"}]},{\"@type\":\"WebSite\",\"@id\":\"https:\/\/autobarbosa.com\/fr\/#website\",\"url\":\"https:\/\/autobarbosa.com\/fr\/\",\"name\":\"Oficina de manuten\u00e7\u00e3o e repara\u00e7\u00e3o de veiculos automoveis em S. Miguel, A\u00e7ores - Auto Barbosa\",\"description\":\"Auto Barbosa\",\"publisher\":{\"@id\":\"https:\/\/autobarbosa.com\/fr\/#organization\"},\"potentialAction\":[{\"@type\":\"SearchAction\",\"target\":{\"@type\":\"EntryPoint\",\"urlTemplate\":\"https:\/\/autobarbosa.com\/fr\/?s={search_term_string}\"},\"query-input\":\"required name=search_term_string\"}],\"inLanguage\":\"fr-FR\"},{\"@type\":\"Organization\",\"@id\":\"https:\/\/autobarbosa.com\/fr\/#organization\",\"name\":\"Oficina de manuten\u00e7\u00e3o e repara\u00e7\u00e3o de veiculos automoveis em S. Miguel, A\u00e7ores - Auto Barbosa\",\"url\":\"https:\/\/autobarbosa.com\/fr\/\",\"logo\":{\"@type\":\"ImageObject\",\"inLanguage\":\"fr-FR\",\"@id\":\"https:\/\/autobarbosa.com\/fr\/#\/schema\/logo\/image\/\",\"url\":\"https:\/\/autobarbosa.com\/wp-content\/uploads\/2023\/03\/AUTO-BARBOSA-LOGO-1-e1678715539111.png\",\"contentUrl\":\"https:\/\/autobarbosa.com\/wp-content\/uploads\/2023\/03\/AUTO-BARBOSA-LOGO-1-e1678715539111.png\",\"width\":3233,\"height\":3233,\"caption\":\"Oficina de manuten\u00e7\u00e3o e repara\u00e7\u00e3o de veiculos automoveis em S. Miguel, A\u00e7ores - Auto Barbosa\"},\"image\":{\"@id\":\"https:\/\/autobarbosa.com\/fr\/#\/schema\/logo\/image\/\"},\"sameAs\":[\"https:\/\/www.facebook.com\/autobarbosaoficina\",\"https:\/\/www.instagram.com\/autobarbosa.oficina\/\"]}]}<\/script>\n<!-- \/ Yoast SEO plugin. -->","yoast_head_json":{"title":"AMORTECEDOR FRENTE BILSTEIN B6 CITROEN SAXO \/ AX - PEUGEOT 106 - Oficina de manuten\u00e7\u00e3o e repara\u00e7\u00e3o de veiculos automoveis em S. Miguel, A\u00e7ores - Auto Barbosa","robots":{"index":"index","follow":"follow","max-snippet":"max-snippet:-1","max-image-preview":"max-image-preview:large","max-video-preview":"max-video-preview:-1"},"canonical":"https:\/\/autobarbosa.com\/fr\/produto\/amortecedor-frente-bilstein-b6-citroen-saxo-ax-peugeot-106\/","og_locale":"fr_FR","og_type":"article","og_title":"AMORTECEDOR FRENTE BILSTEIN B6 CITROEN SAXO \/ AX - PEUGEOT 106 - Oficina de manuten\u00e7\u00e3o e repara\u00e7\u00e3o de veiculos automoveis em S. Miguel, A\u00e7ores - Auto Barbosa","og_description":"Amortecedor dianteiro BILSTEIN B6 Sport para CITROEN AX ou Saxo ou PEUGEOT 106 calibra\u00e7\u00e3o espec\u00edfica O B6 \u00e9 o amortecedor para motoristas esportivos que preferem discri\u00e7\u00e3o. Caracter\u00edsticas: - Excelente dire\u00e7\u00e3o dos eixos e efici\u00eancia constante mesmo nas piores condi\u00e7\u00f5es. - Esportivo e seguro, garantindo m\u00e1xima ader\u00eancia ao solo. - T\u00e9cnica de fabrica\u00e7\u00e3o de amortecedores e cartuchos para absorver for\u00e7as laterais e facilitar os movimentos verticais. - Uso de amortecedores monotubos BILSTEIN mais leves, para reduzir as massas n\u00e3o suspensas e fornecer melhor ader\u00eancia ao solo. - Ader\u00eancia e estabilidade ideais tanto na condu\u00e7\u00e3o di\u00e1ria quanto em treinos extremos. - Tecnologia de press\u00e3o de g\u00e1s BILSTEIN - Melhoria significativa em termos de seguran\u00e7a e desempenho sem trocar as molas (as molas originais podem ser mantidas). - Adequado para carros que rebocam cargas pesadas. - Fabricado na Alemanha. - Testado na pista e na estrada pela BILSTEIN para ajuste preciso. Adequado para: - CITROEN AX GT, GTi, Sport de 1987 a 1994, - CITROEN Saxo 1.4, 1.5D, 1.6, 1.6 16S de 04\/1996, - PEUGEOT 106 fase I Rallye, 1.4, 1.6 XSi de 09\/91 a 03\/96, - PEUGEOT 106 fase II 1.4i, 1.6i, Rallye, 1.6 S16 com ABS (calibra\u00e7\u00e3o espec\u00edfica) de 04\/1996. Vendido individualmente .","og_url":"https:\/\/autobarbosa.com\/fr\/produto\/amortecedor-frente-bilstein-b6-citroen-saxo-ax-peugeot-106\/","og_site_name":"Oficina de manuten\u00e7\u00e3o e repara\u00e7\u00e3o de veiculos automoveis em S. Miguel, A\u00e7ores - Auto Barbosa","article_publisher":"https:\/\/www.facebook.com\/autobarbosaoficina","article_modified_time":"2026-04-21T07:06:42+00:00","og_image":[{"width":800,"height":800,"url":"https:\/\/autobarbosa.com\/wp-content\/uploads\/2025\/11\/53000351.png","type":"image\/png"}],"twitter_card":"summary_large_image","twitter_misc":{"Dur\u00e9e de lecture estim\u00e9e":"1 minute"},"schema":{"@context":"https:\/\/schema.org","@graph":[{"@type":"WebPage","@id":"https:\/\/autobarbosa.com\/fr\/produto\/amortecedor-frente-bilstein-b6-citroen-saxo-ax-peugeot-106\/","url":"https:\/\/autobarbosa.com\/fr\/produto\/amortecedor-frente-bilstein-b6-citroen-saxo-ax-peugeot-106\/","name":"AMORTECEDOR FRENTE BILSTEIN B6 CITROEN SAXO \/ AX - PEUGEOT 106 - Oficina de manuten\u00e7\u00e3o e repara\u00e7\u00e3o de veiculos automoveis em S. Miguel, A\u00e7ores - Auto Barbosa","isPartOf":{"@id":"https:\/\/autobarbosa.com\/fr\/#website"},"datePublished":"2025-11-26T08:07:39+00:00","dateModified":"2026-04-21T07:06:42+00:00","breadcrumb":{"@id":"https:\/\/autobarbosa.com\/fr\/produto\/amortecedor-frente-bilstein-b6-citroen-saxo-ax-peugeot-106\/#breadcrumb"},"inLanguage":"fr-FR","potentialAction":[{"@type":"ReadAction","target":["https:\/\/autobarbosa.com\/fr\/produto\/amortecedor-frente-bilstein-b6-citroen-saxo-ax-peugeot-106\/"]}]},{"@type":"BreadcrumbList","@id":"https:\/\/autobarbosa.com\/fr\/produto\/amortecedor-frente-bilstein-b6-citroen-saxo-ax-peugeot-106\/#breadcrumb","itemListElement":[{"@type":"ListItem","position":1,"name":"In\u00edcio","item":"https:\/\/autobarbosa.com\/fr\/"},{"@type":"ListItem","position":2,"name":"Loja","item":"https:\/\/autobarbosa.com\/"},{"@type":"ListItem","position":3,"name":"AMORTECEDOR FRENTE BILSTEIN B6 CITROEN SAXO \/ AX &#8211; PEUGEOT 106"}]},{"@type":"WebSite","@id":"https:\/\/autobarbosa.com\/fr\/#website","url":"https:\/\/autobarbosa.com\/fr\/","name":"Oficina de manuten\u00e7\u00e3o e repara\u00e7\u00e3o de veiculos automoveis em S. Miguel, A\u00e7ores - Auto Barbosa","description":"Auto Barbosa","publisher":{"@id":"https:\/\/autobarbosa.com\/fr\/#organization"},"potentialAction":[{"@type":"SearchAction","target":{"@type":"EntryPoint","urlTemplate":"https:\/\/autobarbosa.com\/fr\/?s={search_term_string}"},"query-input":"required name=search_term_string"}],"inLanguage":"fr-FR"},{"@type":"Organization","@id":"https:\/\/autobarbosa.com\/fr\/#organization","name":"Oficina de manuten\u00e7\u00e3o e repara\u00e7\u00e3o de veiculos automoveis em S. Miguel, A\u00e7ores - Auto Barbosa","url":"https:\/\/autobarbosa.com\/fr\/","logo":{"@type":"ImageObject","inLanguage":"fr-FR","@id":"https:\/\/autobarbosa.com\/fr\/#\/schema\/logo\/image\/","url":"https:\/\/autobarbosa.com\/wp-content\/uploads\/2023\/03\/AUTO-BARBOSA-LOGO-1-e1678715539111.png","contentUrl":"https:\/\/autobarbosa.com\/wp-content\/uploads\/2023\/03\/AUTO-BARBOSA-LOGO-1-e1678715539111.png","width":3233,"height":3233,"caption":"Oficina de manuten\u00e7\u00e3o e repara\u00e7\u00e3o de veiculos automoveis em S. Miguel, A\u00e7ores - Auto Barbosa"},"image":{"@id":"https:\/\/autobarbosa.com\/fr\/#\/schema\/logo\/image\/"},"sameAs":["https:\/\/www.facebook.com\/autobarbosaoficina","https:\/\/www.instagram.com\/autobarbosa.oficina\/"]}]}},"_links":{"self":[{"href":"https:\/\/autobarbosa.com\/fr\/wp-json\/wp\/v3\/product\/18781","targetHints":{"allow":["GET"]}}],"collection":[{"href":"https:\/\/autobarbosa.com\/fr\/wp-json\/wp\/v3\/product"}],"about":[{"href":"https:\/\/autobarbosa.com\/fr\/wp-json\/wp\/v2\/types\/product"}],"wp:featuredmedia":[{"embeddable":true,"href":"https:\/\/autobarbosa.com\/fr\/wp-json\/wp\/v2\/media\/18777"}],"wp:attachment":[{"href":"https:\/\/autobarbosa.com\/fr\/wp-json\/wp\/v2\/media?parent=18781"}],"wp:term":[{"taxonomy":"product_cat","embeddable":true,"href":"https:\/\/autobarbosa.com\/fr\/wp-json\/wp\/v2\/product_cat?post=18781"},{"taxonomy":"product_tag","embeddable":true,"href":"https:\/\/autobarbosa.com\/fr\/wp-json\/wp\/v2\/product_tag?post=18781"},{"taxonomy":"marca","embeddable":true,"href":"https:\/\/autobarbosa.com\/fr\/wp-json\/wp\/v2\/marca?post=18781"}],"curies":[{"name":"wp","href":"https:\/\/api.w.org\/{rel}","templated":true}]}}