{"id":18821,"date":"2025-11-26T07:07:50","date_gmt":"2025-11-26T08:07:50","guid":{"rendered":"https:\/\/autobarbosa.com\/produto\/racord-reto-femea-7-16-p-tubo-6004-serie-600\/"},"modified":"2026-04-17T07:07:17","modified_gmt":"2026-04-17T07:07:17","slug":"racord-reto-femea-7-16-p-tubo-6004-serie-600","status":"publish","type":"product","link":"https:\/\/autobarbosa.com\/fr\/produto\/racord-reto-femea-7-16-p-tubo-6004-serie-600\/","title":{"rendered":"RACORD RETO FEMEA 7\/16 P\/ TUBO 6004 &#8211;  SERIE 600"},"content":{"rendered":"<p>Encaixe f\u00eamea reto GOODRIDGE 6001 para mangueira 600<br \/>\nMaterial: A\u00e7o zincado<br \/>\nDiferentes roscas dispon\u00edveis:<br \/>\n&#8211; Torneamento c\u00f4ncavo 3\/8&#215;24 UNF para mangueira 6003<br \/>\n&#8211; c\u00f4ncavo 10&#215;100 para mangueira 6003<br \/>\n&#8211; c\u00f4ncavo 10&#215;125 para mangueira 6003<br \/>\n&#8211; Torneamento c\u00f4ncavo 7\/16&#215;20 UNF para mangueira 6004<br \/>\n&#8211; Rota\u00e7\u00e3o c\u00f4ncava 9 \/16&#215;18 UNF para mangueira 6006<br \/>\n&#8211; Rota\u00e7\u00e3o convexa 1\/8BSP para mangueira 6004<\/p>\n","protected":false},"excerpt":{"rendered":"<p>Encaixe f\u00eamea reto GOODRIDGE 6001 para mangueira 600<br \/>\nMaterial: A\u00e7o zincado<br \/>\nDiferentes roscas dispon\u00edveis:<br \/>\n&#8211; Torneamento c\u00f4ncavo 3\/8&#215;24 UNF para mangueira 6003<br \/>\n&#8211; c\u00f4ncavo 10&#215;100 para mangueira 6003<br \/>\n&#8211; c\u00f4ncavo 10&#215;125 para mangueira 6003<br \/>\n&#8211; Torneamento c\u00f4ncavo 7\/16&#215;20 UNF para mangueira 6004<br \/>\n&#8211; Rota\u00e7\u00e3o c\u00f4ncava 9 \/16&#215;18 UNF para mangueira 6006<br \/>\n&#8211; Rota\u00e7\u00e3o convexa 1\/8BSP para mangueira 6004<\/p>\n","protected":false},"featured_media":18817,"template":"","meta":[],"product_cat":[479,484,493],"product_tag":[],"marca":[140],"class_list":["post-18821","product","type-product","status-publish","has-post-thumbnail","hentry","product_cat-viatura","product_cat-sistema-travagem","product_cat-tubos-racord","marca-goodridge"],"yoast_head":"<!-- This site is optimized with the Yoast SEO plugin v20.5 - https:\/\/yoast.com\/wordpress\/plugins\/seo\/ -->\n<title>RACORD RETO FEMEA 7\/16 P\/ TUBO 6004 - SERIE 600 - Oficina de manuten\u00e7\u00e3o e repara\u00e7\u00e3o de veiculos automoveis em S. Miguel, A\u00e7ores - Auto Barbosa<\/title>\n<meta name=\"robots\" content=\"index, follow, max-snippet:-1, max-image-preview:large, max-video-preview:-1\" \/>\n<link rel=\"canonical\" href=\"https:\/\/autobarbosa.com\/fr\/produto\/racord-reto-femea-7-16-p-tubo-6004-serie-600\/\" \/>\n<meta property=\"og:locale\" content=\"fr_FR\" \/>\n<meta property=\"og:type\" content=\"article\" \/>\n<meta property=\"og:title\" content=\"RACORD RETO FEMEA 7\/16 P\/ TUBO 6004 - SERIE 600 - Oficina de manuten\u00e7\u00e3o e repara\u00e7\u00e3o de veiculos automoveis em S. Miguel, A\u00e7ores - Auto Barbosa\" \/>\n<meta property=\"og:description\" content=\"Encaixe f\u00eamea reto GOODRIDGE 6001 para mangueira 600 Material: A\u00e7o zincado Diferentes roscas dispon\u00edveis: - Torneamento c\u00f4ncavo 3\/8x24 UNF para mangueira 6003 - c\u00f4ncavo 10x100 para mangueira 6003 - c\u00f4ncavo 10x125 para mangueira 6003 - Torneamento c\u00f4ncavo 7\/16x20 UNF para mangueira 6004 - Rota\u00e7\u00e3o c\u00f4ncava 9 \/16x18 UNF para mangueira 6006 - Rota\u00e7\u00e3o convexa 1\/8BSP para mangueira 6004\" \/>\n<meta property=\"og:url\" content=\"https:\/\/autobarbosa.com\/fr\/produto\/racord-reto-femea-7-16-p-tubo-6004-serie-600\/\" \/>\n<meta property=\"og:site_name\" content=\"Oficina de manuten\u00e7\u00e3o e repara\u00e7\u00e3o de veiculos automoveis em S. Miguel, A\u00e7ores - Auto Barbosa\" \/>\n<meta property=\"article:publisher\" content=\"https:\/\/www.facebook.com\/autobarbosaoficina\" \/>\n<meta property=\"article:modified_time\" content=\"2026-04-17T07:07:17+00:00\" \/>\n<meta property=\"og:image\" content=\"https:\/\/autobarbosa.com\/wp-content\/uploads\/2025\/11\/60014p.png\" \/>\n\t<meta property=\"og:image:width\" content=\"800\" \/>\n\t<meta property=\"og:image:height\" content=\"800\" \/>\n\t<meta property=\"og:image:type\" content=\"image\/png\" \/>\n<meta name=\"twitter:card\" content=\"summary_large_image\" \/>\n<script type=\"application\/ld+json\" class=\"yoast-schema-graph\">{\"@context\":\"https:\/\/schema.org\",\"@graph\":[{\"@type\":\"WebPage\",\"@id\":\"https:\/\/autobarbosa.com\/fr\/produto\/racord-reto-femea-7-16-p-tubo-6004-serie-600\/\",\"url\":\"https:\/\/autobarbosa.com\/fr\/produto\/racord-reto-femea-7-16-p-tubo-6004-serie-600\/\",\"name\":\"RACORD RETO FEMEA 7\/16 P\/ TUBO 6004 - SERIE 600 - Oficina de manuten\u00e7\u00e3o e repara\u00e7\u00e3o de veiculos automoveis em S. Miguel, A\u00e7ores - Auto Barbosa\",\"isPartOf\":{\"@id\":\"https:\/\/autobarbosa.com\/fr\/#website\"},\"datePublished\":\"2025-11-26T08:07:50+00:00\",\"dateModified\":\"2026-04-17T07:07:17+00:00\",\"breadcrumb\":{\"@id\":\"https:\/\/autobarbosa.com\/fr\/produto\/racord-reto-femea-7-16-p-tubo-6004-serie-600\/#breadcrumb\"},\"inLanguage\":\"fr-FR\",\"potentialAction\":[{\"@type\":\"ReadAction\",\"target\":[\"https:\/\/autobarbosa.com\/fr\/produto\/racord-reto-femea-7-16-p-tubo-6004-serie-600\/\"]}]},{\"@type\":\"BreadcrumbList\",\"@id\":\"https:\/\/autobarbosa.com\/fr\/produto\/racord-reto-femea-7-16-p-tubo-6004-serie-600\/#breadcrumb\",\"itemListElement\":[{\"@type\":\"ListItem\",\"position\":1,\"name\":\"In\u00edcio\",\"item\":\"https:\/\/autobarbosa.com\/fr\/\"},{\"@type\":\"ListItem\",\"position\":2,\"name\":\"Loja\",\"item\":\"https:\/\/autobarbosa.com\/\"},{\"@type\":\"ListItem\",\"position\":3,\"name\":\"RACORD RETO FEMEA 7\/16 P\/ TUBO 6004 &#8211; SERIE 600\"}]},{\"@type\":\"WebSite\",\"@id\":\"https:\/\/autobarbosa.com\/fr\/#website\",\"url\":\"https:\/\/autobarbosa.com\/fr\/\",\"name\":\"Oficina de manuten\u00e7\u00e3o e repara\u00e7\u00e3o de veiculos automoveis em S. Miguel, A\u00e7ores - Auto Barbosa\",\"description\":\"Auto Barbosa\",\"publisher\":{\"@id\":\"https:\/\/autobarbosa.com\/fr\/#organization\"},\"potentialAction\":[{\"@type\":\"SearchAction\",\"target\":{\"@type\":\"EntryPoint\",\"urlTemplate\":\"https:\/\/autobarbosa.com\/fr\/?s={search_term_string}\"},\"query-input\":\"required name=search_term_string\"}],\"inLanguage\":\"fr-FR\"},{\"@type\":\"Organization\",\"@id\":\"https:\/\/autobarbosa.com\/fr\/#organization\",\"name\":\"Oficina de manuten\u00e7\u00e3o e repara\u00e7\u00e3o de veiculos automoveis em S. Miguel, A\u00e7ores - Auto Barbosa\",\"url\":\"https:\/\/autobarbosa.com\/fr\/\",\"logo\":{\"@type\":\"ImageObject\",\"inLanguage\":\"fr-FR\",\"@id\":\"https:\/\/autobarbosa.com\/fr\/#\/schema\/logo\/image\/\",\"url\":\"https:\/\/autobarbosa.com\/wp-content\/uploads\/2023\/03\/AUTO-BARBOSA-LOGO-1-e1678715539111.png\",\"contentUrl\":\"https:\/\/autobarbosa.com\/wp-content\/uploads\/2023\/03\/AUTO-BARBOSA-LOGO-1-e1678715539111.png\",\"width\":3233,\"height\":3233,\"caption\":\"Oficina de manuten\u00e7\u00e3o e repara\u00e7\u00e3o de veiculos automoveis em S. Miguel, A\u00e7ores - Auto Barbosa\"},\"image\":{\"@id\":\"https:\/\/autobarbosa.com\/fr\/#\/schema\/logo\/image\/\"},\"sameAs\":[\"https:\/\/www.facebook.com\/autobarbosaoficina\",\"https:\/\/www.instagram.com\/autobarbosa.oficina\/\"]}]}<\/script>\n<!-- \/ Yoast SEO plugin. -->","yoast_head_json":{"title":"RACORD RETO FEMEA 7\/16 P\/ TUBO 6004 - SERIE 600 - Oficina de manuten\u00e7\u00e3o e repara\u00e7\u00e3o de veiculos automoveis em S. Miguel, A\u00e7ores - Auto Barbosa","robots":{"index":"index","follow":"follow","max-snippet":"max-snippet:-1","max-image-preview":"max-image-preview:large","max-video-preview":"max-video-preview:-1"},"canonical":"https:\/\/autobarbosa.com\/fr\/produto\/racord-reto-femea-7-16-p-tubo-6004-serie-600\/","og_locale":"fr_FR","og_type":"article","og_title":"RACORD RETO FEMEA 7\/16 P\/ TUBO 6004 - SERIE 600 - Oficina de manuten\u00e7\u00e3o e repara\u00e7\u00e3o de veiculos automoveis em S. Miguel, A\u00e7ores - Auto Barbosa","og_description":"Encaixe f\u00eamea reto GOODRIDGE 6001 para mangueira 600 Material: A\u00e7o zincado Diferentes roscas dispon\u00edveis: - Torneamento c\u00f4ncavo 3\/8x24 UNF para mangueira 6003 - c\u00f4ncavo 10x100 para mangueira 6003 - c\u00f4ncavo 10x125 para mangueira 6003 - Torneamento c\u00f4ncavo 7\/16x20 UNF para mangueira 6004 - Rota\u00e7\u00e3o c\u00f4ncava 9 \/16x18 UNF para mangueira 6006 - Rota\u00e7\u00e3o convexa 1\/8BSP para mangueira 6004","og_url":"https:\/\/autobarbosa.com\/fr\/produto\/racord-reto-femea-7-16-p-tubo-6004-serie-600\/","og_site_name":"Oficina de manuten\u00e7\u00e3o e repara\u00e7\u00e3o de veiculos automoveis em S. Miguel, A\u00e7ores - Auto Barbosa","article_publisher":"https:\/\/www.facebook.com\/autobarbosaoficina","article_modified_time":"2026-04-17T07:07:17+00:00","og_image":[{"width":800,"height":800,"url":"https:\/\/autobarbosa.com\/wp-content\/uploads\/2025\/11\/60014p.png","type":"image\/png"}],"twitter_card":"summary_large_image","schema":{"@context":"https:\/\/schema.org","@graph":[{"@type":"WebPage","@id":"https:\/\/autobarbosa.com\/fr\/produto\/racord-reto-femea-7-16-p-tubo-6004-serie-600\/","url":"https:\/\/autobarbosa.com\/fr\/produto\/racord-reto-femea-7-16-p-tubo-6004-serie-600\/","name":"RACORD RETO FEMEA 7\/16 P\/ TUBO 6004 - SERIE 600 - Oficina de manuten\u00e7\u00e3o e repara\u00e7\u00e3o de veiculos automoveis em S. Miguel, A\u00e7ores - Auto Barbosa","isPartOf":{"@id":"https:\/\/autobarbosa.com\/fr\/#website"},"datePublished":"2025-11-26T08:07:50+00:00","dateModified":"2026-04-17T07:07:17+00:00","breadcrumb":{"@id":"https:\/\/autobarbosa.com\/fr\/produto\/racord-reto-femea-7-16-p-tubo-6004-serie-600\/#breadcrumb"},"inLanguage":"fr-FR","potentialAction":[{"@type":"ReadAction","target":["https:\/\/autobarbosa.com\/fr\/produto\/racord-reto-femea-7-16-p-tubo-6004-serie-600\/"]}]},{"@type":"BreadcrumbList","@id":"https:\/\/autobarbosa.com\/fr\/produto\/racord-reto-femea-7-16-p-tubo-6004-serie-600\/#breadcrumb","itemListElement":[{"@type":"ListItem","position":1,"name":"In\u00edcio","item":"https:\/\/autobarbosa.com\/fr\/"},{"@type":"ListItem","position":2,"name":"Loja","item":"https:\/\/autobarbosa.com\/"},{"@type":"ListItem","position":3,"name":"RACORD RETO FEMEA 7\/16 P\/ TUBO 6004 &#8211; SERIE 600"}]},{"@type":"WebSite","@id":"https:\/\/autobarbosa.com\/fr\/#website","url":"https:\/\/autobarbosa.com\/fr\/","name":"Oficina de manuten\u00e7\u00e3o e repara\u00e7\u00e3o de veiculos automoveis em S. Miguel, A\u00e7ores - Auto Barbosa","description":"Auto Barbosa","publisher":{"@id":"https:\/\/autobarbosa.com\/fr\/#organization"},"potentialAction":[{"@type":"SearchAction","target":{"@type":"EntryPoint","urlTemplate":"https:\/\/autobarbosa.com\/fr\/?s={search_term_string}"},"query-input":"required name=search_term_string"}],"inLanguage":"fr-FR"},{"@type":"Organization","@id":"https:\/\/autobarbosa.com\/fr\/#organization","name":"Oficina de manuten\u00e7\u00e3o e repara\u00e7\u00e3o de veiculos automoveis em S. Miguel, A\u00e7ores - Auto Barbosa","url":"https:\/\/autobarbosa.com\/fr\/","logo":{"@type":"ImageObject","inLanguage":"fr-FR","@id":"https:\/\/autobarbosa.com\/fr\/#\/schema\/logo\/image\/","url":"https:\/\/autobarbosa.com\/wp-content\/uploads\/2023\/03\/AUTO-BARBOSA-LOGO-1-e1678715539111.png","contentUrl":"https:\/\/autobarbosa.com\/wp-content\/uploads\/2023\/03\/AUTO-BARBOSA-LOGO-1-e1678715539111.png","width":3233,"height":3233,"caption":"Oficina de manuten\u00e7\u00e3o e repara\u00e7\u00e3o de veiculos automoveis em S. Miguel, A\u00e7ores - Auto Barbosa"},"image":{"@id":"https:\/\/autobarbosa.com\/fr\/#\/schema\/logo\/image\/"},"sameAs":["https:\/\/www.facebook.com\/autobarbosaoficina","https:\/\/www.instagram.com\/autobarbosa.oficina\/"]}]}},"_links":{"self":[{"href":"https:\/\/autobarbosa.com\/fr\/wp-json\/wp\/v3\/product\/18821","targetHints":{"allow":["GET"]}}],"collection":[{"href":"https:\/\/autobarbosa.com\/fr\/wp-json\/wp\/v3\/product"}],"about":[{"href":"https:\/\/autobarbosa.com\/fr\/wp-json\/wp\/v2\/types\/product"}],"wp:featuredmedia":[{"embeddable":true,"href":"https:\/\/autobarbosa.com\/fr\/wp-json\/wp\/v2\/media\/18817"}],"wp:attachment":[{"href":"https:\/\/autobarbosa.com\/fr\/wp-json\/wp\/v2\/media?parent=18821"}],"wp:term":[{"taxonomy":"product_cat","embeddable":true,"href":"https:\/\/autobarbosa.com\/fr\/wp-json\/wp\/v2\/product_cat?post=18821"},{"taxonomy":"product_tag","embeddable":true,"href":"https:\/\/autobarbosa.com\/fr\/wp-json\/wp\/v2\/product_tag?post=18821"},{"taxonomy":"marca","embeddable":true,"href":"https:\/\/autobarbosa.com\/fr\/wp-json\/wp\/v2\/marca?post=18821"}],"curies":[{"name":"wp","href":"https:\/\/api.w.org\/{rel}","templated":true}]}}