{"id":18917,"date":"2025-11-26T07:08:15","date_gmt":"2025-11-26T08:08:15","guid":{"rendered":"https:\/\/autobarbosa.com\/produto\/capacete-stilo-wrc-rally-venti-carbon-fia-8859-2015-snell-sa2020-sz-xl\/"},"modified":"2026-04-18T07:07:32","modified_gmt":"2026-04-18T07:07:32","slug":"capacete-stilo-wrc-rally-venti-carbon-fia-8859-2015-snell-sa2020-sz-xl","status":"publish","type":"product","link":"https:\/\/autobarbosa.com\/fr\/produto\/capacete-stilo-wrc-rally-venti-carbon-fia-8859-2015-snell-sa2020-sz-xl\/","title":{"rendered":"CAPACETE STILO WRC RALLY VENTI CARBON FIA 8859-2015 SNELL SA2020 SZ XL"},"content":{"rendered":"<p>Capacete  WRC RALLY VENTI CARBON FIA 8859-2015 SNELL SA2020<\/p>\n<p>O capacete STILO VENTI WRC Rally 8859-2015 SNELL SA2020 apresenta uma carca\u00e7a totalmente nova especialmente projetada para permitir a integra\u00e7\u00e3o do revolucion\u00e1rio sistema de comunica\u00e7\u00e3o sem fio Stilo &#8216;WL&#8217;.<br \/>\nProjetado especificamente para uso com o sistema de comunica\u00e7\u00e3o sem fio Stilo &#8216;WL&#8217;.<br \/>\nO fone de ouvido de intercomunica\u00e7\u00e3o de rally mais forte e leve do mercado.<br \/>\nProtetores de ouvido: Atenua\u00e7\u00e3o de ru\u00eddo que reduz o ru\u00eddo ambiente que pode ser problem\u00e1tico em carros de competi\u00e7\u00e3o, alto-falantes integrados para conforto ideal em etapas longas.<br \/>\nProtetores de bochecha EPS: O WRC Rally \u00e9 o \u00fanico capacete do mercado equipado com protetores de ouvido e protetores de bochecha EPS.<br \/>\nViseira ajust\u00e1vel: A viseira pode ser levantada e abaixada para dar boa visibilidade ao motorista.<\/p>\n<p>O capacete de rally Venti WRC Rally 8859-2015 SNELL SA2020 mant\u00e9m o comprovado sistema de intercomunica\u00e7\u00e3o Stilo WRC, mas a porta de comunica\u00e7\u00f5es foi redesenhada para uso com a chave sem fio WL (vendida separadamente) que, uma vez instalada, se adapta perfeitamente aos contornos do formato do casco. O microfone din\u00e2mico com cancelamento de ru\u00eddo magn\u00e9tico \u00e9 ajust\u00e1vel para permitir uma dist\u00e2ncia ideal da boca para reduzir o ru\u00eddo externo. Fones de ouvido com cancelamento de ru\u00eddo circundam os alto-falantes para reduzir significativamente o ru\u00eddo externo e melhorar os n\u00edveis de conforto. O sistema de intercomunica\u00e7\u00e3o do fone de ouvido tamb\u00e9m \u00e9 compat\u00edvel com os amplificadores com fio Stilo tradicionais. Portanto, n\u00e3o \u00e9 necess\u00e1rio trocar os fones de ouvido em ve\u00edculos que n\u00e3o possuem amplificador sem fio.<\/p>\n<p>As viseiras e os kits de parafusos s\u00e3o os mesmos dos normais WRC DES<\/p>\n","protected":false},"excerpt":{"rendered":"<p>Capacete  WRC RALLY VENTI CARBON FIA 8859-2015 SNELL SA2020<\/p>\n<p>O capacete STILO VENTI WRC Rally 8859-2015 SNELL SA2020 apresenta uma carca\u00e7a totalmente nova especialmente projetada para permitir a integra\u00e7\u00e3o do revolucion\u00e1rio sistema de comunica\u00e7\u00e3o sem fio Stilo &#8216;WL&#8217;.<br \/>\nProjetado especificamente para uso com o sistema de comunica\u00e7\u00e3o sem fio Stilo &#8216;WL&#8217;.<br \/>\nO fone de ouvido de intercomunica\u00e7\u00e3o de rally mais forte e leve do mercado.<br \/>\nProtetores de ouvido: Atenua\u00e7\u00e3o de ru\u00eddo que reduz o ru\u00eddo ambiente que pode ser problem\u00e1tico em carros de competi\u00e7\u00e3o, alto-falantes integrados para conforto ideal em etapas longas.<br \/>\nProtetores de bochecha EPS: O WRC Rally \u00e9 o \u00fanico capacete do mercado equipado com protetores de ouvido e protetores de bochecha EPS.<br \/>\nViseira ajust\u00e1vel: A viseira pode ser levantada e abaixada para dar boa visibilidade ao motorista.<\/p>\n<p>O capacete de rally Venti WRC Rally 8859-2015 SNELL SA2020 mant\u00e9m o comprovado sistema de intercomunica\u00e7\u00e3o Stilo WRC, mas a porta de comunica\u00e7\u00f5es foi redesenhada para uso com a chave sem fio WL (vendida separadamente) que, uma vez instalada, se adapta perfeitamente aos contornos do formato do casco. O microfone din\u00e2mico com cancelamento de ru\u00eddo magn\u00e9tico \u00e9 ajust\u00e1vel para permitir uma dist\u00e2ncia ideal da boca para reduzir o ru\u00eddo externo. Fones de ouvido com cancelamento de ru\u00eddo circundam os alto-falantes para reduzir significativamente o ru\u00eddo externo e melhorar os n\u00edveis de conforto. O sistema de intercomunica\u00e7\u00e3o do fone de ouvido tamb\u00e9m \u00e9 compat\u00edvel com os amplificadores com fio Stilo tradicionais. Portanto, n\u00e3o \u00e9 necess\u00e1rio trocar os fones de ouvido em ve\u00edculos que n\u00e3o possuem amplificador sem fio.<\/p>\n<p>As viseiras e os kits de parafusos s\u00e3o os mesmos dos normais WRC DES<\/p>\n","protected":false},"featured_media":18913,"template":"","meta":[],"product_cat":[528,530,531],"product_tag":[],"marca":[160],"class_list":["post-18917","product","type-product","status-publish","has-post-thumbnail","hentry","product_cat-piloto","product_cat-capacetes-fia","product_cat-capacete-aberto","marca-stilo"],"yoast_head":"<!-- This site is optimized with the Yoast SEO plugin v20.5 - https:\/\/yoast.com\/wordpress\/plugins\/seo\/ -->\n<title>CAPACETE STILO WRC RALLY VENTI CARBON FIA 8859-2015 SNELL SA2020 SZ XL - Oficina de manuten\u00e7\u00e3o e repara\u00e7\u00e3o de veiculos automoveis em S. Miguel, A\u00e7ores - Auto Barbosa<\/title>\n<meta name=\"robots\" content=\"index, follow, max-snippet:-1, max-image-preview:large, max-video-preview:-1\" \/>\n<link rel=\"canonical\" href=\"https:\/\/autobarbosa.com\/fr\/produto\/capacete-stilo-wrc-rally-venti-carbon-fia-8859-2015-snell-sa2020-sz-xl\/\" \/>\n<meta property=\"og:locale\" content=\"fr_FR\" \/>\n<meta property=\"og:type\" content=\"article\" \/>\n<meta property=\"og:title\" content=\"CAPACETE STILO WRC RALLY VENTI CARBON FIA 8859-2015 SNELL SA2020 SZ XL - Oficina de manuten\u00e7\u00e3o e repara\u00e7\u00e3o de veiculos automoveis em S. Miguel, A\u00e7ores - Auto Barbosa\" \/>\n<meta property=\"og:description\" content=\"Capacete WRC RALLY VENTI CARBON FIA 8859-2015 SNELL SA2020  O capacete STILO VENTI WRC Rally 8859-2015 SNELL SA2020 apresenta uma carca\u00e7a totalmente nova especialmente projetada para permitir a integra\u00e7\u00e3o do revolucion\u00e1rio sistema de comunica\u00e7\u00e3o sem fio Stilo &#039;WL&#039;. Projetado especificamente para uso com o sistema de comunica\u00e7\u00e3o sem fio Stilo &#039;WL&#039;. O fone de ouvido de intercomunica\u00e7\u00e3o de rally mais forte e leve do mercado. Protetores de ouvido: Atenua\u00e7\u00e3o de ru\u00eddo que reduz o ru\u00eddo ambiente que pode ser problem\u00e1tico em carros de competi\u00e7\u00e3o, alto-falantes integrados para conforto ideal em etapas longas. Protetores de bochecha EPS: O WRC Rally \u00e9 o \u00fanico capacete do mercado equipado com protetores de ouvido e protetores de bochecha EPS. Viseira ajust\u00e1vel: A viseira pode ser levantada e abaixada para dar boa visibilidade ao motorista.  O capacete de rally Venti WRC Rally 8859-2015 SNELL SA2020 mant\u00e9m o comprovado sistema de intercomunica\u00e7\u00e3o Stilo WRC, mas a porta de comunica\u00e7\u00f5es foi redesenhada para uso com a chave sem fio WL (vendida separadamente) que, uma vez instalada, se adapta perfeitamente aos contornos do formato do casco. O microfone din\u00e2mico com cancelamento de ru\u00eddo magn\u00e9tico \u00e9 ajust\u00e1vel para permitir uma dist\u00e2ncia ideal da boca para reduzir o ru\u00eddo externo. Fones de ouvido com cancelamento de ru\u00eddo circundam os alto-falantes para reduzir significativamente o ru\u00eddo externo e melhorar os n\u00edveis de conforto. O sistema de intercomunica\u00e7\u00e3o do fone de ouvido tamb\u00e9m \u00e9 compat\u00edvel com os amplificadores com fio Stilo tradicionais. Portanto, n\u00e3o \u00e9 necess\u00e1rio trocar os fones de ouvido em ve\u00edculos que n\u00e3o possuem amplificador sem fio.  As viseiras e os kits de parafusos s\u00e3o os mesmos dos normais WRC DES\" \/>\n<meta property=\"og:url\" content=\"https:\/\/autobarbosa.com\/fr\/produto\/capacete-stilo-wrc-rally-venti-carbon-fia-8859-2015-snell-sa2020-sz-xl\/\" \/>\n<meta property=\"og:site_name\" content=\"Oficina de manuten\u00e7\u00e3o e repara\u00e7\u00e3o de veiculos automoveis em S. Miguel, A\u00e7ores - Auto Barbosa\" \/>\n<meta property=\"article:publisher\" content=\"https:\/\/www.facebook.com\/autobarbosaoficina\" \/>\n<meta property=\"article:modified_time\" content=\"2026-04-18T07:07:32+00:00\" \/>\n<meta property=\"og:image\" content=\"https:\/\/autobarbosa.com\/wp-content\/uploads\/2025\/11\/607aa0220bg1txl.png\" \/>\n\t<meta property=\"og:image:width\" content=\"800\" \/>\n\t<meta property=\"og:image:height\" content=\"800\" \/>\n\t<meta property=\"og:image:type\" content=\"image\/png\" \/>\n<meta name=\"twitter:card\" content=\"summary_large_image\" \/>\n<meta name=\"twitter:label1\" content=\"Dur\u00e9e de lecture estim\u00e9e\" \/>\n\t<meta name=\"twitter:data1\" content=\"1 minute\" \/>\n<script type=\"application\/ld+json\" class=\"yoast-schema-graph\">{\"@context\":\"https:\/\/schema.org\",\"@graph\":[{\"@type\":\"WebPage\",\"@id\":\"https:\/\/autobarbosa.com\/fr\/produto\/capacete-stilo-wrc-rally-venti-carbon-fia-8859-2015-snell-sa2020-sz-xl\/\",\"url\":\"https:\/\/autobarbosa.com\/fr\/produto\/capacete-stilo-wrc-rally-venti-carbon-fia-8859-2015-snell-sa2020-sz-xl\/\",\"name\":\"CAPACETE STILO WRC RALLY VENTI CARBON FIA 8859-2015 SNELL SA2020 SZ XL - Oficina de manuten\u00e7\u00e3o e repara\u00e7\u00e3o de veiculos automoveis em S. Miguel, A\u00e7ores - Auto Barbosa\",\"isPartOf\":{\"@id\":\"https:\/\/autobarbosa.com\/fr\/#website\"},\"datePublished\":\"2025-11-26T08:08:15+00:00\",\"dateModified\":\"2026-04-18T07:07:32+00:00\",\"breadcrumb\":{\"@id\":\"https:\/\/autobarbosa.com\/fr\/produto\/capacete-stilo-wrc-rally-venti-carbon-fia-8859-2015-snell-sa2020-sz-xl\/#breadcrumb\"},\"inLanguage\":\"fr-FR\",\"potentialAction\":[{\"@type\":\"ReadAction\",\"target\":[\"https:\/\/autobarbosa.com\/fr\/produto\/capacete-stilo-wrc-rally-venti-carbon-fia-8859-2015-snell-sa2020-sz-xl\/\"]}]},{\"@type\":\"BreadcrumbList\",\"@id\":\"https:\/\/autobarbosa.com\/fr\/produto\/capacete-stilo-wrc-rally-venti-carbon-fia-8859-2015-snell-sa2020-sz-xl\/#breadcrumb\",\"itemListElement\":[{\"@type\":\"ListItem\",\"position\":1,\"name\":\"In\u00edcio\",\"item\":\"https:\/\/autobarbosa.com\/fr\/\"},{\"@type\":\"ListItem\",\"position\":2,\"name\":\"Loja\",\"item\":\"https:\/\/autobarbosa.com\/\"},{\"@type\":\"ListItem\",\"position\":3,\"name\":\"CAPACETE STILO WRC RALLY VENTI CARBON FIA 8859-2015 SNELL SA2020 SZ XL\"}]},{\"@type\":\"WebSite\",\"@id\":\"https:\/\/autobarbosa.com\/fr\/#website\",\"url\":\"https:\/\/autobarbosa.com\/fr\/\",\"name\":\"Oficina de manuten\u00e7\u00e3o e repara\u00e7\u00e3o de veiculos automoveis em S. Miguel, A\u00e7ores - Auto Barbosa\",\"description\":\"Auto Barbosa\",\"publisher\":{\"@id\":\"https:\/\/autobarbosa.com\/fr\/#organization\"},\"potentialAction\":[{\"@type\":\"SearchAction\",\"target\":{\"@type\":\"EntryPoint\",\"urlTemplate\":\"https:\/\/autobarbosa.com\/fr\/?s={search_term_string}\"},\"query-input\":\"required name=search_term_string\"}],\"inLanguage\":\"fr-FR\"},{\"@type\":\"Organization\",\"@id\":\"https:\/\/autobarbosa.com\/fr\/#organization\",\"name\":\"Oficina de manuten\u00e7\u00e3o e repara\u00e7\u00e3o de veiculos automoveis em S. Miguel, A\u00e7ores - Auto Barbosa\",\"url\":\"https:\/\/autobarbosa.com\/fr\/\",\"logo\":{\"@type\":\"ImageObject\",\"inLanguage\":\"fr-FR\",\"@id\":\"https:\/\/autobarbosa.com\/fr\/#\/schema\/logo\/image\/\",\"url\":\"https:\/\/autobarbosa.com\/wp-content\/uploads\/2023\/03\/AUTO-BARBOSA-LOGO-1-e1678715539111.png\",\"contentUrl\":\"https:\/\/autobarbosa.com\/wp-content\/uploads\/2023\/03\/AUTO-BARBOSA-LOGO-1-e1678715539111.png\",\"width\":3233,\"height\":3233,\"caption\":\"Oficina de manuten\u00e7\u00e3o e repara\u00e7\u00e3o de veiculos automoveis em S. Miguel, A\u00e7ores - Auto Barbosa\"},\"image\":{\"@id\":\"https:\/\/autobarbosa.com\/fr\/#\/schema\/logo\/image\/\"},\"sameAs\":[\"https:\/\/www.facebook.com\/autobarbosaoficina\",\"https:\/\/www.instagram.com\/autobarbosa.oficina\/\"]}]}<\/script>\n<!-- \/ Yoast SEO plugin. -->","yoast_head_json":{"title":"CAPACETE STILO WRC RALLY VENTI CARBON FIA 8859-2015 SNELL SA2020 SZ XL - Oficina de manuten\u00e7\u00e3o e repara\u00e7\u00e3o de veiculos automoveis em S. Miguel, A\u00e7ores - Auto Barbosa","robots":{"index":"index","follow":"follow","max-snippet":"max-snippet:-1","max-image-preview":"max-image-preview:large","max-video-preview":"max-video-preview:-1"},"canonical":"https:\/\/autobarbosa.com\/fr\/produto\/capacete-stilo-wrc-rally-venti-carbon-fia-8859-2015-snell-sa2020-sz-xl\/","og_locale":"fr_FR","og_type":"article","og_title":"CAPACETE STILO WRC RALLY VENTI CARBON FIA 8859-2015 SNELL SA2020 SZ XL - Oficina de manuten\u00e7\u00e3o e repara\u00e7\u00e3o de veiculos automoveis em S. Miguel, A\u00e7ores - Auto Barbosa","og_description":"Capacete WRC RALLY VENTI CARBON FIA 8859-2015 SNELL SA2020  O capacete STILO VENTI WRC Rally 8859-2015 SNELL SA2020 apresenta uma carca\u00e7a totalmente nova especialmente projetada para permitir a integra\u00e7\u00e3o do revolucion\u00e1rio sistema de comunica\u00e7\u00e3o sem fio Stilo 'WL'. Projetado especificamente para uso com o sistema de comunica\u00e7\u00e3o sem fio Stilo 'WL'. O fone de ouvido de intercomunica\u00e7\u00e3o de rally mais forte e leve do mercado. Protetores de ouvido: Atenua\u00e7\u00e3o de ru\u00eddo que reduz o ru\u00eddo ambiente que pode ser problem\u00e1tico em carros de competi\u00e7\u00e3o, alto-falantes integrados para conforto ideal em etapas longas. Protetores de bochecha EPS: O WRC Rally \u00e9 o \u00fanico capacete do mercado equipado com protetores de ouvido e protetores de bochecha EPS. Viseira ajust\u00e1vel: A viseira pode ser levantada e abaixada para dar boa visibilidade ao motorista.  O capacete de rally Venti WRC Rally 8859-2015 SNELL SA2020 mant\u00e9m o comprovado sistema de intercomunica\u00e7\u00e3o Stilo WRC, mas a porta de comunica\u00e7\u00f5es foi redesenhada para uso com a chave sem fio WL (vendida separadamente) que, uma vez instalada, se adapta perfeitamente aos contornos do formato do casco. O microfone din\u00e2mico com cancelamento de ru\u00eddo magn\u00e9tico \u00e9 ajust\u00e1vel para permitir uma dist\u00e2ncia ideal da boca para reduzir o ru\u00eddo externo. Fones de ouvido com cancelamento de ru\u00eddo circundam os alto-falantes para reduzir significativamente o ru\u00eddo externo e melhorar os n\u00edveis de conforto. O sistema de intercomunica\u00e7\u00e3o do fone de ouvido tamb\u00e9m \u00e9 compat\u00edvel com os amplificadores com fio Stilo tradicionais. Portanto, n\u00e3o \u00e9 necess\u00e1rio trocar os fones de ouvido em ve\u00edculos que n\u00e3o possuem amplificador sem fio.  As viseiras e os kits de parafusos s\u00e3o os mesmos dos normais WRC DES","og_url":"https:\/\/autobarbosa.com\/fr\/produto\/capacete-stilo-wrc-rally-venti-carbon-fia-8859-2015-snell-sa2020-sz-xl\/","og_site_name":"Oficina de manuten\u00e7\u00e3o e repara\u00e7\u00e3o de veiculos automoveis em S. Miguel, A\u00e7ores - Auto Barbosa","article_publisher":"https:\/\/www.facebook.com\/autobarbosaoficina","article_modified_time":"2026-04-18T07:07:32+00:00","og_image":[{"width":800,"height":800,"url":"https:\/\/autobarbosa.com\/wp-content\/uploads\/2025\/11\/607aa0220bg1txl.png","type":"image\/png"}],"twitter_card":"summary_large_image","twitter_misc":{"Dur\u00e9e de lecture estim\u00e9e":"1 minute"},"schema":{"@context":"https:\/\/schema.org","@graph":[{"@type":"WebPage","@id":"https:\/\/autobarbosa.com\/fr\/produto\/capacete-stilo-wrc-rally-venti-carbon-fia-8859-2015-snell-sa2020-sz-xl\/","url":"https:\/\/autobarbosa.com\/fr\/produto\/capacete-stilo-wrc-rally-venti-carbon-fia-8859-2015-snell-sa2020-sz-xl\/","name":"CAPACETE STILO WRC RALLY VENTI CARBON FIA 8859-2015 SNELL SA2020 SZ XL - Oficina de manuten\u00e7\u00e3o e repara\u00e7\u00e3o de veiculos automoveis em S. Miguel, A\u00e7ores - Auto Barbosa","isPartOf":{"@id":"https:\/\/autobarbosa.com\/fr\/#website"},"datePublished":"2025-11-26T08:08:15+00:00","dateModified":"2026-04-18T07:07:32+00:00","breadcrumb":{"@id":"https:\/\/autobarbosa.com\/fr\/produto\/capacete-stilo-wrc-rally-venti-carbon-fia-8859-2015-snell-sa2020-sz-xl\/#breadcrumb"},"inLanguage":"fr-FR","potentialAction":[{"@type":"ReadAction","target":["https:\/\/autobarbosa.com\/fr\/produto\/capacete-stilo-wrc-rally-venti-carbon-fia-8859-2015-snell-sa2020-sz-xl\/"]}]},{"@type":"BreadcrumbList","@id":"https:\/\/autobarbosa.com\/fr\/produto\/capacete-stilo-wrc-rally-venti-carbon-fia-8859-2015-snell-sa2020-sz-xl\/#breadcrumb","itemListElement":[{"@type":"ListItem","position":1,"name":"In\u00edcio","item":"https:\/\/autobarbosa.com\/fr\/"},{"@type":"ListItem","position":2,"name":"Loja","item":"https:\/\/autobarbosa.com\/"},{"@type":"ListItem","position":3,"name":"CAPACETE STILO WRC RALLY VENTI CARBON FIA 8859-2015 SNELL SA2020 SZ XL"}]},{"@type":"WebSite","@id":"https:\/\/autobarbosa.com\/fr\/#website","url":"https:\/\/autobarbosa.com\/fr\/","name":"Oficina de manuten\u00e7\u00e3o e repara\u00e7\u00e3o de veiculos automoveis em S. Miguel, A\u00e7ores - Auto Barbosa","description":"Auto Barbosa","publisher":{"@id":"https:\/\/autobarbosa.com\/fr\/#organization"},"potentialAction":[{"@type":"SearchAction","target":{"@type":"EntryPoint","urlTemplate":"https:\/\/autobarbosa.com\/fr\/?s={search_term_string}"},"query-input":"required name=search_term_string"}],"inLanguage":"fr-FR"},{"@type":"Organization","@id":"https:\/\/autobarbosa.com\/fr\/#organization","name":"Oficina de manuten\u00e7\u00e3o e repara\u00e7\u00e3o de veiculos automoveis em S. Miguel, A\u00e7ores - Auto Barbosa","url":"https:\/\/autobarbosa.com\/fr\/","logo":{"@type":"ImageObject","inLanguage":"fr-FR","@id":"https:\/\/autobarbosa.com\/fr\/#\/schema\/logo\/image\/","url":"https:\/\/autobarbosa.com\/wp-content\/uploads\/2023\/03\/AUTO-BARBOSA-LOGO-1-e1678715539111.png","contentUrl":"https:\/\/autobarbosa.com\/wp-content\/uploads\/2023\/03\/AUTO-BARBOSA-LOGO-1-e1678715539111.png","width":3233,"height":3233,"caption":"Oficina de manuten\u00e7\u00e3o e repara\u00e7\u00e3o de veiculos automoveis em S. Miguel, A\u00e7ores - Auto Barbosa"},"image":{"@id":"https:\/\/autobarbosa.com\/fr\/#\/schema\/logo\/image\/"},"sameAs":["https:\/\/www.facebook.com\/autobarbosaoficina","https:\/\/www.instagram.com\/autobarbosa.oficina\/"]}]}},"_links":{"self":[{"href":"https:\/\/autobarbosa.com\/fr\/wp-json\/wp\/v3\/product\/18917","targetHints":{"allow":["GET"]}}],"collection":[{"href":"https:\/\/autobarbosa.com\/fr\/wp-json\/wp\/v3\/product"}],"about":[{"href":"https:\/\/autobarbosa.com\/fr\/wp-json\/wp\/v2\/types\/product"}],"wp:featuredmedia":[{"embeddable":true,"href":"https:\/\/autobarbosa.com\/fr\/wp-json\/wp\/v2\/media\/18913"}],"wp:attachment":[{"href":"https:\/\/autobarbosa.com\/fr\/wp-json\/wp\/v2\/media?parent=18917"}],"wp:term":[{"taxonomy":"product_cat","embeddable":true,"href":"https:\/\/autobarbosa.com\/fr\/wp-json\/wp\/v2\/product_cat?post=18917"},{"taxonomy":"product_tag","embeddable":true,"href":"https:\/\/autobarbosa.com\/fr\/wp-json\/wp\/v2\/product_tag?post=18917"},{"taxonomy":"marca","embeddable":true,"href":"https:\/\/autobarbosa.com\/fr\/wp-json\/wp\/v2\/marca?post=18917"}],"curies":[{"name":"wp","href":"https:\/\/api.w.org\/{rel}","templated":true}]}}