{"id":18957,"date":"2025-11-26T07:08:28","date_gmt":"2025-11-26T08:08:28","guid":{"rendered":"https:\/\/autobarbosa.com\/produto\/capacete-stilo-fechado-st5r-interior-preto-snell-sa2020-fia-8859-2015-branco-sz-l\/"},"modified":"2026-04-22T07:07:27","modified_gmt":"2026-04-22T07:07:27","slug":"capacete-stilo-fechado-st5r-interior-preto-snell-sa2020-fia-8859-2015-branco-sz-l","status":"publish","type":"product","link":"https:\/\/autobarbosa.com\/fr\/produto\/capacete-stilo-fechado-st5r-interior-preto-snell-sa2020-fia-8859-2015-branco-sz-l\/","title":{"rendered":"CAPACETE STILO FECHADO ST5R INTERIOR PRETO &#8211;  SNELL SA2020 FIA 8859-2015 &#8211; BRANCO &#8211; SZ L"},"content":{"rendered":"<p>Capacete STILO ST5R Full Face FIA \u200b\u200bBranco Composto Interior Preto SNELL SA2020<\/p>\n<p>Capacete profissional full face de alta qualidade projetado para carros fechados.<\/p>\n<p>Caracter\u00edsticas:<br \/>\n&#8211; Confort\u00e1vel: espumas de diferentes densidades.<br \/>\n&#8211; Leve, aerodin\u00e2mico e est\u00e1vel.<br \/>\n&#8211; Estreito: Apenas 255,7 mm para melhor aerodin\u00e2mica.<br \/>\n&#8211; 8 entradas de ar na parte superior do capacete e sistema de canais internos. Entradas de ar frontais fech\u00e1veis, ideais no inverno contra o emba\u00e7amento e no ver\u00e3o para resfriar o piloto.<br \/>\n&#8211; Sistema de viseira ultra avan\u00e7ado e simplificado: Trav\u00e1vel e desbloque\u00e1vel com uma m\u00e3o.<br \/>\n&#8211; Amplo campo de vis\u00e3o.<br \/>\n&#8211; Cinta de queixo pr\u00e9-perfurada para acomodar o sistema de bebida.<\/p>\n<p>Vem com microfone magn\u00e9tico para reduzir o ru\u00eddo ambiente, conector de r\u00e1dio integrado e conector de fone de ouvido.<\/p>\n<p>Compat\u00edvel com HANS\u00ae.<br \/>\nSNELL SA2020 \/ FIA 8859-2015 aprovado.<br \/>\nPeso: 1.520+-30 g (XS &#8211; L) \/ 1.660+-30 g (L\/XL &#8211; XXL).<br \/>\nTamanhos dispon\u00edveis: XS (54); S (55); M (57); Eu (59); G\/GG(60); XL (61); XXL (63)<br \/>\nCor: Interior branco \/ preto.<br \/>\nFeito na It\u00e1lia.<\/p>\n","protected":false},"excerpt":{"rendered":"<p>Capacete STILO ST5R Full Face FIA \u200b\u200bBranco Composto Interior Preto SNELL SA2020<\/p>\n<p>Capacete profissional full face de alta qualidade projetado para carros fechados.<\/p>\n<p>Caracter\u00edsticas:<br \/>\n&#8211; Confort\u00e1vel: espumas de diferentes densidades.<br \/>\n&#8211; Leve, aerodin\u00e2mico e est\u00e1vel.<br \/>\n&#8211; Estreito: Apenas 255,7 mm para melhor aerodin\u00e2mica.<br \/>\n&#8211; 8 entradas de ar na parte superior do capacete e sistema de canais internos. Entradas de ar frontais fech\u00e1veis, ideais no inverno contra o emba\u00e7amento e no ver\u00e3o para resfriar o piloto.<br \/>\n&#8211; Sistema de viseira ultra avan\u00e7ado e simplificado: Trav\u00e1vel e desbloque\u00e1vel com uma m\u00e3o.<br \/>\n&#8211; Amplo campo de vis\u00e3o.<br \/>\n&#8211; Cinta de queixo pr\u00e9-perfurada para acomodar o sistema de bebida.<\/p>\n<p>Vem com microfone magn\u00e9tico para reduzir o ru\u00eddo ambiente, conector de r\u00e1dio integrado e conector de fone de ouvido.<\/p>\n<p>Compat\u00edvel com HANS\u00ae.<br \/>\nSNELL SA2020 \/ FIA 8859-2015 aprovado.<br \/>\nPeso: 1.520+-30 g (XS &#8211; L) \/ 1.660+-30 g (L\/XL &#8211; XXL).<br \/>\nTamanhos dispon\u00edveis: XS (54); S (55); M (57); Eu (59); G\/GG(60); XL (61); XXL (63)<br \/>\nCor: Interior branco \/ preto.<br \/>\nFeito na It\u00e1lia.<\/p>\n","protected":false},"featured_media":18953,"template":"","meta":[],"product_cat":[983,528,530],"product_tag":[],"marca":[160],"class_list":["post-18957","product","type-product","status-publish","has-post-thumbnail","hentry","product_cat-capacete-fechado","product_cat-piloto","product_cat-capacetes-fia","marca-stilo"],"yoast_head":"<!-- This site is optimized with the Yoast SEO plugin v20.5 - https:\/\/yoast.com\/wordpress\/plugins\/seo\/ -->\n<title>CAPACETE STILO FECHADO ST5R INTERIOR PRETO - SNELL SA2020 FIA 8859-2015 - BRANCO - SZ L - Oficina de manuten\u00e7\u00e3o e repara\u00e7\u00e3o de veiculos automoveis em S. Miguel, A\u00e7ores - Auto Barbosa<\/title>\n<meta name=\"robots\" content=\"index, follow, max-snippet:-1, max-image-preview:large, max-video-preview:-1\" \/>\n<link rel=\"canonical\" href=\"https:\/\/autobarbosa.com\/fr\/produto\/capacete-stilo-fechado-st5r-interior-preto-snell-sa2020-fia-8859-2015-branco-sz-l\/\" \/>\n<meta property=\"og:locale\" content=\"fr_FR\" \/>\n<meta property=\"og:type\" content=\"article\" \/>\n<meta property=\"og:title\" content=\"CAPACETE STILO FECHADO ST5R INTERIOR PRETO - SNELL SA2020 FIA 8859-2015 - BRANCO - SZ L - Oficina de manuten\u00e7\u00e3o e repara\u00e7\u00e3o de veiculos automoveis em S. Miguel, A\u00e7ores - Auto Barbosa\" \/>\n<meta property=\"og:description\" content=\"Capacete STILO ST5R Full Face FIA \u200b\u200bBranco Composto Interior Preto SNELL SA2020   Capacete profissional full face de alta qualidade projetado para carros fechados.  Caracter\u00edsticas: - Confort\u00e1vel: espumas de diferentes densidades. - Leve, aerodin\u00e2mico e est\u00e1vel. - Estreito: Apenas 255,7 mm para melhor aerodin\u00e2mica. - 8 entradas de ar na parte superior do capacete e sistema de canais internos. Entradas de ar frontais fech\u00e1veis, ideais no inverno contra o emba\u00e7amento e no ver\u00e3o para resfriar o piloto. - Sistema de viseira ultra avan\u00e7ado e simplificado: Trav\u00e1vel e desbloque\u00e1vel com uma m\u00e3o. - Amplo campo de vis\u00e3o. - Cinta de queixo pr\u00e9-perfurada para acomodar o sistema de bebida.  Vem com microfone magn\u00e9tico para reduzir o ru\u00eddo ambiente, conector de r\u00e1dio integrado e conector de fone de ouvido.  Compat\u00edvel com HANS\u00ae. SNELL SA2020 \/ FIA 8859-2015 aprovado. Peso: 1.520+-30 g (XS - L) \/ 1.660+-30 g (L\/XL - XXL). Tamanhos dispon\u00edveis: XS (54); S (55); M (57); Eu (59); G\/GG(60); XL (61); XXL (63) Cor: Interior branco \/ preto. Feito na It\u00e1lia.\" \/>\n<meta property=\"og:url\" content=\"https:\/\/autobarbosa.com\/fr\/produto\/capacete-stilo-fechado-st5r-interior-preto-snell-sa2020-fia-8859-2015-branco-sz-l\/\" \/>\n<meta property=\"og:site_name\" content=\"Oficina de manuten\u00e7\u00e3o e repara\u00e7\u00e3o de veiculos automoveis em S. Miguel, A\u00e7ores - Auto Barbosa\" \/>\n<meta property=\"article:publisher\" content=\"https:\/\/www.facebook.com\/autobarbosaoficina\" \/>\n<meta property=\"article:modified_time\" content=\"2026-04-22T07:07:27+00:00\" \/>\n<meta property=\"og:image\" content=\"https:\/\/autobarbosa.com\/wp-content\/uploads\/2025\/11\/607aa0701bg2tl_wn.png\" \/>\n\t<meta property=\"og:image:width\" content=\"800\" \/>\n\t<meta property=\"og:image:height\" content=\"800\" \/>\n\t<meta property=\"og:image:type\" content=\"image\/png\" \/>\n<meta name=\"twitter:card\" content=\"summary_large_image\" \/>\n<meta name=\"twitter:label1\" content=\"Dur\u00e9e de lecture estim\u00e9e\" \/>\n\t<meta name=\"twitter:data1\" content=\"1 minute\" \/>\n<script type=\"application\/ld+json\" class=\"yoast-schema-graph\">{\"@context\":\"https:\/\/schema.org\",\"@graph\":[{\"@type\":\"WebPage\",\"@id\":\"https:\/\/autobarbosa.com\/fr\/produto\/capacete-stilo-fechado-st5r-interior-preto-snell-sa2020-fia-8859-2015-branco-sz-l\/\",\"url\":\"https:\/\/autobarbosa.com\/fr\/produto\/capacete-stilo-fechado-st5r-interior-preto-snell-sa2020-fia-8859-2015-branco-sz-l\/\",\"name\":\"CAPACETE STILO FECHADO ST5R INTERIOR PRETO - SNELL SA2020 FIA 8859-2015 - BRANCO - SZ L - Oficina de manuten\u00e7\u00e3o e repara\u00e7\u00e3o de veiculos automoveis em S. Miguel, A\u00e7ores - Auto Barbosa\",\"isPartOf\":{\"@id\":\"https:\/\/autobarbosa.com\/fr\/#website\"},\"datePublished\":\"2025-11-26T08:08:28+00:00\",\"dateModified\":\"2026-04-22T07:07:27+00:00\",\"breadcrumb\":{\"@id\":\"https:\/\/autobarbosa.com\/fr\/produto\/capacete-stilo-fechado-st5r-interior-preto-snell-sa2020-fia-8859-2015-branco-sz-l\/#breadcrumb\"},\"inLanguage\":\"fr-FR\",\"potentialAction\":[{\"@type\":\"ReadAction\",\"target\":[\"https:\/\/autobarbosa.com\/fr\/produto\/capacete-stilo-fechado-st5r-interior-preto-snell-sa2020-fia-8859-2015-branco-sz-l\/\"]}]},{\"@type\":\"BreadcrumbList\",\"@id\":\"https:\/\/autobarbosa.com\/fr\/produto\/capacete-stilo-fechado-st5r-interior-preto-snell-sa2020-fia-8859-2015-branco-sz-l\/#breadcrumb\",\"itemListElement\":[{\"@type\":\"ListItem\",\"position\":1,\"name\":\"In\u00edcio\",\"item\":\"https:\/\/autobarbosa.com\/fr\/\"},{\"@type\":\"ListItem\",\"position\":2,\"name\":\"Loja\",\"item\":\"https:\/\/autobarbosa.com\/\"},{\"@type\":\"ListItem\",\"position\":3,\"name\":\"CAPACETE STILO FECHADO ST5R INTERIOR PRETO &#8211; SNELL SA2020 FIA 8859-2015 &#8211; BRANCO &#8211; SZ L\"}]},{\"@type\":\"WebSite\",\"@id\":\"https:\/\/autobarbosa.com\/fr\/#website\",\"url\":\"https:\/\/autobarbosa.com\/fr\/\",\"name\":\"Oficina de manuten\u00e7\u00e3o e repara\u00e7\u00e3o de veiculos automoveis em S. Miguel, A\u00e7ores - Auto Barbosa\",\"description\":\"Auto Barbosa\",\"publisher\":{\"@id\":\"https:\/\/autobarbosa.com\/fr\/#organization\"},\"potentialAction\":[{\"@type\":\"SearchAction\",\"target\":{\"@type\":\"EntryPoint\",\"urlTemplate\":\"https:\/\/autobarbosa.com\/fr\/?s={search_term_string}\"},\"query-input\":\"required name=search_term_string\"}],\"inLanguage\":\"fr-FR\"},{\"@type\":\"Organization\",\"@id\":\"https:\/\/autobarbosa.com\/fr\/#organization\",\"name\":\"Oficina de manuten\u00e7\u00e3o e repara\u00e7\u00e3o de veiculos automoveis em S. Miguel, A\u00e7ores - Auto Barbosa\",\"url\":\"https:\/\/autobarbosa.com\/fr\/\",\"logo\":{\"@type\":\"ImageObject\",\"inLanguage\":\"fr-FR\",\"@id\":\"https:\/\/autobarbosa.com\/fr\/#\/schema\/logo\/image\/\",\"url\":\"https:\/\/autobarbosa.com\/wp-content\/uploads\/2023\/03\/AUTO-BARBOSA-LOGO-1-e1678715539111.png\",\"contentUrl\":\"https:\/\/autobarbosa.com\/wp-content\/uploads\/2023\/03\/AUTO-BARBOSA-LOGO-1-e1678715539111.png\",\"width\":3233,\"height\":3233,\"caption\":\"Oficina de manuten\u00e7\u00e3o e repara\u00e7\u00e3o de veiculos automoveis em S. Miguel, A\u00e7ores - Auto Barbosa\"},\"image\":{\"@id\":\"https:\/\/autobarbosa.com\/fr\/#\/schema\/logo\/image\/\"},\"sameAs\":[\"https:\/\/www.facebook.com\/autobarbosaoficina\",\"https:\/\/www.instagram.com\/autobarbosa.oficina\/\"]}]}<\/script>\n<!-- \/ Yoast SEO plugin. -->","yoast_head_json":{"title":"CAPACETE STILO FECHADO ST5R INTERIOR PRETO - SNELL SA2020 FIA 8859-2015 - BRANCO - SZ L - Oficina de manuten\u00e7\u00e3o e repara\u00e7\u00e3o de veiculos automoveis em S. Miguel, A\u00e7ores - Auto Barbosa","robots":{"index":"index","follow":"follow","max-snippet":"max-snippet:-1","max-image-preview":"max-image-preview:large","max-video-preview":"max-video-preview:-1"},"canonical":"https:\/\/autobarbosa.com\/fr\/produto\/capacete-stilo-fechado-st5r-interior-preto-snell-sa2020-fia-8859-2015-branco-sz-l\/","og_locale":"fr_FR","og_type":"article","og_title":"CAPACETE STILO FECHADO ST5R INTERIOR PRETO - SNELL SA2020 FIA 8859-2015 - BRANCO - SZ L - Oficina de manuten\u00e7\u00e3o e repara\u00e7\u00e3o de veiculos automoveis em S. Miguel, A\u00e7ores - Auto Barbosa","og_description":"Capacete STILO ST5R Full Face FIA \u200b\u200bBranco Composto Interior Preto SNELL SA2020   Capacete profissional full face de alta qualidade projetado para carros fechados.  Caracter\u00edsticas: - Confort\u00e1vel: espumas de diferentes densidades. - Leve, aerodin\u00e2mico e est\u00e1vel. - Estreito: Apenas 255,7 mm para melhor aerodin\u00e2mica. - 8 entradas de ar na parte superior do capacete e sistema de canais internos. Entradas de ar frontais fech\u00e1veis, ideais no inverno contra o emba\u00e7amento e no ver\u00e3o para resfriar o piloto. - Sistema de viseira ultra avan\u00e7ado e simplificado: Trav\u00e1vel e desbloque\u00e1vel com uma m\u00e3o. - Amplo campo de vis\u00e3o. - Cinta de queixo pr\u00e9-perfurada para acomodar o sistema de bebida.  Vem com microfone magn\u00e9tico para reduzir o ru\u00eddo ambiente, conector de r\u00e1dio integrado e conector de fone de ouvido.  Compat\u00edvel com HANS\u00ae. SNELL SA2020 \/ FIA 8859-2015 aprovado. Peso: 1.520+-30 g (XS - L) \/ 1.660+-30 g (L\/XL - XXL). Tamanhos dispon\u00edveis: XS (54); S (55); M (57); Eu (59); G\/GG(60); XL (61); XXL (63) Cor: Interior branco \/ preto. Feito na It\u00e1lia.","og_url":"https:\/\/autobarbosa.com\/fr\/produto\/capacete-stilo-fechado-st5r-interior-preto-snell-sa2020-fia-8859-2015-branco-sz-l\/","og_site_name":"Oficina de manuten\u00e7\u00e3o e repara\u00e7\u00e3o de veiculos automoveis em S. Miguel, A\u00e7ores - Auto Barbosa","article_publisher":"https:\/\/www.facebook.com\/autobarbosaoficina","article_modified_time":"2026-04-22T07:07:27+00:00","og_image":[{"width":800,"height":800,"url":"https:\/\/autobarbosa.com\/wp-content\/uploads\/2025\/11\/607aa0701bg2tl_wn.png","type":"image\/png"}],"twitter_card":"summary_large_image","twitter_misc":{"Dur\u00e9e de lecture estim\u00e9e":"1 minute"},"schema":{"@context":"https:\/\/schema.org","@graph":[{"@type":"WebPage","@id":"https:\/\/autobarbosa.com\/fr\/produto\/capacete-stilo-fechado-st5r-interior-preto-snell-sa2020-fia-8859-2015-branco-sz-l\/","url":"https:\/\/autobarbosa.com\/fr\/produto\/capacete-stilo-fechado-st5r-interior-preto-snell-sa2020-fia-8859-2015-branco-sz-l\/","name":"CAPACETE STILO FECHADO ST5R INTERIOR PRETO - SNELL SA2020 FIA 8859-2015 - BRANCO - SZ L - Oficina de manuten\u00e7\u00e3o e repara\u00e7\u00e3o de veiculos automoveis em S. Miguel, A\u00e7ores - Auto Barbosa","isPartOf":{"@id":"https:\/\/autobarbosa.com\/fr\/#website"},"datePublished":"2025-11-26T08:08:28+00:00","dateModified":"2026-04-22T07:07:27+00:00","breadcrumb":{"@id":"https:\/\/autobarbosa.com\/fr\/produto\/capacete-stilo-fechado-st5r-interior-preto-snell-sa2020-fia-8859-2015-branco-sz-l\/#breadcrumb"},"inLanguage":"fr-FR","potentialAction":[{"@type":"ReadAction","target":["https:\/\/autobarbosa.com\/fr\/produto\/capacete-stilo-fechado-st5r-interior-preto-snell-sa2020-fia-8859-2015-branco-sz-l\/"]}]},{"@type":"BreadcrumbList","@id":"https:\/\/autobarbosa.com\/fr\/produto\/capacete-stilo-fechado-st5r-interior-preto-snell-sa2020-fia-8859-2015-branco-sz-l\/#breadcrumb","itemListElement":[{"@type":"ListItem","position":1,"name":"In\u00edcio","item":"https:\/\/autobarbosa.com\/fr\/"},{"@type":"ListItem","position":2,"name":"Loja","item":"https:\/\/autobarbosa.com\/"},{"@type":"ListItem","position":3,"name":"CAPACETE STILO FECHADO ST5R INTERIOR PRETO &#8211; SNELL SA2020 FIA 8859-2015 &#8211; BRANCO &#8211; SZ L"}]},{"@type":"WebSite","@id":"https:\/\/autobarbosa.com\/fr\/#website","url":"https:\/\/autobarbosa.com\/fr\/","name":"Oficina de manuten\u00e7\u00e3o e repara\u00e7\u00e3o de veiculos automoveis em S. Miguel, A\u00e7ores - Auto Barbosa","description":"Auto Barbosa","publisher":{"@id":"https:\/\/autobarbosa.com\/fr\/#organization"},"potentialAction":[{"@type":"SearchAction","target":{"@type":"EntryPoint","urlTemplate":"https:\/\/autobarbosa.com\/fr\/?s={search_term_string}"},"query-input":"required name=search_term_string"}],"inLanguage":"fr-FR"},{"@type":"Organization","@id":"https:\/\/autobarbosa.com\/fr\/#organization","name":"Oficina de manuten\u00e7\u00e3o e repara\u00e7\u00e3o de veiculos automoveis em S. Miguel, A\u00e7ores - Auto Barbosa","url":"https:\/\/autobarbosa.com\/fr\/","logo":{"@type":"ImageObject","inLanguage":"fr-FR","@id":"https:\/\/autobarbosa.com\/fr\/#\/schema\/logo\/image\/","url":"https:\/\/autobarbosa.com\/wp-content\/uploads\/2023\/03\/AUTO-BARBOSA-LOGO-1-e1678715539111.png","contentUrl":"https:\/\/autobarbosa.com\/wp-content\/uploads\/2023\/03\/AUTO-BARBOSA-LOGO-1-e1678715539111.png","width":3233,"height":3233,"caption":"Oficina de manuten\u00e7\u00e3o e repara\u00e7\u00e3o de veiculos automoveis em S. Miguel, A\u00e7ores - Auto Barbosa"},"image":{"@id":"https:\/\/autobarbosa.com\/fr\/#\/schema\/logo\/image\/"},"sameAs":["https:\/\/www.facebook.com\/autobarbosaoficina","https:\/\/www.instagram.com\/autobarbosa.oficina\/"]}]}},"_links":{"self":[{"href":"https:\/\/autobarbosa.com\/fr\/wp-json\/wp\/v3\/product\/18957","targetHints":{"allow":["GET"]}}],"collection":[{"href":"https:\/\/autobarbosa.com\/fr\/wp-json\/wp\/v3\/product"}],"about":[{"href":"https:\/\/autobarbosa.com\/fr\/wp-json\/wp\/v2\/types\/product"}],"wp:featuredmedia":[{"embeddable":true,"href":"https:\/\/autobarbosa.com\/fr\/wp-json\/wp\/v2\/media\/18953"}],"wp:attachment":[{"href":"https:\/\/autobarbosa.com\/fr\/wp-json\/wp\/v2\/media?parent=18957"}],"wp:term":[{"taxonomy":"product_cat","embeddable":true,"href":"https:\/\/autobarbosa.com\/fr\/wp-json\/wp\/v2\/product_cat?post=18957"},{"taxonomy":"product_tag","embeddable":true,"href":"https:\/\/autobarbosa.com\/fr\/wp-json\/wp\/v2\/product_tag?post=18957"},{"taxonomy":"marca","embeddable":true,"href":"https:\/\/autobarbosa.com\/fr\/wp-json\/wp\/v2\/marca?post=18957"}],"curies":[{"name":"wp","href":"https:\/\/api.w.org\/{rel}","templated":true}]}}