{"id":19069,"date":"2025-11-26T07:08:57","date_gmt":"2025-11-26T08:08:57","guid":{"rendered":"https:\/\/autobarbosa.com\/produto\/auscultadores-treinos-terratrip-pro-v2-clubman-pro\/"},"modified":"2026-04-19T19:08:05","modified_gmt":"2026-04-19T19:08:05","slug":"auscultadores-treinos-terratrip-pro-v2-clubman-pro","status":"publish","type":"product","link":"https:\/\/autobarbosa.com\/fr\/produto\/auscultadores-treinos-terratrip-pro-v2-clubman-pro\/","title":{"rendered":"AUSCULTADORES TREINOS TERRATRIP Pro V2 (CLUBMAN \/ PRO)"},"content":{"rendered":"<p>Headset Pro Practice V2 Link (CLUBMAN e PRO) &#8211;<\/p>\n<p>Headset Link esquerdo e direito para uso com os r\u00e1dios Terratrip Clubman e Professional, com suporte universal e microfones com cancelamento de ru\u00eddo para melhor reprodu\u00e7\u00e3o de som.<\/p>\n<p>Este headset substitui o modelo anterior e agora possui um bra\u00e7o girat\u00f3rio para microfone.<\/p>\n<p>Observa\u00e7\u00e3o: O mesmo headset est\u00e1 dispon\u00edvel para r\u00e1dios TERRAPHONE PLUS, neste caso, escolha o c\u00f3digo de pe\u00e7a 607T047U.<\/p>\n<p>Fabricado no Reino Unido.<\/p>\n","protected":false},"excerpt":{"rendered":"<p>Headset Pro Practice V2 Link (CLUBMAN e PRO) &#8211;<\/p>\n<p>Headset Link esquerdo e direito para uso com os r\u00e1dios Terratrip Clubman e Professional, com suporte universal e microfones com cancelamento de ru\u00eddo para melhor reprodu\u00e7\u00e3o de som.<\/p>\n<p>Este headset substitui o modelo anterior e agora possui um bra\u00e7o girat\u00f3rio para microfone.<\/p>\n<p>Observa\u00e7\u00e3o: O mesmo headset est\u00e1 dispon\u00edvel para r\u00e1dios TERRAPHONE PLUS, neste caso, escolha o c\u00f3digo de pe\u00e7a 607T047U.<\/p>\n<p>Fabricado no Reino Unido.<\/p>\n","protected":false},"featured_media":19065,"template":"","meta":[],"product_cat":[528,529],"product_tag":[],"marca":[144],"class_list":["post-19069","product","type-product","status-publish","has-post-thumbnail","hentry","product_cat-piloto","product_cat-centralinas-intercomunicadores","marca-terratrip"],"yoast_head":"<!-- This site is optimized with the Yoast SEO plugin v20.5 - https:\/\/yoast.com\/wordpress\/plugins\/seo\/ -->\n<title>AUSCULTADORES TREINOS TERRATRIP Pro V2 (CLUBMAN \/ PRO) - Oficina de manuten\u00e7\u00e3o e repara\u00e7\u00e3o de veiculos automoveis em S. Miguel, A\u00e7ores - Auto Barbosa<\/title>\n<meta name=\"robots\" content=\"index, follow, max-snippet:-1, max-image-preview:large, max-video-preview:-1\" \/>\n<link rel=\"canonical\" href=\"https:\/\/autobarbosa.com\/fr\/produto\/auscultadores-treinos-terratrip-pro-v2-clubman-pro\/\" \/>\n<meta property=\"og:locale\" content=\"fr_FR\" \/>\n<meta property=\"og:type\" content=\"article\" \/>\n<meta property=\"og:title\" content=\"AUSCULTADORES TREINOS TERRATRIP Pro V2 (CLUBMAN \/ PRO) - Oficina de manuten\u00e7\u00e3o e repara\u00e7\u00e3o de veiculos automoveis em S. Miguel, A\u00e7ores - Auto Barbosa\" \/>\n<meta property=\"og:description\" content=\"Headset Pro Practice V2 Link (CLUBMAN e PRO) -  Headset Link esquerdo e direito para uso com os r\u00e1dios Terratrip Clubman e Professional, com suporte universal e microfones com cancelamento de ru\u00eddo para melhor reprodu\u00e7\u00e3o de som.  Este headset substitui o modelo anterior e agora possui um bra\u00e7o girat\u00f3rio para microfone.  Observa\u00e7\u00e3o: O mesmo headset est\u00e1 dispon\u00edvel para r\u00e1dios TERRAPHONE PLUS, neste caso, escolha o c\u00f3digo de pe\u00e7a 607T047U.  Fabricado no Reino Unido.\" \/>\n<meta property=\"og:url\" content=\"https:\/\/autobarbosa.com\/fr\/produto\/auscultadores-treinos-terratrip-pro-v2-clubman-pro\/\" \/>\n<meta property=\"og:site_name\" content=\"Oficina de manuten\u00e7\u00e3o e repara\u00e7\u00e3o de veiculos automoveis em S. Miguel, A\u00e7ores - Auto Barbosa\" \/>\n<meta property=\"article:publisher\" content=\"https:\/\/www.facebook.com\/autobarbosaoficina\" \/>\n<meta property=\"article:modified_time\" content=\"2026-04-19T19:08:05+00:00\" \/>\n<meta property=\"og:image\" content=\"https:\/\/autobarbosa.com\/wp-content\/uploads\/2025\/11\/607t037u.png\" \/>\n\t<meta property=\"og:image:width\" content=\"800\" \/>\n\t<meta property=\"og:image:height\" content=\"800\" \/>\n\t<meta property=\"og:image:type\" content=\"image\/png\" \/>\n<meta name=\"twitter:card\" content=\"summary_large_image\" \/>\n<script type=\"application\/ld+json\" class=\"yoast-schema-graph\">{\"@context\":\"https:\/\/schema.org\",\"@graph\":[{\"@type\":\"WebPage\",\"@id\":\"https:\/\/autobarbosa.com\/fr\/produto\/auscultadores-treinos-terratrip-pro-v2-clubman-pro\/\",\"url\":\"https:\/\/autobarbosa.com\/fr\/produto\/auscultadores-treinos-terratrip-pro-v2-clubman-pro\/\",\"name\":\"AUSCULTADORES TREINOS TERRATRIP Pro V2 (CLUBMAN \/ PRO) - Oficina de manuten\u00e7\u00e3o e repara\u00e7\u00e3o de veiculos automoveis em S. Miguel, A\u00e7ores - Auto Barbosa\",\"isPartOf\":{\"@id\":\"https:\/\/autobarbosa.com\/fr\/#website\"},\"datePublished\":\"2025-11-26T08:08:57+00:00\",\"dateModified\":\"2026-04-19T19:08:05+00:00\",\"breadcrumb\":{\"@id\":\"https:\/\/autobarbosa.com\/fr\/produto\/auscultadores-treinos-terratrip-pro-v2-clubman-pro\/#breadcrumb\"},\"inLanguage\":\"fr-FR\",\"potentialAction\":[{\"@type\":\"ReadAction\",\"target\":[\"https:\/\/autobarbosa.com\/fr\/produto\/auscultadores-treinos-terratrip-pro-v2-clubman-pro\/\"]}]},{\"@type\":\"BreadcrumbList\",\"@id\":\"https:\/\/autobarbosa.com\/fr\/produto\/auscultadores-treinos-terratrip-pro-v2-clubman-pro\/#breadcrumb\",\"itemListElement\":[{\"@type\":\"ListItem\",\"position\":1,\"name\":\"In\u00edcio\",\"item\":\"https:\/\/autobarbosa.com\/fr\/\"},{\"@type\":\"ListItem\",\"position\":2,\"name\":\"Loja\",\"item\":\"https:\/\/autobarbosa.com\/\"},{\"@type\":\"ListItem\",\"position\":3,\"name\":\"AUSCULTADORES TREINOS TERRATRIP Pro V2 (CLUBMAN \/ PRO)\"}]},{\"@type\":\"WebSite\",\"@id\":\"https:\/\/autobarbosa.com\/fr\/#website\",\"url\":\"https:\/\/autobarbosa.com\/fr\/\",\"name\":\"Oficina de manuten\u00e7\u00e3o e repara\u00e7\u00e3o de veiculos automoveis em S. Miguel, A\u00e7ores - Auto Barbosa\",\"description\":\"Auto Barbosa\",\"publisher\":{\"@id\":\"https:\/\/autobarbosa.com\/fr\/#organization\"},\"potentialAction\":[{\"@type\":\"SearchAction\",\"target\":{\"@type\":\"EntryPoint\",\"urlTemplate\":\"https:\/\/autobarbosa.com\/fr\/?s={search_term_string}\"},\"query-input\":\"required name=search_term_string\"}],\"inLanguage\":\"fr-FR\"},{\"@type\":\"Organization\",\"@id\":\"https:\/\/autobarbosa.com\/fr\/#organization\",\"name\":\"Oficina de manuten\u00e7\u00e3o e repara\u00e7\u00e3o de veiculos automoveis em S. Miguel, A\u00e7ores - Auto Barbosa\",\"url\":\"https:\/\/autobarbosa.com\/fr\/\",\"logo\":{\"@type\":\"ImageObject\",\"inLanguage\":\"fr-FR\",\"@id\":\"https:\/\/autobarbosa.com\/fr\/#\/schema\/logo\/image\/\",\"url\":\"https:\/\/autobarbosa.com\/wp-content\/uploads\/2023\/03\/AUTO-BARBOSA-LOGO-1-e1678715539111.png\",\"contentUrl\":\"https:\/\/autobarbosa.com\/wp-content\/uploads\/2023\/03\/AUTO-BARBOSA-LOGO-1-e1678715539111.png\",\"width\":3233,\"height\":3233,\"caption\":\"Oficina de manuten\u00e7\u00e3o e repara\u00e7\u00e3o de veiculos automoveis em S. Miguel, A\u00e7ores - Auto Barbosa\"},\"image\":{\"@id\":\"https:\/\/autobarbosa.com\/fr\/#\/schema\/logo\/image\/\"},\"sameAs\":[\"https:\/\/www.facebook.com\/autobarbosaoficina\",\"https:\/\/www.instagram.com\/autobarbosa.oficina\/\"]}]}<\/script>\n<!-- \/ Yoast SEO plugin. -->","yoast_head_json":{"title":"AUSCULTADORES TREINOS TERRATRIP Pro V2 (CLUBMAN \/ PRO) - Oficina de manuten\u00e7\u00e3o e repara\u00e7\u00e3o de veiculos automoveis em S. Miguel, A\u00e7ores - Auto Barbosa","robots":{"index":"index","follow":"follow","max-snippet":"max-snippet:-1","max-image-preview":"max-image-preview:large","max-video-preview":"max-video-preview:-1"},"canonical":"https:\/\/autobarbosa.com\/fr\/produto\/auscultadores-treinos-terratrip-pro-v2-clubman-pro\/","og_locale":"fr_FR","og_type":"article","og_title":"AUSCULTADORES TREINOS TERRATRIP Pro V2 (CLUBMAN \/ PRO) - Oficina de manuten\u00e7\u00e3o e repara\u00e7\u00e3o de veiculos automoveis em S. Miguel, A\u00e7ores - Auto Barbosa","og_description":"Headset Pro Practice V2 Link (CLUBMAN e PRO) -  Headset Link esquerdo e direito para uso com os r\u00e1dios Terratrip Clubman e Professional, com suporte universal e microfones com cancelamento de ru\u00eddo para melhor reprodu\u00e7\u00e3o de som.  Este headset substitui o modelo anterior e agora possui um bra\u00e7o girat\u00f3rio para microfone.  Observa\u00e7\u00e3o: O mesmo headset est\u00e1 dispon\u00edvel para r\u00e1dios TERRAPHONE PLUS, neste caso, escolha o c\u00f3digo de pe\u00e7a 607T047U.  Fabricado no Reino Unido.","og_url":"https:\/\/autobarbosa.com\/fr\/produto\/auscultadores-treinos-terratrip-pro-v2-clubman-pro\/","og_site_name":"Oficina de manuten\u00e7\u00e3o e repara\u00e7\u00e3o de veiculos automoveis em S. Miguel, A\u00e7ores - Auto Barbosa","article_publisher":"https:\/\/www.facebook.com\/autobarbosaoficina","article_modified_time":"2026-04-19T19:08:05+00:00","og_image":[{"width":800,"height":800,"url":"https:\/\/autobarbosa.com\/wp-content\/uploads\/2025\/11\/607t037u.png","type":"image\/png"}],"twitter_card":"summary_large_image","schema":{"@context":"https:\/\/schema.org","@graph":[{"@type":"WebPage","@id":"https:\/\/autobarbosa.com\/fr\/produto\/auscultadores-treinos-terratrip-pro-v2-clubman-pro\/","url":"https:\/\/autobarbosa.com\/fr\/produto\/auscultadores-treinos-terratrip-pro-v2-clubman-pro\/","name":"AUSCULTADORES TREINOS TERRATRIP Pro V2 (CLUBMAN \/ PRO) - Oficina de manuten\u00e7\u00e3o e repara\u00e7\u00e3o de veiculos automoveis em S. Miguel, A\u00e7ores - Auto Barbosa","isPartOf":{"@id":"https:\/\/autobarbosa.com\/fr\/#website"},"datePublished":"2025-11-26T08:08:57+00:00","dateModified":"2026-04-19T19:08:05+00:00","breadcrumb":{"@id":"https:\/\/autobarbosa.com\/fr\/produto\/auscultadores-treinos-terratrip-pro-v2-clubman-pro\/#breadcrumb"},"inLanguage":"fr-FR","potentialAction":[{"@type":"ReadAction","target":["https:\/\/autobarbosa.com\/fr\/produto\/auscultadores-treinos-terratrip-pro-v2-clubman-pro\/"]}]},{"@type":"BreadcrumbList","@id":"https:\/\/autobarbosa.com\/fr\/produto\/auscultadores-treinos-terratrip-pro-v2-clubman-pro\/#breadcrumb","itemListElement":[{"@type":"ListItem","position":1,"name":"In\u00edcio","item":"https:\/\/autobarbosa.com\/fr\/"},{"@type":"ListItem","position":2,"name":"Loja","item":"https:\/\/autobarbosa.com\/"},{"@type":"ListItem","position":3,"name":"AUSCULTADORES TREINOS TERRATRIP Pro V2 (CLUBMAN \/ PRO)"}]},{"@type":"WebSite","@id":"https:\/\/autobarbosa.com\/fr\/#website","url":"https:\/\/autobarbosa.com\/fr\/","name":"Oficina de manuten\u00e7\u00e3o e repara\u00e7\u00e3o de veiculos automoveis em S. Miguel, A\u00e7ores - Auto Barbosa","description":"Auto Barbosa","publisher":{"@id":"https:\/\/autobarbosa.com\/fr\/#organization"},"potentialAction":[{"@type":"SearchAction","target":{"@type":"EntryPoint","urlTemplate":"https:\/\/autobarbosa.com\/fr\/?s={search_term_string}"},"query-input":"required name=search_term_string"}],"inLanguage":"fr-FR"},{"@type":"Organization","@id":"https:\/\/autobarbosa.com\/fr\/#organization","name":"Oficina de manuten\u00e7\u00e3o e repara\u00e7\u00e3o de veiculos automoveis em S. Miguel, A\u00e7ores - Auto Barbosa","url":"https:\/\/autobarbosa.com\/fr\/","logo":{"@type":"ImageObject","inLanguage":"fr-FR","@id":"https:\/\/autobarbosa.com\/fr\/#\/schema\/logo\/image\/","url":"https:\/\/autobarbosa.com\/wp-content\/uploads\/2023\/03\/AUTO-BARBOSA-LOGO-1-e1678715539111.png","contentUrl":"https:\/\/autobarbosa.com\/wp-content\/uploads\/2023\/03\/AUTO-BARBOSA-LOGO-1-e1678715539111.png","width":3233,"height":3233,"caption":"Oficina de manuten\u00e7\u00e3o e repara\u00e7\u00e3o de veiculos automoveis em S. Miguel, A\u00e7ores - Auto Barbosa"},"image":{"@id":"https:\/\/autobarbosa.com\/fr\/#\/schema\/logo\/image\/"},"sameAs":["https:\/\/www.facebook.com\/autobarbosaoficina","https:\/\/www.instagram.com\/autobarbosa.oficina\/"]}]}},"_links":{"self":[{"href":"https:\/\/autobarbosa.com\/fr\/wp-json\/wp\/v3\/product\/19069","targetHints":{"allow":["GET"]}}],"collection":[{"href":"https:\/\/autobarbosa.com\/fr\/wp-json\/wp\/v3\/product"}],"about":[{"href":"https:\/\/autobarbosa.com\/fr\/wp-json\/wp\/v2\/types\/product"}],"wp:featuredmedia":[{"embeddable":true,"href":"https:\/\/autobarbosa.com\/fr\/wp-json\/wp\/v2\/media\/19065"}],"wp:attachment":[{"href":"https:\/\/autobarbosa.com\/fr\/wp-json\/wp\/v2\/media?parent=19069"}],"wp:term":[{"taxonomy":"product_cat","embeddable":true,"href":"https:\/\/autobarbosa.com\/fr\/wp-json\/wp\/v2\/product_cat?post=19069"},{"taxonomy":"product_tag","embeddable":true,"href":"https:\/\/autobarbosa.com\/fr\/wp-json\/wp\/v2\/product_tag?post=19069"},{"taxonomy":"marca","embeddable":true,"href":"https:\/\/autobarbosa.com\/fr\/wp-json\/wp\/v2\/marca?post=19069"}],"curies":[{"name":"wp","href":"https:\/\/api.w.org\/{rel}","templated":true}]}}