{"id":19173,"date":"2025-11-26T07:09:24","date_gmt":"2025-11-26T08:09:24","guid":{"rendered":"https:\/\/autobarbosa.com\/produto\/cinta-de-reboque-redspec-p-choques-12-5mm-5000kg-vermelho\/"},"modified":"2026-04-16T07:08:20","modified_gmt":"2026-04-16T07:08:20","slug":"cinta-de-reboque-redspec-p-choques-12-5mm-5000kg-vermelho","status":"publish","type":"product","link":"https:\/\/autobarbosa.com\/fr\/produto\/cinta-de-reboque-redspec-p-choques-12-5mm-5000kg-vermelho\/","title":{"rendered":"CINTA DE REBOQUE REDSPEC P\/ CHOQUES 12.5MM &#8211; 5000KG &#8211; VERMELHO"},"content":{"rendered":"<p>Cinta de reboque flex\u00edvel REDSPEC, resist\u00eancia fixa 5.000 kg<\/p>\n<p>Cinta fixa (n\u00e3o regul\u00e1vel) para fixar \u00e0 frente ou atr\u00e1s da viatura.<br \/>\nVoc\u00ea estar\u00e1 pronto para ser rebocado com rapidez e seguran\u00e7a.<br \/>\nVoc\u00ea pode usar velcro de dupla face para evitar que a al\u00e7a escorregue.<br \/>\nCinta resistente at\u00e9 5.000 kg.<br \/>\nComprimento: 10 polegadas.<br \/>\nLargura: 48mm.<br \/>\nDi\u00e2metro do furo para fixa\u00e7\u00e3o: 12,5 mm.<br \/>\nCor vermelha.<br \/>\nCumpre com a norma FIA.<br \/>\nFabricado na UE.<\/p>\n<p>Homologado no Grupo N, A, GT e R.<\/p>\n","protected":false},"excerpt":{"rendered":"<p>Cinta de reboque flex\u00edvel REDSPEC, resist\u00eancia fixa 5.000 kg<\/p>\n<p>Cinta fixa (n\u00e3o regul\u00e1vel) para fixar \u00e0 frente ou atr\u00e1s da viatura.<br \/>\nVoc\u00ea estar\u00e1 pronto para ser rebocado com rapidez e seguran\u00e7a.<br \/>\nVoc\u00ea pode usar velcro de dupla face para evitar que a al\u00e7a escorregue.<br \/>\nCinta resistente at\u00e9 5.000 kg.<br \/>\nComprimento: 10 polegadas.<br \/>\nLargura: 48mm.<br \/>\nDi\u00e2metro do furo para fixa\u00e7\u00e3o: 12,5 mm.<br \/>\nCor vermelha.<br \/>\nCumpre com a norma FIA.<br \/>\nFabricado na UE.<\/p>\n<p>Homologado no Grupo N, A, GT e R.<\/p>\n","protected":false},"featured_media":19169,"template":"","meta":[],"product_cat":[479,499],"product_tag":[],"marca":[121],"class_list":["post-19173","product","type-product","status-publish","has-post-thumbnail","hentry","product_cat-viatura","product_cat-carrocaria","marca-red-spec"],"yoast_head":"<!-- This site is optimized with the Yoast SEO plugin v20.5 - https:\/\/yoast.com\/wordpress\/plugins\/seo\/ -->\n<title>CINTA DE REBOQUE REDSPEC P\/ CHOQUES 12.5MM - 5000KG - VERMELHO - Oficina de manuten\u00e7\u00e3o e repara\u00e7\u00e3o de veiculos automoveis em S. Miguel, A\u00e7ores - Auto Barbosa<\/title>\n<meta name=\"robots\" content=\"index, follow, max-snippet:-1, max-image-preview:large, max-video-preview:-1\" \/>\n<link rel=\"canonical\" href=\"https:\/\/autobarbosa.com\/fr\/produto\/cinta-de-reboque-redspec-p-choques-12-5mm-5000kg-vermelho\/\" \/>\n<meta property=\"og:locale\" content=\"fr_FR\" \/>\n<meta property=\"og:type\" content=\"article\" \/>\n<meta property=\"og:title\" content=\"CINTA DE REBOQUE REDSPEC P\/ CHOQUES 12.5MM - 5000KG - VERMELHO - Oficina de manuten\u00e7\u00e3o e repara\u00e7\u00e3o de veiculos automoveis em S. Miguel, A\u00e7ores - Auto Barbosa\" \/>\n<meta property=\"og:description\" content=\"Cinta de reboque flex\u00edvel REDSPEC, resist\u00eancia fixa 5.000 kg  Cinta fixa (n\u00e3o regul\u00e1vel) para fixar \u00e0 frente ou atr\u00e1s da viatura. Voc\u00ea estar\u00e1 pronto para ser rebocado com rapidez e seguran\u00e7a. Voc\u00ea pode usar velcro de dupla face para evitar que a al\u00e7a escorregue. Cinta resistente at\u00e9 5.000 kg. Comprimento: 10 polegadas. Largura: 48mm. Di\u00e2metro do furo para fixa\u00e7\u00e3o: 12,5 mm. Cor vermelha. Cumpre com a norma FIA. Fabricado na UE.  Homologado no Grupo N, A, GT e R.\" \/>\n<meta property=\"og:url\" content=\"https:\/\/autobarbosa.com\/fr\/produto\/cinta-de-reboque-redspec-p-choques-12-5mm-5000kg-vermelho\/\" \/>\n<meta property=\"og:site_name\" content=\"Oficina de manuten\u00e7\u00e3o e repara\u00e7\u00e3o de veiculos automoveis em S. Miguel, A\u00e7ores - Auto Barbosa\" \/>\n<meta property=\"article:publisher\" content=\"https:\/\/www.facebook.com\/autobarbosaoficina\" \/>\n<meta property=\"article:modified_time\" content=\"2026-04-16T07:08:20+00:00\" \/>\n<meta property=\"og:image\" content=\"https:\/\/autobarbosa.com\/wp-content\/uploads\/2025\/11\/61390001.png\" \/>\n\t<meta property=\"og:image:width\" content=\"800\" \/>\n\t<meta property=\"og:image:height\" content=\"800\" \/>\n\t<meta property=\"og:image:type\" content=\"image\/png\" \/>\n<meta name=\"twitter:card\" content=\"summary_large_image\" \/>\n<script type=\"application\/ld+json\" class=\"yoast-schema-graph\">{\"@context\":\"https:\/\/schema.org\",\"@graph\":[{\"@type\":\"WebPage\",\"@id\":\"https:\/\/autobarbosa.com\/fr\/produto\/cinta-de-reboque-redspec-p-choques-12-5mm-5000kg-vermelho\/\",\"url\":\"https:\/\/autobarbosa.com\/fr\/produto\/cinta-de-reboque-redspec-p-choques-12-5mm-5000kg-vermelho\/\",\"name\":\"CINTA DE REBOQUE REDSPEC P\/ CHOQUES 12.5MM - 5000KG - VERMELHO - Oficina de manuten\u00e7\u00e3o e repara\u00e7\u00e3o de veiculos automoveis em S. Miguel, A\u00e7ores - Auto Barbosa\",\"isPartOf\":{\"@id\":\"https:\/\/autobarbosa.com\/fr\/#website\"},\"datePublished\":\"2025-11-26T08:09:24+00:00\",\"dateModified\":\"2026-04-16T07:08:20+00:00\",\"breadcrumb\":{\"@id\":\"https:\/\/autobarbosa.com\/fr\/produto\/cinta-de-reboque-redspec-p-choques-12-5mm-5000kg-vermelho\/#breadcrumb\"},\"inLanguage\":\"fr-FR\",\"potentialAction\":[{\"@type\":\"ReadAction\",\"target\":[\"https:\/\/autobarbosa.com\/fr\/produto\/cinta-de-reboque-redspec-p-choques-12-5mm-5000kg-vermelho\/\"]}]},{\"@type\":\"BreadcrumbList\",\"@id\":\"https:\/\/autobarbosa.com\/fr\/produto\/cinta-de-reboque-redspec-p-choques-12-5mm-5000kg-vermelho\/#breadcrumb\",\"itemListElement\":[{\"@type\":\"ListItem\",\"position\":1,\"name\":\"In\u00edcio\",\"item\":\"https:\/\/autobarbosa.com\/fr\/\"},{\"@type\":\"ListItem\",\"position\":2,\"name\":\"Loja\",\"item\":\"https:\/\/autobarbosa.com\/\"},{\"@type\":\"ListItem\",\"position\":3,\"name\":\"CINTA DE REBOQUE REDSPEC P\/ CHOQUES 12.5MM &#8211; 5000KG &#8211; VERMELHO\"}]},{\"@type\":\"WebSite\",\"@id\":\"https:\/\/autobarbosa.com\/fr\/#website\",\"url\":\"https:\/\/autobarbosa.com\/fr\/\",\"name\":\"Oficina de manuten\u00e7\u00e3o e repara\u00e7\u00e3o de veiculos automoveis em S. Miguel, A\u00e7ores - Auto Barbosa\",\"description\":\"Auto Barbosa\",\"publisher\":{\"@id\":\"https:\/\/autobarbosa.com\/fr\/#organization\"},\"potentialAction\":[{\"@type\":\"SearchAction\",\"target\":{\"@type\":\"EntryPoint\",\"urlTemplate\":\"https:\/\/autobarbosa.com\/fr\/?s={search_term_string}\"},\"query-input\":\"required name=search_term_string\"}],\"inLanguage\":\"fr-FR\"},{\"@type\":\"Organization\",\"@id\":\"https:\/\/autobarbosa.com\/fr\/#organization\",\"name\":\"Oficina de manuten\u00e7\u00e3o e repara\u00e7\u00e3o de veiculos automoveis em S. Miguel, A\u00e7ores - Auto Barbosa\",\"url\":\"https:\/\/autobarbosa.com\/fr\/\",\"logo\":{\"@type\":\"ImageObject\",\"inLanguage\":\"fr-FR\",\"@id\":\"https:\/\/autobarbosa.com\/fr\/#\/schema\/logo\/image\/\",\"url\":\"https:\/\/autobarbosa.com\/wp-content\/uploads\/2023\/03\/AUTO-BARBOSA-LOGO-1-e1678715539111.png\",\"contentUrl\":\"https:\/\/autobarbosa.com\/wp-content\/uploads\/2023\/03\/AUTO-BARBOSA-LOGO-1-e1678715539111.png\",\"width\":3233,\"height\":3233,\"caption\":\"Oficina de manuten\u00e7\u00e3o e repara\u00e7\u00e3o de veiculos automoveis em S. Miguel, A\u00e7ores - Auto Barbosa\"},\"image\":{\"@id\":\"https:\/\/autobarbosa.com\/fr\/#\/schema\/logo\/image\/\"},\"sameAs\":[\"https:\/\/www.facebook.com\/autobarbosaoficina\",\"https:\/\/www.instagram.com\/autobarbosa.oficina\/\"]}]}<\/script>\n<!-- \/ Yoast SEO plugin. -->","yoast_head_json":{"title":"CINTA DE REBOQUE REDSPEC P\/ CHOQUES 12.5MM - 5000KG - VERMELHO - Oficina de manuten\u00e7\u00e3o e repara\u00e7\u00e3o de veiculos automoveis em S. Miguel, A\u00e7ores - Auto Barbosa","robots":{"index":"index","follow":"follow","max-snippet":"max-snippet:-1","max-image-preview":"max-image-preview:large","max-video-preview":"max-video-preview:-1"},"canonical":"https:\/\/autobarbosa.com\/fr\/produto\/cinta-de-reboque-redspec-p-choques-12-5mm-5000kg-vermelho\/","og_locale":"fr_FR","og_type":"article","og_title":"CINTA DE REBOQUE REDSPEC P\/ CHOQUES 12.5MM - 5000KG - VERMELHO - Oficina de manuten\u00e7\u00e3o e repara\u00e7\u00e3o de veiculos automoveis em S. Miguel, A\u00e7ores - Auto Barbosa","og_description":"Cinta de reboque flex\u00edvel REDSPEC, resist\u00eancia fixa 5.000 kg  Cinta fixa (n\u00e3o regul\u00e1vel) para fixar \u00e0 frente ou atr\u00e1s da viatura. Voc\u00ea estar\u00e1 pronto para ser rebocado com rapidez e seguran\u00e7a. Voc\u00ea pode usar velcro de dupla face para evitar que a al\u00e7a escorregue. Cinta resistente at\u00e9 5.000 kg. Comprimento: 10 polegadas. Largura: 48mm. Di\u00e2metro do furo para fixa\u00e7\u00e3o: 12,5 mm. Cor vermelha. Cumpre com a norma FIA. Fabricado na UE.  Homologado no Grupo N, A, GT e R.","og_url":"https:\/\/autobarbosa.com\/fr\/produto\/cinta-de-reboque-redspec-p-choques-12-5mm-5000kg-vermelho\/","og_site_name":"Oficina de manuten\u00e7\u00e3o e repara\u00e7\u00e3o de veiculos automoveis em S. Miguel, A\u00e7ores - Auto Barbosa","article_publisher":"https:\/\/www.facebook.com\/autobarbosaoficina","article_modified_time":"2026-04-16T07:08:20+00:00","og_image":[{"width":800,"height":800,"url":"https:\/\/autobarbosa.com\/wp-content\/uploads\/2025\/11\/61390001.png","type":"image\/png"}],"twitter_card":"summary_large_image","schema":{"@context":"https:\/\/schema.org","@graph":[{"@type":"WebPage","@id":"https:\/\/autobarbosa.com\/fr\/produto\/cinta-de-reboque-redspec-p-choques-12-5mm-5000kg-vermelho\/","url":"https:\/\/autobarbosa.com\/fr\/produto\/cinta-de-reboque-redspec-p-choques-12-5mm-5000kg-vermelho\/","name":"CINTA DE REBOQUE REDSPEC P\/ CHOQUES 12.5MM - 5000KG - VERMELHO - Oficina de manuten\u00e7\u00e3o e repara\u00e7\u00e3o de veiculos automoveis em S. Miguel, A\u00e7ores - Auto Barbosa","isPartOf":{"@id":"https:\/\/autobarbosa.com\/fr\/#website"},"datePublished":"2025-11-26T08:09:24+00:00","dateModified":"2026-04-16T07:08:20+00:00","breadcrumb":{"@id":"https:\/\/autobarbosa.com\/fr\/produto\/cinta-de-reboque-redspec-p-choques-12-5mm-5000kg-vermelho\/#breadcrumb"},"inLanguage":"fr-FR","potentialAction":[{"@type":"ReadAction","target":["https:\/\/autobarbosa.com\/fr\/produto\/cinta-de-reboque-redspec-p-choques-12-5mm-5000kg-vermelho\/"]}]},{"@type":"BreadcrumbList","@id":"https:\/\/autobarbosa.com\/fr\/produto\/cinta-de-reboque-redspec-p-choques-12-5mm-5000kg-vermelho\/#breadcrumb","itemListElement":[{"@type":"ListItem","position":1,"name":"In\u00edcio","item":"https:\/\/autobarbosa.com\/fr\/"},{"@type":"ListItem","position":2,"name":"Loja","item":"https:\/\/autobarbosa.com\/"},{"@type":"ListItem","position":3,"name":"CINTA DE REBOQUE REDSPEC P\/ CHOQUES 12.5MM &#8211; 5000KG &#8211; VERMELHO"}]},{"@type":"WebSite","@id":"https:\/\/autobarbosa.com\/fr\/#website","url":"https:\/\/autobarbosa.com\/fr\/","name":"Oficina de manuten\u00e7\u00e3o e repara\u00e7\u00e3o de veiculos automoveis em S. Miguel, A\u00e7ores - Auto Barbosa","description":"Auto Barbosa","publisher":{"@id":"https:\/\/autobarbosa.com\/fr\/#organization"},"potentialAction":[{"@type":"SearchAction","target":{"@type":"EntryPoint","urlTemplate":"https:\/\/autobarbosa.com\/fr\/?s={search_term_string}"},"query-input":"required name=search_term_string"}],"inLanguage":"fr-FR"},{"@type":"Organization","@id":"https:\/\/autobarbosa.com\/fr\/#organization","name":"Oficina de manuten\u00e7\u00e3o e repara\u00e7\u00e3o de veiculos automoveis em S. Miguel, A\u00e7ores - Auto Barbosa","url":"https:\/\/autobarbosa.com\/fr\/","logo":{"@type":"ImageObject","inLanguage":"fr-FR","@id":"https:\/\/autobarbosa.com\/fr\/#\/schema\/logo\/image\/","url":"https:\/\/autobarbosa.com\/wp-content\/uploads\/2023\/03\/AUTO-BARBOSA-LOGO-1-e1678715539111.png","contentUrl":"https:\/\/autobarbosa.com\/wp-content\/uploads\/2023\/03\/AUTO-BARBOSA-LOGO-1-e1678715539111.png","width":3233,"height":3233,"caption":"Oficina de manuten\u00e7\u00e3o e repara\u00e7\u00e3o de veiculos automoveis em S. Miguel, A\u00e7ores - Auto Barbosa"},"image":{"@id":"https:\/\/autobarbosa.com\/fr\/#\/schema\/logo\/image\/"},"sameAs":["https:\/\/www.facebook.com\/autobarbosaoficina","https:\/\/www.instagram.com\/autobarbosa.oficina\/"]}]}},"_links":{"self":[{"href":"https:\/\/autobarbosa.com\/fr\/wp-json\/wp\/v3\/product\/19173","targetHints":{"allow":["GET"]}}],"collection":[{"href":"https:\/\/autobarbosa.com\/fr\/wp-json\/wp\/v3\/product"}],"about":[{"href":"https:\/\/autobarbosa.com\/fr\/wp-json\/wp\/v2\/types\/product"}],"wp:featuredmedia":[{"embeddable":true,"href":"https:\/\/autobarbosa.com\/fr\/wp-json\/wp\/v2\/media\/19169"}],"wp:attachment":[{"href":"https:\/\/autobarbosa.com\/fr\/wp-json\/wp\/v2\/media?parent=19173"}],"wp:term":[{"taxonomy":"product_cat","embeddable":true,"href":"https:\/\/autobarbosa.com\/fr\/wp-json\/wp\/v2\/product_cat?post=19173"},{"taxonomy":"product_tag","embeddable":true,"href":"https:\/\/autobarbosa.com\/fr\/wp-json\/wp\/v2\/product_tag?post=19173"},{"taxonomy":"marca","embeddable":true,"href":"https:\/\/autobarbosa.com\/fr\/wp-json\/wp\/v2\/marca?post=19173"}],"curies":[{"name":"wp","href":"https:\/\/api.w.org\/{rel}","templated":true}]}}