{"id":19397,"date":"2025-11-26T07:10:27","date_gmt":"2025-11-26T08:10:27","guid":{"rendered":"https:\/\/autobarbosa.com\/produto\/kit-suportes-farois-p-p-choques-em-fibra-p-citroen-saxo-p-farois-200mm\/"},"modified":"2026-04-22T07:09:10","modified_gmt":"2026-04-22T07:09:10","slug":"kit-suportes-farois-p-p-choques-em-fibra-p-citroen-saxo-p-farois-200mm","status":"publish","type":"product","link":"https:\/\/autobarbosa.com\/fr\/produto\/kit-suportes-farois-p-p-choques-em-fibra-p-citroen-saxo-p-farois-200mm\/","title":{"rendered":"KIT SUPORTES FAROIS P\/ P. CHOQUES  EM FIBRA P\/ CITROEN SAXO P\/ FAROIS 200mm"},"content":{"rendered":"<p>Suportes para far\u00f3is de nevoeiro para CITROEN Saxo<\/p>\n<p>Suportes adicionais para far\u00f3is de neblina sem revestimento em poli\u00e9ster.<br \/>\nDi\u00e2metro da fura\u00e7\u00e3o: 200 mm.<br \/>\nVendidos aos pares.<br \/>\nPossibilidade de montagem de 2 far\u00f3is de neblina hal\u00f3genos WESEM de \u00d8183 mm com placa (ref. 622741B).<br \/>\nPossibilidade de montagem de 2 far\u00f3is de neblina xen\u00f4nio WESEM de \u00d8183 mm com placa (ref. 622741BX).<\/p>\n","protected":false},"excerpt":{"rendered":"<p>Suportes para far\u00f3is de nevoeiro para CITROEN Saxo<\/p>\n<p>Suportes adicionais para far\u00f3is de neblina sem revestimento em poli\u00e9ster.<br \/>\nDi\u00e2metro da fura\u00e7\u00e3o: 200 mm.<br \/>\nVendidos aos pares.<br \/>\nPossibilidade de montagem de 2 far\u00f3is de neblina hal\u00f3genos WESEM de \u00d8183 mm com placa (ref. 622741B).<br \/>\nPossibilidade de montagem de 2 far\u00f3is de neblina xen\u00f4nio WESEM de \u00d8183 mm com placa (ref. 622741BX).<\/p>\n","protected":false},"featured_media":19393,"template":"","meta":[],"product_cat":[998,495,496],"product_tag":[],"marca":[121],"class_list":["post-19397","product","type-product","status-publish","has-post-thumbnail","hentry","product_cat-rampas-farois-fibra","product_cat-iluminacao","product_cat-iluminacao-iluminacao","marca-red-spec"],"yoast_head":"<!-- This site is optimized with the Yoast SEO plugin v20.5 - https:\/\/yoast.com\/wordpress\/plugins\/seo\/ -->\n<title>KIT SUPORTES FAROIS P\/ P. CHOQUES EM FIBRA P\/ CITROEN SAXO P\/ FAROIS 200mm - Oficina de manuten\u00e7\u00e3o e repara\u00e7\u00e3o de veiculos automoveis em S. Miguel, A\u00e7ores - Auto Barbosa<\/title>\n<meta name=\"robots\" content=\"index, follow, max-snippet:-1, max-image-preview:large, max-video-preview:-1\" \/>\n<link rel=\"canonical\" href=\"https:\/\/autobarbosa.com\/fr\/produto\/kit-suportes-farois-p-p-choques-em-fibra-p-citroen-saxo-p-farois-200mm\/\" \/>\n<meta property=\"og:locale\" content=\"fr_FR\" \/>\n<meta property=\"og:type\" content=\"article\" \/>\n<meta property=\"og:title\" content=\"KIT SUPORTES FAROIS P\/ P. CHOQUES EM FIBRA P\/ CITROEN SAXO P\/ FAROIS 200mm - Oficina de manuten\u00e7\u00e3o e repara\u00e7\u00e3o de veiculos automoveis em S. Miguel, A\u00e7ores - Auto Barbosa\" \/>\n<meta property=\"og:description\" content=\"Suportes para far\u00f3is de nevoeiro para CITROEN Saxo  Suportes adicionais para far\u00f3is de neblina sem revestimento em poli\u00e9ster. Di\u00e2metro da fura\u00e7\u00e3o: 200 mm. Vendidos aos pares. Possibilidade de montagem de 2 far\u00f3is de neblina hal\u00f3genos WESEM de \u00d8183 mm com placa (ref. 622741B). Possibilidade de montagem de 2 far\u00f3is de neblina xen\u00f4nio WESEM de \u00d8183 mm com placa (ref. 622741BX).\" \/>\n<meta property=\"og:url\" content=\"https:\/\/autobarbosa.com\/fr\/produto\/kit-suportes-farois-p-p-choques-em-fibra-p-citroen-saxo-p-farois-200mm\/\" \/>\n<meta property=\"og:site_name\" content=\"Oficina de manuten\u00e7\u00e3o e repara\u00e7\u00e3o de veiculos automoveis em S. Miguel, A\u00e7ores - Auto Barbosa\" \/>\n<meta property=\"article:publisher\" content=\"https:\/\/www.facebook.com\/autobarbosaoficina\" \/>\n<meta property=\"article:modified_time\" content=\"2026-04-22T07:09:10+00:00\" \/>\n<meta property=\"og:image\" content=\"https:\/\/autobarbosa.com\/wp-content\/uploads\/2025\/11\/626512.png\" \/>\n\t<meta property=\"og:image:width\" content=\"800\" \/>\n\t<meta property=\"og:image:height\" content=\"800\" \/>\n\t<meta property=\"og:image:type\" content=\"image\/png\" \/>\n<meta name=\"twitter:card\" content=\"summary_large_image\" \/>\n<script type=\"application\/ld+json\" class=\"yoast-schema-graph\">{\"@context\":\"https:\/\/schema.org\",\"@graph\":[{\"@type\":\"WebPage\",\"@id\":\"https:\/\/autobarbosa.com\/fr\/produto\/kit-suportes-farois-p-p-choques-em-fibra-p-citroen-saxo-p-farois-200mm\/\",\"url\":\"https:\/\/autobarbosa.com\/fr\/produto\/kit-suportes-farois-p-p-choques-em-fibra-p-citroen-saxo-p-farois-200mm\/\",\"name\":\"KIT SUPORTES FAROIS P\/ P. CHOQUES EM FIBRA P\/ CITROEN SAXO P\/ FAROIS 200mm - Oficina de manuten\u00e7\u00e3o e repara\u00e7\u00e3o de veiculos automoveis em S. Miguel, A\u00e7ores - Auto Barbosa\",\"isPartOf\":{\"@id\":\"https:\/\/autobarbosa.com\/fr\/#website\"},\"datePublished\":\"2025-11-26T08:10:27+00:00\",\"dateModified\":\"2026-04-22T07:09:10+00:00\",\"breadcrumb\":{\"@id\":\"https:\/\/autobarbosa.com\/fr\/produto\/kit-suportes-farois-p-p-choques-em-fibra-p-citroen-saxo-p-farois-200mm\/#breadcrumb\"},\"inLanguage\":\"fr-FR\",\"potentialAction\":[{\"@type\":\"ReadAction\",\"target\":[\"https:\/\/autobarbosa.com\/fr\/produto\/kit-suportes-farois-p-p-choques-em-fibra-p-citroen-saxo-p-farois-200mm\/\"]}]},{\"@type\":\"BreadcrumbList\",\"@id\":\"https:\/\/autobarbosa.com\/fr\/produto\/kit-suportes-farois-p-p-choques-em-fibra-p-citroen-saxo-p-farois-200mm\/#breadcrumb\",\"itemListElement\":[{\"@type\":\"ListItem\",\"position\":1,\"name\":\"In\u00edcio\",\"item\":\"https:\/\/autobarbosa.com\/fr\/\"},{\"@type\":\"ListItem\",\"position\":2,\"name\":\"Loja\",\"item\":\"https:\/\/autobarbosa.com\/\"},{\"@type\":\"ListItem\",\"position\":3,\"name\":\"KIT SUPORTES FAROIS P\/ P. CHOQUES EM FIBRA P\/ CITROEN SAXO P\/ FAROIS 200mm\"}]},{\"@type\":\"WebSite\",\"@id\":\"https:\/\/autobarbosa.com\/fr\/#website\",\"url\":\"https:\/\/autobarbosa.com\/fr\/\",\"name\":\"Oficina de manuten\u00e7\u00e3o e repara\u00e7\u00e3o de veiculos automoveis em S. Miguel, A\u00e7ores - Auto Barbosa\",\"description\":\"Auto Barbosa\",\"publisher\":{\"@id\":\"https:\/\/autobarbosa.com\/fr\/#organization\"},\"potentialAction\":[{\"@type\":\"SearchAction\",\"target\":{\"@type\":\"EntryPoint\",\"urlTemplate\":\"https:\/\/autobarbosa.com\/fr\/?s={search_term_string}\"},\"query-input\":\"required name=search_term_string\"}],\"inLanguage\":\"fr-FR\"},{\"@type\":\"Organization\",\"@id\":\"https:\/\/autobarbosa.com\/fr\/#organization\",\"name\":\"Oficina de manuten\u00e7\u00e3o e repara\u00e7\u00e3o de veiculos automoveis em S. Miguel, A\u00e7ores - Auto Barbosa\",\"url\":\"https:\/\/autobarbosa.com\/fr\/\",\"logo\":{\"@type\":\"ImageObject\",\"inLanguage\":\"fr-FR\",\"@id\":\"https:\/\/autobarbosa.com\/fr\/#\/schema\/logo\/image\/\",\"url\":\"https:\/\/autobarbosa.com\/wp-content\/uploads\/2023\/03\/AUTO-BARBOSA-LOGO-1-e1678715539111.png\",\"contentUrl\":\"https:\/\/autobarbosa.com\/wp-content\/uploads\/2023\/03\/AUTO-BARBOSA-LOGO-1-e1678715539111.png\",\"width\":3233,\"height\":3233,\"caption\":\"Oficina de manuten\u00e7\u00e3o e repara\u00e7\u00e3o de veiculos automoveis em S. Miguel, A\u00e7ores - Auto Barbosa\"},\"image\":{\"@id\":\"https:\/\/autobarbosa.com\/fr\/#\/schema\/logo\/image\/\"},\"sameAs\":[\"https:\/\/www.facebook.com\/autobarbosaoficina\",\"https:\/\/www.instagram.com\/autobarbosa.oficina\/\"]}]}<\/script>\n<!-- \/ Yoast SEO plugin. -->","yoast_head_json":{"title":"KIT SUPORTES FAROIS P\/ P. CHOQUES EM FIBRA P\/ CITROEN SAXO P\/ FAROIS 200mm - Oficina de manuten\u00e7\u00e3o e repara\u00e7\u00e3o de veiculos automoveis em S. Miguel, A\u00e7ores - Auto Barbosa","robots":{"index":"index","follow":"follow","max-snippet":"max-snippet:-1","max-image-preview":"max-image-preview:large","max-video-preview":"max-video-preview:-1"},"canonical":"https:\/\/autobarbosa.com\/fr\/produto\/kit-suportes-farois-p-p-choques-em-fibra-p-citroen-saxo-p-farois-200mm\/","og_locale":"fr_FR","og_type":"article","og_title":"KIT SUPORTES FAROIS P\/ P. CHOQUES EM FIBRA P\/ CITROEN SAXO P\/ FAROIS 200mm - Oficina de manuten\u00e7\u00e3o e repara\u00e7\u00e3o de veiculos automoveis em S. Miguel, A\u00e7ores - Auto Barbosa","og_description":"Suportes para far\u00f3is de nevoeiro para CITROEN Saxo  Suportes adicionais para far\u00f3is de neblina sem revestimento em poli\u00e9ster. Di\u00e2metro da fura\u00e7\u00e3o: 200 mm. Vendidos aos pares. Possibilidade de montagem de 2 far\u00f3is de neblina hal\u00f3genos WESEM de \u00d8183 mm com placa (ref. 622741B). Possibilidade de montagem de 2 far\u00f3is de neblina xen\u00f4nio WESEM de \u00d8183 mm com placa (ref. 622741BX).","og_url":"https:\/\/autobarbosa.com\/fr\/produto\/kit-suportes-farois-p-p-choques-em-fibra-p-citroen-saxo-p-farois-200mm\/","og_site_name":"Oficina de manuten\u00e7\u00e3o e repara\u00e7\u00e3o de veiculos automoveis em S. Miguel, A\u00e7ores - Auto Barbosa","article_publisher":"https:\/\/www.facebook.com\/autobarbosaoficina","article_modified_time":"2026-04-22T07:09:10+00:00","og_image":[{"width":800,"height":800,"url":"https:\/\/autobarbosa.com\/wp-content\/uploads\/2025\/11\/626512.png","type":"image\/png"}],"twitter_card":"summary_large_image","schema":{"@context":"https:\/\/schema.org","@graph":[{"@type":"WebPage","@id":"https:\/\/autobarbosa.com\/fr\/produto\/kit-suportes-farois-p-p-choques-em-fibra-p-citroen-saxo-p-farois-200mm\/","url":"https:\/\/autobarbosa.com\/fr\/produto\/kit-suportes-farois-p-p-choques-em-fibra-p-citroen-saxo-p-farois-200mm\/","name":"KIT SUPORTES FAROIS P\/ P. CHOQUES EM FIBRA P\/ CITROEN SAXO P\/ FAROIS 200mm - Oficina de manuten\u00e7\u00e3o e repara\u00e7\u00e3o de veiculos automoveis em S. Miguel, A\u00e7ores - Auto Barbosa","isPartOf":{"@id":"https:\/\/autobarbosa.com\/fr\/#website"},"datePublished":"2025-11-26T08:10:27+00:00","dateModified":"2026-04-22T07:09:10+00:00","breadcrumb":{"@id":"https:\/\/autobarbosa.com\/fr\/produto\/kit-suportes-farois-p-p-choques-em-fibra-p-citroen-saxo-p-farois-200mm\/#breadcrumb"},"inLanguage":"fr-FR","potentialAction":[{"@type":"ReadAction","target":["https:\/\/autobarbosa.com\/fr\/produto\/kit-suportes-farois-p-p-choques-em-fibra-p-citroen-saxo-p-farois-200mm\/"]}]},{"@type":"BreadcrumbList","@id":"https:\/\/autobarbosa.com\/fr\/produto\/kit-suportes-farois-p-p-choques-em-fibra-p-citroen-saxo-p-farois-200mm\/#breadcrumb","itemListElement":[{"@type":"ListItem","position":1,"name":"In\u00edcio","item":"https:\/\/autobarbosa.com\/fr\/"},{"@type":"ListItem","position":2,"name":"Loja","item":"https:\/\/autobarbosa.com\/"},{"@type":"ListItem","position":3,"name":"KIT SUPORTES FAROIS P\/ P. CHOQUES EM FIBRA P\/ CITROEN SAXO P\/ FAROIS 200mm"}]},{"@type":"WebSite","@id":"https:\/\/autobarbosa.com\/fr\/#website","url":"https:\/\/autobarbosa.com\/fr\/","name":"Oficina de manuten\u00e7\u00e3o e repara\u00e7\u00e3o de veiculos automoveis em S. Miguel, A\u00e7ores - Auto Barbosa","description":"Auto Barbosa","publisher":{"@id":"https:\/\/autobarbosa.com\/fr\/#organization"},"potentialAction":[{"@type":"SearchAction","target":{"@type":"EntryPoint","urlTemplate":"https:\/\/autobarbosa.com\/fr\/?s={search_term_string}"},"query-input":"required name=search_term_string"}],"inLanguage":"fr-FR"},{"@type":"Organization","@id":"https:\/\/autobarbosa.com\/fr\/#organization","name":"Oficina de manuten\u00e7\u00e3o e repara\u00e7\u00e3o de veiculos automoveis em S. Miguel, A\u00e7ores - Auto Barbosa","url":"https:\/\/autobarbosa.com\/fr\/","logo":{"@type":"ImageObject","inLanguage":"fr-FR","@id":"https:\/\/autobarbosa.com\/fr\/#\/schema\/logo\/image\/","url":"https:\/\/autobarbosa.com\/wp-content\/uploads\/2023\/03\/AUTO-BARBOSA-LOGO-1-e1678715539111.png","contentUrl":"https:\/\/autobarbosa.com\/wp-content\/uploads\/2023\/03\/AUTO-BARBOSA-LOGO-1-e1678715539111.png","width":3233,"height":3233,"caption":"Oficina de manuten\u00e7\u00e3o e repara\u00e7\u00e3o de veiculos automoveis em S. Miguel, A\u00e7ores - Auto Barbosa"},"image":{"@id":"https:\/\/autobarbosa.com\/fr\/#\/schema\/logo\/image\/"},"sameAs":["https:\/\/www.facebook.com\/autobarbosaoficina","https:\/\/www.instagram.com\/autobarbosa.oficina\/"]}]}},"_links":{"self":[{"href":"https:\/\/autobarbosa.com\/fr\/wp-json\/wp\/v3\/product\/19397","targetHints":{"allow":["GET"]}}],"collection":[{"href":"https:\/\/autobarbosa.com\/fr\/wp-json\/wp\/v3\/product"}],"about":[{"href":"https:\/\/autobarbosa.com\/fr\/wp-json\/wp\/v2\/types\/product"}],"wp:featuredmedia":[{"embeddable":true,"href":"https:\/\/autobarbosa.com\/fr\/wp-json\/wp\/v2\/media\/19393"}],"wp:attachment":[{"href":"https:\/\/autobarbosa.com\/fr\/wp-json\/wp\/v2\/media?parent=19397"}],"wp:term":[{"taxonomy":"product_cat","embeddable":true,"href":"https:\/\/autobarbosa.com\/fr\/wp-json\/wp\/v2\/product_cat?post=19397"},{"taxonomy":"product_tag","embeddable":true,"href":"https:\/\/autobarbosa.com\/fr\/wp-json\/wp\/v2\/product_tag?post=19397"},{"taxonomy":"marca","embeddable":true,"href":"https:\/\/autobarbosa.com\/fr\/wp-json\/wp\/v2\/marca?post=19397"}],"curies":[{"name":"wp","href":"https:\/\/api.w.org\/{rel}","templated":true}]}}