{"id":19413,"date":"2025-11-27T19:08:22","date_gmt":"2025-11-27T20:08:22","guid":{"rendered":"https:\/\/autobarbosa.com\/produto\/baquet-omp-first-r-fia-8855-1999-preto\/"},"modified":"2026-04-21T07:12:09","modified_gmt":"2026-04-21T07:12:09","slug":"baquet-omp-first-r-fia-8855-1999-preto","status":"publish","type":"product","link":"https:\/\/autobarbosa.com\/fr\/produto\/baquet-omp-first-r-fia-8855-1999-preto\/","title":{"rendered":"BAQUET OMP FIRST-R  FIA 8855-1999 &#8211; PRETO"},"content":{"rendered":"<p>BAQUET OMP First-R preto com homologa\u00e7\u00e3o FIA.<\/p>\n<p>BAQUET OMP possui uma estrutura leve e resistente em fibra de vidro.<br \/>\nUma op\u00e7\u00e3o de entrada com excelente custo-benef\u00edcio.<\/p>\n<p>Especifica\u00e7\u00f5es:<br \/>\n&#8211; Homologa\u00e7\u00e3o FIA 8855-1999.<br \/>\n&#8211; Constru\u00e7\u00e3o em fibra de vidro.<br \/>\n&#8211; Pontos de fixa\u00e7\u00e3o laterais com espa\u00e7amento de 289 mm.<br \/>\n&#8211; 5 furos para cintos de seguran\u00e7a<br \/>\n. &#8211; Sem abas laterais.<br \/>\n&#8211; Revestimento: Veludo.<br \/>\n&#8211; Tamanho \u00fanico.<\/p>\n<p>Dimens\u00f5es:<br \/>\n&#8211; Largura total: 620 mm. &#8211;<br \/>\nAltura total: 890 mm. &#8211;<br \/>\nLargura externa do assento: 510 mm.<br \/>\n&#8211; Largura interna do assento: 390 mm.<br \/>\n&#8211; Espa\u00e7amento dos pontos de fixa\u00e7\u00e3o laterais: 410 mm.<br \/>\n&#8211; Peso total: 9,4 kg.<\/p>\n","protected":false},"excerpt":{"rendered":"<p>BAQUET OMP First-R preto com homologa\u00e7\u00e3o FIA.<\/p>\n<p>BAQUET OMP possui uma estrutura leve e resistente em fibra de vidro.<br \/>\nUma op\u00e7\u00e3o de entrada com excelente custo-benef\u00edcio.<\/p>\n<p>Especifica\u00e7\u00f5es:<br \/>\n&#8211; Homologa\u00e7\u00e3o FIA 8855-1999.<br \/>\n&#8211; Constru\u00e7\u00e3o em fibra de vidro.<br \/>\n&#8211; Pontos de fixa\u00e7\u00e3o laterais com espa\u00e7amento de 289 mm.<br \/>\n&#8211; 5 furos para cintos de seguran\u00e7a<br \/>\n. &#8211; Sem abas laterais.<br \/>\n&#8211; Revestimento: Veludo.<br \/>\n&#8211; Tamanho \u00fanico.<\/p>\n<p>Dimens\u00f5es:<br \/>\n&#8211; Largura total: 620 mm. &#8211;<br \/>\nAltura total: 890 mm. &#8211;<br \/>\nLargura externa do assento: 510 mm.<br \/>\n&#8211; Largura interna do assento: 390 mm.<br \/>\n&#8211; Espa\u00e7amento dos pontos de fixa\u00e7\u00e3o laterais: 410 mm.<br \/>\n&#8211; Peso total: 9,4 kg.<\/p>\n","protected":false},"featured_media":19409,"template":"","meta":[],"product_cat":[479,489,557,563],"product_tag":[],"marca":[171],"class_list":["post-19413","product","type-product","status-publish","has-post-thumbnail","hentry","product_cat-viatura","product_cat-habitaculo","product_cat-baquets","product_cat-baquets-suportes","marca-omp"],"yoast_head":"<!-- This site is optimized with the Yoast SEO plugin v20.5 - https:\/\/yoast.com\/wordpress\/plugins\/seo\/ -->\n<title>BAQUET OMP FIRST-R FIA 8855-1999 - PRETO - Oficina de manuten\u00e7\u00e3o e repara\u00e7\u00e3o de veiculos automoveis em S. Miguel, A\u00e7ores - Auto Barbosa<\/title>\n<meta name=\"robots\" content=\"index, follow, max-snippet:-1, max-image-preview:large, max-video-preview:-1\" \/>\n<link rel=\"canonical\" href=\"https:\/\/autobarbosa.com\/fr\/produto\/baquet-omp-first-r-fia-8855-1999-preto\/\" \/>\n<meta property=\"og:locale\" content=\"fr_FR\" \/>\n<meta property=\"og:type\" content=\"article\" \/>\n<meta property=\"og:title\" content=\"BAQUET OMP FIRST-R FIA 8855-1999 - PRETO - Oficina de manuten\u00e7\u00e3o e repara\u00e7\u00e3o de veiculos automoveis em S. Miguel, A\u00e7ores - Auto Barbosa\" \/>\n<meta property=\"og:description\" content=\"BAQUET OMP First-R preto com homologa\u00e7\u00e3o FIA.  BAQUET OMP possui uma estrutura leve e resistente em fibra de vidro. Uma op\u00e7\u00e3o de entrada com excelente custo-benef\u00edcio.  Especifica\u00e7\u00f5es: - Homologa\u00e7\u00e3o FIA 8855-1999. - Constru\u00e7\u00e3o em fibra de vidro. - Pontos de fixa\u00e7\u00e3o laterais com espa\u00e7amento de 289 mm. - 5 furos para cintos de seguran\u00e7a . - Sem abas laterais. - Revestimento: Veludo. - Tamanho \u00fanico.  Dimens\u00f5es: - Largura total: 620 mm. - Altura total: 890 mm. - Largura externa do assento: 510 mm. - Largura interna do assento: 390 mm. - Espa\u00e7amento dos pontos de fixa\u00e7\u00e3o laterais: 410 mm. - Peso total: 9,4 kg.\" \/>\n<meta property=\"og:url\" content=\"https:\/\/autobarbosa.com\/fr\/produto\/baquet-omp-first-r-fia-8855-1999-preto\/\" \/>\n<meta property=\"og:site_name\" content=\"Oficina de manuten\u00e7\u00e3o e repara\u00e7\u00e3o de veiculos automoveis em S. Miguel, A\u00e7ores - Auto Barbosa\" \/>\n<meta property=\"article:publisher\" content=\"https:\/\/www.facebook.com\/autobarbosaoficina\" \/>\n<meta property=\"article:modified_time\" content=\"2026-04-21T07:12:09+00:00\" \/>\n<meta property=\"og:image\" content=\"https:\/\/autobarbosa.com\/wp-content\/uploads\/2025\/11\/8ompha790n.png\" \/>\n\t<meta property=\"og:image:width\" content=\"800\" \/>\n\t<meta property=\"og:image:height\" content=\"800\" \/>\n\t<meta property=\"og:image:type\" content=\"image\/png\" \/>\n<meta name=\"twitter:card\" content=\"summary_large_image\" \/>\n<meta name=\"twitter:label1\" content=\"Dur\u00e9e de lecture estim\u00e9e\" \/>\n\t<meta name=\"twitter:data1\" content=\"1 minute\" \/>\n<script type=\"application\/ld+json\" class=\"yoast-schema-graph\">{\"@context\":\"https:\/\/schema.org\",\"@graph\":[{\"@type\":\"WebPage\",\"@id\":\"https:\/\/autobarbosa.com\/fr\/produto\/baquet-omp-first-r-fia-8855-1999-preto\/\",\"url\":\"https:\/\/autobarbosa.com\/fr\/produto\/baquet-omp-first-r-fia-8855-1999-preto\/\",\"name\":\"BAQUET OMP FIRST-R FIA 8855-1999 - PRETO - Oficina de manuten\u00e7\u00e3o e repara\u00e7\u00e3o de veiculos automoveis em S. Miguel, A\u00e7ores - Auto Barbosa\",\"isPartOf\":{\"@id\":\"https:\/\/autobarbosa.com\/fr\/#website\"},\"datePublished\":\"2025-11-27T20:08:22+00:00\",\"dateModified\":\"2026-04-21T07:12:09+00:00\",\"breadcrumb\":{\"@id\":\"https:\/\/autobarbosa.com\/fr\/produto\/baquet-omp-first-r-fia-8855-1999-preto\/#breadcrumb\"},\"inLanguage\":\"fr-FR\",\"potentialAction\":[{\"@type\":\"ReadAction\",\"target\":[\"https:\/\/autobarbosa.com\/fr\/produto\/baquet-omp-first-r-fia-8855-1999-preto\/\"]}]},{\"@type\":\"BreadcrumbList\",\"@id\":\"https:\/\/autobarbosa.com\/fr\/produto\/baquet-omp-first-r-fia-8855-1999-preto\/#breadcrumb\",\"itemListElement\":[{\"@type\":\"ListItem\",\"position\":1,\"name\":\"In\u00edcio\",\"item\":\"https:\/\/autobarbosa.com\/fr\/\"},{\"@type\":\"ListItem\",\"position\":2,\"name\":\"Loja\",\"item\":\"https:\/\/autobarbosa.com\/\"},{\"@type\":\"ListItem\",\"position\":3,\"name\":\"BAQUET OMP FIRST-R FIA 8855-1999 &#8211; PRETO\"}]},{\"@type\":\"WebSite\",\"@id\":\"https:\/\/autobarbosa.com\/fr\/#website\",\"url\":\"https:\/\/autobarbosa.com\/fr\/\",\"name\":\"Oficina de manuten\u00e7\u00e3o e repara\u00e7\u00e3o de veiculos automoveis em S. Miguel, A\u00e7ores - Auto Barbosa\",\"description\":\"Auto Barbosa\",\"publisher\":{\"@id\":\"https:\/\/autobarbosa.com\/fr\/#organization\"},\"potentialAction\":[{\"@type\":\"SearchAction\",\"target\":{\"@type\":\"EntryPoint\",\"urlTemplate\":\"https:\/\/autobarbosa.com\/fr\/?s={search_term_string}\"},\"query-input\":\"required name=search_term_string\"}],\"inLanguage\":\"fr-FR\"},{\"@type\":\"Organization\",\"@id\":\"https:\/\/autobarbosa.com\/fr\/#organization\",\"name\":\"Oficina de manuten\u00e7\u00e3o e repara\u00e7\u00e3o de veiculos automoveis em S. Miguel, A\u00e7ores - Auto Barbosa\",\"url\":\"https:\/\/autobarbosa.com\/fr\/\",\"logo\":{\"@type\":\"ImageObject\",\"inLanguage\":\"fr-FR\",\"@id\":\"https:\/\/autobarbosa.com\/fr\/#\/schema\/logo\/image\/\",\"url\":\"https:\/\/autobarbosa.com\/wp-content\/uploads\/2023\/03\/AUTO-BARBOSA-LOGO-1-e1678715539111.png\",\"contentUrl\":\"https:\/\/autobarbosa.com\/wp-content\/uploads\/2023\/03\/AUTO-BARBOSA-LOGO-1-e1678715539111.png\",\"width\":3233,\"height\":3233,\"caption\":\"Oficina de manuten\u00e7\u00e3o e repara\u00e7\u00e3o de veiculos automoveis em S. Miguel, A\u00e7ores - Auto Barbosa\"},\"image\":{\"@id\":\"https:\/\/autobarbosa.com\/fr\/#\/schema\/logo\/image\/\"},\"sameAs\":[\"https:\/\/www.facebook.com\/autobarbosaoficina\",\"https:\/\/www.instagram.com\/autobarbosa.oficina\/\"]}]}<\/script>\n<!-- \/ Yoast SEO plugin. -->","yoast_head_json":{"title":"BAQUET OMP FIRST-R FIA 8855-1999 - PRETO - Oficina de manuten\u00e7\u00e3o e repara\u00e7\u00e3o de veiculos automoveis em S. Miguel, A\u00e7ores - Auto Barbosa","robots":{"index":"index","follow":"follow","max-snippet":"max-snippet:-1","max-image-preview":"max-image-preview:large","max-video-preview":"max-video-preview:-1"},"canonical":"https:\/\/autobarbosa.com\/fr\/produto\/baquet-omp-first-r-fia-8855-1999-preto\/","og_locale":"fr_FR","og_type":"article","og_title":"BAQUET OMP FIRST-R FIA 8855-1999 - PRETO - Oficina de manuten\u00e7\u00e3o e repara\u00e7\u00e3o de veiculos automoveis em S. Miguel, A\u00e7ores - Auto Barbosa","og_description":"BAQUET OMP First-R preto com homologa\u00e7\u00e3o FIA.  BAQUET OMP possui uma estrutura leve e resistente em fibra de vidro. Uma op\u00e7\u00e3o de entrada com excelente custo-benef\u00edcio.  Especifica\u00e7\u00f5es: - Homologa\u00e7\u00e3o FIA 8855-1999. - Constru\u00e7\u00e3o em fibra de vidro. - Pontos de fixa\u00e7\u00e3o laterais com espa\u00e7amento de 289 mm. - 5 furos para cintos de seguran\u00e7a . - Sem abas laterais. - Revestimento: Veludo. - Tamanho \u00fanico.  Dimens\u00f5es: - Largura total: 620 mm. - Altura total: 890 mm. - Largura externa do assento: 510 mm. - Largura interna do assento: 390 mm. - Espa\u00e7amento dos pontos de fixa\u00e7\u00e3o laterais: 410 mm. - Peso total: 9,4 kg.","og_url":"https:\/\/autobarbosa.com\/fr\/produto\/baquet-omp-first-r-fia-8855-1999-preto\/","og_site_name":"Oficina de manuten\u00e7\u00e3o e repara\u00e7\u00e3o de veiculos automoveis em S. Miguel, A\u00e7ores - Auto Barbosa","article_publisher":"https:\/\/www.facebook.com\/autobarbosaoficina","article_modified_time":"2026-04-21T07:12:09+00:00","og_image":[{"width":800,"height":800,"url":"https:\/\/autobarbosa.com\/wp-content\/uploads\/2025\/11\/8ompha790n.png","type":"image\/png"}],"twitter_card":"summary_large_image","twitter_misc":{"Dur\u00e9e de lecture estim\u00e9e":"1 minute"},"schema":{"@context":"https:\/\/schema.org","@graph":[{"@type":"WebPage","@id":"https:\/\/autobarbosa.com\/fr\/produto\/baquet-omp-first-r-fia-8855-1999-preto\/","url":"https:\/\/autobarbosa.com\/fr\/produto\/baquet-omp-first-r-fia-8855-1999-preto\/","name":"BAQUET OMP FIRST-R FIA 8855-1999 - PRETO - Oficina de manuten\u00e7\u00e3o e repara\u00e7\u00e3o de veiculos automoveis em S. Miguel, A\u00e7ores - Auto Barbosa","isPartOf":{"@id":"https:\/\/autobarbosa.com\/fr\/#website"},"datePublished":"2025-11-27T20:08:22+00:00","dateModified":"2026-04-21T07:12:09+00:00","breadcrumb":{"@id":"https:\/\/autobarbosa.com\/fr\/produto\/baquet-omp-first-r-fia-8855-1999-preto\/#breadcrumb"},"inLanguage":"fr-FR","potentialAction":[{"@type":"ReadAction","target":["https:\/\/autobarbosa.com\/fr\/produto\/baquet-omp-first-r-fia-8855-1999-preto\/"]}]},{"@type":"BreadcrumbList","@id":"https:\/\/autobarbosa.com\/fr\/produto\/baquet-omp-first-r-fia-8855-1999-preto\/#breadcrumb","itemListElement":[{"@type":"ListItem","position":1,"name":"In\u00edcio","item":"https:\/\/autobarbosa.com\/fr\/"},{"@type":"ListItem","position":2,"name":"Loja","item":"https:\/\/autobarbosa.com\/"},{"@type":"ListItem","position":3,"name":"BAQUET OMP FIRST-R FIA 8855-1999 &#8211; PRETO"}]},{"@type":"WebSite","@id":"https:\/\/autobarbosa.com\/fr\/#website","url":"https:\/\/autobarbosa.com\/fr\/","name":"Oficina de manuten\u00e7\u00e3o e repara\u00e7\u00e3o de veiculos automoveis em S. Miguel, A\u00e7ores - Auto Barbosa","description":"Auto Barbosa","publisher":{"@id":"https:\/\/autobarbosa.com\/fr\/#organization"},"potentialAction":[{"@type":"SearchAction","target":{"@type":"EntryPoint","urlTemplate":"https:\/\/autobarbosa.com\/fr\/?s={search_term_string}"},"query-input":"required name=search_term_string"}],"inLanguage":"fr-FR"},{"@type":"Organization","@id":"https:\/\/autobarbosa.com\/fr\/#organization","name":"Oficina de manuten\u00e7\u00e3o e repara\u00e7\u00e3o de veiculos automoveis em S. Miguel, A\u00e7ores - Auto Barbosa","url":"https:\/\/autobarbosa.com\/fr\/","logo":{"@type":"ImageObject","inLanguage":"fr-FR","@id":"https:\/\/autobarbosa.com\/fr\/#\/schema\/logo\/image\/","url":"https:\/\/autobarbosa.com\/wp-content\/uploads\/2023\/03\/AUTO-BARBOSA-LOGO-1-e1678715539111.png","contentUrl":"https:\/\/autobarbosa.com\/wp-content\/uploads\/2023\/03\/AUTO-BARBOSA-LOGO-1-e1678715539111.png","width":3233,"height":3233,"caption":"Oficina de manuten\u00e7\u00e3o e repara\u00e7\u00e3o de veiculos automoveis em S. Miguel, A\u00e7ores - Auto Barbosa"},"image":{"@id":"https:\/\/autobarbosa.com\/fr\/#\/schema\/logo\/image\/"},"sameAs":["https:\/\/www.facebook.com\/autobarbosaoficina","https:\/\/www.instagram.com\/autobarbosa.oficina\/"]}]}},"_links":{"self":[{"href":"https:\/\/autobarbosa.com\/fr\/wp-json\/wp\/v3\/product\/19413","targetHints":{"allow":["GET"]}}],"collection":[{"href":"https:\/\/autobarbosa.com\/fr\/wp-json\/wp\/v3\/product"}],"about":[{"href":"https:\/\/autobarbosa.com\/fr\/wp-json\/wp\/v2\/types\/product"}],"wp:featuredmedia":[{"embeddable":true,"href":"https:\/\/autobarbosa.com\/fr\/wp-json\/wp\/v2\/media\/19409"}],"wp:attachment":[{"href":"https:\/\/autobarbosa.com\/fr\/wp-json\/wp\/v2\/media?parent=19413"}],"wp:term":[{"taxonomy":"product_cat","embeddable":true,"href":"https:\/\/autobarbosa.com\/fr\/wp-json\/wp\/v2\/product_cat?post=19413"},{"taxonomy":"product_tag","embeddable":true,"href":"https:\/\/autobarbosa.com\/fr\/wp-json\/wp\/v2\/product_tag?post=19413"},{"taxonomy":"marca","embeddable":true,"href":"https:\/\/autobarbosa.com\/fr\/wp-json\/wp\/v2\/marca?post=19413"}],"curies":[{"name":"wp","href":"https:\/\/api.w.org\/{rel}","templated":true}]}}