{"id":19863,"date":"2025-12-16T07:07:39","date_gmt":"2025-12-16T08:07:39","guid":{"rendered":"https:\/\/autobarbosa.com\/produto\/bomba-de-gasolina-alta-presao-282l-h-sytec\/"},"modified":"2025-12-16T07:07:39","modified_gmt":"2025-12-16T08:07:39","slug":"bomba-de-gasolina-alta-presao-282l-h-sytec","status":"publish","type":"product","link":"https:\/\/autobarbosa.com\/fr\/produto\/bomba-de-gasolina-alta-presao-282l-h-sytec\/","title":{"rendered":"BOMBA DE GASOLINA ALTA PRESAO 282L\/H &#8211; SYTEC"},"content":{"rendered":"<p>Bomba de combust\u00edvel de alta press\u00e3o Sytec 282 L\/h<\/p>\n<p>Permite uma alternativa \u00e0s bombas Bosch 058025979 em termos de desempenho.<\/p>\n<p>Especifica\u00e7\u00f5es t\u00e9cnicas:<\/p>\n<p>Combust\u00edvel: Somente gasolina E5\/E10<br \/>\nConex\u00f5es de sa\u00edda: 12&#215;1,5 F\u00eamea<br \/>\nVaz\u00e3o m\u00e1xima: 282 L\/h<br \/>\nVaz\u00e3o 3 Bar (44psi): 228 L\/h<br \/>\nVaz\u00e3o 5 Bar (73psi): 204 L\/h<br \/>\nPress\u00e3o m\u00e1xima : 10,6 Bar<\/p>\n","protected":false},"excerpt":{"rendered":"<p>Bomba de combust\u00edvel de alta press\u00e3o Sytec 282 L\/h<\/p>\n<p>Permite uma alternativa \u00e0s bombas Bosch 058025979 em termos de desempenho.<\/p>\n<p>Especifica\u00e7\u00f5es t\u00e9cnicas:<\/p>\n<p>Combust\u00edvel: Somente gasolina E5\/E10<br \/>\nConex\u00f5es de sa\u00edda: 12&#215;1,5 F\u00eamea<br \/>\nVaz\u00e3o m\u00e1xima: 282 L\/h<br \/>\nVaz\u00e3o 3 Bar (44psi): 228 L\/h<br \/>\nVaz\u00e3o 5 Bar (73psi): 204 L\/h<br \/>\nPress\u00e3o m\u00e1xima : 10,6 Bar<\/p>\n","protected":false},"featured_media":0,"template":"","meta":[],"product_cat":[543],"product_tag":[],"marca":[157],"class_list":["post-19863","product","type-product","status-publish","hentry","product_cat-bombas-gasolina-acessorios","marca-sytec"],"yoast_head":"<!-- This site is optimized with the Yoast SEO plugin v20.5 - https:\/\/yoast.com\/wordpress\/plugins\/seo\/ -->\n<title>BOMBA DE GASOLINA ALTA PRESAO 282L\/H - SYTEC - Oficina de manuten\u00e7\u00e3o e repara\u00e7\u00e3o de veiculos automoveis em S. Miguel, A\u00e7ores - Auto Barbosa<\/title>\n<meta name=\"robots\" content=\"index, follow, max-snippet:-1, max-image-preview:large, max-video-preview:-1\" \/>\n<link rel=\"canonical\" href=\"https:\/\/autobarbosa.com\/fr\/produto\/bomba-de-gasolina-alta-presao-282l-h-sytec\/\" \/>\n<meta property=\"og:locale\" content=\"fr_FR\" \/>\n<meta property=\"og:type\" content=\"article\" \/>\n<meta property=\"og:title\" content=\"BOMBA DE GASOLINA ALTA PRESAO 282L\/H - SYTEC - Oficina de manuten\u00e7\u00e3o e repara\u00e7\u00e3o de veiculos automoveis em S. Miguel, A\u00e7ores - Auto Barbosa\" \/>\n<meta property=\"og:description\" content=\"Bomba de combust\u00edvel de alta press\u00e3o Sytec 282 L\/h  Permite uma alternativa \u00e0s bombas Bosch 058025979 em termos de desempenho.  Especifica\u00e7\u00f5es t\u00e9cnicas:  Combust\u00edvel: Somente gasolina E5\/E10 Conex\u00f5es de sa\u00edda: 12x1,5 F\u00eamea Vaz\u00e3o m\u00e1xima: 282 L\/h Vaz\u00e3o 3 Bar (44psi): 228 L\/h Vaz\u00e3o 5 Bar (73psi): 204 L\/h Press\u00e3o m\u00e1xima : 10,6 Bar\" \/>\n<meta property=\"og:url\" content=\"https:\/\/autobarbosa.com\/fr\/produto\/bomba-de-gasolina-alta-presao-282l-h-sytec\/\" \/>\n<meta property=\"og:site_name\" content=\"Oficina de manuten\u00e7\u00e3o e repara\u00e7\u00e3o de veiculos automoveis em S. Miguel, A\u00e7ores - Auto Barbosa\" \/>\n<meta property=\"article:publisher\" content=\"https:\/\/www.facebook.com\/autobarbosaoficina\" \/>\n<meta name=\"twitter:card\" content=\"summary_large_image\" \/>\n<script type=\"application\/ld+json\" class=\"yoast-schema-graph\">{\"@context\":\"https:\/\/schema.org\",\"@graph\":[{\"@type\":\"WebPage\",\"@id\":\"https:\/\/autobarbosa.com\/fr\/produto\/bomba-de-gasolina-alta-presao-282l-h-sytec\/\",\"url\":\"https:\/\/autobarbosa.com\/fr\/produto\/bomba-de-gasolina-alta-presao-282l-h-sytec\/\",\"name\":\"BOMBA DE GASOLINA ALTA PRESAO 282L\/H - SYTEC - Oficina de manuten\u00e7\u00e3o e repara\u00e7\u00e3o de veiculos automoveis em S. Miguel, A\u00e7ores - Auto Barbosa\",\"isPartOf\":{\"@id\":\"https:\/\/autobarbosa.com\/fr\/#website\"},\"datePublished\":\"2025-12-16T08:07:39+00:00\",\"dateModified\":\"2025-12-16T08:07:39+00:00\",\"breadcrumb\":{\"@id\":\"https:\/\/autobarbosa.com\/fr\/produto\/bomba-de-gasolina-alta-presao-282l-h-sytec\/#breadcrumb\"},\"inLanguage\":\"fr-FR\",\"potentialAction\":[{\"@type\":\"ReadAction\",\"target\":[\"https:\/\/autobarbosa.com\/fr\/produto\/bomba-de-gasolina-alta-presao-282l-h-sytec\/\"]}]},{\"@type\":\"BreadcrumbList\",\"@id\":\"https:\/\/autobarbosa.com\/fr\/produto\/bomba-de-gasolina-alta-presao-282l-h-sytec\/#breadcrumb\",\"itemListElement\":[{\"@type\":\"ListItem\",\"position\":1,\"name\":\"In\u00edcio\",\"item\":\"https:\/\/autobarbosa.com\/fr\/\"},{\"@type\":\"ListItem\",\"position\":2,\"name\":\"Loja\",\"item\":\"https:\/\/autobarbosa.com\/\"},{\"@type\":\"ListItem\",\"position\":3,\"name\":\"BOMBA DE GASOLINA ALTA PRESAO 282L\/H &#8211; SYTEC\"}]},{\"@type\":\"WebSite\",\"@id\":\"https:\/\/autobarbosa.com\/fr\/#website\",\"url\":\"https:\/\/autobarbosa.com\/fr\/\",\"name\":\"Oficina de manuten\u00e7\u00e3o e repara\u00e7\u00e3o de veiculos automoveis em S. Miguel, A\u00e7ores - Auto Barbosa\",\"description\":\"Auto Barbosa\",\"publisher\":{\"@id\":\"https:\/\/autobarbosa.com\/fr\/#organization\"},\"potentialAction\":[{\"@type\":\"SearchAction\",\"target\":{\"@type\":\"EntryPoint\",\"urlTemplate\":\"https:\/\/autobarbosa.com\/fr\/?s={search_term_string}\"},\"query-input\":\"required name=search_term_string\"}],\"inLanguage\":\"fr-FR\"},{\"@type\":\"Organization\",\"@id\":\"https:\/\/autobarbosa.com\/fr\/#organization\",\"name\":\"Oficina de manuten\u00e7\u00e3o e repara\u00e7\u00e3o de veiculos automoveis em S. Miguel, A\u00e7ores - Auto Barbosa\",\"url\":\"https:\/\/autobarbosa.com\/fr\/\",\"logo\":{\"@type\":\"ImageObject\",\"inLanguage\":\"fr-FR\",\"@id\":\"https:\/\/autobarbosa.com\/fr\/#\/schema\/logo\/image\/\",\"url\":\"https:\/\/autobarbosa.com\/wp-content\/uploads\/2023\/03\/AUTO-BARBOSA-LOGO-1-e1678715539111.png\",\"contentUrl\":\"https:\/\/autobarbosa.com\/wp-content\/uploads\/2023\/03\/AUTO-BARBOSA-LOGO-1-e1678715539111.png\",\"width\":3233,\"height\":3233,\"caption\":\"Oficina de manuten\u00e7\u00e3o e repara\u00e7\u00e3o de veiculos automoveis em S. Miguel, A\u00e7ores - Auto Barbosa\"},\"image\":{\"@id\":\"https:\/\/autobarbosa.com\/fr\/#\/schema\/logo\/image\/\"},\"sameAs\":[\"https:\/\/www.facebook.com\/autobarbosaoficina\",\"https:\/\/www.instagram.com\/autobarbosa.oficina\/\"]}]}<\/script>\n<!-- \/ Yoast SEO plugin. -->","yoast_head_json":{"title":"BOMBA DE GASOLINA ALTA PRESAO 282L\/H - SYTEC - Oficina de manuten\u00e7\u00e3o e repara\u00e7\u00e3o de veiculos automoveis em S. Miguel, A\u00e7ores - Auto Barbosa","robots":{"index":"index","follow":"follow","max-snippet":"max-snippet:-1","max-image-preview":"max-image-preview:large","max-video-preview":"max-video-preview:-1"},"canonical":"https:\/\/autobarbosa.com\/fr\/produto\/bomba-de-gasolina-alta-presao-282l-h-sytec\/","og_locale":"fr_FR","og_type":"article","og_title":"BOMBA DE GASOLINA ALTA PRESAO 282L\/H - SYTEC - Oficina de manuten\u00e7\u00e3o e repara\u00e7\u00e3o de veiculos automoveis em S. Miguel, A\u00e7ores - Auto Barbosa","og_description":"Bomba de combust\u00edvel de alta press\u00e3o Sytec 282 L\/h  Permite uma alternativa \u00e0s bombas Bosch 058025979 em termos de desempenho.  Especifica\u00e7\u00f5es t\u00e9cnicas:  Combust\u00edvel: Somente gasolina E5\/E10 Conex\u00f5es de sa\u00edda: 12x1,5 F\u00eamea Vaz\u00e3o m\u00e1xima: 282 L\/h Vaz\u00e3o 3 Bar (44psi): 228 L\/h Vaz\u00e3o 5 Bar (73psi): 204 L\/h Press\u00e3o m\u00e1xima : 10,6 Bar","og_url":"https:\/\/autobarbosa.com\/fr\/produto\/bomba-de-gasolina-alta-presao-282l-h-sytec\/","og_site_name":"Oficina de manuten\u00e7\u00e3o e repara\u00e7\u00e3o de veiculos automoveis em S. Miguel, A\u00e7ores - Auto Barbosa","article_publisher":"https:\/\/www.facebook.com\/autobarbosaoficina","twitter_card":"summary_large_image","schema":{"@context":"https:\/\/schema.org","@graph":[{"@type":"WebPage","@id":"https:\/\/autobarbosa.com\/fr\/produto\/bomba-de-gasolina-alta-presao-282l-h-sytec\/","url":"https:\/\/autobarbosa.com\/fr\/produto\/bomba-de-gasolina-alta-presao-282l-h-sytec\/","name":"BOMBA DE GASOLINA ALTA PRESAO 282L\/H - SYTEC - Oficina de manuten\u00e7\u00e3o e repara\u00e7\u00e3o de veiculos automoveis em S. Miguel, A\u00e7ores - Auto Barbosa","isPartOf":{"@id":"https:\/\/autobarbosa.com\/fr\/#website"},"datePublished":"2025-12-16T08:07:39+00:00","dateModified":"2025-12-16T08:07:39+00:00","breadcrumb":{"@id":"https:\/\/autobarbosa.com\/fr\/produto\/bomba-de-gasolina-alta-presao-282l-h-sytec\/#breadcrumb"},"inLanguage":"fr-FR","potentialAction":[{"@type":"ReadAction","target":["https:\/\/autobarbosa.com\/fr\/produto\/bomba-de-gasolina-alta-presao-282l-h-sytec\/"]}]},{"@type":"BreadcrumbList","@id":"https:\/\/autobarbosa.com\/fr\/produto\/bomba-de-gasolina-alta-presao-282l-h-sytec\/#breadcrumb","itemListElement":[{"@type":"ListItem","position":1,"name":"In\u00edcio","item":"https:\/\/autobarbosa.com\/fr\/"},{"@type":"ListItem","position":2,"name":"Loja","item":"https:\/\/autobarbosa.com\/"},{"@type":"ListItem","position":3,"name":"BOMBA DE GASOLINA ALTA PRESAO 282L\/H &#8211; SYTEC"}]},{"@type":"WebSite","@id":"https:\/\/autobarbosa.com\/fr\/#website","url":"https:\/\/autobarbosa.com\/fr\/","name":"Oficina de manuten\u00e7\u00e3o e repara\u00e7\u00e3o de veiculos automoveis em S. Miguel, A\u00e7ores - Auto Barbosa","description":"Auto Barbosa","publisher":{"@id":"https:\/\/autobarbosa.com\/fr\/#organization"},"potentialAction":[{"@type":"SearchAction","target":{"@type":"EntryPoint","urlTemplate":"https:\/\/autobarbosa.com\/fr\/?s={search_term_string}"},"query-input":"required name=search_term_string"}],"inLanguage":"fr-FR"},{"@type":"Organization","@id":"https:\/\/autobarbosa.com\/fr\/#organization","name":"Oficina de manuten\u00e7\u00e3o e repara\u00e7\u00e3o de veiculos automoveis em S. Miguel, A\u00e7ores - Auto Barbosa","url":"https:\/\/autobarbosa.com\/fr\/","logo":{"@type":"ImageObject","inLanguage":"fr-FR","@id":"https:\/\/autobarbosa.com\/fr\/#\/schema\/logo\/image\/","url":"https:\/\/autobarbosa.com\/wp-content\/uploads\/2023\/03\/AUTO-BARBOSA-LOGO-1-e1678715539111.png","contentUrl":"https:\/\/autobarbosa.com\/wp-content\/uploads\/2023\/03\/AUTO-BARBOSA-LOGO-1-e1678715539111.png","width":3233,"height":3233,"caption":"Oficina de manuten\u00e7\u00e3o e repara\u00e7\u00e3o de veiculos automoveis em S. Miguel, A\u00e7ores - Auto Barbosa"},"image":{"@id":"https:\/\/autobarbosa.com\/fr\/#\/schema\/logo\/image\/"},"sameAs":["https:\/\/www.facebook.com\/autobarbosaoficina","https:\/\/www.instagram.com\/autobarbosa.oficina\/"]}]}},"_links":{"self":[{"href":"https:\/\/autobarbosa.com\/fr\/wp-json\/wp\/v3\/product\/19863","targetHints":{"allow":["GET"]}}],"collection":[{"href":"https:\/\/autobarbosa.com\/fr\/wp-json\/wp\/v3\/product"}],"about":[{"href":"https:\/\/autobarbosa.com\/fr\/wp-json\/wp\/v2\/types\/product"}],"wp:attachment":[{"href":"https:\/\/autobarbosa.com\/fr\/wp-json\/wp\/v2\/media?parent=19863"}],"wp:term":[{"taxonomy":"product_cat","embeddable":true,"href":"https:\/\/autobarbosa.com\/fr\/wp-json\/wp\/v2\/product_cat?post=19863"},{"taxonomy":"product_tag","embeddable":true,"href":"https:\/\/autobarbosa.com\/fr\/wp-json\/wp\/v2\/product_tag?post=19863"},{"taxonomy":"marca","embeddable":true,"href":"https:\/\/autobarbosa.com\/fr\/wp-json\/wp\/v2\/marca?post=19863"}],"curies":[{"name":"wp","href":"https:\/\/api.w.org\/{rel}","templated":true}]}}