{"id":20127,"date":"2025-12-16T07:08:52","date_gmt":"2025-12-16T08:08:52","guid":{"rendered":"https:\/\/autobarbosa.com\/produto\/tubo-silicone-curva-de-45o-preto-diam-51mm\/"},"modified":"2025-12-16T07:08:52","modified_gmt":"2025-12-16T08:08:52","slug":"tubo-silicone-curva-de-45o-preto-diam-51mm","status":"publish","type":"product","link":"https:\/\/autobarbosa.com\/fr\/produto\/tubo-silicone-curva-de-45o-preto-diam-51mm\/","title":{"rendered":"TUBO  SILICONE CURVA DE 45\u00ba  PRETO DIAM 51MM"},"content":{"rendered":"<p>Cotovelos de mangueira de silicone de 3 camadas em tecido de poli\u00e9ster altamente resistente.<br \/>\nComprimento do bra\u00e7o: 150 x 150 mm.<br \/>\nDispon\u00edvel em preto ou azul.<\/p>\n<p>Di\u00e2metros dispon\u00edveis (di\u00e2metro interno em mm):<br \/>\n&#8211; 13 mm<br \/>\n&#8211; 16 mm<br \/>\n&#8211; 19 mm<br \/>\n&#8211; 22 mm<br \/>\n&#8211; 25 mm<br \/>\n&#8211; 28 mm &#8211;<br \/>\n30 mm &#8211; 32 mm &#8211;<br \/>\n35 mm &#8211; 38 mm<br \/>\n&#8211;<br \/>\n40 mm &#8211; 45 mm &#8211;<br \/>\n48 mm &#8211; 51 mm &#8211; 54 mm &#8211; 57 mm &#8211; 60 mm &#8211; 63 mm &#8211; 70 mm &#8211; 76 mm &#8211; 80 mm<\/p>\n","protected":false},"excerpt":{"rendered":"<p>Cotovelos de mangueira de silicone de 3 camadas em tecido de poli\u00e9ster altamente resistente.<br \/>\nComprimento do bra\u00e7o: 150 x 150 mm.<br \/>\nDispon\u00edvel em preto ou azul.<\/p>\n<p>Di\u00e2metros dispon\u00edveis (di\u00e2metro interno em mm):<br \/>\n&#8211; 13 mm<br \/>\n&#8211; 16 mm<br \/>\n&#8211; 19 mm<br \/>\n&#8211; 22 mm<br \/>\n&#8211; 25 mm<br \/>\n&#8211; 28 mm &#8211;<br \/>\n30 mm &#8211; 32 mm &#8211;<br \/>\n35 mm &#8211; 38 mm<br \/>\n&#8211;<br \/>\n40 mm &#8211; 45 mm &#8211;<br \/>\n48 mm &#8211; 51 mm &#8211; 54 mm &#8211; 57 mm &#8211; 60 mm &#8211; 63 mm &#8211; 70 mm &#8211; 76 mm &#8211; 80 mm<\/p>\n","protected":false},"featured_media":0,"template":"","meta":[],"product_cat":[526],"product_tag":[],"marca":[121],"class_list":["post-20127","product","type-product","status-publish","hentry","product_cat-admissao-ar","marca-red-spec"],"yoast_head":"<!-- This site is optimized with the Yoast SEO plugin v20.5 - https:\/\/yoast.com\/wordpress\/plugins\/seo\/ -->\n<title>TUBO SILICONE CURVA DE 45\u00ba PRETO DIAM 51MM - Oficina de manuten\u00e7\u00e3o e repara\u00e7\u00e3o de veiculos automoveis em S. Miguel, A\u00e7ores - Auto Barbosa<\/title>\n<meta name=\"robots\" content=\"index, follow, max-snippet:-1, max-image-preview:large, max-video-preview:-1\" \/>\n<link rel=\"canonical\" href=\"https:\/\/autobarbosa.com\/fr\/produto\/tubo-silicone-curva-de-45o-preto-diam-51mm\/\" \/>\n<meta property=\"og:locale\" content=\"fr_FR\" \/>\n<meta property=\"og:type\" content=\"article\" \/>\n<meta property=\"og:title\" content=\"TUBO SILICONE CURVA DE 45\u00ba PRETO DIAM 51MM - Oficina de manuten\u00e7\u00e3o e repara\u00e7\u00e3o de veiculos automoveis em S. Miguel, A\u00e7ores - Auto Barbosa\" \/>\n<meta property=\"og:description\" content=\"Cotovelos de mangueira de silicone de 3 camadas em tecido de poli\u00e9ster altamente resistente. Comprimento do bra\u00e7o: 150 x 150 mm. Dispon\u00edvel em preto ou azul.  Di\u00e2metros dispon\u00edveis (di\u00e2metro interno em mm): - 13 mm - 16 mm - 19 mm - 22 mm - 25 mm - 28 mm - 30 mm - 32 mm - 35 mm - 38 mm - 40 mm - 45 mm - 48 mm - 51 mm - 54 mm - 57 mm - 60 mm - 63 mm - 70 mm - 76 mm - 80 mm\" \/>\n<meta property=\"og:url\" content=\"https:\/\/autobarbosa.com\/fr\/produto\/tubo-silicone-curva-de-45o-preto-diam-51mm\/\" \/>\n<meta property=\"og:site_name\" content=\"Oficina de manuten\u00e7\u00e3o e repara\u00e7\u00e3o de veiculos automoveis em S. Miguel, A\u00e7ores - Auto Barbosa\" \/>\n<meta property=\"article:publisher\" content=\"https:\/\/www.facebook.com\/autobarbosaoficina\" \/>\n<meta name=\"twitter:card\" content=\"summary_large_image\" \/>\n<script type=\"application\/ld+json\" class=\"yoast-schema-graph\">{\"@context\":\"https:\/\/schema.org\",\"@graph\":[{\"@type\":\"WebPage\",\"@id\":\"https:\/\/autobarbosa.com\/fr\/produto\/tubo-silicone-curva-de-45o-preto-diam-51mm\/\",\"url\":\"https:\/\/autobarbosa.com\/fr\/produto\/tubo-silicone-curva-de-45o-preto-diam-51mm\/\",\"name\":\"TUBO SILICONE CURVA DE 45\u00ba PRETO DIAM 51MM - Oficina de manuten\u00e7\u00e3o e repara\u00e7\u00e3o de veiculos automoveis em S. Miguel, A\u00e7ores - Auto Barbosa\",\"isPartOf\":{\"@id\":\"https:\/\/autobarbosa.com\/fr\/#website\"},\"datePublished\":\"2025-12-16T08:08:52+00:00\",\"dateModified\":\"2025-12-16T08:08:52+00:00\",\"breadcrumb\":{\"@id\":\"https:\/\/autobarbosa.com\/fr\/produto\/tubo-silicone-curva-de-45o-preto-diam-51mm\/#breadcrumb\"},\"inLanguage\":\"fr-FR\",\"potentialAction\":[{\"@type\":\"ReadAction\",\"target\":[\"https:\/\/autobarbosa.com\/fr\/produto\/tubo-silicone-curva-de-45o-preto-diam-51mm\/\"]}]},{\"@type\":\"BreadcrumbList\",\"@id\":\"https:\/\/autobarbosa.com\/fr\/produto\/tubo-silicone-curva-de-45o-preto-diam-51mm\/#breadcrumb\",\"itemListElement\":[{\"@type\":\"ListItem\",\"position\":1,\"name\":\"In\u00edcio\",\"item\":\"https:\/\/autobarbosa.com\/fr\/\"},{\"@type\":\"ListItem\",\"position\":2,\"name\":\"Loja\",\"item\":\"https:\/\/autobarbosa.com\/\"},{\"@type\":\"ListItem\",\"position\":3,\"name\":\"TUBO SILICONE CURVA DE 45\u00ba PRETO DIAM 51MM\"}]},{\"@type\":\"WebSite\",\"@id\":\"https:\/\/autobarbosa.com\/fr\/#website\",\"url\":\"https:\/\/autobarbosa.com\/fr\/\",\"name\":\"Oficina de manuten\u00e7\u00e3o e repara\u00e7\u00e3o de veiculos automoveis em S. Miguel, A\u00e7ores - Auto Barbosa\",\"description\":\"Auto Barbosa\",\"publisher\":{\"@id\":\"https:\/\/autobarbosa.com\/fr\/#organization\"},\"potentialAction\":[{\"@type\":\"SearchAction\",\"target\":{\"@type\":\"EntryPoint\",\"urlTemplate\":\"https:\/\/autobarbosa.com\/fr\/?s={search_term_string}\"},\"query-input\":\"required name=search_term_string\"}],\"inLanguage\":\"fr-FR\"},{\"@type\":\"Organization\",\"@id\":\"https:\/\/autobarbosa.com\/fr\/#organization\",\"name\":\"Oficina de manuten\u00e7\u00e3o e repara\u00e7\u00e3o de veiculos automoveis em S. Miguel, A\u00e7ores - Auto Barbosa\",\"url\":\"https:\/\/autobarbosa.com\/fr\/\",\"logo\":{\"@type\":\"ImageObject\",\"inLanguage\":\"fr-FR\",\"@id\":\"https:\/\/autobarbosa.com\/fr\/#\/schema\/logo\/image\/\",\"url\":\"https:\/\/autobarbosa.com\/wp-content\/uploads\/2023\/03\/AUTO-BARBOSA-LOGO-1-e1678715539111.png\",\"contentUrl\":\"https:\/\/autobarbosa.com\/wp-content\/uploads\/2023\/03\/AUTO-BARBOSA-LOGO-1-e1678715539111.png\",\"width\":3233,\"height\":3233,\"caption\":\"Oficina de manuten\u00e7\u00e3o e repara\u00e7\u00e3o de veiculos automoveis em S. Miguel, A\u00e7ores - Auto Barbosa\"},\"image\":{\"@id\":\"https:\/\/autobarbosa.com\/fr\/#\/schema\/logo\/image\/\"},\"sameAs\":[\"https:\/\/www.facebook.com\/autobarbosaoficina\",\"https:\/\/www.instagram.com\/autobarbosa.oficina\/\"]}]}<\/script>\n<!-- \/ Yoast SEO plugin. -->","yoast_head_json":{"title":"TUBO SILICONE CURVA DE 45\u00ba PRETO DIAM 51MM - Oficina de manuten\u00e7\u00e3o e repara\u00e7\u00e3o de veiculos automoveis em S. Miguel, A\u00e7ores - Auto Barbosa","robots":{"index":"index","follow":"follow","max-snippet":"max-snippet:-1","max-image-preview":"max-image-preview:large","max-video-preview":"max-video-preview:-1"},"canonical":"https:\/\/autobarbosa.com\/fr\/produto\/tubo-silicone-curva-de-45o-preto-diam-51mm\/","og_locale":"fr_FR","og_type":"article","og_title":"TUBO SILICONE CURVA DE 45\u00ba PRETO DIAM 51MM - Oficina de manuten\u00e7\u00e3o e repara\u00e7\u00e3o de veiculos automoveis em S. Miguel, A\u00e7ores - Auto Barbosa","og_description":"Cotovelos de mangueira de silicone de 3 camadas em tecido de poli\u00e9ster altamente resistente. Comprimento do bra\u00e7o: 150 x 150 mm. Dispon\u00edvel em preto ou azul.  Di\u00e2metros dispon\u00edveis (di\u00e2metro interno em mm): - 13 mm - 16 mm - 19 mm - 22 mm - 25 mm - 28 mm - 30 mm - 32 mm - 35 mm - 38 mm - 40 mm - 45 mm - 48 mm - 51 mm - 54 mm - 57 mm - 60 mm - 63 mm - 70 mm - 76 mm - 80 mm","og_url":"https:\/\/autobarbosa.com\/fr\/produto\/tubo-silicone-curva-de-45o-preto-diam-51mm\/","og_site_name":"Oficina de manuten\u00e7\u00e3o e repara\u00e7\u00e3o de veiculos automoveis em S. Miguel, A\u00e7ores - Auto Barbosa","article_publisher":"https:\/\/www.facebook.com\/autobarbosaoficina","twitter_card":"summary_large_image","schema":{"@context":"https:\/\/schema.org","@graph":[{"@type":"WebPage","@id":"https:\/\/autobarbosa.com\/fr\/produto\/tubo-silicone-curva-de-45o-preto-diam-51mm\/","url":"https:\/\/autobarbosa.com\/fr\/produto\/tubo-silicone-curva-de-45o-preto-diam-51mm\/","name":"TUBO SILICONE CURVA DE 45\u00ba PRETO DIAM 51MM - Oficina de manuten\u00e7\u00e3o e repara\u00e7\u00e3o de veiculos automoveis em S. Miguel, A\u00e7ores - Auto Barbosa","isPartOf":{"@id":"https:\/\/autobarbosa.com\/fr\/#website"},"datePublished":"2025-12-16T08:08:52+00:00","dateModified":"2025-12-16T08:08:52+00:00","breadcrumb":{"@id":"https:\/\/autobarbosa.com\/fr\/produto\/tubo-silicone-curva-de-45o-preto-diam-51mm\/#breadcrumb"},"inLanguage":"fr-FR","potentialAction":[{"@type":"ReadAction","target":["https:\/\/autobarbosa.com\/fr\/produto\/tubo-silicone-curva-de-45o-preto-diam-51mm\/"]}]},{"@type":"BreadcrumbList","@id":"https:\/\/autobarbosa.com\/fr\/produto\/tubo-silicone-curva-de-45o-preto-diam-51mm\/#breadcrumb","itemListElement":[{"@type":"ListItem","position":1,"name":"In\u00edcio","item":"https:\/\/autobarbosa.com\/fr\/"},{"@type":"ListItem","position":2,"name":"Loja","item":"https:\/\/autobarbosa.com\/"},{"@type":"ListItem","position":3,"name":"TUBO SILICONE CURVA DE 45\u00ba PRETO DIAM 51MM"}]},{"@type":"WebSite","@id":"https:\/\/autobarbosa.com\/fr\/#website","url":"https:\/\/autobarbosa.com\/fr\/","name":"Oficina de manuten\u00e7\u00e3o e repara\u00e7\u00e3o de veiculos automoveis em S. Miguel, A\u00e7ores - Auto Barbosa","description":"Auto Barbosa","publisher":{"@id":"https:\/\/autobarbosa.com\/fr\/#organization"},"potentialAction":[{"@type":"SearchAction","target":{"@type":"EntryPoint","urlTemplate":"https:\/\/autobarbosa.com\/fr\/?s={search_term_string}"},"query-input":"required name=search_term_string"}],"inLanguage":"fr-FR"},{"@type":"Organization","@id":"https:\/\/autobarbosa.com\/fr\/#organization","name":"Oficina de manuten\u00e7\u00e3o e repara\u00e7\u00e3o de veiculos automoveis em S. Miguel, A\u00e7ores - Auto Barbosa","url":"https:\/\/autobarbosa.com\/fr\/","logo":{"@type":"ImageObject","inLanguage":"fr-FR","@id":"https:\/\/autobarbosa.com\/fr\/#\/schema\/logo\/image\/","url":"https:\/\/autobarbosa.com\/wp-content\/uploads\/2023\/03\/AUTO-BARBOSA-LOGO-1-e1678715539111.png","contentUrl":"https:\/\/autobarbosa.com\/wp-content\/uploads\/2023\/03\/AUTO-BARBOSA-LOGO-1-e1678715539111.png","width":3233,"height":3233,"caption":"Oficina de manuten\u00e7\u00e3o e repara\u00e7\u00e3o de veiculos automoveis em S. Miguel, A\u00e7ores - Auto Barbosa"},"image":{"@id":"https:\/\/autobarbosa.com\/fr\/#\/schema\/logo\/image\/"},"sameAs":["https:\/\/www.facebook.com\/autobarbosaoficina","https:\/\/www.instagram.com\/autobarbosa.oficina\/"]}]}},"_links":{"self":[{"href":"https:\/\/autobarbosa.com\/fr\/wp-json\/wp\/v3\/product\/20127","targetHints":{"allow":["GET"]}}],"collection":[{"href":"https:\/\/autobarbosa.com\/fr\/wp-json\/wp\/v3\/product"}],"about":[{"href":"https:\/\/autobarbosa.com\/fr\/wp-json\/wp\/v2\/types\/product"}],"wp:attachment":[{"href":"https:\/\/autobarbosa.com\/fr\/wp-json\/wp\/v2\/media?parent=20127"}],"wp:term":[{"taxonomy":"product_cat","embeddable":true,"href":"https:\/\/autobarbosa.com\/fr\/wp-json\/wp\/v2\/product_cat?post=20127"},{"taxonomy":"product_tag","embeddable":true,"href":"https:\/\/autobarbosa.com\/fr\/wp-json\/wp\/v2\/product_tag?post=20127"},{"taxonomy":"marca","embeddable":true,"href":"https:\/\/autobarbosa.com\/fr\/wp-json\/wp\/v2\/marca?post=20127"}],"curies":[{"name":"wp","href":"https:\/\/api.w.org\/{rel}","templated":true}]}}