{"id":20155,"date":"2025-12-16T07:09:01","date_gmt":"2025-12-16T08:09:01","guid":{"rendered":"https:\/\/autobarbosa.com\/produto\/disco-emb-sachs-rigido-200mm-yaris-1-5-t-sport\/"},"modified":"2025-12-16T07:09:01","modified_gmt":"2025-12-16T08:09:01","slug":"disco-emb-sachs-rigido-200mm-yaris-1-5-t-sport","status":"publish","type":"product","link":"https:\/\/autobarbosa.com\/fr\/produto\/disco-emb-sachs-rigido-200mm-yaris-1-5-t-sport\/","title":{"rendered":"DISCO EMB.  SACHS RIGIDO 200MM  YARIS 1.5 T SPORT"},"content":{"rendered":"<p>Disco de embreagem SACHS para TOYOTA YARIS  (caixa de 21 estrias)rnrnA placa de press\u00e3o SACHS permite maior torque transmiss\u00edvel e maior resist\u00eancia \u00e0s cargas axiais do que as embreagens padr\u00e3o.rnEstas embreagens t\u00eam, portanto, uma vida \u00fatil muito mais longa. Com as rela\u00e7\u00f5es mais curtas, as mudan\u00e7as de marcha s\u00e3o mais r\u00e1pidas e esportivas.rnEspecialmente projetado para carros Gr.A e Gr.N.rnInstalado como substituto direto da pe\u00e7a padr\u00e3o na maioria dos casos.rnrnTipo de disco: disco sinterizado r\u00edgido.rnOs discos r\u00edgidos n\u00e3o s\u00e3o amortecidos. Eles s\u00e3o projetados apenas para uso em corridas, onde a rigidez e a resist\u00eancia s\u00e3o a prioridade.rnSeu material \u00e9 capaz de suportar as mais altas temperaturas.rnN\u00e3o permitido em ve\u00edculos n\u00e3o modificados.rnrnEspecifica\u00e7\u00f5es do disco:rn- Di\u00e2metro da embreagem: 200 mmrn- Para TOYOTA YARIS  (caixa de 21 estrias).rnrn<\/p>\n","protected":false},"excerpt":{"rendered":"<p>Disco de embreagem SACHS para TOYOTA YARIS  (caixa de 21 estrias)rnrnA placa de press\u00e3o SACHS permite maior torque transmiss\u00edvel e maior resist\u00eancia \u00e0s cargas axiais do que as embreagens padr\u00e3o.rnEstas embreagens t\u00eam, portanto, uma vida \u00fatil muito mais longa. Com as rela\u00e7\u00f5es mais curtas, as mudan\u00e7as de marcha s\u00e3o mais r\u00e1pidas e esportivas.rnEspecialmente projetado para carros Gr.A e Gr.N.rnInstalado como substituto direto da pe\u00e7a padr\u00e3o na maioria dos casos.rnrnTipo de disco: disco sinterizado r\u00edgido.rnOs discos r\u00edgidos n\u00e3o s\u00e3o amortecidos. Eles s\u00e3o projetados apenas para uso em corridas, onde a rigidez e a resist\u00eancia s\u00e3o a prioridade.rnSeu material \u00e9 capaz de suportar as mais altas temperaturas.rnN\u00e3o permitido em ve\u00edculos n\u00e3o modificados.rnrnEspecifica\u00e7\u00f5es do disco:rn- Di\u00e2metro da embreagem: 200 mmrn- Para TOYOTA YARIS  (caixa de 21 estrias).rnrn<\/p>\n","protected":false},"featured_media":0,"template":"","meta":[],"product_cat":[494],"product_tag":[],"marca":[154],"class_list":["post-20155","product","type-product","status-publish","hentry","product_cat-embraiagem","marca-sachs"],"yoast_head":"<!-- This site is optimized with the Yoast SEO plugin v20.5 - https:\/\/yoast.com\/wordpress\/plugins\/seo\/ -->\n<title>DISCO EMB. SACHS RIGIDO 200MM YARIS 1.5 T SPORT - Oficina de manuten\u00e7\u00e3o e repara\u00e7\u00e3o de veiculos automoveis em S. Miguel, A\u00e7ores - Auto Barbosa<\/title>\n<meta name=\"robots\" content=\"index, follow, max-snippet:-1, max-image-preview:large, max-video-preview:-1\" \/>\n<link rel=\"canonical\" href=\"https:\/\/autobarbosa.com\/fr\/produto\/disco-emb-sachs-rigido-200mm-yaris-1-5-t-sport\/\" \/>\n<meta property=\"og:locale\" content=\"fr_FR\" \/>\n<meta property=\"og:type\" content=\"article\" \/>\n<meta property=\"og:title\" content=\"DISCO EMB. SACHS RIGIDO 200MM YARIS 1.5 T SPORT - Oficina de manuten\u00e7\u00e3o e repara\u00e7\u00e3o de veiculos automoveis em S. Miguel, A\u00e7ores - Auto Barbosa\" \/>\n<meta property=\"og:description\" content=\"Disco de embreagem SACHS para TOYOTA YARIS (caixa de 21 estrias)rnrnA placa de press\u00e3o SACHS permite maior torque transmiss\u00edvel e maior resist\u00eancia \u00e0s cargas axiais do que as embreagens padr\u00e3o.rnEstas embreagens t\u00eam, portanto, uma vida \u00fatil muito mais longa. Com as rela\u00e7\u00f5es mais curtas, as mudan\u00e7as de marcha s\u00e3o mais r\u00e1pidas e esportivas.rnEspecialmente projetado para carros Gr.A e Gr.N.rnInstalado como substituto direto da pe\u00e7a padr\u00e3o na maioria dos casos.rnrnTipo de disco: disco sinterizado r\u00edgido.rnOs discos r\u00edgidos n\u00e3o s\u00e3o amortecidos. Eles s\u00e3o projetados apenas para uso em corridas, onde a rigidez e a resist\u00eancia s\u00e3o a prioridade.rnSeu material \u00e9 capaz de suportar as mais altas temperaturas.rnN\u00e3o permitido em ve\u00edculos n\u00e3o modificados.rnrnEspecifica\u00e7\u00f5es do disco:rn- Di\u00e2metro da embreagem: 200 mmrn- Para TOYOTA YARIS (caixa de 21 estrias).rnrn\" \/>\n<meta property=\"og:url\" content=\"https:\/\/autobarbosa.com\/fr\/produto\/disco-emb-sachs-rigido-200mm-yaris-1-5-t-sport\/\" \/>\n<meta property=\"og:site_name\" content=\"Oficina de manuten\u00e7\u00e3o e repara\u00e7\u00e3o de veiculos automoveis em S. Miguel, A\u00e7ores - Auto Barbosa\" \/>\n<meta property=\"article:publisher\" content=\"https:\/\/www.facebook.com\/autobarbosaoficina\" \/>\n<meta name=\"twitter:card\" content=\"summary_large_image\" \/>\n<meta name=\"twitter:label1\" content=\"Dur\u00e9e de lecture estim\u00e9e\" \/>\n\t<meta name=\"twitter:data1\" content=\"1 minute\" \/>\n<script type=\"application\/ld+json\" class=\"yoast-schema-graph\">{\"@context\":\"https:\/\/schema.org\",\"@graph\":[{\"@type\":\"WebPage\",\"@id\":\"https:\/\/autobarbosa.com\/fr\/produto\/disco-emb-sachs-rigido-200mm-yaris-1-5-t-sport\/\",\"url\":\"https:\/\/autobarbosa.com\/fr\/produto\/disco-emb-sachs-rigido-200mm-yaris-1-5-t-sport\/\",\"name\":\"DISCO EMB. SACHS RIGIDO 200MM YARIS 1.5 T SPORT - Oficina de manuten\u00e7\u00e3o e repara\u00e7\u00e3o de veiculos automoveis em S. Miguel, A\u00e7ores - Auto Barbosa\",\"isPartOf\":{\"@id\":\"https:\/\/autobarbosa.com\/fr\/#website\"},\"datePublished\":\"2025-12-16T08:09:01+00:00\",\"dateModified\":\"2025-12-16T08:09:01+00:00\",\"breadcrumb\":{\"@id\":\"https:\/\/autobarbosa.com\/fr\/produto\/disco-emb-sachs-rigido-200mm-yaris-1-5-t-sport\/#breadcrumb\"},\"inLanguage\":\"fr-FR\",\"potentialAction\":[{\"@type\":\"ReadAction\",\"target\":[\"https:\/\/autobarbosa.com\/fr\/produto\/disco-emb-sachs-rigido-200mm-yaris-1-5-t-sport\/\"]}]},{\"@type\":\"BreadcrumbList\",\"@id\":\"https:\/\/autobarbosa.com\/fr\/produto\/disco-emb-sachs-rigido-200mm-yaris-1-5-t-sport\/#breadcrumb\",\"itemListElement\":[{\"@type\":\"ListItem\",\"position\":1,\"name\":\"In\u00edcio\",\"item\":\"https:\/\/autobarbosa.com\/fr\/\"},{\"@type\":\"ListItem\",\"position\":2,\"name\":\"Loja\",\"item\":\"https:\/\/autobarbosa.com\/\"},{\"@type\":\"ListItem\",\"position\":3,\"name\":\"DISCO EMB. SACHS RIGIDO 200MM YARIS 1.5 T SPORT\"}]},{\"@type\":\"WebSite\",\"@id\":\"https:\/\/autobarbosa.com\/fr\/#website\",\"url\":\"https:\/\/autobarbosa.com\/fr\/\",\"name\":\"Oficina de manuten\u00e7\u00e3o e repara\u00e7\u00e3o de veiculos automoveis em S. Miguel, A\u00e7ores - Auto Barbosa\",\"description\":\"Auto Barbosa\",\"publisher\":{\"@id\":\"https:\/\/autobarbosa.com\/fr\/#organization\"},\"potentialAction\":[{\"@type\":\"SearchAction\",\"target\":{\"@type\":\"EntryPoint\",\"urlTemplate\":\"https:\/\/autobarbosa.com\/fr\/?s={search_term_string}\"},\"query-input\":\"required name=search_term_string\"}],\"inLanguage\":\"fr-FR\"},{\"@type\":\"Organization\",\"@id\":\"https:\/\/autobarbosa.com\/fr\/#organization\",\"name\":\"Oficina de manuten\u00e7\u00e3o e repara\u00e7\u00e3o de veiculos automoveis em S. Miguel, A\u00e7ores - Auto Barbosa\",\"url\":\"https:\/\/autobarbosa.com\/fr\/\",\"logo\":{\"@type\":\"ImageObject\",\"inLanguage\":\"fr-FR\",\"@id\":\"https:\/\/autobarbosa.com\/fr\/#\/schema\/logo\/image\/\",\"url\":\"https:\/\/autobarbosa.com\/wp-content\/uploads\/2023\/03\/AUTO-BARBOSA-LOGO-1-e1678715539111.png\",\"contentUrl\":\"https:\/\/autobarbosa.com\/wp-content\/uploads\/2023\/03\/AUTO-BARBOSA-LOGO-1-e1678715539111.png\",\"width\":3233,\"height\":3233,\"caption\":\"Oficina de manuten\u00e7\u00e3o e repara\u00e7\u00e3o de veiculos automoveis em S. Miguel, A\u00e7ores - Auto Barbosa\"},\"image\":{\"@id\":\"https:\/\/autobarbosa.com\/fr\/#\/schema\/logo\/image\/\"},\"sameAs\":[\"https:\/\/www.facebook.com\/autobarbosaoficina\",\"https:\/\/www.instagram.com\/autobarbosa.oficina\/\"]}]}<\/script>\n<!-- \/ Yoast SEO plugin. -->","yoast_head_json":{"title":"DISCO EMB. SACHS RIGIDO 200MM YARIS 1.5 T SPORT - Oficina de manuten\u00e7\u00e3o e repara\u00e7\u00e3o de veiculos automoveis em S. Miguel, A\u00e7ores - Auto Barbosa","robots":{"index":"index","follow":"follow","max-snippet":"max-snippet:-1","max-image-preview":"max-image-preview:large","max-video-preview":"max-video-preview:-1"},"canonical":"https:\/\/autobarbosa.com\/fr\/produto\/disco-emb-sachs-rigido-200mm-yaris-1-5-t-sport\/","og_locale":"fr_FR","og_type":"article","og_title":"DISCO EMB. SACHS RIGIDO 200MM YARIS 1.5 T SPORT - Oficina de manuten\u00e7\u00e3o e repara\u00e7\u00e3o de veiculos automoveis em S. Miguel, A\u00e7ores - Auto Barbosa","og_description":"Disco de embreagem SACHS para TOYOTA YARIS (caixa de 21 estrias)rnrnA placa de press\u00e3o SACHS permite maior torque transmiss\u00edvel e maior resist\u00eancia \u00e0s cargas axiais do que as embreagens padr\u00e3o.rnEstas embreagens t\u00eam, portanto, uma vida \u00fatil muito mais longa. Com as rela\u00e7\u00f5es mais curtas, as mudan\u00e7as de marcha s\u00e3o mais r\u00e1pidas e esportivas.rnEspecialmente projetado para carros Gr.A e Gr.N.rnInstalado como substituto direto da pe\u00e7a padr\u00e3o na maioria dos casos.rnrnTipo de disco: disco sinterizado r\u00edgido.rnOs discos r\u00edgidos n\u00e3o s\u00e3o amortecidos. Eles s\u00e3o projetados apenas para uso em corridas, onde a rigidez e a resist\u00eancia s\u00e3o a prioridade.rnSeu material \u00e9 capaz de suportar as mais altas temperaturas.rnN\u00e3o permitido em ve\u00edculos n\u00e3o modificados.rnrnEspecifica\u00e7\u00f5es do disco:rn- Di\u00e2metro da embreagem: 200 mmrn- Para TOYOTA YARIS (caixa de 21 estrias).rnrn","og_url":"https:\/\/autobarbosa.com\/fr\/produto\/disco-emb-sachs-rigido-200mm-yaris-1-5-t-sport\/","og_site_name":"Oficina de manuten\u00e7\u00e3o e repara\u00e7\u00e3o de veiculos automoveis em S. Miguel, A\u00e7ores - Auto Barbosa","article_publisher":"https:\/\/www.facebook.com\/autobarbosaoficina","twitter_card":"summary_large_image","twitter_misc":{"Dur\u00e9e de lecture estim\u00e9e":"1 minute"},"schema":{"@context":"https:\/\/schema.org","@graph":[{"@type":"WebPage","@id":"https:\/\/autobarbosa.com\/fr\/produto\/disco-emb-sachs-rigido-200mm-yaris-1-5-t-sport\/","url":"https:\/\/autobarbosa.com\/fr\/produto\/disco-emb-sachs-rigido-200mm-yaris-1-5-t-sport\/","name":"DISCO EMB. SACHS RIGIDO 200MM YARIS 1.5 T SPORT - Oficina de manuten\u00e7\u00e3o e repara\u00e7\u00e3o de veiculos automoveis em S. Miguel, A\u00e7ores - Auto Barbosa","isPartOf":{"@id":"https:\/\/autobarbosa.com\/fr\/#website"},"datePublished":"2025-12-16T08:09:01+00:00","dateModified":"2025-12-16T08:09:01+00:00","breadcrumb":{"@id":"https:\/\/autobarbosa.com\/fr\/produto\/disco-emb-sachs-rigido-200mm-yaris-1-5-t-sport\/#breadcrumb"},"inLanguage":"fr-FR","potentialAction":[{"@type":"ReadAction","target":["https:\/\/autobarbosa.com\/fr\/produto\/disco-emb-sachs-rigido-200mm-yaris-1-5-t-sport\/"]}]},{"@type":"BreadcrumbList","@id":"https:\/\/autobarbosa.com\/fr\/produto\/disco-emb-sachs-rigido-200mm-yaris-1-5-t-sport\/#breadcrumb","itemListElement":[{"@type":"ListItem","position":1,"name":"In\u00edcio","item":"https:\/\/autobarbosa.com\/fr\/"},{"@type":"ListItem","position":2,"name":"Loja","item":"https:\/\/autobarbosa.com\/"},{"@type":"ListItem","position":3,"name":"DISCO EMB. SACHS RIGIDO 200MM YARIS 1.5 T SPORT"}]},{"@type":"WebSite","@id":"https:\/\/autobarbosa.com\/fr\/#website","url":"https:\/\/autobarbosa.com\/fr\/","name":"Oficina de manuten\u00e7\u00e3o e repara\u00e7\u00e3o de veiculos automoveis em S. Miguel, A\u00e7ores - Auto Barbosa","description":"Auto Barbosa","publisher":{"@id":"https:\/\/autobarbosa.com\/fr\/#organization"},"potentialAction":[{"@type":"SearchAction","target":{"@type":"EntryPoint","urlTemplate":"https:\/\/autobarbosa.com\/fr\/?s={search_term_string}"},"query-input":"required name=search_term_string"}],"inLanguage":"fr-FR"},{"@type":"Organization","@id":"https:\/\/autobarbosa.com\/fr\/#organization","name":"Oficina de manuten\u00e7\u00e3o e repara\u00e7\u00e3o de veiculos automoveis em S. Miguel, A\u00e7ores - Auto Barbosa","url":"https:\/\/autobarbosa.com\/fr\/","logo":{"@type":"ImageObject","inLanguage":"fr-FR","@id":"https:\/\/autobarbosa.com\/fr\/#\/schema\/logo\/image\/","url":"https:\/\/autobarbosa.com\/wp-content\/uploads\/2023\/03\/AUTO-BARBOSA-LOGO-1-e1678715539111.png","contentUrl":"https:\/\/autobarbosa.com\/wp-content\/uploads\/2023\/03\/AUTO-BARBOSA-LOGO-1-e1678715539111.png","width":3233,"height":3233,"caption":"Oficina de manuten\u00e7\u00e3o e repara\u00e7\u00e3o de veiculos automoveis em S. Miguel, A\u00e7ores - Auto Barbosa"},"image":{"@id":"https:\/\/autobarbosa.com\/fr\/#\/schema\/logo\/image\/"},"sameAs":["https:\/\/www.facebook.com\/autobarbosaoficina","https:\/\/www.instagram.com\/autobarbosa.oficina\/"]}]}},"_links":{"self":[{"href":"https:\/\/autobarbosa.com\/fr\/wp-json\/wp\/v3\/product\/20155","targetHints":{"allow":["GET"]}}],"collection":[{"href":"https:\/\/autobarbosa.com\/fr\/wp-json\/wp\/v3\/product"}],"about":[{"href":"https:\/\/autobarbosa.com\/fr\/wp-json\/wp\/v2\/types\/product"}],"wp:attachment":[{"href":"https:\/\/autobarbosa.com\/fr\/wp-json\/wp\/v2\/media?parent=20155"}],"wp:term":[{"taxonomy":"product_cat","embeddable":true,"href":"https:\/\/autobarbosa.com\/fr\/wp-json\/wp\/v2\/product_cat?post=20155"},{"taxonomy":"product_tag","embeddable":true,"href":"https:\/\/autobarbosa.com\/fr\/wp-json\/wp\/v2\/product_tag?post=20155"},{"taxonomy":"marca","embeddable":true,"href":"https:\/\/autobarbosa.com\/fr\/wp-json\/wp\/v2\/marca?post=20155"}],"curies":[{"name":"wp","href":"https:\/\/api.w.org\/{rel}","templated":true}]}}