{"id":20235,"date":"2025-12-16T07:09:25","date_gmt":"2025-12-16T08:09:25","guid":{"rendered":"https:\/\/autobarbosa.com\/produto\/capacete-bell-mag-rally-fia-c-intercomunicadores-e-clips-hans-sz-m-cinza-titanio\/"},"modified":"2025-12-16T07:09:25","modified_gmt":"2025-12-16T08:09:25","slug":"capacete-bell-mag-rally-fia-c-intercomunicadores-e-clips-hans-sz-m-cinza-titanio","status":"publish","type":"product","link":"https:\/\/autobarbosa.com\/fr\/produto\/capacete-bell-mag-rally-fia-c-intercomunicadores-e-clips-hans-sz-m-cinza-titanio\/","title":{"rendered":"CAPACETE BELL &#8211; MAG RALLY FIA C\/ INTERCOMUNICADORES E CLIPS HANS SZ M &#8211; CINZA TITANIO"},"content":{"rendered":"<p>Capacete Jet BELL MAG Rally (HANS) FIA 8859-2024<\/p>\n<p>Capacete Jet com casco composto de alta qualidade.<br \/>\nRevestimento multidensidade e multipe\u00e7as para maximizar a absor\u00e7\u00e3o de energia e o desempenho de impacto.<br \/>\nBon\u00e9 com viseira solar antirreflexo.<\/p>\n<p>Clipes originais do Hans.<br \/>\nAprova\u00e7\u00e3o: FIA 8859-2024<\/p>\n<p>Cor: Cinza tit\u00e2nio.<br \/>\nTamanhos dispon\u00edveis: S (57\/58), M (58\/59), L (60\/61), XL (61\/61+), XXL (63\/64), XXXL (65\/66), 4XL (67\/68).<\/p>\n","protected":false},"excerpt":{"rendered":"<p>Capacete Jet BELL MAG Rally (HANS) FIA 8859-2024<\/p>\n<p>Capacete Jet com casco composto de alta qualidade.<br \/>\nRevestimento multidensidade e multipe\u00e7as para maximizar a absor\u00e7\u00e3o de energia e o desempenho de impacto.<br \/>\nBon\u00e9 com viseira solar antirreflexo.<\/p>\n<p>Clipes originais do Hans.<br \/>\nAprova\u00e7\u00e3o: FIA 8859-2024<\/p>\n<p>Cor: Cinza tit\u00e2nio.<br \/>\nTamanhos dispon\u00edveis: S (57\/58), M (58\/59), L (60\/61), XL (61\/61+), XXL (63\/64), XXXL (65\/66), 4XL (67\/68).<\/p>\n","protected":false},"featured_media":0,"template":"","meta":[],"product_cat":[531],"product_tag":[],"marca":[906],"class_list":["post-20235","product","type-product","status-publish","hentry","product_cat-capacete-aberto","marca-bell"],"yoast_head":"<!-- This site is optimized with the Yoast SEO plugin v20.5 - https:\/\/yoast.com\/wordpress\/plugins\/seo\/ -->\n<title>CAPACETE BELL - MAG RALLY FIA C\/ INTERCOMUNICADORES E CLIPS HANS SZ M - CINZA TITANIO - Oficina de manuten\u00e7\u00e3o e repara\u00e7\u00e3o de veiculos automoveis em S. Miguel, A\u00e7ores - Auto Barbosa<\/title>\n<meta name=\"robots\" content=\"index, follow, max-snippet:-1, max-image-preview:large, max-video-preview:-1\" \/>\n<link rel=\"canonical\" href=\"https:\/\/autobarbosa.com\/fr\/produto\/capacete-bell-mag-rally-fia-c-intercomunicadores-e-clips-hans-sz-m-cinza-titanio\/\" \/>\n<meta property=\"og:locale\" content=\"fr_FR\" \/>\n<meta property=\"og:type\" content=\"article\" \/>\n<meta property=\"og:title\" content=\"CAPACETE BELL - MAG RALLY FIA C\/ INTERCOMUNICADORES E CLIPS HANS SZ M - CINZA TITANIO - Oficina de manuten\u00e7\u00e3o e repara\u00e7\u00e3o de veiculos automoveis em S. Miguel, A\u00e7ores - Auto Barbosa\" \/>\n<meta property=\"og:description\" content=\"Capacete Jet BELL MAG Rally (HANS) FIA 8859-2024  Capacete Jet com casco composto de alta qualidade. Revestimento multidensidade e multipe\u00e7as para maximizar a absor\u00e7\u00e3o de energia e o desempenho de impacto. Bon\u00e9 com viseira solar antirreflexo.  Clipes originais do Hans. Aprova\u00e7\u00e3o: FIA 8859-2024  Cor: Cinza tit\u00e2nio. Tamanhos dispon\u00edveis: S (57\/58), M (58\/59), L (60\/61), XL (61\/61+), XXL (63\/64), XXXL (65\/66), 4XL (67\/68).\" \/>\n<meta property=\"og:url\" content=\"https:\/\/autobarbosa.com\/fr\/produto\/capacete-bell-mag-rally-fia-c-intercomunicadores-e-clips-hans-sz-m-cinza-titanio\/\" \/>\n<meta property=\"og:site_name\" content=\"Oficina de manuten\u00e7\u00e3o e repara\u00e7\u00e3o de veiculos automoveis em S. Miguel, A\u00e7ores - Auto Barbosa\" \/>\n<meta property=\"article:publisher\" content=\"https:\/\/www.facebook.com\/autobarbosaoficina\" \/>\n<meta name=\"twitter:card\" content=\"summary_large_image\" \/>\n<script type=\"application\/ld+json\" class=\"yoast-schema-graph\">{\"@context\":\"https:\/\/schema.org\",\"@graph\":[{\"@type\":\"WebPage\",\"@id\":\"https:\/\/autobarbosa.com\/fr\/produto\/capacete-bell-mag-rally-fia-c-intercomunicadores-e-clips-hans-sz-m-cinza-titanio\/\",\"url\":\"https:\/\/autobarbosa.com\/fr\/produto\/capacete-bell-mag-rally-fia-c-intercomunicadores-e-clips-hans-sz-m-cinza-titanio\/\",\"name\":\"CAPACETE BELL - MAG RALLY FIA C\/ INTERCOMUNICADORES E CLIPS HANS SZ M - CINZA TITANIO - Oficina de manuten\u00e7\u00e3o e repara\u00e7\u00e3o de veiculos automoveis em S. Miguel, A\u00e7ores - Auto Barbosa\",\"isPartOf\":{\"@id\":\"https:\/\/autobarbosa.com\/fr\/#website\"},\"datePublished\":\"2025-12-16T08:09:25+00:00\",\"dateModified\":\"2025-12-16T08:09:25+00:00\",\"breadcrumb\":{\"@id\":\"https:\/\/autobarbosa.com\/fr\/produto\/capacete-bell-mag-rally-fia-c-intercomunicadores-e-clips-hans-sz-m-cinza-titanio\/#breadcrumb\"},\"inLanguage\":\"fr-FR\",\"potentialAction\":[{\"@type\":\"ReadAction\",\"target\":[\"https:\/\/autobarbosa.com\/fr\/produto\/capacete-bell-mag-rally-fia-c-intercomunicadores-e-clips-hans-sz-m-cinza-titanio\/\"]}]},{\"@type\":\"BreadcrumbList\",\"@id\":\"https:\/\/autobarbosa.com\/fr\/produto\/capacete-bell-mag-rally-fia-c-intercomunicadores-e-clips-hans-sz-m-cinza-titanio\/#breadcrumb\",\"itemListElement\":[{\"@type\":\"ListItem\",\"position\":1,\"name\":\"In\u00edcio\",\"item\":\"https:\/\/autobarbosa.com\/fr\/\"},{\"@type\":\"ListItem\",\"position\":2,\"name\":\"Loja\",\"item\":\"https:\/\/autobarbosa.com\/\"},{\"@type\":\"ListItem\",\"position\":3,\"name\":\"CAPACETE BELL &#8211; MAG RALLY FIA C\/ INTERCOMUNICADORES E CLIPS HANS SZ M &#8211; CINZA TITANIO\"}]},{\"@type\":\"WebSite\",\"@id\":\"https:\/\/autobarbosa.com\/fr\/#website\",\"url\":\"https:\/\/autobarbosa.com\/fr\/\",\"name\":\"Oficina de manuten\u00e7\u00e3o e repara\u00e7\u00e3o de veiculos automoveis em S. Miguel, A\u00e7ores - Auto Barbosa\",\"description\":\"Auto Barbosa\",\"publisher\":{\"@id\":\"https:\/\/autobarbosa.com\/fr\/#organization\"},\"potentialAction\":[{\"@type\":\"SearchAction\",\"target\":{\"@type\":\"EntryPoint\",\"urlTemplate\":\"https:\/\/autobarbosa.com\/fr\/?s={search_term_string}\"},\"query-input\":\"required name=search_term_string\"}],\"inLanguage\":\"fr-FR\"},{\"@type\":\"Organization\",\"@id\":\"https:\/\/autobarbosa.com\/fr\/#organization\",\"name\":\"Oficina de manuten\u00e7\u00e3o e repara\u00e7\u00e3o de veiculos automoveis em S. Miguel, A\u00e7ores - Auto Barbosa\",\"url\":\"https:\/\/autobarbosa.com\/fr\/\",\"logo\":{\"@type\":\"ImageObject\",\"inLanguage\":\"fr-FR\",\"@id\":\"https:\/\/autobarbosa.com\/fr\/#\/schema\/logo\/image\/\",\"url\":\"https:\/\/autobarbosa.com\/wp-content\/uploads\/2023\/03\/AUTO-BARBOSA-LOGO-1-e1678715539111.png\",\"contentUrl\":\"https:\/\/autobarbosa.com\/wp-content\/uploads\/2023\/03\/AUTO-BARBOSA-LOGO-1-e1678715539111.png\",\"width\":3233,\"height\":3233,\"caption\":\"Oficina de manuten\u00e7\u00e3o e repara\u00e7\u00e3o de veiculos automoveis em S. Miguel, A\u00e7ores - Auto Barbosa\"},\"image\":{\"@id\":\"https:\/\/autobarbosa.com\/fr\/#\/schema\/logo\/image\/\"},\"sameAs\":[\"https:\/\/www.facebook.com\/autobarbosaoficina\",\"https:\/\/www.instagram.com\/autobarbosa.oficina\/\"]}]}<\/script>\n<!-- \/ Yoast SEO plugin. -->","yoast_head_json":{"title":"CAPACETE BELL - MAG RALLY FIA C\/ INTERCOMUNICADORES E CLIPS HANS SZ M - CINZA TITANIO - Oficina de manuten\u00e7\u00e3o e repara\u00e7\u00e3o de veiculos automoveis em S. Miguel, A\u00e7ores - Auto Barbosa","robots":{"index":"index","follow":"follow","max-snippet":"max-snippet:-1","max-image-preview":"max-image-preview:large","max-video-preview":"max-video-preview:-1"},"canonical":"https:\/\/autobarbosa.com\/fr\/produto\/capacete-bell-mag-rally-fia-c-intercomunicadores-e-clips-hans-sz-m-cinza-titanio\/","og_locale":"fr_FR","og_type":"article","og_title":"CAPACETE BELL - MAG RALLY FIA C\/ INTERCOMUNICADORES E CLIPS HANS SZ M - CINZA TITANIO - Oficina de manuten\u00e7\u00e3o e repara\u00e7\u00e3o de veiculos automoveis em S. Miguel, A\u00e7ores - Auto Barbosa","og_description":"Capacete Jet BELL MAG Rally (HANS) FIA 8859-2024  Capacete Jet com casco composto de alta qualidade. Revestimento multidensidade e multipe\u00e7as para maximizar a absor\u00e7\u00e3o de energia e o desempenho de impacto. Bon\u00e9 com viseira solar antirreflexo.  Clipes originais do Hans. Aprova\u00e7\u00e3o: FIA 8859-2024  Cor: Cinza tit\u00e2nio. Tamanhos dispon\u00edveis: S (57\/58), M (58\/59), L (60\/61), XL (61\/61+), XXL (63\/64), XXXL (65\/66), 4XL (67\/68).","og_url":"https:\/\/autobarbosa.com\/fr\/produto\/capacete-bell-mag-rally-fia-c-intercomunicadores-e-clips-hans-sz-m-cinza-titanio\/","og_site_name":"Oficina de manuten\u00e7\u00e3o e repara\u00e7\u00e3o de veiculos automoveis em S. Miguel, A\u00e7ores - Auto Barbosa","article_publisher":"https:\/\/www.facebook.com\/autobarbosaoficina","twitter_card":"summary_large_image","schema":{"@context":"https:\/\/schema.org","@graph":[{"@type":"WebPage","@id":"https:\/\/autobarbosa.com\/fr\/produto\/capacete-bell-mag-rally-fia-c-intercomunicadores-e-clips-hans-sz-m-cinza-titanio\/","url":"https:\/\/autobarbosa.com\/fr\/produto\/capacete-bell-mag-rally-fia-c-intercomunicadores-e-clips-hans-sz-m-cinza-titanio\/","name":"CAPACETE BELL - MAG RALLY FIA C\/ INTERCOMUNICADORES E CLIPS HANS SZ M - CINZA TITANIO - Oficina de manuten\u00e7\u00e3o e repara\u00e7\u00e3o de veiculos automoveis em S. Miguel, A\u00e7ores - Auto Barbosa","isPartOf":{"@id":"https:\/\/autobarbosa.com\/fr\/#website"},"datePublished":"2025-12-16T08:09:25+00:00","dateModified":"2025-12-16T08:09:25+00:00","breadcrumb":{"@id":"https:\/\/autobarbosa.com\/fr\/produto\/capacete-bell-mag-rally-fia-c-intercomunicadores-e-clips-hans-sz-m-cinza-titanio\/#breadcrumb"},"inLanguage":"fr-FR","potentialAction":[{"@type":"ReadAction","target":["https:\/\/autobarbosa.com\/fr\/produto\/capacete-bell-mag-rally-fia-c-intercomunicadores-e-clips-hans-sz-m-cinza-titanio\/"]}]},{"@type":"BreadcrumbList","@id":"https:\/\/autobarbosa.com\/fr\/produto\/capacete-bell-mag-rally-fia-c-intercomunicadores-e-clips-hans-sz-m-cinza-titanio\/#breadcrumb","itemListElement":[{"@type":"ListItem","position":1,"name":"In\u00edcio","item":"https:\/\/autobarbosa.com\/fr\/"},{"@type":"ListItem","position":2,"name":"Loja","item":"https:\/\/autobarbosa.com\/"},{"@type":"ListItem","position":3,"name":"CAPACETE BELL &#8211; MAG RALLY FIA C\/ INTERCOMUNICADORES E CLIPS HANS SZ M &#8211; CINZA TITANIO"}]},{"@type":"WebSite","@id":"https:\/\/autobarbosa.com\/fr\/#website","url":"https:\/\/autobarbosa.com\/fr\/","name":"Oficina de manuten\u00e7\u00e3o e repara\u00e7\u00e3o de veiculos automoveis em S. Miguel, A\u00e7ores - Auto Barbosa","description":"Auto Barbosa","publisher":{"@id":"https:\/\/autobarbosa.com\/fr\/#organization"},"potentialAction":[{"@type":"SearchAction","target":{"@type":"EntryPoint","urlTemplate":"https:\/\/autobarbosa.com\/fr\/?s={search_term_string}"},"query-input":"required name=search_term_string"}],"inLanguage":"fr-FR"},{"@type":"Organization","@id":"https:\/\/autobarbosa.com\/fr\/#organization","name":"Oficina de manuten\u00e7\u00e3o e repara\u00e7\u00e3o de veiculos automoveis em S. Miguel, A\u00e7ores - Auto Barbosa","url":"https:\/\/autobarbosa.com\/fr\/","logo":{"@type":"ImageObject","inLanguage":"fr-FR","@id":"https:\/\/autobarbosa.com\/fr\/#\/schema\/logo\/image\/","url":"https:\/\/autobarbosa.com\/wp-content\/uploads\/2023\/03\/AUTO-BARBOSA-LOGO-1-e1678715539111.png","contentUrl":"https:\/\/autobarbosa.com\/wp-content\/uploads\/2023\/03\/AUTO-BARBOSA-LOGO-1-e1678715539111.png","width":3233,"height":3233,"caption":"Oficina de manuten\u00e7\u00e3o e repara\u00e7\u00e3o de veiculos automoveis em S. Miguel, A\u00e7ores - Auto Barbosa"},"image":{"@id":"https:\/\/autobarbosa.com\/fr\/#\/schema\/logo\/image\/"},"sameAs":["https:\/\/www.facebook.com\/autobarbosaoficina","https:\/\/www.instagram.com\/autobarbosa.oficina\/"]}]}},"_links":{"self":[{"href":"https:\/\/autobarbosa.com\/fr\/wp-json\/wp\/v3\/product\/20235","targetHints":{"allow":["GET"]}}],"collection":[{"href":"https:\/\/autobarbosa.com\/fr\/wp-json\/wp\/v3\/product"}],"about":[{"href":"https:\/\/autobarbosa.com\/fr\/wp-json\/wp\/v2\/types\/product"}],"wp:attachment":[{"href":"https:\/\/autobarbosa.com\/fr\/wp-json\/wp\/v2\/media?parent=20235"}],"wp:term":[{"taxonomy":"product_cat","embeddable":true,"href":"https:\/\/autobarbosa.com\/fr\/wp-json\/wp\/v2\/product_cat?post=20235"},{"taxonomy":"product_tag","embeddable":true,"href":"https:\/\/autobarbosa.com\/fr\/wp-json\/wp\/v2\/product_tag?post=20235"},{"taxonomy":"marca","embeddable":true,"href":"https:\/\/autobarbosa.com\/fr\/wp-json\/wp\/v2\/marca?post=20235"}],"curies":[{"name":"wp","href":"https:\/\/api.w.org\/{rel}","templated":true}]}}