{"id":20267,"date":"2025-12-16T07:09:35","date_gmt":"2025-12-16T08:09:35","guid":{"rendered":"https:\/\/autobarbosa.com\/produto\/indicador-de-velocidades-digital-cartec-p-obd2\/"},"modified":"2025-12-16T07:09:35","modified_gmt":"2025-12-16T08:09:35","slug":"indicador-de-velocidades-digital-cartec-p-obd2","status":"publish","type":"product","link":"https:\/\/autobarbosa.com\/fr\/produto\/indicador-de-velocidades-digital-cartec-p-obd2\/","title":{"rendered":"INDICADOR DE VELOCIDADES DIGITAL CARTEC P\/ OBD2"},"content":{"rendered":"<p>Indicador de marcha CARTEK<\/p>\n<p>A CARTEK oferece uma solu\u00e7\u00e3o 2 em 1, incluindo um indicador de marcha e um indicador de mudan\u00e7a de marcha ideal.<br \/>\nA marcha engatada \u00e9 exibida em uma grande tela digital com cores configur\u00e1veis, enquanto a fun\u00e7\u00e3o shift light \u00e9 indicada por 8 LEDs configur\u00e1veis \u200b\u200bna parte superior da caixa.<\/p>\n<p>Voc\u00ea pode escolher entre seis sequ\u00eancias diferentes de LED de luz de mudan\u00e7a e sete cores de exibi\u00e7\u00e3o de marchas.<br \/>\nCapacidade de exibi\u00e7\u00e3o de 8 velocidades, al\u00e9m de marcha r\u00e9 (R) e ponto morto (N).<br \/>\nBrilho ajust\u00e1vel do dispositivo para se adequar \u00e0 condu\u00e7\u00e3o diurna e noturna.<\/p>\n<p>Dispon\u00edvel nas vers\u00f5es OBDII ou CLUB (anal\u00f3gica):<br \/>\n&#8211; A vers\u00e3o OBDII pode ser instalada em carros com c\u00e2mbio H-shift, DSG ou autom\u00e1tico com uma simples conex\u00e3o \u00e0 ECU do carro.<br \/>\n&#8211; A vers\u00e3o CLUB requer uma instala\u00e7\u00e3o mais complexa, mas tamb\u00e9m possui um sensor dedicado \u00e0s caixas de c\u00e2mbio sequenciais.<\/p>\n<p>Dimens\u00f5es:<br \/>\nAltura: 62 mm.<br \/>\nLargura: 50 mm.<br \/>\nProfundidade: 22,5 mm.<\/p>\n","protected":false},"excerpt":{"rendered":"<p>Indicador de marcha CARTEK<\/p>\n<p>A CARTEK oferece uma solu\u00e7\u00e3o 2 em 1, incluindo um indicador de marcha e um indicador de mudan\u00e7a de marcha ideal.<br \/>\nA marcha engatada \u00e9 exibida em uma grande tela digital com cores configur\u00e1veis, enquanto a fun\u00e7\u00e3o shift light \u00e9 indicada por 8 LEDs configur\u00e1veis \u200b\u200bna parte superior da caixa.<\/p>\n<p>Voc\u00ea pode escolher entre seis sequ\u00eancias diferentes de LED de luz de mudan\u00e7a e sete cores de exibi\u00e7\u00e3o de marchas.<br \/>\nCapacidade de exibi\u00e7\u00e3o de 8 velocidades, al\u00e9m de marcha r\u00e9 (R) e ponto morto (N).<br \/>\nBrilho ajust\u00e1vel do dispositivo para se adequar \u00e0 condu\u00e7\u00e3o diurna e noturna.<\/p>\n<p>Dispon\u00edvel nas vers\u00f5es OBDII ou CLUB (anal\u00f3gica):<br \/>\n&#8211; A vers\u00e3o OBDII pode ser instalada em carros com c\u00e2mbio H-shift, DSG ou autom\u00e1tico com uma simples conex\u00e3o \u00e0 ECU do carro.<br \/>\n&#8211; A vers\u00e3o CLUB requer uma instala\u00e7\u00e3o mais complexa, mas tamb\u00e9m possui um sensor dedicado \u00e0s caixas de c\u00e2mbio sequenciais.<\/p>\n<p>Dimens\u00f5es:<br \/>\nAltura: 62 mm.<br \/>\nLargura: 50 mm.<br \/>\nProfundidade: 22,5 mm.<\/p>\n","protected":false},"featured_media":0,"template":"","meta":[],"product_cat":[480],"product_tag":[],"marca":[982],"class_list":["post-20267","product","type-product","status-publish","hentry","product_cat-caixa-velocidades","marca-cartec"],"yoast_head":"<!-- This site is optimized with the Yoast SEO plugin v20.5 - https:\/\/yoast.com\/wordpress\/plugins\/seo\/ -->\n<title>INDICADOR DE VELOCIDADES DIGITAL CARTEC P\/ OBD2 - Oficina de manuten\u00e7\u00e3o e repara\u00e7\u00e3o de veiculos automoveis em S. Miguel, A\u00e7ores - Auto Barbosa<\/title>\n<meta name=\"robots\" content=\"index, follow, max-snippet:-1, max-image-preview:large, max-video-preview:-1\" \/>\n<link rel=\"canonical\" href=\"https:\/\/autobarbosa.com\/fr\/produto\/indicador-de-velocidades-digital-cartec-p-obd2\/\" \/>\n<meta property=\"og:locale\" content=\"fr_FR\" \/>\n<meta property=\"og:type\" content=\"article\" \/>\n<meta property=\"og:title\" content=\"INDICADOR DE VELOCIDADES DIGITAL CARTEC P\/ OBD2 - Oficina de manuten\u00e7\u00e3o e repara\u00e7\u00e3o de veiculos automoveis em S. Miguel, A\u00e7ores - Auto Barbosa\" \/>\n<meta property=\"og:description\" content=\"Indicador de marcha CARTEK   A CARTEK oferece uma solu\u00e7\u00e3o 2 em 1, incluindo um indicador de marcha e um indicador de mudan\u00e7a de marcha ideal. A marcha engatada \u00e9 exibida em uma grande tela digital com cores configur\u00e1veis, enquanto a fun\u00e7\u00e3o shift light \u00e9 indicada por 8 LEDs configur\u00e1veis \u200b\u200bna parte superior da caixa.  Voc\u00ea pode escolher entre seis sequ\u00eancias diferentes de LED de luz de mudan\u00e7a e sete cores de exibi\u00e7\u00e3o de marchas. Capacidade de exibi\u00e7\u00e3o de 8 velocidades, al\u00e9m de marcha r\u00e9 (R) e ponto morto (N). Brilho ajust\u00e1vel do dispositivo para se adequar \u00e0 condu\u00e7\u00e3o diurna e noturna.  Dispon\u00edvel nas vers\u00f5es OBDII ou CLUB (anal\u00f3gica): - A vers\u00e3o OBDII pode ser instalada em carros com c\u00e2mbio H-shift, DSG ou autom\u00e1tico com uma simples conex\u00e3o \u00e0 ECU do carro. - A vers\u00e3o CLUB requer uma instala\u00e7\u00e3o mais complexa, mas tamb\u00e9m possui um sensor dedicado \u00e0s caixas de c\u00e2mbio sequenciais.  Dimens\u00f5es: Altura: 62 mm. Largura: 50 mm. Profundidade: 22,5 mm.\" \/>\n<meta property=\"og:url\" content=\"https:\/\/autobarbosa.com\/fr\/produto\/indicador-de-velocidades-digital-cartec-p-obd2\/\" \/>\n<meta property=\"og:site_name\" content=\"Oficina de manuten\u00e7\u00e3o e repara\u00e7\u00e3o de veiculos automoveis em S. Miguel, A\u00e7ores - Auto Barbosa\" \/>\n<meta property=\"article:publisher\" content=\"https:\/\/www.facebook.com\/autobarbosaoficina\" \/>\n<meta name=\"twitter:card\" content=\"summary_large_image\" \/>\n<meta name=\"twitter:label1\" content=\"Dur\u00e9e de lecture estim\u00e9e\" \/>\n\t<meta name=\"twitter:data1\" content=\"1 minute\" \/>\n<script type=\"application\/ld+json\" class=\"yoast-schema-graph\">{\"@context\":\"https:\/\/schema.org\",\"@graph\":[{\"@type\":\"WebPage\",\"@id\":\"https:\/\/autobarbosa.com\/fr\/produto\/indicador-de-velocidades-digital-cartec-p-obd2\/\",\"url\":\"https:\/\/autobarbosa.com\/fr\/produto\/indicador-de-velocidades-digital-cartec-p-obd2\/\",\"name\":\"INDICADOR DE VELOCIDADES DIGITAL CARTEC P\/ OBD2 - Oficina de manuten\u00e7\u00e3o e repara\u00e7\u00e3o de veiculos automoveis em S. Miguel, A\u00e7ores - Auto Barbosa\",\"isPartOf\":{\"@id\":\"https:\/\/autobarbosa.com\/fr\/#website\"},\"datePublished\":\"2025-12-16T08:09:35+00:00\",\"dateModified\":\"2025-12-16T08:09:35+00:00\",\"breadcrumb\":{\"@id\":\"https:\/\/autobarbosa.com\/fr\/produto\/indicador-de-velocidades-digital-cartec-p-obd2\/#breadcrumb\"},\"inLanguage\":\"fr-FR\",\"potentialAction\":[{\"@type\":\"ReadAction\",\"target\":[\"https:\/\/autobarbosa.com\/fr\/produto\/indicador-de-velocidades-digital-cartec-p-obd2\/\"]}]},{\"@type\":\"BreadcrumbList\",\"@id\":\"https:\/\/autobarbosa.com\/fr\/produto\/indicador-de-velocidades-digital-cartec-p-obd2\/#breadcrumb\",\"itemListElement\":[{\"@type\":\"ListItem\",\"position\":1,\"name\":\"In\u00edcio\",\"item\":\"https:\/\/autobarbosa.com\/fr\/\"},{\"@type\":\"ListItem\",\"position\":2,\"name\":\"Loja\",\"item\":\"https:\/\/autobarbosa.com\/\"},{\"@type\":\"ListItem\",\"position\":3,\"name\":\"INDICADOR DE VELOCIDADES DIGITAL CARTEC P\/ OBD2\"}]},{\"@type\":\"WebSite\",\"@id\":\"https:\/\/autobarbosa.com\/fr\/#website\",\"url\":\"https:\/\/autobarbosa.com\/fr\/\",\"name\":\"Oficina de manuten\u00e7\u00e3o e repara\u00e7\u00e3o de veiculos automoveis em S. Miguel, A\u00e7ores - Auto Barbosa\",\"description\":\"Auto Barbosa\",\"publisher\":{\"@id\":\"https:\/\/autobarbosa.com\/fr\/#organization\"},\"potentialAction\":[{\"@type\":\"SearchAction\",\"target\":{\"@type\":\"EntryPoint\",\"urlTemplate\":\"https:\/\/autobarbosa.com\/fr\/?s={search_term_string}\"},\"query-input\":\"required name=search_term_string\"}],\"inLanguage\":\"fr-FR\"},{\"@type\":\"Organization\",\"@id\":\"https:\/\/autobarbosa.com\/fr\/#organization\",\"name\":\"Oficina de manuten\u00e7\u00e3o e repara\u00e7\u00e3o de veiculos automoveis em S. Miguel, A\u00e7ores - Auto Barbosa\",\"url\":\"https:\/\/autobarbosa.com\/fr\/\",\"logo\":{\"@type\":\"ImageObject\",\"inLanguage\":\"fr-FR\",\"@id\":\"https:\/\/autobarbosa.com\/fr\/#\/schema\/logo\/image\/\",\"url\":\"https:\/\/autobarbosa.com\/wp-content\/uploads\/2023\/03\/AUTO-BARBOSA-LOGO-1-e1678715539111.png\",\"contentUrl\":\"https:\/\/autobarbosa.com\/wp-content\/uploads\/2023\/03\/AUTO-BARBOSA-LOGO-1-e1678715539111.png\",\"width\":3233,\"height\":3233,\"caption\":\"Oficina de manuten\u00e7\u00e3o e repara\u00e7\u00e3o de veiculos automoveis em S. Miguel, A\u00e7ores - Auto Barbosa\"},\"image\":{\"@id\":\"https:\/\/autobarbosa.com\/fr\/#\/schema\/logo\/image\/\"},\"sameAs\":[\"https:\/\/www.facebook.com\/autobarbosaoficina\",\"https:\/\/www.instagram.com\/autobarbosa.oficina\/\"]}]}<\/script>\n<!-- \/ Yoast SEO plugin. -->","yoast_head_json":{"title":"INDICADOR DE VELOCIDADES DIGITAL CARTEC P\/ OBD2 - Oficina de manuten\u00e7\u00e3o e repara\u00e7\u00e3o de veiculos automoveis em S. Miguel, A\u00e7ores - Auto Barbosa","robots":{"index":"index","follow":"follow","max-snippet":"max-snippet:-1","max-image-preview":"max-image-preview:large","max-video-preview":"max-video-preview:-1"},"canonical":"https:\/\/autobarbosa.com\/fr\/produto\/indicador-de-velocidades-digital-cartec-p-obd2\/","og_locale":"fr_FR","og_type":"article","og_title":"INDICADOR DE VELOCIDADES DIGITAL CARTEC P\/ OBD2 - Oficina de manuten\u00e7\u00e3o e repara\u00e7\u00e3o de veiculos automoveis em S. Miguel, A\u00e7ores - Auto Barbosa","og_description":"Indicador de marcha CARTEK   A CARTEK oferece uma solu\u00e7\u00e3o 2 em 1, incluindo um indicador de marcha e um indicador de mudan\u00e7a de marcha ideal. A marcha engatada \u00e9 exibida em uma grande tela digital com cores configur\u00e1veis, enquanto a fun\u00e7\u00e3o shift light \u00e9 indicada por 8 LEDs configur\u00e1veis \u200b\u200bna parte superior da caixa.  Voc\u00ea pode escolher entre seis sequ\u00eancias diferentes de LED de luz de mudan\u00e7a e sete cores de exibi\u00e7\u00e3o de marchas. Capacidade de exibi\u00e7\u00e3o de 8 velocidades, al\u00e9m de marcha r\u00e9 (R) e ponto morto (N). Brilho ajust\u00e1vel do dispositivo para se adequar \u00e0 condu\u00e7\u00e3o diurna e noturna.  Dispon\u00edvel nas vers\u00f5es OBDII ou CLUB (anal\u00f3gica): - A vers\u00e3o OBDII pode ser instalada em carros com c\u00e2mbio H-shift, DSG ou autom\u00e1tico com uma simples conex\u00e3o \u00e0 ECU do carro. - A vers\u00e3o CLUB requer uma instala\u00e7\u00e3o mais complexa, mas tamb\u00e9m possui um sensor dedicado \u00e0s caixas de c\u00e2mbio sequenciais.  Dimens\u00f5es: Altura: 62 mm. Largura: 50 mm. Profundidade: 22,5 mm.","og_url":"https:\/\/autobarbosa.com\/fr\/produto\/indicador-de-velocidades-digital-cartec-p-obd2\/","og_site_name":"Oficina de manuten\u00e7\u00e3o e repara\u00e7\u00e3o de veiculos automoveis em S. Miguel, A\u00e7ores - Auto Barbosa","article_publisher":"https:\/\/www.facebook.com\/autobarbosaoficina","twitter_card":"summary_large_image","twitter_misc":{"Dur\u00e9e de lecture estim\u00e9e":"1 minute"},"schema":{"@context":"https:\/\/schema.org","@graph":[{"@type":"WebPage","@id":"https:\/\/autobarbosa.com\/fr\/produto\/indicador-de-velocidades-digital-cartec-p-obd2\/","url":"https:\/\/autobarbosa.com\/fr\/produto\/indicador-de-velocidades-digital-cartec-p-obd2\/","name":"INDICADOR DE VELOCIDADES DIGITAL CARTEC P\/ OBD2 - Oficina de manuten\u00e7\u00e3o e repara\u00e7\u00e3o de veiculos automoveis em S. Miguel, A\u00e7ores - Auto Barbosa","isPartOf":{"@id":"https:\/\/autobarbosa.com\/fr\/#website"},"datePublished":"2025-12-16T08:09:35+00:00","dateModified":"2025-12-16T08:09:35+00:00","breadcrumb":{"@id":"https:\/\/autobarbosa.com\/fr\/produto\/indicador-de-velocidades-digital-cartec-p-obd2\/#breadcrumb"},"inLanguage":"fr-FR","potentialAction":[{"@type":"ReadAction","target":["https:\/\/autobarbosa.com\/fr\/produto\/indicador-de-velocidades-digital-cartec-p-obd2\/"]}]},{"@type":"BreadcrumbList","@id":"https:\/\/autobarbosa.com\/fr\/produto\/indicador-de-velocidades-digital-cartec-p-obd2\/#breadcrumb","itemListElement":[{"@type":"ListItem","position":1,"name":"In\u00edcio","item":"https:\/\/autobarbosa.com\/fr\/"},{"@type":"ListItem","position":2,"name":"Loja","item":"https:\/\/autobarbosa.com\/"},{"@type":"ListItem","position":3,"name":"INDICADOR DE VELOCIDADES DIGITAL CARTEC P\/ OBD2"}]},{"@type":"WebSite","@id":"https:\/\/autobarbosa.com\/fr\/#website","url":"https:\/\/autobarbosa.com\/fr\/","name":"Oficina de manuten\u00e7\u00e3o e repara\u00e7\u00e3o de veiculos automoveis em S. Miguel, A\u00e7ores - Auto Barbosa","description":"Auto Barbosa","publisher":{"@id":"https:\/\/autobarbosa.com\/fr\/#organization"},"potentialAction":[{"@type":"SearchAction","target":{"@type":"EntryPoint","urlTemplate":"https:\/\/autobarbosa.com\/fr\/?s={search_term_string}"},"query-input":"required name=search_term_string"}],"inLanguage":"fr-FR"},{"@type":"Organization","@id":"https:\/\/autobarbosa.com\/fr\/#organization","name":"Oficina de manuten\u00e7\u00e3o e repara\u00e7\u00e3o de veiculos automoveis em S. Miguel, A\u00e7ores - Auto Barbosa","url":"https:\/\/autobarbosa.com\/fr\/","logo":{"@type":"ImageObject","inLanguage":"fr-FR","@id":"https:\/\/autobarbosa.com\/fr\/#\/schema\/logo\/image\/","url":"https:\/\/autobarbosa.com\/wp-content\/uploads\/2023\/03\/AUTO-BARBOSA-LOGO-1-e1678715539111.png","contentUrl":"https:\/\/autobarbosa.com\/wp-content\/uploads\/2023\/03\/AUTO-BARBOSA-LOGO-1-e1678715539111.png","width":3233,"height":3233,"caption":"Oficina de manuten\u00e7\u00e3o e repara\u00e7\u00e3o de veiculos automoveis em S. Miguel, A\u00e7ores - Auto Barbosa"},"image":{"@id":"https:\/\/autobarbosa.com\/fr\/#\/schema\/logo\/image\/"},"sameAs":["https:\/\/www.facebook.com\/autobarbosaoficina","https:\/\/www.instagram.com\/autobarbosa.oficina\/"]}]}},"_links":{"self":[{"href":"https:\/\/autobarbosa.com\/fr\/wp-json\/wp\/v3\/product\/20267","targetHints":{"allow":["GET"]}}],"collection":[{"href":"https:\/\/autobarbosa.com\/fr\/wp-json\/wp\/v3\/product"}],"about":[{"href":"https:\/\/autobarbosa.com\/fr\/wp-json\/wp\/v2\/types\/product"}],"wp:attachment":[{"href":"https:\/\/autobarbosa.com\/fr\/wp-json\/wp\/v2\/media?parent=20267"}],"wp:term":[{"taxonomy":"product_cat","embeddable":true,"href":"https:\/\/autobarbosa.com\/fr\/wp-json\/wp\/v2\/product_cat?post=20267"},{"taxonomy":"product_tag","embeddable":true,"href":"https:\/\/autobarbosa.com\/fr\/wp-json\/wp\/v2\/product_tag?post=20267"},{"taxonomy":"marca","embeddable":true,"href":"https:\/\/autobarbosa.com\/fr\/wp-json\/wp\/v2\/marca?post=20267"}],"curies":[{"name":"wp","href":"https:\/\/api.w.org\/{rel}","templated":true}]}}