{"id":20275,"date":"2025-12-16T07:09:38","date_gmt":"2025-12-16T08:09:38","guid":{"rendered":"https:\/\/autobarbosa.com\/produto\/rolo-pala-vermelho-2500mm-x-400mm-x-4-mm\/"},"modified":"2026-02-25T19:10:45","modified_gmt":"2026-02-25T20:10:45","slug":"rolo-pala-vermelho-2500mm-x-400mm-x-4-mm","status":"publish","type":"product","link":"https:\/\/autobarbosa.com\/fr\/produto\/rolo-pala-vermelho-2500mm-x-400mm-x-4-mm\/","title":{"rendered":"ROLO DE PALA VERMELHO  2500MM X 400MM X 4 MM"},"content":{"rendered":"<p>Guarda-lamas em rolo espessura 4mm<\/p>\n<p>Prote\u00e7\u00e3o ideal contra lama e sali\u00eancias de pedras e cascalho.<br \/>\nFlex\u00edvel e resistente.<br \/>\nEm PVC, entregues individualmente e sem suporte.<br \/>\nEm conformidade com os regulamentos da FFSA.<br \/>\nEspessura: 4mm.<br \/>\nDimens\u00f5es: (L) 2500 x (L) 400mm.<br \/>\nCores: Vermelho, preto.<\/p>\n","protected":false},"excerpt":{"rendered":"<p>Guarda-lamas em rolo espessura 4mm<\/p>\n<p>Prote\u00e7\u00e3o ideal contra lama e sali\u00eancias de pedras e cascalho.<br \/>\nFlex\u00edvel e resistente.<br \/>\nEm PVC, entregues individualmente e sem suporte.<br \/>\nEm conformidade com os regulamentos da FFSA.<br \/>\nEspessura: 4mm.<br \/>\nDimens\u00f5es: (L) 2500 x (L) 400mm.<br \/>\nCores: Vermelho, preto.<\/p>\n","protected":false},"featured_media":20271,"template":"","meta":[],"product_cat":[547],"product_tag":[],"marca":[143],"class_list":["post-20275","product","type-product","status-publish","has-post-thumbnail","hentry","product_cat-palas-de-roda","marca-oreca"],"yoast_head":"<!-- This site is optimized with the Yoast SEO plugin v20.5 - https:\/\/yoast.com\/wordpress\/plugins\/seo\/ -->\n<title>ROLO DE PALA VERMELHO 2500MM X 400MM X 4 MM - Oficina de manuten\u00e7\u00e3o e repara\u00e7\u00e3o de veiculos automoveis em S. Miguel, A\u00e7ores - Auto Barbosa<\/title>\n<meta name=\"robots\" content=\"index, follow, max-snippet:-1, max-image-preview:large, max-video-preview:-1\" \/>\n<link rel=\"canonical\" href=\"https:\/\/autobarbosa.com\/fr\/produto\/rolo-pala-vermelho-2500mm-x-400mm-x-4-mm\/\" \/>\n<meta property=\"og:locale\" content=\"fr_FR\" \/>\n<meta property=\"og:type\" content=\"article\" \/>\n<meta property=\"og:title\" content=\"ROLO DE PALA VERMELHO 2500MM X 400MM X 4 MM - Oficina de manuten\u00e7\u00e3o e repara\u00e7\u00e3o de veiculos automoveis em S. Miguel, A\u00e7ores - Auto Barbosa\" \/>\n<meta property=\"og:description\" content=\"Guarda-lamas em rolo espessura 4mm  Prote\u00e7\u00e3o ideal contra lama e sali\u00eancias de pedras e cascalho. Flex\u00edvel e resistente. Em PVC, entregues individualmente e sem suporte. Em conformidade com os regulamentos da FFSA. Espessura: 4mm. Dimens\u00f5es: (L) 2500 x (L) 400mm. Cores: Vermelho, preto.\" \/>\n<meta property=\"og:url\" content=\"https:\/\/autobarbosa.com\/fr\/produto\/rolo-pala-vermelho-2500mm-x-400mm-x-4-mm\/\" \/>\n<meta property=\"og:site_name\" content=\"Oficina de manuten\u00e7\u00e3o e repara\u00e7\u00e3o de veiculos automoveis em S. Miguel, A\u00e7ores - Auto Barbosa\" \/>\n<meta property=\"article:publisher\" content=\"https:\/\/www.facebook.com\/autobarbosaoficina\" \/>\n<meta property=\"article:modified_time\" content=\"2026-02-25T20:10:45+00:00\" \/>\n<meta property=\"og:image\" content=\"https:\/\/autobarbosa.com\/wp-content\/uploads\/2025\/12\/8gr024mrouleau.png\" \/>\n\t<meta property=\"og:image:width\" content=\"800\" \/>\n\t<meta property=\"og:image:height\" content=\"800\" \/>\n\t<meta property=\"og:image:type\" content=\"image\/png\" \/>\n<meta name=\"twitter:card\" content=\"summary_large_image\" \/>\n<script type=\"application\/ld+json\" class=\"yoast-schema-graph\">{\"@context\":\"https:\/\/schema.org\",\"@graph\":[{\"@type\":\"WebPage\",\"@id\":\"https:\/\/autobarbosa.com\/fr\/produto\/rolo-pala-vermelho-2500mm-x-400mm-x-4-mm\/\",\"url\":\"https:\/\/autobarbosa.com\/fr\/produto\/rolo-pala-vermelho-2500mm-x-400mm-x-4-mm\/\",\"name\":\"ROLO DE PALA VERMELHO 2500MM X 400MM X 4 MM - Oficina de manuten\u00e7\u00e3o e repara\u00e7\u00e3o de veiculos automoveis em S. Miguel, A\u00e7ores - Auto Barbosa\",\"isPartOf\":{\"@id\":\"https:\/\/autobarbosa.com\/fr\/#website\"},\"datePublished\":\"2025-12-16T08:09:38+00:00\",\"dateModified\":\"2026-02-25T20:10:45+00:00\",\"breadcrumb\":{\"@id\":\"https:\/\/autobarbosa.com\/fr\/produto\/rolo-pala-vermelho-2500mm-x-400mm-x-4-mm\/#breadcrumb\"},\"inLanguage\":\"fr-FR\",\"potentialAction\":[{\"@type\":\"ReadAction\",\"target\":[\"https:\/\/autobarbosa.com\/fr\/produto\/rolo-pala-vermelho-2500mm-x-400mm-x-4-mm\/\"]}]},{\"@type\":\"BreadcrumbList\",\"@id\":\"https:\/\/autobarbosa.com\/fr\/produto\/rolo-pala-vermelho-2500mm-x-400mm-x-4-mm\/#breadcrumb\",\"itemListElement\":[{\"@type\":\"ListItem\",\"position\":1,\"name\":\"In\u00edcio\",\"item\":\"https:\/\/autobarbosa.com\/fr\/\"},{\"@type\":\"ListItem\",\"position\":2,\"name\":\"Loja\",\"item\":\"https:\/\/autobarbosa.com\/\"},{\"@type\":\"ListItem\",\"position\":3,\"name\":\"ROLO DE PALA VERMELHO 2500MM X 400MM X 4 MM\"}]},{\"@type\":\"WebSite\",\"@id\":\"https:\/\/autobarbosa.com\/fr\/#website\",\"url\":\"https:\/\/autobarbosa.com\/fr\/\",\"name\":\"Oficina de manuten\u00e7\u00e3o e repara\u00e7\u00e3o de veiculos automoveis em S. Miguel, A\u00e7ores - Auto Barbosa\",\"description\":\"Auto Barbosa\",\"publisher\":{\"@id\":\"https:\/\/autobarbosa.com\/fr\/#organization\"},\"potentialAction\":[{\"@type\":\"SearchAction\",\"target\":{\"@type\":\"EntryPoint\",\"urlTemplate\":\"https:\/\/autobarbosa.com\/fr\/?s={search_term_string}\"},\"query-input\":\"required name=search_term_string\"}],\"inLanguage\":\"fr-FR\"},{\"@type\":\"Organization\",\"@id\":\"https:\/\/autobarbosa.com\/fr\/#organization\",\"name\":\"Oficina de manuten\u00e7\u00e3o e repara\u00e7\u00e3o de veiculos automoveis em S. Miguel, A\u00e7ores - Auto Barbosa\",\"url\":\"https:\/\/autobarbosa.com\/fr\/\",\"logo\":{\"@type\":\"ImageObject\",\"inLanguage\":\"fr-FR\",\"@id\":\"https:\/\/autobarbosa.com\/fr\/#\/schema\/logo\/image\/\",\"url\":\"https:\/\/autobarbosa.com\/wp-content\/uploads\/2023\/03\/AUTO-BARBOSA-LOGO-1-e1678715539111.png\",\"contentUrl\":\"https:\/\/autobarbosa.com\/wp-content\/uploads\/2023\/03\/AUTO-BARBOSA-LOGO-1-e1678715539111.png\",\"width\":3233,\"height\":3233,\"caption\":\"Oficina de manuten\u00e7\u00e3o e repara\u00e7\u00e3o de veiculos automoveis em S. Miguel, A\u00e7ores - Auto Barbosa\"},\"image\":{\"@id\":\"https:\/\/autobarbosa.com\/fr\/#\/schema\/logo\/image\/\"},\"sameAs\":[\"https:\/\/www.facebook.com\/autobarbosaoficina\",\"https:\/\/www.instagram.com\/autobarbosa.oficina\/\"]}]}<\/script>\n<!-- \/ Yoast SEO plugin. -->","yoast_head_json":{"title":"ROLO DE PALA VERMELHO 2500MM X 400MM X 4 MM - Oficina de manuten\u00e7\u00e3o e repara\u00e7\u00e3o de veiculos automoveis em S. Miguel, A\u00e7ores - Auto Barbosa","robots":{"index":"index","follow":"follow","max-snippet":"max-snippet:-1","max-image-preview":"max-image-preview:large","max-video-preview":"max-video-preview:-1"},"canonical":"https:\/\/autobarbosa.com\/fr\/produto\/rolo-pala-vermelho-2500mm-x-400mm-x-4-mm\/","og_locale":"fr_FR","og_type":"article","og_title":"ROLO DE PALA VERMELHO 2500MM X 400MM X 4 MM - Oficina de manuten\u00e7\u00e3o e repara\u00e7\u00e3o de veiculos automoveis em S. Miguel, A\u00e7ores - Auto Barbosa","og_description":"Guarda-lamas em rolo espessura 4mm  Prote\u00e7\u00e3o ideal contra lama e sali\u00eancias de pedras e cascalho. Flex\u00edvel e resistente. Em PVC, entregues individualmente e sem suporte. Em conformidade com os regulamentos da FFSA. Espessura: 4mm. Dimens\u00f5es: (L) 2500 x (L) 400mm. Cores: Vermelho, preto.","og_url":"https:\/\/autobarbosa.com\/fr\/produto\/rolo-pala-vermelho-2500mm-x-400mm-x-4-mm\/","og_site_name":"Oficina de manuten\u00e7\u00e3o e repara\u00e7\u00e3o de veiculos automoveis em S. Miguel, A\u00e7ores - Auto Barbosa","article_publisher":"https:\/\/www.facebook.com\/autobarbosaoficina","article_modified_time":"2026-02-25T20:10:45+00:00","og_image":[{"width":800,"height":800,"url":"https:\/\/autobarbosa.com\/wp-content\/uploads\/2025\/12\/8gr024mrouleau.png","type":"image\/png"}],"twitter_card":"summary_large_image","schema":{"@context":"https:\/\/schema.org","@graph":[{"@type":"WebPage","@id":"https:\/\/autobarbosa.com\/fr\/produto\/rolo-pala-vermelho-2500mm-x-400mm-x-4-mm\/","url":"https:\/\/autobarbosa.com\/fr\/produto\/rolo-pala-vermelho-2500mm-x-400mm-x-4-mm\/","name":"ROLO DE PALA VERMELHO 2500MM X 400MM X 4 MM - Oficina de manuten\u00e7\u00e3o e repara\u00e7\u00e3o de veiculos automoveis em S. Miguel, A\u00e7ores - Auto Barbosa","isPartOf":{"@id":"https:\/\/autobarbosa.com\/fr\/#website"},"datePublished":"2025-12-16T08:09:38+00:00","dateModified":"2026-02-25T20:10:45+00:00","breadcrumb":{"@id":"https:\/\/autobarbosa.com\/fr\/produto\/rolo-pala-vermelho-2500mm-x-400mm-x-4-mm\/#breadcrumb"},"inLanguage":"fr-FR","potentialAction":[{"@type":"ReadAction","target":["https:\/\/autobarbosa.com\/fr\/produto\/rolo-pala-vermelho-2500mm-x-400mm-x-4-mm\/"]}]},{"@type":"BreadcrumbList","@id":"https:\/\/autobarbosa.com\/fr\/produto\/rolo-pala-vermelho-2500mm-x-400mm-x-4-mm\/#breadcrumb","itemListElement":[{"@type":"ListItem","position":1,"name":"In\u00edcio","item":"https:\/\/autobarbosa.com\/fr\/"},{"@type":"ListItem","position":2,"name":"Loja","item":"https:\/\/autobarbosa.com\/"},{"@type":"ListItem","position":3,"name":"ROLO DE PALA VERMELHO 2500MM X 400MM X 4 MM"}]},{"@type":"WebSite","@id":"https:\/\/autobarbosa.com\/fr\/#website","url":"https:\/\/autobarbosa.com\/fr\/","name":"Oficina de manuten\u00e7\u00e3o e repara\u00e7\u00e3o de veiculos automoveis em S. Miguel, A\u00e7ores - Auto Barbosa","description":"Auto Barbosa","publisher":{"@id":"https:\/\/autobarbosa.com\/fr\/#organization"},"potentialAction":[{"@type":"SearchAction","target":{"@type":"EntryPoint","urlTemplate":"https:\/\/autobarbosa.com\/fr\/?s={search_term_string}"},"query-input":"required name=search_term_string"}],"inLanguage":"fr-FR"},{"@type":"Organization","@id":"https:\/\/autobarbosa.com\/fr\/#organization","name":"Oficina de manuten\u00e7\u00e3o e repara\u00e7\u00e3o de veiculos automoveis em S. Miguel, A\u00e7ores - Auto Barbosa","url":"https:\/\/autobarbosa.com\/fr\/","logo":{"@type":"ImageObject","inLanguage":"fr-FR","@id":"https:\/\/autobarbosa.com\/fr\/#\/schema\/logo\/image\/","url":"https:\/\/autobarbosa.com\/wp-content\/uploads\/2023\/03\/AUTO-BARBOSA-LOGO-1-e1678715539111.png","contentUrl":"https:\/\/autobarbosa.com\/wp-content\/uploads\/2023\/03\/AUTO-BARBOSA-LOGO-1-e1678715539111.png","width":3233,"height":3233,"caption":"Oficina de manuten\u00e7\u00e3o e repara\u00e7\u00e3o de veiculos automoveis em S. Miguel, A\u00e7ores - Auto Barbosa"},"image":{"@id":"https:\/\/autobarbosa.com\/fr\/#\/schema\/logo\/image\/"},"sameAs":["https:\/\/www.facebook.com\/autobarbosaoficina","https:\/\/www.instagram.com\/autobarbosa.oficina\/"]}]}},"_links":{"self":[{"href":"https:\/\/autobarbosa.com\/fr\/wp-json\/wp\/v3\/product\/20275","targetHints":{"allow":["GET"]}}],"collection":[{"href":"https:\/\/autobarbosa.com\/fr\/wp-json\/wp\/v3\/product"}],"about":[{"href":"https:\/\/autobarbosa.com\/fr\/wp-json\/wp\/v2\/types\/product"}],"wp:featuredmedia":[{"embeddable":true,"href":"https:\/\/autobarbosa.com\/fr\/wp-json\/wp\/v2\/media\/20271"}],"wp:attachment":[{"href":"https:\/\/autobarbosa.com\/fr\/wp-json\/wp\/v2\/media?parent=20275"}],"wp:term":[{"taxonomy":"product_cat","embeddable":true,"href":"https:\/\/autobarbosa.com\/fr\/wp-json\/wp\/v2\/product_cat?post=20275"},{"taxonomy":"product_tag","embeddable":true,"href":"https:\/\/autobarbosa.com\/fr\/wp-json\/wp\/v2\/product_tag?post=20275"},{"taxonomy":"marca","embeddable":true,"href":"https:\/\/autobarbosa.com\/fr\/wp-json\/wp\/v2\/marca?post=20275"}],"curies":[{"name":"wp","href":"https:\/\/api.w.org\/{rel}","templated":true}]}}