{"id":20299,"date":"2025-12-16T07:09:46","date_gmt":"2025-12-16T08:09:46","guid":{"rendered":"https:\/\/autobarbosa.com\/produto\/cubo-volante-ford-focus-fiesta-1998-2005\/"},"modified":"2025-12-16T07:09:46","modified_gmt":"2025-12-16T08:09:46","slug":"cubo-volante-ford-focus-fiesta-1998-2005","status":"publish","type":"product","link":"https:\/\/autobarbosa.com\/fr\/produto\/cubo-volante-ford-focus-fiesta-1998-2005\/","title":{"rendered":"CUBO VOLANTE FORD &#8211; FOCUS\/ FIESTA 1998-2005"},"content":{"rendered":"<p>Cubo de volante MOMO para FORD Fiesta \/ Focus<\/p>\n<p>6 boas raz\u00f5es para confiar nos cubos MOMO:<br \/>\n1. MOMO oferece a mais ampla gama do mercado.<br \/>\n2. MOMO oferece o equipamento mais adequado para cada ve\u00edculo, tanto em termos de tamanho quanto de apar\u00eancia.<br \/>\n3. Cada hub MOMO foi desenvolvido e testado em condi\u00e7\u00f5es reais de ve\u00edculos.<br \/>\n4. A MOMO utiliza materiais de alta qualidade na fabrica\u00e7\u00e3o de seus hubs.<br \/>\n5. MOMO se beneficia da experi\u00eancia adquirida em muitos anos de coopera\u00e7\u00e3o direta com fabricantes de autom\u00f3veis.<br \/>\n6. Todos os hubs MOMO s\u00e3o fabricados na It\u00e1lia.<\/p>\n<p>Indispens\u00e1vel para consertar seu volante.<br \/>\nCompat\u00edvel com todos os volantes de 6 furos MOMO, TURN ONE, SPARCO, OMP (dist\u00e2ncia central de 70 mm).<br \/>\nFornecido com parafusos, chave allen e placa de montagem para bot\u00e3o de buzina.<br \/>\nTamb\u00e9m \u00e9 fornecido com o kit de cablagens que permite a desativa\u00e7\u00e3o da luz avisadora do airbag se o cubo for dedicado apenas a ve\u00edculos equipados com airbag.<br \/>\nBot\u00e3o de buzina opcional (ref. 615000).<\/p>\n<p>Adequado para:<br \/>\n&#8211; FORD FIESTA de 2004 a 2008 (com airbag)<br \/>\n&#8211; FORD FIESTA de 2008 a 2010 (com airbag)<br \/>\n&#8211; FORD FIESTA de 2011 a 2013 (com airbag)<br \/>\n&#8211; FORD FOCUS &#8211; 1 Gen de 1998 a 2005 (com airbag)<br \/>\n&#8211; FORD FOCUS &#8211; 2 Gen de 2004 a 2011 (com airbag)<br \/>\n&#8211; FORD FOCUS &#8211; 3 Gen de 2011 (com airbag)<br \/>\n&#8211; FORD MONDEO de 2001 (com airbag)<br \/>\n&#8211; FORD MUSTANG GT de 2007 (com airbag)<br \/>\n&#8211; MAZDA MAZDA II de 2002 a 2007 (com airbag)<br \/>\n&#8211; VOLVO C30 de 2007 (com airbag)<\/p>\n","protected":false},"excerpt":{"rendered":"<p>Cubo de volante MOMO para FORD Fiesta \/ Focus<\/p>\n<p>6 boas raz\u00f5es para confiar nos cubos MOMO:<br \/>\n1. MOMO oferece a mais ampla gama do mercado.<br \/>\n2. MOMO oferece o equipamento mais adequado para cada ve\u00edculo, tanto em termos de tamanho quanto de apar\u00eancia.<br \/>\n3. Cada hub MOMO foi desenvolvido e testado em condi\u00e7\u00f5es reais de ve\u00edculos.<br \/>\n4. A MOMO utiliza materiais de alta qualidade na fabrica\u00e7\u00e3o de seus hubs.<br \/>\n5. MOMO se beneficia da experi\u00eancia adquirida em muitos anos de coopera\u00e7\u00e3o direta com fabricantes de autom\u00f3veis.<br \/>\n6. Todos os hubs MOMO s\u00e3o fabricados na It\u00e1lia.<\/p>\n<p>Indispens\u00e1vel para consertar seu volante.<br \/>\nCompat\u00edvel com todos os volantes de 6 furos MOMO, TURN ONE, SPARCO, OMP (dist\u00e2ncia central de 70 mm).<br \/>\nFornecido com parafusos, chave allen e placa de montagem para bot\u00e3o de buzina.<br \/>\nTamb\u00e9m \u00e9 fornecido com o kit de cablagens que permite a desativa\u00e7\u00e3o da luz avisadora do airbag se o cubo for dedicado apenas a ve\u00edculos equipados com airbag.<br \/>\nBot\u00e3o de buzina opcional (ref. 615000).<\/p>\n<p>Adequado para:<br \/>\n&#8211; FORD FIESTA de 2004 a 2008 (com airbag)<br \/>\n&#8211; FORD FIESTA de 2008 a 2010 (com airbag)<br \/>\n&#8211; FORD FIESTA de 2011 a 2013 (com airbag)<br \/>\n&#8211; FORD FOCUS &#8211; 1 Gen de 1998 a 2005 (com airbag)<br \/>\n&#8211; FORD FOCUS &#8211; 2 Gen de 2004 a 2011 (com airbag)<br \/>\n&#8211; FORD FOCUS &#8211; 3 Gen de 2011 (com airbag)<br \/>\n&#8211; FORD MONDEO de 2001 (com airbag)<br \/>\n&#8211; FORD MUSTANG GT de 2007 (com airbag)<br \/>\n&#8211; MAZDA MAZDA II de 2002 a 2007 (com airbag)<br \/>\n&#8211; VOLVO C30 de 2007 (com airbag)<\/p>\n","protected":false},"featured_media":0,"template":"","meta":[],"product_cat":[537],"product_tag":[],"marca":[245],"class_list":["post-20299","product","type-product","status-publish","hentry","product_cat-cubos-volante","marca-momo"],"yoast_head":"<!-- This site is optimized with the Yoast SEO plugin v20.5 - https:\/\/yoast.com\/wordpress\/plugins\/seo\/ -->\n<title>CUBO VOLANTE FORD - FOCUS\/ FIESTA 1998-2005 - Oficina de manuten\u00e7\u00e3o e repara\u00e7\u00e3o de veiculos automoveis em S. Miguel, A\u00e7ores - Auto Barbosa<\/title>\n<meta name=\"robots\" content=\"index, follow, max-snippet:-1, max-image-preview:large, max-video-preview:-1\" \/>\n<link rel=\"canonical\" href=\"https:\/\/autobarbosa.com\/fr\/produto\/cubo-volante-ford-focus-fiesta-1998-2005\/\" \/>\n<meta property=\"og:locale\" content=\"fr_FR\" \/>\n<meta property=\"og:type\" content=\"article\" \/>\n<meta property=\"og:title\" content=\"CUBO VOLANTE FORD - FOCUS\/ FIESTA 1998-2005 - Oficina de manuten\u00e7\u00e3o e repara\u00e7\u00e3o de veiculos automoveis em S. Miguel, A\u00e7ores - Auto Barbosa\" \/>\n<meta property=\"og:description\" content=\"Cubo de volante MOMO para FORD Fiesta \/ Focus  6 boas raz\u00f5es para confiar nos cubos MOMO: 1. MOMO oferece a mais ampla gama do mercado. 2. MOMO oferece o equipamento mais adequado para cada ve\u00edculo, tanto em termos de tamanho quanto de apar\u00eancia. 3. Cada hub MOMO foi desenvolvido e testado em condi\u00e7\u00f5es reais de ve\u00edculos. 4. A MOMO utiliza materiais de alta qualidade na fabrica\u00e7\u00e3o de seus hubs. 5. MOMO se beneficia da experi\u00eancia adquirida em muitos anos de coopera\u00e7\u00e3o direta com fabricantes de autom\u00f3veis. 6. Todos os hubs MOMO s\u00e3o fabricados na It\u00e1lia.  Indispens\u00e1vel para consertar seu volante. Compat\u00edvel com todos os volantes de 6 furos MOMO, TURN ONE, SPARCO, OMP (dist\u00e2ncia central de 70 mm). Fornecido com parafusos, chave allen e placa de montagem para bot\u00e3o de buzina. Tamb\u00e9m \u00e9 fornecido com o kit de cablagens que permite a desativa\u00e7\u00e3o da luz avisadora do airbag se o cubo for dedicado apenas a ve\u00edculos equipados com airbag. Bot\u00e3o de buzina opcional (ref. 615000).  Adequado para: - FORD FIESTA de 2004 a 2008 (com airbag) - FORD FIESTA de 2008 a 2010 (com airbag) - FORD FIESTA de 2011 a 2013 (com airbag) - FORD FOCUS - 1 Gen de 1998 a 2005 (com airbag) - FORD FOCUS - 2 Gen de 2004 a 2011 (com airbag) - FORD FOCUS - 3 Gen de 2011 (com airbag) - FORD MONDEO de 2001 (com airbag) - FORD MUSTANG GT de 2007 (com airbag) - MAZDA MAZDA II de 2002 a 2007 (com airbag) - VOLVO C30 de 2007 (com airbag)\" \/>\n<meta property=\"og:url\" content=\"https:\/\/autobarbosa.com\/fr\/produto\/cubo-volante-ford-focus-fiesta-1998-2005\/\" \/>\n<meta property=\"og:site_name\" content=\"Oficina de manuten\u00e7\u00e3o e repara\u00e7\u00e3o de veiculos automoveis em S. Miguel, A\u00e7ores - Auto Barbosa\" \/>\n<meta property=\"article:publisher\" content=\"https:\/\/www.facebook.com\/autobarbosaoficina\" \/>\n<meta name=\"twitter:card\" content=\"summary_large_image\" \/>\n<meta name=\"twitter:label1\" content=\"Dur\u00e9e de lecture estim\u00e9e\" \/>\n\t<meta name=\"twitter:data1\" content=\"1 minute\" \/>\n<script type=\"application\/ld+json\" class=\"yoast-schema-graph\">{\"@context\":\"https:\/\/schema.org\",\"@graph\":[{\"@type\":\"WebPage\",\"@id\":\"https:\/\/autobarbosa.com\/fr\/produto\/cubo-volante-ford-focus-fiesta-1998-2005\/\",\"url\":\"https:\/\/autobarbosa.com\/fr\/produto\/cubo-volante-ford-focus-fiesta-1998-2005\/\",\"name\":\"CUBO VOLANTE FORD - FOCUS\/ FIESTA 1998-2005 - Oficina de manuten\u00e7\u00e3o e repara\u00e7\u00e3o de veiculos automoveis em S. Miguel, A\u00e7ores - Auto Barbosa\",\"isPartOf\":{\"@id\":\"https:\/\/autobarbosa.com\/fr\/#website\"},\"datePublished\":\"2025-12-16T08:09:46+00:00\",\"dateModified\":\"2025-12-16T08:09:46+00:00\",\"breadcrumb\":{\"@id\":\"https:\/\/autobarbosa.com\/fr\/produto\/cubo-volante-ford-focus-fiesta-1998-2005\/#breadcrumb\"},\"inLanguage\":\"fr-FR\",\"potentialAction\":[{\"@type\":\"ReadAction\",\"target\":[\"https:\/\/autobarbosa.com\/fr\/produto\/cubo-volante-ford-focus-fiesta-1998-2005\/\"]}]},{\"@type\":\"BreadcrumbList\",\"@id\":\"https:\/\/autobarbosa.com\/fr\/produto\/cubo-volante-ford-focus-fiesta-1998-2005\/#breadcrumb\",\"itemListElement\":[{\"@type\":\"ListItem\",\"position\":1,\"name\":\"In\u00edcio\",\"item\":\"https:\/\/autobarbosa.com\/fr\/\"},{\"@type\":\"ListItem\",\"position\":2,\"name\":\"Loja\",\"item\":\"https:\/\/autobarbosa.com\/\"},{\"@type\":\"ListItem\",\"position\":3,\"name\":\"CUBO VOLANTE FORD &#8211; FOCUS\/ FIESTA 1998-2005\"}]},{\"@type\":\"WebSite\",\"@id\":\"https:\/\/autobarbosa.com\/fr\/#website\",\"url\":\"https:\/\/autobarbosa.com\/fr\/\",\"name\":\"Oficina de manuten\u00e7\u00e3o e repara\u00e7\u00e3o de veiculos automoveis em S. Miguel, A\u00e7ores - Auto Barbosa\",\"description\":\"Auto Barbosa\",\"publisher\":{\"@id\":\"https:\/\/autobarbosa.com\/fr\/#organization\"},\"potentialAction\":[{\"@type\":\"SearchAction\",\"target\":{\"@type\":\"EntryPoint\",\"urlTemplate\":\"https:\/\/autobarbosa.com\/fr\/?s={search_term_string}\"},\"query-input\":\"required name=search_term_string\"}],\"inLanguage\":\"fr-FR\"},{\"@type\":\"Organization\",\"@id\":\"https:\/\/autobarbosa.com\/fr\/#organization\",\"name\":\"Oficina de manuten\u00e7\u00e3o e repara\u00e7\u00e3o de veiculos automoveis em S. Miguel, A\u00e7ores - Auto Barbosa\",\"url\":\"https:\/\/autobarbosa.com\/fr\/\",\"logo\":{\"@type\":\"ImageObject\",\"inLanguage\":\"fr-FR\",\"@id\":\"https:\/\/autobarbosa.com\/fr\/#\/schema\/logo\/image\/\",\"url\":\"https:\/\/autobarbosa.com\/wp-content\/uploads\/2023\/03\/AUTO-BARBOSA-LOGO-1-e1678715539111.png\",\"contentUrl\":\"https:\/\/autobarbosa.com\/wp-content\/uploads\/2023\/03\/AUTO-BARBOSA-LOGO-1-e1678715539111.png\",\"width\":3233,\"height\":3233,\"caption\":\"Oficina de manuten\u00e7\u00e3o e repara\u00e7\u00e3o de veiculos automoveis em S. Miguel, A\u00e7ores - Auto Barbosa\"},\"image\":{\"@id\":\"https:\/\/autobarbosa.com\/fr\/#\/schema\/logo\/image\/\"},\"sameAs\":[\"https:\/\/www.facebook.com\/autobarbosaoficina\",\"https:\/\/www.instagram.com\/autobarbosa.oficina\/\"]}]}<\/script>\n<!-- \/ Yoast SEO plugin. -->","yoast_head_json":{"title":"CUBO VOLANTE FORD - FOCUS\/ FIESTA 1998-2005 - Oficina de manuten\u00e7\u00e3o e repara\u00e7\u00e3o de veiculos automoveis em S. Miguel, A\u00e7ores - Auto Barbosa","robots":{"index":"index","follow":"follow","max-snippet":"max-snippet:-1","max-image-preview":"max-image-preview:large","max-video-preview":"max-video-preview:-1"},"canonical":"https:\/\/autobarbosa.com\/fr\/produto\/cubo-volante-ford-focus-fiesta-1998-2005\/","og_locale":"fr_FR","og_type":"article","og_title":"CUBO VOLANTE FORD - FOCUS\/ FIESTA 1998-2005 - Oficina de manuten\u00e7\u00e3o e repara\u00e7\u00e3o de veiculos automoveis em S. Miguel, A\u00e7ores - Auto Barbosa","og_description":"Cubo de volante MOMO para FORD Fiesta \/ Focus  6 boas raz\u00f5es para confiar nos cubos MOMO: 1. MOMO oferece a mais ampla gama do mercado. 2. MOMO oferece o equipamento mais adequado para cada ve\u00edculo, tanto em termos de tamanho quanto de apar\u00eancia. 3. Cada hub MOMO foi desenvolvido e testado em condi\u00e7\u00f5es reais de ve\u00edculos. 4. A MOMO utiliza materiais de alta qualidade na fabrica\u00e7\u00e3o de seus hubs. 5. MOMO se beneficia da experi\u00eancia adquirida em muitos anos de coopera\u00e7\u00e3o direta com fabricantes de autom\u00f3veis. 6. Todos os hubs MOMO s\u00e3o fabricados na It\u00e1lia.  Indispens\u00e1vel para consertar seu volante. Compat\u00edvel com todos os volantes de 6 furos MOMO, TURN ONE, SPARCO, OMP (dist\u00e2ncia central de 70 mm). Fornecido com parafusos, chave allen e placa de montagem para bot\u00e3o de buzina. Tamb\u00e9m \u00e9 fornecido com o kit de cablagens que permite a desativa\u00e7\u00e3o da luz avisadora do airbag se o cubo for dedicado apenas a ve\u00edculos equipados com airbag. Bot\u00e3o de buzina opcional (ref. 615000).  Adequado para: - FORD FIESTA de 2004 a 2008 (com airbag) - FORD FIESTA de 2008 a 2010 (com airbag) - FORD FIESTA de 2011 a 2013 (com airbag) - FORD FOCUS - 1 Gen de 1998 a 2005 (com airbag) - FORD FOCUS - 2 Gen de 2004 a 2011 (com airbag) - FORD FOCUS - 3 Gen de 2011 (com airbag) - FORD MONDEO de 2001 (com airbag) - FORD MUSTANG GT de 2007 (com airbag) - MAZDA MAZDA II de 2002 a 2007 (com airbag) - VOLVO C30 de 2007 (com airbag)","og_url":"https:\/\/autobarbosa.com\/fr\/produto\/cubo-volante-ford-focus-fiesta-1998-2005\/","og_site_name":"Oficina de manuten\u00e7\u00e3o e repara\u00e7\u00e3o de veiculos automoveis em S. Miguel, A\u00e7ores - Auto Barbosa","article_publisher":"https:\/\/www.facebook.com\/autobarbosaoficina","twitter_card":"summary_large_image","twitter_misc":{"Dur\u00e9e de lecture estim\u00e9e":"1 minute"},"schema":{"@context":"https:\/\/schema.org","@graph":[{"@type":"WebPage","@id":"https:\/\/autobarbosa.com\/fr\/produto\/cubo-volante-ford-focus-fiesta-1998-2005\/","url":"https:\/\/autobarbosa.com\/fr\/produto\/cubo-volante-ford-focus-fiesta-1998-2005\/","name":"CUBO VOLANTE FORD - FOCUS\/ FIESTA 1998-2005 - Oficina de manuten\u00e7\u00e3o e repara\u00e7\u00e3o de veiculos automoveis em S. Miguel, A\u00e7ores - Auto Barbosa","isPartOf":{"@id":"https:\/\/autobarbosa.com\/fr\/#website"},"datePublished":"2025-12-16T08:09:46+00:00","dateModified":"2025-12-16T08:09:46+00:00","breadcrumb":{"@id":"https:\/\/autobarbosa.com\/fr\/produto\/cubo-volante-ford-focus-fiesta-1998-2005\/#breadcrumb"},"inLanguage":"fr-FR","potentialAction":[{"@type":"ReadAction","target":["https:\/\/autobarbosa.com\/fr\/produto\/cubo-volante-ford-focus-fiesta-1998-2005\/"]}]},{"@type":"BreadcrumbList","@id":"https:\/\/autobarbosa.com\/fr\/produto\/cubo-volante-ford-focus-fiesta-1998-2005\/#breadcrumb","itemListElement":[{"@type":"ListItem","position":1,"name":"In\u00edcio","item":"https:\/\/autobarbosa.com\/fr\/"},{"@type":"ListItem","position":2,"name":"Loja","item":"https:\/\/autobarbosa.com\/"},{"@type":"ListItem","position":3,"name":"CUBO VOLANTE FORD &#8211; FOCUS\/ FIESTA 1998-2005"}]},{"@type":"WebSite","@id":"https:\/\/autobarbosa.com\/fr\/#website","url":"https:\/\/autobarbosa.com\/fr\/","name":"Oficina de manuten\u00e7\u00e3o e repara\u00e7\u00e3o de veiculos automoveis em S. Miguel, A\u00e7ores - Auto Barbosa","description":"Auto Barbosa","publisher":{"@id":"https:\/\/autobarbosa.com\/fr\/#organization"},"potentialAction":[{"@type":"SearchAction","target":{"@type":"EntryPoint","urlTemplate":"https:\/\/autobarbosa.com\/fr\/?s={search_term_string}"},"query-input":"required name=search_term_string"}],"inLanguage":"fr-FR"},{"@type":"Organization","@id":"https:\/\/autobarbosa.com\/fr\/#organization","name":"Oficina de manuten\u00e7\u00e3o e repara\u00e7\u00e3o de veiculos automoveis em S. Miguel, A\u00e7ores - Auto Barbosa","url":"https:\/\/autobarbosa.com\/fr\/","logo":{"@type":"ImageObject","inLanguage":"fr-FR","@id":"https:\/\/autobarbosa.com\/fr\/#\/schema\/logo\/image\/","url":"https:\/\/autobarbosa.com\/wp-content\/uploads\/2023\/03\/AUTO-BARBOSA-LOGO-1-e1678715539111.png","contentUrl":"https:\/\/autobarbosa.com\/wp-content\/uploads\/2023\/03\/AUTO-BARBOSA-LOGO-1-e1678715539111.png","width":3233,"height":3233,"caption":"Oficina de manuten\u00e7\u00e3o e repara\u00e7\u00e3o de veiculos automoveis em S. Miguel, A\u00e7ores - Auto Barbosa"},"image":{"@id":"https:\/\/autobarbosa.com\/fr\/#\/schema\/logo\/image\/"},"sameAs":["https:\/\/www.facebook.com\/autobarbosaoficina","https:\/\/www.instagram.com\/autobarbosa.oficina\/"]}]}},"_links":{"self":[{"href":"https:\/\/autobarbosa.com\/fr\/wp-json\/wp\/v3\/product\/20299","targetHints":{"allow":["GET"]}}],"collection":[{"href":"https:\/\/autobarbosa.com\/fr\/wp-json\/wp\/v3\/product"}],"about":[{"href":"https:\/\/autobarbosa.com\/fr\/wp-json\/wp\/v2\/types\/product"}],"wp:attachment":[{"href":"https:\/\/autobarbosa.com\/fr\/wp-json\/wp\/v2\/media?parent=20299"}],"wp:term":[{"taxonomy":"product_cat","embeddable":true,"href":"https:\/\/autobarbosa.com\/fr\/wp-json\/wp\/v2\/product_cat?post=20299"},{"taxonomy":"product_tag","embeddable":true,"href":"https:\/\/autobarbosa.com\/fr\/wp-json\/wp\/v2\/product_tag?post=20299"},{"taxonomy":"marca","embeddable":true,"href":"https:\/\/autobarbosa.com\/fr\/wp-json\/wp\/v2\/marca?post=20299"}],"curies":[{"name":"wp","href":"https:\/\/api.w.org\/{rel}","templated":true}]}}