{"id":20323,"date":"2025-12-16T07:09:53","date_gmt":"2025-12-16T08:09:53","guid":{"rendered":"https:\/\/autobarbosa.com\/produto\/cubo-volante-renault-clio-ii-fase-2-3-01-05-clio-iii1-2-05-14\/"},"modified":"2025-12-16T07:09:53","modified_gmt":"2025-12-16T08:09:53","slug":"cubo-volante-renault-clio-ii-fase-2-3-01-05-clio-iii1-2-05-14","status":"publish","type":"product","link":"https:\/\/autobarbosa.com\/fr\/produto\/cubo-volante-renault-clio-ii-fase-2-3-01-05-clio-iii1-2-05-14\/","title":{"rendered":"CUBO VOLANTE RENAULT CLIO II FASE 2\/3 -01\/05 CLIO III1\/2-05-14"},"content":{"rendered":"<p>Kit cubo de volante para CLIO III RS ou MEGANE III RS ou TWINGO II RS<\/p>\n<p>Este kit de cubo de volante MOMO para CLIO III RS ou MEGANE III RS permite que voc\u00ea monte o volante RS Performance em shearling ou alc\u00e2ntara em seu ve\u00edculo. Feito de material de alta qualidade, este kit cubo garante excelente apoio do volante na coluna de dire\u00e7\u00e3o.<\/p>\n<p>Conte\u00fado do kit:<br \/>\n&#8211; Parafusos de fixa\u00e7\u00e3o<br \/>\n&#8211; Chave Allen<br \/>\n&#8211; Kit de fia\u00e7\u00e3o para desativar a luz de advert\u00eancia do airbag<\/p>\n<p>Feito na It\u00e1lia. Este produto e os seus acess\u00f3rios destinam-se ao automobilismo e a sua utiliza\u00e7\u00e3o est\u00e1 exclusivamente reservada \u00e0 utiliza\u00e7\u00e3o em estradas e circuitos fechados ao tr\u00e2nsito p\u00fablico. A sua instala\u00e7\u00e3o altera as caracter\u00edsticas t\u00e9cnicas do ve\u00edculo, pelo que este produto e os seus acess\u00f3rios n\u00e3o est\u00e3o homologados para utiliza\u00e7\u00e3o na via p\u00fablica. A instala\u00e7\u00e3o do produto e dos seus acess\u00f3rios implica a anula\u00e7\u00e3o da garantia do fabricante do ve\u00edculo e pode implicar a anula\u00e7\u00e3o das garantias contratadas para a utiliza\u00e7\u00e3o do ve\u00edculo. A montagem deste produto e seus acess\u00f3rios deve ser realizada por um profissional.<\/p>\n","protected":false},"excerpt":{"rendered":"<p>Kit cubo de volante para CLIO III RS ou MEGANE III RS ou TWINGO II RS<\/p>\n<p>Este kit de cubo de volante MOMO para CLIO III RS ou MEGANE III RS permite que voc\u00ea monte o volante RS Performance em shearling ou alc\u00e2ntara em seu ve\u00edculo. Feito de material de alta qualidade, este kit cubo garante excelente apoio do volante na coluna de dire\u00e7\u00e3o.<\/p>\n<p>Conte\u00fado do kit:<br \/>\n&#8211; Parafusos de fixa\u00e7\u00e3o<br \/>\n&#8211; Chave Allen<br \/>\n&#8211; Kit de fia\u00e7\u00e3o para desativar a luz de advert\u00eancia do airbag<\/p>\n<p>Feito na It\u00e1lia. Este produto e os seus acess\u00f3rios destinam-se ao automobilismo e a sua utiliza\u00e7\u00e3o est\u00e1 exclusivamente reservada \u00e0 utiliza\u00e7\u00e3o em estradas e circuitos fechados ao tr\u00e2nsito p\u00fablico. A sua instala\u00e7\u00e3o altera as caracter\u00edsticas t\u00e9cnicas do ve\u00edculo, pelo que este produto e os seus acess\u00f3rios n\u00e3o est\u00e3o homologados para utiliza\u00e7\u00e3o na via p\u00fablica. A instala\u00e7\u00e3o do produto e dos seus acess\u00f3rios implica a anula\u00e7\u00e3o da garantia do fabricante do ve\u00edculo e pode implicar a anula\u00e7\u00e3o das garantias contratadas para a utiliza\u00e7\u00e3o do ve\u00edculo. A montagem deste produto e seus acess\u00f3rios deve ser realizada por um profissional.<\/p>\n","protected":false},"featured_media":0,"template":"","meta":[],"product_cat":[537],"product_tag":[],"marca":[245],"class_list":["post-20323","product","type-product","status-publish","hentry","product_cat-cubos-volante","marca-momo"],"yoast_head":"<!-- This site is optimized with the Yoast SEO plugin v20.5 - https:\/\/yoast.com\/wordpress\/plugins\/seo\/ -->\n<title>CUBO VOLANTE RENAULT CLIO II FASE 2\/3 -01\/05 CLIO III1\/2-05-14 - Oficina de manuten\u00e7\u00e3o e repara\u00e7\u00e3o de veiculos automoveis em S. Miguel, A\u00e7ores - Auto Barbosa<\/title>\n<meta name=\"robots\" content=\"index, follow, max-snippet:-1, max-image-preview:large, max-video-preview:-1\" \/>\n<link rel=\"canonical\" href=\"https:\/\/autobarbosa.com\/fr\/produto\/cubo-volante-renault-clio-ii-fase-2-3-01-05-clio-iii1-2-05-14\/\" \/>\n<meta property=\"og:locale\" content=\"fr_FR\" \/>\n<meta property=\"og:type\" content=\"article\" \/>\n<meta property=\"og:title\" content=\"CUBO VOLANTE RENAULT CLIO II FASE 2\/3 -01\/05 CLIO III1\/2-05-14 - Oficina de manuten\u00e7\u00e3o e repara\u00e7\u00e3o de veiculos automoveis em S. Miguel, A\u00e7ores - Auto Barbosa\" \/>\n<meta property=\"og:description\" content=\"Kit cubo de volante para CLIO III RS ou MEGANE III RS ou TWINGO II RS   Este kit de cubo de volante MOMO para CLIO III RS ou MEGANE III RS permite que voc\u00ea monte o volante RS Performance em shearling ou alc\u00e2ntara em seu ve\u00edculo. Feito de material de alta qualidade, este kit cubo garante excelente apoio do volante na coluna de dire\u00e7\u00e3o.   Conte\u00fado do kit: - Parafusos de fixa\u00e7\u00e3o - Chave Allen - Kit de fia\u00e7\u00e3o para desativar a luz de advert\u00eancia do airbag   Feito na It\u00e1lia. Este produto e os seus acess\u00f3rios destinam-se ao automobilismo e a sua utiliza\u00e7\u00e3o est\u00e1 exclusivamente reservada \u00e0 utiliza\u00e7\u00e3o em estradas e circuitos fechados ao tr\u00e2nsito p\u00fablico. A sua instala\u00e7\u00e3o altera as caracter\u00edsticas t\u00e9cnicas do ve\u00edculo, pelo que este produto e os seus acess\u00f3rios n\u00e3o est\u00e3o homologados para utiliza\u00e7\u00e3o na via p\u00fablica. A instala\u00e7\u00e3o do produto e dos seus acess\u00f3rios implica a anula\u00e7\u00e3o da garantia do fabricante do ve\u00edculo e pode implicar a anula\u00e7\u00e3o das garantias contratadas para a utiliza\u00e7\u00e3o do ve\u00edculo. A montagem deste produto e seus acess\u00f3rios deve ser realizada por um profissional.\" \/>\n<meta property=\"og:url\" content=\"https:\/\/autobarbosa.com\/fr\/produto\/cubo-volante-renault-clio-ii-fase-2-3-01-05-clio-iii1-2-05-14\/\" \/>\n<meta property=\"og:site_name\" content=\"Oficina de manuten\u00e7\u00e3o e repara\u00e7\u00e3o de veiculos automoveis em S. Miguel, A\u00e7ores - Auto Barbosa\" \/>\n<meta property=\"article:publisher\" content=\"https:\/\/www.facebook.com\/autobarbosaoficina\" \/>\n<meta name=\"twitter:card\" content=\"summary_large_image\" \/>\n<meta name=\"twitter:label1\" content=\"Dur\u00e9e de lecture estim\u00e9e\" \/>\n\t<meta name=\"twitter:data1\" content=\"1 minute\" \/>\n<script type=\"application\/ld+json\" class=\"yoast-schema-graph\">{\"@context\":\"https:\/\/schema.org\",\"@graph\":[{\"@type\":\"WebPage\",\"@id\":\"https:\/\/autobarbosa.com\/fr\/produto\/cubo-volante-renault-clio-ii-fase-2-3-01-05-clio-iii1-2-05-14\/\",\"url\":\"https:\/\/autobarbosa.com\/fr\/produto\/cubo-volante-renault-clio-ii-fase-2-3-01-05-clio-iii1-2-05-14\/\",\"name\":\"CUBO VOLANTE RENAULT CLIO II FASE 2\/3 -01\/05 CLIO III1\/2-05-14 - Oficina de manuten\u00e7\u00e3o e repara\u00e7\u00e3o de veiculos automoveis em S. Miguel, A\u00e7ores - Auto Barbosa\",\"isPartOf\":{\"@id\":\"https:\/\/autobarbosa.com\/fr\/#website\"},\"datePublished\":\"2025-12-16T08:09:53+00:00\",\"dateModified\":\"2025-12-16T08:09:53+00:00\",\"breadcrumb\":{\"@id\":\"https:\/\/autobarbosa.com\/fr\/produto\/cubo-volante-renault-clio-ii-fase-2-3-01-05-clio-iii1-2-05-14\/#breadcrumb\"},\"inLanguage\":\"fr-FR\",\"potentialAction\":[{\"@type\":\"ReadAction\",\"target\":[\"https:\/\/autobarbosa.com\/fr\/produto\/cubo-volante-renault-clio-ii-fase-2-3-01-05-clio-iii1-2-05-14\/\"]}]},{\"@type\":\"BreadcrumbList\",\"@id\":\"https:\/\/autobarbosa.com\/fr\/produto\/cubo-volante-renault-clio-ii-fase-2-3-01-05-clio-iii1-2-05-14\/#breadcrumb\",\"itemListElement\":[{\"@type\":\"ListItem\",\"position\":1,\"name\":\"In\u00edcio\",\"item\":\"https:\/\/autobarbosa.com\/fr\/\"},{\"@type\":\"ListItem\",\"position\":2,\"name\":\"Loja\",\"item\":\"https:\/\/autobarbosa.com\/\"},{\"@type\":\"ListItem\",\"position\":3,\"name\":\"CUBO VOLANTE RENAULT CLIO II FASE 2\/3 -01\/05 CLIO III1\/2-05-14\"}]},{\"@type\":\"WebSite\",\"@id\":\"https:\/\/autobarbosa.com\/fr\/#website\",\"url\":\"https:\/\/autobarbosa.com\/fr\/\",\"name\":\"Oficina de manuten\u00e7\u00e3o e repara\u00e7\u00e3o de veiculos automoveis em S. Miguel, A\u00e7ores - Auto Barbosa\",\"description\":\"Auto Barbosa\",\"publisher\":{\"@id\":\"https:\/\/autobarbosa.com\/fr\/#organization\"},\"potentialAction\":[{\"@type\":\"SearchAction\",\"target\":{\"@type\":\"EntryPoint\",\"urlTemplate\":\"https:\/\/autobarbosa.com\/fr\/?s={search_term_string}\"},\"query-input\":\"required name=search_term_string\"}],\"inLanguage\":\"fr-FR\"},{\"@type\":\"Organization\",\"@id\":\"https:\/\/autobarbosa.com\/fr\/#organization\",\"name\":\"Oficina de manuten\u00e7\u00e3o e repara\u00e7\u00e3o de veiculos automoveis em S. Miguel, A\u00e7ores - Auto Barbosa\",\"url\":\"https:\/\/autobarbosa.com\/fr\/\",\"logo\":{\"@type\":\"ImageObject\",\"inLanguage\":\"fr-FR\",\"@id\":\"https:\/\/autobarbosa.com\/fr\/#\/schema\/logo\/image\/\",\"url\":\"https:\/\/autobarbosa.com\/wp-content\/uploads\/2023\/03\/AUTO-BARBOSA-LOGO-1-e1678715539111.png\",\"contentUrl\":\"https:\/\/autobarbosa.com\/wp-content\/uploads\/2023\/03\/AUTO-BARBOSA-LOGO-1-e1678715539111.png\",\"width\":3233,\"height\":3233,\"caption\":\"Oficina de manuten\u00e7\u00e3o e repara\u00e7\u00e3o de veiculos automoveis em S. Miguel, A\u00e7ores - Auto Barbosa\"},\"image\":{\"@id\":\"https:\/\/autobarbosa.com\/fr\/#\/schema\/logo\/image\/\"},\"sameAs\":[\"https:\/\/www.facebook.com\/autobarbosaoficina\",\"https:\/\/www.instagram.com\/autobarbosa.oficina\/\"]}]}<\/script>\n<!-- \/ Yoast SEO plugin. -->","yoast_head_json":{"title":"CUBO VOLANTE RENAULT CLIO II FASE 2\/3 -01\/05 CLIO III1\/2-05-14 - Oficina de manuten\u00e7\u00e3o e repara\u00e7\u00e3o de veiculos automoveis em S. Miguel, A\u00e7ores - Auto Barbosa","robots":{"index":"index","follow":"follow","max-snippet":"max-snippet:-1","max-image-preview":"max-image-preview:large","max-video-preview":"max-video-preview:-1"},"canonical":"https:\/\/autobarbosa.com\/fr\/produto\/cubo-volante-renault-clio-ii-fase-2-3-01-05-clio-iii1-2-05-14\/","og_locale":"fr_FR","og_type":"article","og_title":"CUBO VOLANTE RENAULT CLIO II FASE 2\/3 -01\/05 CLIO III1\/2-05-14 - Oficina de manuten\u00e7\u00e3o e repara\u00e7\u00e3o de veiculos automoveis em S. Miguel, A\u00e7ores - Auto Barbosa","og_description":"Kit cubo de volante para CLIO III RS ou MEGANE III RS ou TWINGO II RS   Este kit de cubo de volante MOMO para CLIO III RS ou MEGANE III RS permite que voc\u00ea monte o volante RS Performance em shearling ou alc\u00e2ntara em seu ve\u00edculo. Feito de material de alta qualidade, este kit cubo garante excelente apoio do volante na coluna de dire\u00e7\u00e3o.   Conte\u00fado do kit: - Parafusos de fixa\u00e7\u00e3o - Chave Allen - Kit de fia\u00e7\u00e3o para desativar a luz de advert\u00eancia do airbag   Feito na It\u00e1lia. Este produto e os seus acess\u00f3rios destinam-se ao automobilismo e a sua utiliza\u00e7\u00e3o est\u00e1 exclusivamente reservada \u00e0 utiliza\u00e7\u00e3o em estradas e circuitos fechados ao tr\u00e2nsito p\u00fablico. A sua instala\u00e7\u00e3o altera as caracter\u00edsticas t\u00e9cnicas do ve\u00edculo, pelo que este produto e os seus acess\u00f3rios n\u00e3o est\u00e3o homologados para utiliza\u00e7\u00e3o na via p\u00fablica. A instala\u00e7\u00e3o do produto e dos seus acess\u00f3rios implica a anula\u00e7\u00e3o da garantia do fabricante do ve\u00edculo e pode implicar a anula\u00e7\u00e3o das garantias contratadas para a utiliza\u00e7\u00e3o do ve\u00edculo. A montagem deste produto e seus acess\u00f3rios deve ser realizada por um profissional.","og_url":"https:\/\/autobarbosa.com\/fr\/produto\/cubo-volante-renault-clio-ii-fase-2-3-01-05-clio-iii1-2-05-14\/","og_site_name":"Oficina de manuten\u00e7\u00e3o e repara\u00e7\u00e3o de veiculos automoveis em S. Miguel, A\u00e7ores - Auto Barbosa","article_publisher":"https:\/\/www.facebook.com\/autobarbosaoficina","twitter_card":"summary_large_image","twitter_misc":{"Dur\u00e9e de lecture estim\u00e9e":"1 minute"},"schema":{"@context":"https:\/\/schema.org","@graph":[{"@type":"WebPage","@id":"https:\/\/autobarbosa.com\/fr\/produto\/cubo-volante-renault-clio-ii-fase-2-3-01-05-clio-iii1-2-05-14\/","url":"https:\/\/autobarbosa.com\/fr\/produto\/cubo-volante-renault-clio-ii-fase-2-3-01-05-clio-iii1-2-05-14\/","name":"CUBO VOLANTE RENAULT CLIO II FASE 2\/3 -01\/05 CLIO III1\/2-05-14 - Oficina de manuten\u00e7\u00e3o e repara\u00e7\u00e3o de veiculos automoveis em S. Miguel, A\u00e7ores - Auto Barbosa","isPartOf":{"@id":"https:\/\/autobarbosa.com\/fr\/#website"},"datePublished":"2025-12-16T08:09:53+00:00","dateModified":"2025-12-16T08:09:53+00:00","breadcrumb":{"@id":"https:\/\/autobarbosa.com\/fr\/produto\/cubo-volante-renault-clio-ii-fase-2-3-01-05-clio-iii1-2-05-14\/#breadcrumb"},"inLanguage":"fr-FR","potentialAction":[{"@type":"ReadAction","target":["https:\/\/autobarbosa.com\/fr\/produto\/cubo-volante-renault-clio-ii-fase-2-3-01-05-clio-iii1-2-05-14\/"]}]},{"@type":"BreadcrumbList","@id":"https:\/\/autobarbosa.com\/fr\/produto\/cubo-volante-renault-clio-ii-fase-2-3-01-05-clio-iii1-2-05-14\/#breadcrumb","itemListElement":[{"@type":"ListItem","position":1,"name":"In\u00edcio","item":"https:\/\/autobarbosa.com\/fr\/"},{"@type":"ListItem","position":2,"name":"Loja","item":"https:\/\/autobarbosa.com\/"},{"@type":"ListItem","position":3,"name":"CUBO VOLANTE RENAULT CLIO II FASE 2\/3 -01\/05 CLIO III1\/2-05-14"}]},{"@type":"WebSite","@id":"https:\/\/autobarbosa.com\/fr\/#website","url":"https:\/\/autobarbosa.com\/fr\/","name":"Oficina de manuten\u00e7\u00e3o e repara\u00e7\u00e3o de veiculos automoveis em S. Miguel, A\u00e7ores - Auto Barbosa","description":"Auto Barbosa","publisher":{"@id":"https:\/\/autobarbosa.com\/fr\/#organization"},"potentialAction":[{"@type":"SearchAction","target":{"@type":"EntryPoint","urlTemplate":"https:\/\/autobarbosa.com\/fr\/?s={search_term_string}"},"query-input":"required name=search_term_string"}],"inLanguage":"fr-FR"},{"@type":"Organization","@id":"https:\/\/autobarbosa.com\/fr\/#organization","name":"Oficina de manuten\u00e7\u00e3o e repara\u00e7\u00e3o de veiculos automoveis em S. Miguel, A\u00e7ores - Auto Barbosa","url":"https:\/\/autobarbosa.com\/fr\/","logo":{"@type":"ImageObject","inLanguage":"fr-FR","@id":"https:\/\/autobarbosa.com\/fr\/#\/schema\/logo\/image\/","url":"https:\/\/autobarbosa.com\/wp-content\/uploads\/2023\/03\/AUTO-BARBOSA-LOGO-1-e1678715539111.png","contentUrl":"https:\/\/autobarbosa.com\/wp-content\/uploads\/2023\/03\/AUTO-BARBOSA-LOGO-1-e1678715539111.png","width":3233,"height":3233,"caption":"Oficina de manuten\u00e7\u00e3o e repara\u00e7\u00e3o de veiculos automoveis em S. Miguel, A\u00e7ores - Auto Barbosa"},"image":{"@id":"https:\/\/autobarbosa.com\/fr\/#\/schema\/logo\/image\/"},"sameAs":["https:\/\/www.facebook.com\/autobarbosaoficina","https:\/\/www.instagram.com\/autobarbosa.oficina\/"]}]}},"_links":{"self":[{"href":"https:\/\/autobarbosa.com\/fr\/wp-json\/wp\/v3\/product\/20323","targetHints":{"allow":["GET"]}}],"collection":[{"href":"https:\/\/autobarbosa.com\/fr\/wp-json\/wp\/v3\/product"}],"about":[{"href":"https:\/\/autobarbosa.com\/fr\/wp-json\/wp\/v2\/types\/product"}],"wp:attachment":[{"href":"https:\/\/autobarbosa.com\/fr\/wp-json\/wp\/v2\/media?parent=20323"}],"wp:term":[{"taxonomy":"product_cat","embeddable":true,"href":"https:\/\/autobarbosa.com\/fr\/wp-json\/wp\/v2\/product_cat?post=20323"},{"taxonomy":"product_tag","embeddable":true,"href":"https:\/\/autobarbosa.com\/fr\/wp-json\/wp\/v2\/product_tag?post=20323"},{"taxonomy":"marca","embeddable":true,"href":"https:\/\/autobarbosa.com\/fr\/wp-json\/wp\/v2\/marca?post=20323"}],"curies":[{"name":"wp","href":"https:\/\/api.w.org\/{rel}","templated":true}]}}