{"id":20395,"date":"2025-12-16T07:10:14","date_gmt":"2025-12-16T08:10:14","guid":{"rendered":"https:\/\/autobarbosa.com\/produto\/baquet-omp-champ-r-preto-fia-8855-1999\/"},"modified":"2025-12-16T07:10:14","modified_gmt":"2025-12-16T08:10:14","slug":"baquet-omp-champ-r-preto-fia-8855-1999","status":"publish","type":"product","link":"https:\/\/autobarbosa.com\/fr\/produto\/baquet-omp-champ-r-preto-fia-8855-1999\/","title":{"rendered":"BAQUET OMP CHAMP R &#8211; PRETO FIA 8855-1999"},"content":{"rendered":"<p>Baquet FIA OMP Champ-R<\/p>\n<p>em fibra de vidro e coberto com gel.<br \/>\nCobertura de veludo.<br \/>\nRevestimento antiderrapante na base e nos ombros para melhor ader\u00eancia ao assento.<br \/>\nAlmofadas remov\u00edveis sob as coxas e costas.<br \/>\n5 passagens de arn\u00eas.<br \/>\nFixa\u00e7\u00f5es laterais.<\/p>\n<p>Aprovado pela FIA 8855-1999.<br \/>\nCor preta.<\/p>\n<p>Dimens\u00f5es:<br \/>\n&#8211; A: 590 mm.<br \/>\n-B: 575 mm.<br \/>\n-C: 520 mm.<br \/>\n&#8211; D: 890 mm.<br \/>\n&#8211; E: 400 mm.<br \/>\n-F: 360mm.<br \/>\n&#8211; C: 480 mm.<br \/>\n-L: 615mm.<br \/>\nPeso do assento: 8,8 kg.<\/p>\n","protected":false},"excerpt":{"rendered":"<p>Baquet FIA OMP Champ-R<\/p>\n<p>em fibra de vidro e coberto com gel.<br \/>\nCobertura de veludo.<br \/>\nRevestimento antiderrapante na base e nos ombros para melhor ader\u00eancia ao assento.<br \/>\nAlmofadas remov\u00edveis sob as coxas e costas.<br \/>\n5 passagens de arn\u00eas.<br \/>\nFixa\u00e7\u00f5es laterais.<\/p>\n<p>Aprovado pela FIA 8855-1999.<br \/>\nCor preta.<\/p>\n<p>Dimens\u00f5es:<br \/>\n&#8211; A: 590 mm.<br \/>\n-B: 575 mm.<br \/>\n-C: 520 mm.<br \/>\n&#8211; D: 890 mm.<br \/>\n&#8211; E: 400 mm.<br \/>\n-F: 360mm.<br \/>\n&#8211; C: 480 mm.<br \/>\n-L: 615mm.<br \/>\nPeso do assento: 8,8 kg.<\/p>\n","protected":false},"featured_media":0,"template":"","meta":[],"product_cat":[557],"product_tag":[],"marca":[171],"class_list":["post-20395","product","type-product","status-publish","hentry","product_cat-baquets","marca-omp"],"yoast_head":"<!-- This site is optimized with the Yoast SEO plugin v20.5 - https:\/\/yoast.com\/wordpress\/plugins\/seo\/ -->\n<title>BAQUET OMP CHAMP R - PRETO FIA 8855-1999 - Oficina de manuten\u00e7\u00e3o e repara\u00e7\u00e3o de veiculos automoveis em S. Miguel, A\u00e7ores - Auto Barbosa<\/title>\n<meta name=\"robots\" content=\"index, follow, max-snippet:-1, max-image-preview:large, max-video-preview:-1\" \/>\n<link rel=\"canonical\" href=\"https:\/\/autobarbosa.com\/fr\/produto\/baquet-omp-champ-r-preto-fia-8855-1999\/\" \/>\n<meta property=\"og:locale\" content=\"fr_FR\" \/>\n<meta property=\"og:type\" content=\"article\" \/>\n<meta property=\"og:title\" content=\"BAQUET OMP CHAMP R - PRETO FIA 8855-1999 - Oficina de manuten\u00e7\u00e3o e repara\u00e7\u00e3o de veiculos automoveis em S. Miguel, A\u00e7ores - Auto Barbosa\" \/>\n<meta property=\"og:description\" content=\"Baquet FIA OMP Champ-R  em fibra de vidro e coberto com gel. Cobertura de veludo. Revestimento antiderrapante na base e nos ombros para melhor ader\u00eancia ao assento. Almofadas remov\u00edveis sob as coxas e costas. 5 passagens de arn\u00eas. Fixa\u00e7\u00f5es laterais.  Aprovado pela FIA 8855-1999. Cor preta.  Dimens\u00f5es: - A: 590 mm. -B: 575 mm. -C: 520 mm. - D: 890 mm. - E: 400 mm. -F: 360mm. - C: 480 mm. -L: 615mm. Peso do assento: 8,8 kg.\" \/>\n<meta property=\"og:url\" content=\"https:\/\/autobarbosa.com\/fr\/produto\/baquet-omp-champ-r-preto-fia-8855-1999\/\" \/>\n<meta property=\"og:site_name\" content=\"Oficina de manuten\u00e7\u00e3o e repara\u00e7\u00e3o de veiculos automoveis em S. Miguel, A\u00e7ores - Auto Barbosa\" \/>\n<meta property=\"article:publisher\" content=\"https:\/\/www.facebook.com\/autobarbosaoficina\" \/>\n<meta name=\"twitter:card\" content=\"summary_large_image\" \/>\n<script type=\"application\/ld+json\" class=\"yoast-schema-graph\">{\"@context\":\"https:\/\/schema.org\",\"@graph\":[{\"@type\":\"WebPage\",\"@id\":\"https:\/\/autobarbosa.com\/fr\/produto\/baquet-omp-champ-r-preto-fia-8855-1999\/\",\"url\":\"https:\/\/autobarbosa.com\/fr\/produto\/baquet-omp-champ-r-preto-fia-8855-1999\/\",\"name\":\"BAQUET OMP CHAMP R - PRETO FIA 8855-1999 - Oficina de manuten\u00e7\u00e3o e repara\u00e7\u00e3o de veiculos automoveis em S. Miguel, A\u00e7ores - Auto Barbosa\",\"isPartOf\":{\"@id\":\"https:\/\/autobarbosa.com\/fr\/#website\"},\"datePublished\":\"2025-12-16T08:10:14+00:00\",\"dateModified\":\"2025-12-16T08:10:14+00:00\",\"breadcrumb\":{\"@id\":\"https:\/\/autobarbosa.com\/fr\/produto\/baquet-omp-champ-r-preto-fia-8855-1999\/#breadcrumb\"},\"inLanguage\":\"fr-FR\",\"potentialAction\":[{\"@type\":\"ReadAction\",\"target\":[\"https:\/\/autobarbosa.com\/fr\/produto\/baquet-omp-champ-r-preto-fia-8855-1999\/\"]}]},{\"@type\":\"BreadcrumbList\",\"@id\":\"https:\/\/autobarbosa.com\/fr\/produto\/baquet-omp-champ-r-preto-fia-8855-1999\/#breadcrumb\",\"itemListElement\":[{\"@type\":\"ListItem\",\"position\":1,\"name\":\"In\u00edcio\",\"item\":\"https:\/\/autobarbosa.com\/fr\/\"},{\"@type\":\"ListItem\",\"position\":2,\"name\":\"Loja\",\"item\":\"https:\/\/autobarbosa.com\/\"},{\"@type\":\"ListItem\",\"position\":3,\"name\":\"BAQUET OMP CHAMP R &#8211; PRETO FIA 8855-1999\"}]},{\"@type\":\"WebSite\",\"@id\":\"https:\/\/autobarbosa.com\/fr\/#website\",\"url\":\"https:\/\/autobarbosa.com\/fr\/\",\"name\":\"Oficina de manuten\u00e7\u00e3o e repara\u00e7\u00e3o de veiculos automoveis em S. Miguel, A\u00e7ores - Auto Barbosa\",\"description\":\"Auto Barbosa\",\"publisher\":{\"@id\":\"https:\/\/autobarbosa.com\/fr\/#organization\"},\"potentialAction\":[{\"@type\":\"SearchAction\",\"target\":{\"@type\":\"EntryPoint\",\"urlTemplate\":\"https:\/\/autobarbosa.com\/fr\/?s={search_term_string}\"},\"query-input\":\"required name=search_term_string\"}],\"inLanguage\":\"fr-FR\"},{\"@type\":\"Organization\",\"@id\":\"https:\/\/autobarbosa.com\/fr\/#organization\",\"name\":\"Oficina de manuten\u00e7\u00e3o e repara\u00e7\u00e3o de veiculos automoveis em S. Miguel, A\u00e7ores - Auto Barbosa\",\"url\":\"https:\/\/autobarbosa.com\/fr\/\",\"logo\":{\"@type\":\"ImageObject\",\"inLanguage\":\"fr-FR\",\"@id\":\"https:\/\/autobarbosa.com\/fr\/#\/schema\/logo\/image\/\",\"url\":\"https:\/\/autobarbosa.com\/wp-content\/uploads\/2023\/03\/AUTO-BARBOSA-LOGO-1-e1678715539111.png\",\"contentUrl\":\"https:\/\/autobarbosa.com\/wp-content\/uploads\/2023\/03\/AUTO-BARBOSA-LOGO-1-e1678715539111.png\",\"width\":3233,\"height\":3233,\"caption\":\"Oficina de manuten\u00e7\u00e3o e repara\u00e7\u00e3o de veiculos automoveis em S. Miguel, A\u00e7ores - Auto Barbosa\"},\"image\":{\"@id\":\"https:\/\/autobarbosa.com\/fr\/#\/schema\/logo\/image\/\"},\"sameAs\":[\"https:\/\/www.facebook.com\/autobarbosaoficina\",\"https:\/\/www.instagram.com\/autobarbosa.oficina\/\"]}]}<\/script>\n<!-- \/ Yoast SEO plugin. -->","yoast_head_json":{"title":"BAQUET OMP CHAMP R - PRETO FIA 8855-1999 - Oficina de manuten\u00e7\u00e3o e repara\u00e7\u00e3o de veiculos automoveis em S. Miguel, A\u00e7ores - Auto Barbosa","robots":{"index":"index","follow":"follow","max-snippet":"max-snippet:-1","max-image-preview":"max-image-preview:large","max-video-preview":"max-video-preview:-1"},"canonical":"https:\/\/autobarbosa.com\/fr\/produto\/baquet-omp-champ-r-preto-fia-8855-1999\/","og_locale":"fr_FR","og_type":"article","og_title":"BAQUET OMP CHAMP R - PRETO FIA 8855-1999 - Oficina de manuten\u00e7\u00e3o e repara\u00e7\u00e3o de veiculos automoveis em S. Miguel, A\u00e7ores - Auto Barbosa","og_description":"Baquet FIA OMP Champ-R  em fibra de vidro e coberto com gel. Cobertura de veludo. Revestimento antiderrapante na base e nos ombros para melhor ader\u00eancia ao assento. Almofadas remov\u00edveis sob as coxas e costas. 5 passagens de arn\u00eas. Fixa\u00e7\u00f5es laterais.  Aprovado pela FIA 8855-1999. Cor preta.  Dimens\u00f5es: - A: 590 mm. -B: 575 mm. -C: 520 mm. - D: 890 mm. - E: 400 mm. -F: 360mm. - C: 480 mm. -L: 615mm. Peso do assento: 8,8 kg.","og_url":"https:\/\/autobarbosa.com\/fr\/produto\/baquet-omp-champ-r-preto-fia-8855-1999\/","og_site_name":"Oficina de manuten\u00e7\u00e3o e repara\u00e7\u00e3o de veiculos automoveis em S. Miguel, A\u00e7ores - Auto Barbosa","article_publisher":"https:\/\/www.facebook.com\/autobarbosaoficina","twitter_card":"summary_large_image","schema":{"@context":"https:\/\/schema.org","@graph":[{"@type":"WebPage","@id":"https:\/\/autobarbosa.com\/fr\/produto\/baquet-omp-champ-r-preto-fia-8855-1999\/","url":"https:\/\/autobarbosa.com\/fr\/produto\/baquet-omp-champ-r-preto-fia-8855-1999\/","name":"BAQUET OMP CHAMP R - PRETO FIA 8855-1999 - Oficina de manuten\u00e7\u00e3o e repara\u00e7\u00e3o de veiculos automoveis em S. Miguel, A\u00e7ores - Auto Barbosa","isPartOf":{"@id":"https:\/\/autobarbosa.com\/fr\/#website"},"datePublished":"2025-12-16T08:10:14+00:00","dateModified":"2025-12-16T08:10:14+00:00","breadcrumb":{"@id":"https:\/\/autobarbosa.com\/fr\/produto\/baquet-omp-champ-r-preto-fia-8855-1999\/#breadcrumb"},"inLanguage":"fr-FR","potentialAction":[{"@type":"ReadAction","target":["https:\/\/autobarbosa.com\/fr\/produto\/baquet-omp-champ-r-preto-fia-8855-1999\/"]}]},{"@type":"BreadcrumbList","@id":"https:\/\/autobarbosa.com\/fr\/produto\/baquet-omp-champ-r-preto-fia-8855-1999\/#breadcrumb","itemListElement":[{"@type":"ListItem","position":1,"name":"In\u00edcio","item":"https:\/\/autobarbosa.com\/fr\/"},{"@type":"ListItem","position":2,"name":"Loja","item":"https:\/\/autobarbosa.com\/"},{"@type":"ListItem","position":3,"name":"BAQUET OMP CHAMP R &#8211; PRETO FIA 8855-1999"}]},{"@type":"WebSite","@id":"https:\/\/autobarbosa.com\/fr\/#website","url":"https:\/\/autobarbosa.com\/fr\/","name":"Oficina de manuten\u00e7\u00e3o e repara\u00e7\u00e3o de veiculos automoveis em S. Miguel, A\u00e7ores - Auto Barbosa","description":"Auto Barbosa","publisher":{"@id":"https:\/\/autobarbosa.com\/fr\/#organization"},"potentialAction":[{"@type":"SearchAction","target":{"@type":"EntryPoint","urlTemplate":"https:\/\/autobarbosa.com\/fr\/?s={search_term_string}"},"query-input":"required name=search_term_string"}],"inLanguage":"fr-FR"},{"@type":"Organization","@id":"https:\/\/autobarbosa.com\/fr\/#organization","name":"Oficina de manuten\u00e7\u00e3o e repara\u00e7\u00e3o de veiculos automoveis em S. Miguel, A\u00e7ores - Auto Barbosa","url":"https:\/\/autobarbosa.com\/fr\/","logo":{"@type":"ImageObject","inLanguage":"fr-FR","@id":"https:\/\/autobarbosa.com\/fr\/#\/schema\/logo\/image\/","url":"https:\/\/autobarbosa.com\/wp-content\/uploads\/2023\/03\/AUTO-BARBOSA-LOGO-1-e1678715539111.png","contentUrl":"https:\/\/autobarbosa.com\/wp-content\/uploads\/2023\/03\/AUTO-BARBOSA-LOGO-1-e1678715539111.png","width":3233,"height":3233,"caption":"Oficina de manuten\u00e7\u00e3o e repara\u00e7\u00e3o de veiculos automoveis em S. Miguel, A\u00e7ores - Auto Barbosa"},"image":{"@id":"https:\/\/autobarbosa.com\/fr\/#\/schema\/logo\/image\/"},"sameAs":["https:\/\/www.facebook.com\/autobarbosaoficina","https:\/\/www.instagram.com\/autobarbosa.oficina\/"]}]}},"_links":{"self":[{"href":"https:\/\/autobarbosa.com\/fr\/wp-json\/wp\/v3\/product\/20395","targetHints":{"allow":["GET"]}}],"collection":[{"href":"https:\/\/autobarbosa.com\/fr\/wp-json\/wp\/v3\/product"}],"about":[{"href":"https:\/\/autobarbosa.com\/fr\/wp-json\/wp\/v2\/types\/product"}],"wp:attachment":[{"href":"https:\/\/autobarbosa.com\/fr\/wp-json\/wp\/v2\/media?parent=20395"}],"wp:term":[{"taxonomy":"product_cat","embeddable":true,"href":"https:\/\/autobarbosa.com\/fr\/wp-json\/wp\/v2\/product_cat?post=20395"},{"taxonomy":"product_tag","embeddable":true,"href":"https:\/\/autobarbosa.com\/fr\/wp-json\/wp\/v2\/product_tag?post=20395"},{"taxonomy":"marca","embeddable":true,"href":"https:\/\/autobarbosa.com\/fr\/wp-json\/wp\/v2\/marca?post=20395"}],"curies":[{"name":"wp","href":"https:\/\/api.w.org\/{rel}","templated":true}]}}