{"id":20747,"date":"2025-12-16T07:12:01","date_gmt":"2025-12-16T08:12:01","guid":{"rendered":"https:\/\/autobarbosa.com\/produto\/botas-omp-tecnica-fia-8856-2018-azul-amarelo-modelo-2025-sz42\/"},"modified":"2025-12-16T07:12:01","modified_gmt":"2025-12-16T08:12:01","slug":"botas-omp-tecnica-fia-8856-2018-azul-amarelo-modelo-2025-sz42","status":"publish","type":"product","link":"https:\/\/autobarbosa.com\/fr\/produto\/botas-omp-tecnica-fia-8856-2018-azul-amarelo-modelo-2025-sz42\/","title":{"rendered":"BOTAS OMP TECNICA FIA 8856-2018 &#8211; AZUL AMARELO MODELO 2025-  SZ42"},"content":{"rendered":"<p>Botas FIA OMP Tecnica<\/p>\n<p>Cal\u00e7ados de couro de alta qualidade, flex\u00edveis e confort\u00e1veis<br \/>\n. O exterior \u00e9 feito de couro camur\u00e7a macio e o interior \u00e9 feito de couro liso e o interior \u00e9 feito de couro liso dur\u00e1vel.<\/p>\n<p>&#8211; Solado bicolor de \u00faltima gera\u00e7\u00e3o<br \/>\n(o mesmo dos t\u00eanis ONE EVO X) para<br \/>\nm\u00e1xima ader\u00eancia e melhor prote\u00e7\u00e3o dos p\u00e9s.<br \/>\n&#8211; Refor\u00e7o na ponta e fole traseiro confort\u00e1vel<br \/>\nna parte traseira.<br \/>\n&#8211; Novo design moderno.<br \/>\n&#8211; Furos cortados a laser para melhorar a respirabilidade e o conforto dos p\u00e9s.<br \/>\n&#8211; Novos cadar\u00e7os planos.<\/p>\n<p>Aprova\u00e7\u00e3o: FIA 8856-2018.<br \/>\nCores: Azul\/Amarelo.<br \/>\nTamanhos dispon\u00edveis: Do 37 ao 48.<\/p>\n","protected":false},"excerpt":{"rendered":"<p>Botas FIA OMP Tecnica<\/p>\n<p>Cal\u00e7ados de couro de alta qualidade, flex\u00edveis e confort\u00e1veis<br \/>\n. O exterior \u00e9 feito de couro camur\u00e7a macio e o interior \u00e9 feito de couro liso e o interior \u00e9 feito de couro liso dur\u00e1vel.<\/p>\n<p>&#8211; Solado bicolor de \u00faltima gera\u00e7\u00e3o<br \/>\n(o mesmo dos t\u00eanis ONE EVO X) para<br \/>\nm\u00e1xima ader\u00eancia e melhor prote\u00e7\u00e3o dos p\u00e9s.<br \/>\n&#8211; Refor\u00e7o na ponta e fole traseiro confort\u00e1vel<br \/>\nna parte traseira.<br \/>\n&#8211; Novo design moderno.<br \/>\n&#8211; Furos cortados a laser para melhorar a respirabilidade e o conforto dos p\u00e9s.<br \/>\n&#8211; Novos cadar\u00e7os planos.<\/p>\n<p>Aprova\u00e7\u00e3o: FIA 8856-2018.<br \/>\nCores: Azul\/Amarelo.<br \/>\nTamanhos dispon\u00edveis: Do 37 ao 48.<\/p>\n","protected":false},"featured_media":0,"template":"","meta":[],"product_cat":[554],"product_tag":[],"marca":[171],"class_list":["post-20747","product","type-product","status-publish","hentry","product_cat-botas-de-competicao","marca-omp"],"yoast_head":"<!-- This site is optimized with the Yoast SEO plugin v20.5 - https:\/\/yoast.com\/wordpress\/plugins\/seo\/ -->\n<title>BOTAS OMP TECNICA FIA 8856-2018 - AZUL AMARELO MODELO 2025- SZ42 - Oficina de manuten\u00e7\u00e3o e repara\u00e7\u00e3o de veiculos automoveis em S. Miguel, A\u00e7ores - Auto Barbosa<\/title>\n<meta name=\"robots\" content=\"index, follow, max-snippet:-1, max-image-preview:large, max-video-preview:-1\" \/>\n<link rel=\"canonical\" href=\"https:\/\/autobarbosa.com\/fr\/produto\/botas-omp-tecnica-fia-8856-2018-azul-amarelo-modelo-2025-sz42\/\" \/>\n<meta property=\"og:locale\" content=\"fr_FR\" \/>\n<meta property=\"og:type\" content=\"article\" \/>\n<meta property=\"og:title\" content=\"BOTAS OMP TECNICA FIA 8856-2018 - AZUL AMARELO MODELO 2025- SZ42 - Oficina de manuten\u00e7\u00e3o e repara\u00e7\u00e3o de veiculos automoveis em S. Miguel, A\u00e7ores - Auto Barbosa\" \/>\n<meta property=\"og:description\" content=\"Botas FIA OMP Tecnica   Cal\u00e7ados de couro de alta qualidade, flex\u00edveis e confort\u00e1veis . O exterior \u00e9 feito de couro camur\u00e7a macio e o interior \u00e9 feito de couro liso e o interior \u00e9 feito de couro liso dur\u00e1vel.  - Solado bicolor de \u00faltima gera\u00e7\u00e3o (o mesmo dos t\u00eanis ONE EVO X) para m\u00e1xima ader\u00eancia e melhor prote\u00e7\u00e3o dos p\u00e9s. - Refor\u00e7o na ponta e fole traseiro confort\u00e1vel na parte traseira. - Novo design moderno. - Furos cortados a laser para melhorar a respirabilidade e o conforto dos p\u00e9s. - Novos cadar\u00e7os planos.  Aprova\u00e7\u00e3o: FIA 8856-2018. Cores: Azul\/Amarelo. Tamanhos dispon\u00edveis: Do 37 ao 48.\" \/>\n<meta property=\"og:url\" content=\"https:\/\/autobarbosa.com\/fr\/produto\/botas-omp-tecnica-fia-8856-2018-azul-amarelo-modelo-2025-sz42\/\" \/>\n<meta property=\"og:site_name\" content=\"Oficina de manuten\u00e7\u00e3o e repara\u00e7\u00e3o de veiculos automoveis em S. Miguel, A\u00e7ores - Auto Barbosa\" \/>\n<meta property=\"article:publisher\" content=\"https:\/\/www.facebook.com\/autobarbosaoficina\" \/>\n<meta name=\"twitter:card\" content=\"summary_large_image\" \/>\n<meta name=\"twitter:label1\" content=\"Dur\u00e9e de lecture estim\u00e9e\" \/>\n\t<meta name=\"twitter:data1\" content=\"1 minute\" \/>\n<script type=\"application\/ld+json\" class=\"yoast-schema-graph\">{\"@context\":\"https:\/\/schema.org\",\"@graph\":[{\"@type\":\"WebPage\",\"@id\":\"https:\/\/autobarbosa.com\/fr\/produto\/botas-omp-tecnica-fia-8856-2018-azul-amarelo-modelo-2025-sz42\/\",\"url\":\"https:\/\/autobarbosa.com\/fr\/produto\/botas-omp-tecnica-fia-8856-2018-azul-amarelo-modelo-2025-sz42\/\",\"name\":\"BOTAS OMP TECNICA FIA 8856-2018 - AZUL AMARELO MODELO 2025- SZ42 - Oficina de manuten\u00e7\u00e3o e repara\u00e7\u00e3o de veiculos automoveis em S. Miguel, A\u00e7ores - Auto Barbosa\",\"isPartOf\":{\"@id\":\"https:\/\/autobarbosa.com\/fr\/#website\"},\"datePublished\":\"2025-12-16T08:12:01+00:00\",\"dateModified\":\"2025-12-16T08:12:01+00:00\",\"breadcrumb\":{\"@id\":\"https:\/\/autobarbosa.com\/fr\/produto\/botas-omp-tecnica-fia-8856-2018-azul-amarelo-modelo-2025-sz42\/#breadcrumb\"},\"inLanguage\":\"fr-FR\",\"potentialAction\":[{\"@type\":\"ReadAction\",\"target\":[\"https:\/\/autobarbosa.com\/fr\/produto\/botas-omp-tecnica-fia-8856-2018-azul-amarelo-modelo-2025-sz42\/\"]}]},{\"@type\":\"BreadcrumbList\",\"@id\":\"https:\/\/autobarbosa.com\/fr\/produto\/botas-omp-tecnica-fia-8856-2018-azul-amarelo-modelo-2025-sz42\/#breadcrumb\",\"itemListElement\":[{\"@type\":\"ListItem\",\"position\":1,\"name\":\"In\u00edcio\",\"item\":\"https:\/\/autobarbosa.com\/fr\/\"},{\"@type\":\"ListItem\",\"position\":2,\"name\":\"Loja\",\"item\":\"https:\/\/autobarbosa.com\/\"},{\"@type\":\"ListItem\",\"position\":3,\"name\":\"BOTAS OMP TECNICA FIA 8856-2018 &#8211; AZUL AMARELO MODELO 2025- SZ42\"}]},{\"@type\":\"WebSite\",\"@id\":\"https:\/\/autobarbosa.com\/fr\/#website\",\"url\":\"https:\/\/autobarbosa.com\/fr\/\",\"name\":\"Oficina de manuten\u00e7\u00e3o e repara\u00e7\u00e3o de veiculos automoveis em S. Miguel, A\u00e7ores - Auto Barbosa\",\"description\":\"Auto Barbosa\",\"publisher\":{\"@id\":\"https:\/\/autobarbosa.com\/fr\/#organization\"},\"potentialAction\":[{\"@type\":\"SearchAction\",\"target\":{\"@type\":\"EntryPoint\",\"urlTemplate\":\"https:\/\/autobarbosa.com\/fr\/?s={search_term_string}\"},\"query-input\":\"required name=search_term_string\"}],\"inLanguage\":\"fr-FR\"},{\"@type\":\"Organization\",\"@id\":\"https:\/\/autobarbosa.com\/fr\/#organization\",\"name\":\"Oficina de manuten\u00e7\u00e3o e repara\u00e7\u00e3o de veiculos automoveis em S. Miguel, A\u00e7ores - Auto Barbosa\",\"url\":\"https:\/\/autobarbosa.com\/fr\/\",\"logo\":{\"@type\":\"ImageObject\",\"inLanguage\":\"fr-FR\",\"@id\":\"https:\/\/autobarbosa.com\/fr\/#\/schema\/logo\/image\/\",\"url\":\"https:\/\/autobarbosa.com\/wp-content\/uploads\/2023\/03\/AUTO-BARBOSA-LOGO-1-e1678715539111.png\",\"contentUrl\":\"https:\/\/autobarbosa.com\/wp-content\/uploads\/2023\/03\/AUTO-BARBOSA-LOGO-1-e1678715539111.png\",\"width\":3233,\"height\":3233,\"caption\":\"Oficina de manuten\u00e7\u00e3o e repara\u00e7\u00e3o de veiculos automoveis em S. Miguel, A\u00e7ores - Auto Barbosa\"},\"image\":{\"@id\":\"https:\/\/autobarbosa.com\/fr\/#\/schema\/logo\/image\/\"},\"sameAs\":[\"https:\/\/www.facebook.com\/autobarbosaoficina\",\"https:\/\/www.instagram.com\/autobarbosa.oficina\/\"]}]}<\/script>\n<!-- \/ Yoast SEO plugin. -->","yoast_head_json":{"title":"BOTAS OMP TECNICA FIA 8856-2018 - AZUL AMARELO MODELO 2025- SZ42 - Oficina de manuten\u00e7\u00e3o e repara\u00e7\u00e3o de veiculos automoveis em S. Miguel, A\u00e7ores - Auto Barbosa","robots":{"index":"index","follow":"follow","max-snippet":"max-snippet:-1","max-image-preview":"max-image-preview:large","max-video-preview":"max-video-preview:-1"},"canonical":"https:\/\/autobarbosa.com\/fr\/produto\/botas-omp-tecnica-fia-8856-2018-azul-amarelo-modelo-2025-sz42\/","og_locale":"fr_FR","og_type":"article","og_title":"BOTAS OMP TECNICA FIA 8856-2018 - AZUL AMARELO MODELO 2025- SZ42 - Oficina de manuten\u00e7\u00e3o e repara\u00e7\u00e3o de veiculos automoveis em S. Miguel, A\u00e7ores - Auto Barbosa","og_description":"Botas FIA OMP Tecnica   Cal\u00e7ados de couro de alta qualidade, flex\u00edveis e confort\u00e1veis . O exterior \u00e9 feito de couro camur\u00e7a macio e o interior \u00e9 feito de couro liso e o interior \u00e9 feito de couro liso dur\u00e1vel.  - Solado bicolor de \u00faltima gera\u00e7\u00e3o (o mesmo dos t\u00eanis ONE EVO X) para m\u00e1xima ader\u00eancia e melhor prote\u00e7\u00e3o dos p\u00e9s. - Refor\u00e7o na ponta e fole traseiro confort\u00e1vel na parte traseira. - Novo design moderno. - Furos cortados a laser para melhorar a respirabilidade e o conforto dos p\u00e9s. - Novos cadar\u00e7os planos.  Aprova\u00e7\u00e3o: FIA 8856-2018. Cores: Azul\/Amarelo. Tamanhos dispon\u00edveis: Do 37 ao 48.","og_url":"https:\/\/autobarbosa.com\/fr\/produto\/botas-omp-tecnica-fia-8856-2018-azul-amarelo-modelo-2025-sz42\/","og_site_name":"Oficina de manuten\u00e7\u00e3o e repara\u00e7\u00e3o de veiculos automoveis em S. Miguel, A\u00e7ores - Auto Barbosa","article_publisher":"https:\/\/www.facebook.com\/autobarbosaoficina","twitter_card":"summary_large_image","twitter_misc":{"Dur\u00e9e de lecture estim\u00e9e":"1 minute"},"schema":{"@context":"https:\/\/schema.org","@graph":[{"@type":"WebPage","@id":"https:\/\/autobarbosa.com\/fr\/produto\/botas-omp-tecnica-fia-8856-2018-azul-amarelo-modelo-2025-sz42\/","url":"https:\/\/autobarbosa.com\/fr\/produto\/botas-omp-tecnica-fia-8856-2018-azul-amarelo-modelo-2025-sz42\/","name":"BOTAS OMP TECNICA FIA 8856-2018 - AZUL AMARELO MODELO 2025- SZ42 - Oficina de manuten\u00e7\u00e3o e repara\u00e7\u00e3o de veiculos automoveis em S. Miguel, A\u00e7ores - Auto Barbosa","isPartOf":{"@id":"https:\/\/autobarbosa.com\/fr\/#website"},"datePublished":"2025-12-16T08:12:01+00:00","dateModified":"2025-12-16T08:12:01+00:00","breadcrumb":{"@id":"https:\/\/autobarbosa.com\/fr\/produto\/botas-omp-tecnica-fia-8856-2018-azul-amarelo-modelo-2025-sz42\/#breadcrumb"},"inLanguage":"fr-FR","potentialAction":[{"@type":"ReadAction","target":["https:\/\/autobarbosa.com\/fr\/produto\/botas-omp-tecnica-fia-8856-2018-azul-amarelo-modelo-2025-sz42\/"]}]},{"@type":"BreadcrumbList","@id":"https:\/\/autobarbosa.com\/fr\/produto\/botas-omp-tecnica-fia-8856-2018-azul-amarelo-modelo-2025-sz42\/#breadcrumb","itemListElement":[{"@type":"ListItem","position":1,"name":"In\u00edcio","item":"https:\/\/autobarbosa.com\/fr\/"},{"@type":"ListItem","position":2,"name":"Loja","item":"https:\/\/autobarbosa.com\/"},{"@type":"ListItem","position":3,"name":"BOTAS OMP TECNICA FIA 8856-2018 &#8211; AZUL AMARELO MODELO 2025- SZ42"}]},{"@type":"WebSite","@id":"https:\/\/autobarbosa.com\/fr\/#website","url":"https:\/\/autobarbosa.com\/fr\/","name":"Oficina de manuten\u00e7\u00e3o e repara\u00e7\u00e3o de veiculos automoveis em S. Miguel, A\u00e7ores - Auto Barbosa","description":"Auto Barbosa","publisher":{"@id":"https:\/\/autobarbosa.com\/fr\/#organization"},"potentialAction":[{"@type":"SearchAction","target":{"@type":"EntryPoint","urlTemplate":"https:\/\/autobarbosa.com\/fr\/?s={search_term_string}"},"query-input":"required name=search_term_string"}],"inLanguage":"fr-FR"},{"@type":"Organization","@id":"https:\/\/autobarbosa.com\/fr\/#organization","name":"Oficina de manuten\u00e7\u00e3o e repara\u00e7\u00e3o de veiculos automoveis em S. Miguel, A\u00e7ores - Auto Barbosa","url":"https:\/\/autobarbosa.com\/fr\/","logo":{"@type":"ImageObject","inLanguage":"fr-FR","@id":"https:\/\/autobarbosa.com\/fr\/#\/schema\/logo\/image\/","url":"https:\/\/autobarbosa.com\/wp-content\/uploads\/2023\/03\/AUTO-BARBOSA-LOGO-1-e1678715539111.png","contentUrl":"https:\/\/autobarbosa.com\/wp-content\/uploads\/2023\/03\/AUTO-BARBOSA-LOGO-1-e1678715539111.png","width":3233,"height":3233,"caption":"Oficina de manuten\u00e7\u00e3o e repara\u00e7\u00e3o de veiculos automoveis em S. Miguel, A\u00e7ores - Auto Barbosa"},"image":{"@id":"https:\/\/autobarbosa.com\/fr\/#\/schema\/logo\/image\/"},"sameAs":["https:\/\/www.facebook.com\/autobarbosaoficina","https:\/\/www.instagram.com\/autobarbosa.oficina\/"]}]}},"_links":{"self":[{"href":"https:\/\/autobarbosa.com\/fr\/wp-json\/wp\/v3\/product\/20747","targetHints":{"allow":["GET"]}}],"collection":[{"href":"https:\/\/autobarbosa.com\/fr\/wp-json\/wp\/v3\/product"}],"about":[{"href":"https:\/\/autobarbosa.com\/fr\/wp-json\/wp\/v2\/types\/product"}],"wp:attachment":[{"href":"https:\/\/autobarbosa.com\/fr\/wp-json\/wp\/v2\/media?parent=20747"}],"wp:term":[{"taxonomy":"product_cat","embeddable":true,"href":"https:\/\/autobarbosa.com\/fr\/wp-json\/wp\/v2\/product_cat?post=20747"},{"taxonomy":"product_tag","embeddable":true,"href":"https:\/\/autobarbosa.com\/fr\/wp-json\/wp\/v2\/product_tag?post=20747"},{"taxonomy":"marca","embeddable":true,"href":"https:\/\/autobarbosa.com\/fr\/wp-json\/wp\/v2\/marca?post=20747"}],"curies":[{"name":"wp","href":"https:\/\/api.w.org\/{rel}","templated":true}]}}