{"id":21147,"date":"2025-12-16T07:14:02","date_gmt":"2025-12-16T08:14:02","guid":{"rendered":"https:\/\/autobarbosa.com\/produto\/tapete-chao-tenda-3x6mt-pro-550-g-m%c2%b2-3-x-6-m\/"},"modified":"2026-05-01T19:14:44","modified_gmt":"2026-05-01T19:14:44","slug":"tapete-chao-tenda-3x6mt-pro-550-g-m%c2%b2-3-x-6-m","status":"publish","type":"product","link":"https:\/\/autobarbosa.com\/fr\/produto\/tapete-chao-tenda-3x6mt-pro-550-g-m%c2%b2-3-x-6-m\/","title":{"rendered":"TAPETE CHAO \/ TENDA  3X6MT Pro 550 g\/m\u00b2 &#8211; 3 x 6 m"},"content":{"rendered":"<p>Cobertura REDSPEC Pro 550 g\/m\u00b2 &#8211; 3 x 6 m cinza<\/p>\n<p>Obrigat\u00f3rio para assist\u00eancia sob cada ve\u00edculo de corrida e assist\u00eancia desde 2013.<br \/>\nEm conformidade com FFSA (imperme\u00e1vel e resistente a hidrocarbonetos)<br \/>\nCobertura retangular de alta qualidade em PVC.<br \/>\nIlh\u00f3s com refor\u00e7os met\u00e1licos.<br \/>\n\u00c0 prova d&#8217;\u00e1gua.<br \/>\nDimens\u00f5es: 3 x 6 metros.<br \/>\nEntregue com sua bolsa de transporte.<br \/>\nDensidade: 550gsm.<br \/>\nCor cinza.<\/p>\n","protected":false},"excerpt":{"rendered":"<p>Cobertura REDSPEC Pro 550 g\/m\u00b2 &#8211; 3 x 6 m cinza<\/p>\n<p>Obrigat\u00f3rio para assist\u00eancia sob cada ve\u00edculo de corrida e assist\u00eancia desde 2013.<br \/>\nEm conformidade com FFSA (imperme\u00e1vel e resistente a hidrocarbonetos)<br \/>\nCobertura retangular de alta qualidade em PVC.<br \/>\nIlh\u00f3s com refor\u00e7os met\u00e1licos.<br \/>\n\u00c0 prova d&#8217;\u00e1gua.<br \/>\nDimens\u00f5es: 3 x 6 metros.<br \/>\nEntregue com sua bolsa de transporte.<br \/>\nDensidade: 550gsm.<br \/>\nCor cinza.<\/p>\n","protected":false},"featured_media":21143,"template":"","meta":[],"product_cat":[561],"product_tag":[],"marca":[121],"class_list":["post-21147","product","type-product","status-publish","has-post-thumbnail","hentry","product_cat-tendas-iluminacao","marca-red-spec"],"yoast_head":"<!-- This site is optimized with the Yoast SEO plugin v20.5 - https:\/\/yoast.com\/wordpress\/plugins\/seo\/ -->\n<title>TAPETE CHAO \/ TENDA 3X6MT Pro 550 g\/m\u00b2 - 3 x 6 m - Oficina de manuten\u00e7\u00e3o e repara\u00e7\u00e3o de veiculos automoveis em S. Miguel, A\u00e7ores - Auto Barbosa<\/title>\n<meta name=\"robots\" content=\"index, follow, max-snippet:-1, max-image-preview:large, max-video-preview:-1\" \/>\n<link rel=\"canonical\" href=\"https:\/\/autobarbosa.com\/fr\/produto\/tapete-chao-tenda-3x6mt-pro-550-g-m%c2%b2-3-x-6-m\/\" \/>\n<meta property=\"og:locale\" content=\"fr_FR\" \/>\n<meta property=\"og:type\" content=\"article\" \/>\n<meta property=\"og:title\" content=\"TAPETE CHAO \/ TENDA 3X6MT Pro 550 g\/m\u00b2 - 3 x 6 m - Oficina de manuten\u00e7\u00e3o e repara\u00e7\u00e3o de veiculos automoveis em S. Miguel, A\u00e7ores - Auto Barbosa\" \/>\n<meta property=\"og:description\" content=\"Cobertura REDSPEC Pro 550 g\/m\u00b2 - 3 x 6 m cinza  Obrigat\u00f3rio para assist\u00eancia sob cada ve\u00edculo de corrida e assist\u00eancia desde 2013. Em conformidade com FFSA (imperme\u00e1vel e resistente a hidrocarbonetos) Cobertura retangular de alta qualidade em PVC. Ilh\u00f3s com refor\u00e7os met\u00e1licos. \u00c0 prova d&#039;\u00e1gua. Dimens\u00f5es: 3 x 6 metros. Entregue com sua bolsa de transporte. Densidade: 550gsm. Cor cinza.\" \/>\n<meta property=\"og:url\" content=\"https:\/\/autobarbosa.com\/fr\/produto\/tapete-chao-tenda-3x6mt-pro-550-g-m%c2%b2-3-x-6-m\/\" \/>\n<meta property=\"og:site_name\" content=\"Oficina de manuten\u00e7\u00e3o e repara\u00e7\u00e3o de veiculos automoveis em S. Miguel, A\u00e7ores - Auto Barbosa\" \/>\n<meta property=\"article:publisher\" content=\"https:\/\/www.facebook.com\/autobarbosaoficina\" \/>\n<meta property=\"article:modified_time\" content=\"2026-05-01T19:14:44+00:00\" \/>\n<meta property=\"og:image\" content=\"https:\/\/autobarbosa.com\/wp-content\/uploads\/2025\/12\/8rs3x6prog.png\" \/>\n\t<meta property=\"og:image:width\" content=\"597\" \/>\n\t<meta property=\"og:image:height\" content=\"599\" \/>\n\t<meta property=\"og:image:type\" content=\"image\/png\" \/>\n<meta name=\"twitter:card\" content=\"summary_large_image\" \/>\n<script type=\"application\/ld+json\" class=\"yoast-schema-graph\">{\"@context\":\"https:\/\/schema.org\",\"@graph\":[{\"@type\":\"WebPage\",\"@id\":\"https:\/\/autobarbosa.com\/fr\/produto\/tapete-chao-tenda-3x6mt-pro-550-g-m%c2%b2-3-x-6-m\/\",\"url\":\"https:\/\/autobarbosa.com\/fr\/produto\/tapete-chao-tenda-3x6mt-pro-550-g-m%c2%b2-3-x-6-m\/\",\"name\":\"TAPETE CHAO \/ TENDA 3X6MT Pro 550 g\/m\u00b2 - 3 x 6 m - Oficina de manuten\u00e7\u00e3o e repara\u00e7\u00e3o de veiculos automoveis em S. Miguel, A\u00e7ores - Auto Barbosa\",\"isPartOf\":{\"@id\":\"https:\/\/autobarbosa.com\/fr\/#website\"},\"datePublished\":\"2025-12-16T08:14:02+00:00\",\"dateModified\":\"2026-05-01T19:14:44+00:00\",\"breadcrumb\":{\"@id\":\"https:\/\/autobarbosa.com\/fr\/produto\/tapete-chao-tenda-3x6mt-pro-550-g-m%c2%b2-3-x-6-m\/#breadcrumb\"},\"inLanguage\":\"fr-FR\",\"potentialAction\":[{\"@type\":\"ReadAction\",\"target\":[\"https:\/\/autobarbosa.com\/fr\/produto\/tapete-chao-tenda-3x6mt-pro-550-g-m%c2%b2-3-x-6-m\/\"]}]},{\"@type\":\"BreadcrumbList\",\"@id\":\"https:\/\/autobarbosa.com\/fr\/produto\/tapete-chao-tenda-3x6mt-pro-550-g-m%c2%b2-3-x-6-m\/#breadcrumb\",\"itemListElement\":[{\"@type\":\"ListItem\",\"position\":1,\"name\":\"In\u00edcio\",\"item\":\"https:\/\/autobarbosa.com\/fr\/\"},{\"@type\":\"ListItem\",\"position\":2,\"name\":\"Loja\",\"item\":\"https:\/\/autobarbosa.com\/\"},{\"@type\":\"ListItem\",\"position\":3,\"name\":\"TAPETE CHAO \/ TENDA 3X6MT Pro 550 g\/m\u00b2 &#8211; 3 x 6 m\"}]},{\"@type\":\"WebSite\",\"@id\":\"https:\/\/autobarbosa.com\/fr\/#website\",\"url\":\"https:\/\/autobarbosa.com\/fr\/\",\"name\":\"Oficina de manuten\u00e7\u00e3o e repara\u00e7\u00e3o de veiculos automoveis em S. Miguel, A\u00e7ores - Auto Barbosa\",\"description\":\"Auto Barbosa\",\"publisher\":{\"@id\":\"https:\/\/autobarbosa.com\/fr\/#organization\"},\"potentialAction\":[{\"@type\":\"SearchAction\",\"target\":{\"@type\":\"EntryPoint\",\"urlTemplate\":\"https:\/\/autobarbosa.com\/fr\/?s={search_term_string}\"},\"query-input\":\"required name=search_term_string\"}],\"inLanguage\":\"fr-FR\"},{\"@type\":\"Organization\",\"@id\":\"https:\/\/autobarbosa.com\/fr\/#organization\",\"name\":\"Oficina de manuten\u00e7\u00e3o e repara\u00e7\u00e3o de veiculos automoveis em S. Miguel, A\u00e7ores - Auto Barbosa\",\"url\":\"https:\/\/autobarbosa.com\/fr\/\",\"logo\":{\"@type\":\"ImageObject\",\"inLanguage\":\"fr-FR\",\"@id\":\"https:\/\/autobarbosa.com\/fr\/#\/schema\/logo\/image\/\",\"url\":\"https:\/\/autobarbosa.com\/wp-content\/uploads\/2023\/03\/AUTO-BARBOSA-LOGO-1-e1678715539111.png\",\"contentUrl\":\"https:\/\/autobarbosa.com\/wp-content\/uploads\/2023\/03\/AUTO-BARBOSA-LOGO-1-e1678715539111.png\",\"width\":3233,\"height\":3233,\"caption\":\"Oficina de manuten\u00e7\u00e3o e repara\u00e7\u00e3o de veiculos automoveis em S. Miguel, A\u00e7ores - Auto Barbosa\"},\"image\":{\"@id\":\"https:\/\/autobarbosa.com\/fr\/#\/schema\/logo\/image\/\"},\"sameAs\":[\"https:\/\/www.facebook.com\/autobarbosaoficina\",\"https:\/\/www.instagram.com\/autobarbosa.oficina\/\"]}]}<\/script>\n<!-- \/ Yoast SEO plugin. -->","yoast_head_json":{"title":"TAPETE CHAO \/ TENDA 3X6MT Pro 550 g\/m\u00b2 - 3 x 6 m - Oficina de manuten\u00e7\u00e3o e repara\u00e7\u00e3o de veiculos automoveis em S. Miguel, A\u00e7ores - Auto Barbosa","robots":{"index":"index","follow":"follow","max-snippet":"max-snippet:-1","max-image-preview":"max-image-preview:large","max-video-preview":"max-video-preview:-1"},"canonical":"https:\/\/autobarbosa.com\/fr\/produto\/tapete-chao-tenda-3x6mt-pro-550-g-m%c2%b2-3-x-6-m\/","og_locale":"fr_FR","og_type":"article","og_title":"TAPETE CHAO \/ TENDA 3X6MT Pro 550 g\/m\u00b2 - 3 x 6 m - Oficina de manuten\u00e7\u00e3o e repara\u00e7\u00e3o de veiculos automoveis em S. Miguel, A\u00e7ores - Auto Barbosa","og_description":"Cobertura REDSPEC Pro 550 g\/m\u00b2 - 3 x 6 m cinza  Obrigat\u00f3rio para assist\u00eancia sob cada ve\u00edculo de corrida e assist\u00eancia desde 2013. Em conformidade com FFSA (imperme\u00e1vel e resistente a hidrocarbonetos) Cobertura retangular de alta qualidade em PVC. Ilh\u00f3s com refor\u00e7os met\u00e1licos. \u00c0 prova d'\u00e1gua. Dimens\u00f5es: 3 x 6 metros. Entregue com sua bolsa de transporte. Densidade: 550gsm. Cor cinza.","og_url":"https:\/\/autobarbosa.com\/fr\/produto\/tapete-chao-tenda-3x6mt-pro-550-g-m%c2%b2-3-x-6-m\/","og_site_name":"Oficina de manuten\u00e7\u00e3o e repara\u00e7\u00e3o de veiculos automoveis em S. Miguel, A\u00e7ores - Auto Barbosa","article_publisher":"https:\/\/www.facebook.com\/autobarbosaoficina","article_modified_time":"2026-05-01T19:14:44+00:00","og_image":[{"width":597,"height":599,"url":"https:\/\/autobarbosa.com\/wp-content\/uploads\/2025\/12\/8rs3x6prog.png","type":"image\/png"}],"twitter_card":"summary_large_image","schema":{"@context":"https:\/\/schema.org","@graph":[{"@type":"WebPage","@id":"https:\/\/autobarbosa.com\/fr\/produto\/tapete-chao-tenda-3x6mt-pro-550-g-m%c2%b2-3-x-6-m\/","url":"https:\/\/autobarbosa.com\/fr\/produto\/tapete-chao-tenda-3x6mt-pro-550-g-m%c2%b2-3-x-6-m\/","name":"TAPETE CHAO \/ TENDA 3X6MT Pro 550 g\/m\u00b2 - 3 x 6 m - Oficina de manuten\u00e7\u00e3o e repara\u00e7\u00e3o de veiculos automoveis em S. Miguel, A\u00e7ores - Auto Barbosa","isPartOf":{"@id":"https:\/\/autobarbosa.com\/fr\/#website"},"datePublished":"2025-12-16T08:14:02+00:00","dateModified":"2026-05-01T19:14:44+00:00","breadcrumb":{"@id":"https:\/\/autobarbosa.com\/fr\/produto\/tapete-chao-tenda-3x6mt-pro-550-g-m%c2%b2-3-x-6-m\/#breadcrumb"},"inLanguage":"fr-FR","potentialAction":[{"@type":"ReadAction","target":["https:\/\/autobarbosa.com\/fr\/produto\/tapete-chao-tenda-3x6mt-pro-550-g-m%c2%b2-3-x-6-m\/"]}]},{"@type":"BreadcrumbList","@id":"https:\/\/autobarbosa.com\/fr\/produto\/tapete-chao-tenda-3x6mt-pro-550-g-m%c2%b2-3-x-6-m\/#breadcrumb","itemListElement":[{"@type":"ListItem","position":1,"name":"In\u00edcio","item":"https:\/\/autobarbosa.com\/fr\/"},{"@type":"ListItem","position":2,"name":"Loja","item":"https:\/\/autobarbosa.com\/"},{"@type":"ListItem","position":3,"name":"TAPETE CHAO \/ TENDA 3X6MT Pro 550 g\/m\u00b2 &#8211; 3 x 6 m"}]},{"@type":"WebSite","@id":"https:\/\/autobarbosa.com\/fr\/#website","url":"https:\/\/autobarbosa.com\/fr\/","name":"Oficina de manuten\u00e7\u00e3o e repara\u00e7\u00e3o de veiculos automoveis em S. Miguel, A\u00e7ores - Auto Barbosa","description":"Auto Barbosa","publisher":{"@id":"https:\/\/autobarbosa.com\/fr\/#organization"},"potentialAction":[{"@type":"SearchAction","target":{"@type":"EntryPoint","urlTemplate":"https:\/\/autobarbosa.com\/fr\/?s={search_term_string}"},"query-input":"required name=search_term_string"}],"inLanguage":"fr-FR"},{"@type":"Organization","@id":"https:\/\/autobarbosa.com\/fr\/#organization","name":"Oficina de manuten\u00e7\u00e3o e repara\u00e7\u00e3o de veiculos automoveis em S. Miguel, A\u00e7ores - Auto Barbosa","url":"https:\/\/autobarbosa.com\/fr\/","logo":{"@type":"ImageObject","inLanguage":"fr-FR","@id":"https:\/\/autobarbosa.com\/fr\/#\/schema\/logo\/image\/","url":"https:\/\/autobarbosa.com\/wp-content\/uploads\/2023\/03\/AUTO-BARBOSA-LOGO-1-e1678715539111.png","contentUrl":"https:\/\/autobarbosa.com\/wp-content\/uploads\/2023\/03\/AUTO-BARBOSA-LOGO-1-e1678715539111.png","width":3233,"height":3233,"caption":"Oficina de manuten\u00e7\u00e3o e repara\u00e7\u00e3o de veiculos automoveis em S. Miguel, A\u00e7ores - Auto Barbosa"},"image":{"@id":"https:\/\/autobarbosa.com\/fr\/#\/schema\/logo\/image\/"},"sameAs":["https:\/\/www.facebook.com\/autobarbosaoficina","https:\/\/www.instagram.com\/autobarbosa.oficina\/"]}]}},"_links":{"self":[{"href":"https:\/\/autobarbosa.com\/fr\/wp-json\/wp\/v3\/product\/21147","targetHints":{"allow":["GET"]}}],"collection":[{"href":"https:\/\/autobarbosa.com\/fr\/wp-json\/wp\/v3\/product"}],"about":[{"href":"https:\/\/autobarbosa.com\/fr\/wp-json\/wp\/v2\/types\/product"}],"wp:featuredmedia":[{"embeddable":true,"href":"https:\/\/autobarbosa.com\/fr\/wp-json\/wp\/v2\/media\/21143"}],"wp:attachment":[{"href":"https:\/\/autobarbosa.com\/fr\/wp-json\/wp\/v2\/media?parent=21147"}],"wp:term":[{"taxonomy":"product_cat","embeddable":true,"href":"https:\/\/autobarbosa.com\/fr\/wp-json\/wp\/v2\/product_cat?post=21147"},{"taxonomy":"product_tag","embeddable":true,"href":"https:\/\/autobarbosa.com\/fr\/wp-json\/wp\/v2\/product_tag?post=21147"},{"taxonomy":"marca","embeddable":true,"href":"https:\/\/autobarbosa.com\/fr\/wp-json\/wp\/v2\/marca?post=21147"}],"curies":[{"name":"wp","href":"https:\/\/api.w.org\/{rel}","templated":true}]}}