{"id":21339,"date":"2025-12-16T07:14:58","date_gmt":"2025-12-16T08:14:58","guid":{"rendered":"https:\/\/autobarbosa.com\/produto\/sapatilhas-sparco-s-run-preto-tam-43\/"},"modified":"2025-12-16T07:14:58","modified_gmt":"2025-12-16T08:14:58","slug":"sapatilhas-sparco-s-run-preto-tam-43","status":"publish","type":"product","link":"https:\/\/autobarbosa.com\/fr\/produto\/sapatilhas-sparco-s-run-preto-tam-43\/","title":{"rendered":"SAPATILHAS SPARCO S RUN &#8211; PRETO &#8211; TAM 43"},"content":{"rendered":"<p>T\u00eanis SPARCO S-RUN<\/p>\n<p>Cabedal em mesh respir\u00e1vel com estampa SPARCO.<br \/>\nL\u00edngua com el\u00e1stico para m\u00e1xima estabilidade do p\u00e9.<br \/>\nSola de borracha e phylon para m\u00e1xima ader\u00eancia e conforto.<br \/>\nPalmilha antibacteriana.<br \/>\nTiras reflexivas.<\/p>\n<p>Cores: Azul marinho\/Vermelho, Preto<br \/>\nTamanhos dispon\u00edveis: Do 36 ao 48.<\/p>\n","protected":false},"excerpt":{"rendered":"<p>T\u00eanis SPARCO S-RUN<\/p>\n<p>Cabedal em mesh respir\u00e1vel com estampa SPARCO.<br \/>\nL\u00edngua com el\u00e1stico para m\u00e1xima estabilidade do p\u00e9.<br \/>\nSola de borracha e phylon para m\u00e1xima ader\u00eancia e conforto.<br \/>\nPalmilha antibacteriana.<br \/>\nTiras reflexivas.<\/p>\n<p>Cores: Azul marinho\/Vermelho, Preto<br \/>\nTamanhos dispon\u00edveis: Do 36 ao 48.<\/p>\n","protected":false},"featured_media":0,"template":"","meta":[],"product_cat":[564],"product_tag":[],"marca":[172],"class_list":["post-21339","product","type-product","status-publish","hentry","product_cat-roupa-merchandising","marca-sparco"],"yoast_head":"<!-- This site is optimized with the Yoast SEO plugin v20.5 - https:\/\/yoast.com\/wordpress\/plugins\/seo\/ -->\n<title>SAPATILHAS SPARCO S RUN - PRETO - TAM 43 - Oficina de manuten\u00e7\u00e3o e repara\u00e7\u00e3o de veiculos automoveis em S. Miguel, A\u00e7ores - Auto Barbosa<\/title>\n<meta name=\"robots\" content=\"index, follow, max-snippet:-1, max-image-preview:large, max-video-preview:-1\" \/>\n<link rel=\"canonical\" href=\"https:\/\/autobarbosa.com\/fr\/produto\/sapatilhas-sparco-s-run-preto-tam-43\/\" \/>\n<meta property=\"og:locale\" content=\"fr_FR\" \/>\n<meta property=\"og:type\" content=\"article\" \/>\n<meta property=\"og:title\" content=\"SAPATILHAS SPARCO S RUN - PRETO - TAM 43 - Oficina de manuten\u00e7\u00e3o e repara\u00e7\u00e3o de veiculos automoveis em S. Miguel, A\u00e7ores - Auto Barbosa\" \/>\n<meta property=\"og:description\" content=\"T\u00eanis SPARCO S-RUN   Cabedal em mesh respir\u00e1vel com estampa SPARCO. L\u00edngua com el\u00e1stico para m\u00e1xima estabilidade do p\u00e9. Sola de borracha e phylon para m\u00e1xima ader\u00eancia e conforto. Palmilha antibacteriana. Tiras reflexivas.  Cores: Azul marinho\/Vermelho, Preto Tamanhos dispon\u00edveis: Do 36 ao 48.\" \/>\n<meta property=\"og:url\" content=\"https:\/\/autobarbosa.com\/fr\/produto\/sapatilhas-sparco-s-run-preto-tam-43\/\" \/>\n<meta property=\"og:site_name\" content=\"Oficina de manuten\u00e7\u00e3o e repara\u00e7\u00e3o de veiculos automoveis em S. Miguel, A\u00e7ores - Auto Barbosa\" \/>\n<meta property=\"article:publisher\" content=\"https:\/\/www.facebook.com\/autobarbosaoficina\" \/>\n<meta name=\"twitter:card\" content=\"summary_large_image\" \/>\n<script type=\"application\/ld+json\" class=\"yoast-schema-graph\">{\"@context\":\"https:\/\/schema.org\",\"@graph\":[{\"@type\":\"WebPage\",\"@id\":\"https:\/\/autobarbosa.com\/fr\/produto\/sapatilhas-sparco-s-run-preto-tam-43\/\",\"url\":\"https:\/\/autobarbosa.com\/fr\/produto\/sapatilhas-sparco-s-run-preto-tam-43\/\",\"name\":\"SAPATILHAS SPARCO S RUN - PRETO - TAM 43 - Oficina de manuten\u00e7\u00e3o e repara\u00e7\u00e3o de veiculos automoveis em S. Miguel, A\u00e7ores - Auto Barbosa\",\"isPartOf\":{\"@id\":\"https:\/\/autobarbosa.com\/fr\/#website\"},\"datePublished\":\"2025-12-16T08:14:58+00:00\",\"dateModified\":\"2025-12-16T08:14:58+00:00\",\"breadcrumb\":{\"@id\":\"https:\/\/autobarbosa.com\/fr\/produto\/sapatilhas-sparco-s-run-preto-tam-43\/#breadcrumb\"},\"inLanguage\":\"fr-FR\",\"potentialAction\":[{\"@type\":\"ReadAction\",\"target\":[\"https:\/\/autobarbosa.com\/fr\/produto\/sapatilhas-sparco-s-run-preto-tam-43\/\"]}]},{\"@type\":\"BreadcrumbList\",\"@id\":\"https:\/\/autobarbosa.com\/fr\/produto\/sapatilhas-sparco-s-run-preto-tam-43\/#breadcrumb\",\"itemListElement\":[{\"@type\":\"ListItem\",\"position\":1,\"name\":\"In\u00edcio\",\"item\":\"https:\/\/autobarbosa.com\/fr\/\"},{\"@type\":\"ListItem\",\"position\":2,\"name\":\"Loja\",\"item\":\"https:\/\/autobarbosa.com\/\"},{\"@type\":\"ListItem\",\"position\":3,\"name\":\"SAPATILHAS SPARCO S RUN &#8211; PRETO &#8211; TAM 43\"}]},{\"@type\":\"WebSite\",\"@id\":\"https:\/\/autobarbosa.com\/fr\/#website\",\"url\":\"https:\/\/autobarbosa.com\/fr\/\",\"name\":\"Oficina de manuten\u00e7\u00e3o e repara\u00e7\u00e3o de veiculos automoveis em S. Miguel, A\u00e7ores - Auto Barbosa\",\"description\":\"Auto Barbosa\",\"publisher\":{\"@id\":\"https:\/\/autobarbosa.com\/fr\/#organization\"},\"potentialAction\":[{\"@type\":\"SearchAction\",\"target\":{\"@type\":\"EntryPoint\",\"urlTemplate\":\"https:\/\/autobarbosa.com\/fr\/?s={search_term_string}\"},\"query-input\":\"required name=search_term_string\"}],\"inLanguage\":\"fr-FR\"},{\"@type\":\"Organization\",\"@id\":\"https:\/\/autobarbosa.com\/fr\/#organization\",\"name\":\"Oficina de manuten\u00e7\u00e3o e repara\u00e7\u00e3o de veiculos automoveis em S. Miguel, A\u00e7ores - Auto Barbosa\",\"url\":\"https:\/\/autobarbosa.com\/fr\/\",\"logo\":{\"@type\":\"ImageObject\",\"inLanguage\":\"fr-FR\",\"@id\":\"https:\/\/autobarbosa.com\/fr\/#\/schema\/logo\/image\/\",\"url\":\"https:\/\/autobarbosa.com\/wp-content\/uploads\/2023\/03\/AUTO-BARBOSA-LOGO-1-e1678715539111.png\",\"contentUrl\":\"https:\/\/autobarbosa.com\/wp-content\/uploads\/2023\/03\/AUTO-BARBOSA-LOGO-1-e1678715539111.png\",\"width\":3233,\"height\":3233,\"caption\":\"Oficina de manuten\u00e7\u00e3o e repara\u00e7\u00e3o de veiculos automoveis em S. Miguel, A\u00e7ores - Auto Barbosa\"},\"image\":{\"@id\":\"https:\/\/autobarbosa.com\/fr\/#\/schema\/logo\/image\/\"},\"sameAs\":[\"https:\/\/www.facebook.com\/autobarbosaoficina\",\"https:\/\/www.instagram.com\/autobarbosa.oficina\/\"]}]}<\/script>\n<!-- \/ Yoast SEO plugin. -->","yoast_head_json":{"title":"SAPATILHAS SPARCO S RUN - PRETO - TAM 43 - Oficina de manuten\u00e7\u00e3o e repara\u00e7\u00e3o de veiculos automoveis em S. Miguel, A\u00e7ores - Auto Barbosa","robots":{"index":"index","follow":"follow","max-snippet":"max-snippet:-1","max-image-preview":"max-image-preview:large","max-video-preview":"max-video-preview:-1"},"canonical":"https:\/\/autobarbosa.com\/fr\/produto\/sapatilhas-sparco-s-run-preto-tam-43\/","og_locale":"fr_FR","og_type":"article","og_title":"SAPATILHAS SPARCO S RUN - PRETO - TAM 43 - Oficina de manuten\u00e7\u00e3o e repara\u00e7\u00e3o de veiculos automoveis em S. Miguel, A\u00e7ores - Auto Barbosa","og_description":"T\u00eanis SPARCO S-RUN   Cabedal em mesh respir\u00e1vel com estampa SPARCO. L\u00edngua com el\u00e1stico para m\u00e1xima estabilidade do p\u00e9. Sola de borracha e phylon para m\u00e1xima ader\u00eancia e conforto. Palmilha antibacteriana. Tiras reflexivas.  Cores: Azul marinho\/Vermelho, Preto Tamanhos dispon\u00edveis: Do 36 ao 48.","og_url":"https:\/\/autobarbosa.com\/fr\/produto\/sapatilhas-sparco-s-run-preto-tam-43\/","og_site_name":"Oficina de manuten\u00e7\u00e3o e repara\u00e7\u00e3o de veiculos automoveis em S. Miguel, A\u00e7ores - Auto Barbosa","article_publisher":"https:\/\/www.facebook.com\/autobarbosaoficina","twitter_card":"summary_large_image","schema":{"@context":"https:\/\/schema.org","@graph":[{"@type":"WebPage","@id":"https:\/\/autobarbosa.com\/fr\/produto\/sapatilhas-sparco-s-run-preto-tam-43\/","url":"https:\/\/autobarbosa.com\/fr\/produto\/sapatilhas-sparco-s-run-preto-tam-43\/","name":"SAPATILHAS SPARCO S RUN - PRETO - TAM 43 - Oficina de manuten\u00e7\u00e3o e repara\u00e7\u00e3o de veiculos automoveis em S. Miguel, A\u00e7ores - Auto Barbosa","isPartOf":{"@id":"https:\/\/autobarbosa.com\/fr\/#website"},"datePublished":"2025-12-16T08:14:58+00:00","dateModified":"2025-12-16T08:14:58+00:00","breadcrumb":{"@id":"https:\/\/autobarbosa.com\/fr\/produto\/sapatilhas-sparco-s-run-preto-tam-43\/#breadcrumb"},"inLanguage":"fr-FR","potentialAction":[{"@type":"ReadAction","target":["https:\/\/autobarbosa.com\/fr\/produto\/sapatilhas-sparco-s-run-preto-tam-43\/"]}]},{"@type":"BreadcrumbList","@id":"https:\/\/autobarbosa.com\/fr\/produto\/sapatilhas-sparco-s-run-preto-tam-43\/#breadcrumb","itemListElement":[{"@type":"ListItem","position":1,"name":"In\u00edcio","item":"https:\/\/autobarbosa.com\/fr\/"},{"@type":"ListItem","position":2,"name":"Loja","item":"https:\/\/autobarbosa.com\/"},{"@type":"ListItem","position":3,"name":"SAPATILHAS SPARCO S RUN &#8211; PRETO &#8211; TAM 43"}]},{"@type":"WebSite","@id":"https:\/\/autobarbosa.com\/fr\/#website","url":"https:\/\/autobarbosa.com\/fr\/","name":"Oficina de manuten\u00e7\u00e3o e repara\u00e7\u00e3o de veiculos automoveis em S. Miguel, A\u00e7ores - Auto Barbosa","description":"Auto Barbosa","publisher":{"@id":"https:\/\/autobarbosa.com\/fr\/#organization"},"potentialAction":[{"@type":"SearchAction","target":{"@type":"EntryPoint","urlTemplate":"https:\/\/autobarbosa.com\/fr\/?s={search_term_string}"},"query-input":"required name=search_term_string"}],"inLanguage":"fr-FR"},{"@type":"Organization","@id":"https:\/\/autobarbosa.com\/fr\/#organization","name":"Oficina de manuten\u00e7\u00e3o e repara\u00e7\u00e3o de veiculos automoveis em S. Miguel, A\u00e7ores - Auto Barbosa","url":"https:\/\/autobarbosa.com\/fr\/","logo":{"@type":"ImageObject","inLanguage":"fr-FR","@id":"https:\/\/autobarbosa.com\/fr\/#\/schema\/logo\/image\/","url":"https:\/\/autobarbosa.com\/wp-content\/uploads\/2023\/03\/AUTO-BARBOSA-LOGO-1-e1678715539111.png","contentUrl":"https:\/\/autobarbosa.com\/wp-content\/uploads\/2023\/03\/AUTO-BARBOSA-LOGO-1-e1678715539111.png","width":3233,"height":3233,"caption":"Oficina de manuten\u00e7\u00e3o e repara\u00e7\u00e3o de veiculos automoveis em S. Miguel, A\u00e7ores - Auto Barbosa"},"image":{"@id":"https:\/\/autobarbosa.com\/fr\/#\/schema\/logo\/image\/"},"sameAs":["https:\/\/www.facebook.com\/autobarbosaoficina","https:\/\/www.instagram.com\/autobarbosa.oficina\/"]}]}},"_links":{"self":[{"href":"https:\/\/autobarbosa.com\/fr\/wp-json\/wp\/v3\/product\/21339","targetHints":{"allow":["GET"]}}],"collection":[{"href":"https:\/\/autobarbosa.com\/fr\/wp-json\/wp\/v3\/product"}],"about":[{"href":"https:\/\/autobarbosa.com\/fr\/wp-json\/wp\/v2\/types\/product"}],"wp:attachment":[{"href":"https:\/\/autobarbosa.com\/fr\/wp-json\/wp\/v2\/media?parent=21339"}],"wp:term":[{"taxonomy":"product_cat","embeddable":true,"href":"https:\/\/autobarbosa.com\/fr\/wp-json\/wp\/v2\/product_cat?post=21339"},{"taxonomy":"product_tag","embeddable":true,"href":"https:\/\/autobarbosa.com\/fr\/wp-json\/wp\/v2\/product_tag?post=21339"},{"taxonomy":"marca","embeddable":true,"href":"https:\/\/autobarbosa.com\/fr\/wp-json\/wp\/v2\/marca?post=21339"}],"curies":[{"name":"wp","href":"https:\/\/api.w.org\/{rel}","templated":true}]}}