{"id":21347,"date":"2025-12-16T07:15:00","date_gmt":"2025-12-16T08:15:00","guid":{"rendered":"https:\/\/autobarbosa.com\/produto\/sapatilhas-sparco-s-time-preto-branco-sz42\/"},"modified":"2025-12-16T07:15:00","modified_gmt":"2025-12-16T08:15:00","slug":"sapatilhas-sparco-s-time-preto-branco-sz42","status":"publish","type":"product","link":"https:\/\/autobarbosa.com\/fr\/produto\/sapatilhas-sparco-s-time-preto-branco-sz42\/","title":{"rendered":"SAPATILHAS SPARCO S-TIME PRETO\/BRANCO SZ42"},"content":{"rendered":"<p>SAPATILHAS SPARCO S-Time Preto\/Branco<\/p>\n<p>Sapatilhas de microfibra estilosas e casuais da marca SPARCO.<\/p>\n<p>&#8211; Borda traseira branca.<br \/>\n&#8211; Sola de borracha casual.<br \/>\n&#8211; Palmilha confort\u00e1vel.<br \/>\n&#8211; Acolchoamento ao redor do tornozelo.<\/p>\n<p>Composi\u00e7\u00e3o: Revestimento e forro em microfibra. Sola de borracha.<br \/>\nCores: Preto \/ Branco.<br \/>\nTamanhos dispon\u00edveis: Do 36 ao 46.<\/p>\n","protected":false},"excerpt":{"rendered":"<p>SAPATILHAS SPARCO S-Time Preto\/Branco<\/p>\n<p>Sapatilhas de microfibra estilosas e casuais da marca SPARCO.<\/p>\n<p>&#8211; Borda traseira branca.<br \/>\n&#8211; Sola de borracha casual.<br \/>\n&#8211; Palmilha confort\u00e1vel.<br \/>\n&#8211; Acolchoamento ao redor do tornozelo.<\/p>\n<p>Composi\u00e7\u00e3o: Revestimento e forro em microfibra. Sola de borracha.<br \/>\nCores: Preto \/ Branco.<br \/>\nTamanhos dispon\u00edveis: Do 36 ao 46.<\/p>\n","protected":false},"featured_media":0,"template":"","meta":[],"product_cat":[564],"product_tag":[],"marca":[172],"class_list":["post-21347","product","type-product","status-publish","hentry","product_cat-roupa-merchandising","marca-sparco"],"yoast_head":"<!-- This site is optimized with the Yoast SEO plugin v20.5 - https:\/\/yoast.com\/wordpress\/plugins\/seo\/ -->\n<title>SAPATILHAS SPARCO S-TIME PRETO\/BRANCO SZ42 - Oficina de manuten\u00e7\u00e3o e repara\u00e7\u00e3o de veiculos automoveis em S. Miguel, A\u00e7ores - Auto Barbosa<\/title>\n<meta name=\"robots\" content=\"index, follow, max-snippet:-1, max-image-preview:large, max-video-preview:-1\" \/>\n<link rel=\"canonical\" href=\"https:\/\/autobarbosa.com\/fr\/produto\/sapatilhas-sparco-s-time-preto-branco-sz42\/\" \/>\n<meta property=\"og:locale\" content=\"fr_FR\" \/>\n<meta property=\"og:type\" content=\"article\" \/>\n<meta property=\"og:title\" content=\"SAPATILHAS SPARCO S-TIME PRETO\/BRANCO SZ42 - Oficina de manuten\u00e7\u00e3o e repara\u00e7\u00e3o de veiculos automoveis em S. Miguel, A\u00e7ores - Auto Barbosa\" \/>\n<meta property=\"og:description\" content=\"SAPATILHAS SPARCO S-Time Preto\/Branco   Sapatilhas de microfibra estilosas e casuais da marca SPARCO.  - Borda traseira branca. - Sola de borracha casual. - Palmilha confort\u00e1vel. - Acolchoamento ao redor do tornozelo.  Composi\u00e7\u00e3o: Revestimento e forro em microfibra. Sola de borracha. Cores: Preto \/ Branco. Tamanhos dispon\u00edveis: Do 36 ao 46.\" \/>\n<meta property=\"og:url\" content=\"https:\/\/autobarbosa.com\/fr\/produto\/sapatilhas-sparco-s-time-preto-branco-sz42\/\" \/>\n<meta property=\"og:site_name\" content=\"Oficina de manuten\u00e7\u00e3o e repara\u00e7\u00e3o de veiculos automoveis em S. Miguel, A\u00e7ores - Auto Barbosa\" \/>\n<meta property=\"article:publisher\" content=\"https:\/\/www.facebook.com\/autobarbosaoficina\" \/>\n<meta name=\"twitter:card\" content=\"summary_large_image\" \/>\n<script type=\"application\/ld+json\" class=\"yoast-schema-graph\">{\"@context\":\"https:\/\/schema.org\",\"@graph\":[{\"@type\":\"WebPage\",\"@id\":\"https:\/\/autobarbosa.com\/fr\/produto\/sapatilhas-sparco-s-time-preto-branco-sz42\/\",\"url\":\"https:\/\/autobarbosa.com\/fr\/produto\/sapatilhas-sparco-s-time-preto-branco-sz42\/\",\"name\":\"SAPATILHAS SPARCO S-TIME PRETO\/BRANCO SZ42 - Oficina de manuten\u00e7\u00e3o e repara\u00e7\u00e3o de veiculos automoveis em S. Miguel, A\u00e7ores - Auto Barbosa\",\"isPartOf\":{\"@id\":\"https:\/\/autobarbosa.com\/fr\/#website\"},\"datePublished\":\"2025-12-16T08:15:00+00:00\",\"dateModified\":\"2025-12-16T08:15:00+00:00\",\"breadcrumb\":{\"@id\":\"https:\/\/autobarbosa.com\/fr\/produto\/sapatilhas-sparco-s-time-preto-branco-sz42\/#breadcrumb\"},\"inLanguage\":\"fr-FR\",\"potentialAction\":[{\"@type\":\"ReadAction\",\"target\":[\"https:\/\/autobarbosa.com\/fr\/produto\/sapatilhas-sparco-s-time-preto-branco-sz42\/\"]}]},{\"@type\":\"BreadcrumbList\",\"@id\":\"https:\/\/autobarbosa.com\/fr\/produto\/sapatilhas-sparco-s-time-preto-branco-sz42\/#breadcrumb\",\"itemListElement\":[{\"@type\":\"ListItem\",\"position\":1,\"name\":\"In\u00edcio\",\"item\":\"https:\/\/autobarbosa.com\/fr\/\"},{\"@type\":\"ListItem\",\"position\":2,\"name\":\"Loja\",\"item\":\"https:\/\/autobarbosa.com\/\"},{\"@type\":\"ListItem\",\"position\":3,\"name\":\"SAPATILHAS SPARCO S-TIME PRETO\/BRANCO SZ42\"}]},{\"@type\":\"WebSite\",\"@id\":\"https:\/\/autobarbosa.com\/fr\/#website\",\"url\":\"https:\/\/autobarbosa.com\/fr\/\",\"name\":\"Oficina de manuten\u00e7\u00e3o e repara\u00e7\u00e3o de veiculos automoveis em S. Miguel, A\u00e7ores - Auto Barbosa\",\"description\":\"Auto Barbosa\",\"publisher\":{\"@id\":\"https:\/\/autobarbosa.com\/fr\/#organization\"},\"potentialAction\":[{\"@type\":\"SearchAction\",\"target\":{\"@type\":\"EntryPoint\",\"urlTemplate\":\"https:\/\/autobarbosa.com\/fr\/?s={search_term_string}\"},\"query-input\":\"required name=search_term_string\"}],\"inLanguage\":\"fr-FR\"},{\"@type\":\"Organization\",\"@id\":\"https:\/\/autobarbosa.com\/fr\/#organization\",\"name\":\"Oficina de manuten\u00e7\u00e3o e repara\u00e7\u00e3o de veiculos automoveis em S. Miguel, A\u00e7ores - Auto Barbosa\",\"url\":\"https:\/\/autobarbosa.com\/fr\/\",\"logo\":{\"@type\":\"ImageObject\",\"inLanguage\":\"fr-FR\",\"@id\":\"https:\/\/autobarbosa.com\/fr\/#\/schema\/logo\/image\/\",\"url\":\"https:\/\/autobarbosa.com\/wp-content\/uploads\/2023\/03\/AUTO-BARBOSA-LOGO-1-e1678715539111.png\",\"contentUrl\":\"https:\/\/autobarbosa.com\/wp-content\/uploads\/2023\/03\/AUTO-BARBOSA-LOGO-1-e1678715539111.png\",\"width\":3233,\"height\":3233,\"caption\":\"Oficina de manuten\u00e7\u00e3o e repara\u00e7\u00e3o de veiculos automoveis em S. Miguel, A\u00e7ores - Auto Barbosa\"},\"image\":{\"@id\":\"https:\/\/autobarbosa.com\/fr\/#\/schema\/logo\/image\/\"},\"sameAs\":[\"https:\/\/www.facebook.com\/autobarbosaoficina\",\"https:\/\/www.instagram.com\/autobarbosa.oficina\/\"]}]}<\/script>\n<!-- \/ Yoast SEO plugin. -->","yoast_head_json":{"title":"SAPATILHAS SPARCO S-TIME PRETO\/BRANCO SZ42 - Oficina de manuten\u00e7\u00e3o e repara\u00e7\u00e3o de veiculos automoveis em S. Miguel, A\u00e7ores - Auto Barbosa","robots":{"index":"index","follow":"follow","max-snippet":"max-snippet:-1","max-image-preview":"max-image-preview:large","max-video-preview":"max-video-preview:-1"},"canonical":"https:\/\/autobarbosa.com\/fr\/produto\/sapatilhas-sparco-s-time-preto-branco-sz42\/","og_locale":"fr_FR","og_type":"article","og_title":"SAPATILHAS SPARCO S-TIME PRETO\/BRANCO SZ42 - Oficina de manuten\u00e7\u00e3o e repara\u00e7\u00e3o de veiculos automoveis em S. Miguel, A\u00e7ores - Auto Barbosa","og_description":"SAPATILHAS SPARCO S-Time Preto\/Branco   Sapatilhas de microfibra estilosas e casuais da marca SPARCO.  - Borda traseira branca. - Sola de borracha casual. - Palmilha confort\u00e1vel. - Acolchoamento ao redor do tornozelo.  Composi\u00e7\u00e3o: Revestimento e forro em microfibra. Sola de borracha. Cores: Preto \/ Branco. Tamanhos dispon\u00edveis: Do 36 ao 46.","og_url":"https:\/\/autobarbosa.com\/fr\/produto\/sapatilhas-sparco-s-time-preto-branco-sz42\/","og_site_name":"Oficina de manuten\u00e7\u00e3o e repara\u00e7\u00e3o de veiculos automoveis em S. Miguel, A\u00e7ores - Auto Barbosa","article_publisher":"https:\/\/www.facebook.com\/autobarbosaoficina","twitter_card":"summary_large_image","schema":{"@context":"https:\/\/schema.org","@graph":[{"@type":"WebPage","@id":"https:\/\/autobarbosa.com\/fr\/produto\/sapatilhas-sparco-s-time-preto-branco-sz42\/","url":"https:\/\/autobarbosa.com\/fr\/produto\/sapatilhas-sparco-s-time-preto-branco-sz42\/","name":"SAPATILHAS SPARCO S-TIME PRETO\/BRANCO SZ42 - Oficina de manuten\u00e7\u00e3o e repara\u00e7\u00e3o de veiculos automoveis em S. Miguel, A\u00e7ores - Auto Barbosa","isPartOf":{"@id":"https:\/\/autobarbosa.com\/fr\/#website"},"datePublished":"2025-12-16T08:15:00+00:00","dateModified":"2025-12-16T08:15:00+00:00","breadcrumb":{"@id":"https:\/\/autobarbosa.com\/fr\/produto\/sapatilhas-sparco-s-time-preto-branco-sz42\/#breadcrumb"},"inLanguage":"fr-FR","potentialAction":[{"@type":"ReadAction","target":["https:\/\/autobarbosa.com\/fr\/produto\/sapatilhas-sparco-s-time-preto-branco-sz42\/"]}]},{"@type":"BreadcrumbList","@id":"https:\/\/autobarbosa.com\/fr\/produto\/sapatilhas-sparco-s-time-preto-branco-sz42\/#breadcrumb","itemListElement":[{"@type":"ListItem","position":1,"name":"In\u00edcio","item":"https:\/\/autobarbosa.com\/fr\/"},{"@type":"ListItem","position":2,"name":"Loja","item":"https:\/\/autobarbosa.com\/"},{"@type":"ListItem","position":3,"name":"SAPATILHAS SPARCO S-TIME PRETO\/BRANCO SZ42"}]},{"@type":"WebSite","@id":"https:\/\/autobarbosa.com\/fr\/#website","url":"https:\/\/autobarbosa.com\/fr\/","name":"Oficina de manuten\u00e7\u00e3o e repara\u00e7\u00e3o de veiculos automoveis em S. Miguel, A\u00e7ores - Auto Barbosa","description":"Auto Barbosa","publisher":{"@id":"https:\/\/autobarbosa.com\/fr\/#organization"},"potentialAction":[{"@type":"SearchAction","target":{"@type":"EntryPoint","urlTemplate":"https:\/\/autobarbosa.com\/fr\/?s={search_term_string}"},"query-input":"required name=search_term_string"}],"inLanguage":"fr-FR"},{"@type":"Organization","@id":"https:\/\/autobarbosa.com\/fr\/#organization","name":"Oficina de manuten\u00e7\u00e3o e repara\u00e7\u00e3o de veiculos automoveis em S. Miguel, A\u00e7ores - Auto Barbosa","url":"https:\/\/autobarbosa.com\/fr\/","logo":{"@type":"ImageObject","inLanguage":"fr-FR","@id":"https:\/\/autobarbosa.com\/fr\/#\/schema\/logo\/image\/","url":"https:\/\/autobarbosa.com\/wp-content\/uploads\/2023\/03\/AUTO-BARBOSA-LOGO-1-e1678715539111.png","contentUrl":"https:\/\/autobarbosa.com\/wp-content\/uploads\/2023\/03\/AUTO-BARBOSA-LOGO-1-e1678715539111.png","width":3233,"height":3233,"caption":"Oficina de manuten\u00e7\u00e3o e repara\u00e7\u00e3o de veiculos automoveis em S. Miguel, A\u00e7ores - Auto Barbosa"},"image":{"@id":"https:\/\/autobarbosa.com\/fr\/#\/schema\/logo\/image\/"},"sameAs":["https:\/\/www.facebook.com\/autobarbosaoficina","https:\/\/www.instagram.com\/autobarbosa.oficina\/"]}]}},"_links":{"self":[{"href":"https:\/\/autobarbosa.com\/fr\/wp-json\/wp\/v3\/product\/21347","targetHints":{"allow":["GET"]}}],"collection":[{"href":"https:\/\/autobarbosa.com\/fr\/wp-json\/wp\/v3\/product"}],"about":[{"href":"https:\/\/autobarbosa.com\/fr\/wp-json\/wp\/v2\/types\/product"}],"wp:attachment":[{"href":"https:\/\/autobarbosa.com\/fr\/wp-json\/wp\/v2\/media?parent=21347"}],"wp:term":[{"taxonomy":"product_cat","embeddable":true,"href":"https:\/\/autobarbosa.com\/fr\/wp-json\/wp\/v2\/product_cat?post=21347"},{"taxonomy":"product_tag","embeddable":true,"href":"https:\/\/autobarbosa.com\/fr\/wp-json\/wp\/v2\/product_tag?post=21347"},{"taxonomy":"marca","embeddable":true,"href":"https:\/\/autobarbosa.com\/fr\/wp-json\/wp\/v2\/marca?post=21347"}],"curies":[{"name":"wp","href":"https:\/\/api.w.org\/{rel}","templated":true}]}}