{"id":21547,"date":"2025-12-16T07:16:09","date_gmt":"2025-12-16T08:16:09","guid":{"rendered":"https:\/\/autobarbosa.com\/produto\/baquet-sparco-sprint-verm-fia\/"},"modified":"2025-12-16T07:16:09","modified_gmt":"2025-12-16T08:16:09","slug":"baquet-sparco-sprint-verm-fia","status":"publish","type":"product","link":"https:\/\/autobarbosa.com\/fr\/produto\/baquet-sparco-sprint-verm-fia\/","title":{"rendered":"BAQUET SPARCO SPRINT VERM. FIA"},"content":{"rendered":"<p>Baquet FIA \u200b\u200bSPARCO Sprint<\/p>\n<p>O famoso assento de balde de chassi tubular SPARCO.<br \/>\nVers\u00e3o em tamanho L tamb\u00e9m dispon\u00edvel para constru\u00e7\u00f5es maiores.<br \/>\nAlmofadas integradas.<br \/>\n5 passagens de arn\u00eas.<br \/>\nFixa\u00e7\u00f5es inferiores e laterais.<br \/>\nTamb\u00e9m dispon\u00edvel em couro sint\u00e9tico para disciplinas terrestres (somente preto).<\/p>\n<p>FIA 8855-1999 aprovado.<br \/>\nCores: Preto, Vermelho, Azul.<\/p>\n<p>Peso: 9kg.<\/p>\n","protected":false},"excerpt":{"rendered":"<p>Baquet FIA \u200b\u200bSPARCO Sprint<\/p>\n<p>O famoso assento de balde de chassi tubular SPARCO.<br \/>\nVers\u00e3o em tamanho L tamb\u00e9m dispon\u00edvel para constru\u00e7\u00f5es maiores.<br \/>\nAlmofadas integradas.<br \/>\n5 passagens de arn\u00eas.<br \/>\nFixa\u00e7\u00f5es inferiores e laterais.<br \/>\nTamb\u00e9m dispon\u00edvel em couro sint\u00e9tico para disciplinas terrestres (somente preto).<\/p>\n<p>FIA 8855-1999 aprovado.<br \/>\nCores: Preto, Vermelho, Azul.<\/p>\n<p>Peso: 9kg.<\/p>\n","protected":false},"featured_media":0,"template":"","meta":[],"product_cat":[563],"product_tag":[],"marca":[172],"class_list":["post-21547","product","type-product","status-publish","hentry","product_cat-baquets-suportes","marca-sparco"],"yoast_head":"<!-- This site is optimized with the Yoast SEO plugin v20.5 - https:\/\/yoast.com\/wordpress\/plugins\/seo\/ -->\n<title>BAQUET SPARCO SPRINT VERM. FIA - Oficina de manuten\u00e7\u00e3o e repara\u00e7\u00e3o de veiculos automoveis em S. Miguel, A\u00e7ores - Auto Barbosa<\/title>\n<meta name=\"robots\" content=\"index, follow, max-snippet:-1, max-image-preview:large, max-video-preview:-1\" \/>\n<link rel=\"canonical\" href=\"https:\/\/autobarbosa.com\/fr\/produto\/baquet-sparco-sprint-verm-fia\/\" \/>\n<meta property=\"og:locale\" content=\"fr_FR\" \/>\n<meta property=\"og:type\" content=\"article\" \/>\n<meta property=\"og:title\" content=\"BAQUET SPARCO SPRINT VERM. FIA - Oficina de manuten\u00e7\u00e3o e repara\u00e7\u00e3o de veiculos automoveis em S. Miguel, A\u00e7ores - Auto Barbosa\" \/>\n<meta property=\"og:description\" content=\"Baquet FIA \u200b\u200bSPARCO Sprint  O famoso assento de balde de chassi tubular SPARCO. Vers\u00e3o em tamanho L tamb\u00e9m dispon\u00edvel para constru\u00e7\u00f5es maiores. Almofadas integradas. 5 passagens de arn\u00eas. Fixa\u00e7\u00f5es inferiores e laterais. Tamb\u00e9m dispon\u00edvel em couro sint\u00e9tico para disciplinas terrestres (somente preto).  FIA 8855-1999 aprovado. Cores: Preto, Vermelho, Azul.  Peso: 9kg.\" \/>\n<meta property=\"og:url\" content=\"https:\/\/autobarbosa.com\/fr\/produto\/baquet-sparco-sprint-verm-fia\/\" \/>\n<meta property=\"og:site_name\" content=\"Oficina de manuten\u00e7\u00e3o e repara\u00e7\u00e3o de veiculos automoveis em S. Miguel, A\u00e7ores - Auto Barbosa\" \/>\n<meta property=\"article:publisher\" content=\"https:\/\/www.facebook.com\/autobarbosaoficina\" \/>\n<meta name=\"twitter:card\" content=\"summary_large_image\" \/>\n<script type=\"application\/ld+json\" class=\"yoast-schema-graph\">{\"@context\":\"https:\/\/schema.org\",\"@graph\":[{\"@type\":\"WebPage\",\"@id\":\"https:\/\/autobarbosa.com\/fr\/produto\/baquet-sparco-sprint-verm-fia\/\",\"url\":\"https:\/\/autobarbosa.com\/fr\/produto\/baquet-sparco-sprint-verm-fia\/\",\"name\":\"BAQUET SPARCO SPRINT VERM. FIA - Oficina de manuten\u00e7\u00e3o e repara\u00e7\u00e3o de veiculos automoveis em S. Miguel, A\u00e7ores - Auto Barbosa\",\"isPartOf\":{\"@id\":\"https:\/\/autobarbosa.com\/fr\/#website\"},\"datePublished\":\"2025-12-16T08:16:09+00:00\",\"dateModified\":\"2025-12-16T08:16:09+00:00\",\"breadcrumb\":{\"@id\":\"https:\/\/autobarbosa.com\/fr\/produto\/baquet-sparco-sprint-verm-fia\/#breadcrumb\"},\"inLanguage\":\"fr-FR\",\"potentialAction\":[{\"@type\":\"ReadAction\",\"target\":[\"https:\/\/autobarbosa.com\/fr\/produto\/baquet-sparco-sprint-verm-fia\/\"]}]},{\"@type\":\"BreadcrumbList\",\"@id\":\"https:\/\/autobarbosa.com\/fr\/produto\/baquet-sparco-sprint-verm-fia\/#breadcrumb\",\"itemListElement\":[{\"@type\":\"ListItem\",\"position\":1,\"name\":\"In\u00edcio\",\"item\":\"https:\/\/autobarbosa.com\/fr\/\"},{\"@type\":\"ListItem\",\"position\":2,\"name\":\"Loja\",\"item\":\"https:\/\/autobarbosa.com\/\"},{\"@type\":\"ListItem\",\"position\":3,\"name\":\"BAQUET SPARCO SPRINT VERM. FIA\"}]},{\"@type\":\"WebSite\",\"@id\":\"https:\/\/autobarbosa.com\/fr\/#website\",\"url\":\"https:\/\/autobarbosa.com\/fr\/\",\"name\":\"Oficina de manuten\u00e7\u00e3o e repara\u00e7\u00e3o de veiculos automoveis em S. Miguel, A\u00e7ores - Auto Barbosa\",\"description\":\"Auto Barbosa\",\"publisher\":{\"@id\":\"https:\/\/autobarbosa.com\/fr\/#organization\"},\"potentialAction\":[{\"@type\":\"SearchAction\",\"target\":{\"@type\":\"EntryPoint\",\"urlTemplate\":\"https:\/\/autobarbosa.com\/fr\/?s={search_term_string}\"},\"query-input\":\"required name=search_term_string\"}],\"inLanguage\":\"fr-FR\"},{\"@type\":\"Organization\",\"@id\":\"https:\/\/autobarbosa.com\/fr\/#organization\",\"name\":\"Oficina de manuten\u00e7\u00e3o e repara\u00e7\u00e3o de veiculos automoveis em S. Miguel, A\u00e7ores - Auto Barbosa\",\"url\":\"https:\/\/autobarbosa.com\/fr\/\",\"logo\":{\"@type\":\"ImageObject\",\"inLanguage\":\"fr-FR\",\"@id\":\"https:\/\/autobarbosa.com\/fr\/#\/schema\/logo\/image\/\",\"url\":\"https:\/\/autobarbosa.com\/wp-content\/uploads\/2023\/03\/AUTO-BARBOSA-LOGO-1-e1678715539111.png\",\"contentUrl\":\"https:\/\/autobarbosa.com\/wp-content\/uploads\/2023\/03\/AUTO-BARBOSA-LOGO-1-e1678715539111.png\",\"width\":3233,\"height\":3233,\"caption\":\"Oficina de manuten\u00e7\u00e3o e repara\u00e7\u00e3o de veiculos automoveis em S. Miguel, A\u00e7ores - Auto Barbosa\"},\"image\":{\"@id\":\"https:\/\/autobarbosa.com\/fr\/#\/schema\/logo\/image\/\"},\"sameAs\":[\"https:\/\/www.facebook.com\/autobarbosaoficina\",\"https:\/\/www.instagram.com\/autobarbosa.oficina\/\"]}]}<\/script>\n<!-- \/ Yoast SEO plugin. -->","yoast_head_json":{"title":"BAQUET SPARCO SPRINT VERM. FIA - Oficina de manuten\u00e7\u00e3o e repara\u00e7\u00e3o de veiculos automoveis em S. Miguel, A\u00e7ores - Auto Barbosa","robots":{"index":"index","follow":"follow","max-snippet":"max-snippet:-1","max-image-preview":"max-image-preview:large","max-video-preview":"max-video-preview:-1"},"canonical":"https:\/\/autobarbosa.com\/fr\/produto\/baquet-sparco-sprint-verm-fia\/","og_locale":"fr_FR","og_type":"article","og_title":"BAQUET SPARCO SPRINT VERM. FIA - Oficina de manuten\u00e7\u00e3o e repara\u00e7\u00e3o de veiculos automoveis em S. Miguel, A\u00e7ores - Auto Barbosa","og_description":"Baquet FIA \u200b\u200bSPARCO Sprint  O famoso assento de balde de chassi tubular SPARCO. Vers\u00e3o em tamanho L tamb\u00e9m dispon\u00edvel para constru\u00e7\u00f5es maiores. Almofadas integradas. 5 passagens de arn\u00eas. Fixa\u00e7\u00f5es inferiores e laterais. Tamb\u00e9m dispon\u00edvel em couro sint\u00e9tico para disciplinas terrestres (somente preto).  FIA 8855-1999 aprovado. Cores: Preto, Vermelho, Azul.  Peso: 9kg.","og_url":"https:\/\/autobarbosa.com\/fr\/produto\/baquet-sparco-sprint-verm-fia\/","og_site_name":"Oficina de manuten\u00e7\u00e3o e repara\u00e7\u00e3o de veiculos automoveis em S. Miguel, A\u00e7ores - Auto Barbosa","article_publisher":"https:\/\/www.facebook.com\/autobarbosaoficina","twitter_card":"summary_large_image","schema":{"@context":"https:\/\/schema.org","@graph":[{"@type":"WebPage","@id":"https:\/\/autobarbosa.com\/fr\/produto\/baquet-sparco-sprint-verm-fia\/","url":"https:\/\/autobarbosa.com\/fr\/produto\/baquet-sparco-sprint-verm-fia\/","name":"BAQUET SPARCO SPRINT VERM. FIA - Oficina de manuten\u00e7\u00e3o e repara\u00e7\u00e3o de veiculos automoveis em S. Miguel, A\u00e7ores - Auto Barbosa","isPartOf":{"@id":"https:\/\/autobarbosa.com\/fr\/#website"},"datePublished":"2025-12-16T08:16:09+00:00","dateModified":"2025-12-16T08:16:09+00:00","breadcrumb":{"@id":"https:\/\/autobarbosa.com\/fr\/produto\/baquet-sparco-sprint-verm-fia\/#breadcrumb"},"inLanguage":"fr-FR","potentialAction":[{"@type":"ReadAction","target":["https:\/\/autobarbosa.com\/fr\/produto\/baquet-sparco-sprint-verm-fia\/"]}]},{"@type":"BreadcrumbList","@id":"https:\/\/autobarbosa.com\/fr\/produto\/baquet-sparco-sprint-verm-fia\/#breadcrumb","itemListElement":[{"@type":"ListItem","position":1,"name":"In\u00edcio","item":"https:\/\/autobarbosa.com\/fr\/"},{"@type":"ListItem","position":2,"name":"Loja","item":"https:\/\/autobarbosa.com\/"},{"@type":"ListItem","position":3,"name":"BAQUET SPARCO SPRINT VERM. FIA"}]},{"@type":"WebSite","@id":"https:\/\/autobarbosa.com\/fr\/#website","url":"https:\/\/autobarbosa.com\/fr\/","name":"Oficina de manuten\u00e7\u00e3o e repara\u00e7\u00e3o de veiculos automoveis em S. Miguel, A\u00e7ores - Auto Barbosa","description":"Auto Barbosa","publisher":{"@id":"https:\/\/autobarbosa.com\/fr\/#organization"},"potentialAction":[{"@type":"SearchAction","target":{"@type":"EntryPoint","urlTemplate":"https:\/\/autobarbosa.com\/fr\/?s={search_term_string}"},"query-input":"required name=search_term_string"}],"inLanguage":"fr-FR"},{"@type":"Organization","@id":"https:\/\/autobarbosa.com\/fr\/#organization","name":"Oficina de manuten\u00e7\u00e3o e repara\u00e7\u00e3o de veiculos automoveis em S. Miguel, A\u00e7ores - Auto Barbosa","url":"https:\/\/autobarbosa.com\/fr\/","logo":{"@type":"ImageObject","inLanguage":"fr-FR","@id":"https:\/\/autobarbosa.com\/fr\/#\/schema\/logo\/image\/","url":"https:\/\/autobarbosa.com\/wp-content\/uploads\/2023\/03\/AUTO-BARBOSA-LOGO-1-e1678715539111.png","contentUrl":"https:\/\/autobarbosa.com\/wp-content\/uploads\/2023\/03\/AUTO-BARBOSA-LOGO-1-e1678715539111.png","width":3233,"height":3233,"caption":"Oficina de manuten\u00e7\u00e3o e repara\u00e7\u00e3o de veiculos automoveis em S. Miguel, A\u00e7ores - Auto Barbosa"},"image":{"@id":"https:\/\/autobarbosa.com\/fr\/#\/schema\/logo\/image\/"},"sameAs":["https:\/\/www.facebook.com\/autobarbosaoficina","https:\/\/www.instagram.com\/autobarbosa.oficina\/"]}]}},"_links":{"self":[{"href":"https:\/\/autobarbosa.com\/fr\/wp-json\/wp\/v3\/product\/21547","targetHints":{"allow":["GET"]}}],"collection":[{"href":"https:\/\/autobarbosa.com\/fr\/wp-json\/wp\/v3\/product"}],"about":[{"href":"https:\/\/autobarbosa.com\/fr\/wp-json\/wp\/v2\/types\/product"}],"wp:attachment":[{"href":"https:\/\/autobarbosa.com\/fr\/wp-json\/wp\/v2\/media?parent=21547"}],"wp:term":[{"taxonomy":"product_cat","embeddable":true,"href":"https:\/\/autobarbosa.com\/fr\/wp-json\/wp\/v2\/product_cat?post=21547"},{"taxonomy":"product_tag","embeddable":true,"href":"https:\/\/autobarbosa.com\/fr\/wp-json\/wp\/v2\/product_tag?post=21547"},{"taxonomy":"marca","embeddable":true,"href":"https:\/\/autobarbosa.com\/fr\/wp-json\/wp\/v2\/marca?post=21547"}],"curies":[{"name":"wp","href":"https:\/\/api.w.org\/{rel}","templated":true}]}}