{"id":21623,"date":"2025-12-16T07:16:34","date_gmt":"2025-12-16T08:16:34","guid":{"rendered":"https:\/\/autobarbosa.com\/produto\/saco-de-viagem-sparco-preto-vermelho-142l\/"},"modified":"2025-12-16T07:16:34","modified_gmt":"2025-12-16T08:16:34","slug":"saco-de-viagem-sparco-preto-vermelho-142l","status":"publish","type":"product","link":"https:\/\/autobarbosa.com\/fr\/produto\/saco-de-viagem-sparco-preto-vermelho-142l\/","title":{"rendered":"SACO DE VIAGEM SPARCO PRETO \/ VERMELHO 142L"},"content":{"rendered":"<p>Saco de viagem SPARCO Tour<\/p>\n<p>Grande bolsa de viagem sobre rodas.<br \/>\nBase refor\u00e7ada.<br \/>\nAl\u00e7a telesc\u00f3pica.<br \/>\nFecho duplo com al\u00e7as ajust\u00e1veis \u200b\u200btipo arn\u00eas.<br \/>\nBolso com z\u00edper na parte superior.<br \/>\nDivis\u00f3rias interiores remov\u00edveis.<br \/>\nForro interior SPARCO personalizado.<br \/>\nAcolchoamento protetor na parte superior.<br \/>\n2 compartimentos grandes. 2\/3 -1\/3.<\/p>\n<p>Composi\u00e7\u00e3o: Poli\u00e9ster revestido.<br \/>\nVolume: 142 L.<br \/>\nPeso: 4,7 kg.<br \/>\nDimens\u00f5es: (L) 85 x (D) 42 x (A) 40 cm.<br \/>\nCores: Preto\/cinza, preto\/vermelho.<\/p>\n","protected":false},"excerpt":{"rendered":"<p>Saco de viagem SPARCO Tour<\/p>\n<p>Grande bolsa de viagem sobre rodas.<br \/>\nBase refor\u00e7ada.<br \/>\nAl\u00e7a telesc\u00f3pica.<br \/>\nFecho duplo com al\u00e7as ajust\u00e1veis \u200b\u200btipo arn\u00eas.<br \/>\nBolso com z\u00edper na parte superior.<br \/>\nDivis\u00f3rias interiores remov\u00edveis.<br \/>\nForro interior SPARCO personalizado.<br \/>\nAcolchoamento protetor na parte superior.<br \/>\n2 compartimentos grandes. 2\/3 -1\/3.<\/p>\n<p>Composi\u00e7\u00e3o: Poli\u00e9ster revestido.<br \/>\nVolume: 142 L.<br \/>\nPeso: 4,7 kg.<br \/>\nDimens\u00f5es: (L) 85 x (D) 42 x (A) 40 cm.<br \/>\nCores: Preto\/cinza, preto\/vermelho.<\/p>\n","protected":false},"featured_media":0,"template":"","meta":[],"product_cat":[940],"product_tag":[],"marca":[172],"class_list":["post-21623","product","type-product","status-publish","hentry","product_cat-sacos-viagem","marca-sparco"],"yoast_head":"<!-- This site is optimized with the Yoast SEO plugin v20.5 - https:\/\/yoast.com\/wordpress\/plugins\/seo\/ -->\n<title>SACO DE VIAGEM SPARCO PRETO \/ VERMELHO 142L - Oficina de manuten\u00e7\u00e3o e repara\u00e7\u00e3o de veiculos automoveis em S. Miguel, A\u00e7ores - Auto Barbosa<\/title>\n<meta name=\"robots\" content=\"index, follow, max-snippet:-1, max-image-preview:large, max-video-preview:-1\" \/>\n<link rel=\"canonical\" href=\"https:\/\/autobarbosa.com\/fr\/produto\/saco-de-viagem-sparco-preto-vermelho-142l\/\" \/>\n<meta property=\"og:locale\" content=\"fr_FR\" \/>\n<meta property=\"og:type\" content=\"article\" \/>\n<meta property=\"og:title\" content=\"SACO DE VIAGEM SPARCO PRETO \/ VERMELHO 142L - Oficina de manuten\u00e7\u00e3o e repara\u00e7\u00e3o de veiculos automoveis em S. Miguel, A\u00e7ores - Auto Barbosa\" \/>\n<meta property=\"og:description\" content=\"Saco de viagem SPARCO Tour  Grande bolsa de viagem sobre rodas. Base refor\u00e7ada. Al\u00e7a telesc\u00f3pica. Fecho duplo com al\u00e7as ajust\u00e1veis \u200b\u200btipo arn\u00eas. Bolso com z\u00edper na parte superior. Divis\u00f3rias interiores remov\u00edveis. Forro interior SPARCO personalizado. Acolchoamento protetor na parte superior. 2 compartimentos grandes. 2\/3 -1\/3.  Composi\u00e7\u00e3o: Poli\u00e9ster revestido. Volume: 142 L. Peso: 4,7 kg. Dimens\u00f5es: (L) 85 x (D) 42 x (A) 40 cm. Cores: Preto\/cinza, preto\/vermelho.\" \/>\n<meta property=\"og:url\" content=\"https:\/\/autobarbosa.com\/fr\/produto\/saco-de-viagem-sparco-preto-vermelho-142l\/\" \/>\n<meta property=\"og:site_name\" content=\"Oficina de manuten\u00e7\u00e3o e repara\u00e7\u00e3o de veiculos automoveis em S. Miguel, A\u00e7ores - Auto Barbosa\" \/>\n<meta property=\"article:publisher\" content=\"https:\/\/www.facebook.com\/autobarbosaoficina\" \/>\n<meta name=\"twitter:card\" content=\"summary_large_image\" \/>\n<script type=\"application\/ld+json\" class=\"yoast-schema-graph\">{\"@context\":\"https:\/\/schema.org\",\"@graph\":[{\"@type\":\"WebPage\",\"@id\":\"https:\/\/autobarbosa.com\/fr\/produto\/saco-de-viagem-sparco-preto-vermelho-142l\/\",\"url\":\"https:\/\/autobarbosa.com\/fr\/produto\/saco-de-viagem-sparco-preto-vermelho-142l\/\",\"name\":\"SACO DE VIAGEM SPARCO PRETO \/ VERMELHO 142L - Oficina de manuten\u00e7\u00e3o e repara\u00e7\u00e3o de veiculos automoveis em S. Miguel, A\u00e7ores - Auto Barbosa\",\"isPartOf\":{\"@id\":\"https:\/\/autobarbosa.com\/fr\/#website\"},\"datePublished\":\"2025-12-16T08:16:34+00:00\",\"dateModified\":\"2025-12-16T08:16:34+00:00\",\"breadcrumb\":{\"@id\":\"https:\/\/autobarbosa.com\/fr\/produto\/saco-de-viagem-sparco-preto-vermelho-142l\/#breadcrumb\"},\"inLanguage\":\"fr-FR\",\"potentialAction\":[{\"@type\":\"ReadAction\",\"target\":[\"https:\/\/autobarbosa.com\/fr\/produto\/saco-de-viagem-sparco-preto-vermelho-142l\/\"]}]},{\"@type\":\"BreadcrumbList\",\"@id\":\"https:\/\/autobarbosa.com\/fr\/produto\/saco-de-viagem-sparco-preto-vermelho-142l\/#breadcrumb\",\"itemListElement\":[{\"@type\":\"ListItem\",\"position\":1,\"name\":\"In\u00edcio\",\"item\":\"https:\/\/autobarbosa.com\/fr\/\"},{\"@type\":\"ListItem\",\"position\":2,\"name\":\"Loja\",\"item\":\"https:\/\/autobarbosa.com\/\"},{\"@type\":\"ListItem\",\"position\":3,\"name\":\"SACO DE VIAGEM SPARCO PRETO \/ VERMELHO 142L\"}]},{\"@type\":\"WebSite\",\"@id\":\"https:\/\/autobarbosa.com\/fr\/#website\",\"url\":\"https:\/\/autobarbosa.com\/fr\/\",\"name\":\"Oficina de manuten\u00e7\u00e3o e repara\u00e7\u00e3o de veiculos automoveis em S. Miguel, A\u00e7ores - Auto Barbosa\",\"description\":\"Auto Barbosa\",\"publisher\":{\"@id\":\"https:\/\/autobarbosa.com\/fr\/#organization\"},\"potentialAction\":[{\"@type\":\"SearchAction\",\"target\":{\"@type\":\"EntryPoint\",\"urlTemplate\":\"https:\/\/autobarbosa.com\/fr\/?s={search_term_string}\"},\"query-input\":\"required name=search_term_string\"}],\"inLanguage\":\"fr-FR\"},{\"@type\":\"Organization\",\"@id\":\"https:\/\/autobarbosa.com\/fr\/#organization\",\"name\":\"Oficina de manuten\u00e7\u00e3o e repara\u00e7\u00e3o de veiculos automoveis em S. Miguel, A\u00e7ores - Auto Barbosa\",\"url\":\"https:\/\/autobarbosa.com\/fr\/\",\"logo\":{\"@type\":\"ImageObject\",\"inLanguage\":\"fr-FR\",\"@id\":\"https:\/\/autobarbosa.com\/fr\/#\/schema\/logo\/image\/\",\"url\":\"https:\/\/autobarbosa.com\/wp-content\/uploads\/2023\/03\/AUTO-BARBOSA-LOGO-1-e1678715539111.png\",\"contentUrl\":\"https:\/\/autobarbosa.com\/wp-content\/uploads\/2023\/03\/AUTO-BARBOSA-LOGO-1-e1678715539111.png\",\"width\":3233,\"height\":3233,\"caption\":\"Oficina de manuten\u00e7\u00e3o e repara\u00e7\u00e3o de veiculos automoveis em S. Miguel, A\u00e7ores - Auto Barbosa\"},\"image\":{\"@id\":\"https:\/\/autobarbosa.com\/fr\/#\/schema\/logo\/image\/\"},\"sameAs\":[\"https:\/\/www.facebook.com\/autobarbosaoficina\",\"https:\/\/www.instagram.com\/autobarbosa.oficina\/\"]}]}<\/script>\n<!-- \/ Yoast SEO plugin. -->","yoast_head_json":{"title":"SACO DE VIAGEM SPARCO PRETO \/ VERMELHO 142L - Oficina de manuten\u00e7\u00e3o e repara\u00e7\u00e3o de veiculos automoveis em S. Miguel, A\u00e7ores - Auto Barbosa","robots":{"index":"index","follow":"follow","max-snippet":"max-snippet:-1","max-image-preview":"max-image-preview:large","max-video-preview":"max-video-preview:-1"},"canonical":"https:\/\/autobarbosa.com\/fr\/produto\/saco-de-viagem-sparco-preto-vermelho-142l\/","og_locale":"fr_FR","og_type":"article","og_title":"SACO DE VIAGEM SPARCO PRETO \/ VERMELHO 142L - Oficina de manuten\u00e7\u00e3o e repara\u00e7\u00e3o de veiculos automoveis em S. Miguel, A\u00e7ores - Auto Barbosa","og_description":"Saco de viagem SPARCO Tour  Grande bolsa de viagem sobre rodas. Base refor\u00e7ada. Al\u00e7a telesc\u00f3pica. Fecho duplo com al\u00e7as ajust\u00e1veis \u200b\u200btipo arn\u00eas. Bolso com z\u00edper na parte superior. Divis\u00f3rias interiores remov\u00edveis. Forro interior SPARCO personalizado. Acolchoamento protetor na parte superior. 2 compartimentos grandes. 2\/3 -1\/3.  Composi\u00e7\u00e3o: Poli\u00e9ster revestido. Volume: 142 L. Peso: 4,7 kg. Dimens\u00f5es: (L) 85 x (D) 42 x (A) 40 cm. Cores: Preto\/cinza, preto\/vermelho.","og_url":"https:\/\/autobarbosa.com\/fr\/produto\/saco-de-viagem-sparco-preto-vermelho-142l\/","og_site_name":"Oficina de manuten\u00e7\u00e3o e repara\u00e7\u00e3o de veiculos automoveis em S. Miguel, A\u00e7ores - Auto Barbosa","article_publisher":"https:\/\/www.facebook.com\/autobarbosaoficina","twitter_card":"summary_large_image","schema":{"@context":"https:\/\/schema.org","@graph":[{"@type":"WebPage","@id":"https:\/\/autobarbosa.com\/fr\/produto\/saco-de-viagem-sparco-preto-vermelho-142l\/","url":"https:\/\/autobarbosa.com\/fr\/produto\/saco-de-viagem-sparco-preto-vermelho-142l\/","name":"SACO DE VIAGEM SPARCO PRETO \/ VERMELHO 142L - Oficina de manuten\u00e7\u00e3o e repara\u00e7\u00e3o de veiculos automoveis em S. Miguel, A\u00e7ores - Auto Barbosa","isPartOf":{"@id":"https:\/\/autobarbosa.com\/fr\/#website"},"datePublished":"2025-12-16T08:16:34+00:00","dateModified":"2025-12-16T08:16:34+00:00","breadcrumb":{"@id":"https:\/\/autobarbosa.com\/fr\/produto\/saco-de-viagem-sparco-preto-vermelho-142l\/#breadcrumb"},"inLanguage":"fr-FR","potentialAction":[{"@type":"ReadAction","target":["https:\/\/autobarbosa.com\/fr\/produto\/saco-de-viagem-sparco-preto-vermelho-142l\/"]}]},{"@type":"BreadcrumbList","@id":"https:\/\/autobarbosa.com\/fr\/produto\/saco-de-viagem-sparco-preto-vermelho-142l\/#breadcrumb","itemListElement":[{"@type":"ListItem","position":1,"name":"In\u00edcio","item":"https:\/\/autobarbosa.com\/fr\/"},{"@type":"ListItem","position":2,"name":"Loja","item":"https:\/\/autobarbosa.com\/"},{"@type":"ListItem","position":3,"name":"SACO DE VIAGEM SPARCO PRETO \/ VERMELHO 142L"}]},{"@type":"WebSite","@id":"https:\/\/autobarbosa.com\/fr\/#website","url":"https:\/\/autobarbosa.com\/fr\/","name":"Oficina de manuten\u00e7\u00e3o e repara\u00e7\u00e3o de veiculos automoveis em S. Miguel, A\u00e7ores - Auto Barbosa","description":"Auto Barbosa","publisher":{"@id":"https:\/\/autobarbosa.com\/fr\/#organization"},"potentialAction":[{"@type":"SearchAction","target":{"@type":"EntryPoint","urlTemplate":"https:\/\/autobarbosa.com\/fr\/?s={search_term_string}"},"query-input":"required name=search_term_string"}],"inLanguage":"fr-FR"},{"@type":"Organization","@id":"https:\/\/autobarbosa.com\/fr\/#organization","name":"Oficina de manuten\u00e7\u00e3o e repara\u00e7\u00e3o de veiculos automoveis em S. Miguel, A\u00e7ores - Auto Barbosa","url":"https:\/\/autobarbosa.com\/fr\/","logo":{"@type":"ImageObject","inLanguage":"fr-FR","@id":"https:\/\/autobarbosa.com\/fr\/#\/schema\/logo\/image\/","url":"https:\/\/autobarbosa.com\/wp-content\/uploads\/2023\/03\/AUTO-BARBOSA-LOGO-1-e1678715539111.png","contentUrl":"https:\/\/autobarbosa.com\/wp-content\/uploads\/2023\/03\/AUTO-BARBOSA-LOGO-1-e1678715539111.png","width":3233,"height":3233,"caption":"Oficina de manuten\u00e7\u00e3o e repara\u00e7\u00e3o de veiculos automoveis em S. Miguel, A\u00e7ores - Auto Barbosa"},"image":{"@id":"https:\/\/autobarbosa.com\/fr\/#\/schema\/logo\/image\/"},"sameAs":["https:\/\/www.facebook.com\/autobarbosaoficina","https:\/\/www.instagram.com\/autobarbosa.oficina\/"]}]}},"_links":{"self":[{"href":"https:\/\/autobarbosa.com\/fr\/wp-json\/wp\/v3\/product\/21623","targetHints":{"allow":["GET"]}}],"collection":[{"href":"https:\/\/autobarbosa.com\/fr\/wp-json\/wp\/v3\/product"}],"about":[{"href":"https:\/\/autobarbosa.com\/fr\/wp-json\/wp\/v2\/types\/product"}],"wp:attachment":[{"href":"https:\/\/autobarbosa.com\/fr\/wp-json\/wp\/v2\/media?parent=21623"}],"wp:term":[{"taxonomy":"product_cat","embeddable":true,"href":"https:\/\/autobarbosa.com\/fr\/wp-json\/wp\/v2\/product_cat?post=21623"},{"taxonomy":"product_tag","embeddable":true,"href":"https:\/\/autobarbosa.com\/fr\/wp-json\/wp\/v2\/product_tag?post=21623"},{"taxonomy":"marca","embeddable":true,"href":"https:\/\/autobarbosa.com\/fr\/wp-json\/wp\/v2\/marca?post=21623"}],"curies":[{"name":"wp","href":"https:\/\/api.w.org\/{rel}","templated":true}]}}