{"id":22311,"date":"2025-12-16T07:20:03","date_gmt":"2025-12-16T08:20:03","guid":{"rendered":"https:\/\/autobarbosa.com\/produto\/perno-de-roda-m12x1-5-cubo-m12x1-5-roda-aco-preto-100mm\/"},"modified":"2025-12-16T07:20:03","modified_gmt":"2025-12-16T08:20:03","slug":"perno-de-roda-m12x1-5-cubo-m12x1-5-roda-aco-preto-100mm","status":"publish","type":"product","link":"https:\/\/autobarbosa.com\/fr\/produto\/perno-de-roda-m12x1-5-cubo-m12x1-5-roda-aco-preto-100mm\/","title":{"rendered":"PERNO DE RODA M12X1.5 CUBO &#8211; M12X1.5 RODA A\u00c7O PRETO 100mm"},"content":{"rendered":"<p>Perno de roda de a\u00e7o preto simples padr\u00e3o<br \/>\nPerno de roda que permite que a roda seja conectada ao carro atrav\u00e9s do cubo.<br \/>\nPerno de roda em a\u00e7o de alta qualidade.<br \/>\nCor ; Preto.<br \/>\nVendido individualmente.<\/p>\n<p>Caracter\u00edsticas:<\/p>\n<p>&#8211; Rosca do cubo: 12&#215;150, rosca da porca: 12&#215;150, comprimento total (A): 94mm, comprimento da rosca (B): 15 mm, comprimento da rosca (C): 72mm.<br \/>\n&#8211; Rosca do cubo: 12&#215;150, rosca da porca: 12&#215;150, comprimento total (A): 76mm, comprimento da rosca (B): 15 mm, comprimento da rosca (C): 54mm.<br \/>\n&#8211; Rosca do cubo: 12&#215;150, rosca da porca: 12&#215;150, comprimento total (A): 102mm, comprimento da rosca (B): 15 mm, comprimento da rosca (C): 80mm.<br \/>\n&#8211; Rosca do cubo: 14&#215;150, rosca da porca: 14&#215;150, comprimento total (A): 86mm, comprimento da rosca (B): 15 mm, comprimento da rosca (C): 64mm.<br \/>\n&#8211; Rosca do cubo: 14&#215;150, rosca da porca: 14&#215;150, comprimento total (A): 102mm, comprimento da rosca (B): 15 mm, comprimento da rosca (C): 64mm.<\/p>\n","protected":false},"excerpt":{"rendered":"<p>Perno de roda de a\u00e7o preto simples padr\u00e3o<br \/>\nPerno de roda que permite que a roda seja conectada ao carro atrav\u00e9s do cubo.<br \/>\nPerno de roda em a\u00e7o de alta qualidade.<br \/>\nCor ; Preto.<br \/>\nVendido individualmente.<\/p>\n<p>Caracter\u00edsticas:<\/p>\n<p>&#8211; Rosca do cubo: 12&#215;150, rosca da porca: 12&#215;150, comprimento total (A): 94mm, comprimento da rosca (B): 15 mm, comprimento da rosca (C): 72mm.<br \/>\n&#8211; Rosca do cubo: 12&#215;150, rosca da porca: 12&#215;150, comprimento total (A): 76mm, comprimento da rosca (B): 15 mm, comprimento da rosca (C): 54mm.<br \/>\n&#8211; Rosca do cubo: 12&#215;150, rosca da porca: 12&#215;150, comprimento total (A): 102mm, comprimento da rosca (B): 15 mm, comprimento da rosca (C): 80mm.<br \/>\n&#8211; Rosca do cubo: 14&#215;150, rosca da porca: 14&#215;150, comprimento total (A): 86mm, comprimento da rosca (B): 15 mm, comprimento da rosca (C): 64mm.<br \/>\n&#8211; Rosca do cubo: 14&#215;150, rosca da porca: 14&#215;150, comprimento total (A): 102mm, comprimento da rosca (B): 15 mm, comprimento da rosca (C): 64mm.<\/p>\n","protected":false},"featured_media":0,"template":"","meta":[],"product_cat":[545],"product_tag":[],"marca":[121],"class_list":["post-22311","product","type-product","status-publish","hentry","product_cat-pernos-porcas","marca-red-spec"],"yoast_head":"<!-- This site is optimized with the Yoast SEO plugin v20.5 - https:\/\/yoast.com\/wordpress\/plugins\/seo\/ -->\n<title>PERNO DE RODA M12X1.5 CUBO - M12X1.5 RODA A\u00c7O PRETO 100mm - Oficina de manuten\u00e7\u00e3o e repara\u00e7\u00e3o de veiculos automoveis em S. Miguel, A\u00e7ores - Auto Barbosa<\/title>\n<meta name=\"robots\" content=\"index, follow, max-snippet:-1, max-image-preview:large, max-video-preview:-1\" \/>\n<link rel=\"canonical\" href=\"https:\/\/autobarbosa.com\/fr\/produto\/perno-de-roda-m12x1-5-cubo-m12x1-5-roda-aco-preto-100mm\/\" \/>\n<meta property=\"og:locale\" content=\"fr_FR\" \/>\n<meta property=\"og:type\" content=\"article\" \/>\n<meta property=\"og:title\" content=\"PERNO DE RODA M12X1.5 CUBO - M12X1.5 RODA A\u00c7O PRETO 100mm - Oficina de manuten\u00e7\u00e3o e repara\u00e7\u00e3o de veiculos automoveis em S. Miguel, A\u00e7ores - Auto Barbosa\" \/>\n<meta property=\"og:description\" content=\"Perno de roda de a\u00e7o preto simples padr\u00e3o Perno de roda que permite que a roda seja conectada ao carro atrav\u00e9s do cubo. Perno de roda em a\u00e7o de alta qualidade. Cor ; Preto. Vendido individualmente.  Caracter\u00edsticas:  - Rosca do cubo: 12x150, rosca da porca: 12x150, comprimento total (A): 94mm, comprimento da rosca (B): 15 mm, comprimento da rosca (C): 72mm. - Rosca do cubo: 12x150, rosca da porca: 12x150, comprimento total (A): 76mm, comprimento da rosca (B): 15 mm, comprimento da rosca (C): 54mm. - Rosca do cubo: 12x150, rosca da porca: 12x150, comprimento total (A): 102mm, comprimento da rosca (B): 15 mm, comprimento da rosca (C): 80mm. - Rosca do cubo: 14x150, rosca da porca: 14x150, comprimento total (A): 86mm, comprimento da rosca (B): 15 mm, comprimento da rosca (C): 64mm. - Rosca do cubo: 14x150, rosca da porca: 14x150, comprimento total (A): 102mm, comprimento da rosca (B): 15 mm, comprimento da rosca (C): 64mm.\" \/>\n<meta property=\"og:url\" content=\"https:\/\/autobarbosa.com\/fr\/produto\/perno-de-roda-m12x1-5-cubo-m12x1-5-roda-aco-preto-100mm\/\" \/>\n<meta property=\"og:site_name\" content=\"Oficina de manuten\u00e7\u00e3o e repara\u00e7\u00e3o de veiculos automoveis em S. Miguel, A\u00e7ores - Auto Barbosa\" \/>\n<meta property=\"article:publisher\" content=\"https:\/\/www.facebook.com\/autobarbosaoficina\" \/>\n<meta name=\"twitter:card\" content=\"summary_large_image\" \/>\n<meta name=\"twitter:label1\" content=\"Dur\u00e9e de lecture estim\u00e9e\" \/>\n\t<meta name=\"twitter:data1\" content=\"1 minute\" \/>\n<script type=\"application\/ld+json\" class=\"yoast-schema-graph\">{\"@context\":\"https:\/\/schema.org\",\"@graph\":[{\"@type\":\"WebPage\",\"@id\":\"https:\/\/autobarbosa.com\/fr\/produto\/perno-de-roda-m12x1-5-cubo-m12x1-5-roda-aco-preto-100mm\/\",\"url\":\"https:\/\/autobarbosa.com\/fr\/produto\/perno-de-roda-m12x1-5-cubo-m12x1-5-roda-aco-preto-100mm\/\",\"name\":\"PERNO DE RODA M12X1.5 CUBO - M12X1.5 RODA A\u00c7O PRETO 100mm - Oficina de manuten\u00e7\u00e3o e repara\u00e7\u00e3o de veiculos automoveis em S. Miguel, A\u00e7ores - Auto Barbosa\",\"isPartOf\":{\"@id\":\"https:\/\/autobarbosa.com\/fr\/#website\"},\"datePublished\":\"2025-12-16T08:20:03+00:00\",\"dateModified\":\"2025-12-16T08:20:03+00:00\",\"breadcrumb\":{\"@id\":\"https:\/\/autobarbosa.com\/fr\/produto\/perno-de-roda-m12x1-5-cubo-m12x1-5-roda-aco-preto-100mm\/#breadcrumb\"},\"inLanguage\":\"fr-FR\",\"potentialAction\":[{\"@type\":\"ReadAction\",\"target\":[\"https:\/\/autobarbosa.com\/fr\/produto\/perno-de-roda-m12x1-5-cubo-m12x1-5-roda-aco-preto-100mm\/\"]}]},{\"@type\":\"BreadcrumbList\",\"@id\":\"https:\/\/autobarbosa.com\/fr\/produto\/perno-de-roda-m12x1-5-cubo-m12x1-5-roda-aco-preto-100mm\/#breadcrumb\",\"itemListElement\":[{\"@type\":\"ListItem\",\"position\":1,\"name\":\"In\u00edcio\",\"item\":\"https:\/\/autobarbosa.com\/fr\/\"},{\"@type\":\"ListItem\",\"position\":2,\"name\":\"Loja\",\"item\":\"https:\/\/autobarbosa.com\/\"},{\"@type\":\"ListItem\",\"position\":3,\"name\":\"PERNO DE RODA M12X1.5 CUBO &#8211; M12X1.5 RODA A\u00c7O PRETO 100mm\"}]},{\"@type\":\"WebSite\",\"@id\":\"https:\/\/autobarbosa.com\/fr\/#website\",\"url\":\"https:\/\/autobarbosa.com\/fr\/\",\"name\":\"Oficina de manuten\u00e7\u00e3o e repara\u00e7\u00e3o de veiculos automoveis em S. Miguel, A\u00e7ores - Auto Barbosa\",\"description\":\"Auto Barbosa\",\"publisher\":{\"@id\":\"https:\/\/autobarbosa.com\/fr\/#organization\"},\"potentialAction\":[{\"@type\":\"SearchAction\",\"target\":{\"@type\":\"EntryPoint\",\"urlTemplate\":\"https:\/\/autobarbosa.com\/fr\/?s={search_term_string}\"},\"query-input\":\"required name=search_term_string\"}],\"inLanguage\":\"fr-FR\"},{\"@type\":\"Organization\",\"@id\":\"https:\/\/autobarbosa.com\/fr\/#organization\",\"name\":\"Oficina de manuten\u00e7\u00e3o e repara\u00e7\u00e3o de veiculos automoveis em S. Miguel, A\u00e7ores - Auto Barbosa\",\"url\":\"https:\/\/autobarbosa.com\/fr\/\",\"logo\":{\"@type\":\"ImageObject\",\"inLanguage\":\"fr-FR\",\"@id\":\"https:\/\/autobarbosa.com\/fr\/#\/schema\/logo\/image\/\",\"url\":\"https:\/\/autobarbosa.com\/wp-content\/uploads\/2023\/03\/AUTO-BARBOSA-LOGO-1-e1678715539111.png\",\"contentUrl\":\"https:\/\/autobarbosa.com\/wp-content\/uploads\/2023\/03\/AUTO-BARBOSA-LOGO-1-e1678715539111.png\",\"width\":3233,\"height\":3233,\"caption\":\"Oficina de manuten\u00e7\u00e3o e repara\u00e7\u00e3o de veiculos automoveis em S. Miguel, A\u00e7ores - Auto Barbosa\"},\"image\":{\"@id\":\"https:\/\/autobarbosa.com\/fr\/#\/schema\/logo\/image\/\"},\"sameAs\":[\"https:\/\/www.facebook.com\/autobarbosaoficina\",\"https:\/\/www.instagram.com\/autobarbosa.oficina\/\"]}]}<\/script>\n<!-- \/ Yoast SEO plugin. -->","yoast_head_json":{"title":"PERNO DE RODA M12X1.5 CUBO - M12X1.5 RODA A\u00c7O PRETO 100mm - Oficina de manuten\u00e7\u00e3o e repara\u00e7\u00e3o de veiculos automoveis em S. Miguel, A\u00e7ores - Auto Barbosa","robots":{"index":"index","follow":"follow","max-snippet":"max-snippet:-1","max-image-preview":"max-image-preview:large","max-video-preview":"max-video-preview:-1"},"canonical":"https:\/\/autobarbosa.com\/fr\/produto\/perno-de-roda-m12x1-5-cubo-m12x1-5-roda-aco-preto-100mm\/","og_locale":"fr_FR","og_type":"article","og_title":"PERNO DE RODA M12X1.5 CUBO - M12X1.5 RODA A\u00c7O PRETO 100mm - Oficina de manuten\u00e7\u00e3o e repara\u00e7\u00e3o de veiculos automoveis em S. Miguel, A\u00e7ores - Auto Barbosa","og_description":"Perno de roda de a\u00e7o preto simples padr\u00e3o Perno de roda que permite que a roda seja conectada ao carro atrav\u00e9s do cubo. Perno de roda em a\u00e7o de alta qualidade. Cor ; Preto. Vendido individualmente.  Caracter\u00edsticas:  - Rosca do cubo: 12x150, rosca da porca: 12x150, comprimento total (A): 94mm, comprimento da rosca (B): 15 mm, comprimento da rosca (C): 72mm. - Rosca do cubo: 12x150, rosca da porca: 12x150, comprimento total (A): 76mm, comprimento da rosca (B): 15 mm, comprimento da rosca (C): 54mm. - Rosca do cubo: 12x150, rosca da porca: 12x150, comprimento total (A): 102mm, comprimento da rosca (B): 15 mm, comprimento da rosca (C): 80mm. - Rosca do cubo: 14x150, rosca da porca: 14x150, comprimento total (A): 86mm, comprimento da rosca (B): 15 mm, comprimento da rosca (C): 64mm. - Rosca do cubo: 14x150, rosca da porca: 14x150, comprimento total (A): 102mm, comprimento da rosca (B): 15 mm, comprimento da rosca (C): 64mm.","og_url":"https:\/\/autobarbosa.com\/fr\/produto\/perno-de-roda-m12x1-5-cubo-m12x1-5-roda-aco-preto-100mm\/","og_site_name":"Oficina de manuten\u00e7\u00e3o e repara\u00e7\u00e3o de veiculos automoveis em S. Miguel, A\u00e7ores - Auto Barbosa","article_publisher":"https:\/\/www.facebook.com\/autobarbosaoficina","twitter_card":"summary_large_image","twitter_misc":{"Dur\u00e9e de lecture estim\u00e9e":"1 minute"},"schema":{"@context":"https:\/\/schema.org","@graph":[{"@type":"WebPage","@id":"https:\/\/autobarbosa.com\/fr\/produto\/perno-de-roda-m12x1-5-cubo-m12x1-5-roda-aco-preto-100mm\/","url":"https:\/\/autobarbosa.com\/fr\/produto\/perno-de-roda-m12x1-5-cubo-m12x1-5-roda-aco-preto-100mm\/","name":"PERNO DE RODA M12X1.5 CUBO - M12X1.5 RODA A\u00c7O PRETO 100mm - Oficina de manuten\u00e7\u00e3o e repara\u00e7\u00e3o de veiculos automoveis em S. Miguel, A\u00e7ores - Auto Barbosa","isPartOf":{"@id":"https:\/\/autobarbosa.com\/fr\/#website"},"datePublished":"2025-12-16T08:20:03+00:00","dateModified":"2025-12-16T08:20:03+00:00","breadcrumb":{"@id":"https:\/\/autobarbosa.com\/fr\/produto\/perno-de-roda-m12x1-5-cubo-m12x1-5-roda-aco-preto-100mm\/#breadcrumb"},"inLanguage":"fr-FR","potentialAction":[{"@type":"ReadAction","target":["https:\/\/autobarbosa.com\/fr\/produto\/perno-de-roda-m12x1-5-cubo-m12x1-5-roda-aco-preto-100mm\/"]}]},{"@type":"BreadcrumbList","@id":"https:\/\/autobarbosa.com\/fr\/produto\/perno-de-roda-m12x1-5-cubo-m12x1-5-roda-aco-preto-100mm\/#breadcrumb","itemListElement":[{"@type":"ListItem","position":1,"name":"In\u00edcio","item":"https:\/\/autobarbosa.com\/fr\/"},{"@type":"ListItem","position":2,"name":"Loja","item":"https:\/\/autobarbosa.com\/"},{"@type":"ListItem","position":3,"name":"PERNO DE RODA M12X1.5 CUBO &#8211; M12X1.5 RODA A\u00c7O PRETO 100mm"}]},{"@type":"WebSite","@id":"https:\/\/autobarbosa.com\/fr\/#website","url":"https:\/\/autobarbosa.com\/fr\/","name":"Oficina de manuten\u00e7\u00e3o e repara\u00e7\u00e3o de veiculos automoveis em S. Miguel, A\u00e7ores - Auto Barbosa","description":"Auto Barbosa","publisher":{"@id":"https:\/\/autobarbosa.com\/fr\/#organization"},"potentialAction":[{"@type":"SearchAction","target":{"@type":"EntryPoint","urlTemplate":"https:\/\/autobarbosa.com\/fr\/?s={search_term_string}"},"query-input":"required name=search_term_string"}],"inLanguage":"fr-FR"},{"@type":"Organization","@id":"https:\/\/autobarbosa.com\/fr\/#organization","name":"Oficina de manuten\u00e7\u00e3o e repara\u00e7\u00e3o de veiculos automoveis em S. Miguel, A\u00e7ores - Auto Barbosa","url":"https:\/\/autobarbosa.com\/fr\/","logo":{"@type":"ImageObject","inLanguage":"fr-FR","@id":"https:\/\/autobarbosa.com\/fr\/#\/schema\/logo\/image\/","url":"https:\/\/autobarbosa.com\/wp-content\/uploads\/2023\/03\/AUTO-BARBOSA-LOGO-1-e1678715539111.png","contentUrl":"https:\/\/autobarbosa.com\/wp-content\/uploads\/2023\/03\/AUTO-BARBOSA-LOGO-1-e1678715539111.png","width":3233,"height":3233,"caption":"Oficina de manuten\u00e7\u00e3o e repara\u00e7\u00e3o de veiculos automoveis em S. Miguel, A\u00e7ores - Auto Barbosa"},"image":{"@id":"https:\/\/autobarbosa.com\/fr\/#\/schema\/logo\/image\/"},"sameAs":["https:\/\/www.facebook.com\/autobarbosaoficina","https:\/\/www.instagram.com\/autobarbosa.oficina\/"]}]}},"_links":{"self":[{"href":"https:\/\/autobarbosa.com\/fr\/wp-json\/wp\/v3\/product\/22311","targetHints":{"allow":["GET"]}}],"collection":[{"href":"https:\/\/autobarbosa.com\/fr\/wp-json\/wp\/v3\/product"}],"about":[{"href":"https:\/\/autobarbosa.com\/fr\/wp-json\/wp\/v2\/types\/product"}],"wp:attachment":[{"href":"https:\/\/autobarbosa.com\/fr\/wp-json\/wp\/v2\/media?parent=22311"}],"wp:term":[{"taxonomy":"product_cat","embeddable":true,"href":"https:\/\/autobarbosa.com\/fr\/wp-json\/wp\/v2\/product_cat?post=22311"},{"taxonomy":"product_tag","embeddable":true,"href":"https:\/\/autobarbosa.com\/fr\/wp-json\/wp\/v2\/product_tag?post=22311"},{"taxonomy":"marca","embeddable":true,"href":"https:\/\/autobarbosa.com\/fr\/wp-json\/wp\/v2\/marca?post=22311"}],"curies":[{"name":"wp","href":"https:\/\/api.w.org\/{rel}","templated":true}]}}