{"id":22407,"date":"2025-12-16T07:20:33","date_gmt":"2025-12-16T08:20:33","guid":{"rendered":"https:\/\/autobarbosa.com\/produto\/roll-bar-citroen-saxo-phase-1-2-3-portas-p-soldar\/"},"modified":"2025-12-16T07:20:33","modified_gmt":"2025-12-16T08:20:33","slug":"roll-bar-citroen-saxo-phase-1-2-3-portas-p-soldar","status":"publish","type":"product","link":"https:\/\/autobarbosa.com\/fr\/produto\/roll-bar-citroen-saxo-phase-1-2-3-portas-p-soldar\/","title":{"rendered":"ROLL BAR CITROEN SAXO \/ PHASE 1\/2 3 PORTAS P\/ SOLDAR"},"content":{"rendered":"<p>Esta estrutura de seguran\u00e7a est\u00e1 em conformidade com o Anexo J da FIA nas seguintes vers\u00f5es: Citro\u00ebn Saxo 1.6 VTS<\/p>\n<p>Barra de seguran\u00e7a AST Weld In V1 com 8 pontos de uni\u00e3o ao corpo. As bases do piso s\u00e3o feitas de a\u00e7o de 3 mm de espessura e s\u00e3o projetadas e fabricadas especificamente para cada carro, alcan\u00e7ando a m\u00e1xima seguran\u00e7a e adapta\u00e7\u00e3o no chassi. A estrutura de seguran\u00e7a \u00e9 entregue em kit de soldagem e sem pintura, e consiste em um arco principal de a\u00e7o E355 com di\u00e2metro de 45mm, o restante da estrutura \u00e9 feito de a\u00e7o E355 com di\u00e2metro de 40mm.<\/p>\n<p>Gra\u00e7as \u00e0 digitaliza\u00e7\u00e3o a laser da carroceria do ve\u00edculo e ao design 3D profissional, garantimos um ajuste imbat\u00edvel de nossas estruturas de seguran\u00e7a.<\/p>\n<p>O pre\u00e7o deste item inclui:<\/p>\n<p>Kit de solda<br \/>\nFendas de refor\u00e7o<br \/>\nBases de refor\u00e7o<br \/>\nParafusos, arruelas e porcas<br \/>\nDocumenta\u00e7\u00e3o individual<br \/>\nManual<br \/>\nConjunto de adesivos<br \/>\n*Esta estrutura \u00e9 projetada e constru\u00edda de acordo com o Anexo J da FIA. Verifique com sua Federa\u00e7\u00e3o\/Organiza\u00e7\u00e3o Esportiva os requisitos m\u00ednimos de seguran\u00e7a espec\u00edficos para o seu ve\u00edculo, vers\u00e3o, motor e tipo de evento e\/ou campeonato que voc\u00ea vai disputar, embora esta estrutura de seguran\u00e7a se encaixe em todos os motores do modelo.<\/p>\n<p>*Estas estruturas requerem adapta\u00e7\u00f5es e\/ou cancelamentos de elementos interiores do ve\u00edculo (painel de instrumentos, pain\u00e9is das portas, estofos, bancos traseiros&#8230;)<\/p>\n","protected":false},"excerpt":{"rendered":"<p>Esta estrutura de seguran\u00e7a est\u00e1 em conformidade com o Anexo J da FIA nas seguintes vers\u00f5es: Citro\u00ebn Saxo 1.6 VTS<\/p>\n<p>Barra de seguran\u00e7a AST Weld In V1 com 8 pontos de uni\u00e3o ao corpo. As bases do piso s\u00e3o feitas de a\u00e7o de 3 mm de espessura e s\u00e3o projetadas e fabricadas especificamente para cada carro, alcan\u00e7ando a m\u00e1xima seguran\u00e7a e adapta\u00e7\u00e3o no chassi. A estrutura de seguran\u00e7a \u00e9 entregue em kit de soldagem e sem pintura, e consiste em um arco principal de a\u00e7o E355 com di\u00e2metro de 45mm, o restante da estrutura \u00e9 feito de a\u00e7o E355 com di\u00e2metro de 40mm.<\/p>\n<p>Gra\u00e7as \u00e0 digitaliza\u00e7\u00e3o a laser da carroceria do ve\u00edculo e ao design 3D profissional, garantimos um ajuste imbat\u00edvel de nossas estruturas de seguran\u00e7a.<\/p>\n<p>O pre\u00e7o deste item inclui:<\/p>\n<p>Kit de solda<br \/>\nFendas de refor\u00e7o<br \/>\nBases de refor\u00e7o<br \/>\nParafusos, arruelas e porcas<br \/>\nDocumenta\u00e7\u00e3o individual<br \/>\nManual<br \/>\nConjunto de adesivos<br \/>\n*Esta estrutura \u00e9 projetada e constru\u00edda de acordo com o Anexo J da FIA. Verifique com sua Federa\u00e7\u00e3o\/Organiza\u00e7\u00e3o Esportiva os requisitos m\u00ednimos de seguran\u00e7a espec\u00edficos para o seu ve\u00edculo, vers\u00e3o, motor e tipo de evento e\/ou campeonato que voc\u00ea vai disputar, embora esta estrutura de seguran\u00e7a se encaixe em todos os motores do modelo.<\/p>\n<p>*Estas estruturas requerem adapta\u00e7\u00f5es e\/ou cancelamentos de elementos interiores do ve\u00edculo (painel de instrumentos, pain\u00e9is das portas, estofos, bancos traseiros&#8230;)<\/p>\n","protected":false},"featured_media":0,"template":"","meta":[],"product_cat":[965],"product_tag":[],"marca":[976],"class_list":["post-22407","product","type-product","status-publish","hentry","product_cat-rollbar-e-acessorios","marca-ast-roll-cages"],"yoast_head":"<!-- This site is optimized with the Yoast SEO plugin v20.5 - https:\/\/yoast.com\/wordpress\/plugins\/seo\/ -->\n<title>ROLL BAR CITROEN SAXO \/ PHASE 1\/2 3 PORTAS P\/ SOLDAR - Oficina de manuten\u00e7\u00e3o e repara\u00e7\u00e3o de veiculos automoveis em S. Miguel, A\u00e7ores - Auto Barbosa<\/title>\n<meta name=\"robots\" content=\"index, follow, max-snippet:-1, max-image-preview:large, max-video-preview:-1\" \/>\n<link rel=\"canonical\" href=\"https:\/\/autobarbosa.com\/fr\/produto\/roll-bar-citroen-saxo-phase-1-2-3-portas-p-soldar\/\" \/>\n<meta property=\"og:locale\" content=\"fr_FR\" \/>\n<meta property=\"og:type\" content=\"article\" \/>\n<meta property=\"og:title\" content=\"ROLL BAR CITROEN SAXO \/ PHASE 1\/2 3 PORTAS P\/ SOLDAR - Oficina de manuten\u00e7\u00e3o e repara\u00e7\u00e3o de veiculos automoveis em S. Miguel, A\u00e7ores - Auto Barbosa\" \/>\n<meta property=\"og:description\" content=\"Esta estrutura de seguran\u00e7a est\u00e1 em conformidade com o Anexo J da FIA nas seguintes vers\u00f5es: Citro\u00ebn Saxo 1.6 VTS  Barra de seguran\u00e7a AST Weld In V1 com 8 pontos de uni\u00e3o ao corpo. As bases do piso s\u00e3o feitas de a\u00e7o de 3 mm de espessura e s\u00e3o projetadas e fabricadas especificamente para cada carro, alcan\u00e7ando a m\u00e1xima seguran\u00e7a e adapta\u00e7\u00e3o no chassi. A estrutura de seguran\u00e7a \u00e9 entregue em kit de soldagem e sem pintura, e consiste em um arco principal de a\u00e7o E355 com di\u00e2metro de 45mm, o restante da estrutura \u00e9 feito de a\u00e7o E355 com di\u00e2metro de 40mm.  Gra\u00e7as \u00e0 digitaliza\u00e7\u00e3o a laser da carroceria do ve\u00edculo e ao design 3D profissional, garantimos um ajuste imbat\u00edvel de nossas estruturas de seguran\u00e7a.  O pre\u00e7o deste item inclui:  Kit de solda Fendas de refor\u00e7o Bases de refor\u00e7o Parafusos, arruelas e porcas Documenta\u00e7\u00e3o individual Manual Conjunto de adesivos *Esta estrutura \u00e9 projetada e constru\u00edda de acordo com o Anexo J da FIA. Verifique com sua Federa\u00e7\u00e3o\/Organiza\u00e7\u00e3o Esportiva os requisitos m\u00ednimos de seguran\u00e7a espec\u00edficos para o seu ve\u00edculo, vers\u00e3o, motor e tipo de evento e\/ou campeonato que voc\u00ea vai disputar, embora esta estrutura de seguran\u00e7a se encaixe em todos os motores do modelo.  *Estas estruturas requerem adapta\u00e7\u00f5es e\/ou cancelamentos de elementos interiores do ve\u00edculo (painel de instrumentos, pain\u00e9is das portas, estofos, bancos traseiros...)\" \/>\n<meta property=\"og:url\" content=\"https:\/\/autobarbosa.com\/fr\/produto\/roll-bar-citroen-saxo-phase-1-2-3-portas-p-soldar\/\" \/>\n<meta property=\"og:site_name\" content=\"Oficina de manuten\u00e7\u00e3o e repara\u00e7\u00e3o de veiculos automoveis em S. Miguel, A\u00e7ores - Auto Barbosa\" \/>\n<meta property=\"article:publisher\" content=\"https:\/\/www.facebook.com\/autobarbosaoficina\" \/>\n<meta name=\"twitter:card\" content=\"summary_large_image\" \/>\n<meta name=\"twitter:label1\" content=\"Dur\u00e9e de lecture estim\u00e9e\" \/>\n\t<meta name=\"twitter:data1\" content=\"1 minute\" \/>\n<script type=\"application\/ld+json\" class=\"yoast-schema-graph\">{\"@context\":\"https:\/\/schema.org\",\"@graph\":[{\"@type\":\"WebPage\",\"@id\":\"https:\/\/autobarbosa.com\/fr\/produto\/roll-bar-citroen-saxo-phase-1-2-3-portas-p-soldar\/\",\"url\":\"https:\/\/autobarbosa.com\/fr\/produto\/roll-bar-citroen-saxo-phase-1-2-3-portas-p-soldar\/\",\"name\":\"ROLL BAR CITROEN SAXO \/ PHASE 1\/2 3 PORTAS P\/ SOLDAR - Oficina de manuten\u00e7\u00e3o e repara\u00e7\u00e3o de veiculos automoveis em S. Miguel, A\u00e7ores - Auto Barbosa\",\"isPartOf\":{\"@id\":\"https:\/\/autobarbosa.com\/fr\/#website\"},\"datePublished\":\"2025-12-16T08:20:33+00:00\",\"dateModified\":\"2025-12-16T08:20:33+00:00\",\"breadcrumb\":{\"@id\":\"https:\/\/autobarbosa.com\/fr\/produto\/roll-bar-citroen-saxo-phase-1-2-3-portas-p-soldar\/#breadcrumb\"},\"inLanguage\":\"fr-FR\",\"potentialAction\":[{\"@type\":\"ReadAction\",\"target\":[\"https:\/\/autobarbosa.com\/fr\/produto\/roll-bar-citroen-saxo-phase-1-2-3-portas-p-soldar\/\"]}]},{\"@type\":\"BreadcrumbList\",\"@id\":\"https:\/\/autobarbosa.com\/fr\/produto\/roll-bar-citroen-saxo-phase-1-2-3-portas-p-soldar\/#breadcrumb\",\"itemListElement\":[{\"@type\":\"ListItem\",\"position\":1,\"name\":\"In\u00edcio\",\"item\":\"https:\/\/autobarbosa.com\/fr\/\"},{\"@type\":\"ListItem\",\"position\":2,\"name\":\"Loja\",\"item\":\"https:\/\/autobarbosa.com\/\"},{\"@type\":\"ListItem\",\"position\":3,\"name\":\"ROLL BAR CITROEN SAXO \/ PHASE 1\/2 3 PORTAS P\/ SOLDAR\"}]},{\"@type\":\"WebSite\",\"@id\":\"https:\/\/autobarbosa.com\/fr\/#website\",\"url\":\"https:\/\/autobarbosa.com\/fr\/\",\"name\":\"Oficina de manuten\u00e7\u00e3o e repara\u00e7\u00e3o de veiculos automoveis em S. Miguel, A\u00e7ores - Auto Barbosa\",\"description\":\"Auto Barbosa\",\"publisher\":{\"@id\":\"https:\/\/autobarbosa.com\/fr\/#organization\"},\"potentialAction\":[{\"@type\":\"SearchAction\",\"target\":{\"@type\":\"EntryPoint\",\"urlTemplate\":\"https:\/\/autobarbosa.com\/fr\/?s={search_term_string}\"},\"query-input\":\"required name=search_term_string\"}],\"inLanguage\":\"fr-FR\"},{\"@type\":\"Organization\",\"@id\":\"https:\/\/autobarbosa.com\/fr\/#organization\",\"name\":\"Oficina de manuten\u00e7\u00e3o e repara\u00e7\u00e3o de veiculos automoveis em S. Miguel, A\u00e7ores - Auto Barbosa\",\"url\":\"https:\/\/autobarbosa.com\/fr\/\",\"logo\":{\"@type\":\"ImageObject\",\"inLanguage\":\"fr-FR\",\"@id\":\"https:\/\/autobarbosa.com\/fr\/#\/schema\/logo\/image\/\",\"url\":\"https:\/\/autobarbosa.com\/wp-content\/uploads\/2023\/03\/AUTO-BARBOSA-LOGO-1-e1678715539111.png\",\"contentUrl\":\"https:\/\/autobarbosa.com\/wp-content\/uploads\/2023\/03\/AUTO-BARBOSA-LOGO-1-e1678715539111.png\",\"width\":3233,\"height\":3233,\"caption\":\"Oficina de manuten\u00e7\u00e3o e repara\u00e7\u00e3o de veiculos automoveis em S. Miguel, A\u00e7ores - Auto Barbosa\"},\"image\":{\"@id\":\"https:\/\/autobarbosa.com\/fr\/#\/schema\/logo\/image\/\"},\"sameAs\":[\"https:\/\/www.facebook.com\/autobarbosaoficina\",\"https:\/\/www.instagram.com\/autobarbosa.oficina\/\"]}]}<\/script>\n<!-- \/ Yoast SEO plugin. -->","yoast_head_json":{"title":"ROLL BAR CITROEN SAXO \/ PHASE 1\/2 3 PORTAS P\/ SOLDAR - Oficina de manuten\u00e7\u00e3o e repara\u00e7\u00e3o de veiculos automoveis em S. Miguel, A\u00e7ores - Auto Barbosa","robots":{"index":"index","follow":"follow","max-snippet":"max-snippet:-1","max-image-preview":"max-image-preview:large","max-video-preview":"max-video-preview:-1"},"canonical":"https:\/\/autobarbosa.com\/fr\/produto\/roll-bar-citroen-saxo-phase-1-2-3-portas-p-soldar\/","og_locale":"fr_FR","og_type":"article","og_title":"ROLL BAR CITROEN SAXO \/ PHASE 1\/2 3 PORTAS P\/ SOLDAR - Oficina de manuten\u00e7\u00e3o e repara\u00e7\u00e3o de veiculos automoveis em S. Miguel, A\u00e7ores - Auto Barbosa","og_description":"Esta estrutura de seguran\u00e7a est\u00e1 em conformidade com o Anexo J da FIA nas seguintes vers\u00f5es: Citro\u00ebn Saxo 1.6 VTS  Barra de seguran\u00e7a AST Weld In V1 com 8 pontos de uni\u00e3o ao corpo. As bases do piso s\u00e3o feitas de a\u00e7o de 3 mm de espessura e s\u00e3o projetadas e fabricadas especificamente para cada carro, alcan\u00e7ando a m\u00e1xima seguran\u00e7a e adapta\u00e7\u00e3o no chassi. A estrutura de seguran\u00e7a \u00e9 entregue em kit de soldagem e sem pintura, e consiste em um arco principal de a\u00e7o E355 com di\u00e2metro de 45mm, o restante da estrutura \u00e9 feito de a\u00e7o E355 com di\u00e2metro de 40mm.  Gra\u00e7as \u00e0 digitaliza\u00e7\u00e3o a laser da carroceria do ve\u00edculo e ao design 3D profissional, garantimos um ajuste imbat\u00edvel de nossas estruturas de seguran\u00e7a.  O pre\u00e7o deste item inclui:  Kit de solda Fendas de refor\u00e7o Bases de refor\u00e7o Parafusos, arruelas e porcas Documenta\u00e7\u00e3o individual Manual Conjunto de adesivos *Esta estrutura \u00e9 projetada e constru\u00edda de acordo com o Anexo J da FIA. Verifique com sua Federa\u00e7\u00e3o\/Organiza\u00e7\u00e3o Esportiva os requisitos m\u00ednimos de seguran\u00e7a espec\u00edficos para o seu ve\u00edculo, vers\u00e3o, motor e tipo de evento e\/ou campeonato que voc\u00ea vai disputar, embora esta estrutura de seguran\u00e7a se encaixe em todos os motores do modelo.  *Estas estruturas requerem adapta\u00e7\u00f5es e\/ou cancelamentos de elementos interiores do ve\u00edculo (painel de instrumentos, pain\u00e9is das portas, estofos, bancos traseiros...)","og_url":"https:\/\/autobarbosa.com\/fr\/produto\/roll-bar-citroen-saxo-phase-1-2-3-portas-p-soldar\/","og_site_name":"Oficina de manuten\u00e7\u00e3o e repara\u00e7\u00e3o de veiculos automoveis em S. Miguel, A\u00e7ores - Auto Barbosa","article_publisher":"https:\/\/www.facebook.com\/autobarbosaoficina","twitter_card":"summary_large_image","twitter_misc":{"Dur\u00e9e de lecture estim\u00e9e":"1 minute"},"schema":{"@context":"https:\/\/schema.org","@graph":[{"@type":"WebPage","@id":"https:\/\/autobarbosa.com\/fr\/produto\/roll-bar-citroen-saxo-phase-1-2-3-portas-p-soldar\/","url":"https:\/\/autobarbosa.com\/fr\/produto\/roll-bar-citroen-saxo-phase-1-2-3-portas-p-soldar\/","name":"ROLL BAR CITROEN SAXO \/ PHASE 1\/2 3 PORTAS P\/ SOLDAR - Oficina de manuten\u00e7\u00e3o e repara\u00e7\u00e3o de veiculos automoveis em S. Miguel, A\u00e7ores - Auto Barbosa","isPartOf":{"@id":"https:\/\/autobarbosa.com\/fr\/#website"},"datePublished":"2025-12-16T08:20:33+00:00","dateModified":"2025-12-16T08:20:33+00:00","breadcrumb":{"@id":"https:\/\/autobarbosa.com\/fr\/produto\/roll-bar-citroen-saxo-phase-1-2-3-portas-p-soldar\/#breadcrumb"},"inLanguage":"fr-FR","potentialAction":[{"@type":"ReadAction","target":["https:\/\/autobarbosa.com\/fr\/produto\/roll-bar-citroen-saxo-phase-1-2-3-portas-p-soldar\/"]}]},{"@type":"BreadcrumbList","@id":"https:\/\/autobarbosa.com\/fr\/produto\/roll-bar-citroen-saxo-phase-1-2-3-portas-p-soldar\/#breadcrumb","itemListElement":[{"@type":"ListItem","position":1,"name":"In\u00edcio","item":"https:\/\/autobarbosa.com\/fr\/"},{"@type":"ListItem","position":2,"name":"Loja","item":"https:\/\/autobarbosa.com\/"},{"@type":"ListItem","position":3,"name":"ROLL BAR CITROEN SAXO \/ PHASE 1\/2 3 PORTAS P\/ SOLDAR"}]},{"@type":"WebSite","@id":"https:\/\/autobarbosa.com\/fr\/#website","url":"https:\/\/autobarbosa.com\/fr\/","name":"Oficina de manuten\u00e7\u00e3o e repara\u00e7\u00e3o de veiculos automoveis em S. Miguel, A\u00e7ores - Auto Barbosa","description":"Auto Barbosa","publisher":{"@id":"https:\/\/autobarbosa.com\/fr\/#organization"},"potentialAction":[{"@type":"SearchAction","target":{"@type":"EntryPoint","urlTemplate":"https:\/\/autobarbosa.com\/fr\/?s={search_term_string}"},"query-input":"required name=search_term_string"}],"inLanguage":"fr-FR"},{"@type":"Organization","@id":"https:\/\/autobarbosa.com\/fr\/#organization","name":"Oficina de manuten\u00e7\u00e3o e repara\u00e7\u00e3o de veiculos automoveis em S. Miguel, A\u00e7ores - Auto Barbosa","url":"https:\/\/autobarbosa.com\/fr\/","logo":{"@type":"ImageObject","inLanguage":"fr-FR","@id":"https:\/\/autobarbosa.com\/fr\/#\/schema\/logo\/image\/","url":"https:\/\/autobarbosa.com\/wp-content\/uploads\/2023\/03\/AUTO-BARBOSA-LOGO-1-e1678715539111.png","contentUrl":"https:\/\/autobarbosa.com\/wp-content\/uploads\/2023\/03\/AUTO-BARBOSA-LOGO-1-e1678715539111.png","width":3233,"height":3233,"caption":"Oficina de manuten\u00e7\u00e3o e repara\u00e7\u00e3o de veiculos automoveis em S. Miguel, A\u00e7ores - Auto Barbosa"},"image":{"@id":"https:\/\/autobarbosa.com\/fr\/#\/schema\/logo\/image\/"},"sameAs":["https:\/\/www.facebook.com\/autobarbosaoficina","https:\/\/www.instagram.com\/autobarbosa.oficina\/"]}]}},"_links":{"self":[{"href":"https:\/\/autobarbosa.com\/fr\/wp-json\/wp\/v3\/product\/22407","targetHints":{"allow":["GET"]}}],"collection":[{"href":"https:\/\/autobarbosa.com\/fr\/wp-json\/wp\/v3\/product"}],"about":[{"href":"https:\/\/autobarbosa.com\/fr\/wp-json\/wp\/v2\/types\/product"}],"wp:attachment":[{"href":"https:\/\/autobarbosa.com\/fr\/wp-json\/wp\/v2\/media?parent=22407"}],"wp:term":[{"taxonomy":"product_cat","embeddable":true,"href":"https:\/\/autobarbosa.com\/fr\/wp-json\/wp\/v2\/product_cat?post=22407"},{"taxonomy":"product_tag","embeddable":true,"href":"https:\/\/autobarbosa.com\/fr\/wp-json\/wp\/v2\/product_tag?post=22407"},{"taxonomy":"marca","embeddable":true,"href":"https:\/\/autobarbosa.com\/fr\/wp-json\/wp\/v2\/marca?post=22407"}],"curies":[{"name":"wp","href":"https:\/\/api.w.org\/{rel}","templated":true}]}}