{"id":22423,"date":"2025-12-16T07:20:38","date_gmt":"2025-12-16T08:20:38","guid":{"rendered":"https:\/\/autobarbosa.com\/produto\/bomba-travoes-ap-racing-cp-2326-s-deposito-19-05mm-m8x125-115mm\/"},"modified":"2025-12-16T07:20:38","modified_gmt":"2025-12-16T08:20:38","slug":"bomba-travoes-ap-racing-cp-2326-s-deposito-19-05mm-m8x125-115mm","status":"publish","type":"product","link":"https:\/\/autobarbosa.com\/fr\/produto\/bomba-travoes-ap-racing-cp-2326-s-deposito-19-05mm-m8x125-115mm\/","title":{"rendered":"BOMBA TRAV\u00d5ES &#8211; AP RACING CP 2326 S\/ DEPOSITO &#8211; 19.05mm &#8211; M8X125 &#8211; 115mm"},"content":{"rendered":"<p>Cilindro mestre AP RACING CP2623 sem reservat\u00f3rio<\/p>\n<p>Esses cilindros mestres forjados s\u00e3o ultraleves e compactos.<br \/>\nEles foram projetados para todas as aplica\u00e7\u00f5es de frenagem ou embreagem, especialmente onde o espa\u00e7o \u00e9 limitado.<br \/>\nCorrida muito curta.<br \/>\nO \u00e2ngulo de impulso da haste n\u00e3o deve exceder 2\u00b0.<\/p>\n<p>Caracter\u00edsticas:<br \/>\n&#8211; Materiais: Liga de alum\u00ednio forjado.<br \/>\n&#8211; Peso: 310 g.<br \/>\n&#8211; Curso m\u00e1ximo: 25,4 mm.<br \/>\n&#8211; Curso morto: De 0,68 mm a 1,09 mm.<br \/>\n&#8211; Rosca hidr\u00e1ulica &#8211; entrada: 7\/16\u201d x 20UNF.<br \/>\n&#8211; Rosca hidr\u00e1ulica &#8211; sa\u00edda: 3\/8\u201d x 24UNF.<br \/>\nFornecido sem haste de press\u00e3o.<\/p>\n<p>Aplica\u00e7\u00f5es dispon\u00edveis:<br \/>\n&#8211; Com ou sem haste.<br \/>\n&#8211; Rosca da haste: M8 x 125 mm ou 5\/16\u201d.<br \/>\n&#8211; Comprimento da haste: 115 mm ou 160 mm.<br \/>\n&#8211; Di\u00e2metro do furo: 15 mm \/ 15,9 mm \/ 17,8 mm \/ 19,1 mm \/ 20,6 mm \/ 22,2 mm \/ 23,8 mm ou 25,4 mm.<\/p>\n","protected":false},"excerpt":{"rendered":"<p>Cilindro mestre AP RACING CP2623 sem reservat\u00f3rio<\/p>\n<p>Esses cilindros mestres forjados s\u00e3o ultraleves e compactos.<br \/>\nEles foram projetados para todas as aplica\u00e7\u00f5es de frenagem ou embreagem, especialmente onde o espa\u00e7o \u00e9 limitado.<br \/>\nCorrida muito curta.<br \/>\nO \u00e2ngulo de impulso da haste n\u00e3o deve exceder 2\u00b0.<\/p>\n<p>Caracter\u00edsticas:<br \/>\n&#8211; Materiais: Liga de alum\u00ednio forjado.<br \/>\n&#8211; Peso: 310 g.<br \/>\n&#8211; Curso m\u00e1ximo: 25,4 mm.<br \/>\n&#8211; Curso morto: De 0,68 mm a 1,09 mm.<br \/>\n&#8211; Rosca hidr\u00e1ulica &#8211; entrada: 7\/16\u201d x 20UNF.<br \/>\n&#8211; Rosca hidr\u00e1ulica &#8211; sa\u00edda: 3\/8\u201d x 24UNF.<br \/>\nFornecido sem haste de press\u00e3o.<\/p>\n<p>Aplica\u00e7\u00f5es dispon\u00edveis:<br \/>\n&#8211; Com ou sem haste.<br \/>\n&#8211; Rosca da haste: M8 x 125 mm ou 5\/16\u201d.<br \/>\n&#8211; Comprimento da haste: 115 mm ou 160 mm.<br \/>\n&#8211; Di\u00e2metro do furo: 15 mm \/ 15,9 mm \/ 17,8 mm \/ 19,1 mm \/ 20,6 mm \/ 22,2 mm \/ 23,8 mm ou 25,4 mm.<\/p>\n","protected":false},"featured_media":0,"template":"","meta":[],"product_cat":[521],"product_tag":[],"marca":[901],"class_list":["post-22423","product","type-product","status-publish","hentry","product_cat-bombas-travoes-principal","marca-ap-racing"],"yoast_head":"<!-- This site is optimized with the Yoast SEO plugin v20.5 - https:\/\/yoast.com\/wordpress\/plugins\/seo\/ -->\n<title>BOMBA TRAV\u00d5ES - AP RACING CP 2326 S\/ DEPOSITO - 19.05mm - M8X125 - 115mm - Oficina de manuten\u00e7\u00e3o e repara\u00e7\u00e3o de veiculos automoveis em S. Miguel, A\u00e7ores - Auto Barbosa<\/title>\n<meta name=\"robots\" content=\"index, follow, max-snippet:-1, max-image-preview:large, max-video-preview:-1\" \/>\n<link rel=\"canonical\" href=\"https:\/\/autobarbosa.com\/fr\/produto\/bomba-travoes-ap-racing-cp-2326-s-deposito-19-05mm-m8x125-115mm\/\" \/>\n<meta property=\"og:locale\" content=\"fr_FR\" \/>\n<meta property=\"og:type\" content=\"article\" \/>\n<meta property=\"og:title\" content=\"BOMBA TRAV\u00d5ES - AP RACING CP 2326 S\/ DEPOSITO - 19.05mm - M8X125 - 115mm - Oficina de manuten\u00e7\u00e3o e repara\u00e7\u00e3o de veiculos automoveis em S. Miguel, A\u00e7ores - Auto Barbosa\" \/>\n<meta property=\"og:description\" content=\"Cilindro mestre AP RACING CP2623 sem reservat\u00f3rio  Esses cilindros mestres forjados s\u00e3o ultraleves e compactos. Eles foram projetados para todas as aplica\u00e7\u00f5es de frenagem ou embreagem, especialmente onde o espa\u00e7o \u00e9 limitado. Corrida muito curta. O \u00e2ngulo de impulso da haste n\u00e3o deve exceder 2\u00b0.  Caracter\u00edsticas: - Materiais: Liga de alum\u00ednio forjado. - Peso: 310 g. - Curso m\u00e1ximo: 25,4 mm. - Curso morto: De 0,68 mm a 1,09 mm. - Rosca hidr\u00e1ulica - entrada: 7\/16\u201d x 20UNF. - Rosca hidr\u00e1ulica - sa\u00edda: 3\/8\u201d x 24UNF. Fornecido sem haste de press\u00e3o.  Aplica\u00e7\u00f5es dispon\u00edveis: - Com ou sem haste. - Rosca da haste: M8 x 125 mm ou 5\/16\u201d. - Comprimento da haste: 115 mm ou 160 mm. - Di\u00e2metro do furo: 15 mm \/ 15,9 mm \/ 17,8 mm \/ 19,1 mm \/ 20,6 mm \/ 22,2 mm \/ 23,8 mm ou 25,4 mm.\" \/>\n<meta property=\"og:url\" content=\"https:\/\/autobarbosa.com\/fr\/produto\/bomba-travoes-ap-racing-cp-2326-s-deposito-19-05mm-m8x125-115mm\/\" \/>\n<meta property=\"og:site_name\" content=\"Oficina de manuten\u00e7\u00e3o e repara\u00e7\u00e3o de veiculos automoveis em S. Miguel, A\u00e7ores - Auto Barbosa\" \/>\n<meta property=\"article:publisher\" content=\"https:\/\/www.facebook.com\/autobarbosaoficina\" \/>\n<meta name=\"twitter:card\" content=\"summary_large_image\" \/>\n<meta name=\"twitter:label1\" content=\"Dur\u00e9e de lecture estim\u00e9e\" \/>\n\t<meta name=\"twitter:data1\" content=\"1 minute\" \/>\n<script type=\"application\/ld+json\" class=\"yoast-schema-graph\">{\"@context\":\"https:\/\/schema.org\",\"@graph\":[{\"@type\":\"WebPage\",\"@id\":\"https:\/\/autobarbosa.com\/fr\/produto\/bomba-travoes-ap-racing-cp-2326-s-deposito-19-05mm-m8x125-115mm\/\",\"url\":\"https:\/\/autobarbosa.com\/fr\/produto\/bomba-travoes-ap-racing-cp-2326-s-deposito-19-05mm-m8x125-115mm\/\",\"name\":\"BOMBA TRAV\u00d5ES - AP RACING CP 2326 S\/ DEPOSITO - 19.05mm - M8X125 - 115mm - Oficina de manuten\u00e7\u00e3o e repara\u00e7\u00e3o de veiculos automoveis em S. Miguel, A\u00e7ores - Auto Barbosa\",\"isPartOf\":{\"@id\":\"https:\/\/autobarbosa.com\/fr\/#website\"},\"datePublished\":\"2025-12-16T08:20:38+00:00\",\"dateModified\":\"2025-12-16T08:20:38+00:00\",\"breadcrumb\":{\"@id\":\"https:\/\/autobarbosa.com\/fr\/produto\/bomba-travoes-ap-racing-cp-2326-s-deposito-19-05mm-m8x125-115mm\/#breadcrumb\"},\"inLanguage\":\"fr-FR\",\"potentialAction\":[{\"@type\":\"ReadAction\",\"target\":[\"https:\/\/autobarbosa.com\/fr\/produto\/bomba-travoes-ap-racing-cp-2326-s-deposito-19-05mm-m8x125-115mm\/\"]}]},{\"@type\":\"BreadcrumbList\",\"@id\":\"https:\/\/autobarbosa.com\/fr\/produto\/bomba-travoes-ap-racing-cp-2326-s-deposito-19-05mm-m8x125-115mm\/#breadcrumb\",\"itemListElement\":[{\"@type\":\"ListItem\",\"position\":1,\"name\":\"In\u00edcio\",\"item\":\"https:\/\/autobarbosa.com\/fr\/\"},{\"@type\":\"ListItem\",\"position\":2,\"name\":\"Loja\",\"item\":\"https:\/\/autobarbosa.com\/\"},{\"@type\":\"ListItem\",\"position\":3,\"name\":\"BOMBA TRAV\u00d5ES &#8211; AP RACING CP 2326 S\/ DEPOSITO &#8211; 19.05mm &#8211; M8X125 &#8211; 115mm\"}]},{\"@type\":\"WebSite\",\"@id\":\"https:\/\/autobarbosa.com\/fr\/#website\",\"url\":\"https:\/\/autobarbosa.com\/fr\/\",\"name\":\"Oficina de manuten\u00e7\u00e3o e repara\u00e7\u00e3o de veiculos automoveis em S. Miguel, A\u00e7ores - Auto Barbosa\",\"description\":\"Auto Barbosa\",\"publisher\":{\"@id\":\"https:\/\/autobarbosa.com\/fr\/#organization\"},\"potentialAction\":[{\"@type\":\"SearchAction\",\"target\":{\"@type\":\"EntryPoint\",\"urlTemplate\":\"https:\/\/autobarbosa.com\/fr\/?s={search_term_string}\"},\"query-input\":\"required name=search_term_string\"}],\"inLanguage\":\"fr-FR\"},{\"@type\":\"Organization\",\"@id\":\"https:\/\/autobarbosa.com\/fr\/#organization\",\"name\":\"Oficina de manuten\u00e7\u00e3o e repara\u00e7\u00e3o de veiculos automoveis em S. Miguel, A\u00e7ores - Auto Barbosa\",\"url\":\"https:\/\/autobarbosa.com\/fr\/\",\"logo\":{\"@type\":\"ImageObject\",\"inLanguage\":\"fr-FR\",\"@id\":\"https:\/\/autobarbosa.com\/fr\/#\/schema\/logo\/image\/\",\"url\":\"https:\/\/autobarbosa.com\/wp-content\/uploads\/2023\/03\/AUTO-BARBOSA-LOGO-1-e1678715539111.png\",\"contentUrl\":\"https:\/\/autobarbosa.com\/wp-content\/uploads\/2023\/03\/AUTO-BARBOSA-LOGO-1-e1678715539111.png\",\"width\":3233,\"height\":3233,\"caption\":\"Oficina de manuten\u00e7\u00e3o e repara\u00e7\u00e3o de veiculos automoveis em S. Miguel, A\u00e7ores - Auto Barbosa\"},\"image\":{\"@id\":\"https:\/\/autobarbosa.com\/fr\/#\/schema\/logo\/image\/\"},\"sameAs\":[\"https:\/\/www.facebook.com\/autobarbosaoficina\",\"https:\/\/www.instagram.com\/autobarbosa.oficina\/\"]}]}<\/script>\n<!-- \/ Yoast SEO plugin. -->","yoast_head_json":{"title":"BOMBA TRAV\u00d5ES - AP RACING CP 2326 S\/ DEPOSITO - 19.05mm - M8X125 - 115mm - Oficina de manuten\u00e7\u00e3o e repara\u00e7\u00e3o de veiculos automoveis em S. Miguel, A\u00e7ores - Auto Barbosa","robots":{"index":"index","follow":"follow","max-snippet":"max-snippet:-1","max-image-preview":"max-image-preview:large","max-video-preview":"max-video-preview:-1"},"canonical":"https:\/\/autobarbosa.com\/fr\/produto\/bomba-travoes-ap-racing-cp-2326-s-deposito-19-05mm-m8x125-115mm\/","og_locale":"fr_FR","og_type":"article","og_title":"BOMBA TRAV\u00d5ES - AP RACING CP 2326 S\/ DEPOSITO - 19.05mm - M8X125 - 115mm - Oficina de manuten\u00e7\u00e3o e repara\u00e7\u00e3o de veiculos automoveis em S. Miguel, A\u00e7ores - Auto Barbosa","og_description":"Cilindro mestre AP RACING CP2623 sem reservat\u00f3rio  Esses cilindros mestres forjados s\u00e3o ultraleves e compactos. Eles foram projetados para todas as aplica\u00e7\u00f5es de frenagem ou embreagem, especialmente onde o espa\u00e7o \u00e9 limitado. Corrida muito curta. O \u00e2ngulo de impulso da haste n\u00e3o deve exceder 2\u00b0.  Caracter\u00edsticas: - Materiais: Liga de alum\u00ednio forjado. - Peso: 310 g. - Curso m\u00e1ximo: 25,4 mm. - Curso morto: De 0,68 mm a 1,09 mm. - Rosca hidr\u00e1ulica - entrada: 7\/16\u201d x 20UNF. - Rosca hidr\u00e1ulica - sa\u00edda: 3\/8\u201d x 24UNF. Fornecido sem haste de press\u00e3o.  Aplica\u00e7\u00f5es dispon\u00edveis: - Com ou sem haste. - Rosca da haste: M8 x 125 mm ou 5\/16\u201d. - Comprimento da haste: 115 mm ou 160 mm. - Di\u00e2metro do furo: 15 mm \/ 15,9 mm \/ 17,8 mm \/ 19,1 mm \/ 20,6 mm \/ 22,2 mm \/ 23,8 mm ou 25,4 mm.","og_url":"https:\/\/autobarbosa.com\/fr\/produto\/bomba-travoes-ap-racing-cp-2326-s-deposito-19-05mm-m8x125-115mm\/","og_site_name":"Oficina de manuten\u00e7\u00e3o e repara\u00e7\u00e3o de veiculos automoveis em S. Miguel, A\u00e7ores - Auto Barbosa","article_publisher":"https:\/\/www.facebook.com\/autobarbosaoficina","twitter_card":"summary_large_image","twitter_misc":{"Dur\u00e9e de lecture estim\u00e9e":"1 minute"},"schema":{"@context":"https:\/\/schema.org","@graph":[{"@type":"WebPage","@id":"https:\/\/autobarbosa.com\/fr\/produto\/bomba-travoes-ap-racing-cp-2326-s-deposito-19-05mm-m8x125-115mm\/","url":"https:\/\/autobarbosa.com\/fr\/produto\/bomba-travoes-ap-racing-cp-2326-s-deposito-19-05mm-m8x125-115mm\/","name":"BOMBA TRAV\u00d5ES - AP RACING CP 2326 S\/ DEPOSITO - 19.05mm - M8X125 - 115mm - Oficina de manuten\u00e7\u00e3o e repara\u00e7\u00e3o de veiculos automoveis em S. Miguel, A\u00e7ores - Auto Barbosa","isPartOf":{"@id":"https:\/\/autobarbosa.com\/fr\/#website"},"datePublished":"2025-12-16T08:20:38+00:00","dateModified":"2025-12-16T08:20:38+00:00","breadcrumb":{"@id":"https:\/\/autobarbosa.com\/fr\/produto\/bomba-travoes-ap-racing-cp-2326-s-deposito-19-05mm-m8x125-115mm\/#breadcrumb"},"inLanguage":"fr-FR","potentialAction":[{"@type":"ReadAction","target":["https:\/\/autobarbosa.com\/fr\/produto\/bomba-travoes-ap-racing-cp-2326-s-deposito-19-05mm-m8x125-115mm\/"]}]},{"@type":"BreadcrumbList","@id":"https:\/\/autobarbosa.com\/fr\/produto\/bomba-travoes-ap-racing-cp-2326-s-deposito-19-05mm-m8x125-115mm\/#breadcrumb","itemListElement":[{"@type":"ListItem","position":1,"name":"In\u00edcio","item":"https:\/\/autobarbosa.com\/fr\/"},{"@type":"ListItem","position":2,"name":"Loja","item":"https:\/\/autobarbosa.com\/"},{"@type":"ListItem","position":3,"name":"BOMBA TRAV\u00d5ES &#8211; AP RACING CP 2326 S\/ DEPOSITO &#8211; 19.05mm &#8211; M8X125 &#8211; 115mm"}]},{"@type":"WebSite","@id":"https:\/\/autobarbosa.com\/fr\/#website","url":"https:\/\/autobarbosa.com\/fr\/","name":"Oficina de manuten\u00e7\u00e3o e repara\u00e7\u00e3o de veiculos automoveis em S. Miguel, A\u00e7ores - Auto Barbosa","description":"Auto Barbosa","publisher":{"@id":"https:\/\/autobarbosa.com\/fr\/#organization"},"potentialAction":[{"@type":"SearchAction","target":{"@type":"EntryPoint","urlTemplate":"https:\/\/autobarbosa.com\/fr\/?s={search_term_string}"},"query-input":"required name=search_term_string"}],"inLanguage":"fr-FR"},{"@type":"Organization","@id":"https:\/\/autobarbosa.com\/fr\/#organization","name":"Oficina de manuten\u00e7\u00e3o e repara\u00e7\u00e3o de veiculos automoveis em S. Miguel, A\u00e7ores - Auto Barbosa","url":"https:\/\/autobarbosa.com\/fr\/","logo":{"@type":"ImageObject","inLanguage":"fr-FR","@id":"https:\/\/autobarbosa.com\/fr\/#\/schema\/logo\/image\/","url":"https:\/\/autobarbosa.com\/wp-content\/uploads\/2023\/03\/AUTO-BARBOSA-LOGO-1-e1678715539111.png","contentUrl":"https:\/\/autobarbosa.com\/wp-content\/uploads\/2023\/03\/AUTO-BARBOSA-LOGO-1-e1678715539111.png","width":3233,"height":3233,"caption":"Oficina de manuten\u00e7\u00e3o e repara\u00e7\u00e3o de veiculos automoveis em S. Miguel, A\u00e7ores - Auto Barbosa"},"image":{"@id":"https:\/\/autobarbosa.com\/fr\/#\/schema\/logo\/image\/"},"sameAs":["https:\/\/www.facebook.com\/autobarbosaoficina","https:\/\/www.instagram.com\/autobarbosa.oficina\/"]}]}},"_links":{"self":[{"href":"https:\/\/autobarbosa.com\/fr\/wp-json\/wp\/v3\/product\/22423","targetHints":{"allow":["GET"]}}],"collection":[{"href":"https:\/\/autobarbosa.com\/fr\/wp-json\/wp\/v3\/product"}],"about":[{"href":"https:\/\/autobarbosa.com\/fr\/wp-json\/wp\/v2\/types\/product"}],"wp:attachment":[{"href":"https:\/\/autobarbosa.com\/fr\/wp-json\/wp\/v2\/media?parent=22423"}],"wp:term":[{"taxonomy":"product_cat","embeddable":true,"href":"https:\/\/autobarbosa.com\/fr\/wp-json\/wp\/v2\/product_cat?post=22423"},{"taxonomy":"product_tag","embeddable":true,"href":"https:\/\/autobarbosa.com\/fr\/wp-json\/wp\/v2\/product_tag?post=22423"},{"taxonomy":"marca","embeddable":true,"href":"https:\/\/autobarbosa.com\/fr\/wp-json\/wp\/v2\/marca?post=22423"}],"curies":[{"name":"wp","href":"https:\/\/api.w.org\/{rel}","templated":true}]}}