{"id":22447,"date":"2025-12-16T07:20:46","date_gmt":"2025-12-16T08:20:46","guid":{"rendered":"https:\/\/autobarbosa.com\/produto\/repartidor-travagem-ap-racing-de-esfera-m10x100\/"},"modified":"2025-12-16T07:20:46","modified_gmt":"2025-12-16T08:20:46","slug":"repartidor-travagem-ap-racing-de-esfera-m10x100","status":"publish","type":"product","link":"https:\/\/autobarbosa.com\/fr\/produto\/repartidor-travagem-ap-racing-de-esfera-m10x100\/","title":{"rendered":"REPARTIDOR TRAVAGEM AP RACING DE ESFERA &#8211; M10X100"},"content":{"rendered":"<p>Limitador de press\u00e3o AP RACING com esfera M10X100<\/p>\n<p>Limitador de press\u00e3o especialmente projetado para reduzir a press\u00e3o do circuito de freio.<br \/>\nIsto permite-lhe ter um ajuste mais preciso da distribui\u00e7\u00e3o e poder modific\u00e1-la muito rapidamente ao seu gosto de acordo com as rea\u00e7\u00f5es do seu carro.<br \/>\nO limitador AP RACING reduz aproximadamente 66% da press\u00e3o de entrada na posi\u00e7\u00e3o m\u00e1xima.<br \/>\nInstala\u00e7\u00e3o: em s\u00e9rie no circuito traseiro.<br \/>\nTocando: 10 x 100.<\/p>\n","protected":false},"excerpt":{"rendered":"<p>Limitador de press\u00e3o AP RACING com esfera M10X100<\/p>\n<p>Limitador de press\u00e3o especialmente projetado para reduzir a press\u00e3o do circuito de freio.<br \/>\nIsto permite-lhe ter um ajuste mais preciso da distribui\u00e7\u00e3o e poder modific\u00e1-la muito rapidamente ao seu gosto de acordo com as rea\u00e7\u00f5es do seu carro.<br \/>\nO limitador AP RACING reduz aproximadamente 66% da press\u00e3o de entrada na posi\u00e7\u00e3o m\u00e1xima.<br \/>\nInstala\u00e7\u00e3o: em s\u00e9rie no circuito traseiro.<br \/>\nTocando: 10 x 100.<\/p>\n","protected":false},"featured_media":0,"template":"","meta":[],"product_cat":[900],"product_tag":[],"marca":[901],"class_list":["post-22447","product","type-product","status-publish","hentry","product_cat-repartidores-travagem-acessorios","marca-ap-racing"],"yoast_head":"<!-- This site is optimized with the Yoast SEO plugin v20.5 - https:\/\/yoast.com\/wordpress\/plugins\/seo\/ -->\n<title>REPARTIDOR TRAVAGEM AP RACING DE ESFERA - M10X100 - Oficina de manuten\u00e7\u00e3o e repara\u00e7\u00e3o de veiculos automoveis em S. Miguel, A\u00e7ores - Auto Barbosa<\/title>\n<meta name=\"robots\" content=\"index, follow, max-snippet:-1, max-image-preview:large, max-video-preview:-1\" \/>\n<link rel=\"canonical\" href=\"https:\/\/autobarbosa.com\/fr\/produto\/repartidor-travagem-ap-racing-de-esfera-m10x100\/\" \/>\n<meta property=\"og:locale\" content=\"fr_FR\" \/>\n<meta property=\"og:type\" content=\"article\" \/>\n<meta property=\"og:title\" content=\"REPARTIDOR TRAVAGEM AP RACING DE ESFERA - M10X100 - Oficina de manuten\u00e7\u00e3o e repara\u00e7\u00e3o de veiculos automoveis em S. Miguel, A\u00e7ores - Auto Barbosa\" \/>\n<meta property=\"og:description\" content=\"Limitador de press\u00e3o AP RACING com esfera M10X100  Limitador de press\u00e3o especialmente projetado para reduzir a press\u00e3o do circuito de freio. Isto permite-lhe ter um ajuste mais preciso da distribui\u00e7\u00e3o e poder modific\u00e1-la muito rapidamente ao seu gosto de acordo com as rea\u00e7\u00f5es do seu carro. O limitador AP RACING reduz aproximadamente 66% da press\u00e3o de entrada na posi\u00e7\u00e3o m\u00e1xima. Instala\u00e7\u00e3o: em s\u00e9rie no circuito traseiro. Tocando: 10 x 100.\" \/>\n<meta property=\"og:url\" content=\"https:\/\/autobarbosa.com\/fr\/produto\/repartidor-travagem-ap-racing-de-esfera-m10x100\/\" \/>\n<meta property=\"og:site_name\" content=\"Oficina de manuten\u00e7\u00e3o e repara\u00e7\u00e3o de veiculos automoveis em S. Miguel, A\u00e7ores - Auto Barbosa\" \/>\n<meta property=\"article:publisher\" content=\"https:\/\/www.facebook.com\/autobarbosaoficina\" \/>\n<meta name=\"twitter:card\" content=\"summary_large_image\" \/>\n<script type=\"application\/ld+json\" class=\"yoast-schema-graph\">{\"@context\":\"https:\/\/schema.org\",\"@graph\":[{\"@type\":\"WebPage\",\"@id\":\"https:\/\/autobarbosa.com\/fr\/produto\/repartidor-travagem-ap-racing-de-esfera-m10x100\/\",\"url\":\"https:\/\/autobarbosa.com\/fr\/produto\/repartidor-travagem-ap-racing-de-esfera-m10x100\/\",\"name\":\"REPARTIDOR TRAVAGEM AP RACING DE ESFERA - M10X100 - Oficina de manuten\u00e7\u00e3o e repara\u00e7\u00e3o de veiculos automoveis em S. Miguel, A\u00e7ores - Auto Barbosa\",\"isPartOf\":{\"@id\":\"https:\/\/autobarbosa.com\/fr\/#website\"},\"datePublished\":\"2025-12-16T08:20:46+00:00\",\"dateModified\":\"2025-12-16T08:20:46+00:00\",\"breadcrumb\":{\"@id\":\"https:\/\/autobarbosa.com\/fr\/produto\/repartidor-travagem-ap-racing-de-esfera-m10x100\/#breadcrumb\"},\"inLanguage\":\"fr-FR\",\"potentialAction\":[{\"@type\":\"ReadAction\",\"target\":[\"https:\/\/autobarbosa.com\/fr\/produto\/repartidor-travagem-ap-racing-de-esfera-m10x100\/\"]}]},{\"@type\":\"BreadcrumbList\",\"@id\":\"https:\/\/autobarbosa.com\/fr\/produto\/repartidor-travagem-ap-racing-de-esfera-m10x100\/#breadcrumb\",\"itemListElement\":[{\"@type\":\"ListItem\",\"position\":1,\"name\":\"In\u00edcio\",\"item\":\"https:\/\/autobarbosa.com\/fr\/\"},{\"@type\":\"ListItem\",\"position\":2,\"name\":\"Loja\",\"item\":\"https:\/\/autobarbosa.com\/\"},{\"@type\":\"ListItem\",\"position\":3,\"name\":\"REPARTIDOR TRAVAGEM AP RACING DE ESFERA &#8211; M10X100\"}]},{\"@type\":\"WebSite\",\"@id\":\"https:\/\/autobarbosa.com\/fr\/#website\",\"url\":\"https:\/\/autobarbosa.com\/fr\/\",\"name\":\"Oficina de manuten\u00e7\u00e3o e repara\u00e7\u00e3o de veiculos automoveis em S. Miguel, A\u00e7ores - Auto Barbosa\",\"description\":\"Auto Barbosa\",\"publisher\":{\"@id\":\"https:\/\/autobarbosa.com\/fr\/#organization\"},\"potentialAction\":[{\"@type\":\"SearchAction\",\"target\":{\"@type\":\"EntryPoint\",\"urlTemplate\":\"https:\/\/autobarbosa.com\/fr\/?s={search_term_string}\"},\"query-input\":\"required name=search_term_string\"}],\"inLanguage\":\"fr-FR\"},{\"@type\":\"Organization\",\"@id\":\"https:\/\/autobarbosa.com\/fr\/#organization\",\"name\":\"Oficina de manuten\u00e7\u00e3o e repara\u00e7\u00e3o de veiculos automoveis em S. Miguel, A\u00e7ores - Auto Barbosa\",\"url\":\"https:\/\/autobarbosa.com\/fr\/\",\"logo\":{\"@type\":\"ImageObject\",\"inLanguage\":\"fr-FR\",\"@id\":\"https:\/\/autobarbosa.com\/fr\/#\/schema\/logo\/image\/\",\"url\":\"https:\/\/autobarbosa.com\/wp-content\/uploads\/2023\/03\/AUTO-BARBOSA-LOGO-1-e1678715539111.png\",\"contentUrl\":\"https:\/\/autobarbosa.com\/wp-content\/uploads\/2023\/03\/AUTO-BARBOSA-LOGO-1-e1678715539111.png\",\"width\":3233,\"height\":3233,\"caption\":\"Oficina de manuten\u00e7\u00e3o e repara\u00e7\u00e3o de veiculos automoveis em S. Miguel, A\u00e7ores - Auto Barbosa\"},\"image\":{\"@id\":\"https:\/\/autobarbosa.com\/fr\/#\/schema\/logo\/image\/\"},\"sameAs\":[\"https:\/\/www.facebook.com\/autobarbosaoficina\",\"https:\/\/www.instagram.com\/autobarbosa.oficina\/\"]}]}<\/script>\n<!-- \/ Yoast SEO plugin. -->","yoast_head_json":{"title":"REPARTIDOR TRAVAGEM AP RACING DE ESFERA - M10X100 - Oficina de manuten\u00e7\u00e3o e repara\u00e7\u00e3o de veiculos automoveis em S. Miguel, A\u00e7ores - Auto Barbosa","robots":{"index":"index","follow":"follow","max-snippet":"max-snippet:-1","max-image-preview":"max-image-preview:large","max-video-preview":"max-video-preview:-1"},"canonical":"https:\/\/autobarbosa.com\/fr\/produto\/repartidor-travagem-ap-racing-de-esfera-m10x100\/","og_locale":"fr_FR","og_type":"article","og_title":"REPARTIDOR TRAVAGEM AP RACING DE ESFERA - M10X100 - Oficina de manuten\u00e7\u00e3o e repara\u00e7\u00e3o de veiculos automoveis em S. Miguel, A\u00e7ores - Auto Barbosa","og_description":"Limitador de press\u00e3o AP RACING com esfera M10X100  Limitador de press\u00e3o especialmente projetado para reduzir a press\u00e3o do circuito de freio. Isto permite-lhe ter um ajuste mais preciso da distribui\u00e7\u00e3o e poder modific\u00e1-la muito rapidamente ao seu gosto de acordo com as rea\u00e7\u00f5es do seu carro. O limitador AP RACING reduz aproximadamente 66% da press\u00e3o de entrada na posi\u00e7\u00e3o m\u00e1xima. Instala\u00e7\u00e3o: em s\u00e9rie no circuito traseiro. Tocando: 10 x 100.","og_url":"https:\/\/autobarbosa.com\/fr\/produto\/repartidor-travagem-ap-racing-de-esfera-m10x100\/","og_site_name":"Oficina de manuten\u00e7\u00e3o e repara\u00e7\u00e3o de veiculos automoveis em S. Miguel, A\u00e7ores - Auto Barbosa","article_publisher":"https:\/\/www.facebook.com\/autobarbosaoficina","twitter_card":"summary_large_image","schema":{"@context":"https:\/\/schema.org","@graph":[{"@type":"WebPage","@id":"https:\/\/autobarbosa.com\/fr\/produto\/repartidor-travagem-ap-racing-de-esfera-m10x100\/","url":"https:\/\/autobarbosa.com\/fr\/produto\/repartidor-travagem-ap-racing-de-esfera-m10x100\/","name":"REPARTIDOR TRAVAGEM AP RACING DE ESFERA - M10X100 - Oficina de manuten\u00e7\u00e3o e repara\u00e7\u00e3o de veiculos automoveis em S. Miguel, A\u00e7ores - Auto Barbosa","isPartOf":{"@id":"https:\/\/autobarbosa.com\/fr\/#website"},"datePublished":"2025-12-16T08:20:46+00:00","dateModified":"2025-12-16T08:20:46+00:00","breadcrumb":{"@id":"https:\/\/autobarbosa.com\/fr\/produto\/repartidor-travagem-ap-racing-de-esfera-m10x100\/#breadcrumb"},"inLanguage":"fr-FR","potentialAction":[{"@type":"ReadAction","target":["https:\/\/autobarbosa.com\/fr\/produto\/repartidor-travagem-ap-racing-de-esfera-m10x100\/"]}]},{"@type":"BreadcrumbList","@id":"https:\/\/autobarbosa.com\/fr\/produto\/repartidor-travagem-ap-racing-de-esfera-m10x100\/#breadcrumb","itemListElement":[{"@type":"ListItem","position":1,"name":"In\u00edcio","item":"https:\/\/autobarbosa.com\/fr\/"},{"@type":"ListItem","position":2,"name":"Loja","item":"https:\/\/autobarbosa.com\/"},{"@type":"ListItem","position":3,"name":"REPARTIDOR TRAVAGEM AP RACING DE ESFERA &#8211; M10X100"}]},{"@type":"WebSite","@id":"https:\/\/autobarbosa.com\/fr\/#website","url":"https:\/\/autobarbosa.com\/fr\/","name":"Oficina de manuten\u00e7\u00e3o e repara\u00e7\u00e3o de veiculos automoveis em S. Miguel, A\u00e7ores - Auto Barbosa","description":"Auto Barbosa","publisher":{"@id":"https:\/\/autobarbosa.com\/fr\/#organization"},"potentialAction":[{"@type":"SearchAction","target":{"@type":"EntryPoint","urlTemplate":"https:\/\/autobarbosa.com\/fr\/?s={search_term_string}"},"query-input":"required name=search_term_string"}],"inLanguage":"fr-FR"},{"@type":"Organization","@id":"https:\/\/autobarbosa.com\/fr\/#organization","name":"Oficina de manuten\u00e7\u00e3o e repara\u00e7\u00e3o de veiculos automoveis em S. Miguel, A\u00e7ores - Auto Barbosa","url":"https:\/\/autobarbosa.com\/fr\/","logo":{"@type":"ImageObject","inLanguage":"fr-FR","@id":"https:\/\/autobarbosa.com\/fr\/#\/schema\/logo\/image\/","url":"https:\/\/autobarbosa.com\/wp-content\/uploads\/2023\/03\/AUTO-BARBOSA-LOGO-1-e1678715539111.png","contentUrl":"https:\/\/autobarbosa.com\/wp-content\/uploads\/2023\/03\/AUTO-BARBOSA-LOGO-1-e1678715539111.png","width":3233,"height":3233,"caption":"Oficina de manuten\u00e7\u00e3o e repara\u00e7\u00e3o de veiculos automoveis em S. Miguel, A\u00e7ores - Auto Barbosa"},"image":{"@id":"https:\/\/autobarbosa.com\/fr\/#\/schema\/logo\/image\/"},"sameAs":["https:\/\/www.facebook.com\/autobarbosaoficina","https:\/\/www.instagram.com\/autobarbosa.oficina\/"]}]}},"_links":{"self":[{"href":"https:\/\/autobarbosa.com\/fr\/wp-json\/wp\/v3\/product\/22447","targetHints":{"allow":["GET"]}}],"collection":[{"href":"https:\/\/autobarbosa.com\/fr\/wp-json\/wp\/v3\/product"}],"about":[{"href":"https:\/\/autobarbosa.com\/fr\/wp-json\/wp\/v2\/types\/product"}],"wp:attachment":[{"href":"https:\/\/autobarbosa.com\/fr\/wp-json\/wp\/v2\/media?parent=22447"}],"wp:term":[{"taxonomy":"product_cat","embeddable":true,"href":"https:\/\/autobarbosa.com\/fr\/wp-json\/wp\/v2\/product_cat?post=22447"},{"taxonomy":"product_tag","embeddable":true,"href":"https:\/\/autobarbosa.com\/fr\/wp-json\/wp\/v2\/product_tag?post=22447"},{"taxonomy":"marca","embeddable":true,"href":"https:\/\/autobarbosa.com\/fr\/wp-json\/wp\/v2\/marca?post=22447"}],"curies":[{"name":"wp","href":"https:\/\/api.w.org\/{rel}","templated":true}]}}