{"id":22671,"date":"2025-12-16T07:21:53","date_gmt":"2025-12-16T08:21:53","guid":{"rendered":"https:\/\/autobarbosa.com\/produto\/filtro-de-gasolina-oleo-dash-6-9-18unf\/"},"modified":"2025-12-16T07:21:53","modified_gmt":"2025-12-16T08:21:53","slug":"filtro-de-gasolina-oleo-dash-6-9-18unf","status":"publish","type":"product","link":"https:\/\/autobarbosa.com\/fr\/produto\/filtro-de-gasolina-oleo-dash-6-9-18unf\/","title":{"rendered":"FILTRO DE GASOLINA \/ OLEO &#8211; DASH 6 &#8211; 9\/18UNF"},"content":{"rendered":"<p>Filtro de \u00f3leo ou gasolina GOODRIDGE alum\u00ednio DASH 6 &#8211; 9\/16 UNF<br \/>\nFiltro de tela remov\u00edvel, limp\u00e1vel, alta press\u00e3o.<br \/>\nEste filtro possui um filtro de malha fina que pode ser removido e limpo.<br \/>\nFiltra\u00e7\u00e3o a 149 m\u00edcrons.<br \/>\nAplica\u00e7\u00e3o: Sistema de combust\u00edvel e lubrificante.<br \/>\nTRA\u00c7O 6 &#8211; 9\/16 x 18 UNF<\/p>\n","protected":false},"excerpt":{"rendered":"<p>Filtro de \u00f3leo ou gasolina GOODRIDGE alum\u00ednio DASH 6 &#8211; 9\/16 UNF<br \/>\nFiltro de tela remov\u00edvel, limp\u00e1vel, alta press\u00e3o.<br \/>\nEste filtro possui um filtro de malha fina que pode ser removido e limpo.<br \/>\nFiltra\u00e7\u00e3o a 149 m\u00edcrons.<br \/>\nAplica\u00e7\u00e3o: Sistema de combust\u00edvel e lubrificante.<br \/>\nTRA\u00c7O 6 &#8211; 9\/16 x 18 UNF<\/p>\n","protected":false},"featured_media":0,"template":"","meta":[],"product_cat":[523],"product_tag":[],"marca":[140],"class_list":["post-22671","product","type-product","status-publish","hentry","product_cat-filtro-oleo-adaptadores-bujoes-magneticos","marca-goodridge"],"yoast_head":"<!-- This site is optimized with the Yoast SEO plugin v20.5 - https:\/\/yoast.com\/wordpress\/plugins\/seo\/ -->\n<title>FILTRO DE GASOLINA \/ OLEO - DASH 6 - 9\/18UNF - Oficina de manuten\u00e7\u00e3o e repara\u00e7\u00e3o de veiculos automoveis em S. Miguel, A\u00e7ores - Auto Barbosa<\/title>\n<meta name=\"robots\" content=\"index, follow, max-snippet:-1, max-image-preview:large, max-video-preview:-1\" \/>\n<link rel=\"canonical\" href=\"https:\/\/autobarbosa.com\/fr\/produto\/filtro-de-gasolina-oleo-dash-6-9-18unf\/\" \/>\n<meta property=\"og:locale\" content=\"fr_FR\" \/>\n<meta property=\"og:type\" content=\"article\" \/>\n<meta property=\"og:title\" content=\"FILTRO DE GASOLINA \/ OLEO - DASH 6 - 9\/18UNF - Oficina de manuten\u00e7\u00e3o e repara\u00e7\u00e3o de veiculos automoveis em S. Miguel, A\u00e7ores - Auto Barbosa\" \/>\n<meta property=\"og:description\" content=\"Filtro de \u00f3leo ou gasolina GOODRIDGE alum\u00ednio DASH 6 - 9\/16 UNF Filtro de tela remov\u00edvel, limp\u00e1vel, alta press\u00e3o. Este filtro possui um filtro de malha fina que pode ser removido e limpo. Filtra\u00e7\u00e3o a 149 m\u00edcrons. Aplica\u00e7\u00e3o: Sistema de combust\u00edvel e lubrificante. TRA\u00c7O 6 - 9\/16 x 18 UNF\" \/>\n<meta property=\"og:url\" content=\"https:\/\/autobarbosa.com\/fr\/produto\/filtro-de-gasolina-oleo-dash-6-9-18unf\/\" \/>\n<meta property=\"og:site_name\" content=\"Oficina de manuten\u00e7\u00e3o e repara\u00e7\u00e3o de veiculos automoveis em S. Miguel, A\u00e7ores - Auto Barbosa\" \/>\n<meta property=\"article:publisher\" content=\"https:\/\/www.facebook.com\/autobarbosaoficina\" \/>\n<meta name=\"twitter:card\" content=\"summary_large_image\" \/>\n<script type=\"application\/ld+json\" class=\"yoast-schema-graph\">{\"@context\":\"https:\/\/schema.org\",\"@graph\":[{\"@type\":\"WebPage\",\"@id\":\"https:\/\/autobarbosa.com\/fr\/produto\/filtro-de-gasolina-oleo-dash-6-9-18unf\/\",\"url\":\"https:\/\/autobarbosa.com\/fr\/produto\/filtro-de-gasolina-oleo-dash-6-9-18unf\/\",\"name\":\"FILTRO DE GASOLINA \/ OLEO - DASH 6 - 9\/18UNF - Oficina de manuten\u00e7\u00e3o e repara\u00e7\u00e3o de veiculos automoveis em S. Miguel, A\u00e7ores - Auto Barbosa\",\"isPartOf\":{\"@id\":\"https:\/\/autobarbosa.com\/fr\/#website\"},\"datePublished\":\"2025-12-16T08:21:53+00:00\",\"dateModified\":\"2025-12-16T08:21:53+00:00\",\"breadcrumb\":{\"@id\":\"https:\/\/autobarbosa.com\/fr\/produto\/filtro-de-gasolina-oleo-dash-6-9-18unf\/#breadcrumb\"},\"inLanguage\":\"fr-FR\",\"potentialAction\":[{\"@type\":\"ReadAction\",\"target\":[\"https:\/\/autobarbosa.com\/fr\/produto\/filtro-de-gasolina-oleo-dash-6-9-18unf\/\"]}]},{\"@type\":\"BreadcrumbList\",\"@id\":\"https:\/\/autobarbosa.com\/fr\/produto\/filtro-de-gasolina-oleo-dash-6-9-18unf\/#breadcrumb\",\"itemListElement\":[{\"@type\":\"ListItem\",\"position\":1,\"name\":\"In\u00edcio\",\"item\":\"https:\/\/autobarbosa.com\/fr\/\"},{\"@type\":\"ListItem\",\"position\":2,\"name\":\"Loja\",\"item\":\"https:\/\/autobarbosa.com\/\"},{\"@type\":\"ListItem\",\"position\":3,\"name\":\"FILTRO DE GASOLINA \/ OLEO &#8211; DASH 6 &#8211; 9\/18UNF\"}]},{\"@type\":\"WebSite\",\"@id\":\"https:\/\/autobarbosa.com\/fr\/#website\",\"url\":\"https:\/\/autobarbosa.com\/fr\/\",\"name\":\"Oficina de manuten\u00e7\u00e3o e repara\u00e7\u00e3o de veiculos automoveis em S. Miguel, A\u00e7ores - Auto Barbosa\",\"description\":\"Auto Barbosa\",\"publisher\":{\"@id\":\"https:\/\/autobarbosa.com\/fr\/#organization\"},\"potentialAction\":[{\"@type\":\"SearchAction\",\"target\":{\"@type\":\"EntryPoint\",\"urlTemplate\":\"https:\/\/autobarbosa.com\/fr\/?s={search_term_string}\"},\"query-input\":\"required name=search_term_string\"}],\"inLanguage\":\"fr-FR\"},{\"@type\":\"Organization\",\"@id\":\"https:\/\/autobarbosa.com\/fr\/#organization\",\"name\":\"Oficina de manuten\u00e7\u00e3o e repara\u00e7\u00e3o de veiculos automoveis em S. Miguel, A\u00e7ores - Auto Barbosa\",\"url\":\"https:\/\/autobarbosa.com\/fr\/\",\"logo\":{\"@type\":\"ImageObject\",\"inLanguage\":\"fr-FR\",\"@id\":\"https:\/\/autobarbosa.com\/fr\/#\/schema\/logo\/image\/\",\"url\":\"https:\/\/autobarbosa.com\/wp-content\/uploads\/2023\/03\/AUTO-BARBOSA-LOGO-1-e1678715539111.png\",\"contentUrl\":\"https:\/\/autobarbosa.com\/wp-content\/uploads\/2023\/03\/AUTO-BARBOSA-LOGO-1-e1678715539111.png\",\"width\":3233,\"height\":3233,\"caption\":\"Oficina de manuten\u00e7\u00e3o e repara\u00e7\u00e3o de veiculos automoveis em S. Miguel, A\u00e7ores - Auto Barbosa\"},\"image\":{\"@id\":\"https:\/\/autobarbosa.com\/fr\/#\/schema\/logo\/image\/\"},\"sameAs\":[\"https:\/\/www.facebook.com\/autobarbosaoficina\",\"https:\/\/www.instagram.com\/autobarbosa.oficina\/\"]}]}<\/script>\n<!-- \/ Yoast SEO plugin. -->","yoast_head_json":{"title":"FILTRO DE GASOLINA \/ OLEO - DASH 6 - 9\/18UNF - Oficina de manuten\u00e7\u00e3o e repara\u00e7\u00e3o de veiculos automoveis em S. Miguel, A\u00e7ores - Auto Barbosa","robots":{"index":"index","follow":"follow","max-snippet":"max-snippet:-1","max-image-preview":"max-image-preview:large","max-video-preview":"max-video-preview:-1"},"canonical":"https:\/\/autobarbosa.com\/fr\/produto\/filtro-de-gasolina-oleo-dash-6-9-18unf\/","og_locale":"fr_FR","og_type":"article","og_title":"FILTRO DE GASOLINA \/ OLEO - DASH 6 - 9\/18UNF - Oficina de manuten\u00e7\u00e3o e repara\u00e7\u00e3o de veiculos automoveis em S. Miguel, A\u00e7ores - Auto Barbosa","og_description":"Filtro de \u00f3leo ou gasolina GOODRIDGE alum\u00ednio DASH 6 - 9\/16 UNF Filtro de tela remov\u00edvel, limp\u00e1vel, alta press\u00e3o. Este filtro possui um filtro de malha fina que pode ser removido e limpo. Filtra\u00e7\u00e3o a 149 m\u00edcrons. Aplica\u00e7\u00e3o: Sistema de combust\u00edvel e lubrificante. TRA\u00c7O 6 - 9\/16 x 18 UNF","og_url":"https:\/\/autobarbosa.com\/fr\/produto\/filtro-de-gasolina-oleo-dash-6-9-18unf\/","og_site_name":"Oficina de manuten\u00e7\u00e3o e repara\u00e7\u00e3o de veiculos automoveis em S. Miguel, A\u00e7ores - Auto Barbosa","article_publisher":"https:\/\/www.facebook.com\/autobarbosaoficina","twitter_card":"summary_large_image","schema":{"@context":"https:\/\/schema.org","@graph":[{"@type":"WebPage","@id":"https:\/\/autobarbosa.com\/fr\/produto\/filtro-de-gasolina-oleo-dash-6-9-18unf\/","url":"https:\/\/autobarbosa.com\/fr\/produto\/filtro-de-gasolina-oleo-dash-6-9-18unf\/","name":"FILTRO DE GASOLINA \/ OLEO - DASH 6 - 9\/18UNF - Oficina de manuten\u00e7\u00e3o e repara\u00e7\u00e3o de veiculos automoveis em S. Miguel, A\u00e7ores - Auto Barbosa","isPartOf":{"@id":"https:\/\/autobarbosa.com\/fr\/#website"},"datePublished":"2025-12-16T08:21:53+00:00","dateModified":"2025-12-16T08:21:53+00:00","breadcrumb":{"@id":"https:\/\/autobarbosa.com\/fr\/produto\/filtro-de-gasolina-oleo-dash-6-9-18unf\/#breadcrumb"},"inLanguage":"fr-FR","potentialAction":[{"@type":"ReadAction","target":["https:\/\/autobarbosa.com\/fr\/produto\/filtro-de-gasolina-oleo-dash-6-9-18unf\/"]}]},{"@type":"BreadcrumbList","@id":"https:\/\/autobarbosa.com\/fr\/produto\/filtro-de-gasolina-oleo-dash-6-9-18unf\/#breadcrumb","itemListElement":[{"@type":"ListItem","position":1,"name":"In\u00edcio","item":"https:\/\/autobarbosa.com\/fr\/"},{"@type":"ListItem","position":2,"name":"Loja","item":"https:\/\/autobarbosa.com\/"},{"@type":"ListItem","position":3,"name":"FILTRO DE GASOLINA \/ OLEO &#8211; DASH 6 &#8211; 9\/18UNF"}]},{"@type":"WebSite","@id":"https:\/\/autobarbosa.com\/fr\/#website","url":"https:\/\/autobarbosa.com\/fr\/","name":"Oficina de manuten\u00e7\u00e3o e repara\u00e7\u00e3o de veiculos automoveis em S. Miguel, A\u00e7ores - Auto Barbosa","description":"Auto Barbosa","publisher":{"@id":"https:\/\/autobarbosa.com\/fr\/#organization"},"potentialAction":[{"@type":"SearchAction","target":{"@type":"EntryPoint","urlTemplate":"https:\/\/autobarbosa.com\/fr\/?s={search_term_string}"},"query-input":"required name=search_term_string"}],"inLanguage":"fr-FR"},{"@type":"Organization","@id":"https:\/\/autobarbosa.com\/fr\/#organization","name":"Oficina de manuten\u00e7\u00e3o e repara\u00e7\u00e3o de veiculos automoveis em S. Miguel, A\u00e7ores - Auto Barbosa","url":"https:\/\/autobarbosa.com\/fr\/","logo":{"@type":"ImageObject","inLanguage":"fr-FR","@id":"https:\/\/autobarbosa.com\/fr\/#\/schema\/logo\/image\/","url":"https:\/\/autobarbosa.com\/wp-content\/uploads\/2023\/03\/AUTO-BARBOSA-LOGO-1-e1678715539111.png","contentUrl":"https:\/\/autobarbosa.com\/wp-content\/uploads\/2023\/03\/AUTO-BARBOSA-LOGO-1-e1678715539111.png","width":3233,"height":3233,"caption":"Oficina de manuten\u00e7\u00e3o e repara\u00e7\u00e3o de veiculos automoveis em S. Miguel, A\u00e7ores - Auto Barbosa"},"image":{"@id":"https:\/\/autobarbosa.com\/fr\/#\/schema\/logo\/image\/"},"sameAs":["https:\/\/www.facebook.com\/autobarbosaoficina","https:\/\/www.instagram.com\/autobarbosa.oficina\/"]}]}},"_links":{"self":[{"href":"https:\/\/autobarbosa.com\/fr\/wp-json\/wp\/v3\/product\/22671","targetHints":{"allow":["GET"]}}],"collection":[{"href":"https:\/\/autobarbosa.com\/fr\/wp-json\/wp\/v3\/product"}],"about":[{"href":"https:\/\/autobarbosa.com\/fr\/wp-json\/wp\/v2\/types\/product"}],"wp:attachment":[{"href":"https:\/\/autobarbosa.com\/fr\/wp-json\/wp\/v2\/media?parent=22671"}],"wp:term":[{"taxonomy":"product_cat","embeddable":true,"href":"https:\/\/autobarbosa.com\/fr\/wp-json\/wp\/v2\/product_cat?post=22671"},{"taxonomy":"product_tag","embeddable":true,"href":"https:\/\/autobarbosa.com\/fr\/wp-json\/wp\/v2\/product_tag?post=22671"},{"taxonomy":"marca","embeddable":true,"href":"https:\/\/autobarbosa.com\/fr\/wp-json\/wp\/v2\/marca?post=22671"}],"curies":[{"name":"wp","href":"https:\/\/api.w.org\/{rel}","templated":true}]}}