{"id":23031,"date":"2025-12-16T07:23:45","date_gmt":"2025-12-16T08:23:45","guid":{"rendered":"https:\/\/autobarbosa.com\/produto\/rotula-smg10x125-rosca-drt-macho\/"},"modified":"2025-12-16T07:23:45","modified_gmt":"2025-12-16T08:23:45","slug":"rotula-smg10x125-rosca-drt-macho","status":"publish","type":"product","link":"https:\/\/autobarbosa.com\/fr\/produto\/rotula-smg10x125-rosca-drt-macho\/","title":{"rendered":"ROTULA SMG10X125 ROSCA DRT &#8211; MACHO"},"content":{"rendered":"<p>Rotulas  esf\u00e9ricas macho padr\u00e3o UNIBAL SM\/SMG<br \/>\nExtremidades esf\u00e9ricas com manuten\u00e7\u00e3o de rosca direita.<\/p>\n<p>Contato deslizante:<br \/>\n&#8211; Espa\u00e7adores de lat\u00e3o ou bronze \/ Anel de a\u00e7o do rolamento<\/p>\n<p>Manuten\u00e7\u00e3o:<br \/>\n&#8211; Requer lubrifica\u00e7\u00e3o regular.<br \/>\n&#8211; Graxadeira integrada nas extremidades a partir do tamanho 8<\/p>\n<p>Caracter\u00edsticas dimensionais:<br \/>\n&#8211; Dispon\u00edvel do tamanho 2 ao 30<\/p>\n<p>Materiais<br \/>\nSuporte:<br \/>\n&#8211; Tamanho 2 a 12: a\u00e7o C35Pb (1.0502), zincado cromado azul<br \/>\n&#8211; Tamanho 14 a 30: a\u00e7o C35 (1.0501) , Anel zincado cromado azul<br \/>\n:<br \/>\n&#8211; Rolamento em a\u00e7o 100Cr6 (1.3505) temperado, cromado do tamanho 4 ao 20<\/p>\n<p>Vendido individualmente.<\/p>\n","protected":false},"excerpt":{"rendered":"<p>Rotulas  esf\u00e9ricas macho padr\u00e3o UNIBAL SM\/SMG<br \/>\nExtremidades esf\u00e9ricas com manuten\u00e7\u00e3o de rosca direita.<\/p>\n<p>Contato deslizante:<br \/>\n&#8211; Espa\u00e7adores de lat\u00e3o ou bronze \/ Anel de a\u00e7o do rolamento<\/p>\n<p>Manuten\u00e7\u00e3o:<br \/>\n&#8211; Requer lubrifica\u00e7\u00e3o regular.<br \/>\n&#8211; Graxadeira integrada nas extremidades a partir do tamanho 8<\/p>\n<p>Caracter\u00edsticas dimensionais:<br \/>\n&#8211; Dispon\u00edvel do tamanho 2 ao 30<\/p>\n<p>Materiais<br \/>\nSuporte:<br \/>\n&#8211; Tamanho 2 a 12: a\u00e7o C35Pb (1.0502), zincado cromado azul<br \/>\n&#8211; Tamanho 14 a 30: a\u00e7o C35 (1.0501) , Anel zincado cromado azul<br \/>\n:<br \/>\n&#8211; Rolamento em a\u00e7o 100Cr6 (1.3505) temperado, cromado do tamanho 4 ao 20<\/p>\n<p>Vendido individualmente.<\/p>\n","protected":false},"featured_media":0,"template":"","meta":[],"product_cat":[570],"product_tag":[],"marca":[275],"class_list":["post-23031","product","type-product","status-publish","hentry","product_cat-rotulas-cardan","marca-uniball"],"yoast_head":"<!-- This site is optimized with the Yoast SEO plugin v20.5 - https:\/\/yoast.com\/wordpress\/plugins\/seo\/ -->\n<title>ROTULA SMG10X125 ROSCA DRT - MACHO - Oficina de manuten\u00e7\u00e3o e repara\u00e7\u00e3o de veiculos automoveis em S. Miguel, A\u00e7ores - Auto Barbosa<\/title>\n<meta name=\"robots\" content=\"index, follow, max-snippet:-1, max-image-preview:large, max-video-preview:-1\" \/>\n<link rel=\"canonical\" href=\"https:\/\/autobarbosa.com\/fr\/produto\/rotula-smg10x125-rosca-drt-macho\/\" \/>\n<meta property=\"og:locale\" content=\"fr_FR\" \/>\n<meta property=\"og:type\" content=\"article\" \/>\n<meta property=\"og:title\" content=\"ROTULA SMG10X125 ROSCA DRT - MACHO - Oficina de manuten\u00e7\u00e3o e repara\u00e7\u00e3o de veiculos automoveis em S. Miguel, A\u00e7ores - Auto Barbosa\" \/>\n<meta property=\"og:description\" content=\"Rotulas esf\u00e9ricas macho padr\u00e3o UNIBAL SM\/SMG Extremidades esf\u00e9ricas com manuten\u00e7\u00e3o de rosca direita.  Contato deslizante: - Espa\u00e7adores de lat\u00e3o ou bronze \/ Anel de a\u00e7o do rolamento  Manuten\u00e7\u00e3o: - Requer lubrifica\u00e7\u00e3o regular. - Graxadeira integrada nas extremidades a partir do tamanho 8  Caracter\u00edsticas dimensionais: - Dispon\u00edvel do tamanho 2 ao 30  Materiais Suporte: - Tamanho 2 a 12: a\u00e7o C35Pb (1.0502), zincado cromado azul - Tamanho 14 a 30: a\u00e7o C35 (1.0501) , Anel zincado cromado azul : - Rolamento em a\u00e7o 100Cr6 (1.3505) temperado, cromado do tamanho 4 ao 20  Vendido individualmente.\" \/>\n<meta property=\"og:url\" content=\"https:\/\/autobarbosa.com\/fr\/produto\/rotula-smg10x125-rosca-drt-macho\/\" \/>\n<meta property=\"og:site_name\" content=\"Oficina de manuten\u00e7\u00e3o e repara\u00e7\u00e3o de veiculos automoveis em S. Miguel, A\u00e7ores - Auto Barbosa\" \/>\n<meta property=\"article:publisher\" content=\"https:\/\/www.facebook.com\/autobarbosaoficina\" \/>\n<meta name=\"twitter:card\" content=\"summary_large_image\" \/>\n<script type=\"application\/ld+json\" class=\"yoast-schema-graph\">{\"@context\":\"https:\/\/schema.org\",\"@graph\":[{\"@type\":\"WebPage\",\"@id\":\"https:\/\/autobarbosa.com\/fr\/produto\/rotula-smg10x125-rosca-drt-macho\/\",\"url\":\"https:\/\/autobarbosa.com\/fr\/produto\/rotula-smg10x125-rosca-drt-macho\/\",\"name\":\"ROTULA SMG10X125 ROSCA DRT - MACHO - Oficina de manuten\u00e7\u00e3o e repara\u00e7\u00e3o de veiculos automoveis em S. Miguel, A\u00e7ores - Auto Barbosa\",\"isPartOf\":{\"@id\":\"https:\/\/autobarbosa.com\/fr\/#website\"},\"datePublished\":\"2025-12-16T08:23:45+00:00\",\"dateModified\":\"2025-12-16T08:23:45+00:00\",\"breadcrumb\":{\"@id\":\"https:\/\/autobarbosa.com\/fr\/produto\/rotula-smg10x125-rosca-drt-macho\/#breadcrumb\"},\"inLanguage\":\"fr-FR\",\"potentialAction\":[{\"@type\":\"ReadAction\",\"target\":[\"https:\/\/autobarbosa.com\/fr\/produto\/rotula-smg10x125-rosca-drt-macho\/\"]}]},{\"@type\":\"BreadcrumbList\",\"@id\":\"https:\/\/autobarbosa.com\/fr\/produto\/rotula-smg10x125-rosca-drt-macho\/#breadcrumb\",\"itemListElement\":[{\"@type\":\"ListItem\",\"position\":1,\"name\":\"In\u00edcio\",\"item\":\"https:\/\/autobarbosa.com\/fr\/\"},{\"@type\":\"ListItem\",\"position\":2,\"name\":\"Loja\",\"item\":\"https:\/\/autobarbosa.com\/\"},{\"@type\":\"ListItem\",\"position\":3,\"name\":\"ROTULA SMG10X125 ROSCA DRT &#8211; MACHO\"}]},{\"@type\":\"WebSite\",\"@id\":\"https:\/\/autobarbosa.com\/fr\/#website\",\"url\":\"https:\/\/autobarbosa.com\/fr\/\",\"name\":\"Oficina de manuten\u00e7\u00e3o e repara\u00e7\u00e3o de veiculos automoveis em S. Miguel, A\u00e7ores - Auto Barbosa\",\"description\":\"Auto Barbosa\",\"publisher\":{\"@id\":\"https:\/\/autobarbosa.com\/fr\/#organization\"},\"potentialAction\":[{\"@type\":\"SearchAction\",\"target\":{\"@type\":\"EntryPoint\",\"urlTemplate\":\"https:\/\/autobarbosa.com\/fr\/?s={search_term_string}\"},\"query-input\":\"required name=search_term_string\"}],\"inLanguage\":\"fr-FR\"},{\"@type\":\"Organization\",\"@id\":\"https:\/\/autobarbosa.com\/fr\/#organization\",\"name\":\"Oficina de manuten\u00e7\u00e3o e repara\u00e7\u00e3o de veiculos automoveis em S. Miguel, A\u00e7ores - Auto Barbosa\",\"url\":\"https:\/\/autobarbosa.com\/fr\/\",\"logo\":{\"@type\":\"ImageObject\",\"inLanguage\":\"fr-FR\",\"@id\":\"https:\/\/autobarbosa.com\/fr\/#\/schema\/logo\/image\/\",\"url\":\"https:\/\/autobarbosa.com\/wp-content\/uploads\/2023\/03\/AUTO-BARBOSA-LOGO-1-e1678715539111.png\",\"contentUrl\":\"https:\/\/autobarbosa.com\/wp-content\/uploads\/2023\/03\/AUTO-BARBOSA-LOGO-1-e1678715539111.png\",\"width\":3233,\"height\":3233,\"caption\":\"Oficina de manuten\u00e7\u00e3o e repara\u00e7\u00e3o de veiculos automoveis em S. Miguel, A\u00e7ores - Auto Barbosa\"},\"image\":{\"@id\":\"https:\/\/autobarbosa.com\/fr\/#\/schema\/logo\/image\/\"},\"sameAs\":[\"https:\/\/www.facebook.com\/autobarbosaoficina\",\"https:\/\/www.instagram.com\/autobarbosa.oficina\/\"]}]}<\/script>\n<!-- \/ Yoast SEO plugin. -->","yoast_head_json":{"title":"ROTULA SMG10X125 ROSCA DRT - MACHO - Oficina de manuten\u00e7\u00e3o e repara\u00e7\u00e3o de veiculos automoveis em S. Miguel, A\u00e7ores - Auto Barbosa","robots":{"index":"index","follow":"follow","max-snippet":"max-snippet:-1","max-image-preview":"max-image-preview:large","max-video-preview":"max-video-preview:-1"},"canonical":"https:\/\/autobarbosa.com\/fr\/produto\/rotula-smg10x125-rosca-drt-macho\/","og_locale":"fr_FR","og_type":"article","og_title":"ROTULA SMG10X125 ROSCA DRT - MACHO - Oficina de manuten\u00e7\u00e3o e repara\u00e7\u00e3o de veiculos automoveis em S. Miguel, A\u00e7ores - Auto Barbosa","og_description":"Rotulas esf\u00e9ricas macho padr\u00e3o UNIBAL SM\/SMG Extremidades esf\u00e9ricas com manuten\u00e7\u00e3o de rosca direita.  Contato deslizante: - Espa\u00e7adores de lat\u00e3o ou bronze \/ Anel de a\u00e7o do rolamento  Manuten\u00e7\u00e3o: - Requer lubrifica\u00e7\u00e3o regular. - Graxadeira integrada nas extremidades a partir do tamanho 8  Caracter\u00edsticas dimensionais: - Dispon\u00edvel do tamanho 2 ao 30  Materiais Suporte: - Tamanho 2 a 12: a\u00e7o C35Pb (1.0502), zincado cromado azul - Tamanho 14 a 30: a\u00e7o C35 (1.0501) , Anel zincado cromado azul : - Rolamento em a\u00e7o 100Cr6 (1.3505) temperado, cromado do tamanho 4 ao 20  Vendido individualmente.","og_url":"https:\/\/autobarbosa.com\/fr\/produto\/rotula-smg10x125-rosca-drt-macho\/","og_site_name":"Oficina de manuten\u00e7\u00e3o e repara\u00e7\u00e3o de veiculos automoveis em S. Miguel, A\u00e7ores - Auto Barbosa","article_publisher":"https:\/\/www.facebook.com\/autobarbosaoficina","twitter_card":"summary_large_image","schema":{"@context":"https:\/\/schema.org","@graph":[{"@type":"WebPage","@id":"https:\/\/autobarbosa.com\/fr\/produto\/rotula-smg10x125-rosca-drt-macho\/","url":"https:\/\/autobarbosa.com\/fr\/produto\/rotula-smg10x125-rosca-drt-macho\/","name":"ROTULA SMG10X125 ROSCA DRT - MACHO - Oficina de manuten\u00e7\u00e3o e repara\u00e7\u00e3o de veiculos automoveis em S. Miguel, A\u00e7ores - Auto Barbosa","isPartOf":{"@id":"https:\/\/autobarbosa.com\/fr\/#website"},"datePublished":"2025-12-16T08:23:45+00:00","dateModified":"2025-12-16T08:23:45+00:00","breadcrumb":{"@id":"https:\/\/autobarbosa.com\/fr\/produto\/rotula-smg10x125-rosca-drt-macho\/#breadcrumb"},"inLanguage":"fr-FR","potentialAction":[{"@type":"ReadAction","target":["https:\/\/autobarbosa.com\/fr\/produto\/rotula-smg10x125-rosca-drt-macho\/"]}]},{"@type":"BreadcrumbList","@id":"https:\/\/autobarbosa.com\/fr\/produto\/rotula-smg10x125-rosca-drt-macho\/#breadcrumb","itemListElement":[{"@type":"ListItem","position":1,"name":"In\u00edcio","item":"https:\/\/autobarbosa.com\/fr\/"},{"@type":"ListItem","position":2,"name":"Loja","item":"https:\/\/autobarbosa.com\/"},{"@type":"ListItem","position":3,"name":"ROTULA SMG10X125 ROSCA DRT &#8211; MACHO"}]},{"@type":"WebSite","@id":"https:\/\/autobarbosa.com\/fr\/#website","url":"https:\/\/autobarbosa.com\/fr\/","name":"Oficina de manuten\u00e7\u00e3o e repara\u00e7\u00e3o de veiculos automoveis em S. Miguel, A\u00e7ores - Auto Barbosa","description":"Auto Barbosa","publisher":{"@id":"https:\/\/autobarbosa.com\/fr\/#organization"},"potentialAction":[{"@type":"SearchAction","target":{"@type":"EntryPoint","urlTemplate":"https:\/\/autobarbosa.com\/fr\/?s={search_term_string}"},"query-input":"required name=search_term_string"}],"inLanguage":"fr-FR"},{"@type":"Organization","@id":"https:\/\/autobarbosa.com\/fr\/#organization","name":"Oficina de manuten\u00e7\u00e3o e repara\u00e7\u00e3o de veiculos automoveis em S. Miguel, A\u00e7ores - Auto Barbosa","url":"https:\/\/autobarbosa.com\/fr\/","logo":{"@type":"ImageObject","inLanguage":"fr-FR","@id":"https:\/\/autobarbosa.com\/fr\/#\/schema\/logo\/image\/","url":"https:\/\/autobarbosa.com\/wp-content\/uploads\/2023\/03\/AUTO-BARBOSA-LOGO-1-e1678715539111.png","contentUrl":"https:\/\/autobarbosa.com\/wp-content\/uploads\/2023\/03\/AUTO-BARBOSA-LOGO-1-e1678715539111.png","width":3233,"height":3233,"caption":"Oficina de manuten\u00e7\u00e3o e repara\u00e7\u00e3o de veiculos automoveis em S. Miguel, A\u00e7ores - Auto Barbosa"},"image":{"@id":"https:\/\/autobarbosa.com\/fr\/#\/schema\/logo\/image\/"},"sameAs":["https:\/\/www.facebook.com\/autobarbosaoficina","https:\/\/www.instagram.com\/autobarbosa.oficina\/"]}]}},"_links":{"self":[{"href":"https:\/\/autobarbosa.com\/fr\/wp-json\/wp\/v3\/product\/23031","targetHints":{"allow":["GET"]}}],"collection":[{"href":"https:\/\/autobarbosa.com\/fr\/wp-json\/wp\/v3\/product"}],"about":[{"href":"https:\/\/autobarbosa.com\/fr\/wp-json\/wp\/v2\/types\/product"}],"wp:attachment":[{"href":"https:\/\/autobarbosa.com\/fr\/wp-json\/wp\/v2\/media?parent=23031"}],"wp:term":[{"taxonomy":"product_cat","embeddable":true,"href":"https:\/\/autobarbosa.com\/fr\/wp-json\/wp\/v2\/product_cat?post=23031"},{"taxonomy":"product_tag","embeddable":true,"href":"https:\/\/autobarbosa.com\/fr\/wp-json\/wp\/v2\/product_tag?post=23031"},{"taxonomy":"marca","embeddable":true,"href":"https:\/\/autobarbosa.com\/fr\/wp-json\/wp\/v2\/marca?post=23031"}],"curies":[{"name":"wp","href":"https:\/\/api.w.org\/{rel}","templated":true}]}}