{"id":23119,"date":"2025-12-16T07:24:09","date_gmt":"2025-12-16T08:24:09","guid":{"rendered":"https:\/\/autobarbosa.com\/produto\/oleo-travoes-castrol-srf-racing\/"},"modified":"2025-12-16T07:24:09","modified_gmt":"2025-12-16T08:24:09","slug":"oleo-travoes-castrol-srf-racing","status":"publish","type":"product","link":"https:\/\/autobarbosa.com\/fr\/produto\/oleo-travoes-castrol-srf-racing\/","title":{"rendered":"OLEO TRAVOES CASTROL SRF RACING"},"content":{"rendered":"<p>Fluido de freio n\u00e3o misc\u00edvel CASTROL React SRF Racing DOT4 1L<\/p>\n<p>Fluido de freio sint\u00e9tico com desempenho muito alto, ideal para as exig\u00eancias extremas do automobilismo.<br \/>\nO React SRF Racing beneficia de uma f\u00f3rmula \u00fanica e patenteada com aditivos selecionados para proporcionar a m\u00e1xima efici\u00eancia em condi\u00e7\u00f5es extremas.<br \/>\nPontos de ebuli\u00e7\u00e3o extremamente altos fornecem m\u00e1xima seguran\u00e7a de frenagem.<br \/>\nFluido de freio adequado para todos os tipos de sistemas de freio a disco e tambor.<br \/>\nCompatibilidade ideal com todos os materiais utilizados em sistemas de freio.<br \/>\nEste fluido de freio n\u00e3o deve ser misturado com outros fluidos de freio para reter todas essas capacidades.<br \/>\nAconselhamos que voc\u00ea deixe o sistema de freio n\u00e3o mais do que 18 meses para que suas capacidades excepcionais n\u00e3o se degradem.<br \/>\nN\u00e3o \u00e9 adequado para sistemas que requerem fluido hidr\u00e1ulico mineral.<\/p>\n<p>Caracter\u00edsticas:<br \/>\n&#8211; Ponto de ebuli\u00e7\u00e3o seco: 310\u00b0C.<br \/>\n&#8211; Ponto de ebuli\u00e7\u00e3o \u00famido: 270\u00b0C.<br \/>\n&#8211; Viscosidade a -40\u00b0C (-40\u00b0F) 1.300 mm\u00b2\/s.<br \/>\n&#8211; Viscosidade a 100\u00b0C (212\u00b0F) 3,5 mm\u00b2\/s.<br \/>\n&#8211; Recipiente de 1L.<\/p>\n","protected":false},"excerpt":{"rendered":"<p>Fluido de freio n\u00e3o misc\u00edvel CASTROL React SRF Racing DOT4 1L<\/p>\n<p>Fluido de freio sint\u00e9tico com desempenho muito alto, ideal para as exig\u00eancias extremas do automobilismo.<br \/>\nO React SRF Racing beneficia de uma f\u00f3rmula \u00fanica e patenteada com aditivos selecionados para proporcionar a m\u00e1xima efici\u00eancia em condi\u00e7\u00f5es extremas.<br \/>\nPontos de ebuli\u00e7\u00e3o extremamente altos fornecem m\u00e1xima seguran\u00e7a de frenagem.<br \/>\nFluido de freio adequado para todos os tipos de sistemas de freio a disco e tambor.<br \/>\nCompatibilidade ideal com todos os materiais utilizados em sistemas de freio.<br \/>\nEste fluido de freio n\u00e3o deve ser misturado com outros fluidos de freio para reter todas essas capacidades.<br \/>\nAconselhamos que voc\u00ea deixe o sistema de freio n\u00e3o mais do que 18 meses para que suas capacidades excepcionais n\u00e3o se degradem.<br \/>\nN\u00e3o \u00e9 adequado para sistemas que requerem fluido hidr\u00e1ulico mineral.<\/p>\n<p>Caracter\u00edsticas:<br \/>\n&#8211; Ponto de ebuli\u00e7\u00e3o seco: 310\u00b0C.<br \/>\n&#8211; Ponto de ebuli\u00e7\u00e3o \u00famido: 270\u00b0C.<br \/>\n&#8211; Viscosidade a -40\u00b0C (-40\u00b0F) 1.300 mm\u00b2\/s.<br \/>\n&#8211; Viscosidade a 100\u00b0C (212\u00b0F) 3,5 mm\u00b2\/s.<br \/>\n&#8211; Recipiente de 1L.<\/p>\n","protected":false},"featured_media":0,"template":"","meta":[],"product_cat":[849],"product_tag":[],"marca":[126],"class_list":["post-23119","product","type-product","status-publish","hentry","product_cat-oleos","marca-castrol"],"yoast_head":"<!-- This site is optimized with the Yoast SEO plugin v20.5 - https:\/\/yoast.com\/wordpress\/plugins\/seo\/ -->\n<title>OLEO TRAVOES CASTROL SRF RACING - Oficina de manuten\u00e7\u00e3o e repara\u00e7\u00e3o de veiculos automoveis em S. Miguel, A\u00e7ores - Auto Barbosa<\/title>\n<meta name=\"robots\" content=\"index, follow, max-snippet:-1, max-image-preview:large, max-video-preview:-1\" \/>\n<link rel=\"canonical\" href=\"https:\/\/autobarbosa.com\/fr\/produto\/oleo-travoes-castrol-srf-racing\/\" \/>\n<meta property=\"og:locale\" content=\"fr_FR\" \/>\n<meta property=\"og:type\" content=\"article\" \/>\n<meta property=\"og:title\" content=\"OLEO TRAVOES CASTROL SRF RACING - Oficina de manuten\u00e7\u00e3o e repara\u00e7\u00e3o de veiculos automoveis em S. Miguel, A\u00e7ores - Auto Barbosa\" \/>\n<meta property=\"og:description\" content=\"Fluido de freio n\u00e3o misc\u00edvel CASTROL React SRF Racing DOT4 1L  Fluido de freio sint\u00e9tico com desempenho muito alto, ideal para as exig\u00eancias extremas do automobilismo. O React SRF Racing beneficia de uma f\u00f3rmula \u00fanica e patenteada com aditivos selecionados para proporcionar a m\u00e1xima efici\u00eancia em condi\u00e7\u00f5es extremas. Pontos de ebuli\u00e7\u00e3o extremamente altos fornecem m\u00e1xima seguran\u00e7a de frenagem. Fluido de freio adequado para todos os tipos de sistemas de freio a disco e tambor. Compatibilidade ideal com todos os materiais utilizados em sistemas de freio. Este fluido de freio n\u00e3o deve ser misturado com outros fluidos de freio para reter todas essas capacidades. Aconselhamos que voc\u00ea deixe o sistema de freio n\u00e3o mais do que 18 meses para que suas capacidades excepcionais n\u00e3o se degradem. N\u00e3o \u00e9 adequado para sistemas que requerem fluido hidr\u00e1ulico mineral.  Caracter\u00edsticas: - Ponto de ebuli\u00e7\u00e3o seco: 310\u00b0C. - Ponto de ebuli\u00e7\u00e3o \u00famido: 270\u00b0C. - Viscosidade a -40\u00b0C (-40\u00b0F) 1.300 mm\u00b2\/s. - Viscosidade a 100\u00b0C (212\u00b0F) 3,5 mm\u00b2\/s. - Recipiente de 1L.\" \/>\n<meta property=\"og:url\" content=\"https:\/\/autobarbosa.com\/fr\/produto\/oleo-travoes-castrol-srf-racing\/\" \/>\n<meta property=\"og:site_name\" content=\"Oficina de manuten\u00e7\u00e3o e repara\u00e7\u00e3o de veiculos automoveis em S. Miguel, A\u00e7ores - Auto Barbosa\" \/>\n<meta property=\"article:publisher\" content=\"https:\/\/www.facebook.com\/autobarbosaoficina\" \/>\n<meta name=\"twitter:card\" content=\"summary_large_image\" \/>\n<meta name=\"twitter:label1\" content=\"Dur\u00e9e de lecture estim\u00e9e\" \/>\n\t<meta name=\"twitter:data1\" content=\"1 minute\" \/>\n<script type=\"application\/ld+json\" class=\"yoast-schema-graph\">{\"@context\":\"https:\/\/schema.org\",\"@graph\":[{\"@type\":\"WebPage\",\"@id\":\"https:\/\/autobarbosa.com\/fr\/produto\/oleo-travoes-castrol-srf-racing\/\",\"url\":\"https:\/\/autobarbosa.com\/fr\/produto\/oleo-travoes-castrol-srf-racing\/\",\"name\":\"OLEO TRAVOES CASTROL SRF RACING - Oficina de manuten\u00e7\u00e3o e repara\u00e7\u00e3o de veiculos automoveis em S. Miguel, A\u00e7ores - Auto Barbosa\",\"isPartOf\":{\"@id\":\"https:\/\/autobarbosa.com\/fr\/#website\"},\"datePublished\":\"2025-12-16T08:24:09+00:00\",\"dateModified\":\"2025-12-16T08:24:09+00:00\",\"breadcrumb\":{\"@id\":\"https:\/\/autobarbosa.com\/fr\/produto\/oleo-travoes-castrol-srf-racing\/#breadcrumb\"},\"inLanguage\":\"fr-FR\",\"potentialAction\":[{\"@type\":\"ReadAction\",\"target\":[\"https:\/\/autobarbosa.com\/fr\/produto\/oleo-travoes-castrol-srf-racing\/\"]}]},{\"@type\":\"BreadcrumbList\",\"@id\":\"https:\/\/autobarbosa.com\/fr\/produto\/oleo-travoes-castrol-srf-racing\/#breadcrumb\",\"itemListElement\":[{\"@type\":\"ListItem\",\"position\":1,\"name\":\"In\u00edcio\",\"item\":\"https:\/\/autobarbosa.com\/fr\/\"},{\"@type\":\"ListItem\",\"position\":2,\"name\":\"Loja\",\"item\":\"https:\/\/autobarbosa.com\/\"},{\"@type\":\"ListItem\",\"position\":3,\"name\":\"OLEO TRAVOES CASTROL SRF RACING\"}]},{\"@type\":\"WebSite\",\"@id\":\"https:\/\/autobarbosa.com\/fr\/#website\",\"url\":\"https:\/\/autobarbosa.com\/fr\/\",\"name\":\"Oficina de manuten\u00e7\u00e3o e repara\u00e7\u00e3o de veiculos automoveis em S. Miguel, A\u00e7ores - Auto Barbosa\",\"description\":\"Auto Barbosa\",\"publisher\":{\"@id\":\"https:\/\/autobarbosa.com\/fr\/#organization\"},\"potentialAction\":[{\"@type\":\"SearchAction\",\"target\":{\"@type\":\"EntryPoint\",\"urlTemplate\":\"https:\/\/autobarbosa.com\/fr\/?s={search_term_string}\"},\"query-input\":\"required name=search_term_string\"}],\"inLanguage\":\"fr-FR\"},{\"@type\":\"Organization\",\"@id\":\"https:\/\/autobarbosa.com\/fr\/#organization\",\"name\":\"Oficina de manuten\u00e7\u00e3o e repara\u00e7\u00e3o de veiculos automoveis em S. Miguel, A\u00e7ores - Auto Barbosa\",\"url\":\"https:\/\/autobarbosa.com\/fr\/\",\"logo\":{\"@type\":\"ImageObject\",\"inLanguage\":\"fr-FR\",\"@id\":\"https:\/\/autobarbosa.com\/fr\/#\/schema\/logo\/image\/\",\"url\":\"https:\/\/autobarbosa.com\/wp-content\/uploads\/2023\/03\/AUTO-BARBOSA-LOGO-1-e1678715539111.png\",\"contentUrl\":\"https:\/\/autobarbosa.com\/wp-content\/uploads\/2023\/03\/AUTO-BARBOSA-LOGO-1-e1678715539111.png\",\"width\":3233,\"height\":3233,\"caption\":\"Oficina de manuten\u00e7\u00e3o e repara\u00e7\u00e3o de veiculos automoveis em S. Miguel, A\u00e7ores - Auto Barbosa\"},\"image\":{\"@id\":\"https:\/\/autobarbosa.com\/fr\/#\/schema\/logo\/image\/\"},\"sameAs\":[\"https:\/\/www.facebook.com\/autobarbosaoficina\",\"https:\/\/www.instagram.com\/autobarbosa.oficina\/\"]}]}<\/script>\n<!-- \/ Yoast SEO plugin. -->","yoast_head_json":{"title":"OLEO TRAVOES CASTROL SRF RACING - Oficina de manuten\u00e7\u00e3o e repara\u00e7\u00e3o de veiculos automoveis em S. Miguel, A\u00e7ores - Auto Barbosa","robots":{"index":"index","follow":"follow","max-snippet":"max-snippet:-1","max-image-preview":"max-image-preview:large","max-video-preview":"max-video-preview:-1"},"canonical":"https:\/\/autobarbosa.com\/fr\/produto\/oleo-travoes-castrol-srf-racing\/","og_locale":"fr_FR","og_type":"article","og_title":"OLEO TRAVOES CASTROL SRF RACING - Oficina de manuten\u00e7\u00e3o e repara\u00e7\u00e3o de veiculos automoveis em S. Miguel, A\u00e7ores - Auto Barbosa","og_description":"Fluido de freio n\u00e3o misc\u00edvel CASTROL React SRF Racing DOT4 1L  Fluido de freio sint\u00e9tico com desempenho muito alto, ideal para as exig\u00eancias extremas do automobilismo. O React SRF Racing beneficia de uma f\u00f3rmula \u00fanica e patenteada com aditivos selecionados para proporcionar a m\u00e1xima efici\u00eancia em condi\u00e7\u00f5es extremas. Pontos de ebuli\u00e7\u00e3o extremamente altos fornecem m\u00e1xima seguran\u00e7a de frenagem. Fluido de freio adequado para todos os tipos de sistemas de freio a disco e tambor. Compatibilidade ideal com todos os materiais utilizados em sistemas de freio. Este fluido de freio n\u00e3o deve ser misturado com outros fluidos de freio para reter todas essas capacidades. Aconselhamos que voc\u00ea deixe o sistema de freio n\u00e3o mais do que 18 meses para que suas capacidades excepcionais n\u00e3o se degradem. N\u00e3o \u00e9 adequado para sistemas que requerem fluido hidr\u00e1ulico mineral.  Caracter\u00edsticas: - Ponto de ebuli\u00e7\u00e3o seco: 310\u00b0C. - Ponto de ebuli\u00e7\u00e3o \u00famido: 270\u00b0C. - Viscosidade a -40\u00b0C (-40\u00b0F) 1.300 mm\u00b2\/s. - Viscosidade a 100\u00b0C (212\u00b0F) 3,5 mm\u00b2\/s. - Recipiente de 1L.","og_url":"https:\/\/autobarbosa.com\/fr\/produto\/oleo-travoes-castrol-srf-racing\/","og_site_name":"Oficina de manuten\u00e7\u00e3o e repara\u00e7\u00e3o de veiculos automoveis em S. Miguel, A\u00e7ores - Auto Barbosa","article_publisher":"https:\/\/www.facebook.com\/autobarbosaoficina","twitter_card":"summary_large_image","twitter_misc":{"Dur\u00e9e de lecture estim\u00e9e":"1 minute"},"schema":{"@context":"https:\/\/schema.org","@graph":[{"@type":"WebPage","@id":"https:\/\/autobarbosa.com\/fr\/produto\/oleo-travoes-castrol-srf-racing\/","url":"https:\/\/autobarbosa.com\/fr\/produto\/oleo-travoes-castrol-srf-racing\/","name":"OLEO TRAVOES CASTROL SRF RACING - Oficina de manuten\u00e7\u00e3o e repara\u00e7\u00e3o de veiculos automoveis em S. Miguel, A\u00e7ores - Auto Barbosa","isPartOf":{"@id":"https:\/\/autobarbosa.com\/fr\/#website"},"datePublished":"2025-12-16T08:24:09+00:00","dateModified":"2025-12-16T08:24:09+00:00","breadcrumb":{"@id":"https:\/\/autobarbosa.com\/fr\/produto\/oleo-travoes-castrol-srf-racing\/#breadcrumb"},"inLanguage":"fr-FR","potentialAction":[{"@type":"ReadAction","target":["https:\/\/autobarbosa.com\/fr\/produto\/oleo-travoes-castrol-srf-racing\/"]}]},{"@type":"BreadcrumbList","@id":"https:\/\/autobarbosa.com\/fr\/produto\/oleo-travoes-castrol-srf-racing\/#breadcrumb","itemListElement":[{"@type":"ListItem","position":1,"name":"In\u00edcio","item":"https:\/\/autobarbosa.com\/fr\/"},{"@type":"ListItem","position":2,"name":"Loja","item":"https:\/\/autobarbosa.com\/"},{"@type":"ListItem","position":3,"name":"OLEO TRAVOES CASTROL SRF RACING"}]},{"@type":"WebSite","@id":"https:\/\/autobarbosa.com\/fr\/#website","url":"https:\/\/autobarbosa.com\/fr\/","name":"Oficina de manuten\u00e7\u00e3o e repara\u00e7\u00e3o de veiculos automoveis em S. Miguel, A\u00e7ores - Auto Barbosa","description":"Auto Barbosa","publisher":{"@id":"https:\/\/autobarbosa.com\/fr\/#organization"},"potentialAction":[{"@type":"SearchAction","target":{"@type":"EntryPoint","urlTemplate":"https:\/\/autobarbosa.com\/fr\/?s={search_term_string}"},"query-input":"required name=search_term_string"}],"inLanguage":"fr-FR"},{"@type":"Organization","@id":"https:\/\/autobarbosa.com\/fr\/#organization","name":"Oficina de manuten\u00e7\u00e3o e repara\u00e7\u00e3o de veiculos automoveis em S. Miguel, A\u00e7ores - Auto Barbosa","url":"https:\/\/autobarbosa.com\/fr\/","logo":{"@type":"ImageObject","inLanguage":"fr-FR","@id":"https:\/\/autobarbosa.com\/fr\/#\/schema\/logo\/image\/","url":"https:\/\/autobarbosa.com\/wp-content\/uploads\/2023\/03\/AUTO-BARBOSA-LOGO-1-e1678715539111.png","contentUrl":"https:\/\/autobarbosa.com\/wp-content\/uploads\/2023\/03\/AUTO-BARBOSA-LOGO-1-e1678715539111.png","width":3233,"height":3233,"caption":"Oficina de manuten\u00e7\u00e3o e repara\u00e7\u00e3o de veiculos automoveis em S. Miguel, A\u00e7ores - Auto Barbosa"},"image":{"@id":"https:\/\/autobarbosa.com\/fr\/#\/schema\/logo\/image\/"},"sameAs":["https:\/\/www.facebook.com\/autobarbosaoficina","https:\/\/www.instagram.com\/autobarbosa.oficina\/"]}]}},"_links":{"self":[{"href":"https:\/\/autobarbosa.com\/fr\/wp-json\/wp\/v3\/product\/23119","targetHints":{"allow":["GET"]}}],"collection":[{"href":"https:\/\/autobarbosa.com\/fr\/wp-json\/wp\/v3\/product"}],"about":[{"href":"https:\/\/autobarbosa.com\/fr\/wp-json\/wp\/v2\/types\/product"}],"wp:attachment":[{"href":"https:\/\/autobarbosa.com\/fr\/wp-json\/wp\/v2\/media?parent=23119"}],"wp:term":[{"taxonomy":"product_cat","embeddable":true,"href":"https:\/\/autobarbosa.com\/fr\/wp-json\/wp\/v2\/product_cat?post=23119"},{"taxonomy":"product_tag","embeddable":true,"href":"https:\/\/autobarbosa.com\/fr\/wp-json\/wp\/v2\/product_tag?post=23119"},{"taxonomy":"marca","embeddable":true,"href":"https:\/\/autobarbosa.com\/fr\/wp-json\/wp\/v2\/marca?post=23119"}],"curies":[{"name":"wp","href":"https:\/\/api.w.org\/{rel}","templated":true}]}}