{"id":23421,"date":"2026-01-09T19:20:28","date_gmt":"2026-01-09T20:20:28","guid":{"rendered":"https:\/\/autobarbosa.com\/produto\/centralina-stilo-wrc-dg20-c-conector-macho\/"},"modified":"2026-01-09T19:20:28","modified_gmt":"2026-01-09T20:20:28","slug":"centralina-stilo-wrc-dg20-c-conector-macho","status":"publish","type":"product","link":"https:\/\/autobarbosa.com\/fr\/produto\/centralina-stilo-wrc-dg20-c-conector-macho\/","title":{"rendered":"CENTRALINA STILO WRC DG20 C\/ CONECTOR MACHO"},"content":{"rendered":"<p>R\u00e1dio STILO DG 20 com conector macho.<\/p>\n<p>Gra\u00e7as a um processador mais potente, o r\u00e1dio DG-20 processa sinais em tempo real, permitindo o uso de algoritmos avan\u00e7ados para um cancelamento de ru\u00eddo digital ainda mais eficaz.<\/p>\n<p>\ufeff\ufeff- Cancelamento de ru\u00eddo ativo EVO com processamento em tempo real.<br \/>\n&#8211; Filtro digital duplo com configura\u00e7\u00f5es independentes para o motorista e o passageiro.<br \/>\n&#8211; Bluetooth integrado para conex\u00e3o com celular (link de \u00e1udio).<br \/>\n&#8211; Aplicativo Stilo Mobile dispon\u00edvel para configura\u00e7\u00e3o intuitiva do intercomunicador.<br \/>\n\ufeff\ufeff- Porta USB-C para conex\u00e3o de dados e atualiza\u00e7\u00f5es de firmware.<br \/>\n&#8211; Novo painel de controle ergon\u00f4mico com interface f\u00e1cil de usar.<br \/>\n\ufeff\ufeff- Conex\u00e3o para c\u00e2mera e r\u00e1dio.<\/p>\n","protected":false},"excerpt":{"rendered":"<p>R\u00e1dio STILO DG 20 com conector macho.<\/p>\n<p>Gra\u00e7as a um processador mais potente, o r\u00e1dio DG-20 processa sinais em tempo real, permitindo o uso de algoritmos avan\u00e7ados para um cancelamento de ru\u00eddo digital ainda mais eficaz.<\/p>\n<p>\ufeff\ufeff- Cancelamento de ru\u00eddo ativo EVO com processamento em tempo real.<br \/>\n&#8211; Filtro digital duplo com configura\u00e7\u00f5es independentes para o motorista e o passageiro.<br \/>\n&#8211; Bluetooth integrado para conex\u00e3o com celular (link de \u00e1udio).<br \/>\n&#8211; Aplicativo Stilo Mobile dispon\u00edvel para configura\u00e7\u00e3o intuitiva do intercomunicador.<br \/>\n\ufeff\ufeff- Porta USB-C para conex\u00e3o de dados e atualiza\u00e7\u00f5es de firmware.<br \/>\n&#8211; Novo painel de controle ergon\u00f4mico com interface f\u00e1cil de usar.<br \/>\n\ufeff\ufeff- Conex\u00e3o para c\u00e2mera e r\u00e1dio.<\/p>\n","protected":false},"featured_media":0,"template":"","meta":[],"product_cat":[529],"product_tag":[],"marca":[160],"class_list":["post-23421","product","type-product","status-publish","hentry","product_cat-centralinas-intercomunicadores","marca-stilo"],"yoast_head":"<!-- This site is optimized with the Yoast SEO plugin v20.5 - https:\/\/yoast.com\/wordpress\/plugins\/seo\/ -->\n<title>CENTRALINA STILO WRC DG20 C\/ CONECTOR MACHO - Oficina de manuten\u00e7\u00e3o e repara\u00e7\u00e3o de veiculos automoveis em S. Miguel, A\u00e7ores - Auto Barbosa<\/title>\n<meta name=\"robots\" content=\"index, follow, max-snippet:-1, max-image-preview:large, max-video-preview:-1\" \/>\n<link rel=\"canonical\" href=\"https:\/\/autobarbosa.com\/fr\/produto\/centralina-stilo-wrc-dg20-c-conector-macho\/\" \/>\n<meta property=\"og:locale\" content=\"fr_FR\" \/>\n<meta property=\"og:type\" content=\"article\" \/>\n<meta property=\"og:title\" content=\"CENTRALINA STILO WRC DG20 C\/ CONECTOR MACHO - Oficina de manuten\u00e7\u00e3o e repara\u00e7\u00e3o de veiculos automoveis em S. Miguel, A\u00e7ores - Auto Barbosa\" \/>\n<meta property=\"og:description\" content=\"R\u00e1dio STILO DG 20 com conector macho.   Gra\u00e7as a um processador mais potente, o r\u00e1dio DG-20 processa sinais em tempo real, permitindo o uso de algoritmos avan\u00e7ados para um cancelamento de ru\u00eddo digital ainda mais eficaz.  \ufeff\ufeff- Cancelamento de ru\u00eddo ativo EVO com processamento em tempo real. - Filtro digital duplo com configura\u00e7\u00f5es independentes para o motorista e o passageiro. - Bluetooth integrado para conex\u00e3o com celular (link de \u00e1udio). - Aplicativo Stilo Mobile dispon\u00edvel para configura\u00e7\u00e3o intuitiva do intercomunicador. \ufeff\ufeff- Porta USB-C para conex\u00e3o de dados e atualiza\u00e7\u00f5es de firmware. - Novo painel de controle ergon\u00f4mico com interface f\u00e1cil de usar. \ufeff\ufeff- Conex\u00e3o para c\u00e2mera e r\u00e1dio.\" \/>\n<meta property=\"og:url\" content=\"https:\/\/autobarbosa.com\/fr\/produto\/centralina-stilo-wrc-dg20-c-conector-macho\/\" \/>\n<meta property=\"og:site_name\" content=\"Oficina de manuten\u00e7\u00e3o e repara\u00e7\u00e3o de veiculos automoveis em S. Miguel, A\u00e7ores - Auto Barbosa\" \/>\n<meta property=\"article:publisher\" content=\"https:\/\/www.facebook.com\/autobarbosaoficina\" \/>\n<meta name=\"twitter:card\" content=\"summary_large_image\" \/>\n<meta name=\"twitter:label1\" content=\"Dur\u00e9e de lecture estim\u00e9e\" \/>\n\t<meta name=\"twitter:data1\" content=\"1 minute\" \/>\n<script type=\"application\/ld+json\" class=\"yoast-schema-graph\">{\"@context\":\"https:\/\/schema.org\",\"@graph\":[{\"@type\":\"WebPage\",\"@id\":\"https:\/\/autobarbosa.com\/fr\/produto\/centralina-stilo-wrc-dg20-c-conector-macho\/\",\"url\":\"https:\/\/autobarbosa.com\/fr\/produto\/centralina-stilo-wrc-dg20-c-conector-macho\/\",\"name\":\"CENTRALINA STILO WRC DG20 C\/ CONECTOR MACHO - Oficina de manuten\u00e7\u00e3o e repara\u00e7\u00e3o de veiculos automoveis em S. Miguel, A\u00e7ores - Auto Barbosa\",\"isPartOf\":{\"@id\":\"https:\/\/autobarbosa.com\/fr\/#website\"},\"datePublished\":\"2026-01-09T20:20:28+00:00\",\"dateModified\":\"2026-01-09T20:20:28+00:00\",\"breadcrumb\":{\"@id\":\"https:\/\/autobarbosa.com\/fr\/produto\/centralina-stilo-wrc-dg20-c-conector-macho\/#breadcrumb\"},\"inLanguage\":\"fr-FR\",\"potentialAction\":[{\"@type\":\"ReadAction\",\"target\":[\"https:\/\/autobarbosa.com\/fr\/produto\/centralina-stilo-wrc-dg20-c-conector-macho\/\"]}]},{\"@type\":\"BreadcrumbList\",\"@id\":\"https:\/\/autobarbosa.com\/fr\/produto\/centralina-stilo-wrc-dg20-c-conector-macho\/#breadcrumb\",\"itemListElement\":[{\"@type\":\"ListItem\",\"position\":1,\"name\":\"In\u00edcio\",\"item\":\"https:\/\/autobarbosa.com\/fr\/\"},{\"@type\":\"ListItem\",\"position\":2,\"name\":\"Loja\",\"item\":\"https:\/\/autobarbosa.com\/\"},{\"@type\":\"ListItem\",\"position\":3,\"name\":\"CENTRALINA STILO WRC DG20 C\/ CONECTOR MACHO\"}]},{\"@type\":\"WebSite\",\"@id\":\"https:\/\/autobarbosa.com\/fr\/#website\",\"url\":\"https:\/\/autobarbosa.com\/fr\/\",\"name\":\"Oficina de manuten\u00e7\u00e3o e repara\u00e7\u00e3o de veiculos automoveis em S. Miguel, A\u00e7ores - Auto Barbosa\",\"description\":\"Auto Barbosa\",\"publisher\":{\"@id\":\"https:\/\/autobarbosa.com\/fr\/#organization\"},\"potentialAction\":[{\"@type\":\"SearchAction\",\"target\":{\"@type\":\"EntryPoint\",\"urlTemplate\":\"https:\/\/autobarbosa.com\/fr\/?s={search_term_string}\"},\"query-input\":\"required name=search_term_string\"}],\"inLanguage\":\"fr-FR\"},{\"@type\":\"Organization\",\"@id\":\"https:\/\/autobarbosa.com\/fr\/#organization\",\"name\":\"Oficina de manuten\u00e7\u00e3o e repara\u00e7\u00e3o de veiculos automoveis em S. Miguel, A\u00e7ores - Auto Barbosa\",\"url\":\"https:\/\/autobarbosa.com\/fr\/\",\"logo\":{\"@type\":\"ImageObject\",\"inLanguage\":\"fr-FR\",\"@id\":\"https:\/\/autobarbosa.com\/fr\/#\/schema\/logo\/image\/\",\"url\":\"https:\/\/autobarbosa.com\/wp-content\/uploads\/2023\/03\/AUTO-BARBOSA-LOGO-1-e1678715539111.png\",\"contentUrl\":\"https:\/\/autobarbosa.com\/wp-content\/uploads\/2023\/03\/AUTO-BARBOSA-LOGO-1-e1678715539111.png\",\"width\":3233,\"height\":3233,\"caption\":\"Oficina de manuten\u00e7\u00e3o e repara\u00e7\u00e3o de veiculos automoveis em S. Miguel, A\u00e7ores - Auto Barbosa\"},\"image\":{\"@id\":\"https:\/\/autobarbosa.com\/fr\/#\/schema\/logo\/image\/\"},\"sameAs\":[\"https:\/\/www.facebook.com\/autobarbosaoficina\",\"https:\/\/www.instagram.com\/autobarbosa.oficina\/\"]}]}<\/script>\n<!-- \/ Yoast SEO plugin. -->","yoast_head_json":{"title":"CENTRALINA STILO WRC DG20 C\/ CONECTOR MACHO - Oficina de manuten\u00e7\u00e3o e repara\u00e7\u00e3o de veiculos automoveis em S. Miguel, A\u00e7ores - Auto Barbosa","robots":{"index":"index","follow":"follow","max-snippet":"max-snippet:-1","max-image-preview":"max-image-preview:large","max-video-preview":"max-video-preview:-1"},"canonical":"https:\/\/autobarbosa.com\/fr\/produto\/centralina-stilo-wrc-dg20-c-conector-macho\/","og_locale":"fr_FR","og_type":"article","og_title":"CENTRALINA STILO WRC DG20 C\/ CONECTOR MACHO - Oficina de manuten\u00e7\u00e3o e repara\u00e7\u00e3o de veiculos automoveis em S. Miguel, A\u00e7ores - Auto Barbosa","og_description":"R\u00e1dio STILO DG 20 com conector macho.   Gra\u00e7as a um processador mais potente, o r\u00e1dio DG-20 processa sinais em tempo real, permitindo o uso de algoritmos avan\u00e7ados para um cancelamento de ru\u00eddo digital ainda mais eficaz.  \ufeff\ufeff- Cancelamento de ru\u00eddo ativo EVO com processamento em tempo real. - Filtro digital duplo com configura\u00e7\u00f5es independentes para o motorista e o passageiro. - Bluetooth integrado para conex\u00e3o com celular (link de \u00e1udio). - Aplicativo Stilo Mobile dispon\u00edvel para configura\u00e7\u00e3o intuitiva do intercomunicador. \ufeff\ufeff- Porta USB-C para conex\u00e3o de dados e atualiza\u00e7\u00f5es de firmware. - Novo painel de controle ergon\u00f4mico com interface f\u00e1cil de usar. \ufeff\ufeff- Conex\u00e3o para c\u00e2mera e r\u00e1dio.","og_url":"https:\/\/autobarbosa.com\/fr\/produto\/centralina-stilo-wrc-dg20-c-conector-macho\/","og_site_name":"Oficina de manuten\u00e7\u00e3o e repara\u00e7\u00e3o de veiculos automoveis em S. Miguel, A\u00e7ores - Auto Barbosa","article_publisher":"https:\/\/www.facebook.com\/autobarbosaoficina","twitter_card":"summary_large_image","twitter_misc":{"Dur\u00e9e de lecture estim\u00e9e":"1 minute"},"schema":{"@context":"https:\/\/schema.org","@graph":[{"@type":"WebPage","@id":"https:\/\/autobarbosa.com\/fr\/produto\/centralina-stilo-wrc-dg20-c-conector-macho\/","url":"https:\/\/autobarbosa.com\/fr\/produto\/centralina-stilo-wrc-dg20-c-conector-macho\/","name":"CENTRALINA STILO WRC DG20 C\/ CONECTOR MACHO - Oficina de manuten\u00e7\u00e3o e repara\u00e7\u00e3o de veiculos automoveis em S. Miguel, A\u00e7ores - Auto Barbosa","isPartOf":{"@id":"https:\/\/autobarbosa.com\/fr\/#website"},"datePublished":"2026-01-09T20:20:28+00:00","dateModified":"2026-01-09T20:20:28+00:00","breadcrumb":{"@id":"https:\/\/autobarbosa.com\/fr\/produto\/centralina-stilo-wrc-dg20-c-conector-macho\/#breadcrumb"},"inLanguage":"fr-FR","potentialAction":[{"@type":"ReadAction","target":["https:\/\/autobarbosa.com\/fr\/produto\/centralina-stilo-wrc-dg20-c-conector-macho\/"]}]},{"@type":"BreadcrumbList","@id":"https:\/\/autobarbosa.com\/fr\/produto\/centralina-stilo-wrc-dg20-c-conector-macho\/#breadcrumb","itemListElement":[{"@type":"ListItem","position":1,"name":"In\u00edcio","item":"https:\/\/autobarbosa.com\/fr\/"},{"@type":"ListItem","position":2,"name":"Loja","item":"https:\/\/autobarbosa.com\/"},{"@type":"ListItem","position":3,"name":"CENTRALINA STILO WRC DG20 C\/ CONECTOR MACHO"}]},{"@type":"WebSite","@id":"https:\/\/autobarbosa.com\/fr\/#website","url":"https:\/\/autobarbosa.com\/fr\/","name":"Oficina de manuten\u00e7\u00e3o e repara\u00e7\u00e3o de veiculos automoveis em S. Miguel, A\u00e7ores - Auto Barbosa","description":"Auto Barbosa","publisher":{"@id":"https:\/\/autobarbosa.com\/fr\/#organization"},"potentialAction":[{"@type":"SearchAction","target":{"@type":"EntryPoint","urlTemplate":"https:\/\/autobarbosa.com\/fr\/?s={search_term_string}"},"query-input":"required name=search_term_string"}],"inLanguage":"fr-FR"},{"@type":"Organization","@id":"https:\/\/autobarbosa.com\/fr\/#organization","name":"Oficina de manuten\u00e7\u00e3o e repara\u00e7\u00e3o de veiculos automoveis em S. Miguel, A\u00e7ores - Auto Barbosa","url":"https:\/\/autobarbosa.com\/fr\/","logo":{"@type":"ImageObject","inLanguage":"fr-FR","@id":"https:\/\/autobarbosa.com\/fr\/#\/schema\/logo\/image\/","url":"https:\/\/autobarbosa.com\/wp-content\/uploads\/2023\/03\/AUTO-BARBOSA-LOGO-1-e1678715539111.png","contentUrl":"https:\/\/autobarbosa.com\/wp-content\/uploads\/2023\/03\/AUTO-BARBOSA-LOGO-1-e1678715539111.png","width":3233,"height":3233,"caption":"Oficina de manuten\u00e7\u00e3o e repara\u00e7\u00e3o de veiculos automoveis em S. Miguel, A\u00e7ores - Auto Barbosa"},"image":{"@id":"https:\/\/autobarbosa.com\/fr\/#\/schema\/logo\/image\/"},"sameAs":["https:\/\/www.facebook.com\/autobarbosaoficina","https:\/\/www.instagram.com\/autobarbosa.oficina\/"]}]}},"_links":{"self":[{"href":"https:\/\/autobarbosa.com\/fr\/wp-json\/wp\/v3\/product\/23421","targetHints":{"allow":["GET"]}}],"collection":[{"href":"https:\/\/autobarbosa.com\/fr\/wp-json\/wp\/v3\/product"}],"about":[{"href":"https:\/\/autobarbosa.com\/fr\/wp-json\/wp\/v2\/types\/product"}],"wp:attachment":[{"href":"https:\/\/autobarbosa.com\/fr\/wp-json\/wp\/v2\/media?parent=23421"}],"wp:term":[{"taxonomy":"product_cat","embeddable":true,"href":"https:\/\/autobarbosa.com\/fr\/wp-json\/wp\/v2\/product_cat?post=23421"},{"taxonomy":"product_tag","embeddable":true,"href":"https:\/\/autobarbosa.com\/fr\/wp-json\/wp\/v2\/product_tag?post=23421"},{"taxonomy":"marca","embeddable":true,"href":"https:\/\/autobarbosa.com\/fr\/wp-json\/wp\/v2\/marca?post=23421"}],"curies":[{"name":"wp","href":"https:\/\/api.w.org\/{rel}","templated":true}]}}