{"id":23525,"date":"2026-01-22T19:02:06","date_gmt":"2026-01-22T20:02:06","guid":{"rendered":"https:\/\/autobarbosa.com\/produto\/jogo-calcos-travoes-cl-rc6-peugeot-208r4-tras-5001w43t14-rc6-694-mm-x-585-mm-x-14-mm\/"},"modified":"2026-01-22T19:02:06","modified_gmt":"2026-01-22T20:02:06","slug":"jogo-calcos-travoes-cl-rc6-peugeot-208r4-tras-5001w43t14-rc6-694-mm-x-585-mm-x-14-mm","status":"publish","type":"product","link":"https:\/\/autobarbosa.com\/fr\/produto\/jogo-calcos-travoes-cl-rc6-peugeot-208r4-tras-5001w43t14-rc6-694-mm-x-585-mm-x-14-mm\/","title":{"rendered":"JOGO CAL\u00c7OS TRAV\u00d5ES CL RC6 &#8211; PEUGEOT 208R4 &#8211;  TRAS &#8211; 5001W43T14 RC6, 69,4 mm x 58,5 mm x 14 mm"},"content":{"rendered":"<p>Pastilhas de Trav\u00f5es CL Brakes 5001W43T14 RC6, 69,4 mm x 58,5 mm x 14 mm.<\/p>\n<p>H\u00e1 mais de 30 anos, a CL Brakes (antiga Carbone Lorraine) fabrica materiais de fric\u00e7\u00e3o para o automobilismo.<br \/>\nTodas as pastilhas de freio CL Brakes s\u00e3o produzidas na Fran\u00e7a, em Gennevilliers, perto de Paris.<br \/>\nAo longo dos anos, a CL Brakes se consolidou como um importante player no automobilismo e agora fornece pin\u00e7as de freio para as equipes mais prestigiadas, tanto em rali quanto em corridas de circuito.<\/p>\n<p>A gama de aplica\u00e7\u00f5es poss\u00edveis para este composto \u00e9 muito ampla. Seu alto coeficiente de fric\u00e7\u00e3o e estabilidade o tornam um composto eficaz para rali e corridas de circuito.<br \/>\nRequer fluido de freio formulado especificamente para condi\u00e7\u00f5es de competi\u00e7\u00e3o.<br \/>\nAplica\u00e7\u00e3o: Rali, Corridas de Circuito, Monopostos<\/p>\n<p>. N\u00e3o deve ser usado em vias p\u00fablicas.<\/p>\n<p>Comprimento: 69,4 mm<br \/>\nLargura: 58,5 mm<br \/>\nEspessura: 14 mm<br \/>\nN\u00famero de pastilhas por jogo: 4<\/p>\n","protected":false},"excerpt":{"rendered":"<p>Pastilhas de Trav\u00f5es CL Brakes 5001W43T14 RC6, 69,4 mm x 58,5 mm x 14 mm.<\/p>\n<p>H\u00e1 mais de 30 anos, a CL Brakes (antiga Carbone Lorraine) fabrica materiais de fric\u00e7\u00e3o para o automobilismo.<br \/>\nTodas as pastilhas de freio CL Brakes s\u00e3o produzidas na Fran\u00e7a, em Gennevilliers, perto de Paris.<br \/>\nAo longo dos anos, a CL Brakes se consolidou como um importante player no automobilismo e agora fornece pin\u00e7as de freio para as equipes mais prestigiadas, tanto em rali quanto em corridas de circuito.<\/p>\n<p>A gama de aplica\u00e7\u00f5es poss\u00edveis para este composto \u00e9 muito ampla. Seu alto coeficiente de fric\u00e7\u00e3o e estabilidade o tornam um composto eficaz para rali e corridas de circuito.<br \/>\nRequer fluido de freio formulado especificamente para condi\u00e7\u00f5es de competi\u00e7\u00e3o.<br \/>\nAplica\u00e7\u00e3o: Rali, Corridas de Circuito, Monopostos<\/p>\n<p>. N\u00e3o deve ser usado em vias p\u00fablicas.<\/p>\n<p>Comprimento: 69,4 mm<br \/>\nLargura: 58,5 mm<br \/>\nEspessura: 14 mm<br \/>\nN\u00famero de pastilhas por jogo: 4<\/p>\n","protected":false},"featured_media":0,"template":"","meta":[],"product_cat":[509],"product_tag":[],"marca":[148],"class_list":["post-23525","product","type-product","status-publish","hentry","product_cat-pastilhas-travoes","marca-carbone-lorraine"],"yoast_head":"<!-- This site is optimized with the Yoast SEO plugin v20.5 - https:\/\/yoast.com\/wordpress\/plugins\/seo\/ -->\n<title>JOGO CAL\u00c7OS TRAV\u00d5ES CL RC6 - PEUGEOT 208R4 - TRAS - 5001W43T14 RC6, 69,4 mm x 58,5 mm x 14 mm - Oficina de manuten\u00e7\u00e3o e repara\u00e7\u00e3o de veiculos automoveis em S. Miguel, A\u00e7ores - Auto Barbosa<\/title>\n<meta name=\"robots\" content=\"index, follow, max-snippet:-1, max-image-preview:large, max-video-preview:-1\" \/>\n<link rel=\"canonical\" href=\"https:\/\/autobarbosa.com\/fr\/produto\/jogo-calcos-travoes-cl-rc6-peugeot-208r4-tras-5001w43t14-rc6-694-mm-x-585-mm-x-14-mm\/\" \/>\n<meta property=\"og:locale\" content=\"fr_FR\" \/>\n<meta property=\"og:type\" content=\"article\" \/>\n<meta property=\"og:title\" content=\"JOGO CAL\u00c7OS TRAV\u00d5ES CL RC6 - PEUGEOT 208R4 - TRAS - 5001W43T14 RC6, 69,4 mm x 58,5 mm x 14 mm - Oficina de manuten\u00e7\u00e3o e repara\u00e7\u00e3o de veiculos automoveis em S. Miguel, A\u00e7ores - Auto Barbosa\" \/>\n<meta property=\"og:description\" content=\"Pastilhas de Trav\u00f5es CL Brakes 5001W43T14 RC6, 69,4 mm x 58,5 mm x 14 mm.  H\u00e1 mais de 30 anos, a CL Brakes (antiga Carbone Lorraine) fabrica materiais de fric\u00e7\u00e3o para o automobilismo. Todas as pastilhas de freio CL Brakes s\u00e3o produzidas na Fran\u00e7a, em Gennevilliers, perto de Paris. Ao longo dos anos, a CL Brakes se consolidou como um importante player no automobilismo e agora fornece pin\u00e7as de freio para as equipes mais prestigiadas, tanto em rali quanto em corridas de circuito.  A gama de aplica\u00e7\u00f5es poss\u00edveis para este composto \u00e9 muito ampla. Seu alto coeficiente de fric\u00e7\u00e3o e estabilidade o tornam um composto eficaz para rali e corridas de circuito. Requer fluido de freio formulado especificamente para condi\u00e7\u00f5es de competi\u00e7\u00e3o. Aplica\u00e7\u00e3o: Rali, Corridas de Circuito, Monopostos  . N\u00e3o deve ser usado em vias p\u00fablicas.  Comprimento: 69,4 mm Largura: 58,5 mm Espessura: 14 mm N\u00famero de pastilhas por jogo: 4\" \/>\n<meta property=\"og:url\" content=\"https:\/\/autobarbosa.com\/fr\/produto\/jogo-calcos-travoes-cl-rc6-peugeot-208r4-tras-5001w43t14-rc6-694-mm-x-585-mm-x-14-mm\/\" \/>\n<meta property=\"og:site_name\" content=\"Oficina de manuten\u00e7\u00e3o e repara\u00e7\u00e3o de veiculos automoveis em S. Miguel, A\u00e7ores - Auto Barbosa\" \/>\n<meta property=\"article:publisher\" content=\"https:\/\/www.facebook.com\/autobarbosaoficina\" \/>\n<meta name=\"twitter:card\" content=\"summary_large_image\" \/>\n<meta name=\"twitter:label1\" content=\"Dur\u00e9e de lecture estim\u00e9e\" \/>\n\t<meta name=\"twitter:data1\" content=\"1 minute\" \/>\n<script type=\"application\/ld+json\" class=\"yoast-schema-graph\">{\"@context\":\"https:\/\/schema.org\",\"@graph\":[{\"@type\":\"WebPage\",\"@id\":\"https:\/\/autobarbosa.com\/fr\/produto\/jogo-calcos-travoes-cl-rc6-peugeot-208r4-tras-5001w43t14-rc6-694-mm-x-585-mm-x-14-mm\/\",\"url\":\"https:\/\/autobarbosa.com\/fr\/produto\/jogo-calcos-travoes-cl-rc6-peugeot-208r4-tras-5001w43t14-rc6-694-mm-x-585-mm-x-14-mm\/\",\"name\":\"JOGO CAL\u00c7OS TRAV\u00d5ES CL RC6 - PEUGEOT 208R4 - TRAS - 5001W43T14 RC6, 69,4 mm x 58,5 mm x 14 mm - Oficina de manuten\u00e7\u00e3o e repara\u00e7\u00e3o de veiculos automoveis em S. Miguel, A\u00e7ores - Auto Barbosa\",\"isPartOf\":{\"@id\":\"https:\/\/autobarbosa.com\/fr\/#website\"},\"datePublished\":\"2026-01-22T20:02:06+00:00\",\"dateModified\":\"2026-01-22T20:02:06+00:00\",\"breadcrumb\":{\"@id\":\"https:\/\/autobarbosa.com\/fr\/produto\/jogo-calcos-travoes-cl-rc6-peugeot-208r4-tras-5001w43t14-rc6-694-mm-x-585-mm-x-14-mm\/#breadcrumb\"},\"inLanguage\":\"fr-FR\",\"potentialAction\":[{\"@type\":\"ReadAction\",\"target\":[\"https:\/\/autobarbosa.com\/fr\/produto\/jogo-calcos-travoes-cl-rc6-peugeot-208r4-tras-5001w43t14-rc6-694-mm-x-585-mm-x-14-mm\/\"]}]},{\"@type\":\"BreadcrumbList\",\"@id\":\"https:\/\/autobarbosa.com\/fr\/produto\/jogo-calcos-travoes-cl-rc6-peugeot-208r4-tras-5001w43t14-rc6-694-mm-x-585-mm-x-14-mm\/#breadcrumb\",\"itemListElement\":[{\"@type\":\"ListItem\",\"position\":1,\"name\":\"In\u00edcio\",\"item\":\"https:\/\/autobarbosa.com\/fr\/\"},{\"@type\":\"ListItem\",\"position\":2,\"name\":\"Loja\",\"item\":\"https:\/\/autobarbosa.com\/\"},{\"@type\":\"ListItem\",\"position\":3,\"name\":\"JOGO CAL\u00c7OS TRAV\u00d5ES CL RC6 &#8211; PEUGEOT 208R4 &#8211; TRAS &#8211; 5001W43T14 RC6, 69,4 mm x 58,5 mm x 14 mm\"}]},{\"@type\":\"WebSite\",\"@id\":\"https:\/\/autobarbosa.com\/fr\/#website\",\"url\":\"https:\/\/autobarbosa.com\/fr\/\",\"name\":\"Oficina de manuten\u00e7\u00e3o e repara\u00e7\u00e3o de veiculos automoveis em S. Miguel, A\u00e7ores - Auto Barbosa\",\"description\":\"Auto Barbosa\",\"publisher\":{\"@id\":\"https:\/\/autobarbosa.com\/fr\/#organization\"},\"potentialAction\":[{\"@type\":\"SearchAction\",\"target\":{\"@type\":\"EntryPoint\",\"urlTemplate\":\"https:\/\/autobarbosa.com\/fr\/?s={search_term_string}\"},\"query-input\":\"required name=search_term_string\"}],\"inLanguage\":\"fr-FR\"},{\"@type\":\"Organization\",\"@id\":\"https:\/\/autobarbosa.com\/fr\/#organization\",\"name\":\"Oficina de manuten\u00e7\u00e3o e repara\u00e7\u00e3o de veiculos automoveis em S. Miguel, A\u00e7ores - Auto Barbosa\",\"url\":\"https:\/\/autobarbosa.com\/fr\/\",\"logo\":{\"@type\":\"ImageObject\",\"inLanguage\":\"fr-FR\",\"@id\":\"https:\/\/autobarbosa.com\/fr\/#\/schema\/logo\/image\/\",\"url\":\"https:\/\/autobarbosa.com\/wp-content\/uploads\/2023\/03\/AUTO-BARBOSA-LOGO-1-e1678715539111.png\",\"contentUrl\":\"https:\/\/autobarbosa.com\/wp-content\/uploads\/2023\/03\/AUTO-BARBOSA-LOGO-1-e1678715539111.png\",\"width\":3233,\"height\":3233,\"caption\":\"Oficina de manuten\u00e7\u00e3o e repara\u00e7\u00e3o de veiculos automoveis em S. Miguel, A\u00e7ores - Auto Barbosa\"},\"image\":{\"@id\":\"https:\/\/autobarbosa.com\/fr\/#\/schema\/logo\/image\/\"},\"sameAs\":[\"https:\/\/www.facebook.com\/autobarbosaoficina\",\"https:\/\/www.instagram.com\/autobarbosa.oficina\/\"]}]}<\/script>\n<!-- \/ Yoast SEO plugin. -->","yoast_head_json":{"title":"JOGO CAL\u00c7OS TRAV\u00d5ES CL RC6 - PEUGEOT 208R4 - TRAS - 5001W43T14 RC6, 69,4 mm x 58,5 mm x 14 mm - Oficina de manuten\u00e7\u00e3o e repara\u00e7\u00e3o de veiculos automoveis em S. Miguel, A\u00e7ores - Auto Barbosa","robots":{"index":"index","follow":"follow","max-snippet":"max-snippet:-1","max-image-preview":"max-image-preview:large","max-video-preview":"max-video-preview:-1"},"canonical":"https:\/\/autobarbosa.com\/fr\/produto\/jogo-calcos-travoes-cl-rc6-peugeot-208r4-tras-5001w43t14-rc6-694-mm-x-585-mm-x-14-mm\/","og_locale":"fr_FR","og_type":"article","og_title":"JOGO CAL\u00c7OS TRAV\u00d5ES CL RC6 - PEUGEOT 208R4 - TRAS - 5001W43T14 RC6, 69,4 mm x 58,5 mm x 14 mm - Oficina de manuten\u00e7\u00e3o e repara\u00e7\u00e3o de veiculos automoveis em S. Miguel, A\u00e7ores - Auto Barbosa","og_description":"Pastilhas de Trav\u00f5es CL Brakes 5001W43T14 RC6, 69,4 mm x 58,5 mm x 14 mm.  H\u00e1 mais de 30 anos, a CL Brakes (antiga Carbone Lorraine) fabrica materiais de fric\u00e7\u00e3o para o automobilismo. Todas as pastilhas de freio CL Brakes s\u00e3o produzidas na Fran\u00e7a, em Gennevilliers, perto de Paris. Ao longo dos anos, a CL Brakes se consolidou como um importante player no automobilismo e agora fornece pin\u00e7as de freio para as equipes mais prestigiadas, tanto em rali quanto em corridas de circuito.  A gama de aplica\u00e7\u00f5es poss\u00edveis para este composto \u00e9 muito ampla. Seu alto coeficiente de fric\u00e7\u00e3o e estabilidade o tornam um composto eficaz para rali e corridas de circuito. Requer fluido de freio formulado especificamente para condi\u00e7\u00f5es de competi\u00e7\u00e3o. Aplica\u00e7\u00e3o: Rali, Corridas de Circuito, Monopostos  . N\u00e3o deve ser usado em vias p\u00fablicas.  Comprimento: 69,4 mm Largura: 58,5 mm Espessura: 14 mm N\u00famero de pastilhas por jogo: 4","og_url":"https:\/\/autobarbosa.com\/fr\/produto\/jogo-calcos-travoes-cl-rc6-peugeot-208r4-tras-5001w43t14-rc6-694-mm-x-585-mm-x-14-mm\/","og_site_name":"Oficina de manuten\u00e7\u00e3o e repara\u00e7\u00e3o de veiculos automoveis em S. Miguel, A\u00e7ores - Auto Barbosa","article_publisher":"https:\/\/www.facebook.com\/autobarbosaoficina","twitter_card":"summary_large_image","twitter_misc":{"Dur\u00e9e de lecture estim\u00e9e":"1 minute"},"schema":{"@context":"https:\/\/schema.org","@graph":[{"@type":"WebPage","@id":"https:\/\/autobarbosa.com\/fr\/produto\/jogo-calcos-travoes-cl-rc6-peugeot-208r4-tras-5001w43t14-rc6-694-mm-x-585-mm-x-14-mm\/","url":"https:\/\/autobarbosa.com\/fr\/produto\/jogo-calcos-travoes-cl-rc6-peugeot-208r4-tras-5001w43t14-rc6-694-mm-x-585-mm-x-14-mm\/","name":"JOGO CAL\u00c7OS TRAV\u00d5ES CL RC6 - PEUGEOT 208R4 - TRAS - 5001W43T14 RC6, 69,4 mm x 58,5 mm x 14 mm - Oficina de manuten\u00e7\u00e3o e repara\u00e7\u00e3o de veiculos automoveis em S. Miguel, A\u00e7ores - Auto Barbosa","isPartOf":{"@id":"https:\/\/autobarbosa.com\/fr\/#website"},"datePublished":"2026-01-22T20:02:06+00:00","dateModified":"2026-01-22T20:02:06+00:00","breadcrumb":{"@id":"https:\/\/autobarbosa.com\/fr\/produto\/jogo-calcos-travoes-cl-rc6-peugeot-208r4-tras-5001w43t14-rc6-694-mm-x-585-mm-x-14-mm\/#breadcrumb"},"inLanguage":"fr-FR","potentialAction":[{"@type":"ReadAction","target":["https:\/\/autobarbosa.com\/fr\/produto\/jogo-calcos-travoes-cl-rc6-peugeot-208r4-tras-5001w43t14-rc6-694-mm-x-585-mm-x-14-mm\/"]}]},{"@type":"BreadcrumbList","@id":"https:\/\/autobarbosa.com\/fr\/produto\/jogo-calcos-travoes-cl-rc6-peugeot-208r4-tras-5001w43t14-rc6-694-mm-x-585-mm-x-14-mm\/#breadcrumb","itemListElement":[{"@type":"ListItem","position":1,"name":"In\u00edcio","item":"https:\/\/autobarbosa.com\/fr\/"},{"@type":"ListItem","position":2,"name":"Loja","item":"https:\/\/autobarbosa.com\/"},{"@type":"ListItem","position":3,"name":"JOGO CAL\u00c7OS TRAV\u00d5ES CL RC6 &#8211; PEUGEOT 208R4 &#8211; TRAS &#8211; 5001W43T14 RC6, 69,4 mm x 58,5 mm x 14 mm"}]},{"@type":"WebSite","@id":"https:\/\/autobarbosa.com\/fr\/#website","url":"https:\/\/autobarbosa.com\/fr\/","name":"Oficina de manuten\u00e7\u00e3o e repara\u00e7\u00e3o de veiculos automoveis em S. Miguel, A\u00e7ores - Auto Barbosa","description":"Auto Barbosa","publisher":{"@id":"https:\/\/autobarbosa.com\/fr\/#organization"},"potentialAction":[{"@type":"SearchAction","target":{"@type":"EntryPoint","urlTemplate":"https:\/\/autobarbosa.com\/fr\/?s={search_term_string}"},"query-input":"required name=search_term_string"}],"inLanguage":"fr-FR"},{"@type":"Organization","@id":"https:\/\/autobarbosa.com\/fr\/#organization","name":"Oficina de manuten\u00e7\u00e3o e repara\u00e7\u00e3o de veiculos automoveis em S. Miguel, A\u00e7ores - Auto Barbosa","url":"https:\/\/autobarbosa.com\/fr\/","logo":{"@type":"ImageObject","inLanguage":"fr-FR","@id":"https:\/\/autobarbosa.com\/fr\/#\/schema\/logo\/image\/","url":"https:\/\/autobarbosa.com\/wp-content\/uploads\/2023\/03\/AUTO-BARBOSA-LOGO-1-e1678715539111.png","contentUrl":"https:\/\/autobarbosa.com\/wp-content\/uploads\/2023\/03\/AUTO-BARBOSA-LOGO-1-e1678715539111.png","width":3233,"height":3233,"caption":"Oficina de manuten\u00e7\u00e3o e repara\u00e7\u00e3o de veiculos automoveis em S. Miguel, A\u00e7ores - Auto Barbosa"},"image":{"@id":"https:\/\/autobarbosa.com\/fr\/#\/schema\/logo\/image\/"},"sameAs":["https:\/\/www.facebook.com\/autobarbosaoficina","https:\/\/www.instagram.com\/autobarbosa.oficina\/"]}]}},"_links":{"self":[{"href":"https:\/\/autobarbosa.com\/fr\/wp-json\/wp\/v3\/product\/23525","targetHints":{"allow":["GET"]}}],"collection":[{"href":"https:\/\/autobarbosa.com\/fr\/wp-json\/wp\/v3\/product"}],"about":[{"href":"https:\/\/autobarbosa.com\/fr\/wp-json\/wp\/v2\/types\/product"}],"wp:attachment":[{"href":"https:\/\/autobarbosa.com\/fr\/wp-json\/wp\/v2\/media?parent=23525"}],"wp:term":[{"taxonomy":"product_cat","embeddable":true,"href":"https:\/\/autobarbosa.com\/fr\/wp-json\/wp\/v2\/product_cat?post=23525"},{"taxonomy":"product_tag","embeddable":true,"href":"https:\/\/autobarbosa.com\/fr\/wp-json\/wp\/v2\/product_tag?post=23525"},{"taxonomy":"marca","embeddable":true,"href":"https:\/\/autobarbosa.com\/fr\/wp-json\/wp\/v2\/marca?post=23525"}],"curies":[{"name":"wp","href":"https:\/\/api.w.org\/{rel}","templated":true}]}}