{"id":23717,"date":"2026-02-09T07:11:53","date_gmt":"2026-02-09T08:11:53","guid":{"rendered":"https:\/\/autobarbosa.com\/produto\/botas-omp-one-evo-x-r-fia-8856-2018-preto-vermelho-sz-45\/"},"modified":"2026-02-09T07:11:53","modified_gmt":"2026-02-09T08:11:53","slug":"botas-omp-one-evo-x-r-fia-8856-2018-preto-vermelho-sz-45","status":"publish","type":"product","link":"https:\/\/autobarbosa.com\/fr\/produto\/botas-omp-one-evo-x-r-fia-8856-2018-preto-vermelho-sz-45\/","title":{"rendered":"BOTAS OMP ONE EVO  X R &#8211;  FIA 8856-2018 &#8211;  PRETO\/ VERMELHO &#8211; SZ 45"},"content":{"rendered":"<p>Botas OMP One Evo XR FIA 8856-2018<\/p>\n<p>. Homologa\u00e7\u00e3o: FIA 8856-2018.<br \/>\nCores: Branco, preto, amarelo fluorescente, preto\/prata\/vermelho, preto\/prata\/ciano, preto\/prata\/amarelo.<br \/>\nTamanhos dispon\u00edveis: 37 a 48.<\/p>\n<p>Botas profissionais muito leves e confort\u00e1veis.<br \/>\nBotas em couro e tecido projetadas para melhor sensibilidade aos pedais.<br \/>\nSistema de fechamento girat\u00f3rio para um ajuste perfeito.<br \/>\nPain\u00e9is laterais perfurados para maior respirabilidade.<br \/>\nCalcanhar mais baixo para maior mobilidade do tornozelo.<br \/>\nCano: M\u00e9dio.<br \/>\nFechamento: Cadar\u00e7o.<br \/>\nCabedal: Couro.<br \/>\nRefor\u00e7os laterais: Sim.<br \/>\nSola resistente a \u00f3leo: Sim.<\/p>\n","protected":false},"excerpt":{"rendered":"<p>Botas OMP One Evo XR FIA 8856-2018<\/p>\n<p>. Homologa\u00e7\u00e3o: FIA 8856-2018.<br \/>\nCores: Branco, preto, amarelo fluorescente, preto\/prata\/vermelho, preto\/prata\/ciano, preto\/prata\/amarelo.<br \/>\nTamanhos dispon\u00edveis: 37 a 48.<\/p>\n<p>Botas profissionais muito leves e confort\u00e1veis.<br \/>\nBotas em couro e tecido projetadas para melhor sensibilidade aos pedais.<br \/>\nSistema de fechamento girat\u00f3rio para um ajuste perfeito.<br \/>\nPain\u00e9is laterais perfurados para maior respirabilidade.<br \/>\nCalcanhar mais baixo para maior mobilidade do tornozelo.<br \/>\nCano: M\u00e9dio.<br \/>\nFechamento: Cadar\u00e7o.<br \/>\nCabedal: Couro.<br \/>\nRefor\u00e7os laterais: Sim.<br \/>\nSola resistente a \u00f3leo: Sim.<\/p>\n","protected":false},"featured_media":0,"template":"","meta":[],"product_cat":[554],"product_tag":[],"marca":[171],"class_list":["post-23717","product","type-product","status-publish","hentry","product_cat-botas-de-competicao","marca-omp"],"yoast_head":"<!-- This site is optimized with the Yoast SEO plugin v20.5 - https:\/\/yoast.com\/wordpress\/plugins\/seo\/ -->\n<title>BOTAS OMP ONE EVO X R - FIA 8856-2018 - PRETO\/ VERMELHO - SZ 45 - Oficina de manuten\u00e7\u00e3o e repara\u00e7\u00e3o de veiculos automoveis em S. Miguel, A\u00e7ores - Auto Barbosa<\/title>\n<meta name=\"robots\" content=\"index, follow, max-snippet:-1, max-image-preview:large, max-video-preview:-1\" \/>\n<link rel=\"canonical\" href=\"https:\/\/autobarbosa.com\/fr\/produto\/botas-omp-one-evo-x-r-fia-8856-2018-preto-vermelho-sz-45\/\" \/>\n<meta property=\"og:locale\" content=\"fr_FR\" \/>\n<meta property=\"og:type\" content=\"article\" \/>\n<meta property=\"og:title\" content=\"BOTAS OMP ONE EVO X R - FIA 8856-2018 - PRETO\/ VERMELHO - SZ 45 - Oficina de manuten\u00e7\u00e3o e repara\u00e7\u00e3o de veiculos automoveis em S. Miguel, A\u00e7ores - Auto Barbosa\" \/>\n<meta property=\"og:description\" content=\"Botas OMP One Evo XR FIA 8856-2018  . Homologa\u00e7\u00e3o: FIA 8856-2018. Cores: Branco, preto, amarelo fluorescente, preto\/prata\/vermelho, preto\/prata\/ciano, preto\/prata\/amarelo. Tamanhos dispon\u00edveis: 37 a 48.  Botas profissionais muito leves e confort\u00e1veis. Botas em couro e tecido projetadas para melhor sensibilidade aos pedais. Sistema de fechamento girat\u00f3rio para um ajuste perfeito. Pain\u00e9is laterais perfurados para maior respirabilidade. Calcanhar mais baixo para maior mobilidade do tornozelo. Cano: M\u00e9dio. Fechamento: Cadar\u00e7o. Cabedal: Couro. Refor\u00e7os laterais: Sim. Sola resistente a \u00f3leo: Sim.\" \/>\n<meta property=\"og:url\" content=\"https:\/\/autobarbosa.com\/fr\/produto\/botas-omp-one-evo-x-r-fia-8856-2018-preto-vermelho-sz-45\/\" \/>\n<meta property=\"og:site_name\" content=\"Oficina de manuten\u00e7\u00e3o e repara\u00e7\u00e3o de veiculos automoveis em S. Miguel, A\u00e7ores - Auto Barbosa\" \/>\n<meta property=\"article:publisher\" content=\"https:\/\/www.facebook.com\/autobarbosaoficina\" \/>\n<meta name=\"twitter:card\" content=\"summary_large_image\" \/>\n<script type=\"application\/ld+json\" class=\"yoast-schema-graph\">{\"@context\":\"https:\/\/schema.org\",\"@graph\":[{\"@type\":\"WebPage\",\"@id\":\"https:\/\/autobarbosa.com\/fr\/produto\/botas-omp-one-evo-x-r-fia-8856-2018-preto-vermelho-sz-45\/\",\"url\":\"https:\/\/autobarbosa.com\/fr\/produto\/botas-omp-one-evo-x-r-fia-8856-2018-preto-vermelho-sz-45\/\",\"name\":\"BOTAS OMP ONE EVO X R - FIA 8856-2018 - PRETO\/ VERMELHO - SZ 45 - Oficina de manuten\u00e7\u00e3o e repara\u00e7\u00e3o de veiculos automoveis em S. Miguel, A\u00e7ores - Auto Barbosa\",\"isPartOf\":{\"@id\":\"https:\/\/autobarbosa.com\/fr\/#website\"},\"datePublished\":\"2026-02-09T08:11:53+00:00\",\"dateModified\":\"2026-02-09T08:11:53+00:00\",\"breadcrumb\":{\"@id\":\"https:\/\/autobarbosa.com\/fr\/produto\/botas-omp-one-evo-x-r-fia-8856-2018-preto-vermelho-sz-45\/#breadcrumb\"},\"inLanguage\":\"fr-FR\",\"potentialAction\":[{\"@type\":\"ReadAction\",\"target\":[\"https:\/\/autobarbosa.com\/fr\/produto\/botas-omp-one-evo-x-r-fia-8856-2018-preto-vermelho-sz-45\/\"]}]},{\"@type\":\"BreadcrumbList\",\"@id\":\"https:\/\/autobarbosa.com\/fr\/produto\/botas-omp-one-evo-x-r-fia-8856-2018-preto-vermelho-sz-45\/#breadcrumb\",\"itemListElement\":[{\"@type\":\"ListItem\",\"position\":1,\"name\":\"In\u00edcio\",\"item\":\"https:\/\/autobarbosa.com\/fr\/\"},{\"@type\":\"ListItem\",\"position\":2,\"name\":\"Loja\",\"item\":\"https:\/\/autobarbosa.com\/\"},{\"@type\":\"ListItem\",\"position\":3,\"name\":\"BOTAS OMP ONE EVO X R &#8211; FIA 8856-2018 &#8211; PRETO\/ VERMELHO &#8211; SZ 45\"}]},{\"@type\":\"WebSite\",\"@id\":\"https:\/\/autobarbosa.com\/fr\/#website\",\"url\":\"https:\/\/autobarbosa.com\/fr\/\",\"name\":\"Oficina de manuten\u00e7\u00e3o e repara\u00e7\u00e3o de veiculos automoveis em S. Miguel, A\u00e7ores - Auto Barbosa\",\"description\":\"Auto Barbosa\",\"publisher\":{\"@id\":\"https:\/\/autobarbosa.com\/fr\/#organization\"},\"potentialAction\":[{\"@type\":\"SearchAction\",\"target\":{\"@type\":\"EntryPoint\",\"urlTemplate\":\"https:\/\/autobarbosa.com\/fr\/?s={search_term_string}\"},\"query-input\":\"required name=search_term_string\"}],\"inLanguage\":\"fr-FR\"},{\"@type\":\"Organization\",\"@id\":\"https:\/\/autobarbosa.com\/fr\/#organization\",\"name\":\"Oficina de manuten\u00e7\u00e3o e repara\u00e7\u00e3o de veiculos automoveis em S. Miguel, A\u00e7ores - Auto Barbosa\",\"url\":\"https:\/\/autobarbosa.com\/fr\/\",\"logo\":{\"@type\":\"ImageObject\",\"inLanguage\":\"fr-FR\",\"@id\":\"https:\/\/autobarbosa.com\/fr\/#\/schema\/logo\/image\/\",\"url\":\"https:\/\/autobarbosa.com\/wp-content\/uploads\/2023\/03\/AUTO-BARBOSA-LOGO-1-e1678715539111.png\",\"contentUrl\":\"https:\/\/autobarbosa.com\/wp-content\/uploads\/2023\/03\/AUTO-BARBOSA-LOGO-1-e1678715539111.png\",\"width\":3233,\"height\":3233,\"caption\":\"Oficina de manuten\u00e7\u00e3o e repara\u00e7\u00e3o de veiculos automoveis em S. Miguel, A\u00e7ores - Auto Barbosa\"},\"image\":{\"@id\":\"https:\/\/autobarbosa.com\/fr\/#\/schema\/logo\/image\/\"},\"sameAs\":[\"https:\/\/www.facebook.com\/autobarbosaoficina\",\"https:\/\/www.instagram.com\/autobarbosa.oficina\/\"]}]}<\/script>\n<!-- \/ Yoast SEO plugin. -->","yoast_head_json":{"title":"BOTAS OMP ONE EVO X R - FIA 8856-2018 - PRETO\/ VERMELHO - SZ 45 - Oficina de manuten\u00e7\u00e3o e repara\u00e7\u00e3o de veiculos automoveis em S. Miguel, A\u00e7ores - Auto Barbosa","robots":{"index":"index","follow":"follow","max-snippet":"max-snippet:-1","max-image-preview":"max-image-preview:large","max-video-preview":"max-video-preview:-1"},"canonical":"https:\/\/autobarbosa.com\/fr\/produto\/botas-omp-one-evo-x-r-fia-8856-2018-preto-vermelho-sz-45\/","og_locale":"fr_FR","og_type":"article","og_title":"BOTAS OMP ONE EVO X R - FIA 8856-2018 - PRETO\/ VERMELHO - SZ 45 - Oficina de manuten\u00e7\u00e3o e repara\u00e7\u00e3o de veiculos automoveis em S. Miguel, A\u00e7ores - Auto Barbosa","og_description":"Botas OMP One Evo XR FIA 8856-2018  . Homologa\u00e7\u00e3o: FIA 8856-2018. Cores: Branco, preto, amarelo fluorescente, preto\/prata\/vermelho, preto\/prata\/ciano, preto\/prata\/amarelo. Tamanhos dispon\u00edveis: 37 a 48.  Botas profissionais muito leves e confort\u00e1veis. Botas em couro e tecido projetadas para melhor sensibilidade aos pedais. Sistema de fechamento girat\u00f3rio para um ajuste perfeito. Pain\u00e9is laterais perfurados para maior respirabilidade. Calcanhar mais baixo para maior mobilidade do tornozelo. Cano: M\u00e9dio. Fechamento: Cadar\u00e7o. Cabedal: Couro. Refor\u00e7os laterais: Sim. Sola resistente a \u00f3leo: Sim.","og_url":"https:\/\/autobarbosa.com\/fr\/produto\/botas-omp-one-evo-x-r-fia-8856-2018-preto-vermelho-sz-45\/","og_site_name":"Oficina de manuten\u00e7\u00e3o e repara\u00e7\u00e3o de veiculos automoveis em S. Miguel, A\u00e7ores - Auto Barbosa","article_publisher":"https:\/\/www.facebook.com\/autobarbosaoficina","twitter_card":"summary_large_image","schema":{"@context":"https:\/\/schema.org","@graph":[{"@type":"WebPage","@id":"https:\/\/autobarbosa.com\/fr\/produto\/botas-omp-one-evo-x-r-fia-8856-2018-preto-vermelho-sz-45\/","url":"https:\/\/autobarbosa.com\/fr\/produto\/botas-omp-one-evo-x-r-fia-8856-2018-preto-vermelho-sz-45\/","name":"BOTAS OMP ONE EVO X R - FIA 8856-2018 - PRETO\/ VERMELHO - SZ 45 - Oficina de manuten\u00e7\u00e3o e repara\u00e7\u00e3o de veiculos automoveis em S. Miguel, A\u00e7ores - Auto Barbosa","isPartOf":{"@id":"https:\/\/autobarbosa.com\/fr\/#website"},"datePublished":"2026-02-09T08:11:53+00:00","dateModified":"2026-02-09T08:11:53+00:00","breadcrumb":{"@id":"https:\/\/autobarbosa.com\/fr\/produto\/botas-omp-one-evo-x-r-fia-8856-2018-preto-vermelho-sz-45\/#breadcrumb"},"inLanguage":"fr-FR","potentialAction":[{"@type":"ReadAction","target":["https:\/\/autobarbosa.com\/fr\/produto\/botas-omp-one-evo-x-r-fia-8856-2018-preto-vermelho-sz-45\/"]}]},{"@type":"BreadcrumbList","@id":"https:\/\/autobarbosa.com\/fr\/produto\/botas-omp-one-evo-x-r-fia-8856-2018-preto-vermelho-sz-45\/#breadcrumb","itemListElement":[{"@type":"ListItem","position":1,"name":"In\u00edcio","item":"https:\/\/autobarbosa.com\/fr\/"},{"@type":"ListItem","position":2,"name":"Loja","item":"https:\/\/autobarbosa.com\/"},{"@type":"ListItem","position":3,"name":"BOTAS OMP ONE EVO X R &#8211; FIA 8856-2018 &#8211; PRETO\/ VERMELHO &#8211; SZ 45"}]},{"@type":"WebSite","@id":"https:\/\/autobarbosa.com\/fr\/#website","url":"https:\/\/autobarbosa.com\/fr\/","name":"Oficina de manuten\u00e7\u00e3o e repara\u00e7\u00e3o de veiculos automoveis em S. Miguel, A\u00e7ores - Auto Barbosa","description":"Auto Barbosa","publisher":{"@id":"https:\/\/autobarbosa.com\/fr\/#organization"},"potentialAction":[{"@type":"SearchAction","target":{"@type":"EntryPoint","urlTemplate":"https:\/\/autobarbosa.com\/fr\/?s={search_term_string}"},"query-input":"required name=search_term_string"}],"inLanguage":"fr-FR"},{"@type":"Organization","@id":"https:\/\/autobarbosa.com\/fr\/#organization","name":"Oficina de manuten\u00e7\u00e3o e repara\u00e7\u00e3o de veiculos automoveis em S. Miguel, A\u00e7ores - Auto Barbosa","url":"https:\/\/autobarbosa.com\/fr\/","logo":{"@type":"ImageObject","inLanguage":"fr-FR","@id":"https:\/\/autobarbosa.com\/fr\/#\/schema\/logo\/image\/","url":"https:\/\/autobarbosa.com\/wp-content\/uploads\/2023\/03\/AUTO-BARBOSA-LOGO-1-e1678715539111.png","contentUrl":"https:\/\/autobarbosa.com\/wp-content\/uploads\/2023\/03\/AUTO-BARBOSA-LOGO-1-e1678715539111.png","width":3233,"height":3233,"caption":"Oficina de manuten\u00e7\u00e3o e repara\u00e7\u00e3o de veiculos automoveis em S. Miguel, A\u00e7ores - Auto Barbosa"},"image":{"@id":"https:\/\/autobarbosa.com\/fr\/#\/schema\/logo\/image\/"},"sameAs":["https:\/\/www.facebook.com\/autobarbosaoficina","https:\/\/www.instagram.com\/autobarbosa.oficina\/"]}]}},"_links":{"self":[{"href":"https:\/\/autobarbosa.com\/fr\/wp-json\/wp\/v3\/product\/23717","targetHints":{"allow":["GET"]}}],"collection":[{"href":"https:\/\/autobarbosa.com\/fr\/wp-json\/wp\/v3\/product"}],"about":[{"href":"https:\/\/autobarbosa.com\/fr\/wp-json\/wp\/v2\/types\/product"}],"wp:attachment":[{"href":"https:\/\/autobarbosa.com\/fr\/wp-json\/wp\/v2\/media?parent=23717"}],"wp:term":[{"taxonomy":"product_cat","embeddable":true,"href":"https:\/\/autobarbosa.com\/fr\/wp-json\/wp\/v2\/product_cat?post=23717"},{"taxonomy":"product_tag","embeddable":true,"href":"https:\/\/autobarbosa.com\/fr\/wp-json\/wp\/v2\/product_tag?post=23717"},{"taxonomy":"marca","embeddable":true,"href":"https:\/\/autobarbosa.com\/fr\/wp-json\/wp\/v2\/marca?post=23717"}],"curies":[{"name":"wp","href":"https:\/\/api.w.org\/{rel}","templated":true}]}}