{"id":24071,"date":"2026-03-07T19:17:37","date_gmt":"2026-03-07T20:17:37","guid":{"rendered":"https:\/\/autobarbosa.com\/produto\/fato-mecanico-turn-one-size-l\/"},"modified":"2026-03-07T19:17:37","modified_gmt":"2026-03-07T20:17:37","slug":"fato-mecanico-turn-one-size-l","status":"publish","type":"product","link":"https:\/\/autobarbosa.com\/fr\/produto\/fato-mecanico-turn-one-size-l\/","title":{"rendered":"FATO MECANICO TURN ONE SIZE L"},"content":{"rendered":"<p>Fato mec\u00e2nico preto TURN ONE<\/p>\n<p>Fato TURN ONE com um look inspirado nos fatos de piloto!<br \/>\nFeito de um tecido resistente a manchas e lavagens repetidas.<br \/>\nFecho ajust\u00e1vel por sistema de velcro nos tornozelos, cinto.<br \/>\nMangas com refor\u00e7o el\u00e1stico para maior conforto de utiliza\u00e7\u00e3o.<br \/>\nMuitos bolsos grandes, para colocar as suas ferramentas: um posicionado na altura do peito, que pode ser fechado com sistema de arranh\u00e3o e dois grandes bolsos frontais.<br \/>\nAcolchoamento de espuma nos joelhos para grande conforto de uso em todos os tipos de terreno.<\/p>\n<p>Logotipo TURN ONE nas costas.<br \/>\nCor preta.<br \/>\nTecido de alta qualidade. 65% poli\u00e9ster, 35% algod\u00e3o.<br \/>\nN\u00famero de camadas: camada \u00fanica.<br \/>\nTamanhos dispon\u00edveis: de S a XXL.<\/p>\n","protected":false},"excerpt":{"rendered":"<p>Fato mec\u00e2nico preto TURN ONE<\/p>\n<p>Fato TURN ONE com um look inspirado nos fatos de piloto!<br \/>\nFeito de um tecido resistente a manchas e lavagens repetidas.<br \/>\nFecho ajust\u00e1vel por sistema de velcro nos tornozelos, cinto.<br \/>\nMangas com refor\u00e7o el\u00e1stico para maior conforto de utiliza\u00e7\u00e3o.<br \/>\nMuitos bolsos grandes, para colocar as suas ferramentas: um posicionado na altura do peito, que pode ser fechado com sistema de arranh\u00e3o e dois grandes bolsos frontais.<br \/>\nAcolchoamento de espuma nos joelhos para grande conforto de uso em todos os tipos de terreno.<\/p>\n<p>Logotipo TURN ONE nas costas.<br \/>\nCor preta.<br \/>\nTecido de alta qualidade. 65% poli\u00e9ster, 35% algod\u00e3o.<br \/>\nN\u00famero de camadas: camada \u00fanica.<br \/>\nTamanhos dispon\u00edveis: de S a XXL.<\/p>\n","protected":false},"featured_media":0,"template":"","meta":[],"product_cat":[566],"product_tag":[],"marca":[163],"class_list":["post-24071","product","type-product","status-publish","hentry","product_cat-roupa-mecanico","marca-turn-one"],"yoast_head":"<!-- This site is optimized with the Yoast SEO plugin v20.5 - https:\/\/yoast.com\/wordpress\/plugins\/seo\/ -->\n<title>FATO MECANICO TURN ONE SIZE L - Oficina de manuten\u00e7\u00e3o e repara\u00e7\u00e3o de veiculos automoveis em S. Miguel, A\u00e7ores - Auto Barbosa<\/title>\n<meta name=\"robots\" content=\"index, follow, max-snippet:-1, max-image-preview:large, max-video-preview:-1\" \/>\n<link rel=\"canonical\" href=\"https:\/\/autobarbosa.com\/fr\/produto\/fato-mecanico-turn-one-size-l\/\" \/>\n<meta property=\"og:locale\" content=\"fr_FR\" \/>\n<meta property=\"og:type\" content=\"article\" \/>\n<meta property=\"og:title\" content=\"FATO MECANICO TURN ONE SIZE L - Oficina de manuten\u00e7\u00e3o e repara\u00e7\u00e3o de veiculos automoveis em S. Miguel, A\u00e7ores - Auto Barbosa\" \/>\n<meta property=\"og:description\" content=\"Fato mec\u00e2nico preto TURN ONE  Fato TURN ONE com um look inspirado nos fatos de piloto! Feito de um tecido resistente a manchas e lavagens repetidas. Fecho ajust\u00e1vel por sistema de velcro nos tornozelos, cinto. Mangas com refor\u00e7o el\u00e1stico para maior conforto de utiliza\u00e7\u00e3o. Muitos bolsos grandes, para colocar as suas ferramentas: um posicionado na altura do peito, que pode ser fechado com sistema de arranh\u00e3o e dois grandes bolsos frontais. Acolchoamento de espuma nos joelhos para grande conforto de uso em todos os tipos de terreno.  Logotipo TURN ONE nas costas. Cor preta. Tecido de alta qualidade. 65% poli\u00e9ster, 35% algod\u00e3o. N\u00famero de camadas: camada \u00fanica. Tamanhos dispon\u00edveis: de S a XXL.\" \/>\n<meta property=\"og:url\" content=\"https:\/\/autobarbosa.com\/fr\/produto\/fato-mecanico-turn-one-size-l\/\" \/>\n<meta property=\"og:site_name\" content=\"Oficina de manuten\u00e7\u00e3o e repara\u00e7\u00e3o de veiculos automoveis em S. Miguel, A\u00e7ores - Auto Barbosa\" \/>\n<meta property=\"article:publisher\" content=\"https:\/\/www.facebook.com\/autobarbosaoficina\" \/>\n<meta name=\"twitter:card\" content=\"summary_large_image\" \/>\n<meta name=\"twitter:label1\" content=\"Dur\u00e9e de lecture estim\u00e9e\" \/>\n\t<meta name=\"twitter:data1\" content=\"1 minute\" \/>\n<script type=\"application\/ld+json\" class=\"yoast-schema-graph\">{\"@context\":\"https:\/\/schema.org\",\"@graph\":[{\"@type\":\"WebPage\",\"@id\":\"https:\/\/autobarbosa.com\/fr\/produto\/fato-mecanico-turn-one-size-l\/\",\"url\":\"https:\/\/autobarbosa.com\/fr\/produto\/fato-mecanico-turn-one-size-l\/\",\"name\":\"FATO MECANICO TURN ONE SIZE L - Oficina de manuten\u00e7\u00e3o e repara\u00e7\u00e3o de veiculos automoveis em S. Miguel, A\u00e7ores - Auto Barbosa\",\"isPartOf\":{\"@id\":\"https:\/\/autobarbosa.com\/fr\/#website\"},\"datePublished\":\"2026-03-07T20:17:37+00:00\",\"dateModified\":\"2026-03-07T20:17:37+00:00\",\"breadcrumb\":{\"@id\":\"https:\/\/autobarbosa.com\/fr\/produto\/fato-mecanico-turn-one-size-l\/#breadcrumb\"},\"inLanguage\":\"fr-FR\",\"potentialAction\":[{\"@type\":\"ReadAction\",\"target\":[\"https:\/\/autobarbosa.com\/fr\/produto\/fato-mecanico-turn-one-size-l\/\"]}]},{\"@type\":\"BreadcrumbList\",\"@id\":\"https:\/\/autobarbosa.com\/fr\/produto\/fato-mecanico-turn-one-size-l\/#breadcrumb\",\"itemListElement\":[{\"@type\":\"ListItem\",\"position\":1,\"name\":\"In\u00edcio\",\"item\":\"https:\/\/autobarbosa.com\/fr\/\"},{\"@type\":\"ListItem\",\"position\":2,\"name\":\"Loja\",\"item\":\"https:\/\/autobarbosa.com\/\"},{\"@type\":\"ListItem\",\"position\":3,\"name\":\"FATO MECANICO TURN ONE SIZE L\"}]},{\"@type\":\"WebSite\",\"@id\":\"https:\/\/autobarbosa.com\/fr\/#website\",\"url\":\"https:\/\/autobarbosa.com\/fr\/\",\"name\":\"Oficina de manuten\u00e7\u00e3o e repara\u00e7\u00e3o de veiculos automoveis em S. Miguel, A\u00e7ores - Auto Barbosa\",\"description\":\"Auto Barbosa\",\"publisher\":{\"@id\":\"https:\/\/autobarbosa.com\/fr\/#organization\"},\"potentialAction\":[{\"@type\":\"SearchAction\",\"target\":{\"@type\":\"EntryPoint\",\"urlTemplate\":\"https:\/\/autobarbosa.com\/fr\/?s={search_term_string}\"},\"query-input\":\"required name=search_term_string\"}],\"inLanguage\":\"fr-FR\"},{\"@type\":\"Organization\",\"@id\":\"https:\/\/autobarbosa.com\/fr\/#organization\",\"name\":\"Oficina de manuten\u00e7\u00e3o e repara\u00e7\u00e3o de veiculos automoveis em S. Miguel, A\u00e7ores - Auto Barbosa\",\"url\":\"https:\/\/autobarbosa.com\/fr\/\",\"logo\":{\"@type\":\"ImageObject\",\"inLanguage\":\"fr-FR\",\"@id\":\"https:\/\/autobarbosa.com\/fr\/#\/schema\/logo\/image\/\",\"url\":\"https:\/\/autobarbosa.com\/wp-content\/uploads\/2023\/03\/AUTO-BARBOSA-LOGO-1-e1678715539111.png\",\"contentUrl\":\"https:\/\/autobarbosa.com\/wp-content\/uploads\/2023\/03\/AUTO-BARBOSA-LOGO-1-e1678715539111.png\",\"width\":3233,\"height\":3233,\"caption\":\"Oficina de manuten\u00e7\u00e3o e repara\u00e7\u00e3o de veiculos automoveis em S. Miguel, A\u00e7ores - Auto Barbosa\"},\"image\":{\"@id\":\"https:\/\/autobarbosa.com\/fr\/#\/schema\/logo\/image\/\"},\"sameAs\":[\"https:\/\/www.facebook.com\/autobarbosaoficina\",\"https:\/\/www.instagram.com\/autobarbosa.oficina\/\"]}]}<\/script>\n<!-- \/ Yoast SEO plugin. -->","yoast_head_json":{"title":"FATO MECANICO TURN ONE SIZE L - Oficina de manuten\u00e7\u00e3o e repara\u00e7\u00e3o de veiculos automoveis em S. Miguel, A\u00e7ores - Auto Barbosa","robots":{"index":"index","follow":"follow","max-snippet":"max-snippet:-1","max-image-preview":"max-image-preview:large","max-video-preview":"max-video-preview:-1"},"canonical":"https:\/\/autobarbosa.com\/fr\/produto\/fato-mecanico-turn-one-size-l\/","og_locale":"fr_FR","og_type":"article","og_title":"FATO MECANICO TURN ONE SIZE L - Oficina de manuten\u00e7\u00e3o e repara\u00e7\u00e3o de veiculos automoveis em S. Miguel, A\u00e7ores - Auto Barbosa","og_description":"Fato mec\u00e2nico preto TURN ONE  Fato TURN ONE com um look inspirado nos fatos de piloto! Feito de um tecido resistente a manchas e lavagens repetidas. Fecho ajust\u00e1vel por sistema de velcro nos tornozelos, cinto. Mangas com refor\u00e7o el\u00e1stico para maior conforto de utiliza\u00e7\u00e3o. Muitos bolsos grandes, para colocar as suas ferramentas: um posicionado na altura do peito, que pode ser fechado com sistema de arranh\u00e3o e dois grandes bolsos frontais. Acolchoamento de espuma nos joelhos para grande conforto de uso em todos os tipos de terreno.  Logotipo TURN ONE nas costas. Cor preta. Tecido de alta qualidade. 65% poli\u00e9ster, 35% algod\u00e3o. N\u00famero de camadas: camada \u00fanica. Tamanhos dispon\u00edveis: de S a XXL.","og_url":"https:\/\/autobarbosa.com\/fr\/produto\/fato-mecanico-turn-one-size-l\/","og_site_name":"Oficina de manuten\u00e7\u00e3o e repara\u00e7\u00e3o de veiculos automoveis em S. Miguel, A\u00e7ores - Auto Barbosa","article_publisher":"https:\/\/www.facebook.com\/autobarbosaoficina","twitter_card":"summary_large_image","twitter_misc":{"Dur\u00e9e de lecture estim\u00e9e":"1 minute"},"schema":{"@context":"https:\/\/schema.org","@graph":[{"@type":"WebPage","@id":"https:\/\/autobarbosa.com\/fr\/produto\/fato-mecanico-turn-one-size-l\/","url":"https:\/\/autobarbosa.com\/fr\/produto\/fato-mecanico-turn-one-size-l\/","name":"FATO MECANICO TURN ONE SIZE L - Oficina de manuten\u00e7\u00e3o e repara\u00e7\u00e3o de veiculos automoveis em S. Miguel, A\u00e7ores - Auto Barbosa","isPartOf":{"@id":"https:\/\/autobarbosa.com\/fr\/#website"},"datePublished":"2026-03-07T20:17:37+00:00","dateModified":"2026-03-07T20:17:37+00:00","breadcrumb":{"@id":"https:\/\/autobarbosa.com\/fr\/produto\/fato-mecanico-turn-one-size-l\/#breadcrumb"},"inLanguage":"fr-FR","potentialAction":[{"@type":"ReadAction","target":["https:\/\/autobarbosa.com\/fr\/produto\/fato-mecanico-turn-one-size-l\/"]}]},{"@type":"BreadcrumbList","@id":"https:\/\/autobarbosa.com\/fr\/produto\/fato-mecanico-turn-one-size-l\/#breadcrumb","itemListElement":[{"@type":"ListItem","position":1,"name":"In\u00edcio","item":"https:\/\/autobarbosa.com\/fr\/"},{"@type":"ListItem","position":2,"name":"Loja","item":"https:\/\/autobarbosa.com\/"},{"@type":"ListItem","position":3,"name":"FATO MECANICO TURN ONE SIZE L"}]},{"@type":"WebSite","@id":"https:\/\/autobarbosa.com\/fr\/#website","url":"https:\/\/autobarbosa.com\/fr\/","name":"Oficina de manuten\u00e7\u00e3o e repara\u00e7\u00e3o de veiculos automoveis em S. Miguel, A\u00e7ores - Auto Barbosa","description":"Auto Barbosa","publisher":{"@id":"https:\/\/autobarbosa.com\/fr\/#organization"},"potentialAction":[{"@type":"SearchAction","target":{"@type":"EntryPoint","urlTemplate":"https:\/\/autobarbosa.com\/fr\/?s={search_term_string}"},"query-input":"required name=search_term_string"}],"inLanguage":"fr-FR"},{"@type":"Organization","@id":"https:\/\/autobarbosa.com\/fr\/#organization","name":"Oficina de manuten\u00e7\u00e3o e repara\u00e7\u00e3o de veiculos automoveis em S. Miguel, A\u00e7ores - Auto Barbosa","url":"https:\/\/autobarbosa.com\/fr\/","logo":{"@type":"ImageObject","inLanguage":"fr-FR","@id":"https:\/\/autobarbosa.com\/fr\/#\/schema\/logo\/image\/","url":"https:\/\/autobarbosa.com\/wp-content\/uploads\/2023\/03\/AUTO-BARBOSA-LOGO-1-e1678715539111.png","contentUrl":"https:\/\/autobarbosa.com\/wp-content\/uploads\/2023\/03\/AUTO-BARBOSA-LOGO-1-e1678715539111.png","width":3233,"height":3233,"caption":"Oficina de manuten\u00e7\u00e3o e repara\u00e7\u00e3o de veiculos automoveis em S. Miguel, A\u00e7ores - Auto Barbosa"},"image":{"@id":"https:\/\/autobarbosa.com\/fr\/#\/schema\/logo\/image\/"},"sameAs":["https:\/\/www.facebook.com\/autobarbosaoficina","https:\/\/www.instagram.com\/autobarbosa.oficina\/"]}]}},"_links":{"self":[{"href":"https:\/\/autobarbosa.com\/fr\/wp-json\/wp\/v3\/product\/24071","targetHints":{"allow":["GET"]}}],"collection":[{"href":"https:\/\/autobarbosa.com\/fr\/wp-json\/wp\/v3\/product"}],"about":[{"href":"https:\/\/autobarbosa.com\/fr\/wp-json\/wp\/v2\/types\/product"}],"wp:attachment":[{"href":"https:\/\/autobarbosa.com\/fr\/wp-json\/wp\/v2\/media?parent=24071"}],"wp:term":[{"taxonomy":"product_cat","embeddable":true,"href":"https:\/\/autobarbosa.com\/fr\/wp-json\/wp\/v2\/product_cat?post=24071"},{"taxonomy":"product_tag","embeddable":true,"href":"https:\/\/autobarbosa.com\/fr\/wp-json\/wp\/v2\/product_tag?post=24071"},{"taxonomy":"marca","embeddable":true,"href":"https:\/\/autobarbosa.com\/fr\/wp-json\/wp\/v2\/marca?post=24071"}],"curies":[{"name":"wp","href":"https:\/\/api.w.org\/{rel}","templated":true}]}}