{"id":24121,"date":"2026-03-20T19:11:53","date_gmt":"2026-03-20T20:11:53","guid":{"rendered":"https:\/\/autobarbosa.com\/produto\/baquet-omp-hte-r-400-fia-8855-1999\/"},"modified":"2026-04-17T07:12:33","modified_gmt":"2026-04-17T07:12:33","slug":"baquet-omp-hte-r-400-fia-8855-1999","status":"publish","type":"product","link":"https:\/\/autobarbosa.com\/fr\/produto\/baquet-omp-hte-r-400-fia-8855-1999\/","title":{"rendered":"BAQUET OMP HTE-R 400 FIA 8855-1999"},"content":{"rendered":"<p>Baquet FIA OMP HTE-R 400<\/p>\n<p>Version HTE-R 400 con\u00e7ue pour les v\u00e9hicules offrant peu d\u2019espace au niveau de la t\u00eate du pilote.<br \/>\nRev\u00eatement AIRNET hautement respirant.<br \/>\nC\u00f4t\u00e9s hauts pour un meilleur maintien lat\u00e9ral des jambes.<br \/>\nCoussins amovibles.<br \/>\nCoussin sous-cuisses fendu et ergonomique.<\/p>\n<p>Sp\u00e9cifications:<br \/>\n&#8211; Homologation FIA 8855-1999.<br \/>\n&#8211; Structure en fibre de verre.<br \/>\n&#8211; Fixations lat\u00e9rales entraxe 289mm.<br \/>\n&#8211; 5 passages de harnais.<br \/>\n&#8211; Baquet avec oreilles.<br \/>\n&#8211; Rev\u00eatement: Airnet.<br \/>\n&#8211; Taille constructeur: Unique.<\/p>\n<p>Dimensions:<br \/>\n&#8211; Largeur totale: 560 mm.<br \/>\n&#8211; Hauteur totale: 880 mm.<br \/>\n&#8211; Largeur exterieure de l&#8217;assise: 515 mm.<br \/>\n&#8211; Largeur int\u00e9rieure de l&#8217;assise: 390 mm.<br \/>\n&#8211; Ecart des fixations lat\u00e9rales: 420 mm.<br \/>\n&#8211; Poids total: 9,8 kg.<\/p>\n","protected":false},"excerpt":{"rendered":"<p>Baquet FIA OMP HTE-R 400<\/p>\n<p>Version HTE-R 400 con\u00e7ue pour les v\u00e9hicules offrant peu d\u2019espace au niveau de la t\u00eate du pilote.<br \/>\nRev\u00eatement AIRNET hautement respirant.<br \/>\nC\u00f4t\u00e9s hauts pour un meilleur maintien lat\u00e9ral des jambes.<br \/>\nCoussins amovibles.<br \/>\nCoussin sous-cuisses fendu et ergonomique.<\/p>\n<p>Sp\u00e9cifications:<br \/>\n&#8211; Homologation FIA 8855-1999.<br \/>\n&#8211; Structure en fibre de verre.<br \/>\n&#8211; Fixations lat\u00e9rales entraxe 289mm.<br \/>\n&#8211; 5 passages de harnais.<br \/>\n&#8211; Baquet avec oreilles.<br \/>\n&#8211; Rev\u00eatement: Airnet.<br \/>\n&#8211; Taille constructeur: Unique.<\/p>\n<p>Dimensions:<br \/>\n&#8211; Largeur totale: 560 mm.<br \/>\n&#8211; Hauteur totale: 880 mm.<br \/>\n&#8211; Largeur exterieure de l&#8217;assise: 515 mm.<br \/>\n&#8211; Largeur int\u00e9rieure de l&#8217;assise: 390 mm.<br \/>\n&#8211; Ecart des fixations lat\u00e9rales: 420 mm.<br \/>\n&#8211; Poids total: 9,8 kg.<\/p>\n","protected":false},"featured_media":24117,"template":"","meta":[],"product_cat":[557],"product_tag":[],"marca":[171],"class_list":["post-24121","product","type-product","status-publish","has-post-thumbnail","hentry","product_cat-baquets","marca-omp"],"yoast_head":"<!-- This site is optimized with the Yoast SEO plugin v20.5 - https:\/\/yoast.com\/wordpress\/plugins\/seo\/ -->\n<title>BAQUET OMP HTE-R 400 FIA 8855-1999 - Oficina de manuten\u00e7\u00e3o e repara\u00e7\u00e3o de veiculos automoveis em S. Miguel, A\u00e7ores - Auto Barbosa<\/title>\n<meta name=\"robots\" content=\"index, follow, max-snippet:-1, max-image-preview:large, max-video-preview:-1\" \/>\n<link rel=\"canonical\" href=\"https:\/\/autobarbosa.com\/fr\/produto\/baquet-omp-hte-r-400-fia-8855-1999\/\" \/>\n<meta property=\"og:locale\" content=\"fr_FR\" \/>\n<meta property=\"og:type\" content=\"article\" \/>\n<meta property=\"og:title\" content=\"BAQUET OMP HTE-R 400 FIA 8855-1999 - Oficina de manuten\u00e7\u00e3o e repara\u00e7\u00e3o de veiculos automoveis em S. Miguel, A\u00e7ores - Auto Barbosa\" \/>\n<meta property=\"og:description\" content=\"Baquet FIA OMP HTE-R 400   Version HTE-R 400 con\u00e7ue pour les v\u00e9hicules offrant peu d\u2019espace au niveau de la t\u00eate du pilote. Rev\u00eatement AIRNET hautement respirant. C\u00f4t\u00e9s hauts pour un meilleur maintien lat\u00e9ral des jambes. Coussins amovibles. Coussin sous-cuisses fendu et ergonomique.  Sp\u00e9cifications: - Homologation FIA 8855-1999. - Structure en fibre de verre. - Fixations lat\u00e9rales entraxe 289mm. - 5 passages de harnais. - Baquet avec oreilles. - Rev\u00eatement: Airnet. - Taille constructeur: Unique.  Dimensions: - Largeur totale: 560 mm. - Hauteur totale: 880 mm. - Largeur exterieure de l&#039;assise: 515 mm. - Largeur int\u00e9rieure de l&#039;assise: 390 mm. - Ecart des fixations lat\u00e9rales: 420 mm. - Poids total: 9,8 kg.\" \/>\n<meta property=\"og:url\" content=\"https:\/\/autobarbosa.com\/fr\/produto\/baquet-omp-hte-r-400-fia-8855-1999\/\" \/>\n<meta property=\"og:site_name\" content=\"Oficina de manuten\u00e7\u00e3o e repara\u00e7\u00e3o de veiculos automoveis em S. Miguel, A\u00e7ores - Auto Barbosa\" \/>\n<meta property=\"article:publisher\" content=\"https:\/\/www.facebook.com\/autobarbosaoficina\" \/>\n<meta property=\"article:modified_time\" content=\"2026-04-17T07:12:33+00:00\" \/>\n<meta property=\"og:image\" content=\"https:\/\/autobarbosa.com\/wp-content\/uploads\/2026\/03\/8ompha780en.png\" \/>\n\t<meta property=\"og:image:width\" content=\"800\" \/>\n\t<meta property=\"og:image:height\" content=\"800\" \/>\n\t<meta property=\"og:image:type\" content=\"image\/png\" \/>\n<meta name=\"twitter:card\" content=\"summary_large_image\" \/>\n<meta name=\"twitter:label1\" content=\"Dur\u00e9e de lecture estim\u00e9e\" \/>\n\t<meta name=\"twitter:data1\" content=\"1 minute\" \/>\n<script type=\"application\/ld+json\" class=\"yoast-schema-graph\">{\"@context\":\"https:\/\/schema.org\",\"@graph\":[{\"@type\":\"WebPage\",\"@id\":\"https:\/\/autobarbosa.com\/fr\/produto\/baquet-omp-hte-r-400-fia-8855-1999\/\",\"url\":\"https:\/\/autobarbosa.com\/fr\/produto\/baquet-omp-hte-r-400-fia-8855-1999\/\",\"name\":\"BAQUET OMP HTE-R 400 FIA 8855-1999 - Oficina de manuten\u00e7\u00e3o e repara\u00e7\u00e3o de veiculos automoveis em S. Miguel, A\u00e7ores - Auto Barbosa\",\"isPartOf\":{\"@id\":\"https:\/\/autobarbosa.com\/fr\/#website\"},\"datePublished\":\"2026-03-20T20:11:53+00:00\",\"dateModified\":\"2026-04-17T07:12:33+00:00\",\"breadcrumb\":{\"@id\":\"https:\/\/autobarbosa.com\/fr\/produto\/baquet-omp-hte-r-400-fia-8855-1999\/#breadcrumb\"},\"inLanguage\":\"fr-FR\",\"potentialAction\":[{\"@type\":\"ReadAction\",\"target\":[\"https:\/\/autobarbosa.com\/fr\/produto\/baquet-omp-hte-r-400-fia-8855-1999\/\"]}]},{\"@type\":\"BreadcrumbList\",\"@id\":\"https:\/\/autobarbosa.com\/fr\/produto\/baquet-omp-hte-r-400-fia-8855-1999\/#breadcrumb\",\"itemListElement\":[{\"@type\":\"ListItem\",\"position\":1,\"name\":\"In\u00edcio\",\"item\":\"https:\/\/autobarbosa.com\/fr\/\"},{\"@type\":\"ListItem\",\"position\":2,\"name\":\"Loja\",\"item\":\"https:\/\/autobarbosa.com\/\"},{\"@type\":\"ListItem\",\"position\":3,\"name\":\"BAQUET OMP HTE-R 400 FIA 8855-1999\"}]},{\"@type\":\"WebSite\",\"@id\":\"https:\/\/autobarbosa.com\/fr\/#website\",\"url\":\"https:\/\/autobarbosa.com\/fr\/\",\"name\":\"Oficina de manuten\u00e7\u00e3o e repara\u00e7\u00e3o de veiculos automoveis em S. Miguel, A\u00e7ores - Auto Barbosa\",\"description\":\"Auto Barbosa\",\"publisher\":{\"@id\":\"https:\/\/autobarbosa.com\/fr\/#organization\"},\"potentialAction\":[{\"@type\":\"SearchAction\",\"target\":{\"@type\":\"EntryPoint\",\"urlTemplate\":\"https:\/\/autobarbosa.com\/fr\/?s={search_term_string}\"},\"query-input\":\"required name=search_term_string\"}],\"inLanguage\":\"fr-FR\"},{\"@type\":\"Organization\",\"@id\":\"https:\/\/autobarbosa.com\/fr\/#organization\",\"name\":\"Oficina de manuten\u00e7\u00e3o e repara\u00e7\u00e3o de veiculos automoveis em S. Miguel, A\u00e7ores - Auto Barbosa\",\"url\":\"https:\/\/autobarbosa.com\/fr\/\",\"logo\":{\"@type\":\"ImageObject\",\"inLanguage\":\"fr-FR\",\"@id\":\"https:\/\/autobarbosa.com\/fr\/#\/schema\/logo\/image\/\",\"url\":\"https:\/\/autobarbosa.com\/wp-content\/uploads\/2023\/03\/AUTO-BARBOSA-LOGO-1-e1678715539111.png\",\"contentUrl\":\"https:\/\/autobarbosa.com\/wp-content\/uploads\/2023\/03\/AUTO-BARBOSA-LOGO-1-e1678715539111.png\",\"width\":3233,\"height\":3233,\"caption\":\"Oficina de manuten\u00e7\u00e3o e repara\u00e7\u00e3o de veiculos automoveis em S. Miguel, A\u00e7ores - Auto Barbosa\"},\"image\":{\"@id\":\"https:\/\/autobarbosa.com\/fr\/#\/schema\/logo\/image\/\"},\"sameAs\":[\"https:\/\/www.facebook.com\/autobarbosaoficina\",\"https:\/\/www.instagram.com\/autobarbosa.oficina\/\"]}]}<\/script>\n<!-- \/ Yoast SEO plugin. -->","yoast_head_json":{"title":"BAQUET OMP HTE-R 400 FIA 8855-1999 - Oficina de manuten\u00e7\u00e3o e repara\u00e7\u00e3o de veiculos automoveis em S. Miguel, A\u00e7ores - Auto Barbosa","robots":{"index":"index","follow":"follow","max-snippet":"max-snippet:-1","max-image-preview":"max-image-preview:large","max-video-preview":"max-video-preview:-1"},"canonical":"https:\/\/autobarbosa.com\/fr\/produto\/baquet-omp-hte-r-400-fia-8855-1999\/","og_locale":"fr_FR","og_type":"article","og_title":"BAQUET OMP HTE-R 400 FIA 8855-1999 - Oficina de manuten\u00e7\u00e3o e repara\u00e7\u00e3o de veiculos automoveis em S. Miguel, A\u00e7ores - Auto Barbosa","og_description":"Baquet FIA OMP HTE-R 400   Version HTE-R 400 con\u00e7ue pour les v\u00e9hicules offrant peu d\u2019espace au niveau de la t\u00eate du pilote. Rev\u00eatement AIRNET hautement respirant. C\u00f4t\u00e9s hauts pour un meilleur maintien lat\u00e9ral des jambes. Coussins amovibles. Coussin sous-cuisses fendu et ergonomique.  Sp\u00e9cifications: - Homologation FIA 8855-1999. - Structure en fibre de verre. - Fixations lat\u00e9rales entraxe 289mm. - 5 passages de harnais. - Baquet avec oreilles. - Rev\u00eatement: Airnet. - Taille constructeur: Unique.  Dimensions: - Largeur totale: 560 mm. - Hauteur totale: 880 mm. - Largeur exterieure de l'assise: 515 mm. - Largeur int\u00e9rieure de l'assise: 390 mm. - Ecart des fixations lat\u00e9rales: 420 mm. - Poids total: 9,8 kg.","og_url":"https:\/\/autobarbosa.com\/fr\/produto\/baquet-omp-hte-r-400-fia-8855-1999\/","og_site_name":"Oficina de manuten\u00e7\u00e3o e repara\u00e7\u00e3o de veiculos automoveis em S. Miguel, A\u00e7ores - Auto Barbosa","article_publisher":"https:\/\/www.facebook.com\/autobarbosaoficina","article_modified_time":"2026-04-17T07:12:33+00:00","og_image":[{"width":800,"height":800,"url":"https:\/\/autobarbosa.com\/wp-content\/uploads\/2026\/03\/8ompha780en.png","type":"image\/png"}],"twitter_card":"summary_large_image","twitter_misc":{"Dur\u00e9e de lecture estim\u00e9e":"1 minute"},"schema":{"@context":"https:\/\/schema.org","@graph":[{"@type":"WebPage","@id":"https:\/\/autobarbosa.com\/fr\/produto\/baquet-omp-hte-r-400-fia-8855-1999\/","url":"https:\/\/autobarbosa.com\/fr\/produto\/baquet-omp-hte-r-400-fia-8855-1999\/","name":"BAQUET OMP HTE-R 400 FIA 8855-1999 - Oficina de manuten\u00e7\u00e3o e repara\u00e7\u00e3o de veiculos automoveis em S. Miguel, A\u00e7ores - Auto Barbosa","isPartOf":{"@id":"https:\/\/autobarbosa.com\/fr\/#website"},"datePublished":"2026-03-20T20:11:53+00:00","dateModified":"2026-04-17T07:12:33+00:00","breadcrumb":{"@id":"https:\/\/autobarbosa.com\/fr\/produto\/baquet-omp-hte-r-400-fia-8855-1999\/#breadcrumb"},"inLanguage":"fr-FR","potentialAction":[{"@type":"ReadAction","target":["https:\/\/autobarbosa.com\/fr\/produto\/baquet-omp-hte-r-400-fia-8855-1999\/"]}]},{"@type":"BreadcrumbList","@id":"https:\/\/autobarbosa.com\/fr\/produto\/baquet-omp-hte-r-400-fia-8855-1999\/#breadcrumb","itemListElement":[{"@type":"ListItem","position":1,"name":"In\u00edcio","item":"https:\/\/autobarbosa.com\/fr\/"},{"@type":"ListItem","position":2,"name":"Loja","item":"https:\/\/autobarbosa.com\/"},{"@type":"ListItem","position":3,"name":"BAQUET OMP HTE-R 400 FIA 8855-1999"}]},{"@type":"WebSite","@id":"https:\/\/autobarbosa.com\/fr\/#website","url":"https:\/\/autobarbosa.com\/fr\/","name":"Oficina de manuten\u00e7\u00e3o e repara\u00e7\u00e3o de veiculos automoveis em S. Miguel, A\u00e7ores - Auto Barbosa","description":"Auto Barbosa","publisher":{"@id":"https:\/\/autobarbosa.com\/fr\/#organization"},"potentialAction":[{"@type":"SearchAction","target":{"@type":"EntryPoint","urlTemplate":"https:\/\/autobarbosa.com\/fr\/?s={search_term_string}"},"query-input":"required name=search_term_string"}],"inLanguage":"fr-FR"},{"@type":"Organization","@id":"https:\/\/autobarbosa.com\/fr\/#organization","name":"Oficina de manuten\u00e7\u00e3o e repara\u00e7\u00e3o de veiculos automoveis em S. Miguel, A\u00e7ores - Auto Barbosa","url":"https:\/\/autobarbosa.com\/fr\/","logo":{"@type":"ImageObject","inLanguage":"fr-FR","@id":"https:\/\/autobarbosa.com\/fr\/#\/schema\/logo\/image\/","url":"https:\/\/autobarbosa.com\/wp-content\/uploads\/2023\/03\/AUTO-BARBOSA-LOGO-1-e1678715539111.png","contentUrl":"https:\/\/autobarbosa.com\/wp-content\/uploads\/2023\/03\/AUTO-BARBOSA-LOGO-1-e1678715539111.png","width":3233,"height":3233,"caption":"Oficina de manuten\u00e7\u00e3o e repara\u00e7\u00e3o de veiculos automoveis em S. Miguel, A\u00e7ores - Auto Barbosa"},"image":{"@id":"https:\/\/autobarbosa.com\/fr\/#\/schema\/logo\/image\/"},"sameAs":["https:\/\/www.facebook.com\/autobarbosaoficina","https:\/\/www.instagram.com\/autobarbosa.oficina\/"]}]}},"_links":{"self":[{"href":"https:\/\/autobarbosa.com\/fr\/wp-json\/wp\/v3\/product\/24121","targetHints":{"allow":["GET"]}}],"collection":[{"href":"https:\/\/autobarbosa.com\/fr\/wp-json\/wp\/v3\/product"}],"about":[{"href":"https:\/\/autobarbosa.com\/fr\/wp-json\/wp\/v2\/types\/product"}],"wp:featuredmedia":[{"embeddable":true,"href":"https:\/\/autobarbosa.com\/fr\/wp-json\/wp\/v2\/media\/24117"}],"wp:attachment":[{"href":"https:\/\/autobarbosa.com\/fr\/wp-json\/wp\/v2\/media?parent=24121"}],"wp:term":[{"taxonomy":"product_cat","embeddable":true,"href":"https:\/\/autobarbosa.com\/fr\/wp-json\/wp\/v2\/product_cat?post=24121"},{"taxonomy":"product_tag","embeddable":true,"href":"https:\/\/autobarbosa.com\/fr\/wp-json\/wp\/v2\/product_tag?post=24121"},{"taxonomy":"marca","embeddable":true,"href":"https:\/\/autobarbosa.com\/fr\/wp-json\/wp\/v2\/marca?post=24121"}],"curies":[{"name":"wp","href":"https:\/\/api.w.org\/{rel}","templated":true}]}}